{"id":17515,"date":"2019-10-28T18:48:22","date_gmt":"2019-10-28T17:48:22","guid":{"rendered":"https:\/\/www.eliassen.nl\/?product=rodara-gartenmoebel"},"modified":"2024-12-05T15:27:09","modified_gmt":"2024-12-05T14:27:09","slug":"gartenset-rodara-tisch","status":"publish","type":"product","link":"https:\/\/dev.eliassen.nl\/de\/product\/gartenset-rodara-tisch\/","title":{"rendered":"Gartenset Rodara Tisch"},"content":{"rendered":"<p>Wollen Sie wirklich etwas Einzigartiges in Ihrem Garten, Haus oder Gesch\u00e4ft und m\u00f6chten Sie einen Beitrag zur Nachhaltigkeit leisten und deshalb auch Recycling betreiben, dann ist dieses Set wirklich etwas f\u00fcr Sie!<br \/>Dieses Set besteht aus 2 St\u00fchlen und einem Tisch und besteht aus gebrauchten Autoreifen und \u00d6lf\u00e4ssern! Die Reifen werden beschichtet, damit sie nicht mehr absplittern. Die St\u00fchle haben einen unerwartet gut federnden Sitz, die Sitzfl\u00e4che ist aus Reifen mit Altgummi zu einer geschmeidigen Sitzfl\u00e4che geflochten. Das Gestell und die R\u00fcckenlehnen der St\u00fchle sind aus Holz. Schutzkappen f\u00fcr Ihren Boden sind montiert. Die Tischfl\u00e4che betr\u00e4gt ca. 80x60cm<\/p>\n","protected":false},"excerpt":{"rendered":"<p>Wollen Sie wirklich etwas Einzigartiges in Ihrem Garten, Haus oder Gesch\u00e4ft und m\u00f6chten Sie einen Beitrag zur Nachhaltigkeit leisten und deshalb auch Recycling betreiben, dann ist dieses Set wirklich etwas f\u00fcr Sie!Dieses Set besteht aus 2 St\u00fchlen und einem Tisch und besteht aus gebrauchten Autoreifen und \u00d6lf\u00e4ssern! Die Reifen werden beschichtet, damit sie nicht mehr &hellip;<\/p>\n","protected":false},"featured_media":17497,"template":"","meta":{"_acf_changed":false},"product_brand":[6916],"product_cat":[761,752],"product_tag":[],"class_list":{"0":"post-17515","1":"product","2":"type-product","3":"status-publish","4":"has-post-thumbnail","6":"product_brand-eliassen-de","7":"product_cat-gartenmoebel","8":"product_cat-weitere-artikel","10":"first","11":"instock","12":"sale","13":"taxable","14":"shipping-taxable","15":"purchasable","16":"product-type-simple"},"acf":[],"yoast_head":"<!-- This site is optimized with the Yoast SEO plugin v23.8 - https:\/\/yoast.com\/wordpress\/plugins\/seo\/ -->\n<title>Gartenset Rodara Tisch<\/title>\n<meta name=\"description\" content=\"Bij Eliassen koopt u Tuinset Rodara tafel online of live te bekijken in de showroom. Wij hebben de mooiste tuin overig, tuinmeubelen\" \/>\n<meta name=\"robots\" content=\"noindex, follow, max-snippet:-1, max-image-preview:large, max-video-preview:-1\" \/>\n<meta property=\"og:locale\" content=\"de_DE\" \/>\n<meta property=\"og:type\" content=\"article\" \/>\n<meta property=\"og:title\" content=\"Gartenset Rodara Tisch\" \/>\n<meta property=\"og:description\" content=\"Bij Eliassen koopt u Tuinset Rodara tafel online of live te bekijken in de showroom. Wij hebben de mooiste tuin overig, tuinmeubelen\" \/>\n<meta property=\"og:url\" content=\"https:\/\/dev.eliassen.nl\/de\/product\/gartenset-rodara-tisch\/\" \/>\n<meta property=\"og:site_name\" content=\"Eliassen.nl\" \/>\n<meta property=\"article:publisher\" content=\"https:\/\/www.facebook.com\/TuincentrumEliassenAmmerzoden\" \/>\n<meta property=\"article:modified_time\" content=\"2024-12-05T14:27:09+00:00\" \/>\n<meta property=\"og:image\" content=\"https:\/\/dev.eliassen.nl\/wp-content\/uploads\/2024\/01\/20160420110146.jpg\" \/>\n\t<meta property=\"og:image:width\" content=\"1024\" \/>\n\t<meta property=\"og:image:height\" content=\"485\" \/>\n\t<meta property=\"og:image:type\" content=\"image\/jpeg\" \/>\n<meta name=\"twitter:card\" content=\"summary_large_image\" \/>\n<script type=\"application\/ld+json\" class=\"yoast-schema-graph\">{\"@context\":\"https:\/\/schema.org\",\"@graph\":[{\"@type\":\"WebPage\",\"@id\":\"https:\/\/dev.eliassen.nl\/de\/product\/gartenset-rodara-tisch\/\",\"url\":\"https:\/\/dev.eliassen.nl\/de\/product\/gartenset-rodara-tisch\/\",\"name\":\"Gartenset Rodara Tisch\",\"isPartOf\":{\"@id\":\"https:\/\/dev.eliassen.nl\/de\/#website\"},\"primaryImageOfPage\":{\"@id\":\"https:\/\/dev.eliassen.nl\/de\/product\/gartenset-rodara-tisch\/#primaryimage\"},\"image\":{\"@id\":\"https:\/\/dev.eliassen.nl\/de\/product\/gartenset-rodara-tisch\/#primaryimage\"},\"thumbnailUrl\":\"https:\/\/dev.eliassen.nl\/wp-content\/uploads\/2024\/01\/20160420110146.jpg\",\"datePublished\":\"2019-10-28T17:48:22+00:00\",\"dateModified\":\"2024-12-05T14:27:09+00:00\",\"description\":\"Bij Eliassen koopt u Tuinset Rodara tafel online of live te bekijken in de showroom. Wij hebben de mooiste tuin overig, tuinmeubelen\",\"breadcrumb\":{\"@id\":\"https:\/\/dev.eliassen.nl\/de\/product\/gartenset-rodara-tisch\/#breadcrumb\"},\"inLanguage\":\"de\",\"potentialAction\":[{\"@type\":\"ReadAction\",\"target\":[\"https:\/\/dev.eliassen.nl\/de\/product\/gartenset-rodara-tisch\/\"]}]},{\"@type\":\"ImageObject\",\"inLanguage\":\"de\",\"@id\":\"https:\/\/dev.eliassen.nl\/de\/product\/gartenset-rodara-tisch\/#primaryimage\",\"url\":\"https:\/\/dev.eliassen.nl\/wp-content\/uploads\/2024\/01\/20160420110146.jpg\",\"contentUrl\":\"https:\/\/dev.eliassen.nl\/wp-content\/uploads\/2024\/01\/20160420110146.jpg\",\"width\":1024,\"height\":485,\"caption\":\"20160420-110146\"},{\"@type\":\"BreadcrumbList\",\"@id\":\"https:\/\/dev.eliassen.nl\/de\/product\/gartenset-rodara-tisch\/#breadcrumb\",\"itemListElement\":[{\"@type\":\"ListItem\",\"position\":1,\"name\":\"Home\",\"item\":\"https:\/\/dev.eliassen.nl\/de\/\"},{\"@type\":\"ListItem\",\"position\":2,\"name\":\"Shop\",\"item\":\"https:\/\/dev.eliassen.nl\/nl\/winkel\/\"},{\"@type\":\"ListItem\",\"position\":3,\"name\":\"Weitere Artikel\",\"item\":\"https:\/\/dev.eliassen.nl\/de\/weitere-artikel\/\"},{\"@type\":\"ListItem\",\"position\":4,\"name\":\"Gartenm\u00f6bel\",\"item\":\"https:\/\/dev.eliassen.nl\/de\/garten-andere\/gartenmoebel\/\"},{\"@type\":\"ListItem\",\"position\":5,\"name\":\"Gartenset Rodara Tisch\"}]},{\"@type\":\"WebSite\",\"@id\":\"https:\/\/dev.eliassen.nl\/de\/#website\",\"url\":\"https:\/\/dev.eliassen.nl\/de\/\",\"name\":\"Eliassen Home & Garden Pleasure\",\"description\":\"\",\"publisher\":{\"@id\":\"https:\/\/dev.eliassen.nl\/de\/#organization\"},\"alternateName\":\"Eliassen.nl\",\"potentialAction\":[{\"@type\":\"SearchAction\",\"target\":{\"@type\":\"EntryPoint\",\"urlTemplate\":\"https:\/\/dev.eliassen.nl\/de\/?s={search_term_string}\"},\"query-input\":{\"@type\":\"PropertyValueSpecification\",\"valueRequired\":true,\"valueName\":\"search_term_string\"}}],\"inLanguage\":\"de\"},{\"@type\":\"Organization\",\"@id\":\"https:\/\/dev.eliassen.nl\/de\/#organization\",\"name\":\"Eliassen Home & Garden Pleasure\",\"url\":\"https:\/\/dev.eliassen.nl\/de\/\",\"logo\":{\"@type\":\"ImageObject\",\"inLanguage\":\"de\",\"@id\":\"https:\/\/dev.eliassen.nl\/de\/#\/schema\/logo\/image\/\",\"url\":\"https:\/\/www.eliassen.nl\/wp-content\/uploads\/2024\/01\/logo_4nd.jpg\",\"contentUrl\":\"https:\/\/www.eliassen.nl\/wp-content\/uploads\/2024\/01\/logo_4nd.jpg\",\"width\":500,\"height\":500,\"caption\":\"Eliassen Home & Garden Pleasure\"},\"image\":{\"@id\":\"https:\/\/dev.eliassen.nl\/de\/#\/schema\/logo\/image\/\"},\"sameAs\":[\"https:\/\/www.facebook.com\/TuincentrumEliassenAmmerzoden\",\"https:\/\/www.instagram.com\/eliassenhomeandgarden\/\",\"https:\/\/nl.pinterest.com\/eliassenhomeandgarden\/\",\"https:\/\/www.youtube.com\/@eliassenhomegardenpleasure4558\"]}]}<\/script>\n<!-- \/ Yoast SEO plugin. -->","yoast_head_json":{"title":"Gartenset Rodara Tisch","description":"Bij Eliassen koopt u Tuinset Rodara tafel online of live te bekijken in de showroom. Wij hebben de mooiste tuin overig, tuinmeubelen","robots":{"index":"noindex","follow":"follow","max-snippet":"max-snippet:-1","max-image-preview":"max-image-preview:large","max-video-preview":"max-video-preview:-1"},"og_locale":"de_DE","og_type":"article","og_title":"Gartenset Rodara Tisch","og_description":"Bij Eliassen koopt u Tuinset Rodara tafel online of live te bekijken in de showroom. Wij hebben de mooiste tuin overig, tuinmeubelen","og_url":"https:\/\/dev.eliassen.nl\/de\/product\/gartenset-rodara-tisch\/","og_site_name":"Eliassen.nl","article_publisher":"https:\/\/www.facebook.com\/TuincentrumEliassenAmmerzoden","article_modified_time":"2024-12-05T14:27:09+00:00","og_image":[{"width":1024,"height":485,"url":"https:\/\/dev.eliassen.nl\/wp-content\/uploads\/2024\/01\/20160420110146.jpg","type":"image\/jpeg"}],"twitter_card":"summary_large_image","schema":{"@context":"https:\/\/schema.org","@graph":[{"@type":"WebPage","@id":"https:\/\/dev.eliassen.nl\/de\/product\/gartenset-rodara-tisch\/","url":"https:\/\/dev.eliassen.nl\/de\/product\/gartenset-rodara-tisch\/","name":"Gartenset Rodara Tisch","isPartOf":{"@id":"https:\/\/dev.eliassen.nl\/de\/#website"},"primaryImageOfPage":{"@id":"https:\/\/dev.eliassen.nl\/de\/product\/gartenset-rodara-tisch\/#primaryimage"},"image":{"@id":"https:\/\/dev.eliassen.nl\/de\/product\/gartenset-rodara-tisch\/#primaryimage"},"thumbnailUrl":"https:\/\/dev.eliassen.nl\/wp-content\/uploads\/2024\/01\/20160420110146.jpg","datePublished":"2019-10-28T17:48:22+00:00","dateModified":"2024-12-05T14:27:09+00:00","description":"Bij Eliassen koopt u Tuinset Rodara tafel online of live te bekijken in de showroom. Wij hebben de mooiste tuin overig, tuinmeubelen","breadcrumb":{"@id":"https:\/\/dev.eliassen.nl\/de\/product\/gartenset-rodara-tisch\/#breadcrumb"},"inLanguage":"de","potentialAction":[{"@type":"ReadAction","target":["https:\/\/dev.eliassen.nl\/de\/product\/gartenset-rodara-tisch\/"]}]},{"@type":"ImageObject","inLanguage":"de","@id":"https:\/\/dev.eliassen.nl\/de\/product\/gartenset-rodara-tisch\/#primaryimage","url":"https:\/\/dev.eliassen.nl\/wp-content\/uploads\/2024\/01\/20160420110146.jpg","contentUrl":"https:\/\/dev.eliassen.nl\/wp-content\/uploads\/2024\/01\/20160420110146.jpg","width":1024,"height":485,"caption":"20160420-110146"},{"@type":"BreadcrumbList","@id":"https:\/\/dev.eliassen.nl\/de\/product\/gartenset-rodara-tisch\/#breadcrumb","itemListElement":[{"@type":"ListItem","position":1,"name":"Home","item":"https:\/\/dev.eliassen.nl\/de\/"},{"@type":"ListItem","position":2,"name":"Shop","item":"https:\/\/dev.eliassen.nl\/nl\/winkel\/"},{"@type":"ListItem","position":3,"name":"Weitere Artikel","item":"https:\/\/dev.eliassen.nl\/de\/weitere-artikel\/"},{"@type":"ListItem","position":4,"name":"Gartenm\u00f6bel","item":"https:\/\/dev.eliassen.nl\/de\/garten-andere\/gartenmoebel\/"},{"@type":"ListItem","position":5,"name":"Gartenset Rodara Tisch"}]},{"@type":"WebSite","@id":"https:\/\/dev.eliassen.nl\/de\/#website","url":"https:\/\/dev.eliassen.nl\/de\/","name":"Eliassen Home & Garden Pleasure","description":"","publisher":{"@id":"https:\/\/dev.eliassen.nl\/de\/#organization"},"alternateName":"Eliassen.nl","potentialAction":[{"@type":"SearchAction","target":{"@type":"EntryPoint","urlTemplate":"https:\/\/dev.eliassen.nl\/de\/?s={search_term_string}"},"query-input":{"@type":"PropertyValueSpecification","valueRequired":true,"valueName":"search_term_string"}}],"inLanguage":"de"},{"@type":"Organization","@id":"https:\/\/dev.eliassen.nl\/de\/#organization","name":"Eliassen Home & Garden Pleasure","url":"https:\/\/dev.eliassen.nl\/de\/","logo":{"@type":"ImageObject","inLanguage":"de","@id":"https:\/\/dev.eliassen.nl\/de\/#\/schema\/logo\/image\/","url":"https:\/\/www.eliassen.nl\/wp-content\/uploads\/2024\/01\/logo_4nd.jpg","contentUrl":"https:\/\/www.eliassen.nl\/wp-content\/uploads\/2024\/01\/logo_4nd.jpg","width":500,"height":500,"caption":"Eliassen Home & Garden Pleasure"},"image":{"@id":"https:\/\/dev.eliassen.nl\/de\/#\/schema\/logo\/image\/"},"sameAs":["https:\/\/www.facebook.com\/TuincentrumEliassenAmmerzoden","https:\/\/www.instagram.com\/eliassenhomeandgarden\/","https:\/\/nl.pinterest.com\/eliassenhomeandgarden\/","https:\/\/www.youtube.com\/@eliassenhomegardenpleasure4558"]}]}},"df_price":149,"df_sale_price":149,"df_regular_price":269,"df_image_link":"https:\/\/dev.eliassen.nl\/wp-content\/uploads\/2024\/01\/20160420110146.jpg","image":"https:\/\/dev.eliassen.nl\/wp-content\/uploads\/2024\/01\/20160420110146.jpg","price_search":"<span class=\"woocommerce-Price-amount amount\"><bdi><span class=\"woocommerce-Price-currencySymbol\">&euro;<\/span>&nbsp;149,00<\/bdi><\/span>","category":"Gartenm\u00f6bel","_links":{"self":[{"href":"https:\/\/dev.eliassen.nl\/de\/wp-json\/wp\/v2\/product\/17515","targetHints":{"allow":["GET"]}}],"collection":[{"href":"https:\/\/dev.eliassen.nl\/de\/wp-json\/wp\/v2\/product"}],"about":[{"href":"https:\/\/dev.eliassen.nl\/de\/wp-json\/wp\/v2\/types\/product"}],"wp:featuredmedia":[{"embeddable":true,"href":"https:\/\/dev.eliassen.nl\/de\/wp-json\/wp\/v2\/media\/17497"}],"wp:attachment":[{"href":"https:\/\/dev.eliassen.nl\/de\/wp-json\/wp\/v2\/media?parent=17515"}],"wp:term":[{"taxonomy":"product_brand","embeddable":true,"href":"https:\/\/dev.eliassen.nl\/de\/wp-json\/wp\/v2\/product_brand?post=17515"},{"taxonomy":"product_cat","embeddable":true,"href":"https:\/\/dev.eliassen.nl\/de\/wp-json\/wp\/v2\/product_cat?post=17515"},{"taxonomy":"product_tag","embeddable":true,"href":"https:\/\/dev.eliassen.nl\/de\/wp-json\/wp\/v2\/product_tag?post=17515"}],"curies":[{"name":"wp","href":"https:\/\/api.w.org\/{rel}","templated":true}]}}