{"id":17530,"date":"2019-10-28T18:48:24","date_gmt":"2019-10-28T17:48:24","guid":{"rendered":"https:\/\/www.eliassen.nl\/?product=gemuetliche-set"},"modified":"2024-12-05T15:27:12","modified_gmt":"2024-12-05T14:27:12","slug":"stuhlgarnitur-mit-tisch-cozy","status":"publish","type":"product","link":"https:\/\/dev.eliassen.nl\/de\/product\/stuhlgarnitur-mit-tisch-cozy\/","title":{"rendered":"Stuhlgarnitur mit Tisch Cozy"},"content":{"rendered":"<p>Wollen Sie wirklich etwas Einzigartiges in Ihrem Garten, Haus oder Gesch\u00e4ft und m\u00f6chten Sie einen Beitrag zur Nachhaltigkeit leisten und deshalb auch Recycling betreiben, dann ist dieses Set wirklich etwas f\u00fcr Sie!<br \/>Dieses Set besteht aus 2 St\u00fchlen und einem Tisch und besteht aus gebrauchten Autoreifen und \u00d6lf\u00e4ssern! Die Reifen werden beschichtet, damit sie nicht mehr absplittern. Die St\u00fchle haben einen unerwartet gut gefederten Sitz. Das Gestell und die R\u00fcckenlehnen der St\u00fchle sind aus Holz. Schutzkappen f\u00fcr Ihren Boden sind montiert. Die Tischfl\u00e4che betr\u00e4gt ca. 60 cm<\/p>\n","protected":false},"excerpt":{"rendered":"<p>Wollen Sie wirklich etwas Einzigartiges in Ihrem Garten, Haus oder Gesch\u00e4ft und m\u00f6chten Sie einen Beitrag zur Nachhaltigkeit leisten und deshalb auch Recycling betreiben, dann ist dieses Set wirklich etwas f\u00fcr Sie!Dieses Set besteht aus 2 St\u00fchlen und einem Tisch und besteht aus gebrauchten Autoreifen und \u00d6lf\u00e4ssern! Die Reifen werden beschichtet, damit sie nicht mehr &hellip;<\/p>\n","protected":false},"featured_media":17518,"template":"","meta":{"_acf_changed":false},"product_brand":[6916],"product_cat":[761,752],"product_tag":[],"class_list":{"0":"post-17530","1":"product","2":"type-product","3":"status-publish","4":"has-post-thumbnail","6":"product_brand-eliassen-de","7":"product_cat-gartenmoebel","8":"product_cat-weitere-artikel","10":"first","11":"instock","12":"sale","13":"taxable","14":"shipping-taxable","15":"purchasable","16":"product-type-simple"},"acf":[],"yoast_head":"<!-- This site is optimized with the Yoast SEO plugin v23.8 - https:\/\/yoast.com\/wordpress\/plugins\/seo\/ -->\n<title>Stuhlset Cosy<\/title>\n<meta name=\"description\" content=\"Bij Eliassen koopt u Stoelenset met tafel Cozy online of live te bekijken in de showroom. Wij hebben de mooiste tuin overig, tuinmeubelen\" \/>\n<meta name=\"robots\" content=\"noindex, follow, max-snippet:-1, max-image-preview:large, max-video-preview:-1\" \/>\n<meta property=\"og:locale\" content=\"de_DE\" \/>\n<meta property=\"og:type\" content=\"article\" \/>\n<meta property=\"og:title\" content=\"Stuhlset Cosy\" \/>\n<meta property=\"og:description\" content=\"Bij Eliassen koopt u Stoelenset met tafel Cozy online of live te bekijken in de showroom. Wij hebben de mooiste tuin overig, tuinmeubelen\" \/>\n<meta property=\"og:url\" content=\"https:\/\/dev.eliassen.nl\/de\/product\/stuhlgarnitur-mit-tisch-cozy\/\" \/>\n<meta property=\"og:site_name\" content=\"Eliassen.nl\" \/>\n<meta property=\"article:publisher\" content=\"https:\/\/www.facebook.com\/TuincentrumEliassenAmmerzoden\" \/>\n<meta property=\"article:modified_time\" content=\"2024-12-05T14:27:12+00:00\" \/>\n<meta property=\"og:image\" content=\"https:\/\/dev.eliassen.nl\/wp-content\/uploads\/2024\/01\/20160420105846.jpg\" \/>\n\t<meta property=\"og:image:width\" content=\"1024\" \/>\n\t<meta property=\"og:image:height\" content=\"576\" \/>\n\t<meta property=\"og:image:type\" content=\"image\/jpeg\" \/>\n<meta name=\"twitter:card\" content=\"summary_large_image\" \/>\n<script type=\"application\/ld+json\" class=\"yoast-schema-graph\">{\"@context\":\"https:\/\/schema.org\",\"@graph\":[{\"@type\":\"WebPage\",\"@id\":\"https:\/\/dev.eliassen.nl\/de\/product\/stuhlgarnitur-mit-tisch-cozy\/\",\"url\":\"https:\/\/dev.eliassen.nl\/de\/product\/stuhlgarnitur-mit-tisch-cozy\/\",\"name\":\"Stuhlset Cosy\",\"isPartOf\":{\"@id\":\"https:\/\/dev.eliassen.nl\/de\/#website\"},\"primaryImageOfPage\":{\"@id\":\"https:\/\/dev.eliassen.nl\/de\/product\/stuhlgarnitur-mit-tisch-cozy\/#primaryimage\"},\"image\":{\"@id\":\"https:\/\/dev.eliassen.nl\/de\/product\/stuhlgarnitur-mit-tisch-cozy\/#primaryimage\"},\"thumbnailUrl\":\"https:\/\/dev.eliassen.nl\/wp-content\/uploads\/2024\/01\/20160420105846.jpg\",\"datePublished\":\"2019-10-28T17:48:24+00:00\",\"dateModified\":\"2024-12-05T14:27:12+00:00\",\"description\":\"Bij Eliassen koopt u Stoelenset met tafel Cozy online of live te bekijken in de showroom. Wij hebben de mooiste tuin overig, tuinmeubelen\",\"breadcrumb\":{\"@id\":\"https:\/\/dev.eliassen.nl\/de\/product\/stuhlgarnitur-mit-tisch-cozy\/#breadcrumb\"},\"inLanguage\":\"de\",\"potentialAction\":[{\"@type\":\"ReadAction\",\"target\":[\"https:\/\/dev.eliassen.nl\/de\/product\/stuhlgarnitur-mit-tisch-cozy\/\"]}]},{\"@type\":\"ImageObject\",\"inLanguage\":\"de\",\"@id\":\"https:\/\/dev.eliassen.nl\/de\/product\/stuhlgarnitur-mit-tisch-cozy\/#primaryimage\",\"url\":\"https:\/\/dev.eliassen.nl\/wp-content\/uploads\/2024\/01\/20160420105846.jpg\",\"contentUrl\":\"https:\/\/dev.eliassen.nl\/wp-content\/uploads\/2024\/01\/20160420105846.jpg\",\"width\":1024,\"height\":576,\"caption\":\"20160420-105846\"},{\"@type\":\"BreadcrumbList\",\"@id\":\"https:\/\/dev.eliassen.nl\/de\/product\/stuhlgarnitur-mit-tisch-cozy\/#breadcrumb\",\"itemListElement\":[{\"@type\":\"ListItem\",\"position\":1,\"name\":\"Home\",\"item\":\"https:\/\/dev.eliassen.nl\/de\/\"},{\"@type\":\"ListItem\",\"position\":2,\"name\":\"Shop\",\"item\":\"https:\/\/dev.eliassen.nl\/nl\/winkel\/\"},{\"@type\":\"ListItem\",\"position\":3,\"name\":\"Weitere Artikel\",\"item\":\"https:\/\/dev.eliassen.nl\/de\/weitere-artikel\/\"},{\"@type\":\"ListItem\",\"position\":4,\"name\":\"Gartenm\u00f6bel\",\"item\":\"https:\/\/dev.eliassen.nl\/de\/garten-andere\/gartenmoebel\/\"},{\"@type\":\"ListItem\",\"position\":5,\"name\":\"Stuhlgarnitur mit Tisch Cozy\"}]},{\"@type\":\"WebSite\",\"@id\":\"https:\/\/dev.eliassen.nl\/de\/#website\",\"url\":\"https:\/\/dev.eliassen.nl\/de\/\",\"name\":\"Eliassen Home & Garden Pleasure\",\"description\":\"\",\"publisher\":{\"@id\":\"https:\/\/dev.eliassen.nl\/de\/#organization\"},\"alternateName\":\"Eliassen.nl\",\"potentialAction\":[{\"@type\":\"SearchAction\",\"target\":{\"@type\":\"EntryPoint\",\"urlTemplate\":\"https:\/\/dev.eliassen.nl\/de\/?s={search_term_string}\"},\"query-input\":{\"@type\":\"PropertyValueSpecification\",\"valueRequired\":true,\"valueName\":\"search_term_string\"}}],\"inLanguage\":\"de\"},{\"@type\":\"Organization\",\"@id\":\"https:\/\/dev.eliassen.nl\/de\/#organization\",\"name\":\"Eliassen Home & Garden Pleasure\",\"url\":\"https:\/\/dev.eliassen.nl\/de\/\",\"logo\":{\"@type\":\"ImageObject\",\"inLanguage\":\"de\",\"@id\":\"https:\/\/dev.eliassen.nl\/de\/#\/schema\/logo\/image\/\",\"url\":\"https:\/\/www.eliassen.nl\/wp-content\/uploads\/2024\/01\/logo_4nd.jpg\",\"contentUrl\":\"https:\/\/www.eliassen.nl\/wp-content\/uploads\/2024\/01\/logo_4nd.jpg\",\"width\":500,\"height\":500,\"caption\":\"Eliassen Home & Garden Pleasure\"},\"image\":{\"@id\":\"https:\/\/dev.eliassen.nl\/de\/#\/schema\/logo\/image\/\"},\"sameAs\":[\"https:\/\/www.facebook.com\/TuincentrumEliassenAmmerzoden\",\"https:\/\/www.instagram.com\/eliassenhomeandgarden\/\",\"https:\/\/nl.pinterest.com\/eliassenhomeandgarden\/\",\"https:\/\/www.youtube.com\/@eliassenhomegardenpleasure4558\"]}]}<\/script>\n<!-- \/ Yoast SEO plugin. -->","yoast_head_json":{"title":"Stuhlset Cosy","description":"Bij Eliassen koopt u Stoelenset met tafel Cozy online of live te bekijken in de showroom. Wij hebben de mooiste tuin overig, tuinmeubelen","robots":{"index":"noindex","follow":"follow","max-snippet":"max-snippet:-1","max-image-preview":"max-image-preview:large","max-video-preview":"max-video-preview:-1"},"og_locale":"de_DE","og_type":"article","og_title":"Stuhlset Cosy","og_description":"Bij Eliassen koopt u Stoelenset met tafel Cozy online of live te bekijken in de showroom. Wij hebben de mooiste tuin overig, tuinmeubelen","og_url":"https:\/\/dev.eliassen.nl\/de\/product\/stuhlgarnitur-mit-tisch-cozy\/","og_site_name":"Eliassen.nl","article_publisher":"https:\/\/www.facebook.com\/TuincentrumEliassenAmmerzoden","article_modified_time":"2024-12-05T14:27:12+00:00","og_image":[{"width":1024,"height":576,"url":"https:\/\/dev.eliassen.nl\/wp-content\/uploads\/2024\/01\/20160420105846.jpg","type":"image\/jpeg"}],"twitter_card":"summary_large_image","schema":{"@context":"https:\/\/schema.org","@graph":[{"@type":"WebPage","@id":"https:\/\/dev.eliassen.nl\/de\/product\/stuhlgarnitur-mit-tisch-cozy\/","url":"https:\/\/dev.eliassen.nl\/de\/product\/stuhlgarnitur-mit-tisch-cozy\/","name":"Stuhlset Cosy","isPartOf":{"@id":"https:\/\/dev.eliassen.nl\/de\/#website"},"primaryImageOfPage":{"@id":"https:\/\/dev.eliassen.nl\/de\/product\/stuhlgarnitur-mit-tisch-cozy\/#primaryimage"},"image":{"@id":"https:\/\/dev.eliassen.nl\/de\/product\/stuhlgarnitur-mit-tisch-cozy\/#primaryimage"},"thumbnailUrl":"https:\/\/dev.eliassen.nl\/wp-content\/uploads\/2024\/01\/20160420105846.jpg","datePublished":"2019-10-28T17:48:24+00:00","dateModified":"2024-12-05T14:27:12+00:00","description":"Bij Eliassen koopt u Stoelenset met tafel Cozy online of live te bekijken in de showroom. Wij hebben de mooiste tuin overig, tuinmeubelen","breadcrumb":{"@id":"https:\/\/dev.eliassen.nl\/de\/product\/stuhlgarnitur-mit-tisch-cozy\/#breadcrumb"},"inLanguage":"de","potentialAction":[{"@type":"ReadAction","target":["https:\/\/dev.eliassen.nl\/de\/product\/stuhlgarnitur-mit-tisch-cozy\/"]}]},{"@type":"ImageObject","inLanguage":"de","@id":"https:\/\/dev.eliassen.nl\/de\/product\/stuhlgarnitur-mit-tisch-cozy\/#primaryimage","url":"https:\/\/dev.eliassen.nl\/wp-content\/uploads\/2024\/01\/20160420105846.jpg","contentUrl":"https:\/\/dev.eliassen.nl\/wp-content\/uploads\/2024\/01\/20160420105846.jpg","width":1024,"height":576,"caption":"20160420-105846"},{"@type":"BreadcrumbList","@id":"https:\/\/dev.eliassen.nl\/de\/product\/stuhlgarnitur-mit-tisch-cozy\/#breadcrumb","itemListElement":[{"@type":"ListItem","position":1,"name":"Home","item":"https:\/\/dev.eliassen.nl\/de\/"},{"@type":"ListItem","position":2,"name":"Shop","item":"https:\/\/dev.eliassen.nl\/nl\/winkel\/"},{"@type":"ListItem","position":3,"name":"Weitere Artikel","item":"https:\/\/dev.eliassen.nl\/de\/weitere-artikel\/"},{"@type":"ListItem","position":4,"name":"Gartenm\u00f6bel","item":"https:\/\/dev.eliassen.nl\/de\/garten-andere\/gartenmoebel\/"},{"@type":"ListItem","position":5,"name":"Stuhlgarnitur mit Tisch Cozy"}]},{"@type":"WebSite","@id":"https:\/\/dev.eliassen.nl\/de\/#website","url":"https:\/\/dev.eliassen.nl\/de\/","name":"Eliassen Home & Garden Pleasure","description":"","publisher":{"@id":"https:\/\/dev.eliassen.nl\/de\/#organization"},"alternateName":"Eliassen.nl","potentialAction":[{"@type":"SearchAction","target":{"@type":"EntryPoint","urlTemplate":"https:\/\/dev.eliassen.nl\/de\/?s={search_term_string}"},"query-input":{"@type":"PropertyValueSpecification","valueRequired":true,"valueName":"search_term_string"}}],"inLanguage":"de"},{"@type":"Organization","@id":"https:\/\/dev.eliassen.nl\/de\/#organization","name":"Eliassen Home & Garden Pleasure","url":"https:\/\/dev.eliassen.nl\/de\/","logo":{"@type":"ImageObject","inLanguage":"de","@id":"https:\/\/dev.eliassen.nl\/de\/#\/schema\/logo\/image\/","url":"https:\/\/www.eliassen.nl\/wp-content\/uploads\/2024\/01\/logo_4nd.jpg","contentUrl":"https:\/\/www.eliassen.nl\/wp-content\/uploads\/2024\/01\/logo_4nd.jpg","width":500,"height":500,"caption":"Eliassen Home & Garden Pleasure"},"image":{"@id":"https:\/\/dev.eliassen.nl\/de\/#\/schema\/logo\/image\/"},"sameAs":["https:\/\/www.facebook.com\/TuincentrumEliassenAmmerzoden","https:\/\/www.instagram.com\/eliassenhomeandgarden\/","https:\/\/nl.pinterest.com\/eliassenhomeandgarden\/","https:\/\/www.youtube.com\/@eliassenhomegardenpleasure4558"]}]}},"df_price":179,"df_sale_price":179,"df_regular_price":259,"df_image_link":"https:\/\/dev.eliassen.nl\/wp-content\/uploads\/2024\/01\/20160420105846.jpg","image":"https:\/\/dev.eliassen.nl\/wp-content\/uploads\/2024\/01\/20160420105846.jpg","price_search":"<span class=\"woocommerce-Price-amount amount\"><bdi><span class=\"woocommerce-Price-currencySymbol\">&euro;<\/span>&nbsp;179,00<\/bdi><\/span>","category":"Gartenm\u00f6bel","_links":{"self":[{"href":"https:\/\/dev.eliassen.nl\/de\/wp-json\/wp\/v2\/product\/17530","targetHints":{"allow":["GET"]}}],"collection":[{"href":"https:\/\/dev.eliassen.nl\/de\/wp-json\/wp\/v2\/product"}],"about":[{"href":"https:\/\/dev.eliassen.nl\/de\/wp-json\/wp\/v2\/types\/product"}],"wp:featuredmedia":[{"embeddable":true,"href":"https:\/\/dev.eliassen.nl\/de\/wp-json\/wp\/v2\/media\/17518"}],"wp:attachment":[{"href":"https:\/\/dev.eliassen.nl\/de\/wp-json\/wp\/v2\/media?parent=17530"}],"wp:term":[{"taxonomy":"product_brand","embeddable":true,"href":"https:\/\/dev.eliassen.nl\/de\/wp-json\/wp\/v2\/product_brand?post=17530"},{"taxonomy":"product_cat","embeddable":true,"href":"https:\/\/dev.eliassen.nl\/de\/wp-json\/wp\/v2\/product_cat?post=17530"},{"taxonomy":"product_tag","embeddable":true,"href":"https:\/\/dev.eliassen.nl\/de\/wp-json\/wp\/v2\/product_tag?post=17530"}],"curies":[{"name":"wp","href":"https:\/\/api.w.org\/{rel}","templated":true}]}}