{"id":175474,"date":"2025-02-15T09:45:55","date_gmt":"2025-02-15T08:45:55","guid":{"rendered":"https:\/\/www.eliassen.nl\/product\/gartenbank-sven-belgian-arduin-160cm-verschiedene-groessen\/"},"modified":"2025-02-15T09:45:55","modified_gmt":"2025-02-15T08:45:55","slug":"gartenbank-sven-belgian-arduin-160cm-verschiedene-groessen","status":"publish","type":"product","link":"https:\/\/dev.eliassen.nl\/de\/gartenbank-sven-belgian-arduin-160cm-verschiedene-groessen\/","title":{"rendered":"Gartenbank Sven Belgian Arduin 160cm verschiedene Gr\u00f6\u00dfen"},"content":{"rendered":"<p>Sind Sie auf der Suche nach einer hochwertigen, einzigartigen Gartenbank aus Belgien?<br \/>\nDieses Modell der einzigartigen Steingartenbank Sven aus belgischem Arduin-Blaustein eignet sich, wenn Sie nach einem Modell f\u00fcr eine Gartenbank suchen, die zu Ihrem Garten spricht und ihm einen besonderen Charakter verleiht. Mit ihrem Blumenkasten an der Seite bringt diese Bank in Kombination mit einer sch\u00f6nen Pflanze Dynamik und Leben in Ihren Garten.<\/p>\n<p>Mit einer Dicke von 30 mm ist das Material von guter Qualit\u00e4t. Wir sind von der Qualit\u00e4t und Langlebigkeit dieses Produkts so \u00fcberzeugt, dass wir eine 10-j\u00e4hrige Garantie auf dieses Sofa gew\u00e4hren.<\/p>\n<p>Dieses Modell hat die Ma\u00dfe 160x40x43cm H\u00f6he, aber andere Gr\u00f6\u00dfen sind auf Anfrage nat\u00fcrlich auch m\u00f6glich. Wir bieten also immer die richtige Gr\u00f6\u00dfe f\u00fcr Ihren Garten.<br \/>\nDie Abholung dieses Sofas ist m\u00f6glich, aber nur nach Vereinbarung!<\/p>\n","protected":false},"excerpt":{"rendered":"<p>Hochwertiges belgisches Arduin \u2713 Auch in anderen Gr\u00f6\u00dfen auf Anfrage<\/p>\n","protected":false},"featured_media":175025,"template":"","meta":{"_acf_changed":false},"product_brand":[],"product_cat":[806,761],"product_tag":[],"class_list":{"0":"post-175474","1":"product","2":"type-product","3":"status-publish","4":"has-post-thumbnail","6":"product_cat-gartenbaenke","7":"product_cat-gartenmoebel","9":"first","10":"instock","11":"taxable","12":"shipping-taxable","13":"purchasable","14":"product-type-simple"},"acf":[],"yoast_head":"<!-- This site is optimized with the Yoast SEO plugin v23.8 - https:\/\/yoast.com\/wordpress\/plugins\/seo\/ -->\n<title>Gartenbank Sven Belgian Arduin 160cm verschiedene Gr\u00f6\u00dfen - Eliassen.nl<\/title>\n<meta name=\"description\" content=\"Sind Sie auf der Suche nach einer einzigartigen und hochwertigen Gartenbank, die jahrelang halten wird? Mit einem Blumentopf bietet dieses Modell aus belgischem Arduin viel Dynamik.\" \/>\n<meta name=\"robots\" content=\"noindex, follow, max-snippet:-1, max-image-preview:large, max-video-preview:-1\" \/>\n<meta property=\"og:locale\" content=\"de_DE\" \/>\n<meta property=\"og:type\" content=\"article\" \/>\n<meta property=\"og:title\" content=\"Gartenbank Sven Belgian Arduin 160cm verschiedene Gr\u00f6\u00dfen - Eliassen.nl\" \/>\n<meta property=\"og:description\" content=\"Sind Sie auf der Suche nach einer einzigartigen und hochwertigen Gartenbank, die jahrelang halten wird? Mit einem Blumentopf bietet dieses Modell aus belgischem Arduin viel Dynamik.\" \/>\n<meta property=\"og:url\" content=\"https:\/\/dev.eliassen.nl\/de\/gartenbank-sven-belgian-arduin-160cm-verschiedene-groessen\/\" \/>\n<meta property=\"og:site_name\" content=\"Eliassen.nl\" \/>\n<meta property=\"article:publisher\" content=\"https:\/\/www.facebook.com\/TuincentrumEliassenAmmerzoden\" \/>\n<meta property=\"og:image\" content=\"https:\/\/dev.eliassen.nl\/wp-content\/uploads\/2025\/02\/Tuinbank-Sven-arduin-160cm-eliassen.nl_-scaled.jpg\" \/>\n\t<meta property=\"og:image:width\" content=\"2560\" \/>\n\t<meta property=\"og:image:height\" content=\"1493\" \/>\n\t<meta property=\"og:image:type\" content=\"image\/jpeg\" \/>\n<meta name=\"twitter:card\" content=\"summary_large_image\" \/>\n<script type=\"application\/ld+json\" class=\"yoast-schema-graph\">{\"@context\":\"https:\/\/schema.org\",\"@graph\":[{\"@type\":\"WebPage\",\"@id\":\"https:\/\/dev.eliassen.nl\/de\/gartenbank-sven-belgian-arduin-160cm-verschiedene-groessen\/\",\"url\":\"https:\/\/dev.eliassen.nl\/de\/gartenbank-sven-belgian-arduin-160cm-verschiedene-groessen\/\",\"name\":\"Gartenbank Sven Belgian Arduin 160cm verschiedene Gr\u00f6\u00dfen - Eliassen.nl\",\"isPartOf\":{\"@id\":\"https:\/\/dev.eliassen.nl\/de\/#website\"},\"primaryImageOfPage\":{\"@id\":\"https:\/\/dev.eliassen.nl\/de\/gartenbank-sven-belgian-arduin-160cm-verschiedene-groessen\/#primaryimage\"},\"image\":{\"@id\":\"https:\/\/dev.eliassen.nl\/de\/gartenbank-sven-belgian-arduin-160cm-verschiedene-groessen\/#primaryimage\"},\"thumbnailUrl\":\"https:\/\/dev.eliassen.nl\/wp-content\/uploads\/2025\/02\/Tuinbank-Sven-arduin-160cm-eliassen.nl_-scaled.jpg\",\"datePublished\":\"2025-02-15T08:45:55+00:00\",\"dateModified\":\"2025-02-15T08:45:55+00:00\",\"description\":\"Sind Sie auf der Suche nach einer einzigartigen und hochwertigen Gartenbank, die jahrelang halten wird? Mit einem Blumentopf bietet dieses Modell aus belgischem Arduin viel Dynamik.\",\"breadcrumb\":{\"@id\":\"https:\/\/dev.eliassen.nl\/de\/gartenbank-sven-belgian-arduin-160cm-verschiedene-groessen\/#breadcrumb\"},\"inLanguage\":\"de\",\"potentialAction\":[{\"@type\":\"ReadAction\",\"target\":[\"https:\/\/dev.eliassen.nl\/de\/gartenbank-sven-belgian-arduin-160cm-verschiedene-groessen\/\"]}]},{\"@type\":\"ImageObject\",\"inLanguage\":\"de\",\"@id\":\"https:\/\/dev.eliassen.nl\/de\/gartenbank-sven-belgian-arduin-160cm-verschiedene-groessen\/#primaryimage\",\"url\":\"https:\/\/dev.eliassen.nl\/wp-content\/uploads\/2025\/02\/Tuinbank-Sven-arduin-160cm-eliassen.nl_-scaled.jpg\",\"contentUrl\":\"https:\/\/dev.eliassen.nl\/wp-content\/uploads\/2025\/02\/Tuinbank-Sven-arduin-160cm-eliassen.nl_-scaled.jpg\",\"width\":2560,\"height\":1493,\"caption\":\"CameraID=52 FrameCount=-1 configID=210 lutID= lutFilename= configFilename=MAZAR AGC9.2 X9 S23u Bright.agc configNickname=Mazar profileID=4 profileName=SMOOTH HDR ?? Version=AGC9.2 V13.0 ??6\"},{\"@type\":\"BreadcrumbList\",\"@id\":\"https:\/\/dev.eliassen.nl\/de\/gartenbank-sven-belgian-arduin-160cm-verschiedene-groessen\/#breadcrumb\",\"itemListElement\":[{\"@type\":\"ListItem\",\"position\":1,\"name\":\"Home\",\"item\":\"https:\/\/dev.eliassen.nl\/de\/\"},{\"@type\":\"ListItem\",\"position\":2,\"name\":\"Shop\",\"item\":\"https:\/\/dev.eliassen.nl\/nl\/winkel\/\"},{\"@type\":\"ListItem\",\"position\":3,\"name\":\"Weitere Artikel\",\"item\":\"https:\/\/dev.eliassen.nl\/de\/weitere-artikel\/\"},{\"@type\":\"ListItem\",\"position\":4,\"name\":\"Gartenm\u00f6bel\",\"item\":\"https:\/\/dev.eliassen.nl\/de\/garten-andere\/gartenmoebel\/\"},{\"@type\":\"ListItem\",\"position\":5,\"name\":\"Gartenbank Sven Belgian Arduin 160cm verschiedene Gr\u00f6\u00dfen\"}]},{\"@type\":\"WebSite\",\"@id\":\"https:\/\/dev.eliassen.nl\/de\/#website\",\"url\":\"https:\/\/dev.eliassen.nl\/de\/\",\"name\":\"Eliassen Home & Garden Pleasure\",\"description\":\"\",\"publisher\":{\"@id\":\"https:\/\/dev.eliassen.nl\/de\/#organization\"},\"alternateName\":\"Eliassen.nl\",\"potentialAction\":[{\"@type\":\"SearchAction\",\"target\":{\"@type\":\"EntryPoint\",\"urlTemplate\":\"https:\/\/dev.eliassen.nl\/de\/?s={search_term_string}\"},\"query-input\":{\"@type\":\"PropertyValueSpecification\",\"valueRequired\":true,\"valueName\":\"search_term_string\"}}],\"inLanguage\":\"de\"},{\"@type\":\"Organization\",\"@id\":\"https:\/\/dev.eliassen.nl\/de\/#organization\",\"name\":\"Eliassen Home & Garden Pleasure\",\"url\":\"https:\/\/dev.eliassen.nl\/de\/\",\"logo\":{\"@type\":\"ImageObject\",\"inLanguage\":\"de\",\"@id\":\"https:\/\/dev.eliassen.nl\/de\/#\/schema\/logo\/image\/\",\"url\":\"https:\/\/www.eliassen.nl\/wp-content\/uploads\/2024\/01\/logo_4nd.jpg\",\"contentUrl\":\"https:\/\/www.eliassen.nl\/wp-content\/uploads\/2024\/01\/logo_4nd.jpg\",\"width\":500,\"height\":500,\"caption\":\"Eliassen Home & Garden Pleasure\"},\"image\":{\"@id\":\"https:\/\/dev.eliassen.nl\/de\/#\/schema\/logo\/image\/\"},\"sameAs\":[\"https:\/\/www.facebook.com\/TuincentrumEliassenAmmerzoden\",\"https:\/\/www.instagram.com\/eliassenhomeandgarden\/\",\"https:\/\/nl.pinterest.com\/eliassenhomeandgarden\/\",\"https:\/\/www.youtube.com\/@eliassenhomegardenpleasure4558\"]}]}<\/script>\n<!-- \/ Yoast SEO plugin. -->","yoast_head_json":{"title":"Gartenbank Sven Belgian Arduin 160cm verschiedene Gr\u00f6\u00dfen - Eliassen.nl","description":"Sind Sie auf der Suche nach einer einzigartigen und hochwertigen Gartenbank, die jahrelang halten wird? Mit einem Blumentopf bietet dieses Modell aus belgischem Arduin viel Dynamik.","robots":{"index":"noindex","follow":"follow","max-snippet":"max-snippet:-1","max-image-preview":"max-image-preview:large","max-video-preview":"max-video-preview:-1"},"og_locale":"de_DE","og_type":"article","og_title":"Gartenbank Sven Belgian Arduin 160cm verschiedene Gr\u00f6\u00dfen - Eliassen.nl","og_description":"Sind Sie auf der Suche nach einer einzigartigen und hochwertigen Gartenbank, die jahrelang halten wird? Mit einem Blumentopf bietet dieses Modell aus belgischem Arduin viel Dynamik.","og_url":"https:\/\/dev.eliassen.nl\/de\/gartenbank-sven-belgian-arduin-160cm-verschiedene-groessen\/","og_site_name":"Eliassen.nl","article_publisher":"https:\/\/www.facebook.com\/TuincentrumEliassenAmmerzoden","og_image":[{"width":2560,"height":1493,"url":"https:\/\/dev.eliassen.nl\/wp-content\/uploads\/2025\/02\/Tuinbank-Sven-arduin-160cm-eliassen.nl_-scaled.jpg","type":"image\/jpeg"}],"twitter_card":"summary_large_image","schema":{"@context":"https:\/\/schema.org","@graph":[{"@type":"WebPage","@id":"https:\/\/dev.eliassen.nl\/de\/gartenbank-sven-belgian-arduin-160cm-verschiedene-groessen\/","url":"https:\/\/dev.eliassen.nl\/de\/gartenbank-sven-belgian-arduin-160cm-verschiedene-groessen\/","name":"Gartenbank Sven Belgian Arduin 160cm verschiedene Gr\u00f6\u00dfen - Eliassen.nl","isPartOf":{"@id":"https:\/\/dev.eliassen.nl\/de\/#website"},"primaryImageOfPage":{"@id":"https:\/\/dev.eliassen.nl\/de\/gartenbank-sven-belgian-arduin-160cm-verschiedene-groessen\/#primaryimage"},"image":{"@id":"https:\/\/dev.eliassen.nl\/de\/gartenbank-sven-belgian-arduin-160cm-verschiedene-groessen\/#primaryimage"},"thumbnailUrl":"https:\/\/dev.eliassen.nl\/wp-content\/uploads\/2025\/02\/Tuinbank-Sven-arduin-160cm-eliassen.nl_-scaled.jpg","datePublished":"2025-02-15T08:45:55+00:00","dateModified":"2025-02-15T08:45:55+00:00","description":"Sind Sie auf der Suche nach einer einzigartigen und hochwertigen Gartenbank, die jahrelang halten wird? Mit einem Blumentopf bietet dieses Modell aus belgischem Arduin viel Dynamik.","breadcrumb":{"@id":"https:\/\/dev.eliassen.nl\/de\/gartenbank-sven-belgian-arduin-160cm-verschiedene-groessen\/#breadcrumb"},"inLanguage":"de","potentialAction":[{"@type":"ReadAction","target":["https:\/\/dev.eliassen.nl\/de\/gartenbank-sven-belgian-arduin-160cm-verschiedene-groessen\/"]}]},{"@type":"ImageObject","inLanguage":"de","@id":"https:\/\/dev.eliassen.nl\/de\/gartenbank-sven-belgian-arduin-160cm-verschiedene-groessen\/#primaryimage","url":"https:\/\/dev.eliassen.nl\/wp-content\/uploads\/2025\/02\/Tuinbank-Sven-arduin-160cm-eliassen.nl_-scaled.jpg","contentUrl":"https:\/\/dev.eliassen.nl\/wp-content\/uploads\/2025\/02\/Tuinbank-Sven-arduin-160cm-eliassen.nl_-scaled.jpg","width":2560,"height":1493,"caption":"CameraID=52 FrameCount=-1 configID=210 lutID= lutFilename= configFilename=MAZAR AGC9.2 X9 S23u Bright.agc configNickname=Mazar profileID=4 profileName=SMOOTH HDR ?? Version=AGC9.2 V13.0 ??6"},{"@type":"BreadcrumbList","@id":"https:\/\/dev.eliassen.nl\/de\/gartenbank-sven-belgian-arduin-160cm-verschiedene-groessen\/#breadcrumb","itemListElement":[{"@type":"ListItem","position":1,"name":"Home","item":"https:\/\/dev.eliassen.nl\/de\/"},{"@type":"ListItem","position":2,"name":"Shop","item":"https:\/\/dev.eliassen.nl\/nl\/winkel\/"},{"@type":"ListItem","position":3,"name":"Weitere Artikel","item":"https:\/\/dev.eliassen.nl\/de\/weitere-artikel\/"},{"@type":"ListItem","position":4,"name":"Gartenm\u00f6bel","item":"https:\/\/dev.eliassen.nl\/de\/garten-andere\/gartenmoebel\/"},{"@type":"ListItem","position":5,"name":"Gartenbank Sven Belgian Arduin 160cm verschiedene Gr\u00f6\u00dfen"}]},{"@type":"WebSite","@id":"https:\/\/dev.eliassen.nl\/de\/#website","url":"https:\/\/dev.eliassen.nl\/de\/","name":"Eliassen Home & Garden Pleasure","description":"","publisher":{"@id":"https:\/\/dev.eliassen.nl\/de\/#organization"},"alternateName":"Eliassen.nl","potentialAction":[{"@type":"SearchAction","target":{"@type":"EntryPoint","urlTemplate":"https:\/\/dev.eliassen.nl\/de\/?s={search_term_string}"},"query-input":{"@type":"PropertyValueSpecification","valueRequired":true,"valueName":"search_term_string"}}],"inLanguage":"de"},{"@type":"Organization","@id":"https:\/\/dev.eliassen.nl\/de\/#organization","name":"Eliassen Home & Garden Pleasure","url":"https:\/\/dev.eliassen.nl\/de\/","logo":{"@type":"ImageObject","inLanguage":"de","@id":"https:\/\/dev.eliassen.nl\/de\/#\/schema\/logo\/image\/","url":"https:\/\/www.eliassen.nl\/wp-content\/uploads\/2024\/01\/logo_4nd.jpg","contentUrl":"https:\/\/www.eliassen.nl\/wp-content\/uploads\/2024\/01\/logo_4nd.jpg","width":500,"height":500,"caption":"Eliassen Home & Garden Pleasure"},"image":{"@id":"https:\/\/dev.eliassen.nl\/de\/#\/schema\/logo\/image\/"},"sameAs":["https:\/\/www.facebook.com\/TuincentrumEliassenAmmerzoden","https:\/\/www.instagram.com\/eliassenhomeandgarden\/","https:\/\/nl.pinterest.com\/eliassenhomeandgarden\/","https:\/\/www.youtube.com\/@eliassenhomegardenpleasure4558"]}]}},"df_price":725,"df_sale_price":"","df_regular_price":725,"df_image_link":"https:\/\/dev.eliassen.nl\/wp-content\/uploads\/2025\/02\/Tuinbank-Sven-arduin-160cm-eliassen.nl_-300x175.jpg","image":"https:\/\/dev.eliassen.nl\/wp-content\/uploads\/2025\/02\/Tuinbank-Sven-arduin-160cm-eliassen.nl_-150x150.jpg","price_search":"<span class=\"woocommerce-Price-amount amount\"><bdi><span class=\"woocommerce-Price-currencySymbol\">&euro;<\/span>&nbsp;725,00<\/bdi><\/span>","category":"Gartenb\u00e4nke","_links":{"self":[{"href":"https:\/\/dev.eliassen.nl\/de\/wp-json\/wp\/v2\/product\/175474","targetHints":{"allow":["GET"]}}],"collection":[{"href":"https:\/\/dev.eliassen.nl\/de\/wp-json\/wp\/v2\/product"}],"about":[{"href":"https:\/\/dev.eliassen.nl\/de\/wp-json\/wp\/v2\/types\/product"}],"wp:featuredmedia":[{"embeddable":true,"href":"https:\/\/dev.eliassen.nl\/de\/wp-json\/wp\/v2\/media\/175025"}],"wp:attachment":[{"href":"https:\/\/dev.eliassen.nl\/de\/wp-json\/wp\/v2\/media?parent=175474"}],"wp:term":[{"taxonomy":"product_brand","embeddable":true,"href":"https:\/\/dev.eliassen.nl\/de\/wp-json\/wp\/v2\/product_brand?post=175474"},{"taxonomy":"product_cat","embeddable":true,"href":"https:\/\/dev.eliassen.nl\/de\/wp-json\/wp\/v2\/product_cat?post=175474"},{"taxonomy":"product_tag","embeddable":true,"href":"https:\/\/dev.eliassen.nl\/de\/wp-json\/wp\/v2\/product_tag?post=175474"}],"curies":[{"name":"wp","href":"https:\/\/api.w.org\/{rel}","templated":true}]}}