{"id":176189,"date":"2025-04-17T12:35:06","date_gmt":"2025-04-17T10:35:06","guid":{"rendered":"https:\/\/www.eliassen.nl\/?post_type=product&#038;p=176189"},"modified":"2025-04-17T12:35:07","modified_gmt":"2025-04-17T10:35:07","slug":"drypot-bloemenmand-van-normale-rotan-dia-80cm","status":"publish","type":"product","link":"https:\/\/dev.eliassen.nl\/nl\/drypot-bloemenmand-van-normale-rotan-dia-80cm\/","title":{"rendered":"Drypot bloemenmand van normale rotan dia 80cm"},"content":{"rendered":"<p>Deze zeer sterke mand met binnen pot is gemaakt van het zeer sterke rotan met een maximale dikte van 9mm.<\/p>\n<p>Rotan zijn stengels van een zeer sterke palmensoort, (<i>Calamus rotang)\u00a0<\/i>\u00a0die veel lijkt op bamboe, met het grote verschil met bamboe is dat rotan massief is.<\/p>\n<p>Uw tuinplanten of kamerplanten hebben met deze rotan pot een prachtige natuurlijke uitstraling, het zal ongetwijfeld een prachtige plant-pot combinatie zijn.<\/p>\n<p>Omdat deze manden met de binnenpot rechtstreeks op de grond staan, zullen deze manden zeer lang meegaan, omdat het rotan niet met de grond in aanraking komt.<\/p>\n<p>Deze pot-mand kunt u ook binnen gebruiken, maar er zal dan wel een schotel onderin de pot geplaatst moeten worden, om lekkage te voorkomen.<\/p>\n<ul>\n<li>Buiten maten 80x61cm hoog<\/li>\n<li>Binnendiameters: onderaan 42cm bovenaan 67cm<\/li>\n<li>Materiaal: Rotan-polypropyleen<\/li>\n<li>Kleur: Naturel<\/li>\n<li>Garantie: 1 jaar<\/li>\n<li><strong>OPHALEN KAN OOK NA AFSPRAAK<\/strong><\/li>\n<\/ul>\n","protected":false},"excerpt":{"rendered":"<p>\u2714 Zeer dik rotan \u2714 Hoge kwaliteit \u2714 Lange levensduur<\/p>\n","protected":false},"featured_media":176183,"template":"","meta":{"_acf_changed":false},"product_brand":[],"product_cat":[721,1417],"product_tag":[],"class_list":{"0":"post-176189","1":"product","2":"type-product","3":"status-publish","4":"has-post-thumbnail","6":"product_cat-bloempotten-en-bloembakken","7":"product_cat-rotan-manden","9":"first","10":"instock","11":"taxable","12":"shipping-taxable","13":"purchasable","14":"product-type-simple"},"acf":[],"yoast_head":"<!-- This site is optimized with the Yoast SEO plugin v23.8 - https:\/\/yoast.com\/wordpress\/plugins\/seo\/ -->\n<title>Drypot bloemenmand van normale rotan dia 80cm - Eliassen.nl<\/title>\n<meta name=\"description\" content=\"Prachtige bloemenmand van dik rotan met een brede bovenrand. Hoge kwaliteit en snel leverbaar. 80x62cm hoog.\" \/>\n<meta name=\"robots\" content=\"noindex, follow, max-snippet:-1, max-image-preview:large, max-video-preview:-1\" \/>\n<meta property=\"og:locale\" content=\"de_DE\" \/>\n<meta property=\"og:type\" content=\"article\" \/>\n<meta property=\"og:title\" content=\"Drypot bloemenmand van normale rotan dia 80cm - Eliassen.nl\" \/>\n<meta property=\"og:description\" content=\"Prachtige bloemenmand van dik rotan met een brede bovenrand. Hoge kwaliteit en snel leverbaar. 80x62cm hoog.\" \/>\n<meta property=\"og:url\" content=\"https:\/\/dev.eliassen.nl\/nl\/drypot-bloemenmand-van-normale-rotan-dia-80cm\/\" \/>\n<meta property=\"og:site_name\" content=\"Eliassen.nl\" \/>\n<meta property=\"article:publisher\" content=\"https:\/\/www.facebook.com\/TuincentrumEliassenAmmerzoden\" \/>\n<meta property=\"article:modified_time\" content=\"2025-04-17T10:35:07+00:00\" \/>\n<meta property=\"og:image\" content=\"https:\/\/dev.eliassen.nl\/wp-content\/uploads\/2025\/03\/Drypot-rotan-grijs-80cm-Eliassen.nl-901246.jpg\" \/>\n\t<meta property=\"og:image:width\" content=\"291\" \/>\n\t<meta property=\"og:image:height\" content=\"242\" \/>\n\t<meta property=\"og:image:type\" content=\"image\/jpeg\" \/>\n<meta name=\"twitter:card\" content=\"summary_large_image\" \/>\n<script type=\"application\/ld+json\" class=\"yoast-schema-graph\">{\"@context\":\"https:\/\/schema.org\",\"@graph\":[{\"@type\":\"WebPage\",\"@id\":\"https:\/\/dev.eliassen.nl\/nl\/drypot-bloemenmand-van-normale-rotan-dia-80cm\/\",\"url\":\"https:\/\/dev.eliassen.nl\/nl\/drypot-bloemenmand-van-normale-rotan-dia-80cm\/\",\"name\":\"Drypot bloemenmand van normale rotan dia 80cm - Eliassen.nl\",\"isPartOf\":{\"@id\":\"https:\/\/dev.eliassen.nl\/de\/#website\"},\"primaryImageOfPage\":{\"@id\":\"https:\/\/dev.eliassen.nl\/nl\/drypot-bloemenmand-van-normale-rotan-dia-80cm\/#primaryimage\"},\"image\":{\"@id\":\"https:\/\/dev.eliassen.nl\/nl\/drypot-bloemenmand-van-normale-rotan-dia-80cm\/#primaryimage\"},\"thumbnailUrl\":\"https:\/\/dev.eliassen.nl\/wp-content\/uploads\/2025\/03\/Drypot-rotan-grijs-80cm-Eliassen.nl-901246.jpg\",\"datePublished\":\"2025-04-17T10:35:06+00:00\",\"dateModified\":\"2025-04-17T10:35:07+00:00\",\"description\":\"Prachtige bloemenmand van dik rotan met een brede bovenrand. Hoge kwaliteit en snel leverbaar. 80x62cm hoog.\",\"breadcrumb\":{\"@id\":\"https:\/\/dev.eliassen.nl\/nl\/drypot-bloemenmand-van-normale-rotan-dia-80cm\/#breadcrumb\"},\"inLanguage\":\"de\",\"potentialAction\":[{\"@type\":\"ReadAction\",\"target\":[\"https:\/\/dev.eliassen.nl\/nl\/drypot-bloemenmand-van-normale-rotan-dia-80cm\/\"]}]},{\"@type\":\"ImageObject\",\"inLanguage\":\"de\",\"@id\":\"https:\/\/dev.eliassen.nl\/nl\/drypot-bloemenmand-van-normale-rotan-dia-80cm\/#primaryimage\",\"url\":\"https:\/\/dev.eliassen.nl\/wp-content\/uploads\/2025\/03\/Drypot-rotan-grijs-80cm-Eliassen.nl-901246.jpg\",\"contentUrl\":\"https:\/\/dev.eliassen.nl\/wp-content\/uploads\/2025\/03\/Drypot-rotan-grijs-80cm-Eliassen.nl-901246.jpg\",\"width\":291,\"height\":242},{\"@type\":\"BreadcrumbList\",\"@id\":\"https:\/\/dev.eliassen.nl\/nl\/drypot-bloemenmand-van-normale-rotan-dia-80cm\/#breadcrumb\",\"itemListElement\":[{\"@type\":\"ListItem\",\"position\":1,\"name\":\"Home\",\"item\":\"https:\/\/dev.eliassen.nl\/de\/\"},{\"@type\":\"ListItem\",\"position\":2,\"name\":\"Shop\",\"item\":\"https:\/\/dev.eliassen.nl\/nl\/winkel\/\"},{\"@type\":\"ListItem\",\"position\":3,\"name\":\"Blument\u00f6pfe und Pflanzgef\u00e4\u00dfe\",\"item\":\"https:\/\/dev.eliassen.nl\/de\/blumentoepfe-und-pflanzgefaesse\/\"},{\"@type\":\"ListItem\",\"position\":4,\"name\":\"Drypot bloemenmand van normale rotan dia 80cm\"}]},{\"@type\":\"WebSite\",\"@id\":\"https:\/\/dev.eliassen.nl\/de\/#website\",\"url\":\"https:\/\/dev.eliassen.nl\/de\/\",\"name\":\"Eliassen Home & Garden Pleasure\",\"description\":\"\",\"publisher\":{\"@id\":\"https:\/\/dev.eliassen.nl\/de\/#organization\"},\"alternateName\":\"Eliassen.nl\",\"potentialAction\":[{\"@type\":\"SearchAction\",\"target\":{\"@type\":\"EntryPoint\",\"urlTemplate\":\"https:\/\/dev.eliassen.nl\/de\/?s={search_term_string}\"},\"query-input\":{\"@type\":\"PropertyValueSpecification\",\"valueRequired\":true,\"valueName\":\"search_term_string\"}}],\"inLanguage\":\"de\"},{\"@type\":\"Organization\",\"@id\":\"https:\/\/dev.eliassen.nl\/de\/#organization\",\"name\":\"Eliassen Home & Garden Pleasure\",\"url\":\"https:\/\/dev.eliassen.nl\/de\/\",\"logo\":{\"@type\":\"ImageObject\",\"inLanguage\":\"de\",\"@id\":\"https:\/\/dev.eliassen.nl\/de\/#\/schema\/logo\/image\/\",\"url\":\"https:\/\/www.eliassen.nl\/wp-content\/uploads\/2024\/01\/logo_4nd.jpg\",\"contentUrl\":\"https:\/\/www.eliassen.nl\/wp-content\/uploads\/2024\/01\/logo_4nd.jpg\",\"width\":500,\"height\":500,\"caption\":\"Eliassen Home & Garden Pleasure\"},\"image\":{\"@id\":\"https:\/\/dev.eliassen.nl\/de\/#\/schema\/logo\/image\/\"},\"sameAs\":[\"https:\/\/www.facebook.com\/TuincentrumEliassenAmmerzoden\",\"https:\/\/www.instagram.com\/eliassenhomeandgarden\/\",\"https:\/\/nl.pinterest.com\/eliassenhomeandgarden\/\",\"https:\/\/www.youtube.com\/@eliassenhomegardenpleasure4558\"]}]}<\/script>\n<!-- \/ Yoast SEO plugin. -->","yoast_head_json":{"title":"Drypot bloemenmand van normale rotan dia 80cm - Eliassen.nl","description":"Prachtige bloemenmand van dik rotan met een brede bovenrand. Hoge kwaliteit en snel leverbaar. 80x62cm hoog.","robots":{"index":"noindex","follow":"follow","max-snippet":"max-snippet:-1","max-image-preview":"max-image-preview:large","max-video-preview":"max-video-preview:-1"},"og_locale":"de_DE","og_type":"article","og_title":"Drypot bloemenmand van normale rotan dia 80cm - Eliassen.nl","og_description":"Prachtige bloemenmand van dik rotan met een brede bovenrand. Hoge kwaliteit en snel leverbaar. 80x62cm hoog.","og_url":"https:\/\/dev.eliassen.nl\/nl\/drypot-bloemenmand-van-normale-rotan-dia-80cm\/","og_site_name":"Eliassen.nl","article_publisher":"https:\/\/www.facebook.com\/TuincentrumEliassenAmmerzoden","article_modified_time":"2025-04-17T10:35:07+00:00","og_image":[{"width":291,"height":242,"url":"https:\/\/dev.eliassen.nl\/wp-content\/uploads\/2025\/03\/Drypot-rotan-grijs-80cm-Eliassen.nl-901246.jpg","type":"image\/jpeg"}],"twitter_card":"summary_large_image","schema":{"@context":"https:\/\/schema.org","@graph":[{"@type":"WebPage","@id":"https:\/\/dev.eliassen.nl\/nl\/drypot-bloemenmand-van-normale-rotan-dia-80cm\/","url":"https:\/\/dev.eliassen.nl\/nl\/drypot-bloemenmand-van-normale-rotan-dia-80cm\/","name":"Drypot bloemenmand van normale rotan dia 80cm - Eliassen.nl","isPartOf":{"@id":"https:\/\/dev.eliassen.nl\/de\/#website"},"primaryImageOfPage":{"@id":"https:\/\/dev.eliassen.nl\/nl\/drypot-bloemenmand-van-normale-rotan-dia-80cm\/#primaryimage"},"image":{"@id":"https:\/\/dev.eliassen.nl\/nl\/drypot-bloemenmand-van-normale-rotan-dia-80cm\/#primaryimage"},"thumbnailUrl":"https:\/\/dev.eliassen.nl\/wp-content\/uploads\/2025\/03\/Drypot-rotan-grijs-80cm-Eliassen.nl-901246.jpg","datePublished":"2025-04-17T10:35:06+00:00","dateModified":"2025-04-17T10:35:07+00:00","description":"Prachtige bloemenmand van dik rotan met een brede bovenrand. Hoge kwaliteit en snel leverbaar. 80x62cm hoog.","breadcrumb":{"@id":"https:\/\/dev.eliassen.nl\/nl\/drypot-bloemenmand-van-normale-rotan-dia-80cm\/#breadcrumb"},"inLanguage":"de","potentialAction":[{"@type":"ReadAction","target":["https:\/\/dev.eliassen.nl\/nl\/drypot-bloemenmand-van-normale-rotan-dia-80cm\/"]}]},{"@type":"ImageObject","inLanguage":"de","@id":"https:\/\/dev.eliassen.nl\/nl\/drypot-bloemenmand-van-normale-rotan-dia-80cm\/#primaryimage","url":"https:\/\/dev.eliassen.nl\/wp-content\/uploads\/2025\/03\/Drypot-rotan-grijs-80cm-Eliassen.nl-901246.jpg","contentUrl":"https:\/\/dev.eliassen.nl\/wp-content\/uploads\/2025\/03\/Drypot-rotan-grijs-80cm-Eliassen.nl-901246.jpg","width":291,"height":242},{"@type":"BreadcrumbList","@id":"https:\/\/dev.eliassen.nl\/nl\/drypot-bloemenmand-van-normale-rotan-dia-80cm\/#breadcrumb","itemListElement":[{"@type":"ListItem","position":1,"name":"Home","item":"https:\/\/dev.eliassen.nl\/de\/"},{"@type":"ListItem","position":2,"name":"Shop","item":"https:\/\/dev.eliassen.nl\/nl\/winkel\/"},{"@type":"ListItem","position":3,"name":"Blument\u00f6pfe und Pflanzgef\u00e4\u00dfe","item":"https:\/\/dev.eliassen.nl\/de\/blumentoepfe-und-pflanzgefaesse\/"},{"@type":"ListItem","position":4,"name":"Drypot bloemenmand van normale rotan dia 80cm"}]},{"@type":"WebSite","@id":"https:\/\/dev.eliassen.nl\/de\/#website","url":"https:\/\/dev.eliassen.nl\/de\/","name":"Eliassen Home & Garden Pleasure","description":"","publisher":{"@id":"https:\/\/dev.eliassen.nl\/de\/#organization"},"alternateName":"Eliassen.nl","potentialAction":[{"@type":"SearchAction","target":{"@type":"EntryPoint","urlTemplate":"https:\/\/dev.eliassen.nl\/de\/?s={search_term_string}"},"query-input":{"@type":"PropertyValueSpecification","valueRequired":true,"valueName":"search_term_string"}}],"inLanguage":"de"},{"@type":"Organization","@id":"https:\/\/dev.eliassen.nl\/de\/#organization","name":"Eliassen Home & Garden Pleasure","url":"https:\/\/dev.eliassen.nl\/de\/","logo":{"@type":"ImageObject","inLanguage":"de","@id":"https:\/\/dev.eliassen.nl\/de\/#\/schema\/logo\/image\/","url":"https:\/\/www.eliassen.nl\/wp-content\/uploads\/2024\/01\/logo_4nd.jpg","contentUrl":"https:\/\/www.eliassen.nl\/wp-content\/uploads\/2024\/01\/logo_4nd.jpg","width":500,"height":500,"caption":"Eliassen Home & Garden Pleasure"},"image":{"@id":"https:\/\/dev.eliassen.nl\/de\/#\/schema\/logo\/image\/"},"sameAs":["https:\/\/www.facebook.com\/TuincentrumEliassenAmmerzoden","https:\/\/www.instagram.com\/eliassenhomeandgarden\/","https:\/\/nl.pinterest.com\/eliassenhomeandgarden\/","https:\/\/www.youtube.com\/@eliassenhomegardenpleasure4558"]}]}},"df_price":189,"df_sale_price":"","df_regular_price":189,"df_image_link":"https:\/\/dev.eliassen.nl\/wp-content\/uploads\/2025\/03\/Drypot-rotan-grijs-80cm-Eliassen.nl-901246.jpg","image":"https:\/\/dev.eliassen.nl\/wp-content\/uploads\/2025\/03\/Drypot-rotan-grijs-80cm-Eliassen.nl-901246-150x150.jpg","price_search":"<span class=\"woocommerce-Price-amount amount\"><bdi><span class=\"woocommerce-Price-currencySymbol\">&euro;<\/span>&nbsp;189,00<\/bdi><\/span>","category":"Bloempotten en Bloembakken","_links":{"self":[{"href":"https:\/\/dev.eliassen.nl\/de\/wp-json\/wp\/v2\/product\/176189","targetHints":{"allow":["GET"]}}],"collection":[{"href":"https:\/\/dev.eliassen.nl\/de\/wp-json\/wp\/v2\/product"}],"about":[{"href":"https:\/\/dev.eliassen.nl\/de\/wp-json\/wp\/v2\/types\/product"}],"wp:featuredmedia":[{"embeddable":true,"href":"https:\/\/dev.eliassen.nl\/de\/wp-json\/wp\/v2\/media\/176183"}],"wp:attachment":[{"href":"https:\/\/dev.eliassen.nl\/de\/wp-json\/wp\/v2\/media?parent=176189"}],"wp:term":[{"taxonomy":"product_brand","embeddable":true,"href":"https:\/\/dev.eliassen.nl\/de\/wp-json\/wp\/v2\/product_brand?post=176189"},{"taxonomy":"product_cat","embeddable":true,"href":"https:\/\/dev.eliassen.nl\/de\/wp-json\/wp\/v2\/product_cat?post=176189"},{"taxonomy":"product_tag","embeddable":true,"href":"https:\/\/dev.eliassen.nl\/de\/wp-json\/wp\/v2\/product_tag?post=176189"}],"curies":[{"name":"wp","href":"https:\/\/api.w.org\/{rel}","templated":true}]}}