{"id":17644,"date":"2019-10-28T18:50:22","date_gmt":"2019-10-28T17:50:22","guid":{"rendered":"https:\/\/www.eliassen.nl\/?product=wanddekoration-metall-3d-65x135cm-bori"},"modified":"2024-12-05T15:27:29","modified_gmt":"2024-12-05T14:27:29","slug":"wanddekoration-muscheln-metall-3d","status":"publish","type":"product","link":"https:\/\/dev.eliassen.nl\/de\/product\/wanddekoration-muscheln-metall-3d\/","title":{"rendered":"Wanddekoration Muscheln Metall 3D"},"content":{"rendered":"<p><span style=\"font-weight: 400;\">Muscheln haben viele symbolische Bedeutungen, zum Beispiel sind sie ein Symbol f\u00fcr Fruchtbarkeit, Liebe und Ehe. Im christlichen Glauben symbolisiert eine Muschel das Grab, das den Menschen nach dem Tod umschlie\u00dft. Die Idee, dass ein Schalentier vom Tau des Himmels befruchtet wird, macht die Muschel auch zu einem Symbol f\u00fcr Maria. Unsere 3D-Wanddekoration aus Metall Shells besteht aus kleinen Elementen, die Muscheln \u00e4hneln. Das Kunstwerk ist komplett handgefertigt und koloriert, sodass jedes Exemplar ein Unikat ist und sich von den Fotos unterscheidet.<\/span><\/p>\n<p>Komplett handgefertigte gro\u00dfe Wanddekoration aus Metall, Modell mit verschiedenen Rundungen und Farben. Eine wunderbare Erg\u00e4nzung f\u00fcr Ihr Zuhause oder drau\u00dfen unter einer Veranda. Da es von Hand bemalt wird, ist jedes St\u00fcck ein Unikat und die Form oder Farbe kann leicht vom Foto abweichen.<br \/><strong>Wir haben auch fast die gesamte Kollektion dieser in den Niederlanden einzigartigen Serie auf Lager.<\/strong> <strong>Nirgendwo sonst finden Sie eine so gro\u00dfe Sammlung. Gern geschehen.<\/strong><\/p>\n<ul>\n<li>Gr\u00f6\u00dfe: 74 x 149 cm<\/li>\n<li>Material: Metall<\/li>\n<li>Farbe: Verschiedene<\/li>\n<li>Einfach mit 2 Schrauben aufzuh\u00e4ngen<\/li>\n<li>Schnell geliefert<\/li>\n<li>Gr\u00f6\u00dfte Sammlung in den Benelux-L\u00e4ndern, die auch live betrachtet werden kann<\/li>\n<li>1 Jahr Garantie.<\/li>\n<\/ul>\n<div>\u00a0<\/div>\n","protected":false},"excerpt":{"rendered":"<p>Muscheln haben viele symbolische Bedeutungen, zum Beispiel sind sie ein Symbol f\u00fcr Fruchtbarkeit, Liebe und Ehe. Im christlichen Glauben symbolisiert eine Muschel das Grab, das den Menschen nach dem Tod umschlie\u00dft. Die Idee, dass ein Schalentier vom Tau des Himmels befruchtet wird, macht die Muschel auch zu einem Symbol f\u00fcr Maria. Unsere 3D-Wanddekoration aus Metall &hellip;<\/p>\n","protected":false},"featured_media":17641,"template":"","meta":{"_acf_changed":false},"product_brand":[6916],"product_cat":[512,509],"product_tag":[],"class_list":{"0":"post-17644","1":"product","2":"type-product","3":"status-publish","4":"has-post-thumbnail","6":"product_brand-eliassen-de","7":"product_cat-3d-wanddekoration-ohne-rahmen","8":"product_cat-wanddekoration","10":"first","11":"instock","12":"taxable","13":"shipping-taxable","14":"purchasable","15":"product-type-simple"},"acf":[],"yoast_head":"<!-- This site is optimized with the Yoast SEO plugin v23.8 - https:\/\/yoast.com\/wordpress\/plugins\/seo\/ -->\n<title>Wanddekoration Muscheln Metall 3D | Eliassen<\/title>\n<meta name=\"description\" content=\"Bei Eliassen kaufen Sie Wanddekoration SHELLS Metall 3D online oder sehen Sie sich live im Showroom an. Direkt online bestellen.\" \/>\n<meta name=\"robots\" content=\"noindex, follow, max-snippet:-1, max-image-preview:large, max-video-preview:-1\" \/>\n<meta property=\"og:locale\" content=\"de_DE\" \/>\n<meta property=\"og:type\" content=\"article\" \/>\n<meta property=\"og:title\" content=\"Wanddekoration Muscheln Metall 3D | Eliassen\" \/>\n<meta property=\"og:description\" content=\"Bei Eliassen kaufen Sie Wanddekoration SHELLS Metall 3D online oder sehen Sie sich live im Showroom an. Direkt online bestellen.\" \/>\n<meta property=\"og:url\" content=\"https:\/\/dev.eliassen.nl\/de\/product\/wanddekoration-muscheln-metall-3d\/\" \/>\n<meta property=\"og:site_name\" content=\"Eliassen.nl\" \/>\n<meta property=\"article:publisher\" content=\"https:\/\/www.facebook.com\/TuincentrumEliassenAmmerzoden\" \/>\n<meta property=\"article:modified_time\" content=\"2024-12-05T14:27:29+00:00\" \/>\n<meta property=\"og:image\" content=\"https:\/\/dev.eliassen.nl\/wp-content\/uploads\/2024\/01\/muurdecoratieschelpenmetaal3d.jpg\" \/>\n\t<meta property=\"og:image:width\" content=\"1024\" \/>\n\t<meta property=\"og:image:height\" content=\"460\" \/>\n\t<meta property=\"og:image:type\" content=\"image\/jpeg\" \/>\n<meta name=\"twitter:card\" content=\"summary_large_image\" \/>\n<script type=\"application\/ld+json\" class=\"yoast-schema-graph\">{\"@context\":\"https:\/\/schema.org\",\"@graph\":[{\"@type\":\"WebPage\",\"@id\":\"https:\/\/dev.eliassen.nl\/de\/product\/wanddekoration-muscheln-metall-3d\/\",\"url\":\"https:\/\/dev.eliassen.nl\/de\/product\/wanddekoration-muscheln-metall-3d\/\",\"name\":\"Wanddekoration Muscheln Metall 3D | Eliassen\",\"isPartOf\":{\"@id\":\"https:\/\/dev.eliassen.nl\/de\/#website\"},\"primaryImageOfPage\":{\"@id\":\"https:\/\/dev.eliassen.nl\/de\/product\/wanddekoration-muscheln-metall-3d\/#primaryimage\"},\"image\":{\"@id\":\"https:\/\/dev.eliassen.nl\/de\/product\/wanddekoration-muscheln-metall-3d\/#primaryimage\"},\"thumbnailUrl\":\"https:\/\/dev.eliassen.nl\/wp-content\/uploads\/2024\/01\/muurdecoratieschelpenmetaal3d.jpg\",\"datePublished\":\"2019-10-28T17:50:22+00:00\",\"dateModified\":\"2024-12-05T14:27:29+00:00\",\"description\":\"Bei Eliassen kaufen Sie Wanddekoration SHELLS Metall 3D online oder sehen Sie sich live im Showroom an. Direkt online bestellen.\",\"breadcrumb\":{\"@id\":\"https:\/\/dev.eliassen.nl\/de\/product\/wanddekoration-muscheln-metall-3d\/#breadcrumb\"},\"inLanguage\":\"de\",\"potentialAction\":[{\"@type\":\"ReadAction\",\"target\":[\"https:\/\/dev.eliassen.nl\/de\/product\/wanddekoration-muscheln-metall-3d\/\"]}]},{\"@type\":\"ImageObject\",\"inLanguage\":\"de\",\"@id\":\"https:\/\/dev.eliassen.nl\/de\/product\/wanddekoration-muscheln-metall-3d\/#primaryimage\",\"url\":\"https:\/\/dev.eliassen.nl\/wp-content\/uploads\/2024\/01\/muurdecoratieschelpenmetaal3d.jpg\",\"contentUrl\":\"https:\/\/dev.eliassen.nl\/wp-content\/uploads\/2024\/01\/muurdecoratieschelpenmetaal3d.jpg\",\"width\":1024,\"height\":460,\"caption\":\"Muurdecoratie SCHELPEN metaal 3D\"},{\"@type\":\"BreadcrumbList\",\"@id\":\"https:\/\/dev.eliassen.nl\/de\/product\/wanddekoration-muscheln-metall-3d\/#breadcrumb\",\"itemListElement\":[{\"@type\":\"ListItem\",\"position\":1,\"name\":\"Home\",\"item\":\"https:\/\/dev.eliassen.nl\/de\/\"},{\"@type\":\"ListItem\",\"position\":2,\"name\":\"Shop\",\"item\":\"https:\/\/dev.eliassen.nl\/nl\/winkel\/\"},{\"@type\":\"ListItem\",\"position\":3,\"name\":\"Wanddekoration\",\"item\":\"https:\/\/dev.eliassen.nl\/de\/wanddekoration\/\"},{\"@type\":\"ListItem\",\"position\":4,\"name\":\"3D-Wanddekoration ohne Rahmen\",\"item\":\"https:\/\/dev.eliassen.nl\/de\/wanddekoration\/3d-wanddekoration-ohne-rahmen\/\"},{\"@type\":\"ListItem\",\"position\":5,\"name\":\"Wanddekoration Muscheln Metall 3D\"}]},{\"@type\":\"WebSite\",\"@id\":\"https:\/\/dev.eliassen.nl\/de\/#website\",\"url\":\"https:\/\/dev.eliassen.nl\/de\/\",\"name\":\"Eliassen Home & Garden Pleasure\",\"description\":\"\",\"publisher\":{\"@id\":\"https:\/\/dev.eliassen.nl\/de\/#organization\"},\"alternateName\":\"Eliassen.nl\",\"potentialAction\":[{\"@type\":\"SearchAction\",\"target\":{\"@type\":\"EntryPoint\",\"urlTemplate\":\"https:\/\/dev.eliassen.nl\/de\/?s={search_term_string}\"},\"query-input\":{\"@type\":\"PropertyValueSpecification\",\"valueRequired\":true,\"valueName\":\"search_term_string\"}}],\"inLanguage\":\"de\"},{\"@type\":\"Organization\",\"@id\":\"https:\/\/dev.eliassen.nl\/de\/#organization\",\"name\":\"Eliassen Home & Garden Pleasure\",\"url\":\"https:\/\/dev.eliassen.nl\/de\/\",\"logo\":{\"@type\":\"ImageObject\",\"inLanguage\":\"de\",\"@id\":\"https:\/\/dev.eliassen.nl\/de\/#\/schema\/logo\/image\/\",\"url\":\"https:\/\/www.eliassen.nl\/wp-content\/uploads\/2024\/01\/logo_4nd.jpg\",\"contentUrl\":\"https:\/\/www.eliassen.nl\/wp-content\/uploads\/2024\/01\/logo_4nd.jpg\",\"width\":500,\"height\":500,\"caption\":\"Eliassen Home & Garden Pleasure\"},\"image\":{\"@id\":\"https:\/\/dev.eliassen.nl\/de\/#\/schema\/logo\/image\/\"},\"sameAs\":[\"https:\/\/www.facebook.com\/TuincentrumEliassenAmmerzoden\",\"https:\/\/www.instagram.com\/eliassenhomeandgarden\/\",\"https:\/\/nl.pinterest.com\/eliassenhomeandgarden\/\",\"https:\/\/www.youtube.com\/@eliassenhomegardenpleasure4558\"]}]}<\/script>\n<!-- \/ Yoast SEO plugin. -->","yoast_head_json":{"title":"Wanddekoration Muscheln Metall 3D | Eliassen","description":"Bei Eliassen kaufen Sie Wanddekoration SHELLS Metall 3D online oder sehen Sie sich live im Showroom an. Direkt online bestellen.","robots":{"index":"noindex","follow":"follow","max-snippet":"max-snippet:-1","max-image-preview":"max-image-preview:large","max-video-preview":"max-video-preview:-1"},"og_locale":"de_DE","og_type":"article","og_title":"Wanddekoration Muscheln Metall 3D | Eliassen","og_description":"Bei Eliassen kaufen Sie Wanddekoration SHELLS Metall 3D online oder sehen Sie sich live im Showroom an. Direkt online bestellen.","og_url":"https:\/\/dev.eliassen.nl\/de\/product\/wanddekoration-muscheln-metall-3d\/","og_site_name":"Eliassen.nl","article_publisher":"https:\/\/www.facebook.com\/TuincentrumEliassenAmmerzoden","article_modified_time":"2024-12-05T14:27:29+00:00","og_image":[{"width":1024,"height":460,"url":"https:\/\/dev.eliassen.nl\/wp-content\/uploads\/2024\/01\/muurdecoratieschelpenmetaal3d.jpg","type":"image\/jpeg"}],"twitter_card":"summary_large_image","schema":{"@context":"https:\/\/schema.org","@graph":[{"@type":"WebPage","@id":"https:\/\/dev.eliassen.nl\/de\/product\/wanddekoration-muscheln-metall-3d\/","url":"https:\/\/dev.eliassen.nl\/de\/product\/wanddekoration-muscheln-metall-3d\/","name":"Wanddekoration Muscheln Metall 3D | Eliassen","isPartOf":{"@id":"https:\/\/dev.eliassen.nl\/de\/#website"},"primaryImageOfPage":{"@id":"https:\/\/dev.eliassen.nl\/de\/product\/wanddekoration-muscheln-metall-3d\/#primaryimage"},"image":{"@id":"https:\/\/dev.eliassen.nl\/de\/product\/wanddekoration-muscheln-metall-3d\/#primaryimage"},"thumbnailUrl":"https:\/\/dev.eliassen.nl\/wp-content\/uploads\/2024\/01\/muurdecoratieschelpenmetaal3d.jpg","datePublished":"2019-10-28T17:50:22+00:00","dateModified":"2024-12-05T14:27:29+00:00","description":"Bei Eliassen kaufen Sie Wanddekoration SHELLS Metall 3D online oder sehen Sie sich live im Showroom an. Direkt online bestellen.","breadcrumb":{"@id":"https:\/\/dev.eliassen.nl\/de\/product\/wanddekoration-muscheln-metall-3d\/#breadcrumb"},"inLanguage":"de","potentialAction":[{"@type":"ReadAction","target":["https:\/\/dev.eliassen.nl\/de\/product\/wanddekoration-muscheln-metall-3d\/"]}]},{"@type":"ImageObject","inLanguage":"de","@id":"https:\/\/dev.eliassen.nl\/de\/product\/wanddekoration-muscheln-metall-3d\/#primaryimage","url":"https:\/\/dev.eliassen.nl\/wp-content\/uploads\/2024\/01\/muurdecoratieschelpenmetaal3d.jpg","contentUrl":"https:\/\/dev.eliassen.nl\/wp-content\/uploads\/2024\/01\/muurdecoratieschelpenmetaal3d.jpg","width":1024,"height":460,"caption":"Muurdecoratie SCHELPEN metaal 3D"},{"@type":"BreadcrumbList","@id":"https:\/\/dev.eliassen.nl\/de\/product\/wanddekoration-muscheln-metall-3d\/#breadcrumb","itemListElement":[{"@type":"ListItem","position":1,"name":"Home","item":"https:\/\/dev.eliassen.nl\/de\/"},{"@type":"ListItem","position":2,"name":"Shop","item":"https:\/\/dev.eliassen.nl\/nl\/winkel\/"},{"@type":"ListItem","position":3,"name":"Wanddekoration","item":"https:\/\/dev.eliassen.nl\/de\/wanddekoration\/"},{"@type":"ListItem","position":4,"name":"3D-Wanddekoration ohne Rahmen","item":"https:\/\/dev.eliassen.nl\/de\/wanddekoration\/3d-wanddekoration-ohne-rahmen\/"},{"@type":"ListItem","position":5,"name":"Wanddekoration Muscheln Metall 3D"}]},{"@type":"WebSite","@id":"https:\/\/dev.eliassen.nl\/de\/#website","url":"https:\/\/dev.eliassen.nl\/de\/","name":"Eliassen Home & Garden Pleasure","description":"","publisher":{"@id":"https:\/\/dev.eliassen.nl\/de\/#organization"},"alternateName":"Eliassen.nl","potentialAction":[{"@type":"SearchAction","target":{"@type":"EntryPoint","urlTemplate":"https:\/\/dev.eliassen.nl\/de\/?s={search_term_string}"},"query-input":{"@type":"PropertyValueSpecification","valueRequired":true,"valueName":"search_term_string"}}],"inLanguage":"de"},{"@type":"Organization","@id":"https:\/\/dev.eliassen.nl\/de\/#organization","name":"Eliassen Home & Garden Pleasure","url":"https:\/\/dev.eliassen.nl\/de\/","logo":{"@type":"ImageObject","inLanguage":"de","@id":"https:\/\/dev.eliassen.nl\/de\/#\/schema\/logo\/image\/","url":"https:\/\/www.eliassen.nl\/wp-content\/uploads\/2024\/01\/logo_4nd.jpg","contentUrl":"https:\/\/www.eliassen.nl\/wp-content\/uploads\/2024\/01\/logo_4nd.jpg","width":500,"height":500,"caption":"Eliassen Home & Garden Pleasure"},"image":{"@id":"https:\/\/dev.eliassen.nl\/de\/#\/schema\/logo\/image\/"},"sameAs":["https:\/\/www.facebook.com\/TuincentrumEliassenAmmerzoden","https:\/\/www.instagram.com\/eliassenhomeandgarden\/","https:\/\/nl.pinterest.com\/eliassenhomeandgarden\/","https:\/\/www.youtube.com\/@eliassenhomegardenpleasure4558"]}]}},"df_price":169,"df_sale_price":"","df_regular_price":169,"df_image_link":"https:\/\/dev.eliassen.nl\/wp-content\/uploads\/2024\/01\/muurdecoratieschelpenmetaal3d.jpg","image":"https:\/\/dev.eliassen.nl\/wp-content\/uploads\/2024\/01\/muurdecoratieschelpenmetaal3d.jpg","price_search":"<span class=\"woocommerce-Price-amount amount\"><bdi><span class=\"woocommerce-Price-currencySymbol\">&euro;<\/span>&nbsp;169,00<\/bdi><\/span>","category":"3D-Wanddekoration ohne Rahmen","_links":{"self":[{"href":"https:\/\/dev.eliassen.nl\/de\/wp-json\/wp\/v2\/product\/17644","targetHints":{"allow":["GET"]}}],"collection":[{"href":"https:\/\/dev.eliassen.nl\/de\/wp-json\/wp\/v2\/product"}],"about":[{"href":"https:\/\/dev.eliassen.nl\/de\/wp-json\/wp\/v2\/types\/product"}],"wp:featuredmedia":[{"embeddable":true,"href":"https:\/\/dev.eliassen.nl\/de\/wp-json\/wp\/v2\/media\/17641"}],"wp:attachment":[{"href":"https:\/\/dev.eliassen.nl\/de\/wp-json\/wp\/v2\/media?parent=17644"}],"wp:term":[{"taxonomy":"product_brand","embeddable":true,"href":"https:\/\/dev.eliassen.nl\/de\/wp-json\/wp\/v2\/product_brand?post=17644"},{"taxonomy":"product_cat","embeddable":true,"href":"https:\/\/dev.eliassen.nl\/de\/wp-json\/wp\/v2\/product_cat?post=17644"},{"taxonomy":"product_tag","embeddable":true,"href":"https:\/\/dev.eliassen.nl\/de\/wp-json\/wp\/v2\/product_tag?post=17644"}],"curies":[{"name":"wp","href":"https:\/\/api.w.org\/{rel}","templated":true}]}}