{"id":17692,"date":"2019-10-28T18:51:37","date_gmt":"2019-10-28T17:51:37","guid":{"rendered":"https:\/\/www.eliassen.nl\/?product=sitzendes-paar-xl-der-bronzestatue-copy"},"modified":"2024-12-05T15:27:38","modified_gmt":"2024-12-05T14:27:38","slug":"bronzeskulptur-tanzerin-mit-scharpe","status":"publish","type":"product","link":"https:\/\/dev.eliassen.nl\/de\/product\/bronzeskulptur-tanzerin-mit-scharpe\/","title":{"rendered":"Bronzeskulptur T\u00e4nzerin mit Sch\u00e4rpe"},"content":{"rendered":"<p>Wundersch\u00f6n gestaltete Statue einer tanzenden Ballerina mit Sch\u00e4rpe aus 100 % Bronze mit einem Kupfergehalt von mindestens 75 %.<\/p>\n<p>Sch\u00f6n, um Ihr Zuhause oder Gesch\u00e4ft zu versch\u00f6nern, aber sicherlich auch ein sch\u00f6nes Geschenk f\u00fcr ein Jubil\u00e4um oder einen Geburtstag.<\/p>\n<p>Vergessen Sie nicht, unseren Laden zu besuchen, wir haben die gr\u00f6\u00dfte Sammlung von Bronzestatuen in den Niederlanden!!<\/p>\n<p>Gr\u00f6\u00dfe: 69 x 27 x 47 cm<\/p>\n<p>Garantie: 20 Jahre<\/p>\n<p>\u00b7 Schnelle Lieferung<\/p>\n<p>20 Jahre Garantie<\/p>\n<p>\u00b7 Showroom mit mindestens 400 Bronzeartikeln.<\/p>\n","protected":false},"excerpt":{"rendered":"<p>Wundersch\u00f6n gestaltete Statue einer tanzenden Ballerina mit Sch\u00e4rpe aus 100 % Bronze mit einem Kupfergehalt von mindestens 75 %. Sch\u00f6n, um Ihr Zuhause oder Gesch\u00e4ft zu versch\u00f6nern, aber sicherlich auch ein sch\u00f6nes Geschenk f\u00fcr ein Jubil\u00e4um oder einen Geburtstag. Vergessen Sie nicht, unseren Laden zu besuchen, wir haben die gr\u00f6\u00dfte Sammlung von Bronzestatuen in den &hellip;<\/p>\n","protected":false},"featured_media":17689,"template":"","meta":{"_acf_changed":false},"product_brand":[6916],"product_cat":[613,620,1355,7239],"product_tag":[],"class_list":{"0":"post-17692","1":"product","2":"type-product","3":"status-publish","4":"has-post-thumbnail","6":"product_brand-eliassen-de","7":"product_cat-bronzestatuen","8":"product_cat-moderne-bronzestatuen","9":"product_cat-sportdekoration","10":"product_cat-statuen-skulpturen","12":"first","13":"onbackorder","14":"taxable","15":"shipping-taxable","16":"purchasable","17":"product-type-simple"},"acf":[],"yoast_head":"<!-- This site is optimized with the Yoast SEO plugin v23.8 - https:\/\/yoast.com\/wordpress\/plugins\/seo\/ -->\n<title>Bronzeskulptur Tanzende Ballerina mit Sch\u00e4rpe | Eliassen<\/title>\n<meta name=\"description\" content=\"Bei Eliassen k\u00f6nnen Sie die Bronzeskulptur Ballerina tanzend mit Sch\u00e4rpe online kaufen oder live im Showroom ansehen. Direkt online bestellen.\" \/>\n<meta name=\"robots\" content=\"noindex, follow, max-snippet:-1, max-image-preview:large, max-video-preview:-1\" \/>\n<meta property=\"og:locale\" content=\"de_DE\" \/>\n<meta property=\"og:type\" content=\"article\" \/>\n<meta property=\"og:title\" content=\"Bronzeskulptur Tanzende Ballerina mit Sch\u00e4rpe | Eliassen\" \/>\n<meta property=\"og:description\" content=\"Bei Eliassen k\u00f6nnen Sie die Bronzeskulptur Ballerina tanzend mit Sch\u00e4rpe online kaufen oder live im Showroom ansehen. Direkt online bestellen.\" \/>\n<meta property=\"og:url\" content=\"https:\/\/dev.eliassen.nl\/de\/product\/bronzeskulptur-tanzerin-mit-scharpe\/\" \/>\n<meta property=\"og:site_name\" content=\"Eliassen.nl\" \/>\n<meta property=\"article:publisher\" content=\"https:\/\/www.facebook.com\/TuincentrumEliassenAmmerzoden\" \/>\n<meta property=\"article:modified_time\" content=\"2024-12-05T14:27:38+00:00\" \/>\n<meta property=\"og:image\" content=\"https:\/\/dev.eliassen.nl\/wp-content\/uploads\/2024\/01\/therm.jpg\" \/>\n\t<meta property=\"og:image:width\" content=\"1000\" \/>\n\t<meta property=\"og:image:height\" content=\"750\" \/>\n\t<meta property=\"og:image:type\" content=\"image\/jpeg\" \/>\n<meta name=\"twitter:card\" content=\"summary_large_image\" \/>\n<script type=\"application\/ld+json\" class=\"yoast-schema-graph\">{\"@context\":\"https:\/\/schema.org\",\"@graph\":[{\"@type\":\"WebPage\",\"@id\":\"https:\/\/dev.eliassen.nl\/de\/product\/bronzeskulptur-tanzerin-mit-scharpe\/\",\"url\":\"https:\/\/dev.eliassen.nl\/de\/product\/bronzeskulptur-tanzerin-mit-scharpe\/\",\"name\":\"Bronzeskulptur Tanzende Ballerina mit Sch\u00e4rpe | Eliassen\",\"isPartOf\":{\"@id\":\"https:\/\/dev.eliassen.nl\/de\/#website\"},\"primaryImageOfPage\":{\"@id\":\"https:\/\/dev.eliassen.nl\/de\/product\/bronzeskulptur-tanzerin-mit-scharpe\/#primaryimage\"},\"image\":{\"@id\":\"https:\/\/dev.eliassen.nl\/de\/product\/bronzeskulptur-tanzerin-mit-scharpe\/#primaryimage\"},\"thumbnailUrl\":\"https:\/\/dev.eliassen.nl\/wp-content\/uploads\/2024\/01\/therm.jpg\",\"datePublished\":\"2019-10-28T17:51:37+00:00\",\"dateModified\":\"2024-12-05T14:27:38+00:00\",\"description\":\"Bei Eliassen k\u00f6nnen Sie die Bronzeskulptur Ballerina tanzend mit Sch\u00e4rpe online kaufen oder live im Showroom ansehen. Direkt online bestellen.\",\"breadcrumb\":{\"@id\":\"https:\/\/dev.eliassen.nl\/de\/product\/bronzeskulptur-tanzerin-mit-scharpe\/#breadcrumb\"},\"inLanguage\":\"de\",\"potentialAction\":[{\"@type\":\"ReadAction\",\"target\":[\"https:\/\/dev.eliassen.nl\/de\/product\/bronzeskulptur-tanzerin-mit-scharpe\/\"]}]},{\"@type\":\"ImageObject\",\"inLanguage\":\"de\",\"@id\":\"https:\/\/dev.eliassen.nl\/de\/product\/bronzeskulptur-tanzerin-mit-scharpe\/#primaryimage\",\"url\":\"https:\/\/dev.eliassen.nl\/wp-content\/uploads\/2024\/01\/therm.jpg\",\"contentUrl\":\"https:\/\/dev.eliassen.nl\/wp-content\/uploads\/2024\/01\/therm.jpg\",\"width\":1000,\"height\":750,\"caption\":\"therm\"},{\"@type\":\"BreadcrumbList\",\"@id\":\"https:\/\/dev.eliassen.nl\/de\/product\/bronzeskulptur-tanzerin-mit-scharpe\/#breadcrumb\",\"itemListElement\":[{\"@type\":\"ListItem\",\"position\":1,\"name\":\"Home\",\"item\":\"https:\/\/dev.eliassen.nl\/de\/\"},{\"@type\":\"ListItem\",\"position\":2,\"name\":\"Shop\",\"item\":\"https:\/\/dev.eliassen.nl\/nl\/winkel\/\"},{\"@type\":\"ListItem\",\"position\":3,\"name\":\"Bronzestatuen\",\"item\":\"https:\/\/dev.eliassen.nl\/de\/bilder\/bronzestatuen\/\"},{\"@type\":\"ListItem\",\"position\":4,\"name\":\"Moderne Bronzestatuen\",\"item\":\"https:\/\/dev.eliassen.nl\/de\/bilder\/bronzestatuen\/moderne-bronzestatuen\/\"},{\"@type\":\"ListItem\",\"position\":5,\"name\":\"Bronzeskulptur T\u00e4nzerin mit Sch\u00e4rpe\"}]},{\"@type\":\"WebSite\",\"@id\":\"https:\/\/dev.eliassen.nl\/de\/#website\",\"url\":\"https:\/\/dev.eliassen.nl\/de\/\",\"name\":\"Eliassen Home & Garden Pleasure\",\"description\":\"\",\"publisher\":{\"@id\":\"https:\/\/dev.eliassen.nl\/de\/#organization\"},\"alternateName\":\"Eliassen.nl\",\"potentialAction\":[{\"@type\":\"SearchAction\",\"target\":{\"@type\":\"EntryPoint\",\"urlTemplate\":\"https:\/\/dev.eliassen.nl\/de\/?s={search_term_string}\"},\"query-input\":{\"@type\":\"PropertyValueSpecification\",\"valueRequired\":true,\"valueName\":\"search_term_string\"}}],\"inLanguage\":\"de\"},{\"@type\":\"Organization\",\"@id\":\"https:\/\/dev.eliassen.nl\/de\/#organization\",\"name\":\"Eliassen Home & Garden Pleasure\",\"url\":\"https:\/\/dev.eliassen.nl\/de\/\",\"logo\":{\"@type\":\"ImageObject\",\"inLanguage\":\"de\",\"@id\":\"https:\/\/dev.eliassen.nl\/de\/#\/schema\/logo\/image\/\",\"url\":\"https:\/\/www.eliassen.nl\/wp-content\/uploads\/2024\/01\/logo_4nd.jpg\",\"contentUrl\":\"https:\/\/www.eliassen.nl\/wp-content\/uploads\/2024\/01\/logo_4nd.jpg\",\"width\":500,\"height\":500,\"caption\":\"Eliassen Home & Garden Pleasure\"},\"image\":{\"@id\":\"https:\/\/dev.eliassen.nl\/de\/#\/schema\/logo\/image\/\"},\"sameAs\":[\"https:\/\/www.facebook.com\/TuincentrumEliassenAmmerzoden\",\"https:\/\/www.instagram.com\/eliassenhomeandgarden\/\",\"https:\/\/nl.pinterest.com\/eliassenhomeandgarden\/\",\"https:\/\/www.youtube.com\/@eliassenhomegardenpleasure4558\"]}]}<\/script>\n<!-- \/ Yoast SEO plugin. -->","yoast_head_json":{"title":"Bronzeskulptur Tanzende Ballerina mit Sch\u00e4rpe | Eliassen","description":"Bei Eliassen k\u00f6nnen Sie die Bronzeskulptur Ballerina tanzend mit Sch\u00e4rpe online kaufen oder live im Showroom ansehen. Direkt online bestellen.","robots":{"index":"noindex","follow":"follow","max-snippet":"max-snippet:-1","max-image-preview":"max-image-preview:large","max-video-preview":"max-video-preview:-1"},"og_locale":"de_DE","og_type":"article","og_title":"Bronzeskulptur Tanzende Ballerina mit Sch\u00e4rpe | Eliassen","og_description":"Bei Eliassen k\u00f6nnen Sie die Bronzeskulptur Ballerina tanzend mit Sch\u00e4rpe online kaufen oder live im Showroom ansehen. Direkt online bestellen.","og_url":"https:\/\/dev.eliassen.nl\/de\/product\/bronzeskulptur-tanzerin-mit-scharpe\/","og_site_name":"Eliassen.nl","article_publisher":"https:\/\/www.facebook.com\/TuincentrumEliassenAmmerzoden","article_modified_time":"2024-12-05T14:27:38+00:00","og_image":[{"width":1000,"height":750,"url":"https:\/\/dev.eliassen.nl\/wp-content\/uploads\/2024\/01\/therm.jpg","type":"image\/jpeg"}],"twitter_card":"summary_large_image","schema":{"@context":"https:\/\/schema.org","@graph":[{"@type":"WebPage","@id":"https:\/\/dev.eliassen.nl\/de\/product\/bronzeskulptur-tanzerin-mit-scharpe\/","url":"https:\/\/dev.eliassen.nl\/de\/product\/bronzeskulptur-tanzerin-mit-scharpe\/","name":"Bronzeskulptur Tanzende Ballerina mit Sch\u00e4rpe | Eliassen","isPartOf":{"@id":"https:\/\/dev.eliassen.nl\/de\/#website"},"primaryImageOfPage":{"@id":"https:\/\/dev.eliassen.nl\/de\/product\/bronzeskulptur-tanzerin-mit-scharpe\/#primaryimage"},"image":{"@id":"https:\/\/dev.eliassen.nl\/de\/product\/bronzeskulptur-tanzerin-mit-scharpe\/#primaryimage"},"thumbnailUrl":"https:\/\/dev.eliassen.nl\/wp-content\/uploads\/2024\/01\/therm.jpg","datePublished":"2019-10-28T17:51:37+00:00","dateModified":"2024-12-05T14:27:38+00:00","description":"Bei Eliassen k\u00f6nnen Sie die Bronzeskulptur Ballerina tanzend mit Sch\u00e4rpe online kaufen oder live im Showroom ansehen. Direkt online bestellen.","breadcrumb":{"@id":"https:\/\/dev.eliassen.nl\/de\/product\/bronzeskulptur-tanzerin-mit-scharpe\/#breadcrumb"},"inLanguage":"de","potentialAction":[{"@type":"ReadAction","target":["https:\/\/dev.eliassen.nl\/de\/product\/bronzeskulptur-tanzerin-mit-scharpe\/"]}]},{"@type":"ImageObject","inLanguage":"de","@id":"https:\/\/dev.eliassen.nl\/de\/product\/bronzeskulptur-tanzerin-mit-scharpe\/#primaryimage","url":"https:\/\/dev.eliassen.nl\/wp-content\/uploads\/2024\/01\/therm.jpg","contentUrl":"https:\/\/dev.eliassen.nl\/wp-content\/uploads\/2024\/01\/therm.jpg","width":1000,"height":750,"caption":"therm"},{"@type":"BreadcrumbList","@id":"https:\/\/dev.eliassen.nl\/de\/product\/bronzeskulptur-tanzerin-mit-scharpe\/#breadcrumb","itemListElement":[{"@type":"ListItem","position":1,"name":"Home","item":"https:\/\/dev.eliassen.nl\/de\/"},{"@type":"ListItem","position":2,"name":"Shop","item":"https:\/\/dev.eliassen.nl\/nl\/winkel\/"},{"@type":"ListItem","position":3,"name":"Bronzestatuen","item":"https:\/\/dev.eliassen.nl\/de\/bilder\/bronzestatuen\/"},{"@type":"ListItem","position":4,"name":"Moderne Bronzestatuen","item":"https:\/\/dev.eliassen.nl\/de\/bilder\/bronzestatuen\/moderne-bronzestatuen\/"},{"@type":"ListItem","position":5,"name":"Bronzeskulptur T\u00e4nzerin mit Sch\u00e4rpe"}]},{"@type":"WebSite","@id":"https:\/\/dev.eliassen.nl\/de\/#website","url":"https:\/\/dev.eliassen.nl\/de\/","name":"Eliassen Home & Garden Pleasure","description":"","publisher":{"@id":"https:\/\/dev.eliassen.nl\/de\/#organization"},"alternateName":"Eliassen.nl","potentialAction":[{"@type":"SearchAction","target":{"@type":"EntryPoint","urlTemplate":"https:\/\/dev.eliassen.nl\/de\/?s={search_term_string}"},"query-input":{"@type":"PropertyValueSpecification","valueRequired":true,"valueName":"search_term_string"}}],"inLanguage":"de"},{"@type":"Organization","@id":"https:\/\/dev.eliassen.nl\/de\/#organization","name":"Eliassen Home & Garden Pleasure","url":"https:\/\/dev.eliassen.nl\/de\/","logo":{"@type":"ImageObject","inLanguage":"de","@id":"https:\/\/dev.eliassen.nl\/de\/#\/schema\/logo\/image\/","url":"https:\/\/www.eliassen.nl\/wp-content\/uploads\/2024\/01\/logo_4nd.jpg","contentUrl":"https:\/\/www.eliassen.nl\/wp-content\/uploads\/2024\/01\/logo_4nd.jpg","width":500,"height":500,"caption":"Eliassen Home & Garden Pleasure"},"image":{"@id":"https:\/\/dev.eliassen.nl\/de\/#\/schema\/logo\/image\/"},"sameAs":["https:\/\/www.facebook.com\/TuincentrumEliassenAmmerzoden","https:\/\/www.instagram.com\/eliassenhomeandgarden\/","https:\/\/nl.pinterest.com\/eliassenhomeandgarden\/","https:\/\/www.youtube.com\/@eliassenhomegardenpleasure4558"]}]}},"df_price":1403,"df_sale_price":"","df_regular_price":1403,"df_image_link":"https:\/\/dev.eliassen.nl\/wp-content\/uploads\/2024\/01\/therm.jpg","image":"https:\/\/dev.eliassen.nl\/wp-content\/uploads\/2024\/01\/therm.jpg","price_search":"<span class=\"woocommerce-Price-amount amount\"><bdi><span class=\"woocommerce-Price-currencySymbol\">&euro;<\/span>&nbsp;1.403,00<\/bdi><\/span>","category":"Bronzestatuen","_links":{"self":[{"href":"https:\/\/dev.eliassen.nl\/de\/wp-json\/wp\/v2\/product\/17692","targetHints":{"allow":["GET"]}}],"collection":[{"href":"https:\/\/dev.eliassen.nl\/de\/wp-json\/wp\/v2\/product"}],"about":[{"href":"https:\/\/dev.eliassen.nl\/de\/wp-json\/wp\/v2\/types\/product"}],"wp:featuredmedia":[{"embeddable":true,"href":"https:\/\/dev.eliassen.nl\/de\/wp-json\/wp\/v2\/media\/17689"}],"wp:attachment":[{"href":"https:\/\/dev.eliassen.nl\/de\/wp-json\/wp\/v2\/media?parent=17692"}],"wp:term":[{"taxonomy":"product_brand","embeddable":true,"href":"https:\/\/dev.eliassen.nl\/de\/wp-json\/wp\/v2\/product_brand?post=17692"},{"taxonomy":"product_cat","embeddable":true,"href":"https:\/\/dev.eliassen.nl\/de\/wp-json\/wp\/v2\/product_cat?post=17692"},{"taxonomy":"product_tag","embeddable":true,"href":"https:\/\/dev.eliassen.nl\/de\/wp-json\/wp\/v2\/product_tag?post=17692"}],"curies":[{"name":"wp","href":"https:\/\/api.w.org\/{rel}","templated":true}]}}