{"id":179002,"date":"2025-04-11T12:21:00","date_gmt":"2025-04-11T10:21:00","guid":{"rendered":"https:\/\/www.eliassen.nl\/?post_type=product&#038;p=179002"},"modified":"2025-04-30T13:14:21","modified_gmt":"2025-04-30T11:14:21","slug":"plantenschaal-jarno-ovaal-antraciet-70cm","status":"publish","type":"product","link":"https:\/\/dev.eliassen.nl\/nl\/plantenschaal-jarno-ovaal-antraciet-70cm\/","title":{"rendered":"Plantenschaal Jarno ovaal antraciet 70cm"},"content":{"rendered":"<p>Wilt u een grote antraciet kleurige ovale plantenschaal, die geschikt is voor praktisch alle planten, die zeer sterk is, kleurvast, en licht van gewicht is, dan de keuze voor deze pot snel gemaakt. Deze grote lichtgewicht ovale schaal kunt u nauwelijks van echt onderscheiden, de kleur en uitstraling is precies eender als een pot van steen.<\/p>\n<p>Deze plantenschaal is geschikt voor binnen en buiten plaatsing, bij gebruik in de tuin, moet u niet vergeten gaten te boren in de bodem. Doordat er in deze pot veel weekmaker verwerkt is, hoeft u bij deze pot niet bang te zijn voor spontane scheuren.<\/p>\n<ul>\n<li>Licht van gewicht<\/li>\n<li>Maat: Lengte 70cm, breedte 38cm en totale hoogte 27cm<\/li>\n<li>Natuur getrouwe weergave<\/li>\n<li>Voor binnen en buiten<\/li>\n<li>Kleurvast<\/li>\n<li>1 jaar garantie<\/li>\n<li><strong>Materiaal: duurzaam Recycle kunststof<\/strong><\/li>\n<li><\/li>\n<\/ul>\n","protected":false},"excerpt":{"rendered":"<p>\u2714 Licht gewicht \u2714 Afmeting 70x38x27cm hoog<\/p>\n","protected":false},"featured_media":179021,"template":"","meta":{"_acf_changed":false},"product_brand":[],"product_cat":[721,739],"product_tag":[],"class_list":{"0":"post-179002","1":"product","2":"type-product","3":"status-publish","4":"has-post-thumbnail","6":"product_cat-bloempotten-en-bloembakken","7":"product_cat-plantenpotten-buiten-groot-lichtgewicht","9":"first","10":"instock","11":"taxable","12":"shipping-taxable","13":"purchasable","14":"product-type-simple"},"acf":[],"yoast_head":"<!-- This site is optimized with the Yoast SEO plugin v23.8 - https:\/\/yoast.com\/wordpress\/plugins\/seo\/ -->\n<title>Plantenschaal Jarno ovaal antraciet 70cm - Eliassen.nl<\/title>\n<meta name=\"description\" content=\"Een mooie kunststof plantenschaal in antraciet kleur. Aantrekkelijk geprijsd en snel leverbaar. Geschikt voor zowel binnen als buiten.\" \/>\n<meta name=\"robots\" content=\"noindex, follow, max-snippet:-1, max-image-preview:large, max-video-preview:-1\" \/>\n<meta property=\"og:locale\" content=\"de_DE\" \/>\n<meta property=\"og:type\" content=\"article\" \/>\n<meta property=\"og:title\" content=\"Plantenschaal Jarno ovaal antraciet 70cm - Eliassen.nl\" \/>\n<meta property=\"og:description\" content=\"Een mooie kunststof plantenschaal in antraciet kleur. Aantrekkelijk geprijsd en snel leverbaar. Geschikt voor zowel binnen als buiten.\" \/>\n<meta property=\"og:url\" content=\"https:\/\/dev.eliassen.nl\/nl\/plantenschaal-jarno-ovaal-antraciet-70cm\/\" \/>\n<meta property=\"og:site_name\" content=\"Eliassen.nl\" \/>\n<meta property=\"article:publisher\" content=\"https:\/\/www.facebook.com\/TuincentrumEliassenAmmerzoden\" \/>\n<meta property=\"article:modified_time\" content=\"2025-04-30T11:14:21+00:00\" \/>\n<meta property=\"og:image\" content=\"https:\/\/dev.eliassen.nl\/wp-content\/uploads\/2025\/04\/Bloembak-ovaal-Jarno-Eliassen.nl_.jpg\" \/>\n\t<meta property=\"og:image:width\" content=\"1600\" \/>\n\t<meta property=\"og:image:height\" content=\"705\" \/>\n\t<meta property=\"og:image:type\" content=\"image\/jpeg\" \/>\n<meta name=\"twitter:card\" content=\"summary_large_image\" \/>\n<script type=\"application\/ld+json\" class=\"yoast-schema-graph\">{\"@context\":\"https:\/\/schema.org\",\"@graph\":[{\"@type\":\"WebPage\",\"@id\":\"https:\/\/dev.eliassen.nl\/nl\/plantenschaal-jarno-ovaal-antraciet-70cm\/\",\"url\":\"https:\/\/dev.eliassen.nl\/nl\/plantenschaal-jarno-ovaal-antraciet-70cm\/\",\"name\":\"Plantenschaal Jarno ovaal antraciet 70cm - Eliassen.nl\",\"isPartOf\":{\"@id\":\"https:\/\/dev.eliassen.nl\/de\/#website\"},\"primaryImageOfPage\":{\"@id\":\"https:\/\/dev.eliassen.nl\/nl\/plantenschaal-jarno-ovaal-antraciet-70cm\/#primaryimage\"},\"image\":{\"@id\":\"https:\/\/dev.eliassen.nl\/nl\/plantenschaal-jarno-ovaal-antraciet-70cm\/#primaryimage\"},\"thumbnailUrl\":\"https:\/\/dev.eliassen.nl\/wp-content\/uploads\/2025\/04\/Bloembak-ovaal-Jarno-Eliassen.nl_.jpg\",\"datePublished\":\"2025-04-11T10:21:00+00:00\",\"dateModified\":\"2025-04-30T11:14:21+00:00\",\"description\":\"Een mooie kunststof plantenschaal in antraciet kleur. Aantrekkelijk geprijsd en snel leverbaar. Geschikt voor zowel binnen als buiten.\",\"breadcrumb\":{\"@id\":\"https:\/\/dev.eliassen.nl\/nl\/plantenschaal-jarno-ovaal-antraciet-70cm\/#breadcrumb\"},\"inLanguage\":\"de\",\"potentialAction\":[{\"@type\":\"ReadAction\",\"target\":[\"https:\/\/dev.eliassen.nl\/nl\/plantenschaal-jarno-ovaal-antraciet-70cm\/\"]}]},{\"@type\":\"ImageObject\",\"inLanguage\":\"de\",\"@id\":\"https:\/\/dev.eliassen.nl\/nl\/plantenschaal-jarno-ovaal-antraciet-70cm\/#primaryimage\",\"url\":\"https:\/\/dev.eliassen.nl\/wp-content\/uploads\/2025\/04\/Bloembak-ovaal-Jarno-Eliassen.nl_.jpg\",\"contentUrl\":\"https:\/\/dev.eliassen.nl\/wp-content\/uploads\/2025\/04\/Bloembak-ovaal-Jarno-Eliassen.nl_.jpg\",\"width\":1600,\"height\":705},{\"@type\":\"BreadcrumbList\",\"@id\":\"https:\/\/dev.eliassen.nl\/nl\/plantenschaal-jarno-ovaal-antraciet-70cm\/#breadcrumb\",\"itemListElement\":[{\"@type\":\"ListItem\",\"position\":1,\"name\":\"Home\",\"item\":\"https:\/\/dev.eliassen.nl\/de\/\"},{\"@type\":\"ListItem\",\"position\":2,\"name\":\"Shop\",\"item\":\"https:\/\/dev.eliassen.nl\/nl\/winkel\/\"},{\"@type\":\"ListItem\",\"position\":3,\"name\":\"Blument\u00f6pfe und Pflanzgef\u00e4\u00dfe\",\"item\":\"https:\/\/dev.eliassen.nl\/de\/blumentoepfe-und-pflanzgefaesse\/\"},{\"@type\":\"ListItem\",\"position\":4,\"name\":\"Pflanzk\u00fcbel f\u00fcr den Au\u00dfenbereich gro\u00df leicht\",\"item\":\"https:\/\/dev.eliassen.nl\/de\/blumentoepfe-und-pflanzgefaesse\/pflanzkuebel-fuer-den-aussenbereich-gross-leicht\/\"},{\"@type\":\"ListItem\",\"position\":5,\"name\":\"Plantenschaal Jarno ovaal antraciet 70cm\"}]},{\"@type\":\"WebSite\",\"@id\":\"https:\/\/dev.eliassen.nl\/de\/#website\",\"url\":\"https:\/\/dev.eliassen.nl\/de\/\",\"name\":\"Eliassen Home & Garden Pleasure\",\"description\":\"\",\"publisher\":{\"@id\":\"https:\/\/dev.eliassen.nl\/de\/#organization\"},\"alternateName\":\"Eliassen.nl\",\"potentialAction\":[{\"@type\":\"SearchAction\",\"target\":{\"@type\":\"EntryPoint\",\"urlTemplate\":\"https:\/\/dev.eliassen.nl\/de\/?s={search_term_string}\"},\"query-input\":{\"@type\":\"PropertyValueSpecification\",\"valueRequired\":true,\"valueName\":\"search_term_string\"}}],\"inLanguage\":\"de\"},{\"@type\":\"Organization\",\"@id\":\"https:\/\/dev.eliassen.nl\/de\/#organization\",\"name\":\"Eliassen Home & Garden Pleasure\",\"url\":\"https:\/\/dev.eliassen.nl\/de\/\",\"logo\":{\"@type\":\"ImageObject\",\"inLanguage\":\"de\",\"@id\":\"https:\/\/dev.eliassen.nl\/de\/#\/schema\/logo\/image\/\",\"url\":\"https:\/\/www.eliassen.nl\/wp-content\/uploads\/2024\/01\/logo_4nd.jpg\",\"contentUrl\":\"https:\/\/www.eliassen.nl\/wp-content\/uploads\/2024\/01\/logo_4nd.jpg\",\"width\":500,\"height\":500,\"caption\":\"Eliassen Home & Garden Pleasure\"},\"image\":{\"@id\":\"https:\/\/dev.eliassen.nl\/de\/#\/schema\/logo\/image\/\"},\"sameAs\":[\"https:\/\/www.facebook.com\/TuincentrumEliassenAmmerzoden\",\"https:\/\/www.instagram.com\/eliassenhomeandgarden\/\",\"https:\/\/nl.pinterest.com\/eliassenhomeandgarden\/\",\"https:\/\/www.youtube.com\/@eliassenhomegardenpleasure4558\"]}]}<\/script>\n<!-- \/ Yoast SEO plugin. -->","yoast_head_json":{"title":"Plantenschaal Jarno ovaal antraciet 70cm - Eliassen.nl","description":"Een mooie kunststof plantenschaal in antraciet kleur. Aantrekkelijk geprijsd en snel leverbaar. Geschikt voor zowel binnen als buiten.","robots":{"index":"noindex","follow":"follow","max-snippet":"max-snippet:-1","max-image-preview":"max-image-preview:large","max-video-preview":"max-video-preview:-1"},"og_locale":"de_DE","og_type":"article","og_title":"Plantenschaal Jarno ovaal antraciet 70cm - Eliassen.nl","og_description":"Een mooie kunststof plantenschaal in antraciet kleur. Aantrekkelijk geprijsd en snel leverbaar. Geschikt voor zowel binnen als buiten.","og_url":"https:\/\/dev.eliassen.nl\/nl\/plantenschaal-jarno-ovaal-antraciet-70cm\/","og_site_name":"Eliassen.nl","article_publisher":"https:\/\/www.facebook.com\/TuincentrumEliassenAmmerzoden","article_modified_time":"2025-04-30T11:14:21+00:00","og_image":[{"width":1600,"height":705,"url":"https:\/\/dev.eliassen.nl\/wp-content\/uploads\/2025\/04\/Bloembak-ovaal-Jarno-Eliassen.nl_.jpg","type":"image\/jpeg"}],"twitter_card":"summary_large_image","schema":{"@context":"https:\/\/schema.org","@graph":[{"@type":"WebPage","@id":"https:\/\/dev.eliassen.nl\/nl\/plantenschaal-jarno-ovaal-antraciet-70cm\/","url":"https:\/\/dev.eliassen.nl\/nl\/plantenschaal-jarno-ovaal-antraciet-70cm\/","name":"Plantenschaal Jarno ovaal antraciet 70cm - Eliassen.nl","isPartOf":{"@id":"https:\/\/dev.eliassen.nl\/de\/#website"},"primaryImageOfPage":{"@id":"https:\/\/dev.eliassen.nl\/nl\/plantenschaal-jarno-ovaal-antraciet-70cm\/#primaryimage"},"image":{"@id":"https:\/\/dev.eliassen.nl\/nl\/plantenschaal-jarno-ovaal-antraciet-70cm\/#primaryimage"},"thumbnailUrl":"https:\/\/dev.eliassen.nl\/wp-content\/uploads\/2025\/04\/Bloembak-ovaal-Jarno-Eliassen.nl_.jpg","datePublished":"2025-04-11T10:21:00+00:00","dateModified":"2025-04-30T11:14:21+00:00","description":"Een mooie kunststof plantenschaal in antraciet kleur. Aantrekkelijk geprijsd en snel leverbaar. Geschikt voor zowel binnen als buiten.","breadcrumb":{"@id":"https:\/\/dev.eliassen.nl\/nl\/plantenschaal-jarno-ovaal-antraciet-70cm\/#breadcrumb"},"inLanguage":"de","potentialAction":[{"@type":"ReadAction","target":["https:\/\/dev.eliassen.nl\/nl\/plantenschaal-jarno-ovaal-antraciet-70cm\/"]}]},{"@type":"ImageObject","inLanguage":"de","@id":"https:\/\/dev.eliassen.nl\/nl\/plantenschaal-jarno-ovaal-antraciet-70cm\/#primaryimage","url":"https:\/\/dev.eliassen.nl\/wp-content\/uploads\/2025\/04\/Bloembak-ovaal-Jarno-Eliassen.nl_.jpg","contentUrl":"https:\/\/dev.eliassen.nl\/wp-content\/uploads\/2025\/04\/Bloembak-ovaal-Jarno-Eliassen.nl_.jpg","width":1600,"height":705},{"@type":"BreadcrumbList","@id":"https:\/\/dev.eliassen.nl\/nl\/plantenschaal-jarno-ovaal-antraciet-70cm\/#breadcrumb","itemListElement":[{"@type":"ListItem","position":1,"name":"Home","item":"https:\/\/dev.eliassen.nl\/de\/"},{"@type":"ListItem","position":2,"name":"Shop","item":"https:\/\/dev.eliassen.nl\/nl\/winkel\/"},{"@type":"ListItem","position":3,"name":"Blument\u00f6pfe und Pflanzgef\u00e4\u00dfe","item":"https:\/\/dev.eliassen.nl\/de\/blumentoepfe-und-pflanzgefaesse\/"},{"@type":"ListItem","position":4,"name":"Pflanzk\u00fcbel f\u00fcr den Au\u00dfenbereich gro\u00df leicht","item":"https:\/\/dev.eliassen.nl\/de\/blumentoepfe-und-pflanzgefaesse\/pflanzkuebel-fuer-den-aussenbereich-gross-leicht\/"},{"@type":"ListItem","position":5,"name":"Plantenschaal Jarno ovaal antraciet 70cm"}]},{"@type":"WebSite","@id":"https:\/\/dev.eliassen.nl\/de\/#website","url":"https:\/\/dev.eliassen.nl\/de\/","name":"Eliassen Home & Garden Pleasure","description":"","publisher":{"@id":"https:\/\/dev.eliassen.nl\/de\/#organization"},"alternateName":"Eliassen.nl","potentialAction":[{"@type":"SearchAction","target":{"@type":"EntryPoint","urlTemplate":"https:\/\/dev.eliassen.nl\/de\/?s={search_term_string}"},"query-input":{"@type":"PropertyValueSpecification","valueRequired":true,"valueName":"search_term_string"}}],"inLanguage":"de"},{"@type":"Organization","@id":"https:\/\/dev.eliassen.nl\/de\/#organization","name":"Eliassen Home & Garden Pleasure","url":"https:\/\/dev.eliassen.nl\/de\/","logo":{"@type":"ImageObject","inLanguage":"de","@id":"https:\/\/dev.eliassen.nl\/de\/#\/schema\/logo\/image\/","url":"https:\/\/www.eliassen.nl\/wp-content\/uploads\/2024\/01\/logo_4nd.jpg","contentUrl":"https:\/\/www.eliassen.nl\/wp-content\/uploads\/2024\/01\/logo_4nd.jpg","width":500,"height":500,"caption":"Eliassen Home & Garden Pleasure"},"image":{"@id":"https:\/\/dev.eliassen.nl\/de\/#\/schema\/logo\/image\/"},"sameAs":["https:\/\/www.facebook.com\/TuincentrumEliassenAmmerzoden","https:\/\/www.instagram.com\/eliassenhomeandgarden\/","https:\/\/nl.pinterest.com\/eliassenhomeandgarden\/","https:\/\/www.youtube.com\/@eliassenhomegardenpleasure4558"]}]}},"df_price":24.95,"df_sale_price":"","df_regular_price":24.95,"df_image_link":"https:\/\/dev.eliassen.nl\/wp-content\/uploads\/2025\/04\/Bloembak-ovaal-Jarno-Eliassen.nl_-300x132.jpg","image":"https:\/\/dev.eliassen.nl\/wp-content\/uploads\/2025\/04\/Bloembak-ovaal-Jarno-Eliassen.nl_-150x150.jpg","price_search":"<span class=\"woocommerce-Price-amount amount\"><bdi><span class=\"woocommerce-Price-currencySymbol\">&euro;<\/span>&nbsp;24,95<\/bdi><\/span>","category":"Bloempotten en Bloembakken","_links":{"self":[{"href":"https:\/\/dev.eliassen.nl\/de\/wp-json\/wp\/v2\/product\/179002","targetHints":{"allow":["GET"]}}],"collection":[{"href":"https:\/\/dev.eliassen.nl\/de\/wp-json\/wp\/v2\/product"}],"about":[{"href":"https:\/\/dev.eliassen.nl\/de\/wp-json\/wp\/v2\/types\/product"}],"wp:featuredmedia":[{"embeddable":true,"href":"https:\/\/dev.eliassen.nl\/de\/wp-json\/wp\/v2\/media\/179021"}],"wp:attachment":[{"href":"https:\/\/dev.eliassen.nl\/de\/wp-json\/wp\/v2\/media?parent=179002"}],"wp:term":[{"taxonomy":"product_brand","embeddable":true,"href":"https:\/\/dev.eliassen.nl\/de\/wp-json\/wp\/v2\/product_brand?post=179002"},{"taxonomy":"product_cat","embeddable":true,"href":"https:\/\/dev.eliassen.nl\/de\/wp-json\/wp\/v2\/product_cat?post=179002"},{"taxonomy":"product_tag","embeddable":true,"href":"https:\/\/dev.eliassen.nl\/de\/wp-json\/wp\/v2\/product_tag?post=179002"}],"curies":[{"name":"wp","href":"https:\/\/api.w.org\/{rel}","templated":true}]}}