{"id":17947,"date":"2019-10-28T18:55:51","date_gmt":"2019-10-28T17:55:51","guid":{"rendered":"https:\/\/www.eliassen.nl\/?product=wanddekoration-metall-3d-aronia-copy"},"modified":"2024-12-05T15:28:22","modified_gmt":"2024-12-05T14:28:22","slug":"wanddekoration-3d-kreise-aus-metall-calore-102cm","status":"publish","type":"product","link":"https:\/\/dev.eliassen.nl\/de\/product\/wanddekoration-3d-kreise-aus-metall-calore-102cm\/","title":{"rendered":"Wanddekoration 3D-Kreise aus Metall Calore 102cm"},"content":{"rendered":"<p><span style=\"font-weight: 400;\">Wenn Sie auf der Suche nach einer einzigartigen und beeindruckenden Dekoration f\u00fcr Ihr Zuhause oder B\u00fcro sind, dann ist unsere 3D-Wanddekoration Calore aus Metall genau das Richtige f\u00fcr Sie. Dieses dreidimensionale Metallwerk besteht aus St\u00e4ben und Kreisen und wird vollst\u00e4ndig von Hand gefertigt. Die Farben Bronze, Silber und Gold wechseln sich ab und verleihen dem Werk ein elegantes Aussehen. Da es sich bei diesem Werk um reine Handarbeit handelt, ist jedes Exemplar ein Unikat und das Endprodukt wird immer leicht von den Fotos abweichen.<\/span><\/p>\n<p>Diese dreidimensionale Wanddekoration aus Metall mit Balken und Kreisen schm\u00fcckt jedes moderne Interieur oder jeden Arbeitsplatz wundersch\u00f6n. Diese attraktive und zeitlose Wanddekoration wird ein echter Hingucker sein.<\/p>\n<ul>\n<li>Gr\u00f6\u00dfe: 102 cm breit x 86 cm hoch<\/li>\n<li>Material: Metall<\/li>\n<li>Farbe: Verschiedene<\/li>\n<li>Einfache Aufh\u00e4ngung mit 2 Schrauben<\/li>\n<li>Schnell geliefert<\/li>\n<li>Gr\u00f6\u00dfte Sammlung in den Benelux-L\u00e4ndern, die auch live besichtigt werden kann.<\/li>\n<li>1 Jahr Garantie<\/li>\n<\/ul>\n","protected":false},"excerpt":{"rendered":"<p>Wenn Sie auf der Suche nach einer einzigartigen und beeindruckenden Dekoration f\u00fcr Ihr Zuhause oder B\u00fcro sind, dann ist unsere 3D-Wanddekoration Calore aus Metall genau das Richtige f\u00fcr Sie. Dieses dreidimensionale Metallwerk besteht aus St\u00e4ben und Kreisen und wird vollst\u00e4ndig von Hand gefertigt. Die Farben Bronze, Silber und Gold wechseln sich ab und verleihen dem &hellip;<\/p>\n","protected":false},"featured_media":17935,"template":"","meta":{"_acf_changed":false},"product_brand":[],"product_cat":[512,509],"product_tag":[],"class_list":{"0":"post-17947","1":"product","2":"type-product","3":"status-publish","4":"has-post-thumbnail","6":"product_cat-3d-wanddekoration-ohne-rahmen","7":"product_cat-wanddekoration","9":"first","10":"instock","11":"taxable","12":"shipping-taxable","13":"purchasable","14":"product-type-simple"},"acf":[],"yoast_head":"<!-- This site is optimized with the Yoast SEO plugin v23.8 - https:\/\/yoast.com\/wordpress\/plugins\/seo\/ -->\n<title>Wanddekoration 3D-Kreise aus Metall Calore | Eliassen.nl<\/title>\n<meta name=\"description\" content=\"Wanddekoration 3D-Kreise aus Metall Calore in den sch\u00f6nen Farben Gold, Wei\u00df und Braun. Eine sch\u00f6ne Kombination. Geeignet f\u00fcr jede Art von Inneneinrichtung.\" \/>\n<meta name=\"robots\" content=\"noindex, follow, max-snippet:-1, max-image-preview:large, max-video-preview:-1\" \/>\n<meta property=\"og:locale\" content=\"de_DE\" \/>\n<meta property=\"og:type\" content=\"article\" \/>\n<meta property=\"og:title\" content=\"Wanddekoration 3D-Kreise aus Metall Calore | Eliassen.nl\" \/>\n<meta property=\"og:description\" content=\"Wanddekoration 3D-Kreise aus Metall Calore in den sch\u00f6nen Farben Gold, Wei\u00df und Braun. Eine sch\u00f6ne Kombination. Geeignet f\u00fcr jede Art von Inneneinrichtung.\" \/>\n<meta property=\"og:url\" content=\"https:\/\/dev.eliassen.nl\/de\/product\/wanddekoration-3d-kreise-aus-metall-calore-102cm\/\" \/>\n<meta property=\"og:site_name\" content=\"Eliassen.nl\" \/>\n<meta property=\"article:publisher\" content=\"https:\/\/www.facebook.com\/TuincentrumEliassenAmmerzoden\" \/>\n<meta property=\"article:modified_time\" content=\"2024-12-05T14:28:22+00:00\" \/>\n<meta property=\"og:image\" content=\"https:\/\/dev.eliassen.nl\/wp-content\/uploads\/2024\/01\/muurdecoratiemetaal3dcirkelscaloreeliassenn.jpg\" \/>\n\t<meta property=\"og:image:width\" content=\"1024\" \/>\n\t<meta property=\"og:image:height\" content=\"682\" \/>\n\t<meta property=\"og:image:type\" content=\"image\/jpeg\" \/>\n<meta name=\"twitter:card\" content=\"summary_large_image\" \/>\n<script type=\"application\/ld+json\" class=\"yoast-schema-graph\">{\"@context\":\"https:\/\/schema.org\",\"@graph\":[{\"@type\":\"WebPage\",\"@id\":\"https:\/\/dev.eliassen.nl\/de\/product\/wanddekoration-3d-kreise-aus-metall-calore-102cm\/\",\"url\":\"https:\/\/dev.eliassen.nl\/de\/product\/wanddekoration-3d-kreise-aus-metall-calore-102cm\/\",\"name\":\"Wanddekoration 3D-Kreise aus Metall Calore | Eliassen.nl\",\"isPartOf\":{\"@id\":\"https:\/\/dev.eliassen.nl\/de\/#website\"},\"primaryImageOfPage\":{\"@id\":\"https:\/\/dev.eliassen.nl\/de\/product\/wanddekoration-3d-kreise-aus-metall-calore-102cm\/#primaryimage\"},\"image\":{\"@id\":\"https:\/\/dev.eliassen.nl\/de\/product\/wanddekoration-3d-kreise-aus-metall-calore-102cm\/#primaryimage\"},\"thumbnailUrl\":\"https:\/\/dev.eliassen.nl\/wp-content\/uploads\/2024\/01\/muurdecoratiemetaal3dcirkelscaloreeliassenn.jpg\",\"datePublished\":\"2019-10-28T17:55:51+00:00\",\"dateModified\":\"2024-12-05T14:28:22+00:00\",\"description\":\"Wanddekoration 3D-Kreise aus Metall Calore in den sch\u00f6nen Farben Gold, Wei\u00df und Braun. Eine sch\u00f6ne Kombination. Geeignet f\u00fcr jede Art von Inneneinrichtung.\",\"breadcrumb\":{\"@id\":\"https:\/\/dev.eliassen.nl\/de\/product\/wanddekoration-3d-kreise-aus-metall-calore-102cm\/#breadcrumb\"},\"inLanguage\":\"de\",\"potentialAction\":[{\"@type\":\"ReadAction\",\"target\":[\"https:\/\/dev.eliassen.nl\/de\/product\/wanddekoration-3d-kreise-aus-metall-calore-102cm\/\"]}]},{\"@type\":\"ImageObject\",\"inLanguage\":\"de\",\"@id\":\"https:\/\/dev.eliassen.nl\/de\/product\/wanddekoration-3d-kreise-aus-metall-calore-102cm\/#primaryimage\",\"url\":\"https:\/\/dev.eliassen.nl\/wp-content\/uploads\/2024\/01\/muurdecoratiemetaal3dcirkelscaloreeliassenn.jpg\",\"contentUrl\":\"https:\/\/dev.eliassen.nl\/wp-content\/uploads\/2024\/01\/muurdecoratiemetaal3dcirkelscaloreeliassenn.jpg\",\"width\":1024,\"height\":682,\"caption\":\"Muurdecoratie metaal 3D cirkels Calore - Eliassen.nl\"},{\"@type\":\"BreadcrumbList\",\"@id\":\"https:\/\/dev.eliassen.nl\/de\/product\/wanddekoration-3d-kreise-aus-metall-calore-102cm\/#breadcrumb\",\"itemListElement\":[{\"@type\":\"ListItem\",\"position\":1,\"name\":\"Home\",\"item\":\"https:\/\/dev.eliassen.nl\/de\/\"},{\"@type\":\"ListItem\",\"position\":2,\"name\":\"Shop\",\"item\":\"https:\/\/dev.eliassen.nl\/nl\/winkel\/\"},{\"@type\":\"ListItem\",\"position\":3,\"name\":\"Wanddekoration\",\"item\":\"https:\/\/dev.eliassen.nl\/de\/wanddekoration\/\"},{\"@type\":\"ListItem\",\"position\":4,\"name\":\"3D-Wanddekoration ohne Rahmen\",\"item\":\"https:\/\/dev.eliassen.nl\/de\/wanddekoration\/3d-wanddekoration-ohne-rahmen\/\"},{\"@type\":\"ListItem\",\"position\":5,\"name\":\"Wanddekoration 3D-Kreise aus Metall Calore 102cm\"}]},{\"@type\":\"WebSite\",\"@id\":\"https:\/\/dev.eliassen.nl\/de\/#website\",\"url\":\"https:\/\/dev.eliassen.nl\/de\/\",\"name\":\"Eliassen Home & Garden Pleasure\",\"description\":\"\",\"publisher\":{\"@id\":\"https:\/\/dev.eliassen.nl\/de\/#organization\"},\"alternateName\":\"Eliassen.nl\",\"potentialAction\":[{\"@type\":\"SearchAction\",\"target\":{\"@type\":\"EntryPoint\",\"urlTemplate\":\"https:\/\/dev.eliassen.nl\/de\/?s={search_term_string}\"},\"query-input\":{\"@type\":\"PropertyValueSpecification\",\"valueRequired\":true,\"valueName\":\"search_term_string\"}}],\"inLanguage\":\"de\"},{\"@type\":\"Organization\",\"@id\":\"https:\/\/dev.eliassen.nl\/de\/#organization\",\"name\":\"Eliassen Home & Garden Pleasure\",\"url\":\"https:\/\/dev.eliassen.nl\/de\/\",\"logo\":{\"@type\":\"ImageObject\",\"inLanguage\":\"de\",\"@id\":\"https:\/\/dev.eliassen.nl\/de\/#\/schema\/logo\/image\/\",\"url\":\"https:\/\/www.eliassen.nl\/wp-content\/uploads\/2024\/01\/logo_4nd.jpg\",\"contentUrl\":\"https:\/\/www.eliassen.nl\/wp-content\/uploads\/2024\/01\/logo_4nd.jpg\",\"width\":500,\"height\":500,\"caption\":\"Eliassen Home & Garden Pleasure\"},\"image\":{\"@id\":\"https:\/\/dev.eliassen.nl\/de\/#\/schema\/logo\/image\/\"},\"sameAs\":[\"https:\/\/www.facebook.com\/TuincentrumEliassenAmmerzoden\",\"https:\/\/www.instagram.com\/eliassenhomeandgarden\/\",\"https:\/\/nl.pinterest.com\/eliassenhomeandgarden\/\",\"https:\/\/www.youtube.com\/@eliassenhomegardenpleasure4558\"]}]}<\/script>\n<!-- \/ Yoast SEO plugin. -->","yoast_head_json":{"title":"Wanddekoration 3D-Kreise aus Metall Calore | Eliassen.nl","description":"Wanddekoration 3D-Kreise aus Metall Calore in den sch\u00f6nen Farben Gold, Wei\u00df und Braun. Eine sch\u00f6ne Kombination. Geeignet f\u00fcr jede Art von Inneneinrichtung.","robots":{"index":"noindex","follow":"follow","max-snippet":"max-snippet:-1","max-image-preview":"max-image-preview:large","max-video-preview":"max-video-preview:-1"},"og_locale":"de_DE","og_type":"article","og_title":"Wanddekoration 3D-Kreise aus Metall Calore | Eliassen.nl","og_description":"Wanddekoration 3D-Kreise aus Metall Calore in den sch\u00f6nen Farben Gold, Wei\u00df und Braun. Eine sch\u00f6ne Kombination. Geeignet f\u00fcr jede Art von Inneneinrichtung.","og_url":"https:\/\/dev.eliassen.nl\/de\/product\/wanddekoration-3d-kreise-aus-metall-calore-102cm\/","og_site_name":"Eliassen.nl","article_publisher":"https:\/\/www.facebook.com\/TuincentrumEliassenAmmerzoden","article_modified_time":"2024-12-05T14:28:22+00:00","og_image":[{"width":1024,"height":682,"url":"https:\/\/dev.eliassen.nl\/wp-content\/uploads\/2024\/01\/muurdecoratiemetaal3dcirkelscaloreeliassenn.jpg","type":"image\/jpeg"}],"twitter_card":"summary_large_image","schema":{"@context":"https:\/\/schema.org","@graph":[{"@type":"WebPage","@id":"https:\/\/dev.eliassen.nl\/de\/product\/wanddekoration-3d-kreise-aus-metall-calore-102cm\/","url":"https:\/\/dev.eliassen.nl\/de\/product\/wanddekoration-3d-kreise-aus-metall-calore-102cm\/","name":"Wanddekoration 3D-Kreise aus Metall Calore | Eliassen.nl","isPartOf":{"@id":"https:\/\/dev.eliassen.nl\/de\/#website"},"primaryImageOfPage":{"@id":"https:\/\/dev.eliassen.nl\/de\/product\/wanddekoration-3d-kreise-aus-metall-calore-102cm\/#primaryimage"},"image":{"@id":"https:\/\/dev.eliassen.nl\/de\/product\/wanddekoration-3d-kreise-aus-metall-calore-102cm\/#primaryimage"},"thumbnailUrl":"https:\/\/dev.eliassen.nl\/wp-content\/uploads\/2024\/01\/muurdecoratiemetaal3dcirkelscaloreeliassenn.jpg","datePublished":"2019-10-28T17:55:51+00:00","dateModified":"2024-12-05T14:28:22+00:00","description":"Wanddekoration 3D-Kreise aus Metall Calore in den sch\u00f6nen Farben Gold, Wei\u00df und Braun. Eine sch\u00f6ne Kombination. Geeignet f\u00fcr jede Art von Inneneinrichtung.","breadcrumb":{"@id":"https:\/\/dev.eliassen.nl\/de\/product\/wanddekoration-3d-kreise-aus-metall-calore-102cm\/#breadcrumb"},"inLanguage":"de","potentialAction":[{"@type":"ReadAction","target":["https:\/\/dev.eliassen.nl\/de\/product\/wanddekoration-3d-kreise-aus-metall-calore-102cm\/"]}]},{"@type":"ImageObject","inLanguage":"de","@id":"https:\/\/dev.eliassen.nl\/de\/product\/wanddekoration-3d-kreise-aus-metall-calore-102cm\/#primaryimage","url":"https:\/\/dev.eliassen.nl\/wp-content\/uploads\/2024\/01\/muurdecoratiemetaal3dcirkelscaloreeliassenn.jpg","contentUrl":"https:\/\/dev.eliassen.nl\/wp-content\/uploads\/2024\/01\/muurdecoratiemetaal3dcirkelscaloreeliassenn.jpg","width":1024,"height":682,"caption":"Muurdecoratie metaal 3D cirkels Calore - Eliassen.nl"},{"@type":"BreadcrumbList","@id":"https:\/\/dev.eliassen.nl\/de\/product\/wanddekoration-3d-kreise-aus-metall-calore-102cm\/#breadcrumb","itemListElement":[{"@type":"ListItem","position":1,"name":"Home","item":"https:\/\/dev.eliassen.nl\/de\/"},{"@type":"ListItem","position":2,"name":"Shop","item":"https:\/\/dev.eliassen.nl\/nl\/winkel\/"},{"@type":"ListItem","position":3,"name":"Wanddekoration","item":"https:\/\/dev.eliassen.nl\/de\/wanddekoration\/"},{"@type":"ListItem","position":4,"name":"3D-Wanddekoration ohne Rahmen","item":"https:\/\/dev.eliassen.nl\/de\/wanddekoration\/3d-wanddekoration-ohne-rahmen\/"},{"@type":"ListItem","position":5,"name":"Wanddekoration 3D-Kreise aus Metall Calore 102cm"}]},{"@type":"WebSite","@id":"https:\/\/dev.eliassen.nl\/de\/#website","url":"https:\/\/dev.eliassen.nl\/de\/","name":"Eliassen Home & Garden Pleasure","description":"","publisher":{"@id":"https:\/\/dev.eliassen.nl\/de\/#organization"},"alternateName":"Eliassen.nl","potentialAction":[{"@type":"SearchAction","target":{"@type":"EntryPoint","urlTemplate":"https:\/\/dev.eliassen.nl\/de\/?s={search_term_string}"},"query-input":{"@type":"PropertyValueSpecification","valueRequired":true,"valueName":"search_term_string"}}],"inLanguage":"de"},{"@type":"Organization","@id":"https:\/\/dev.eliassen.nl\/de\/#organization","name":"Eliassen Home & Garden Pleasure","url":"https:\/\/dev.eliassen.nl\/de\/","logo":{"@type":"ImageObject","inLanguage":"de","@id":"https:\/\/dev.eliassen.nl\/de\/#\/schema\/logo\/image\/","url":"https:\/\/www.eliassen.nl\/wp-content\/uploads\/2024\/01\/logo_4nd.jpg","contentUrl":"https:\/\/www.eliassen.nl\/wp-content\/uploads\/2024\/01\/logo_4nd.jpg","width":500,"height":500,"caption":"Eliassen Home & Garden Pleasure"},"image":{"@id":"https:\/\/dev.eliassen.nl\/de\/#\/schema\/logo\/image\/"},"sameAs":["https:\/\/www.facebook.com\/TuincentrumEliassenAmmerzoden","https:\/\/www.instagram.com\/eliassenhomeandgarden\/","https:\/\/nl.pinterest.com\/eliassenhomeandgarden\/","https:\/\/www.youtube.com\/@eliassenhomegardenpleasure4558"]}]}},"df_price":119,"df_sale_price":"","df_regular_price":119,"df_image_link":"https:\/\/dev.eliassen.nl\/wp-content\/uploads\/2024\/01\/muurdecoratiemetaal3dcirkelscaloreeliassenn.jpg","image":"https:\/\/dev.eliassen.nl\/wp-content\/uploads\/2024\/01\/muurdecoratiemetaal3dcirkelscaloreeliassenn.jpg","price_search":"<span class=\"woocommerce-Price-amount amount\"><bdi><span class=\"woocommerce-Price-currencySymbol\">&euro;<\/span>&nbsp;119,00<\/bdi><\/span>","category":"3D-Wanddekoration ohne Rahmen","_links":{"self":[{"href":"https:\/\/dev.eliassen.nl\/de\/wp-json\/wp\/v2\/product\/17947","targetHints":{"allow":["GET"]}}],"collection":[{"href":"https:\/\/dev.eliassen.nl\/de\/wp-json\/wp\/v2\/product"}],"about":[{"href":"https:\/\/dev.eliassen.nl\/de\/wp-json\/wp\/v2\/types\/product"}],"wp:featuredmedia":[{"embeddable":true,"href":"https:\/\/dev.eliassen.nl\/de\/wp-json\/wp\/v2\/media\/17935"}],"wp:attachment":[{"href":"https:\/\/dev.eliassen.nl\/de\/wp-json\/wp\/v2\/media?parent=17947"}],"wp:term":[{"taxonomy":"product_brand","embeddable":true,"href":"https:\/\/dev.eliassen.nl\/de\/wp-json\/wp\/v2\/product_brand?post=17947"},{"taxonomy":"product_cat","embeddable":true,"href":"https:\/\/dev.eliassen.nl\/de\/wp-json\/wp\/v2\/product_cat?post=17947"},{"taxonomy":"product_tag","embeddable":true,"href":"https:\/\/dev.eliassen.nl\/de\/wp-json\/wp\/v2\/product_tag?post=17947"}],"curies":[{"name":"wp","href":"https:\/\/api.w.org\/{rel}","templated":true}]}}