{"id":18022,"date":"2019-10-28T18:58:18","date_gmt":"2019-10-28T17:58:18","guid":{"rendered":"https:\/\/www.eliassen.nl\/?product=nachtschwaermer-glasmalerei-100x150cm"},"modified":"2024-12-05T15:28:36","modified_gmt":"2024-12-05T14:28:36","slug":"glasmalerei-nachtwache-150x100cm","status":"publish","type":"product","link":"https:\/\/dev.eliassen.nl\/de\/product\/glasmalerei-nachtwache-150x100cm\/","title":{"rendered":"Glasmalerei Nachtwache 150x100cm"},"content":{"rendered":"<p>Sch\u00f6n in sch\u00f6nen, eleganten Innenr\u00e4umen, aber nat\u00fcrlich auch geschmackvoll f\u00fcr Zuhause oder das B\u00fcro. Eine sch\u00f6ne gro\u00dfe Glasplatte mit einem superscharfen Bild der Nachtwache des weltber\u00fchmten Malers Rembrandt, auf der R\u00fcckseite eingebrannt. Da sich das Foto auf der R\u00fcckseite befindet, ergibt das Glas davor einen sch\u00f6nen Effekt.<\/p>\n<p><strong>Wir haben fast die gesamte Sammlung dieser Gem\u00e4ldesammlung in unserem Gesch\u00e4ft auf Lager, was in den Niederlanden einzigartig ist!<\/strong><\/p>\n<ul>\n<li>Gr\u00f6\u00dfe 150 x 100 cm hoch<\/li>\n<li>Schnell geliefert<\/li>\n<li>Nahezu unzerbrechlich<\/li>\n<li>Superscharfes Bild<\/li>\n<li>4 mm dickes geh\u00e4rtetes Glas<\/li>\n<li>Nahezu unempfindlich gegen Kratzer<\/li>\n<li>Einfach aufzuh\u00e4ngen mit 2 Haken<\/li>\n<\/ul>\n<p>\u00a0<\/p>\n","protected":false},"excerpt":{"rendered":"<p>Sch\u00f6n in sch\u00f6nen, eleganten Innenr\u00e4umen, aber nat\u00fcrlich auch geschmackvoll f\u00fcr Zuhause oder das B\u00fcro. Eine sch\u00f6ne gro\u00dfe Glasplatte mit einem superscharfen Bild der Nachtwache des weltber\u00fchmten Malers Rembrandt, auf der R\u00fcckseite eingebrannt. Da sich das Foto auf der R\u00fcckseite befindet, ergibt das Glas davor einen sch\u00f6nen Effekt. Wir haben fast die gesamte Sammlung dieser Gem\u00e4ldesammlung &hellip;<\/p>\n","protected":false},"featured_media":18019,"template":"","meta":{"_acf_changed":false},"product_brand":[6916],"product_cat":[470,410,443],"product_tag":[],"class_list":{"0":"post-18022","1":"product","2":"type-product","3":"status-publish","4":"has-post-thumbnail","6":"product_brand-eliassen-de","7":"product_cat-andere-groessen-von-glasgemaelden","8":"product_cat-gemaelde","9":"product_cat-glasmalereien","11":"first","12":"instock","13":"taxable","14":"shipping-taxable","15":"purchasable","16":"product-type-simple"},"acf":[],"yoast_head":"<!-- This site is optimized with the Yoast SEO plugin v23.8 - https:\/\/yoast.com\/wordpress\/plugins\/seo\/ -->\n<title>Glasmalerei Nachtwache |150x100cm | Eliassen.nl<\/title>\n<meta name=\"description\" content=\"Glasbild Nachtwache des ber\u00fchmten Malers Rembrandt f\u00fcr die Wand im Wohnzimmer oder B\u00fcro. Sehen Sie mehr Gem\u00e4lde ber\u00fchmter Maler LIVE!\" \/>\n<meta name=\"robots\" content=\"noindex, follow, max-snippet:-1, max-image-preview:large, max-video-preview:-1\" \/>\n<meta property=\"og:locale\" content=\"de_DE\" \/>\n<meta property=\"og:type\" content=\"article\" \/>\n<meta property=\"og:title\" content=\"Glasmalerei Nachtwache |150x100cm | Eliassen.nl\" \/>\n<meta property=\"og:description\" content=\"Glasbild Nachtwache des ber\u00fchmten Malers Rembrandt f\u00fcr die Wand im Wohnzimmer oder B\u00fcro. Sehen Sie mehr Gem\u00e4lde ber\u00fchmter Maler LIVE!\" \/>\n<meta property=\"og:url\" content=\"https:\/\/dev.eliassen.nl\/de\/product\/glasmalerei-nachtwache-150x100cm\/\" \/>\n<meta property=\"og:site_name\" content=\"Eliassen.nl\" \/>\n<meta property=\"article:publisher\" content=\"https:\/\/www.facebook.com\/TuincentrumEliassenAmmerzoden\" \/>\n<meta property=\"article:modified_time\" content=\"2024-12-05T14:28:36+00:00\" \/>\n<meta property=\"og:image\" content=\"https:\/\/dev.eliassen.nl\/wp-content\/uploads\/2024\/01\/glasschilderijnachtwacht150x100cmeliassennl.jpg\" \/>\n\t<meta property=\"og:image:width\" content=\"1024\" \/>\n\t<meta property=\"og:image:height\" content=\"682\" \/>\n\t<meta property=\"og:image:type\" content=\"image\/jpeg\" \/>\n<meta name=\"twitter:card\" content=\"summary_large_image\" \/>\n<script type=\"application\/ld+json\" class=\"yoast-schema-graph\">{\"@context\":\"https:\/\/schema.org\",\"@graph\":[{\"@type\":\"WebPage\",\"@id\":\"https:\/\/dev.eliassen.nl\/de\/product\/glasmalerei-nachtwache-150x100cm\/\",\"url\":\"https:\/\/dev.eliassen.nl\/de\/product\/glasmalerei-nachtwache-150x100cm\/\",\"name\":\"Glasmalerei Nachtwache |150x100cm | Eliassen.nl\",\"isPartOf\":{\"@id\":\"https:\/\/dev.eliassen.nl\/de\/#website\"},\"primaryImageOfPage\":{\"@id\":\"https:\/\/dev.eliassen.nl\/de\/product\/glasmalerei-nachtwache-150x100cm\/#primaryimage\"},\"image\":{\"@id\":\"https:\/\/dev.eliassen.nl\/de\/product\/glasmalerei-nachtwache-150x100cm\/#primaryimage\"},\"thumbnailUrl\":\"https:\/\/dev.eliassen.nl\/wp-content\/uploads\/2024\/01\/glasschilderijnachtwacht150x100cmeliassennl.jpg\",\"datePublished\":\"2019-10-28T17:58:18+00:00\",\"dateModified\":\"2024-12-05T14:28:36+00:00\",\"description\":\"Glasbild Nachtwache des ber\u00fchmten Malers Rembrandt f\u00fcr die Wand im Wohnzimmer oder B\u00fcro. Sehen Sie mehr Gem\u00e4lde ber\u00fchmter Maler LIVE!\",\"breadcrumb\":{\"@id\":\"https:\/\/dev.eliassen.nl\/de\/product\/glasmalerei-nachtwache-150x100cm\/#breadcrumb\"},\"inLanguage\":\"de\",\"potentialAction\":[{\"@type\":\"ReadAction\",\"target\":[\"https:\/\/dev.eliassen.nl\/de\/product\/glasmalerei-nachtwache-150x100cm\/\"]}]},{\"@type\":\"ImageObject\",\"inLanguage\":\"de\",\"@id\":\"https:\/\/dev.eliassen.nl\/de\/product\/glasmalerei-nachtwache-150x100cm\/#primaryimage\",\"url\":\"https:\/\/dev.eliassen.nl\/wp-content\/uploads\/2024\/01\/glasschilderijnachtwacht150x100cmeliassennl.jpg\",\"contentUrl\":\"https:\/\/dev.eliassen.nl\/wp-content\/uploads\/2024\/01\/glasschilderijnachtwacht150x100cmeliassennl.jpg\",\"width\":1024,\"height\":682,\"caption\":\"Glasschilderij Nachtwacht 150x100cm | Eliassen.nl\"},{\"@type\":\"BreadcrumbList\",\"@id\":\"https:\/\/dev.eliassen.nl\/de\/product\/glasmalerei-nachtwache-150x100cm\/#breadcrumb\",\"itemListElement\":[{\"@type\":\"ListItem\",\"position\":1,\"name\":\"Home\",\"item\":\"https:\/\/dev.eliassen.nl\/de\/\"},{\"@type\":\"ListItem\",\"position\":2,\"name\":\"Shop\",\"item\":\"https:\/\/dev.eliassen.nl\/nl\/winkel\/\"},{\"@type\":\"ListItem\",\"position\":3,\"name\":\"Glasmalereien\",\"item\":\"https:\/\/dev.eliassen.nl\/de\/gemaelde\/glasmalereien\/\"},{\"@type\":\"ListItem\",\"position\":4,\"name\":\"Andere Gr\u00f6\u00dfen von Glasgem\u00e4lden\",\"item\":\"https:\/\/dev.eliassen.nl\/de\/gemaelde\/glasmalereien\/andere-groessen-von-glasgemaelden\/\"},{\"@type\":\"ListItem\",\"position\":5,\"name\":\"Glasmalerei Nachtwache 150x100cm\"}]},{\"@type\":\"WebSite\",\"@id\":\"https:\/\/dev.eliassen.nl\/de\/#website\",\"url\":\"https:\/\/dev.eliassen.nl\/de\/\",\"name\":\"Eliassen Home & Garden Pleasure\",\"description\":\"\",\"publisher\":{\"@id\":\"https:\/\/dev.eliassen.nl\/de\/#organization\"},\"alternateName\":\"Eliassen.nl\",\"potentialAction\":[{\"@type\":\"SearchAction\",\"target\":{\"@type\":\"EntryPoint\",\"urlTemplate\":\"https:\/\/dev.eliassen.nl\/de\/?s={search_term_string}\"},\"query-input\":{\"@type\":\"PropertyValueSpecification\",\"valueRequired\":true,\"valueName\":\"search_term_string\"}}],\"inLanguage\":\"de\"},{\"@type\":\"Organization\",\"@id\":\"https:\/\/dev.eliassen.nl\/de\/#organization\",\"name\":\"Eliassen Home & Garden Pleasure\",\"url\":\"https:\/\/dev.eliassen.nl\/de\/\",\"logo\":{\"@type\":\"ImageObject\",\"inLanguage\":\"de\",\"@id\":\"https:\/\/dev.eliassen.nl\/de\/#\/schema\/logo\/image\/\",\"url\":\"https:\/\/www.eliassen.nl\/wp-content\/uploads\/2024\/01\/logo_4nd.jpg\",\"contentUrl\":\"https:\/\/www.eliassen.nl\/wp-content\/uploads\/2024\/01\/logo_4nd.jpg\",\"width\":500,\"height\":500,\"caption\":\"Eliassen Home & Garden Pleasure\"},\"image\":{\"@id\":\"https:\/\/dev.eliassen.nl\/de\/#\/schema\/logo\/image\/\"},\"sameAs\":[\"https:\/\/www.facebook.com\/TuincentrumEliassenAmmerzoden\",\"https:\/\/www.instagram.com\/eliassenhomeandgarden\/\",\"https:\/\/nl.pinterest.com\/eliassenhomeandgarden\/\",\"https:\/\/www.youtube.com\/@eliassenhomegardenpleasure4558\"]}]}<\/script>\n<!-- \/ Yoast SEO plugin. -->","yoast_head_json":{"title":"Glasmalerei Nachtwache |150x100cm | Eliassen.nl","description":"Glasbild Nachtwache des ber\u00fchmten Malers Rembrandt f\u00fcr die Wand im Wohnzimmer oder B\u00fcro. Sehen Sie mehr Gem\u00e4lde ber\u00fchmter Maler LIVE!","robots":{"index":"noindex","follow":"follow","max-snippet":"max-snippet:-1","max-image-preview":"max-image-preview:large","max-video-preview":"max-video-preview:-1"},"og_locale":"de_DE","og_type":"article","og_title":"Glasmalerei Nachtwache |150x100cm | Eliassen.nl","og_description":"Glasbild Nachtwache des ber\u00fchmten Malers Rembrandt f\u00fcr die Wand im Wohnzimmer oder B\u00fcro. Sehen Sie mehr Gem\u00e4lde ber\u00fchmter Maler LIVE!","og_url":"https:\/\/dev.eliassen.nl\/de\/product\/glasmalerei-nachtwache-150x100cm\/","og_site_name":"Eliassen.nl","article_publisher":"https:\/\/www.facebook.com\/TuincentrumEliassenAmmerzoden","article_modified_time":"2024-12-05T14:28:36+00:00","og_image":[{"width":1024,"height":682,"url":"https:\/\/dev.eliassen.nl\/wp-content\/uploads\/2024\/01\/glasschilderijnachtwacht150x100cmeliassennl.jpg","type":"image\/jpeg"}],"twitter_card":"summary_large_image","schema":{"@context":"https:\/\/schema.org","@graph":[{"@type":"WebPage","@id":"https:\/\/dev.eliassen.nl\/de\/product\/glasmalerei-nachtwache-150x100cm\/","url":"https:\/\/dev.eliassen.nl\/de\/product\/glasmalerei-nachtwache-150x100cm\/","name":"Glasmalerei Nachtwache |150x100cm | Eliassen.nl","isPartOf":{"@id":"https:\/\/dev.eliassen.nl\/de\/#website"},"primaryImageOfPage":{"@id":"https:\/\/dev.eliassen.nl\/de\/product\/glasmalerei-nachtwache-150x100cm\/#primaryimage"},"image":{"@id":"https:\/\/dev.eliassen.nl\/de\/product\/glasmalerei-nachtwache-150x100cm\/#primaryimage"},"thumbnailUrl":"https:\/\/dev.eliassen.nl\/wp-content\/uploads\/2024\/01\/glasschilderijnachtwacht150x100cmeliassennl.jpg","datePublished":"2019-10-28T17:58:18+00:00","dateModified":"2024-12-05T14:28:36+00:00","description":"Glasbild Nachtwache des ber\u00fchmten Malers Rembrandt f\u00fcr die Wand im Wohnzimmer oder B\u00fcro. Sehen Sie mehr Gem\u00e4lde ber\u00fchmter Maler LIVE!","breadcrumb":{"@id":"https:\/\/dev.eliassen.nl\/de\/product\/glasmalerei-nachtwache-150x100cm\/#breadcrumb"},"inLanguage":"de","potentialAction":[{"@type":"ReadAction","target":["https:\/\/dev.eliassen.nl\/de\/product\/glasmalerei-nachtwache-150x100cm\/"]}]},{"@type":"ImageObject","inLanguage":"de","@id":"https:\/\/dev.eliassen.nl\/de\/product\/glasmalerei-nachtwache-150x100cm\/#primaryimage","url":"https:\/\/dev.eliassen.nl\/wp-content\/uploads\/2024\/01\/glasschilderijnachtwacht150x100cmeliassennl.jpg","contentUrl":"https:\/\/dev.eliassen.nl\/wp-content\/uploads\/2024\/01\/glasschilderijnachtwacht150x100cmeliassennl.jpg","width":1024,"height":682,"caption":"Glasschilderij Nachtwacht 150x100cm | Eliassen.nl"},{"@type":"BreadcrumbList","@id":"https:\/\/dev.eliassen.nl\/de\/product\/glasmalerei-nachtwache-150x100cm\/#breadcrumb","itemListElement":[{"@type":"ListItem","position":1,"name":"Home","item":"https:\/\/dev.eliassen.nl\/de\/"},{"@type":"ListItem","position":2,"name":"Shop","item":"https:\/\/dev.eliassen.nl\/nl\/winkel\/"},{"@type":"ListItem","position":3,"name":"Glasmalereien","item":"https:\/\/dev.eliassen.nl\/de\/gemaelde\/glasmalereien\/"},{"@type":"ListItem","position":4,"name":"Andere Gr\u00f6\u00dfen von Glasgem\u00e4lden","item":"https:\/\/dev.eliassen.nl\/de\/gemaelde\/glasmalereien\/andere-groessen-von-glasgemaelden\/"},{"@type":"ListItem","position":5,"name":"Glasmalerei Nachtwache 150x100cm"}]},{"@type":"WebSite","@id":"https:\/\/dev.eliassen.nl\/de\/#website","url":"https:\/\/dev.eliassen.nl\/de\/","name":"Eliassen Home & Garden Pleasure","description":"","publisher":{"@id":"https:\/\/dev.eliassen.nl\/de\/#organization"},"alternateName":"Eliassen.nl","potentialAction":[{"@type":"SearchAction","target":{"@type":"EntryPoint","urlTemplate":"https:\/\/dev.eliassen.nl\/de\/?s={search_term_string}"},"query-input":{"@type":"PropertyValueSpecification","valueRequired":true,"valueName":"search_term_string"}}],"inLanguage":"de"},{"@type":"Organization","@id":"https:\/\/dev.eliassen.nl\/de\/#organization","name":"Eliassen Home & Garden Pleasure","url":"https:\/\/dev.eliassen.nl\/de\/","logo":{"@type":"ImageObject","inLanguage":"de","@id":"https:\/\/dev.eliassen.nl\/de\/#\/schema\/logo\/image\/","url":"https:\/\/www.eliassen.nl\/wp-content\/uploads\/2024\/01\/logo_4nd.jpg","contentUrl":"https:\/\/www.eliassen.nl\/wp-content\/uploads\/2024\/01\/logo_4nd.jpg","width":500,"height":500,"caption":"Eliassen Home & Garden Pleasure"},"image":{"@id":"https:\/\/dev.eliassen.nl\/de\/#\/schema\/logo\/image\/"},"sameAs":["https:\/\/www.facebook.com\/TuincentrumEliassenAmmerzoden","https:\/\/www.instagram.com\/eliassenhomeandgarden\/","https:\/\/nl.pinterest.com\/eliassenhomeandgarden\/","https:\/\/www.youtube.com\/@eliassenhomegardenpleasure4558"]}]}},"df_price":249,"df_sale_price":"","df_regular_price":249,"df_image_link":"https:\/\/dev.eliassen.nl\/wp-content\/uploads\/2024\/01\/glasschilderijnachtwacht150x100cmeliassennl.jpg","image":"https:\/\/dev.eliassen.nl\/wp-content\/uploads\/2024\/01\/glasschilderijnachtwacht150x100cmeliassennl.jpg","price_search":"<span class=\"woocommerce-Price-amount amount\"><bdi><span class=\"woocommerce-Price-currencySymbol\">&euro;<\/span>&nbsp;249,00<\/bdi><\/span>","category":"Andere Gr\u00f6\u00dfen von Glasgem\u00e4lden","_links":{"self":[{"href":"https:\/\/dev.eliassen.nl\/de\/wp-json\/wp\/v2\/product\/18022","targetHints":{"allow":["GET"]}}],"collection":[{"href":"https:\/\/dev.eliassen.nl\/de\/wp-json\/wp\/v2\/product"}],"about":[{"href":"https:\/\/dev.eliassen.nl\/de\/wp-json\/wp\/v2\/types\/product"}],"wp:featuredmedia":[{"embeddable":true,"href":"https:\/\/dev.eliassen.nl\/de\/wp-json\/wp\/v2\/media\/18019"}],"wp:attachment":[{"href":"https:\/\/dev.eliassen.nl\/de\/wp-json\/wp\/v2\/media?parent=18022"}],"wp:term":[{"taxonomy":"product_brand","embeddable":true,"href":"https:\/\/dev.eliassen.nl\/de\/wp-json\/wp\/v2\/product_brand?post=18022"},{"taxonomy":"product_cat","embeddable":true,"href":"https:\/\/dev.eliassen.nl\/de\/wp-json\/wp\/v2\/product_cat?post=18022"},{"taxonomy":"product_tag","embeddable":true,"href":"https:\/\/dev.eliassen.nl\/de\/wp-json\/wp\/v2\/product_tag?post=18022"}],"curies":[{"name":"wp","href":"https:\/\/api.w.org\/{rel}","templated":true}]}}