{"id":18190,"date":"2019-10-28T19:01:03","date_gmt":"2019-10-28T18:01:03","guid":{"rendered":"https:\/\/www.eliassen.nl\/?product=metallfigur-katze-giesskanne"},"modified":"2024-12-05T15:28:55","modified_gmt":"2024-12-05T14:28:55","slug":"katzengiesskanne-aus-metall","status":"publish","type":"product","link":"https:\/\/dev.eliassen.nl\/de\/product\/katzengiesskanne-aus-metall\/","title":{"rendered":"Katzengie\u00dfkanne aus Metall"},"content":{"rendered":"<p>Sch\u00f6ne, fertige Metallfigur einer Katze mit Gie\u00dfkannenfunktion. Ein Schmuckst\u00fcck im Haus oder Garten und sch\u00f6n zu verschenken. Komplett von Hand gefertigt und bemalt. Dieses Modell kann auch als Gie\u00dfkanne dienen.<br \/>Da es sich um Handarbeit handelt, kann das Bild leicht von einem echten abweichen.<\/p>\n<p><strong>Wir haben fast alles aus dieser Serie im Showroom, kommen Sie gerne vorbei und schauen Sie sich um.<\/strong><\/p>\n<ul>\n<li>Gr\u00f6\u00dfe 28 x 35 cm.<\/li>\n<li>Schnell geliefert.<\/li>\n<li>100 % Handarbeit.<\/li>\n<li>1 Jahr Garantie.<\/li>\n<\/ul>\n","protected":false},"excerpt":{"rendered":"<p>Sch\u00f6ne, fertige Metallfigur einer Katze mit Gie\u00dfkannenfunktion. Ein Schmuckst\u00fcck im Haus oder Garten und sch\u00f6n zu verschenken. Komplett von Hand gefertigt und bemalt. Dieses Modell kann auch als Gie\u00dfkanne dienen.Da es sich um Handarbeit handelt, kann das Bild leicht von einem echten abweichen. Wir haben fast alles aus dieser Serie im Showroom, kommen Sie gerne &hellip;<\/p>\n","protected":false},"featured_media":18184,"template":"","meta":{"_acf_changed":false},"product_brand":[6916],"product_cat":[665,659],"product_tag":[],"class_list":{"0":"post-18190","1":"product","2":"type-product","3":"status-publish","4":"has-post-thumbnail","6":"product_brand-eliassen-de","7":"product_cat-dekofiguren-aus-metall","8":"product_cat-dekoration-aus-metall","10":"first","11":"instock","12":"taxable","13":"shipping-taxable","14":"purchasable","15":"product-type-simple"},"acf":[],"yoast_head":"<!-- This site is optimized with the Yoast SEO plugin v23.8 - https:\/\/yoast.com\/wordpress\/plugins\/seo\/ -->\n<title>Metallfigur Katze Gie\u00dfkanne | Eliassen<\/title>\n<meta name=\"description\" content=\"Bei Eliassen k\u00f6nnen Sie Metallfigur Katzengie\u00dfkanne online kaufen oder live im Showroom ansehen. Direkt online bestellen.\" \/>\n<meta name=\"robots\" content=\"noindex, follow, max-snippet:-1, max-image-preview:large, max-video-preview:-1\" \/>\n<meta property=\"og:locale\" content=\"de_DE\" \/>\n<meta property=\"og:type\" content=\"article\" \/>\n<meta property=\"og:title\" content=\"Metallfigur Katze Gie\u00dfkanne | Eliassen\" \/>\n<meta property=\"og:description\" content=\"Bei Eliassen k\u00f6nnen Sie Metallfigur Katzengie\u00dfkanne online kaufen oder live im Showroom ansehen. Direkt online bestellen.\" \/>\n<meta property=\"og:url\" content=\"https:\/\/dev.eliassen.nl\/de\/product\/katzengiesskanne-aus-metall\/\" \/>\n<meta property=\"og:site_name\" content=\"Eliassen.nl\" \/>\n<meta property=\"article:publisher\" content=\"https:\/\/www.facebook.com\/TuincentrumEliassenAmmerzoden\" \/>\n<meta property=\"article:modified_time\" content=\"2024-12-05T14:28:55+00:00\" \/>\n<meta property=\"og:image\" content=\"https:\/\/dev.eliassen.nl\/wp-content\/uploads\/2024\/01\/md16036424x14x17cm.jpg\" \/>\n\t<meta property=\"og:image:width\" content=\"1000\" \/>\n\t<meta property=\"og:image:height\" content=\"750\" \/>\n\t<meta property=\"og:image:type\" content=\"image\/jpeg\" \/>\n<meta name=\"twitter:card\" content=\"summary_large_image\" \/>\n<script type=\"application\/ld+json\" class=\"yoast-schema-graph\">{\"@context\":\"https:\/\/schema.org\",\"@graph\":[{\"@type\":\"WebPage\",\"@id\":\"https:\/\/dev.eliassen.nl\/de\/product\/katzengiesskanne-aus-metall\/\",\"url\":\"https:\/\/dev.eliassen.nl\/de\/product\/katzengiesskanne-aus-metall\/\",\"name\":\"Metallfigur Katze Gie\u00dfkanne | Eliassen\",\"isPartOf\":{\"@id\":\"https:\/\/dev.eliassen.nl\/de\/#website\"},\"primaryImageOfPage\":{\"@id\":\"https:\/\/dev.eliassen.nl\/de\/product\/katzengiesskanne-aus-metall\/#primaryimage\"},\"image\":{\"@id\":\"https:\/\/dev.eliassen.nl\/de\/product\/katzengiesskanne-aus-metall\/#primaryimage\"},\"thumbnailUrl\":\"https:\/\/dev.eliassen.nl\/wp-content\/uploads\/2024\/01\/md16036424x14x17cm.jpg\",\"datePublished\":\"2019-10-28T18:01:03+00:00\",\"dateModified\":\"2024-12-05T14:28:55+00:00\",\"description\":\"Bei Eliassen k\u00f6nnen Sie Metallfigur Katzengie\u00dfkanne online kaufen oder live im Showroom ansehen. Direkt online bestellen.\",\"breadcrumb\":{\"@id\":\"https:\/\/dev.eliassen.nl\/de\/product\/katzengiesskanne-aus-metall\/#breadcrumb\"},\"inLanguage\":\"de\",\"potentialAction\":[{\"@type\":\"ReadAction\",\"target\":[\"https:\/\/dev.eliassen.nl\/de\/product\/katzengiesskanne-aus-metall\/\"]}]},{\"@type\":\"ImageObject\",\"inLanguage\":\"de\",\"@id\":\"https:\/\/dev.eliassen.nl\/de\/product\/katzengiesskanne-aus-metall\/#primaryimage\",\"url\":\"https:\/\/dev.eliassen.nl\/wp-content\/uploads\/2024\/01\/md16036424x14x17cm.jpg\",\"contentUrl\":\"https:\/\/dev.eliassen.nl\/wp-content\/uploads\/2024\/01\/md16036424x14x17cm.jpg\",\"width\":1000,\"height\":750,\"caption\":\"MD16036-4-24x14x17-cm\"},{\"@type\":\"BreadcrumbList\",\"@id\":\"https:\/\/dev.eliassen.nl\/de\/product\/katzengiesskanne-aus-metall\/#breadcrumb\",\"itemListElement\":[{\"@type\":\"ListItem\",\"position\":1,\"name\":\"Home\",\"item\":\"https:\/\/dev.eliassen.nl\/de\/\"},{\"@type\":\"ListItem\",\"position\":2,\"name\":\"Shop\",\"item\":\"https:\/\/dev.eliassen.nl\/nl\/winkel\/\"},{\"@type\":\"ListItem\",\"position\":3,\"name\":\"Dekoration aus Metall\",\"item\":\"https:\/\/dev.eliassen.nl\/de\/dekoration-aus-metall\/\"},{\"@type\":\"ListItem\",\"position\":4,\"name\":\"Dekofiguren aus Metall\",\"item\":\"https:\/\/dev.eliassen.nl\/de\/dekoration-aus-metall\/dekofiguren-aus-metall\/\"},{\"@type\":\"ListItem\",\"position\":5,\"name\":\"Katzengie\u00dfkanne aus Metall\"}]},{\"@type\":\"WebSite\",\"@id\":\"https:\/\/dev.eliassen.nl\/de\/#website\",\"url\":\"https:\/\/dev.eliassen.nl\/de\/\",\"name\":\"Eliassen Home & Garden Pleasure\",\"description\":\"\",\"publisher\":{\"@id\":\"https:\/\/dev.eliassen.nl\/de\/#organization\"},\"alternateName\":\"Eliassen.nl\",\"potentialAction\":[{\"@type\":\"SearchAction\",\"target\":{\"@type\":\"EntryPoint\",\"urlTemplate\":\"https:\/\/dev.eliassen.nl\/de\/?s={search_term_string}\"},\"query-input\":{\"@type\":\"PropertyValueSpecification\",\"valueRequired\":true,\"valueName\":\"search_term_string\"}}],\"inLanguage\":\"de\"},{\"@type\":\"Organization\",\"@id\":\"https:\/\/dev.eliassen.nl\/de\/#organization\",\"name\":\"Eliassen Home & Garden Pleasure\",\"url\":\"https:\/\/dev.eliassen.nl\/de\/\",\"logo\":{\"@type\":\"ImageObject\",\"inLanguage\":\"de\",\"@id\":\"https:\/\/dev.eliassen.nl\/de\/#\/schema\/logo\/image\/\",\"url\":\"https:\/\/www.eliassen.nl\/wp-content\/uploads\/2024\/01\/logo_4nd.jpg\",\"contentUrl\":\"https:\/\/www.eliassen.nl\/wp-content\/uploads\/2024\/01\/logo_4nd.jpg\",\"width\":500,\"height\":500,\"caption\":\"Eliassen Home & Garden Pleasure\"},\"image\":{\"@id\":\"https:\/\/dev.eliassen.nl\/de\/#\/schema\/logo\/image\/\"},\"sameAs\":[\"https:\/\/www.facebook.com\/TuincentrumEliassenAmmerzoden\",\"https:\/\/www.instagram.com\/eliassenhomeandgarden\/\",\"https:\/\/nl.pinterest.com\/eliassenhomeandgarden\/\",\"https:\/\/www.youtube.com\/@eliassenhomegardenpleasure4558\"]}]}<\/script>\n<!-- \/ Yoast SEO plugin. -->","yoast_head_json":{"title":"Metallfigur Katze Gie\u00dfkanne | Eliassen","description":"Bei Eliassen k\u00f6nnen Sie Metallfigur Katzengie\u00dfkanne online kaufen oder live im Showroom ansehen. Direkt online bestellen.","robots":{"index":"noindex","follow":"follow","max-snippet":"max-snippet:-1","max-image-preview":"max-image-preview:large","max-video-preview":"max-video-preview:-1"},"og_locale":"de_DE","og_type":"article","og_title":"Metallfigur Katze Gie\u00dfkanne | Eliassen","og_description":"Bei Eliassen k\u00f6nnen Sie Metallfigur Katzengie\u00dfkanne online kaufen oder live im Showroom ansehen. Direkt online bestellen.","og_url":"https:\/\/dev.eliassen.nl\/de\/product\/katzengiesskanne-aus-metall\/","og_site_name":"Eliassen.nl","article_publisher":"https:\/\/www.facebook.com\/TuincentrumEliassenAmmerzoden","article_modified_time":"2024-12-05T14:28:55+00:00","og_image":[{"width":1000,"height":750,"url":"https:\/\/dev.eliassen.nl\/wp-content\/uploads\/2024\/01\/md16036424x14x17cm.jpg","type":"image\/jpeg"}],"twitter_card":"summary_large_image","schema":{"@context":"https:\/\/schema.org","@graph":[{"@type":"WebPage","@id":"https:\/\/dev.eliassen.nl\/de\/product\/katzengiesskanne-aus-metall\/","url":"https:\/\/dev.eliassen.nl\/de\/product\/katzengiesskanne-aus-metall\/","name":"Metallfigur Katze Gie\u00dfkanne | Eliassen","isPartOf":{"@id":"https:\/\/dev.eliassen.nl\/de\/#website"},"primaryImageOfPage":{"@id":"https:\/\/dev.eliassen.nl\/de\/product\/katzengiesskanne-aus-metall\/#primaryimage"},"image":{"@id":"https:\/\/dev.eliassen.nl\/de\/product\/katzengiesskanne-aus-metall\/#primaryimage"},"thumbnailUrl":"https:\/\/dev.eliassen.nl\/wp-content\/uploads\/2024\/01\/md16036424x14x17cm.jpg","datePublished":"2019-10-28T18:01:03+00:00","dateModified":"2024-12-05T14:28:55+00:00","description":"Bei Eliassen k\u00f6nnen Sie Metallfigur Katzengie\u00dfkanne online kaufen oder live im Showroom ansehen. Direkt online bestellen.","breadcrumb":{"@id":"https:\/\/dev.eliassen.nl\/de\/product\/katzengiesskanne-aus-metall\/#breadcrumb"},"inLanguage":"de","potentialAction":[{"@type":"ReadAction","target":["https:\/\/dev.eliassen.nl\/de\/product\/katzengiesskanne-aus-metall\/"]}]},{"@type":"ImageObject","inLanguage":"de","@id":"https:\/\/dev.eliassen.nl\/de\/product\/katzengiesskanne-aus-metall\/#primaryimage","url":"https:\/\/dev.eliassen.nl\/wp-content\/uploads\/2024\/01\/md16036424x14x17cm.jpg","contentUrl":"https:\/\/dev.eliassen.nl\/wp-content\/uploads\/2024\/01\/md16036424x14x17cm.jpg","width":1000,"height":750,"caption":"MD16036-4-24x14x17-cm"},{"@type":"BreadcrumbList","@id":"https:\/\/dev.eliassen.nl\/de\/product\/katzengiesskanne-aus-metall\/#breadcrumb","itemListElement":[{"@type":"ListItem","position":1,"name":"Home","item":"https:\/\/dev.eliassen.nl\/de\/"},{"@type":"ListItem","position":2,"name":"Shop","item":"https:\/\/dev.eliassen.nl\/nl\/winkel\/"},{"@type":"ListItem","position":3,"name":"Dekoration aus Metall","item":"https:\/\/dev.eliassen.nl\/de\/dekoration-aus-metall\/"},{"@type":"ListItem","position":4,"name":"Dekofiguren aus Metall","item":"https:\/\/dev.eliassen.nl\/de\/dekoration-aus-metall\/dekofiguren-aus-metall\/"},{"@type":"ListItem","position":5,"name":"Katzengie\u00dfkanne aus Metall"}]},{"@type":"WebSite","@id":"https:\/\/dev.eliassen.nl\/de\/#website","url":"https:\/\/dev.eliassen.nl\/de\/","name":"Eliassen Home & Garden Pleasure","description":"","publisher":{"@id":"https:\/\/dev.eliassen.nl\/de\/#organization"},"alternateName":"Eliassen.nl","potentialAction":[{"@type":"SearchAction","target":{"@type":"EntryPoint","urlTemplate":"https:\/\/dev.eliassen.nl\/de\/?s={search_term_string}"},"query-input":{"@type":"PropertyValueSpecification","valueRequired":true,"valueName":"search_term_string"}}],"inLanguage":"de"},{"@type":"Organization","@id":"https:\/\/dev.eliassen.nl\/de\/#organization","name":"Eliassen Home & Garden Pleasure","url":"https:\/\/dev.eliassen.nl\/de\/","logo":{"@type":"ImageObject","inLanguage":"de","@id":"https:\/\/dev.eliassen.nl\/de\/#\/schema\/logo\/image\/","url":"https:\/\/www.eliassen.nl\/wp-content\/uploads\/2024\/01\/logo_4nd.jpg","contentUrl":"https:\/\/www.eliassen.nl\/wp-content\/uploads\/2024\/01\/logo_4nd.jpg","width":500,"height":500,"caption":"Eliassen Home & Garden Pleasure"},"image":{"@id":"https:\/\/dev.eliassen.nl\/de\/#\/schema\/logo\/image\/"},"sameAs":["https:\/\/www.facebook.com\/TuincentrumEliassenAmmerzoden","https:\/\/www.instagram.com\/eliassenhomeandgarden\/","https:\/\/nl.pinterest.com\/eliassenhomeandgarden\/","https:\/\/www.youtube.com\/@eliassenhomegardenpleasure4558"]}]}},"df_price":40.75,"df_sale_price":"","df_regular_price":40.75,"df_image_link":"https:\/\/dev.eliassen.nl\/wp-content\/uploads\/2024\/01\/md16036424x14x17cm.jpg","image":"https:\/\/dev.eliassen.nl\/wp-content\/uploads\/2024\/01\/md16036424x14x17cm.jpg","price_search":"<span class=\"woocommerce-Price-amount amount\"><bdi><span class=\"woocommerce-Price-currencySymbol\">&euro;<\/span>&nbsp;40,75<\/bdi><\/span>","category":"Dekofiguren aus Metall","_links":{"self":[{"href":"https:\/\/dev.eliassen.nl\/de\/wp-json\/wp\/v2\/product\/18190","targetHints":{"allow":["GET"]}}],"collection":[{"href":"https:\/\/dev.eliassen.nl\/de\/wp-json\/wp\/v2\/product"}],"about":[{"href":"https:\/\/dev.eliassen.nl\/de\/wp-json\/wp\/v2\/types\/product"}],"wp:featuredmedia":[{"embeddable":true,"href":"https:\/\/dev.eliassen.nl\/de\/wp-json\/wp\/v2\/media\/18184"}],"wp:attachment":[{"href":"https:\/\/dev.eliassen.nl\/de\/wp-json\/wp\/v2\/media?parent=18190"}],"wp:term":[{"taxonomy":"product_brand","embeddable":true,"href":"https:\/\/dev.eliassen.nl\/de\/wp-json\/wp\/v2\/product_brand?post=18190"},{"taxonomy":"product_cat","embeddable":true,"href":"https:\/\/dev.eliassen.nl\/de\/wp-json\/wp\/v2\/product_cat?post=18190"},{"taxonomy":"product_tag","embeddable":true,"href":"https:\/\/dev.eliassen.nl\/de\/wp-json\/wp\/v2\/product_tag?post=18190"}],"curies":[{"name":"wp","href":"https:\/\/api.w.org\/{rel}","templated":true}]}}