{"id":18223,"date":"2019-10-28T19:01:27","date_gmt":"2019-10-28T18:01:27","guid":{"rendered":"https:\/\/www.eliassen.nl\/?product=rinderhaut-gross-tricolor-copy"},"modified":"2024-12-05T15:29:01","modified_gmt":"2024-12-05T14:29:01","slug":"rindsleder-gross-schwarzes-fell","status":"publish","type":"product","link":"https:\/\/dev.eliassen.nl\/de\/product\/rindsleder-gross-schwarzes-fell\/","title":{"rendered":"Rindsleder gro\u00df Schwarzes Fell"},"content":{"rendered":"<p>Unsere extra gro\u00dfen Kuhfelle sind eine wunderbare Erg\u00e4nzung f\u00fcr Ihr Interieur. Durch die vielen Naturfarben passt immer eine Farbe in Ihr Wohnzimmer oder auch sonst in Ihr Wohnambiente. Dieses Rindsleder ist auch ein sch\u00f6nes St\u00fcck Wandverkleidung an den gr\u00f6\u00dferen W\u00e4nden.<\/p>\n<ul>\n<li><strong>gro\u00dfe Gr\u00f6\u00dfe<\/strong><\/li>\n<li><strong>Kostenloser Versand in den Niederlanden<\/strong><\/li>\n<li><strong>Garantiert naturschonend in den Niederlanden gegerbt, ohne umweltsch\u00e4dliche oder giftige Stoffe, die auch von uns kontrolliert werden.<\/strong><\/li>\n<li>Sch\u00f6n flach gemacht.<\/li>\n<li>sehr verschlei\u00dffest<\/li>\n<li>Auch diese Rinderh\u00e4ute stehen bei uns zum Verkauf und k\u00f6nnen in unserem Showroom besichtigt werden.<\/li>\n<li>Ausschlie\u00dflich aus den Niederlanden stammend, nicht aus obskuren Ostblock- oder s\u00fcdamerikanischen L\u00e4ndern, deren Herkunft und Verarbeitung unbekannt ist.<\/li>\n<li>So gut wie geruchlos, fast nur die Farbe von Leder.<\/li>\n<li>Bei diesen Kuhfellen handelt es sich um ein Naturprodukt, Farbe und Form sind nur eine Ann\u00e4herung an das Foto, Abweichungen in der Zeichnung und Farbe Ihres erhaltenen Fells sind m\u00f6glich.<\/li>\n<li>Schnell geliefert<\/li>\n<li><strong>Gr\u00f6\u00dfe ist etwa 180&#215;180 bis 200x200cm, also fast 4 m2 !!<\/strong><\/li>\n<\/ul>\n<p><strong>Pflege<\/strong><\/p>\n<ul>\n<li>Regelm\u00e4\u00dfig in Haarrichtung saugen, auch nach au\u00dfen klopfen ist erlaubt.<\/li>\n<li>Bei neu entstandenem Fleck den Fleck mit einem Tuch entfernen, bei tieferen Flecken etwas Wasser mit gr\u00fcner Seife, immer mit den Haaren verreiben. Die R\u00fcckseite (das Leder) nach M\u00f6glichkeit trocknen lassen, sonst wird es hart und steif. Nat\u00fcrlich trocknen lassen, also nicht in der N\u00e4he einer W\u00e4rmequelle oder in direktem Sonnenlicht.<\/li>\n<li>Bespr\u00fchen Sie Ihr Rohleder hin und wieder mit etwas Wasser, um Ihre Haut geschmeidiger zu halten, aber auch hier gilt dasselbe; nicht zu nass, das Leder auf der Unterseite trocken halten<\/li>\n<\/ul>\n<p>\u00a0<\/p>\n","protected":false},"excerpt":{"rendered":"<p>Unsere extra gro\u00dfen Kuhfelle sind eine wunderbare Erg\u00e4nzung f\u00fcr Ihr Interieur. Durch die vielen Naturfarben passt immer eine Farbe in Ihr Wohnzimmer oder auch sonst in Ihr Wohnambiente. Dieses Rindsleder ist auch ein sch\u00f6nes St\u00fcck Wandverkleidung an den gr\u00f6\u00dferen W\u00e4nden. gro\u00dfe Gr\u00f6\u00dfe Kostenloser Versand in den Niederlanden Garantiert naturschonend in den Niederlanden gegerbt, ohne umweltsch\u00e4dliche &hellip;<\/p>\n","protected":false},"featured_media":18211,"template":"","meta":{"_acf_changed":false},"product_brand":[],"product_cat":[767,752],"product_tag":[],"class_list":{"0":"post-18223","1":"product","2":"type-product","3":"status-publish","4":"has-post-thumbnail","6":"product_cat-sonstig","7":"product_cat-weitere-artikel","9":"first","10":"instock","11":"sale","12":"taxable","13":"shipping-taxable","14":"purchasable","15":"product-type-simple"},"acf":[],"yoast_head":"<!-- This site is optimized with the Yoast SEO plugin v23.8 - https:\/\/yoast.com\/wordpress\/plugins\/seo\/ -->\n<title>Rinder verstecken gro\u00dfes schwarzes Fell<\/title>\n<meta name=\"description\" content=\"Bij Eliassen koopt u Runderhuid groot Zwartbont online of live te bekijken in de showroom. Wij hebben de mooiste vachten en huiden, huiden\" \/>\n<meta name=\"robots\" content=\"noindex, follow, max-snippet:-1, max-image-preview:large, max-video-preview:-1\" \/>\n<meta property=\"og:locale\" content=\"de_DE\" \/>\n<meta property=\"og:type\" content=\"article\" \/>\n<meta property=\"og:title\" content=\"Rinder verstecken gro\u00dfes schwarzes Fell\" \/>\n<meta property=\"og:description\" content=\"Bij Eliassen koopt u Runderhuid groot Zwartbont online of live te bekijken in de showroom. Wij hebben de mooiste vachten en huiden, huiden\" \/>\n<meta property=\"og:url\" content=\"https:\/\/dev.eliassen.nl\/de\/product\/rindsleder-gross-schwarzes-fell\/\" \/>\n<meta property=\"og:site_name\" content=\"Eliassen.nl\" \/>\n<meta property=\"article:publisher\" content=\"https:\/\/www.facebook.com\/TuincentrumEliassenAmmerzoden\" \/>\n<meta property=\"article:modified_time\" content=\"2024-12-05T14:29:01+00:00\" \/>\n<meta property=\"og:image\" content=\"https:\/\/dev.eliassen.nl\/wp-content\/uploads\/2024\/01\/runderhuidzwartwit.jpg\" \/>\n\t<meta property=\"og:image:width\" content=\"1024\" \/>\n\t<meta property=\"og:image:height\" content=\"1024\" \/>\n\t<meta property=\"og:image:type\" content=\"image\/jpeg\" \/>\n<meta name=\"twitter:card\" content=\"summary_large_image\" \/>\n<script type=\"application\/ld+json\" class=\"yoast-schema-graph\">{\"@context\":\"https:\/\/schema.org\",\"@graph\":[{\"@type\":\"WebPage\",\"@id\":\"https:\/\/dev.eliassen.nl\/de\/product\/rindsleder-gross-schwarzes-fell\/\",\"url\":\"https:\/\/dev.eliassen.nl\/de\/product\/rindsleder-gross-schwarzes-fell\/\",\"name\":\"Rinder verstecken gro\u00dfes schwarzes Fell\",\"isPartOf\":{\"@id\":\"https:\/\/dev.eliassen.nl\/de\/#website\"},\"primaryImageOfPage\":{\"@id\":\"https:\/\/dev.eliassen.nl\/de\/product\/rindsleder-gross-schwarzes-fell\/#primaryimage\"},\"image\":{\"@id\":\"https:\/\/dev.eliassen.nl\/de\/product\/rindsleder-gross-schwarzes-fell\/#primaryimage\"},\"thumbnailUrl\":\"https:\/\/dev.eliassen.nl\/wp-content\/uploads\/2024\/01\/runderhuidzwartwit.jpg\",\"datePublished\":\"2019-10-28T18:01:27+00:00\",\"dateModified\":\"2024-12-05T14:29:01+00:00\",\"description\":\"Bij Eliassen koopt u Runderhuid groot Zwartbont online of live te bekijken in de showroom. Wij hebben de mooiste vachten en huiden, huiden\",\"breadcrumb\":{\"@id\":\"https:\/\/dev.eliassen.nl\/de\/product\/rindsleder-gross-schwarzes-fell\/#breadcrumb\"},\"inLanguage\":\"de\",\"potentialAction\":[{\"@type\":\"ReadAction\",\"target\":[\"https:\/\/dev.eliassen.nl\/de\/product\/rindsleder-gross-schwarzes-fell\/\"]}]},{\"@type\":\"ImageObject\",\"inLanguage\":\"de\",\"@id\":\"https:\/\/dev.eliassen.nl\/de\/product\/rindsleder-gross-schwarzes-fell\/#primaryimage\",\"url\":\"https:\/\/dev.eliassen.nl\/wp-content\/uploads\/2024\/01\/runderhuidzwartwit.jpg\",\"contentUrl\":\"https:\/\/dev.eliassen.nl\/wp-content\/uploads\/2024\/01\/runderhuidzwartwit.jpg\",\"width\":1024,\"height\":1024,\"caption\":\"runderhuid-zwartwit\"},{\"@type\":\"BreadcrumbList\",\"@id\":\"https:\/\/dev.eliassen.nl\/de\/product\/rindsleder-gross-schwarzes-fell\/#breadcrumb\",\"itemListElement\":[{\"@type\":\"ListItem\",\"position\":1,\"name\":\"Home\",\"item\":\"https:\/\/dev.eliassen.nl\/de\/\"},{\"@type\":\"ListItem\",\"position\":2,\"name\":\"Shop\",\"item\":\"https:\/\/dev.eliassen.nl\/nl\/winkel\/\"},{\"@type\":\"ListItem\",\"position\":3,\"name\":\"Weitere Artikel\",\"item\":\"https:\/\/dev.eliassen.nl\/de\/weitere-artikel\/\"},{\"@type\":\"ListItem\",\"position\":4,\"name\":\"Sonstig\",\"item\":\"https:\/\/dev.eliassen.nl\/de\/garten-andere\/sonstig\/\"},{\"@type\":\"ListItem\",\"position\":5,\"name\":\"Rindsleder gro\u00df Schwarzes Fell\"}]},{\"@type\":\"WebSite\",\"@id\":\"https:\/\/dev.eliassen.nl\/de\/#website\",\"url\":\"https:\/\/dev.eliassen.nl\/de\/\",\"name\":\"Eliassen Home & Garden Pleasure\",\"description\":\"\",\"publisher\":{\"@id\":\"https:\/\/dev.eliassen.nl\/de\/#organization\"},\"alternateName\":\"Eliassen.nl\",\"potentialAction\":[{\"@type\":\"SearchAction\",\"target\":{\"@type\":\"EntryPoint\",\"urlTemplate\":\"https:\/\/dev.eliassen.nl\/de\/?s={search_term_string}\"},\"query-input\":{\"@type\":\"PropertyValueSpecification\",\"valueRequired\":true,\"valueName\":\"search_term_string\"}}],\"inLanguage\":\"de\"},{\"@type\":\"Organization\",\"@id\":\"https:\/\/dev.eliassen.nl\/de\/#organization\",\"name\":\"Eliassen Home & Garden Pleasure\",\"url\":\"https:\/\/dev.eliassen.nl\/de\/\",\"logo\":{\"@type\":\"ImageObject\",\"inLanguage\":\"de\",\"@id\":\"https:\/\/dev.eliassen.nl\/de\/#\/schema\/logo\/image\/\",\"url\":\"https:\/\/www.eliassen.nl\/wp-content\/uploads\/2024\/01\/logo_4nd.jpg\",\"contentUrl\":\"https:\/\/www.eliassen.nl\/wp-content\/uploads\/2024\/01\/logo_4nd.jpg\",\"width\":500,\"height\":500,\"caption\":\"Eliassen Home & Garden Pleasure\"},\"image\":{\"@id\":\"https:\/\/dev.eliassen.nl\/de\/#\/schema\/logo\/image\/\"},\"sameAs\":[\"https:\/\/www.facebook.com\/TuincentrumEliassenAmmerzoden\",\"https:\/\/www.instagram.com\/eliassenhomeandgarden\/\",\"https:\/\/nl.pinterest.com\/eliassenhomeandgarden\/\",\"https:\/\/www.youtube.com\/@eliassenhomegardenpleasure4558\"]}]}<\/script>\n<!-- \/ Yoast SEO plugin. -->","yoast_head_json":{"title":"Rinder verstecken gro\u00dfes schwarzes Fell","description":"Bij Eliassen koopt u Runderhuid groot Zwartbont online of live te bekijken in de showroom. Wij hebben de mooiste vachten en huiden, huiden","robots":{"index":"noindex","follow":"follow","max-snippet":"max-snippet:-1","max-image-preview":"max-image-preview:large","max-video-preview":"max-video-preview:-1"},"og_locale":"de_DE","og_type":"article","og_title":"Rinder verstecken gro\u00dfes schwarzes Fell","og_description":"Bij Eliassen koopt u Runderhuid groot Zwartbont online of live te bekijken in de showroom. Wij hebben de mooiste vachten en huiden, huiden","og_url":"https:\/\/dev.eliassen.nl\/de\/product\/rindsleder-gross-schwarzes-fell\/","og_site_name":"Eliassen.nl","article_publisher":"https:\/\/www.facebook.com\/TuincentrumEliassenAmmerzoden","article_modified_time":"2024-12-05T14:29:01+00:00","og_image":[{"width":1024,"height":1024,"url":"https:\/\/dev.eliassen.nl\/wp-content\/uploads\/2024\/01\/runderhuidzwartwit.jpg","type":"image\/jpeg"}],"twitter_card":"summary_large_image","schema":{"@context":"https:\/\/schema.org","@graph":[{"@type":"WebPage","@id":"https:\/\/dev.eliassen.nl\/de\/product\/rindsleder-gross-schwarzes-fell\/","url":"https:\/\/dev.eliassen.nl\/de\/product\/rindsleder-gross-schwarzes-fell\/","name":"Rinder verstecken gro\u00dfes schwarzes Fell","isPartOf":{"@id":"https:\/\/dev.eliassen.nl\/de\/#website"},"primaryImageOfPage":{"@id":"https:\/\/dev.eliassen.nl\/de\/product\/rindsleder-gross-schwarzes-fell\/#primaryimage"},"image":{"@id":"https:\/\/dev.eliassen.nl\/de\/product\/rindsleder-gross-schwarzes-fell\/#primaryimage"},"thumbnailUrl":"https:\/\/dev.eliassen.nl\/wp-content\/uploads\/2024\/01\/runderhuidzwartwit.jpg","datePublished":"2019-10-28T18:01:27+00:00","dateModified":"2024-12-05T14:29:01+00:00","description":"Bij Eliassen koopt u Runderhuid groot Zwartbont online of live te bekijken in de showroom. Wij hebben de mooiste vachten en huiden, huiden","breadcrumb":{"@id":"https:\/\/dev.eliassen.nl\/de\/product\/rindsleder-gross-schwarzes-fell\/#breadcrumb"},"inLanguage":"de","potentialAction":[{"@type":"ReadAction","target":["https:\/\/dev.eliassen.nl\/de\/product\/rindsleder-gross-schwarzes-fell\/"]}]},{"@type":"ImageObject","inLanguage":"de","@id":"https:\/\/dev.eliassen.nl\/de\/product\/rindsleder-gross-schwarzes-fell\/#primaryimage","url":"https:\/\/dev.eliassen.nl\/wp-content\/uploads\/2024\/01\/runderhuidzwartwit.jpg","contentUrl":"https:\/\/dev.eliassen.nl\/wp-content\/uploads\/2024\/01\/runderhuidzwartwit.jpg","width":1024,"height":1024,"caption":"runderhuid-zwartwit"},{"@type":"BreadcrumbList","@id":"https:\/\/dev.eliassen.nl\/de\/product\/rindsleder-gross-schwarzes-fell\/#breadcrumb","itemListElement":[{"@type":"ListItem","position":1,"name":"Home","item":"https:\/\/dev.eliassen.nl\/de\/"},{"@type":"ListItem","position":2,"name":"Shop","item":"https:\/\/dev.eliassen.nl\/nl\/winkel\/"},{"@type":"ListItem","position":3,"name":"Weitere Artikel","item":"https:\/\/dev.eliassen.nl\/de\/weitere-artikel\/"},{"@type":"ListItem","position":4,"name":"Sonstig","item":"https:\/\/dev.eliassen.nl\/de\/garten-andere\/sonstig\/"},{"@type":"ListItem","position":5,"name":"Rindsleder gro\u00df Schwarzes Fell"}]},{"@type":"WebSite","@id":"https:\/\/dev.eliassen.nl\/de\/#website","url":"https:\/\/dev.eliassen.nl\/de\/","name":"Eliassen Home & Garden Pleasure","description":"","publisher":{"@id":"https:\/\/dev.eliassen.nl\/de\/#organization"},"alternateName":"Eliassen.nl","potentialAction":[{"@type":"SearchAction","target":{"@type":"EntryPoint","urlTemplate":"https:\/\/dev.eliassen.nl\/de\/?s={search_term_string}"},"query-input":{"@type":"PropertyValueSpecification","valueRequired":true,"valueName":"search_term_string"}}],"inLanguage":"de"},{"@type":"Organization","@id":"https:\/\/dev.eliassen.nl\/de\/#organization","name":"Eliassen Home & Garden Pleasure","url":"https:\/\/dev.eliassen.nl\/de\/","logo":{"@type":"ImageObject","inLanguage":"de","@id":"https:\/\/dev.eliassen.nl\/de\/#\/schema\/logo\/image\/","url":"https:\/\/www.eliassen.nl\/wp-content\/uploads\/2024\/01\/logo_4nd.jpg","contentUrl":"https:\/\/www.eliassen.nl\/wp-content\/uploads\/2024\/01\/logo_4nd.jpg","width":500,"height":500,"caption":"Eliassen Home & Garden Pleasure"},"image":{"@id":"https:\/\/dev.eliassen.nl\/de\/#\/schema\/logo\/image\/"},"sameAs":["https:\/\/www.facebook.com\/TuincentrumEliassenAmmerzoden","https:\/\/www.instagram.com\/eliassenhomeandgarden\/","https:\/\/nl.pinterest.com\/eliassenhomeandgarden\/","https:\/\/www.youtube.com\/@eliassenhomegardenpleasure4558"]}]}},"df_price":195,"df_sale_price":195,"df_regular_price":275,"df_image_link":"https:\/\/dev.eliassen.nl\/wp-content\/uploads\/2024\/01\/runderhuidzwartwit.jpg","image":"https:\/\/dev.eliassen.nl\/wp-content\/uploads\/2024\/01\/runderhuidzwartwit.jpg","price_search":"<span class=\"woocommerce-Price-amount amount\"><bdi><span class=\"woocommerce-Price-currencySymbol\">&euro;<\/span>&nbsp;195,00<\/bdi><\/span>","category":"Sonstig","_links":{"self":[{"href":"https:\/\/dev.eliassen.nl\/de\/wp-json\/wp\/v2\/product\/18223","targetHints":{"allow":["GET"]}}],"collection":[{"href":"https:\/\/dev.eliassen.nl\/de\/wp-json\/wp\/v2\/product"}],"about":[{"href":"https:\/\/dev.eliassen.nl\/de\/wp-json\/wp\/v2\/types\/product"}],"wp:featuredmedia":[{"embeddable":true,"href":"https:\/\/dev.eliassen.nl\/de\/wp-json\/wp\/v2\/media\/18211"}],"wp:attachment":[{"href":"https:\/\/dev.eliassen.nl\/de\/wp-json\/wp\/v2\/media?parent=18223"}],"wp:term":[{"taxonomy":"product_brand","embeddable":true,"href":"https:\/\/dev.eliassen.nl\/de\/wp-json\/wp\/v2\/product_brand?post=18223"},{"taxonomy":"product_cat","embeddable":true,"href":"https:\/\/dev.eliassen.nl\/de\/wp-json\/wp\/v2\/product_cat?post=18223"},{"taxonomy":"product_tag","embeddable":true,"href":"https:\/\/dev.eliassen.nl\/de\/wp-json\/wp\/v2\/product_tag?post=18223"}],"curies":[{"name":"wp","href":"https:\/\/api.w.org\/{rel}","templated":true}]}}