{"id":18250,"date":"2019-10-28T19:02:34","date_gmt":"2019-10-28T18:02:34","guid":{"rendered":"https:\/\/www.eliassen.nl\/?product=podeste-von-meerpalen"},"modified":"2024-12-05T15:29:02","modified_gmt":"2024-12-05T14:29:02","slug":"sockelsaulen-von-anlegepfosten","status":"publish","type":"product","link":"https:\/\/dev.eliassen.nl\/de\/product\/sockelsaulen-von-anlegepfosten\/","title":{"rendered":"Sockels\u00e4ulen von Anlegepfosten"},"content":{"rendered":"<p>In unserem Unternehmen verf\u00fcgen wir \u00fcber eine Reihe von Stelzen aus Hartholz-Festmacherpfosten.<\/p>\n<p>Anlegepf\u00e4hle sind Pfosten, die an Schleusen, Br\u00fccken und H\u00e4fen jahrzehntelang im Wasser stehen. Manche Anlegestellen liegen sogar schon 60-70 Jahre im Wasser.<\/p>\n<p>Diese S\u00e4ulen haben ein sehr robustes und industrielles Aussehen, zum Beispiel in einem Garten. Manchmal sieht man Spuren von Schiffen oder L\u00f6cher, mit denen die Pfosten befestigt waren, und manchmal sieht man sogar Schnecken darauf. Da die Ankerpf\u00e4hle in Farbe und Aussehen unterschiedlich sind, k\u00f6nnen wir sie nicht versenden, bevor Sie uns im Gesch\u00e4ft mitgeteilt haben, welchen Sie m\u00f6chten.<\/p>\n<p>Wir gehen von einem Verkaufspreis von 1,70 pro cm Grundfl\u00e4che aus.<\/p>\n<ul>\n<li>Gr\u00f6\u00dfen: 27 bis 40 cm dick, 60 bis 100 cm lang<\/li>\n<li>Geeignet f\u00fcr drinnen und drau\u00dfen<\/li>\n<li>Sehr schweres und langlebiges Holz, das viele Jahrzehnte h\u00e4lt<\/li>\n<li>Authentische, robuste Industrieatmosph\u00e4re<\/li>\n<li>Nicht im Webshop bestellbar, nur in unserem Shop erh\u00e4ltlich.<\/li>\n<\/ul>\n<p>\u00a0<\/p>\n","protected":false},"excerpt":{"rendered":"<p>In unserem Unternehmen verf\u00fcgen wir \u00fcber eine Reihe von Stelzen aus Hartholz-Festmacherpfosten. Anlegepf\u00e4hle sind Pfosten, die an Schleusen, Br\u00fccken und H\u00e4fen jahrzehntelang im Wasser stehen. Manche Anlegestellen liegen sogar schon 60-70 Jahre im Wasser. Diese S\u00e4ulen haben ein sehr robustes und industrielles Aussehen, zum Beispiel in einem Garten. Manchmal sieht man Spuren von Schiffen oder &hellip;<\/p>\n","protected":false},"featured_media":18226,"template":"","meta":{"_acf_changed":false},"product_brand":[],"product_cat":[794,782],"product_tag":[],"class_list":{"0":"post-18250","1":"product","2":"type-product","3":"status-publish","4":"has-post-thumbnail","6":"product_cat-holzsockel","7":"product_cat-sockel","9":"first","10":"instock","11":"taxable","12":"shipping-taxable","13":"purchasable","14":"product-type-simple"},"acf":[],"yoast_head":"<!-- This site is optimized with the Yoast SEO plugin v23.8 - https:\/\/yoast.com\/wordpress\/plugins\/seo\/ -->\n<title>Hohe Sockel von Meerpaal | LIVE in unserem Showroom zu sehen!<\/title>\n<meta name=\"description\" content=\"Sehen Sie sich diese Sammlung originaler Festmacherpfosten aus Hartholz an. Haben Sie eine robuste und industrielle Atmosph\u00e4re. F\u00fcr drinnen und drau\u00dfen geeig...\" \/>\n<meta name=\"robots\" content=\"noindex, follow, max-snippet:-1, max-image-preview:large, max-video-preview:-1\" \/>\n<meta property=\"og:locale\" content=\"de_DE\" \/>\n<meta property=\"og:type\" content=\"article\" \/>\n<meta property=\"og:title\" content=\"Hohe Sockel von Meerpaal | LIVE in unserem Showroom zu sehen!\" \/>\n<meta property=\"og:description\" content=\"Sehen Sie sich diese Sammlung originaler Festmacherpfosten aus Hartholz an. Haben Sie eine robuste und industrielle Atmosph\u00e4re. F\u00fcr drinnen und drau\u00dfen geeig...\" \/>\n<meta property=\"og:url\" content=\"https:\/\/dev.eliassen.nl\/de\/product\/sockelsaulen-von-anlegepfosten\/\" \/>\n<meta property=\"og:site_name\" content=\"Eliassen.nl\" \/>\n<meta property=\"article:publisher\" content=\"https:\/\/www.facebook.com\/TuincentrumEliassenAmmerzoden\" \/>\n<meta property=\"article:modified_time\" content=\"2024-12-05T14:29:02+00:00\" \/>\n<meta property=\"og:image\" content=\"https:\/\/dev.eliassen.nl\/wp-content\/uploads\/2024\/01\/processeddcea98ac36e74458b3789e23ad5b0bfbkdq.jpg\" \/>\n\t<meta property=\"og:image:width\" content=\"2048\" \/>\n\t<meta property=\"og:image:height\" content=\"1828\" \/>\n\t<meta property=\"og:image:type\" content=\"image\/jpeg\" \/>\n<meta name=\"twitter:card\" content=\"summary_large_image\" \/>\n<script type=\"application\/ld+json\" class=\"yoast-schema-graph\">{\"@context\":\"https:\/\/schema.org\",\"@graph\":[{\"@type\":\"WebPage\",\"@id\":\"https:\/\/dev.eliassen.nl\/de\/product\/sockelsaulen-von-anlegepfosten\/\",\"url\":\"https:\/\/dev.eliassen.nl\/de\/product\/sockelsaulen-von-anlegepfosten\/\",\"name\":\"Hohe Sockel von Meerpaal | LIVE in unserem Showroom zu sehen!\",\"isPartOf\":{\"@id\":\"https:\/\/dev.eliassen.nl\/de\/#website\"},\"primaryImageOfPage\":{\"@id\":\"https:\/\/dev.eliassen.nl\/de\/product\/sockelsaulen-von-anlegepfosten\/#primaryimage\"},\"image\":{\"@id\":\"https:\/\/dev.eliassen.nl\/de\/product\/sockelsaulen-von-anlegepfosten\/#primaryimage\"},\"thumbnailUrl\":\"https:\/\/dev.eliassen.nl\/wp-content\/uploads\/2024\/01\/processeddcea98ac36e74458b3789e23ad5b0bfbkdq.jpg\",\"datePublished\":\"2019-10-28T18:02:34+00:00\",\"dateModified\":\"2024-12-05T14:29:02+00:00\",\"description\":\"Sehen Sie sich diese Sammlung originaler Festmacherpfosten aus Hartholz an. Haben Sie eine robuste und industrielle Atmosph\u00e4re. F\u00fcr drinnen und drau\u00dfen geeig...\",\"breadcrumb\":{\"@id\":\"https:\/\/dev.eliassen.nl\/de\/product\/sockelsaulen-von-anlegepfosten\/#breadcrumb\"},\"inLanguage\":\"de\",\"potentialAction\":[{\"@type\":\"ReadAction\",\"target\":[\"https:\/\/dev.eliassen.nl\/de\/product\/sockelsaulen-von-anlegepfosten\/\"]}]},{\"@type\":\"ImageObject\",\"inLanguage\":\"de\",\"@id\":\"https:\/\/dev.eliassen.nl\/de\/product\/sockelsaulen-von-anlegepfosten\/#primaryimage\",\"url\":\"https:\/\/dev.eliassen.nl\/wp-content\/uploads\/2024\/01\/processeddcea98ac36e74458b3789e23ad5b0bfbkdq.jpg\",\"contentUrl\":\"https:\/\/dev.eliassen.nl\/wp-content\/uploads\/2024\/01\/processeddcea98ac36e74458b3789e23ad5b0bfbkdq.jpg\",\"width\":2048,\"height\":1828,\"caption\":\"processed-dcea98ac-36e7-4458-b378-9e23ad5b0bfb_KdQYoi3T\"},{\"@type\":\"BreadcrumbList\",\"@id\":\"https:\/\/dev.eliassen.nl\/de\/product\/sockelsaulen-von-anlegepfosten\/#breadcrumb\",\"itemListElement\":[{\"@type\":\"ListItem\",\"position\":1,\"name\":\"Home\",\"item\":\"https:\/\/dev.eliassen.nl\/de\/\"},{\"@type\":\"ListItem\",\"position\":2,\"name\":\"Shop\",\"item\":\"https:\/\/dev.eliassen.nl\/nl\/winkel\/\"},{\"@type\":\"ListItem\",\"position\":3,\"name\":\"Sockel\",\"item\":\"https:\/\/dev.eliassen.nl\/de\/sockel\/\"},{\"@type\":\"ListItem\",\"position\":4,\"name\":\"Holzsockel\",\"item\":\"https:\/\/dev.eliassen.nl\/de\/sockel\/holzsockel\/\"},{\"@type\":\"ListItem\",\"position\":5,\"name\":\"Sockels\u00e4ulen von Anlegepfosten\"}]},{\"@type\":\"WebSite\",\"@id\":\"https:\/\/dev.eliassen.nl\/de\/#website\",\"url\":\"https:\/\/dev.eliassen.nl\/de\/\",\"name\":\"Eliassen Home & Garden Pleasure\",\"description\":\"\",\"publisher\":{\"@id\":\"https:\/\/dev.eliassen.nl\/de\/#organization\"},\"alternateName\":\"Eliassen.nl\",\"potentialAction\":[{\"@type\":\"SearchAction\",\"target\":{\"@type\":\"EntryPoint\",\"urlTemplate\":\"https:\/\/dev.eliassen.nl\/de\/?s={search_term_string}\"},\"query-input\":{\"@type\":\"PropertyValueSpecification\",\"valueRequired\":true,\"valueName\":\"search_term_string\"}}],\"inLanguage\":\"de\"},{\"@type\":\"Organization\",\"@id\":\"https:\/\/dev.eliassen.nl\/de\/#organization\",\"name\":\"Eliassen Home & Garden Pleasure\",\"url\":\"https:\/\/dev.eliassen.nl\/de\/\",\"logo\":{\"@type\":\"ImageObject\",\"inLanguage\":\"de\",\"@id\":\"https:\/\/dev.eliassen.nl\/de\/#\/schema\/logo\/image\/\",\"url\":\"https:\/\/www.eliassen.nl\/wp-content\/uploads\/2024\/01\/logo_4nd.jpg\",\"contentUrl\":\"https:\/\/www.eliassen.nl\/wp-content\/uploads\/2024\/01\/logo_4nd.jpg\",\"width\":500,\"height\":500,\"caption\":\"Eliassen Home & Garden Pleasure\"},\"image\":{\"@id\":\"https:\/\/dev.eliassen.nl\/de\/#\/schema\/logo\/image\/\"},\"sameAs\":[\"https:\/\/www.facebook.com\/TuincentrumEliassenAmmerzoden\",\"https:\/\/www.instagram.com\/eliassenhomeandgarden\/\",\"https:\/\/nl.pinterest.com\/eliassenhomeandgarden\/\",\"https:\/\/www.youtube.com\/@eliassenhomegardenpleasure4558\"]}]}<\/script>\n<!-- \/ Yoast SEO plugin. -->","yoast_head_json":{"title":"Hohe Sockel von Meerpaal | LIVE in unserem Showroom zu sehen!","description":"Sehen Sie sich diese Sammlung originaler Festmacherpfosten aus Hartholz an. Haben Sie eine robuste und industrielle Atmosph\u00e4re. F\u00fcr drinnen und drau\u00dfen geeig...","robots":{"index":"noindex","follow":"follow","max-snippet":"max-snippet:-1","max-image-preview":"max-image-preview:large","max-video-preview":"max-video-preview:-1"},"og_locale":"de_DE","og_type":"article","og_title":"Hohe Sockel von Meerpaal | LIVE in unserem Showroom zu sehen!","og_description":"Sehen Sie sich diese Sammlung originaler Festmacherpfosten aus Hartholz an. Haben Sie eine robuste und industrielle Atmosph\u00e4re. F\u00fcr drinnen und drau\u00dfen geeig...","og_url":"https:\/\/dev.eliassen.nl\/de\/product\/sockelsaulen-von-anlegepfosten\/","og_site_name":"Eliassen.nl","article_publisher":"https:\/\/www.facebook.com\/TuincentrumEliassenAmmerzoden","article_modified_time":"2024-12-05T14:29:02+00:00","og_image":[{"width":2048,"height":1828,"url":"https:\/\/dev.eliassen.nl\/wp-content\/uploads\/2024\/01\/processeddcea98ac36e74458b3789e23ad5b0bfbkdq.jpg","type":"image\/jpeg"}],"twitter_card":"summary_large_image","schema":{"@context":"https:\/\/schema.org","@graph":[{"@type":"WebPage","@id":"https:\/\/dev.eliassen.nl\/de\/product\/sockelsaulen-von-anlegepfosten\/","url":"https:\/\/dev.eliassen.nl\/de\/product\/sockelsaulen-von-anlegepfosten\/","name":"Hohe Sockel von Meerpaal | LIVE in unserem Showroom zu sehen!","isPartOf":{"@id":"https:\/\/dev.eliassen.nl\/de\/#website"},"primaryImageOfPage":{"@id":"https:\/\/dev.eliassen.nl\/de\/product\/sockelsaulen-von-anlegepfosten\/#primaryimage"},"image":{"@id":"https:\/\/dev.eliassen.nl\/de\/product\/sockelsaulen-von-anlegepfosten\/#primaryimage"},"thumbnailUrl":"https:\/\/dev.eliassen.nl\/wp-content\/uploads\/2024\/01\/processeddcea98ac36e74458b3789e23ad5b0bfbkdq.jpg","datePublished":"2019-10-28T18:02:34+00:00","dateModified":"2024-12-05T14:29:02+00:00","description":"Sehen Sie sich diese Sammlung originaler Festmacherpfosten aus Hartholz an. Haben Sie eine robuste und industrielle Atmosph\u00e4re. F\u00fcr drinnen und drau\u00dfen geeig...","breadcrumb":{"@id":"https:\/\/dev.eliassen.nl\/de\/product\/sockelsaulen-von-anlegepfosten\/#breadcrumb"},"inLanguage":"de","potentialAction":[{"@type":"ReadAction","target":["https:\/\/dev.eliassen.nl\/de\/product\/sockelsaulen-von-anlegepfosten\/"]}]},{"@type":"ImageObject","inLanguage":"de","@id":"https:\/\/dev.eliassen.nl\/de\/product\/sockelsaulen-von-anlegepfosten\/#primaryimage","url":"https:\/\/dev.eliassen.nl\/wp-content\/uploads\/2024\/01\/processeddcea98ac36e74458b3789e23ad5b0bfbkdq.jpg","contentUrl":"https:\/\/dev.eliassen.nl\/wp-content\/uploads\/2024\/01\/processeddcea98ac36e74458b3789e23ad5b0bfbkdq.jpg","width":2048,"height":1828,"caption":"processed-dcea98ac-36e7-4458-b378-9e23ad5b0bfb_KdQYoi3T"},{"@type":"BreadcrumbList","@id":"https:\/\/dev.eliassen.nl\/de\/product\/sockelsaulen-von-anlegepfosten\/#breadcrumb","itemListElement":[{"@type":"ListItem","position":1,"name":"Home","item":"https:\/\/dev.eliassen.nl\/de\/"},{"@type":"ListItem","position":2,"name":"Shop","item":"https:\/\/dev.eliassen.nl\/nl\/winkel\/"},{"@type":"ListItem","position":3,"name":"Sockel","item":"https:\/\/dev.eliassen.nl\/de\/sockel\/"},{"@type":"ListItem","position":4,"name":"Holzsockel","item":"https:\/\/dev.eliassen.nl\/de\/sockel\/holzsockel\/"},{"@type":"ListItem","position":5,"name":"Sockels\u00e4ulen von Anlegepfosten"}]},{"@type":"WebSite","@id":"https:\/\/dev.eliassen.nl\/de\/#website","url":"https:\/\/dev.eliassen.nl\/de\/","name":"Eliassen Home & Garden Pleasure","description":"","publisher":{"@id":"https:\/\/dev.eliassen.nl\/de\/#organization"},"alternateName":"Eliassen.nl","potentialAction":[{"@type":"SearchAction","target":{"@type":"EntryPoint","urlTemplate":"https:\/\/dev.eliassen.nl\/de\/?s={search_term_string}"},"query-input":{"@type":"PropertyValueSpecification","valueRequired":true,"valueName":"search_term_string"}}],"inLanguage":"de"},{"@type":"Organization","@id":"https:\/\/dev.eliassen.nl\/de\/#organization","name":"Eliassen Home & Garden Pleasure","url":"https:\/\/dev.eliassen.nl\/de\/","logo":{"@type":"ImageObject","inLanguage":"de","@id":"https:\/\/dev.eliassen.nl\/de\/#\/schema\/logo\/image\/","url":"https:\/\/www.eliassen.nl\/wp-content\/uploads\/2024\/01\/logo_4nd.jpg","contentUrl":"https:\/\/www.eliassen.nl\/wp-content\/uploads\/2024\/01\/logo_4nd.jpg","width":500,"height":500,"caption":"Eliassen Home & Garden Pleasure"},"image":{"@id":"https:\/\/dev.eliassen.nl\/de\/#\/schema\/logo\/image\/"},"sameAs":["https:\/\/www.facebook.com\/TuincentrumEliassenAmmerzoden","https:\/\/www.instagram.com\/eliassenhomeandgarden\/","https:\/\/nl.pinterest.com\/eliassenhomeandgarden\/","https:\/\/www.youtube.com\/@eliassenhomegardenpleasure4558"]}]}},"df_price":"","df_sale_price":"","df_regular_price":"","df_image_link":"https:\/\/dev.eliassen.nl\/wp-content\/uploads\/2024\/01\/processeddcea98ac36e74458b3789e23ad5b0bfbkdq.jpg","image":"https:\/\/dev.eliassen.nl\/wp-content\/uploads\/2024\/01\/processeddcea98ac36e74458b3789e23ad5b0bfbkdq.jpg","price_search":"<span class=\"woocommerce-Price-amount amount\"><bdi><span class=\"woocommerce-Price-currencySymbol\">&euro;<\/span>&nbsp;0,00<\/bdi><\/span>","category":"Holzsockel","_links":{"self":[{"href":"https:\/\/dev.eliassen.nl\/de\/wp-json\/wp\/v2\/product\/18250","targetHints":{"allow":["GET"]}}],"collection":[{"href":"https:\/\/dev.eliassen.nl\/de\/wp-json\/wp\/v2\/product"}],"about":[{"href":"https:\/\/dev.eliassen.nl\/de\/wp-json\/wp\/v2\/types\/product"}],"wp:featuredmedia":[{"embeddable":true,"href":"https:\/\/dev.eliassen.nl\/de\/wp-json\/wp\/v2\/media\/18226"}],"wp:attachment":[{"href":"https:\/\/dev.eliassen.nl\/de\/wp-json\/wp\/v2\/media?parent=18250"}],"wp:term":[{"taxonomy":"product_brand","embeddable":true,"href":"https:\/\/dev.eliassen.nl\/de\/wp-json\/wp\/v2\/product_brand?post=18250"},{"taxonomy":"product_cat","embeddable":true,"href":"https:\/\/dev.eliassen.nl\/de\/wp-json\/wp\/v2\/product_cat?post=18250"},{"taxonomy":"product_tag","embeddable":true,"href":"https:\/\/dev.eliassen.nl\/de\/wp-json\/wp\/v2\/product_tag?post=18250"}],"curies":[{"name":"wp","href":"https:\/\/api.w.org\/{rel}","templated":true}]}}