{"id":18544,"date":"2019-10-28T19:08:09","date_gmt":"2019-10-28T18:08:09","guid":{"rendered":"https:\/\/www.eliassen.nl\/?product=saeule-hochglaenzend-urta-weiss-100cm-copy"},"modified":"2024-12-05T15:29:41","modified_gmt":"2024-12-05T14:29:41","slug":"saule-mattweiss-100cm","status":"publish","type":"product","link":"https:\/\/dev.eliassen.nl\/de\/product\/saule-mattweiss-100cm\/","title":{"rendered":"S\u00e4ule mattwei\u00df 100cm"},"content":{"rendered":"<p>Bringen Sie pure Sch\u00f6nheit in Ihr Haus oder Ihren Garten mit dieser gro\u00dfen, modernen, mattwei\u00dfen S\u00e4ule.<\/p>\n<p>Hergestellt aus sehr starkem Faserstein, wundersch\u00f6n verarbeitet mit einem superstarken matten Lack von super Qualit\u00e4t, vergleichbar mit Autolack. Fiberstone besteht aus zerkleinertem Naturstein, gemischt mit Polyester-Epoxidharz und verst\u00e4rkt mit Glasfasermatten. Diese Vasen- und Beh\u00e4lterserie ist f\u00fcr den Innen- und Au\u00dfenbereich geeignet. Wundersch\u00f6n in Kombination mit dem Codi-Topf 40 cm, aber auch f\u00fcr eine Statue, Sonnenuhr usw.<\/p>\n<p><strong>Diese Serie kann auch in unserem Shop besichtigt werden.<\/strong><\/p>\n<ul>\n<li><span style=\"color: #000000;\">Gr\u00f6\u00dfe: 28x28x100cm hoch<\/span><\/li>\n<li>Sehr stilvoll in eleganten, modernen Innenr\u00e4umen und G\u00e4rten<\/li>\n<li>Maximale Belastung: 100 kg<\/li>\n<li>Material: Polyesterfaserstein<\/li>\n<li>3 Jahre Garantie, ausgenommen \u00e4u\u00dfere Sch\u00e4den<\/li>\n<li>UV-best\u00e4ndig<\/li>\n<li>Eigener Import und Lager<\/li>\n<li>Schnell geliefert<\/li>\n<li>Verpackt im stabilen Karton<\/li>\n<\/ul>\n","protected":false},"excerpt":{"rendered":"<p>Bringen Sie pure Sch\u00f6nheit in Ihr Haus oder Ihren Garten mit dieser gro\u00dfen, modernen, mattwei\u00dfen S\u00e4ule. Hergestellt aus sehr starkem Faserstein, wundersch\u00f6n verarbeitet mit einem superstarken matten Lack von super Qualit\u00e4t, vergleichbar mit Autolack. Fiberstone besteht aus zerkleinertem Naturstein, gemischt mit Polyester-Epoxidharz und verst\u00e4rkt mit Glasfasermatten. Diese Vasen- und Beh\u00e4lterserie ist f\u00fcr den Innen- und &hellip;<\/p>\n","protected":false},"featured_media":18535,"template":"","meta":{"_acf_changed":false},"product_brand":[6916],"product_cat":[782,788],"product_tag":[],"class_list":{"0":"post-18544","1":"product","2":"type-product","3":"status-publish","4":"has-post-thumbnail","6":"product_brand-eliassen-de","7":"product_cat-sockel","8":"product_cat-sockel-aus-polyester","10":"first","11":"outofstock","12":"taxable","13":"shipping-taxable","14":"purchasable","15":"product-type-simple"},"acf":[],"yoast_head":"<!-- This site is optimized with the Yoast SEO plugin v23.8 - https:\/\/yoast.com\/wordpress\/plugins\/seo\/ -->\n<title>S\u00e4ule mattwei\u00df 100cm<\/title>\n<meta name=\"description\" content=\"S\u00e4ule hochgl\u00e4nzend wei\u00df, 100cm matt. Hergestellt aus sehr starkem Faserstein, wundersch\u00f6n verarbeitet mit mattem Hochglanzlack von h\u00f6chster Qualit\u00e4t ...\" \/>\n<meta name=\"robots\" content=\"noindex, follow, max-snippet:-1, max-image-preview:large, max-video-preview:-1\" \/>\n<meta property=\"og:locale\" content=\"de_DE\" \/>\n<meta property=\"og:type\" content=\"article\" \/>\n<meta property=\"og:title\" content=\"S\u00e4ule mattwei\u00df 100cm\" \/>\n<meta property=\"og:description\" content=\"S\u00e4ule hochgl\u00e4nzend wei\u00df, 100cm matt. Hergestellt aus sehr starkem Faserstein, wundersch\u00f6n verarbeitet mit mattem Hochglanzlack von h\u00f6chster Qualit\u00e4t ...\" \/>\n<meta property=\"og:url\" content=\"https:\/\/dev.eliassen.nl\/de\/product\/saule-mattweiss-100cm\/\" \/>\n<meta property=\"og:site_name\" content=\"Eliassen.nl\" \/>\n<meta property=\"article:publisher\" content=\"https:\/\/www.facebook.com\/TuincentrumEliassenAmmerzoden\" \/>\n<meta property=\"article:modified_time\" content=\"2024-12-05T14:29:41+00:00\" \/>\n<meta property=\"og:image\" content=\"https:\/\/dev.eliassen.nl\/wp-content\/uploads\/2024\/01\/eliassensokkelhoogglansurtainwitofzwart120.jpg\" \/>\n\t<meta property=\"og:image:width\" content=\"200\" \/>\n\t<meta property=\"og:image:height\" content=\"400\" \/>\n\t<meta property=\"og:image:type\" content=\"image\/jpeg\" \/>\n<meta name=\"twitter:card\" content=\"summary_large_image\" \/>\n<script type=\"application\/ld+json\" class=\"yoast-schema-graph\">{\"@context\":\"https:\/\/schema.org\",\"@graph\":[{\"@type\":\"WebPage\",\"@id\":\"https:\/\/dev.eliassen.nl\/de\/product\/saule-mattweiss-100cm\/\",\"url\":\"https:\/\/dev.eliassen.nl\/de\/product\/saule-mattweiss-100cm\/\",\"name\":\"S\u00e4ule mattwei\u00df 100cm\",\"isPartOf\":{\"@id\":\"https:\/\/dev.eliassen.nl\/de\/#website\"},\"primaryImageOfPage\":{\"@id\":\"https:\/\/dev.eliassen.nl\/de\/product\/saule-mattweiss-100cm\/#primaryimage\"},\"image\":{\"@id\":\"https:\/\/dev.eliassen.nl\/de\/product\/saule-mattweiss-100cm\/#primaryimage\"},\"thumbnailUrl\":\"https:\/\/dev.eliassen.nl\/wp-content\/uploads\/2024\/01\/eliassensokkelhoogglansurtainwitofzwart120.jpg\",\"datePublished\":\"2019-10-28T18:08:09+00:00\",\"dateModified\":\"2024-12-05T14:29:41+00:00\",\"description\":\"S\u00e4ule hochgl\u00e4nzend wei\u00df, 100cm matt. Hergestellt aus sehr starkem Faserstein, wundersch\u00f6n verarbeitet mit mattem Hochglanzlack von h\u00f6chster Qualit\u00e4t ...\",\"breadcrumb\":{\"@id\":\"https:\/\/dev.eliassen.nl\/de\/product\/saule-mattweiss-100cm\/#breadcrumb\"},\"inLanguage\":\"de\",\"potentialAction\":[{\"@type\":\"ReadAction\",\"target\":[\"https:\/\/dev.eliassen.nl\/de\/product\/saule-mattweiss-100cm\/\"]}]},{\"@type\":\"ImageObject\",\"inLanguage\":\"de\",\"@id\":\"https:\/\/dev.eliassen.nl\/de\/product\/saule-mattweiss-100cm\/#primaryimage\",\"url\":\"https:\/\/dev.eliassen.nl\/wp-content\/uploads\/2024\/01\/eliassensokkelhoogglansurtainwitofzwart120.jpg\",\"contentUrl\":\"https:\/\/dev.eliassen.nl\/wp-content\/uploads\/2024\/01\/eliassensokkelhoogglansurtainwitofzwart120.jpg\",\"width\":200,\"height\":400,\"caption\":\"eliassen-sokkel-hoogglans-urta-in-wit-of-zwart-120\"},{\"@type\":\"BreadcrumbList\",\"@id\":\"https:\/\/dev.eliassen.nl\/de\/product\/saule-mattweiss-100cm\/#breadcrumb\",\"itemListElement\":[{\"@type\":\"ListItem\",\"position\":1,\"name\":\"Home\",\"item\":\"https:\/\/dev.eliassen.nl\/de\/\"},{\"@type\":\"ListItem\",\"position\":2,\"name\":\"Shop\",\"item\":\"https:\/\/dev.eliassen.nl\/nl\/winkel\/\"},{\"@type\":\"ListItem\",\"position\":3,\"name\":\"Sockel\",\"item\":\"https:\/\/dev.eliassen.nl\/de\/sockel\/\"},{\"@type\":\"ListItem\",\"position\":4,\"name\":\"Sockel aus Polyester\",\"item\":\"https:\/\/dev.eliassen.nl\/de\/sockel\/sockel-aus-polyester\/\"},{\"@type\":\"ListItem\",\"position\":5,\"name\":\"S\u00e4ule mattwei\u00df 100cm\"}]},{\"@type\":\"WebSite\",\"@id\":\"https:\/\/dev.eliassen.nl\/de\/#website\",\"url\":\"https:\/\/dev.eliassen.nl\/de\/\",\"name\":\"Eliassen Home & Garden Pleasure\",\"description\":\"\",\"publisher\":{\"@id\":\"https:\/\/dev.eliassen.nl\/de\/#organization\"},\"alternateName\":\"Eliassen.nl\",\"potentialAction\":[{\"@type\":\"SearchAction\",\"target\":{\"@type\":\"EntryPoint\",\"urlTemplate\":\"https:\/\/dev.eliassen.nl\/de\/?s={search_term_string}\"},\"query-input\":{\"@type\":\"PropertyValueSpecification\",\"valueRequired\":true,\"valueName\":\"search_term_string\"}}],\"inLanguage\":\"de\"},{\"@type\":\"Organization\",\"@id\":\"https:\/\/dev.eliassen.nl\/de\/#organization\",\"name\":\"Eliassen Home & Garden Pleasure\",\"url\":\"https:\/\/dev.eliassen.nl\/de\/\",\"logo\":{\"@type\":\"ImageObject\",\"inLanguage\":\"de\",\"@id\":\"https:\/\/dev.eliassen.nl\/de\/#\/schema\/logo\/image\/\",\"url\":\"https:\/\/www.eliassen.nl\/wp-content\/uploads\/2024\/01\/logo_4nd.jpg\",\"contentUrl\":\"https:\/\/www.eliassen.nl\/wp-content\/uploads\/2024\/01\/logo_4nd.jpg\",\"width\":500,\"height\":500,\"caption\":\"Eliassen Home & Garden Pleasure\"},\"image\":{\"@id\":\"https:\/\/dev.eliassen.nl\/de\/#\/schema\/logo\/image\/\"},\"sameAs\":[\"https:\/\/www.facebook.com\/TuincentrumEliassenAmmerzoden\",\"https:\/\/www.instagram.com\/eliassenhomeandgarden\/\",\"https:\/\/nl.pinterest.com\/eliassenhomeandgarden\/\",\"https:\/\/www.youtube.com\/@eliassenhomegardenpleasure4558\"]}]}<\/script>\n<!-- \/ Yoast SEO plugin. -->","yoast_head_json":{"title":"S\u00e4ule mattwei\u00df 100cm","description":"S\u00e4ule hochgl\u00e4nzend wei\u00df, 100cm matt. Hergestellt aus sehr starkem Faserstein, wundersch\u00f6n verarbeitet mit mattem Hochglanzlack von h\u00f6chster Qualit\u00e4t ...","robots":{"index":"noindex","follow":"follow","max-snippet":"max-snippet:-1","max-image-preview":"max-image-preview:large","max-video-preview":"max-video-preview:-1"},"og_locale":"de_DE","og_type":"article","og_title":"S\u00e4ule mattwei\u00df 100cm","og_description":"S\u00e4ule hochgl\u00e4nzend wei\u00df, 100cm matt. Hergestellt aus sehr starkem Faserstein, wundersch\u00f6n verarbeitet mit mattem Hochglanzlack von h\u00f6chster Qualit\u00e4t ...","og_url":"https:\/\/dev.eliassen.nl\/de\/product\/saule-mattweiss-100cm\/","og_site_name":"Eliassen.nl","article_publisher":"https:\/\/www.facebook.com\/TuincentrumEliassenAmmerzoden","article_modified_time":"2024-12-05T14:29:41+00:00","og_image":[{"width":200,"height":400,"url":"https:\/\/dev.eliassen.nl\/wp-content\/uploads\/2024\/01\/eliassensokkelhoogglansurtainwitofzwart120.jpg","type":"image\/jpeg"}],"twitter_card":"summary_large_image","schema":{"@context":"https:\/\/schema.org","@graph":[{"@type":"WebPage","@id":"https:\/\/dev.eliassen.nl\/de\/product\/saule-mattweiss-100cm\/","url":"https:\/\/dev.eliassen.nl\/de\/product\/saule-mattweiss-100cm\/","name":"S\u00e4ule mattwei\u00df 100cm","isPartOf":{"@id":"https:\/\/dev.eliassen.nl\/de\/#website"},"primaryImageOfPage":{"@id":"https:\/\/dev.eliassen.nl\/de\/product\/saule-mattweiss-100cm\/#primaryimage"},"image":{"@id":"https:\/\/dev.eliassen.nl\/de\/product\/saule-mattweiss-100cm\/#primaryimage"},"thumbnailUrl":"https:\/\/dev.eliassen.nl\/wp-content\/uploads\/2024\/01\/eliassensokkelhoogglansurtainwitofzwart120.jpg","datePublished":"2019-10-28T18:08:09+00:00","dateModified":"2024-12-05T14:29:41+00:00","description":"S\u00e4ule hochgl\u00e4nzend wei\u00df, 100cm matt. Hergestellt aus sehr starkem Faserstein, wundersch\u00f6n verarbeitet mit mattem Hochglanzlack von h\u00f6chster Qualit\u00e4t ...","breadcrumb":{"@id":"https:\/\/dev.eliassen.nl\/de\/product\/saule-mattweiss-100cm\/#breadcrumb"},"inLanguage":"de","potentialAction":[{"@type":"ReadAction","target":["https:\/\/dev.eliassen.nl\/de\/product\/saule-mattweiss-100cm\/"]}]},{"@type":"ImageObject","inLanguage":"de","@id":"https:\/\/dev.eliassen.nl\/de\/product\/saule-mattweiss-100cm\/#primaryimage","url":"https:\/\/dev.eliassen.nl\/wp-content\/uploads\/2024\/01\/eliassensokkelhoogglansurtainwitofzwart120.jpg","contentUrl":"https:\/\/dev.eliassen.nl\/wp-content\/uploads\/2024\/01\/eliassensokkelhoogglansurtainwitofzwart120.jpg","width":200,"height":400,"caption":"eliassen-sokkel-hoogglans-urta-in-wit-of-zwart-120"},{"@type":"BreadcrumbList","@id":"https:\/\/dev.eliassen.nl\/de\/product\/saule-mattweiss-100cm\/#breadcrumb","itemListElement":[{"@type":"ListItem","position":1,"name":"Home","item":"https:\/\/dev.eliassen.nl\/de\/"},{"@type":"ListItem","position":2,"name":"Shop","item":"https:\/\/dev.eliassen.nl\/nl\/winkel\/"},{"@type":"ListItem","position":3,"name":"Sockel","item":"https:\/\/dev.eliassen.nl\/de\/sockel\/"},{"@type":"ListItem","position":4,"name":"Sockel aus Polyester","item":"https:\/\/dev.eliassen.nl\/de\/sockel\/sockel-aus-polyester\/"},{"@type":"ListItem","position":5,"name":"S\u00e4ule mattwei\u00df 100cm"}]},{"@type":"WebSite","@id":"https:\/\/dev.eliassen.nl\/de\/#website","url":"https:\/\/dev.eliassen.nl\/de\/","name":"Eliassen Home & Garden Pleasure","description":"","publisher":{"@id":"https:\/\/dev.eliassen.nl\/de\/#organization"},"alternateName":"Eliassen.nl","potentialAction":[{"@type":"SearchAction","target":{"@type":"EntryPoint","urlTemplate":"https:\/\/dev.eliassen.nl\/de\/?s={search_term_string}"},"query-input":{"@type":"PropertyValueSpecification","valueRequired":true,"valueName":"search_term_string"}}],"inLanguage":"de"},{"@type":"Organization","@id":"https:\/\/dev.eliassen.nl\/de\/#organization","name":"Eliassen Home & Garden Pleasure","url":"https:\/\/dev.eliassen.nl\/de\/","logo":{"@type":"ImageObject","inLanguage":"de","@id":"https:\/\/dev.eliassen.nl\/de\/#\/schema\/logo\/image\/","url":"https:\/\/www.eliassen.nl\/wp-content\/uploads\/2024\/01\/logo_4nd.jpg","contentUrl":"https:\/\/www.eliassen.nl\/wp-content\/uploads\/2024\/01\/logo_4nd.jpg","width":500,"height":500,"caption":"Eliassen Home & Garden Pleasure"},"image":{"@id":"https:\/\/dev.eliassen.nl\/de\/#\/schema\/logo\/image\/"},"sameAs":["https:\/\/www.facebook.com\/TuincentrumEliassenAmmerzoden","https:\/\/www.instagram.com\/eliassenhomeandgarden\/","https:\/\/nl.pinterest.com\/eliassenhomeandgarden\/","https:\/\/www.youtube.com\/@eliassenhomegardenpleasure4558"]}]}},"df_price":149,"df_sale_price":"","df_regular_price":149,"df_image_link":"https:\/\/dev.eliassen.nl\/wp-content\/uploads\/2024\/01\/eliassensokkelhoogglansurtainwitofzwart120.jpg","image":"https:\/\/dev.eliassen.nl\/wp-content\/uploads\/2024\/01\/eliassensokkelhoogglansurtainwitofzwart120.jpg","price_search":"<span class=\"woocommerce-Price-amount amount\"><bdi><span class=\"woocommerce-Price-currencySymbol\">&euro;<\/span>&nbsp;149,00<\/bdi><\/span>","category":"Sockel","_links":{"self":[{"href":"https:\/\/dev.eliassen.nl\/de\/wp-json\/wp\/v2\/product\/18544","targetHints":{"allow":["GET"]}}],"collection":[{"href":"https:\/\/dev.eliassen.nl\/de\/wp-json\/wp\/v2\/product"}],"about":[{"href":"https:\/\/dev.eliassen.nl\/de\/wp-json\/wp\/v2\/types\/product"}],"wp:featuredmedia":[{"embeddable":true,"href":"https:\/\/dev.eliassen.nl\/de\/wp-json\/wp\/v2\/media\/18535"}],"wp:attachment":[{"href":"https:\/\/dev.eliassen.nl\/de\/wp-json\/wp\/v2\/media?parent=18544"}],"wp:term":[{"taxonomy":"product_brand","embeddable":true,"href":"https:\/\/dev.eliassen.nl\/de\/wp-json\/wp\/v2\/product_brand?post=18544"},{"taxonomy":"product_cat","embeddable":true,"href":"https:\/\/dev.eliassen.nl\/de\/wp-json\/wp\/v2\/product_cat?post=18544"},{"taxonomy":"product_tag","embeddable":true,"href":"https:\/\/dev.eliassen.nl\/de\/wp-json\/wp\/v2\/product_tag?post=18544"}],"curies":[{"name":"wp","href":"https:\/\/api.w.org\/{rel}","templated":true}]}}