{"id":18610,"date":"2019-10-28T19:08:25","date_gmt":"2019-10-28T18:08:25","guid":{"rendered":"https:\/\/www.eliassen.nl\/?product=saeule-silber-metall-farbe-100-cm-copy-102955953"},"modified":"2024-12-05T15:29:49","modified_gmt":"2024-12-05T14:29:49","slug":"saule-steel-industry-100-cm-schwere-ausfuhrung","status":"publish","type":"product","link":"https:\/\/dev.eliassen.nl\/de\/product\/saule-steel-industry-100-cm-schwere-ausfuhrung\/","title":{"rendered":"S\u00e4ule Steel Industry 100 cm schwere Ausf\u00fchrung"},"content":{"rendered":"<p>Bringen Sie pure Sch\u00f6nheit in Ihr Haus oder Ihren Garten mit dieser robusten, modernen schwarzen S\u00e4ule im Industriestil.<\/p>\n<p>Hergestellt aus 25 x 25 cm gro\u00dfen Stahlrohren, daher sehr robust. Schwarz beschichtet, wundersch\u00f6n verarbeitet mit 3,5 cm dicker grauer Fiberstone-Platte. Fiberstone besteht aus zerkleinertem Naturstein, gemischt mit Polyester-Epoxidharz und verst\u00e4rkt mit Glasfasermatten. Diese Serie ist f\u00fcr den Innen- und Au\u00dfenbereich geeignet.<\/p>\n<p><strong>Diese Serie kann auch in unserem Shop besichtigt werden.<\/strong><\/p>\n<ul>\n<li><span style=\"color: #000000;\">Gr\u00f6\u00dfe: 34x34x100cm hoch<\/span><\/li>\n<li>Sehr stilvoll in eleganten, modernen Innenr\u00e4umen und G\u00e4rten<\/li>\n<li>Frostbest\u00e4ndig: Ja<\/li>\n<li>Maximale Belastung: 130 kg<\/li>\n<li>Material: Polyesterfaserstein<\/li>\n<li>3 Jahre Garantie, ausgenommen \u00e4u\u00dfere Sch\u00e4den<\/li>\n<li>UV-best\u00e4ndig<\/li>\n<li>Schnell geliefert<\/li>\n<li>Verpackt im stabilen Karton<\/li>\n<\/ul>\n","protected":false},"excerpt":{"rendered":"<p>schwere S\u00e4ule<\/p>\n","protected":false},"featured_media":18598,"template":"","meta":{"_acf_changed":false},"product_brand":[],"product_cat":[797,1244,782,7064],"product_tag":[],"class_list":{"0":"post-18610","1":"product","2":"type-product","3":"status-publish","4":"has-post-thumbnail","6":"product_cat-metallsockel","7":"product_cat-pflanzentische-11304174","8":"product_cat-sockel","9":"product_cat-werbeartikel","11":"first","12":"instock","13":"sale","14":"taxable","15":"shipping-taxable","16":"purchasable","17":"product-type-simple"},"acf":[],"yoast_head":"<!-- This site is optimized with the Yoast SEO plugin v23.8 - https:\/\/yoast.com\/wordpress\/plugins\/seo\/ -->\n<title>Schwarze S\u00e4ule Steel Industry 100 cm - Eliassen.nl<\/title>\n<meta name=\"description\" content=\"Schwarze Metalls\u00e4ule mit einer L\u00e4nge von 100 cm. Hergestellt aus sehr starkem Faserstein. S\u00e4ule und Topf kombinierbar, gro\u00dfe Auswahl an T\u00f6pfen in unserem Lager.\" \/>\n<meta name=\"robots\" content=\"noindex, follow, max-snippet:-1, max-image-preview:large, max-video-preview:-1\" \/>\n<meta property=\"og:locale\" content=\"de_DE\" \/>\n<meta property=\"og:type\" content=\"article\" \/>\n<meta property=\"og:title\" content=\"Schwarze S\u00e4ule Steel Industry 100 cm - Eliassen.nl\" \/>\n<meta property=\"og:description\" content=\"Schwarze Metalls\u00e4ule mit einer L\u00e4nge von 100 cm. Hergestellt aus sehr starkem Faserstein. S\u00e4ule und Topf kombinierbar, gro\u00dfe Auswahl an T\u00f6pfen in unserem Lager.\" \/>\n<meta property=\"og:url\" content=\"https:\/\/dev.eliassen.nl\/de\/product\/saule-steel-industry-100-cm-schwere-ausfuhrung\/\" \/>\n<meta property=\"og:site_name\" content=\"Eliassen.nl\" \/>\n<meta property=\"article:publisher\" content=\"https:\/\/www.facebook.com\/TuincentrumEliassenAmmerzoden\" \/>\n<meta property=\"article:modified_time\" content=\"2024-12-05T14:29:49+00:00\" \/>\n<meta property=\"og:image\" content=\"https:\/\/dev.eliassen.nl\/wp-content\/uploads\/2024\/01\/9200000095965419.jpg\" \/>\n\t<meta property=\"og:image:width\" content=\"550\" \/>\n\t<meta property=\"og:image:height\" content=\"825\" \/>\n\t<meta property=\"og:image:type\" content=\"image\/jpeg\" \/>\n<meta name=\"twitter:card\" content=\"summary_large_image\" \/>\n<script type=\"application\/ld+json\" class=\"yoast-schema-graph\">{\"@context\":\"https:\/\/schema.org\",\"@graph\":[{\"@type\":\"WebPage\",\"@id\":\"https:\/\/dev.eliassen.nl\/de\/product\/saule-steel-industry-100-cm-schwere-ausfuhrung\/\",\"url\":\"https:\/\/dev.eliassen.nl\/de\/product\/saule-steel-industry-100-cm-schwere-ausfuhrung\/\",\"name\":\"Schwarze S\u00e4ule Steel Industry 100 cm - Eliassen.nl\",\"isPartOf\":{\"@id\":\"https:\/\/dev.eliassen.nl\/de\/#website\"},\"primaryImageOfPage\":{\"@id\":\"https:\/\/dev.eliassen.nl\/de\/product\/saule-steel-industry-100-cm-schwere-ausfuhrung\/#primaryimage\"},\"image\":{\"@id\":\"https:\/\/dev.eliassen.nl\/de\/product\/saule-steel-industry-100-cm-schwere-ausfuhrung\/#primaryimage\"},\"thumbnailUrl\":\"https:\/\/dev.eliassen.nl\/wp-content\/uploads\/2024\/01\/9200000095965419.jpg\",\"datePublished\":\"2019-10-28T18:08:25+00:00\",\"dateModified\":\"2024-12-05T14:29:49+00:00\",\"description\":\"Schwarze Metalls\u00e4ule mit einer L\u00e4nge von 100 cm. Hergestellt aus sehr starkem Faserstein. S\u00e4ule und Topf kombinierbar, gro\u00dfe Auswahl an T\u00f6pfen in unserem Lager.\",\"breadcrumb\":{\"@id\":\"https:\/\/dev.eliassen.nl\/de\/product\/saule-steel-industry-100-cm-schwere-ausfuhrung\/#breadcrumb\"},\"inLanguage\":\"de\",\"potentialAction\":[{\"@type\":\"ReadAction\",\"target\":[\"https:\/\/dev.eliassen.nl\/de\/product\/saule-steel-industry-100-cm-schwere-ausfuhrung\/\"]}]},{\"@type\":\"ImageObject\",\"inLanguage\":\"de\",\"@id\":\"https:\/\/dev.eliassen.nl\/de\/product\/saule-steel-industry-100-cm-schwere-ausfuhrung\/#primaryimage\",\"url\":\"https:\/\/dev.eliassen.nl\/wp-content\/uploads\/2024\/01\/9200000095965419.jpg\",\"contentUrl\":\"https:\/\/dev.eliassen.nl\/wp-content\/uploads\/2024\/01\/9200000095965419.jpg\",\"width\":550,\"height\":825,\"caption\":\"9200000095965419\"},{\"@type\":\"BreadcrumbList\",\"@id\":\"https:\/\/dev.eliassen.nl\/de\/product\/saule-steel-industry-100-cm-schwere-ausfuhrung\/#breadcrumb\",\"itemListElement\":[{\"@type\":\"ListItem\",\"position\":1,\"name\":\"Home\",\"item\":\"https:\/\/dev.eliassen.nl\/de\/\"},{\"@type\":\"ListItem\",\"position\":2,\"name\":\"Shop\",\"item\":\"https:\/\/dev.eliassen.nl\/nl\/winkel\/\"},{\"@type\":\"ListItem\",\"position\":3,\"name\":\"Sockel\",\"item\":\"https:\/\/dev.eliassen.nl\/de\/sockel\/\"},{\"@type\":\"ListItem\",\"position\":4,\"name\":\"Metallsockel\",\"item\":\"https:\/\/dev.eliassen.nl\/de\/sockel\/metallsockel\/\"},{\"@type\":\"ListItem\",\"position\":5,\"name\":\"S\u00e4ule Steel Industry 100 cm schwere Ausf\u00fchrung\"}]},{\"@type\":\"WebSite\",\"@id\":\"https:\/\/dev.eliassen.nl\/de\/#website\",\"url\":\"https:\/\/dev.eliassen.nl\/de\/\",\"name\":\"Eliassen Home & Garden Pleasure\",\"description\":\"\",\"publisher\":{\"@id\":\"https:\/\/dev.eliassen.nl\/de\/#organization\"},\"alternateName\":\"Eliassen.nl\",\"potentialAction\":[{\"@type\":\"SearchAction\",\"target\":{\"@type\":\"EntryPoint\",\"urlTemplate\":\"https:\/\/dev.eliassen.nl\/de\/?s={search_term_string}\"},\"query-input\":{\"@type\":\"PropertyValueSpecification\",\"valueRequired\":true,\"valueName\":\"search_term_string\"}}],\"inLanguage\":\"de\"},{\"@type\":\"Organization\",\"@id\":\"https:\/\/dev.eliassen.nl\/de\/#organization\",\"name\":\"Eliassen Home & Garden Pleasure\",\"url\":\"https:\/\/dev.eliassen.nl\/de\/\",\"logo\":{\"@type\":\"ImageObject\",\"inLanguage\":\"de\",\"@id\":\"https:\/\/dev.eliassen.nl\/de\/#\/schema\/logo\/image\/\",\"url\":\"https:\/\/www.eliassen.nl\/wp-content\/uploads\/2024\/01\/logo_4nd.jpg\",\"contentUrl\":\"https:\/\/www.eliassen.nl\/wp-content\/uploads\/2024\/01\/logo_4nd.jpg\",\"width\":500,\"height\":500,\"caption\":\"Eliassen Home & Garden Pleasure\"},\"image\":{\"@id\":\"https:\/\/dev.eliassen.nl\/de\/#\/schema\/logo\/image\/\"},\"sameAs\":[\"https:\/\/www.facebook.com\/TuincentrumEliassenAmmerzoden\",\"https:\/\/www.instagram.com\/eliassenhomeandgarden\/\",\"https:\/\/nl.pinterest.com\/eliassenhomeandgarden\/\",\"https:\/\/www.youtube.com\/@eliassenhomegardenpleasure4558\"]}]}<\/script>\n<!-- \/ Yoast SEO plugin. -->","yoast_head_json":{"title":"Schwarze S\u00e4ule Steel Industry 100 cm - Eliassen.nl","description":"Schwarze Metalls\u00e4ule mit einer L\u00e4nge von 100 cm. Hergestellt aus sehr starkem Faserstein. S\u00e4ule und Topf kombinierbar, gro\u00dfe Auswahl an T\u00f6pfen in unserem Lager.","robots":{"index":"noindex","follow":"follow","max-snippet":"max-snippet:-1","max-image-preview":"max-image-preview:large","max-video-preview":"max-video-preview:-1"},"og_locale":"de_DE","og_type":"article","og_title":"Schwarze S\u00e4ule Steel Industry 100 cm - Eliassen.nl","og_description":"Schwarze Metalls\u00e4ule mit einer L\u00e4nge von 100 cm. Hergestellt aus sehr starkem Faserstein. S\u00e4ule und Topf kombinierbar, gro\u00dfe Auswahl an T\u00f6pfen in unserem Lager.","og_url":"https:\/\/dev.eliassen.nl\/de\/product\/saule-steel-industry-100-cm-schwere-ausfuhrung\/","og_site_name":"Eliassen.nl","article_publisher":"https:\/\/www.facebook.com\/TuincentrumEliassenAmmerzoden","article_modified_time":"2024-12-05T14:29:49+00:00","og_image":[{"width":550,"height":825,"url":"https:\/\/dev.eliassen.nl\/wp-content\/uploads\/2024\/01\/9200000095965419.jpg","type":"image\/jpeg"}],"twitter_card":"summary_large_image","schema":{"@context":"https:\/\/schema.org","@graph":[{"@type":"WebPage","@id":"https:\/\/dev.eliassen.nl\/de\/product\/saule-steel-industry-100-cm-schwere-ausfuhrung\/","url":"https:\/\/dev.eliassen.nl\/de\/product\/saule-steel-industry-100-cm-schwere-ausfuhrung\/","name":"Schwarze S\u00e4ule Steel Industry 100 cm - Eliassen.nl","isPartOf":{"@id":"https:\/\/dev.eliassen.nl\/de\/#website"},"primaryImageOfPage":{"@id":"https:\/\/dev.eliassen.nl\/de\/product\/saule-steel-industry-100-cm-schwere-ausfuhrung\/#primaryimage"},"image":{"@id":"https:\/\/dev.eliassen.nl\/de\/product\/saule-steel-industry-100-cm-schwere-ausfuhrung\/#primaryimage"},"thumbnailUrl":"https:\/\/dev.eliassen.nl\/wp-content\/uploads\/2024\/01\/9200000095965419.jpg","datePublished":"2019-10-28T18:08:25+00:00","dateModified":"2024-12-05T14:29:49+00:00","description":"Schwarze Metalls\u00e4ule mit einer L\u00e4nge von 100 cm. Hergestellt aus sehr starkem Faserstein. S\u00e4ule und Topf kombinierbar, gro\u00dfe Auswahl an T\u00f6pfen in unserem Lager.","breadcrumb":{"@id":"https:\/\/dev.eliassen.nl\/de\/product\/saule-steel-industry-100-cm-schwere-ausfuhrung\/#breadcrumb"},"inLanguage":"de","potentialAction":[{"@type":"ReadAction","target":["https:\/\/dev.eliassen.nl\/de\/product\/saule-steel-industry-100-cm-schwere-ausfuhrung\/"]}]},{"@type":"ImageObject","inLanguage":"de","@id":"https:\/\/dev.eliassen.nl\/de\/product\/saule-steel-industry-100-cm-schwere-ausfuhrung\/#primaryimage","url":"https:\/\/dev.eliassen.nl\/wp-content\/uploads\/2024\/01\/9200000095965419.jpg","contentUrl":"https:\/\/dev.eliassen.nl\/wp-content\/uploads\/2024\/01\/9200000095965419.jpg","width":550,"height":825,"caption":"9200000095965419"},{"@type":"BreadcrumbList","@id":"https:\/\/dev.eliassen.nl\/de\/product\/saule-steel-industry-100-cm-schwere-ausfuhrung\/#breadcrumb","itemListElement":[{"@type":"ListItem","position":1,"name":"Home","item":"https:\/\/dev.eliassen.nl\/de\/"},{"@type":"ListItem","position":2,"name":"Shop","item":"https:\/\/dev.eliassen.nl\/nl\/winkel\/"},{"@type":"ListItem","position":3,"name":"Sockel","item":"https:\/\/dev.eliassen.nl\/de\/sockel\/"},{"@type":"ListItem","position":4,"name":"Metallsockel","item":"https:\/\/dev.eliassen.nl\/de\/sockel\/metallsockel\/"},{"@type":"ListItem","position":5,"name":"S\u00e4ule Steel Industry 100 cm schwere Ausf\u00fchrung"}]},{"@type":"WebSite","@id":"https:\/\/dev.eliassen.nl\/de\/#website","url":"https:\/\/dev.eliassen.nl\/de\/","name":"Eliassen Home & Garden Pleasure","description":"","publisher":{"@id":"https:\/\/dev.eliassen.nl\/de\/#organization"},"alternateName":"Eliassen.nl","potentialAction":[{"@type":"SearchAction","target":{"@type":"EntryPoint","urlTemplate":"https:\/\/dev.eliassen.nl\/de\/?s={search_term_string}"},"query-input":{"@type":"PropertyValueSpecification","valueRequired":true,"valueName":"search_term_string"}}],"inLanguage":"de"},{"@type":"Organization","@id":"https:\/\/dev.eliassen.nl\/de\/#organization","name":"Eliassen Home & Garden Pleasure","url":"https:\/\/dev.eliassen.nl\/de\/","logo":{"@type":"ImageObject","inLanguage":"de","@id":"https:\/\/dev.eliassen.nl\/de\/#\/schema\/logo\/image\/","url":"https:\/\/www.eliassen.nl\/wp-content\/uploads\/2024\/01\/logo_4nd.jpg","contentUrl":"https:\/\/www.eliassen.nl\/wp-content\/uploads\/2024\/01\/logo_4nd.jpg","width":500,"height":500,"caption":"Eliassen Home & Garden Pleasure"},"image":{"@id":"https:\/\/dev.eliassen.nl\/de\/#\/schema\/logo\/image\/"},"sameAs":["https:\/\/www.facebook.com\/TuincentrumEliassenAmmerzoden","https:\/\/www.instagram.com\/eliassenhomeandgarden\/","https:\/\/nl.pinterest.com\/eliassenhomeandgarden\/","https:\/\/www.youtube.com\/@eliassenhomegardenpleasure4558"]}]}},"df_price":129,"df_sale_price":129,"df_regular_price":159,"df_image_link":"https:\/\/dev.eliassen.nl\/wp-content\/uploads\/2024\/01\/9200000095965419.jpg","image":"https:\/\/dev.eliassen.nl\/wp-content\/uploads\/2024\/01\/9200000095965419.jpg","price_search":"<span class=\"woocommerce-Price-amount amount\"><bdi><span class=\"woocommerce-Price-currencySymbol\">&euro;<\/span>&nbsp;129,00<\/bdi><\/span>","category":"Metallsockel","_links":{"self":[{"href":"https:\/\/dev.eliassen.nl\/de\/wp-json\/wp\/v2\/product\/18610","targetHints":{"allow":["GET"]}}],"collection":[{"href":"https:\/\/dev.eliassen.nl\/de\/wp-json\/wp\/v2\/product"}],"about":[{"href":"https:\/\/dev.eliassen.nl\/de\/wp-json\/wp\/v2\/types\/product"}],"wp:featuredmedia":[{"embeddable":true,"href":"https:\/\/dev.eliassen.nl\/de\/wp-json\/wp\/v2\/media\/18598"}],"wp:attachment":[{"href":"https:\/\/dev.eliassen.nl\/de\/wp-json\/wp\/v2\/media?parent=18610"}],"wp:term":[{"taxonomy":"product_brand","embeddable":true,"href":"https:\/\/dev.eliassen.nl\/de\/wp-json\/wp\/v2\/product_brand?post=18610"},{"taxonomy":"product_cat","embeddable":true,"href":"https:\/\/dev.eliassen.nl\/de\/wp-json\/wp\/v2\/product_cat?post=18610"},{"taxonomy":"product_tag","embeddable":true,"href":"https:\/\/dev.eliassen.nl\/de\/wp-json\/wp\/v2\/product_tag?post=18610"}],"curies":[{"name":"wp","href":"https:\/\/api.w.org\/{rel}","templated":true}]}}