{"id":18721,"date":"2019-10-28T19:10:59","date_gmt":"2019-10-28T18:10:59","guid":{"rendered":"https:\/\/www.eliassen.nl\/?product=malerei-aluminium-74x74cm-lion"},"modified":"2024-12-05T15:29:59","modified_gmt":"2024-12-05T14:29:59","slug":"malerei-aluminium-74x74cm-lowe","status":"publish","type":"product","link":"https:\/\/dev.eliassen.nl\/de\/product\/malerei-aluminium-74x74cm-lowe\/","title":{"rendered":"Malerei Aluminium 74x74cm L\u00f6we"},"content":{"rendered":"<p>Gef\u00e4llt Ihnen ein modernes Fotogem\u00e4lde, aber nicht der Glanz, der bei Glasgem\u00e4lden der Fall ist? Dann k\u00f6nnte dieses hochmoderne Gem\u00e4lde, mit dem Bild eines L\u00f6wenkopfes, gestochen scharf auf Dibond-Aluminiumplatte gedruckt, etwas f\u00fcr Sie sein. Dibond ist eine 3 mm dicke Aluminiumplatte, die geb\u00fcrstet ist, mit einem Kunststoffkern. Darauf wird ein Bild gedruckt, das eine matte, manchmal auch eine Edelstahloptik verleiht und au\u00dferdem UV-BEST\u00c4NDIG ist. Diese Wanddekoration aus Aluminium kann daher in Winterg\u00e4rten, unter einer Veranda oder sogar an einer Gartenmauer oder einem Gartenzaun aufgeh\u00e4ngt werden, ohne dass sie sich verf\u00e4rbt (achten Sie nur auf den Wind). Bei unseren Dibond-Serien handelt es sich daher nicht um Sticker-Modelle!!<\/p>\n<p><strong>Sie k\u00f6nnen dieses Gem\u00e4lde auch in unserem Gesch\u00e4ft besichtigen, wir haben auch fast die gesamte Gem\u00e4ldeserie in unserem Gesch\u00e4ft pr\u00e4sentiert!<\/strong><\/p>\n<p><em>Technische Spezifikationen:<\/em><\/p>\n<ul>\n<li>Garantie: 2 Jahre<\/li>\n<li>Abmessungen: 74 x 74 cm<\/li>\n<li>Material: Dibond 3mm geb\u00fcrstet<\/li>\n<li>Einfache Aufh\u00e4ngung mit 1 Schraube (im Lieferumfang enthalten)<\/li>\n<li>Verpackt im stabilen Karton.<\/li>\n<li>Gro\u00dfe Farbtiefe durch hochmoderne Fotodrucktechnologie<\/li>\n<li>Schnell geliefert<\/li>\n<\/ul>\n","protected":false},"excerpt":{"rendered":"<p>Gef\u00e4llt Ihnen ein modernes Fotogem\u00e4lde, aber nicht der Glanz, der bei Glasgem\u00e4lden der Fall ist? Dann k\u00f6nnte dieses hochmoderne Gem\u00e4lde, mit dem Bild eines L\u00f6wenkopfes, gestochen scharf auf Dibond-Aluminiumplatte gedruckt, etwas f\u00fcr Sie sein. Dibond ist eine 3 mm dicke Aluminiumplatte, die geb\u00fcrstet ist, mit einem Kunststoffkern. Darauf wird ein Bild gedruckt, das eine matte, &hellip;<\/p>\n","protected":false},"featured_media":18718,"template":"","meta":{"_acf_changed":false},"product_brand":[],"product_cat":[479,410,413],"product_tag":[],"class_list":{"0":"post-18721","1":"product","2":"type-product","3":"status-publish","4":"has-post-thumbnail","6":"product_cat-dibond-gemaelde-aus-aluminium","7":"product_cat-gemaelde","8":"product_cat-gemaelde-outlet","10":"first","11":"instock","12":"sale","13":"taxable","14":"shipping-taxable","15":"purchasable","16":"product-type-simple"},"acf":[],"yoast_head":"<!-- This site is optimized with the Yoast SEO plugin v23.8 - https:\/\/yoast.com\/wordpress\/plugins\/seo\/ -->\n<title>Malerei Aluminium 74x74cm L\u00f6we | Eliassen<\/title>\n<meta name=\"description\" content=\"Bei Eliassen k\u00f6nnen Sie das Aluminiumgem\u00e4lde 74 x 74 cm L\u00f6we online kaufen oder es live im Ausstellungsraum besichtigen. Bestellen Sie direkt online.\" \/>\n<meta name=\"robots\" content=\"noindex, follow, max-snippet:-1, max-image-preview:large, max-video-preview:-1\" \/>\n<meta property=\"og:locale\" content=\"de_DE\" \/>\n<meta property=\"og:type\" content=\"article\" \/>\n<meta property=\"og:title\" content=\"Malerei Aluminium 74x74cm L\u00f6we | Eliassen\" \/>\n<meta property=\"og:description\" content=\"Bei Eliassen k\u00f6nnen Sie das Aluminiumgem\u00e4lde 74 x 74 cm L\u00f6we online kaufen oder es live im Ausstellungsraum besichtigen. Bestellen Sie direkt online.\" \/>\n<meta property=\"og:url\" content=\"https:\/\/dev.eliassen.nl\/de\/product\/malerei-aluminium-74x74cm-lowe\/\" \/>\n<meta property=\"og:site_name\" content=\"Eliassen.nl\" \/>\n<meta property=\"article:publisher\" content=\"https:\/\/www.facebook.com\/TuincentrumEliassenAmmerzoden\" \/>\n<meta property=\"article:modified_time\" content=\"2024-12-05T14:29:59+00:00\" \/>\n<meta property=\"og:image\" content=\"https:\/\/dev.eliassen.nl\/wp-content\/uploads\/2024\/01\/rvs00474x74cm.jpg\" \/>\n\t<meta property=\"og:image:width\" content=\"768\" \/>\n\t<meta property=\"og:image:height\" content=\"768\" \/>\n\t<meta property=\"og:image:type\" content=\"image\/jpeg\" \/>\n<meta name=\"twitter:card\" content=\"summary_large_image\" \/>\n<script type=\"application\/ld+json\" class=\"yoast-schema-graph\">{\"@context\":\"https:\/\/schema.org\",\"@graph\":[{\"@type\":\"WebPage\",\"@id\":\"https:\/\/dev.eliassen.nl\/de\/product\/malerei-aluminium-74x74cm-lowe\/\",\"url\":\"https:\/\/dev.eliassen.nl\/de\/product\/malerei-aluminium-74x74cm-lowe\/\",\"name\":\"Malerei Aluminium 74x74cm L\u00f6we | Eliassen\",\"isPartOf\":{\"@id\":\"https:\/\/dev.eliassen.nl\/de\/#website\"},\"primaryImageOfPage\":{\"@id\":\"https:\/\/dev.eliassen.nl\/de\/product\/malerei-aluminium-74x74cm-lowe\/#primaryimage\"},\"image\":{\"@id\":\"https:\/\/dev.eliassen.nl\/de\/product\/malerei-aluminium-74x74cm-lowe\/#primaryimage\"},\"thumbnailUrl\":\"https:\/\/dev.eliassen.nl\/wp-content\/uploads\/2024\/01\/rvs00474x74cm.jpg\",\"datePublished\":\"2019-10-28T18:10:59+00:00\",\"dateModified\":\"2024-12-05T14:29:59+00:00\",\"description\":\"Bei Eliassen k\u00f6nnen Sie das Aluminiumgem\u00e4lde 74 x 74 cm L\u00f6we online kaufen oder es live im Ausstellungsraum besichtigen. Bestellen Sie direkt online.\",\"breadcrumb\":{\"@id\":\"https:\/\/dev.eliassen.nl\/de\/product\/malerei-aluminium-74x74cm-lowe\/#breadcrumb\"},\"inLanguage\":\"de\",\"potentialAction\":[{\"@type\":\"ReadAction\",\"target\":[\"https:\/\/dev.eliassen.nl\/de\/product\/malerei-aluminium-74x74cm-lowe\/\"]}]},{\"@type\":\"ImageObject\",\"inLanguage\":\"de\",\"@id\":\"https:\/\/dev.eliassen.nl\/de\/product\/malerei-aluminium-74x74cm-lowe\/#primaryimage\",\"url\":\"https:\/\/dev.eliassen.nl\/wp-content\/uploads\/2024\/01\/rvs00474x74cm.jpg\",\"contentUrl\":\"https:\/\/dev.eliassen.nl\/wp-content\/uploads\/2024\/01\/rvs00474x74cm.jpg\",\"width\":768,\"height\":768,\"caption\":\"rvs004-74x74cm\"},{\"@type\":\"BreadcrumbList\",\"@id\":\"https:\/\/dev.eliassen.nl\/de\/product\/malerei-aluminium-74x74cm-lowe\/#breadcrumb\",\"itemListElement\":[{\"@type\":\"ListItem\",\"position\":1,\"name\":\"Home\",\"item\":\"https:\/\/dev.eliassen.nl\/de\/\"},{\"@type\":\"ListItem\",\"position\":2,\"name\":\"Shop\",\"item\":\"https:\/\/dev.eliassen.nl\/nl\/winkel\/\"},{\"@type\":\"ListItem\",\"position\":3,\"name\":\"Gem\u00e4lde\",\"item\":\"https:\/\/dev.eliassen.nl\/de\/gemaelde\/\"},{\"@type\":\"ListItem\",\"position\":4,\"name\":\"Dibond-Gem\u00e4lde aus Aluminium\",\"item\":\"https:\/\/dev.eliassen.nl\/de\/gemaelde\/dibond-gemaelde-aus-aluminium\/\"},{\"@type\":\"ListItem\",\"position\":5,\"name\":\"Malerei Aluminium 74x74cm L\u00f6we\"}]},{\"@type\":\"WebSite\",\"@id\":\"https:\/\/dev.eliassen.nl\/de\/#website\",\"url\":\"https:\/\/dev.eliassen.nl\/de\/\",\"name\":\"Eliassen Home & Garden Pleasure\",\"description\":\"\",\"publisher\":{\"@id\":\"https:\/\/dev.eliassen.nl\/de\/#organization\"},\"alternateName\":\"Eliassen.nl\",\"potentialAction\":[{\"@type\":\"SearchAction\",\"target\":{\"@type\":\"EntryPoint\",\"urlTemplate\":\"https:\/\/dev.eliassen.nl\/de\/?s={search_term_string}\"},\"query-input\":{\"@type\":\"PropertyValueSpecification\",\"valueRequired\":true,\"valueName\":\"search_term_string\"}}],\"inLanguage\":\"de\"},{\"@type\":\"Organization\",\"@id\":\"https:\/\/dev.eliassen.nl\/de\/#organization\",\"name\":\"Eliassen Home & Garden Pleasure\",\"url\":\"https:\/\/dev.eliassen.nl\/de\/\",\"logo\":{\"@type\":\"ImageObject\",\"inLanguage\":\"de\",\"@id\":\"https:\/\/dev.eliassen.nl\/de\/#\/schema\/logo\/image\/\",\"url\":\"https:\/\/www.eliassen.nl\/wp-content\/uploads\/2024\/01\/logo_4nd.jpg\",\"contentUrl\":\"https:\/\/www.eliassen.nl\/wp-content\/uploads\/2024\/01\/logo_4nd.jpg\",\"width\":500,\"height\":500,\"caption\":\"Eliassen Home & Garden Pleasure\"},\"image\":{\"@id\":\"https:\/\/dev.eliassen.nl\/de\/#\/schema\/logo\/image\/\"},\"sameAs\":[\"https:\/\/www.facebook.com\/TuincentrumEliassenAmmerzoden\",\"https:\/\/www.instagram.com\/eliassenhomeandgarden\/\",\"https:\/\/nl.pinterest.com\/eliassenhomeandgarden\/\",\"https:\/\/www.youtube.com\/@eliassenhomegardenpleasure4558\"]}]}<\/script>\n<!-- \/ Yoast SEO plugin. -->","yoast_head_json":{"title":"Malerei Aluminium 74x74cm L\u00f6we | Eliassen","description":"Bei Eliassen k\u00f6nnen Sie das Aluminiumgem\u00e4lde 74 x 74 cm L\u00f6we online kaufen oder es live im Ausstellungsraum besichtigen. Bestellen Sie direkt online.","robots":{"index":"noindex","follow":"follow","max-snippet":"max-snippet:-1","max-image-preview":"max-image-preview:large","max-video-preview":"max-video-preview:-1"},"og_locale":"de_DE","og_type":"article","og_title":"Malerei Aluminium 74x74cm L\u00f6we | Eliassen","og_description":"Bei Eliassen k\u00f6nnen Sie das Aluminiumgem\u00e4lde 74 x 74 cm L\u00f6we online kaufen oder es live im Ausstellungsraum besichtigen. Bestellen Sie direkt online.","og_url":"https:\/\/dev.eliassen.nl\/de\/product\/malerei-aluminium-74x74cm-lowe\/","og_site_name":"Eliassen.nl","article_publisher":"https:\/\/www.facebook.com\/TuincentrumEliassenAmmerzoden","article_modified_time":"2024-12-05T14:29:59+00:00","og_image":[{"width":768,"height":768,"url":"https:\/\/dev.eliassen.nl\/wp-content\/uploads\/2024\/01\/rvs00474x74cm.jpg","type":"image\/jpeg"}],"twitter_card":"summary_large_image","schema":{"@context":"https:\/\/schema.org","@graph":[{"@type":"WebPage","@id":"https:\/\/dev.eliassen.nl\/de\/product\/malerei-aluminium-74x74cm-lowe\/","url":"https:\/\/dev.eliassen.nl\/de\/product\/malerei-aluminium-74x74cm-lowe\/","name":"Malerei Aluminium 74x74cm L\u00f6we | Eliassen","isPartOf":{"@id":"https:\/\/dev.eliassen.nl\/de\/#website"},"primaryImageOfPage":{"@id":"https:\/\/dev.eliassen.nl\/de\/product\/malerei-aluminium-74x74cm-lowe\/#primaryimage"},"image":{"@id":"https:\/\/dev.eliassen.nl\/de\/product\/malerei-aluminium-74x74cm-lowe\/#primaryimage"},"thumbnailUrl":"https:\/\/dev.eliassen.nl\/wp-content\/uploads\/2024\/01\/rvs00474x74cm.jpg","datePublished":"2019-10-28T18:10:59+00:00","dateModified":"2024-12-05T14:29:59+00:00","description":"Bei Eliassen k\u00f6nnen Sie das Aluminiumgem\u00e4lde 74 x 74 cm L\u00f6we online kaufen oder es live im Ausstellungsraum besichtigen. Bestellen Sie direkt online.","breadcrumb":{"@id":"https:\/\/dev.eliassen.nl\/de\/product\/malerei-aluminium-74x74cm-lowe\/#breadcrumb"},"inLanguage":"de","potentialAction":[{"@type":"ReadAction","target":["https:\/\/dev.eliassen.nl\/de\/product\/malerei-aluminium-74x74cm-lowe\/"]}]},{"@type":"ImageObject","inLanguage":"de","@id":"https:\/\/dev.eliassen.nl\/de\/product\/malerei-aluminium-74x74cm-lowe\/#primaryimage","url":"https:\/\/dev.eliassen.nl\/wp-content\/uploads\/2024\/01\/rvs00474x74cm.jpg","contentUrl":"https:\/\/dev.eliassen.nl\/wp-content\/uploads\/2024\/01\/rvs00474x74cm.jpg","width":768,"height":768,"caption":"rvs004-74x74cm"},{"@type":"BreadcrumbList","@id":"https:\/\/dev.eliassen.nl\/de\/product\/malerei-aluminium-74x74cm-lowe\/#breadcrumb","itemListElement":[{"@type":"ListItem","position":1,"name":"Home","item":"https:\/\/dev.eliassen.nl\/de\/"},{"@type":"ListItem","position":2,"name":"Shop","item":"https:\/\/dev.eliassen.nl\/nl\/winkel\/"},{"@type":"ListItem","position":3,"name":"Gem\u00e4lde","item":"https:\/\/dev.eliassen.nl\/de\/gemaelde\/"},{"@type":"ListItem","position":4,"name":"Dibond-Gem\u00e4lde aus Aluminium","item":"https:\/\/dev.eliassen.nl\/de\/gemaelde\/dibond-gemaelde-aus-aluminium\/"},{"@type":"ListItem","position":5,"name":"Malerei Aluminium 74x74cm L\u00f6we"}]},{"@type":"WebSite","@id":"https:\/\/dev.eliassen.nl\/de\/#website","url":"https:\/\/dev.eliassen.nl\/de\/","name":"Eliassen Home & Garden Pleasure","description":"","publisher":{"@id":"https:\/\/dev.eliassen.nl\/de\/#organization"},"alternateName":"Eliassen.nl","potentialAction":[{"@type":"SearchAction","target":{"@type":"EntryPoint","urlTemplate":"https:\/\/dev.eliassen.nl\/de\/?s={search_term_string}"},"query-input":{"@type":"PropertyValueSpecification","valueRequired":true,"valueName":"search_term_string"}}],"inLanguage":"de"},{"@type":"Organization","@id":"https:\/\/dev.eliassen.nl\/de\/#organization","name":"Eliassen Home & Garden Pleasure","url":"https:\/\/dev.eliassen.nl\/de\/","logo":{"@type":"ImageObject","inLanguage":"de","@id":"https:\/\/dev.eliassen.nl\/de\/#\/schema\/logo\/image\/","url":"https:\/\/www.eliassen.nl\/wp-content\/uploads\/2024\/01\/logo_4nd.jpg","contentUrl":"https:\/\/www.eliassen.nl\/wp-content\/uploads\/2024\/01\/logo_4nd.jpg","width":500,"height":500,"caption":"Eliassen Home & Garden Pleasure"},"image":{"@id":"https:\/\/dev.eliassen.nl\/de\/#\/schema\/logo\/image\/"},"sameAs":["https:\/\/www.facebook.com\/TuincentrumEliassenAmmerzoden","https:\/\/www.instagram.com\/eliassenhomeandgarden\/","https:\/\/nl.pinterest.com\/eliassenhomeandgarden\/","https:\/\/www.youtube.com\/@eliassenhomegardenpleasure4558"]}]}},"df_price":39.6,"df_sale_price":39.6,"df_regular_price":99,"df_image_link":"https:\/\/dev.eliassen.nl\/wp-content\/uploads\/2024\/01\/rvs00474x74cm.jpg","image":"https:\/\/dev.eliassen.nl\/wp-content\/uploads\/2024\/01\/rvs00474x74cm.jpg","price_search":"<span class=\"woocommerce-Price-amount amount\"><bdi><span class=\"woocommerce-Price-currencySymbol\">&euro;<\/span>&nbsp;39,60<\/bdi><\/span>","category":"Dibond-Gem\u00e4lde aus Aluminium","_links":{"self":[{"href":"https:\/\/dev.eliassen.nl\/de\/wp-json\/wp\/v2\/product\/18721","targetHints":{"allow":["GET"]}}],"collection":[{"href":"https:\/\/dev.eliassen.nl\/de\/wp-json\/wp\/v2\/product"}],"about":[{"href":"https:\/\/dev.eliassen.nl\/de\/wp-json\/wp\/v2\/types\/product"}],"wp:featuredmedia":[{"embeddable":true,"href":"https:\/\/dev.eliassen.nl\/de\/wp-json\/wp\/v2\/media\/18718"}],"wp:attachment":[{"href":"https:\/\/dev.eliassen.nl\/de\/wp-json\/wp\/v2\/media?parent=18721"}],"wp:term":[{"taxonomy":"product_brand","embeddable":true,"href":"https:\/\/dev.eliassen.nl\/de\/wp-json\/wp\/v2\/product_brand?post=18721"},{"taxonomy":"product_cat","embeddable":true,"href":"https:\/\/dev.eliassen.nl\/de\/wp-json\/wp\/v2\/product_cat?post=18721"},{"taxonomy":"product_tag","embeddable":true,"href":"https:\/\/dev.eliassen.nl\/de\/wp-json\/wp\/v2\/product_tag?post=18721"}],"curies":[{"name":"wp","href":"https:\/\/api.w.org\/{rel}","templated":true}]}}