{"id":18805,"date":"2019-10-28T19:11:24","date_gmt":"2019-10-28T18:11:24","guid":{"rendered":"https:\/\/www.eliassen.nl\/?product=3d-malerei-metall-vw-bus1-80x120cm"},"modified":"2024-12-05T15:30:15","modified_gmt":"2024-12-05T14:30:15","slug":"3d-gemalde-metall-urlaub-vw-bus-sonnenuntergang-80x120cm","status":"publish","type":"product","link":"https:\/\/dev.eliassen.nl\/de\/product\/3d-gemalde-metall-urlaub-vw-bus-sonnenuntergang-80x120cm\/","title":{"rendered":"3D-Gem\u00e4lde Metall Urlaub VW Bus Sonnenuntergang 80x120cm"},"content":{"rendered":"<p>Mit dieser Wanddekoration wird Ihr Zuhause oder Ihr Unternehmen wundersch\u00f6n aussehen. Dieses Modell-Metallgem\u00e4lde mit einem VW-Bus bei Sonnenuntergang im romantischen Stil ist komplett handgefertigt. Alles an diesem Wandobjekt ist aus Metall, sowohl der Hintergrund als auch die Figur. Da es von Hand bemalt und hergestellt wird, kann die Farbe leicht vom Foto abweichen, 3D-Gem\u00e4lde sind nie genau gleich. Bei diesen etwas groben Gem\u00e4lden kann es immer wieder zu weiteren geringf\u00fcgigen Abweichungen kommen. Manchmal geschieht dies sogar bewusst, um die handgemalte Atmosph\u00e4re zu schaffen.<br \/><strong>Wir haben auch fast die gesamte Kollektion dieser Serie im Gesch\u00e4ft, was in den Niederlanden einzigartig ist<\/strong> . <strong>Eine so gro\u00dfe Sammlung finden Sie nirgendwo anders und Sie sind in unserem Ausstellungsraum herzlich willkommen.<\/strong><\/p>\n<p>Dieses 3D-Gem\u00e4lde aus Metall mit einem verliebten Paar neben einem VW-Wohnmobil ist eine gute Erg\u00e4nzung f\u00fcr Ihr Interieur, wenn Sie Ihr Interieur aufhellen und ihm Gem\u00fctlichkeit verleihen m\u00f6chten. Das 3D-Wandobjekt zeigt warme Farben und ein dezentes Bild. Diese 3D-Wanddekoration sieht in einem Wohnzimmer gro\u00dfartig aus. Aufgrund des passenden stimmungsvollen Bildes wirkt es vor allem in gem\u00fctlichen R\u00e4umen sehr gut.<\/p>\n<ul>\n<li>Gr\u00f6\u00dfe 80x120cm<\/li>\n<li>Einfache Aufh\u00e4ngung mit 2 Schrauben<\/li>\n<li>Schnell geliefert<\/li>\n<li>Handgemalt<\/li>\n<li>Gr\u00f6\u00dfte Sammlung in den Benelux-L\u00e4ndern, die auch live besichtigt werden kann<\/li>\n<\/ul>\n","protected":false},"excerpt":{"rendered":"<p>Handgemaltes dreidimensionales Gem\u00e4lde, das ein Paar im Urlaub zeigt.<\/p>\n","protected":false},"featured_media":18799,"template":"","meta":{"_acf_changed":false},"product_brand":[6916],"product_cat":[419,434,410],"product_tag":[],"class_list":{"0":"post-18805","1":"product","2":"type-product","3":"status-publish","4":"has-post-thumbnail","6":"product_brand-eliassen-de","7":"product_cat-3d-gemaelde-aus-metall","8":"product_cat-3d-gemaelde-aus-metall-im-format-80x120cm","9":"product_cat-gemaelde","11":"first","12":"instock","13":"taxable","14":"shipping-taxable","15":"purchasable","16":"product-type-simple"},"acf":[],"yoast_head":"<!-- This site is optimized with the Yoast SEO plugin v23.8 - https:\/\/yoast.com\/wordpress\/plugins\/seo\/ -->\n<title>3D-Gem\u00e4lde Metall Urlaub VW Bus Sonnenuntergang 80x120cm | Eliassen<\/title>\n<meta name=\"description\" content=\"Auf der Suche nach einem romantischen Gem\u00e4lde? Dieses wundersch\u00f6ne Modell ist handgefertigt und hat ein authentisches Aussehen. Mit einem Paar, das mit einem...\" \/>\n<meta name=\"robots\" content=\"noindex, follow, max-snippet:-1, max-image-preview:large, max-video-preview:-1\" \/>\n<meta property=\"og:locale\" content=\"de_DE\" \/>\n<meta property=\"og:type\" content=\"article\" \/>\n<meta property=\"og:title\" content=\"3D-Gem\u00e4lde Metall Urlaub VW Bus Sonnenuntergang 80x120cm | Eliassen\" \/>\n<meta property=\"og:description\" content=\"Auf der Suche nach einem romantischen Gem\u00e4lde? Dieses wundersch\u00f6ne Modell ist handgefertigt und hat ein authentisches Aussehen. Mit einem Paar, das mit einem...\" \/>\n<meta property=\"og:url\" content=\"https:\/\/dev.eliassen.nl\/de\/product\/3d-gemalde-metall-urlaub-vw-bus-sonnenuntergang-80x120cm\/\" \/>\n<meta property=\"og:site_name\" content=\"Eliassen.nl\" \/>\n<meta property=\"article:publisher\" content=\"https:\/\/www.facebook.com\/TuincentrumEliassenAmmerzoden\" \/>\n<meta property=\"article:modified_time\" content=\"2024-12-05T14:30:15+00:00\" \/>\n<meta property=\"og:image\" content=\"https:\/\/dev.eliassen.nl\/wp-content\/uploads\/2024\/01\/4103dschilderijmetaalvakantievwbuszonsonder.jpg\" \/>\n\t<meta property=\"og:image:width\" content=\"1000\" \/>\n\t<meta property=\"og:image:height\" content=\"667\" \/>\n\t<meta property=\"og:image:type\" content=\"image\/jpeg\" \/>\n<meta name=\"twitter:card\" content=\"summary_large_image\" \/>\n<script type=\"application\/ld+json\" class=\"yoast-schema-graph\">{\"@context\":\"https:\/\/schema.org\",\"@graph\":[{\"@type\":\"WebPage\",\"@id\":\"https:\/\/dev.eliassen.nl\/de\/product\/3d-gemalde-metall-urlaub-vw-bus-sonnenuntergang-80x120cm\/\",\"url\":\"https:\/\/dev.eliassen.nl\/de\/product\/3d-gemalde-metall-urlaub-vw-bus-sonnenuntergang-80x120cm\/\",\"name\":\"3D-Gem\u00e4lde Metall Urlaub VW Bus Sonnenuntergang 80x120cm | Eliassen\",\"isPartOf\":{\"@id\":\"https:\/\/dev.eliassen.nl\/de\/#website\"},\"primaryImageOfPage\":{\"@id\":\"https:\/\/dev.eliassen.nl\/de\/product\/3d-gemalde-metall-urlaub-vw-bus-sonnenuntergang-80x120cm\/#primaryimage\"},\"image\":{\"@id\":\"https:\/\/dev.eliassen.nl\/de\/product\/3d-gemalde-metall-urlaub-vw-bus-sonnenuntergang-80x120cm\/#primaryimage\"},\"thumbnailUrl\":\"https:\/\/dev.eliassen.nl\/wp-content\/uploads\/2024\/01\/4103dschilderijmetaalvakantievwbuszonsonder.jpg\",\"datePublished\":\"2019-10-28T18:11:24+00:00\",\"dateModified\":\"2024-12-05T14:30:15+00:00\",\"description\":\"Auf der Suche nach einem romantischen Gem\u00e4lde? Dieses wundersch\u00f6ne Modell ist handgefertigt und hat ein authentisches Aussehen. Mit einem Paar, das mit einem...\",\"breadcrumb\":{\"@id\":\"https:\/\/dev.eliassen.nl\/de\/product\/3d-gemalde-metall-urlaub-vw-bus-sonnenuntergang-80x120cm\/#breadcrumb\"},\"inLanguage\":\"de\",\"potentialAction\":[{\"@type\":\"ReadAction\",\"target\":[\"https:\/\/dev.eliassen.nl\/de\/product\/3d-gemalde-metall-urlaub-vw-bus-sonnenuntergang-80x120cm\/\"]}]},{\"@type\":\"ImageObject\",\"inLanguage\":\"de\",\"@id\":\"https:\/\/dev.eliassen.nl\/de\/product\/3d-gemalde-metall-urlaub-vw-bus-sonnenuntergang-80x120cm\/#primaryimage\",\"url\":\"https:\/\/dev.eliassen.nl\/wp-content\/uploads\/2024\/01\/4103dschilderijmetaalvakantievwbuszonsonder.jpg\",\"contentUrl\":\"https:\/\/dev.eliassen.nl\/wp-content\/uploads\/2024\/01\/4103dschilderijmetaalvakantievwbuszonsonder.jpg\",\"width\":1000,\"height\":667,\"caption\":\"410 3d schilderij metaal vakantie VW bus zonsondergang 80x120cm eliassen.nl\"},{\"@type\":\"BreadcrumbList\",\"@id\":\"https:\/\/dev.eliassen.nl\/de\/product\/3d-gemalde-metall-urlaub-vw-bus-sonnenuntergang-80x120cm\/#breadcrumb\",\"itemListElement\":[{\"@type\":\"ListItem\",\"position\":1,\"name\":\"Home\",\"item\":\"https:\/\/dev.eliassen.nl\/de\/\"},{\"@type\":\"ListItem\",\"position\":2,\"name\":\"Shop\",\"item\":\"https:\/\/dev.eliassen.nl\/nl\/winkel\/\"},{\"@type\":\"ListItem\",\"position\":3,\"name\":\"Gem\u00e4lde\",\"item\":\"https:\/\/dev.eliassen.nl\/de\/gemaelde\/\"},{\"@type\":\"ListItem\",\"position\":4,\"name\":\"3D-Gem\u00e4lde aus Metall\",\"item\":\"https:\/\/dev.eliassen.nl\/de\/gemaelde\/3d-gemaelde-aus-metall\/\"},{\"@type\":\"ListItem\",\"position\":5,\"name\":\"3D-Gem\u00e4lde aus Metall im Format 80x120cm\",\"item\":\"https:\/\/dev.eliassen.nl\/de\/gemaelde\/3d-gemaelde-aus-metall\/3d-gemaelde-aus-metall-im-format-80x120cm\/\"},{\"@type\":\"ListItem\",\"position\":6,\"name\":\"3D-Gem\u00e4lde Metall Urlaub VW Bus Sonnenuntergang 80x120cm\"}]},{\"@type\":\"WebSite\",\"@id\":\"https:\/\/dev.eliassen.nl\/de\/#website\",\"url\":\"https:\/\/dev.eliassen.nl\/de\/\",\"name\":\"Eliassen Home & Garden Pleasure\",\"description\":\"\",\"publisher\":{\"@id\":\"https:\/\/dev.eliassen.nl\/de\/#organization\"},\"alternateName\":\"Eliassen.nl\",\"potentialAction\":[{\"@type\":\"SearchAction\",\"target\":{\"@type\":\"EntryPoint\",\"urlTemplate\":\"https:\/\/dev.eliassen.nl\/de\/?s={search_term_string}\"},\"query-input\":{\"@type\":\"PropertyValueSpecification\",\"valueRequired\":true,\"valueName\":\"search_term_string\"}}],\"inLanguage\":\"de\"},{\"@type\":\"Organization\",\"@id\":\"https:\/\/dev.eliassen.nl\/de\/#organization\",\"name\":\"Eliassen Home & Garden Pleasure\",\"url\":\"https:\/\/dev.eliassen.nl\/de\/\",\"logo\":{\"@type\":\"ImageObject\",\"inLanguage\":\"de\",\"@id\":\"https:\/\/dev.eliassen.nl\/de\/#\/schema\/logo\/image\/\",\"url\":\"https:\/\/www.eliassen.nl\/wp-content\/uploads\/2024\/01\/logo_4nd.jpg\",\"contentUrl\":\"https:\/\/www.eliassen.nl\/wp-content\/uploads\/2024\/01\/logo_4nd.jpg\",\"width\":500,\"height\":500,\"caption\":\"Eliassen Home & Garden Pleasure\"},\"image\":{\"@id\":\"https:\/\/dev.eliassen.nl\/de\/#\/schema\/logo\/image\/\"},\"sameAs\":[\"https:\/\/www.facebook.com\/TuincentrumEliassenAmmerzoden\",\"https:\/\/www.instagram.com\/eliassenhomeandgarden\/\",\"https:\/\/nl.pinterest.com\/eliassenhomeandgarden\/\",\"https:\/\/www.youtube.com\/@eliassenhomegardenpleasure4558\"]}]}<\/script>\n<!-- \/ Yoast SEO plugin. -->","yoast_head_json":{"title":"3D-Gem\u00e4lde Metall Urlaub VW Bus Sonnenuntergang 80x120cm | Eliassen","description":"Auf der Suche nach einem romantischen Gem\u00e4lde? Dieses wundersch\u00f6ne Modell ist handgefertigt und hat ein authentisches Aussehen. Mit einem Paar, das mit einem...","robots":{"index":"noindex","follow":"follow","max-snippet":"max-snippet:-1","max-image-preview":"max-image-preview:large","max-video-preview":"max-video-preview:-1"},"og_locale":"de_DE","og_type":"article","og_title":"3D-Gem\u00e4lde Metall Urlaub VW Bus Sonnenuntergang 80x120cm | Eliassen","og_description":"Auf der Suche nach einem romantischen Gem\u00e4lde? Dieses wundersch\u00f6ne Modell ist handgefertigt und hat ein authentisches Aussehen. Mit einem Paar, das mit einem...","og_url":"https:\/\/dev.eliassen.nl\/de\/product\/3d-gemalde-metall-urlaub-vw-bus-sonnenuntergang-80x120cm\/","og_site_name":"Eliassen.nl","article_publisher":"https:\/\/www.facebook.com\/TuincentrumEliassenAmmerzoden","article_modified_time":"2024-12-05T14:30:15+00:00","og_image":[{"width":1000,"height":667,"url":"https:\/\/dev.eliassen.nl\/wp-content\/uploads\/2024\/01\/4103dschilderijmetaalvakantievwbuszonsonder.jpg","type":"image\/jpeg"}],"twitter_card":"summary_large_image","schema":{"@context":"https:\/\/schema.org","@graph":[{"@type":"WebPage","@id":"https:\/\/dev.eliassen.nl\/de\/product\/3d-gemalde-metall-urlaub-vw-bus-sonnenuntergang-80x120cm\/","url":"https:\/\/dev.eliassen.nl\/de\/product\/3d-gemalde-metall-urlaub-vw-bus-sonnenuntergang-80x120cm\/","name":"3D-Gem\u00e4lde Metall Urlaub VW Bus Sonnenuntergang 80x120cm | Eliassen","isPartOf":{"@id":"https:\/\/dev.eliassen.nl\/de\/#website"},"primaryImageOfPage":{"@id":"https:\/\/dev.eliassen.nl\/de\/product\/3d-gemalde-metall-urlaub-vw-bus-sonnenuntergang-80x120cm\/#primaryimage"},"image":{"@id":"https:\/\/dev.eliassen.nl\/de\/product\/3d-gemalde-metall-urlaub-vw-bus-sonnenuntergang-80x120cm\/#primaryimage"},"thumbnailUrl":"https:\/\/dev.eliassen.nl\/wp-content\/uploads\/2024\/01\/4103dschilderijmetaalvakantievwbuszonsonder.jpg","datePublished":"2019-10-28T18:11:24+00:00","dateModified":"2024-12-05T14:30:15+00:00","description":"Auf der Suche nach einem romantischen Gem\u00e4lde? Dieses wundersch\u00f6ne Modell ist handgefertigt und hat ein authentisches Aussehen. Mit einem Paar, das mit einem...","breadcrumb":{"@id":"https:\/\/dev.eliassen.nl\/de\/product\/3d-gemalde-metall-urlaub-vw-bus-sonnenuntergang-80x120cm\/#breadcrumb"},"inLanguage":"de","potentialAction":[{"@type":"ReadAction","target":["https:\/\/dev.eliassen.nl\/de\/product\/3d-gemalde-metall-urlaub-vw-bus-sonnenuntergang-80x120cm\/"]}]},{"@type":"ImageObject","inLanguage":"de","@id":"https:\/\/dev.eliassen.nl\/de\/product\/3d-gemalde-metall-urlaub-vw-bus-sonnenuntergang-80x120cm\/#primaryimage","url":"https:\/\/dev.eliassen.nl\/wp-content\/uploads\/2024\/01\/4103dschilderijmetaalvakantievwbuszonsonder.jpg","contentUrl":"https:\/\/dev.eliassen.nl\/wp-content\/uploads\/2024\/01\/4103dschilderijmetaalvakantievwbuszonsonder.jpg","width":1000,"height":667,"caption":"410 3d schilderij metaal vakantie VW bus zonsondergang 80x120cm eliassen.nl"},{"@type":"BreadcrumbList","@id":"https:\/\/dev.eliassen.nl\/de\/product\/3d-gemalde-metall-urlaub-vw-bus-sonnenuntergang-80x120cm\/#breadcrumb","itemListElement":[{"@type":"ListItem","position":1,"name":"Home","item":"https:\/\/dev.eliassen.nl\/de\/"},{"@type":"ListItem","position":2,"name":"Shop","item":"https:\/\/dev.eliassen.nl\/nl\/winkel\/"},{"@type":"ListItem","position":3,"name":"Gem\u00e4lde","item":"https:\/\/dev.eliassen.nl\/de\/gemaelde\/"},{"@type":"ListItem","position":4,"name":"3D-Gem\u00e4lde aus Metall","item":"https:\/\/dev.eliassen.nl\/de\/gemaelde\/3d-gemaelde-aus-metall\/"},{"@type":"ListItem","position":5,"name":"3D-Gem\u00e4lde aus Metall im Format 80x120cm","item":"https:\/\/dev.eliassen.nl\/de\/gemaelde\/3d-gemaelde-aus-metall\/3d-gemaelde-aus-metall-im-format-80x120cm\/"},{"@type":"ListItem","position":6,"name":"3D-Gem\u00e4lde Metall Urlaub VW Bus Sonnenuntergang 80x120cm"}]},{"@type":"WebSite","@id":"https:\/\/dev.eliassen.nl\/de\/#website","url":"https:\/\/dev.eliassen.nl\/de\/","name":"Eliassen Home & Garden Pleasure","description":"","publisher":{"@id":"https:\/\/dev.eliassen.nl\/de\/#organization"},"alternateName":"Eliassen.nl","potentialAction":[{"@type":"SearchAction","target":{"@type":"EntryPoint","urlTemplate":"https:\/\/dev.eliassen.nl\/de\/?s={search_term_string}"},"query-input":{"@type":"PropertyValueSpecification","valueRequired":true,"valueName":"search_term_string"}}],"inLanguage":"de"},{"@type":"Organization","@id":"https:\/\/dev.eliassen.nl\/de\/#organization","name":"Eliassen Home & Garden Pleasure","url":"https:\/\/dev.eliassen.nl\/de\/","logo":{"@type":"ImageObject","inLanguage":"de","@id":"https:\/\/dev.eliassen.nl\/de\/#\/schema\/logo\/image\/","url":"https:\/\/www.eliassen.nl\/wp-content\/uploads\/2024\/01\/logo_4nd.jpg","contentUrl":"https:\/\/www.eliassen.nl\/wp-content\/uploads\/2024\/01\/logo_4nd.jpg","width":500,"height":500,"caption":"Eliassen Home & Garden Pleasure"},"image":{"@id":"https:\/\/dev.eliassen.nl\/de\/#\/schema\/logo\/image\/"},"sameAs":["https:\/\/www.facebook.com\/TuincentrumEliassenAmmerzoden","https:\/\/www.instagram.com\/eliassenhomeandgarden\/","https:\/\/nl.pinterest.com\/eliassenhomeandgarden\/","https:\/\/www.youtube.com\/@eliassenhomegardenpleasure4558"]}]}},"df_price":209,"df_sale_price":"","df_regular_price":209,"df_image_link":"https:\/\/dev.eliassen.nl\/wp-content\/uploads\/2024\/01\/4103dschilderijmetaalvakantievwbuszonsonder.jpg","image":"https:\/\/dev.eliassen.nl\/wp-content\/uploads\/2024\/01\/4103dschilderijmetaalvakantievwbuszonsonder.jpg","price_search":"<span class=\"woocommerce-Price-amount amount\"><bdi><span class=\"woocommerce-Price-currencySymbol\">&euro;<\/span>&nbsp;209,00<\/bdi><\/span>","category":"3D-Gem\u00e4lde aus Metall","_links":{"self":[{"href":"https:\/\/dev.eliassen.nl\/de\/wp-json\/wp\/v2\/product\/18805","targetHints":{"allow":["GET"]}}],"collection":[{"href":"https:\/\/dev.eliassen.nl\/de\/wp-json\/wp\/v2\/product"}],"about":[{"href":"https:\/\/dev.eliassen.nl\/de\/wp-json\/wp\/v2\/types\/product"}],"wp:featuredmedia":[{"embeddable":true,"href":"https:\/\/dev.eliassen.nl\/de\/wp-json\/wp\/v2\/media\/18799"}],"wp:attachment":[{"href":"https:\/\/dev.eliassen.nl\/de\/wp-json\/wp\/v2\/media?parent=18805"}],"wp:term":[{"taxonomy":"product_brand","embeddable":true,"href":"https:\/\/dev.eliassen.nl\/de\/wp-json\/wp\/v2\/product_brand?post=18805"},{"taxonomy":"product_cat","embeddable":true,"href":"https:\/\/dev.eliassen.nl\/de\/wp-json\/wp\/v2\/product_cat?post=18805"},{"taxonomy":"product_tag","embeddable":true,"href":"https:\/\/dev.eliassen.nl\/de\/wp-json\/wp\/v2\/product_tag?post=18805"}],"curies":[{"name":"wp","href":"https:\/\/api.w.org\/{rel}","templated":true}]}}