{"id":19114,"date":"2019-10-28T19:17:53","date_gmt":"2019-10-28T18:17:53","guid":{"rendered":"https:\/\/www.eliassen.nl\/?product=3-d-malerei-100x100cm-radfahrer"},"modified":"2024-12-05T15:30:40","modified_gmt":"2024-12-05T14:30:40","slug":"3-d-gemalde-radfahrer-100x100cm","status":"publish","type":"product","link":"https:\/\/dev.eliassen.nl\/de\/product\/3-d-gemalde-radfahrer-100x100cm\/","title":{"rendered":"3-D-Gem\u00e4lde Radfahrer 100x100cm"},"content":{"rendered":"<p>Ihr Zuhause, Ihr Gesch\u00e4ft oder Ihre Veranda (zB drau\u00dfen unter einem Unterstand) wird mit einem 3-D-Gem\u00e4lde von Radfahrern wundersch\u00f6n.<br \/>Dieses Modell mit einer Gruppe von Radfahrern ist komplett handgefertigt. Alles ist aus Metall, also Hintergrund und Figur. Da es handbemalt ist, kann die Farbe leicht vom Foto abweichen, sie sind nie genau gleich.<br \/>Wir haben auch fast die gesamte Kollektion dieser Serie im Gesch\u00e4ft, was in den Niederlanden einzigartig ist.<br \/>Nirgendwo sonst finden Sie eine so gro\u00dfe Sammlung. Gern geschehen.<\/p>\n<ul>\n<li>Gr\u00f6\u00dfe 100 x 100 cm.<\/li>\n<li>Einfach mit 2 Schrauben aufzuh\u00e4ngen.<\/li>\n<li>Schnell geliefert.<\/li>\n<li>Gr\u00f6\u00dfte Sammlung in den Benelux-L\u00e4ndern, die auch live betrachtet werden kann.<\/li>\n<\/ul>\n","protected":false},"excerpt":{"rendered":"<p>Ihr Zuhause, Ihr Gesch\u00e4ft oder Ihre Veranda (zB drau\u00dfen unter einem Unterstand) wird mit einem 3-D-Gem\u00e4lde von Radfahrern wundersch\u00f6n.Dieses Modell mit einer Gruppe von Radfahrern ist komplett handgefertigt. Alles ist aus Metall, also Hintergrund und Figur. Da es handbemalt ist, kann die Farbe leicht vom Foto abweichen, sie sind nie genau gleich.Wir haben auch fast &hellip;<\/p>\n","protected":false},"featured_media":19111,"template":"","meta":{"_acf_changed":false},"product_brand":[6916],"product_cat":[419,428,410,1355],"product_tag":[],"class_list":{"0":"post-19114","1":"product","2":"type-product","3":"status-publish","4":"has-post-thumbnail","6":"product_brand-eliassen-de","7":"product_cat-3d-gemaelde-aus-metall","8":"product_cat-3d-gemaelde-aus-metall-im-format-100x100cm","9":"product_cat-gemaelde","10":"product_cat-sportdekoration","12":"first","13":"onbackorder","14":"taxable","15":"shipping-taxable","16":"purchasable","17":"product-type-simple"},"acf":[],"yoast_head":"<!-- This site is optimized with the Yoast SEO plugin v23.8 - https:\/\/yoast.com\/wordpress\/plugins\/seo\/ -->\n<title>3-D-Malerei Metall | Radfahrer 100x100cm | Eliassen.nl<\/title>\n<meta name=\"description\" content=\"Ein wundersch\u00f6nes sportliches 3D-Metallgem\u00e4lde einer Gruppe von Radfahrern, komplett von Hand gefertigt. Auch von Hand bemalt.\" \/>\n<meta name=\"robots\" content=\"noindex, follow, max-snippet:-1, max-image-preview:large, max-video-preview:-1\" \/>\n<meta property=\"og:locale\" content=\"de_DE\" \/>\n<meta property=\"og:type\" content=\"article\" \/>\n<meta property=\"og:title\" content=\"3-D-Malerei Metall | Radfahrer 100x100cm | Eliassen.nl\" \/>\n<meta property=\"og:description\" content=\"Ein wundersch\u00f6nes sportliches 3D-Metallgem\u00e4lde einer Gruppe von Radfahrern, komplett von Hand gefertigt. Auch von Hand bemalt.\" \/>\n<meta property=\"og:url\" content=\"https:\/\/dev.eliassen.nl\/de\/product\/3-d-gemalde-radfahrer-100x100cm\/\" \/>\n<meta property=\"og:site_name\" content=\"Eliassen.nl\" \/>\n<meta property=\"article:publisher\" content=\"https:\/\/www.facebook.com\/TuincentrumEliassenAmmerzoden\" \/>\n<meta property=\"article:modified_time\" content=\"2024-12-05T14:30:40+00:00\" \/>\n<meta property=\"og:image\" content=\"https:\/\/dev.eliassen.nl\/wp-content\/uploads\/2024\/01\/md000753jpg.jpg\" \/>\n\t<meta property=\"og:image:width\" content=\"1024\" \/>\n\t<meta property=\"og:image:height\" content=\"1024\" \/>\n\t<meta property=\"og:image:type\" content=\"image\/jpeg\" \/>\n<meta name=\"twitter:card\" content=\"summary_large_image\" \/>\n<script type=\"application\/ld+json\" class=\"yoast-schema-graph\">{\"@context\":\"https:\/\/schema.org\",\"@graph\":[{\"@type\":\"WebPage\",\"@id\":\"https:\/\/dev.eliassen.nl\/de\/product\/3-d-gemalde-radfahrer-100x100cm\/\",\"url\":\"https:\/\/dev.eliassen.nl\/de\/product\/3-d-gemalde-radfahrer-100x100cm\/\",\"name\":\"3-D-Malerei Metall | Radfahrer 100x100cm | Eliassen.nl\",\"isPartOf\":{\"@id\":\"https:\/\/dev.eliassen.nl\/de\/#website\"},\"primaryImageOfPage\":{\"@id\":\"https:\/\/dev.eliassen.nl\/de\/product\/3-d-gemalde-radfahrer-100x100cm\/#primaryimage\"},\"image\":{\"@id\":\"https:\/\/dev.eliassen.nl\/de\/product\/3-d-gemalde-radfahrer-100x100cm\/#primaryimage\"},\"thumbnailUrl\":\"https:\/\/dev.eliassen.nl\/wp-content\/uploads\/2024\/01\/md000753jpg.jpg\",\"datePublished\":\"2019-10-28T18:17:53+00:00\",\"dateModified\":\"2024-12-05T14:30:40+00:00\",\"description\":\"Ein wundersch\u00f6nes sportliches 3D-Metallgem\u00e4lde einer Gruppe von Radfahrern, komplett von Hand gefertigt. Auch von Hand bemalt.\",\"breadcrumb\":{\"@id\":\"https:\/\/dev.eliassen.nl\/de\/product\/3-d-gemalde-radfahrer-100x100cm\/#breadcrumb\"},\"inLanguage\":\"de\",\"potentialAction\":[{\"@type\":\"ReadAction\",\"target\":[\"https:\/\/dev.eliassen.nl\/de\/product\/3-d-gemalde-radfahrer-100x100cm\/\"]}]},{\"@type\":\"ImageObject\",\"inLanguage\":\"de\",\"@id\":\"https:\/\/dev.eliassen.nl\/de\/product\/3-d-gemalde-radfahrer-100x100cm\/#primaryimage\",\"url\":\"https:\/\/dev.eliassen.nl\/wp-content\/uploads\/2024\/01\/md000753jpg.jpg\",\"contentUrl\":\"https:\/\/dev.eliassen.nl\/wp-content\/uploads\/2024\/01\/md000753jpg.jpg\",\"width\":1024,\"height\":1024,\"caption\":\"md000753jpg\"},{\"@type\":\"BreadcrumbList\",\"@id\":\"https:\/\/dev.eliassen.nl\/de\/product\/3-d-gemalde-radfahrer-100x100cm\/#breadcrumb\",\"itemListElement\":[{\"@type\":\"ListItem\",\"position\":1,\"name\":\"Home\",\"item\":\"https:\/\/dev.eliassen.nl\/de\/\"},{\"@type\":\"ListItem\",\"position\":2,\"name\":\"Shop\",\"item\":\"https:\/\/dev.eliassen.nl\/nl\/winkel\/\"},{\"@type\":\"ListItem\",\"position\":3,\"name\":\"Gem\u00e4lde\",\"item\":\"https:\/\/dev.eliassen.nl\/de\/gemaelde\/\"},{\"@type\":\"ListItem\",\"position\":4,\"name\":\"3D-Gem\u00e4lde aus Metall\",\"item\":\"https:\/\/dev.eliassen.nl\/de\/gemaelde\/3d-gemaelde-aus-metall\/\"},{\"@type\":\"ListItem\",\"position\":5,\"name\":\"3D-Gem\u00e4lde aus Metall im Format 100x100cm\",\"item\":\"https:\/\/dev.eliassen.nl\/de\/gemaelde\/3d-gemaelde-aus-metall\/3d-gemaelde-aus-metall-im-format-100x100cm\/\"},{\"@type\":\"ListItem\",\"position\":6,\"name\":\"3-D-Gem\u00e4lde Radfahrer 100x100cm\"}]},{\"@type\":\"WebSite\",\"@id\":\"https:\/\/dev.eliassen.nl\/de\/#website\",\"url\":\"https:\/\/dev.eliassen.nl\/de\/\",\"name\":\"Eliassen Home & Garden Pleasure\",\"description\":\"\",\"publisher\":{\"@id\":\"https:\/\/dev.eliassen.nl\/de\/#organization\"},\"alternateName\":\"Eliassen.nl\",\"potentialAction\":[{\"@type\":\"SearchAction\",\"target\":{\"@type\":\"EntryPoint\",\"urlTemplate\":\"https:\/\/dev.eliassen.nl\/de\/?s={search_term_string}\"},\"query-input\":{\"@type\":\"PropertyValueSpecification\",\"valueRequired\":true,\"valueName\":\"search_term_string\"}}],\"inLanguage\":\"de\"},{\"@type\":\"Organization\",\"@id\":\"https:\/\/dev.eliassen.nl\/de\/#organization\",\"name\":\"Eliassen Home & Garden Pleasure\",\"url\":\"https:\/\/dev.eliassen.nl\/de\/\",\"logo\":{\"@type\":\"ImageObject\",\"inLanguage\":\"de\",\"@id\":\"https:\/\/dev.eliassen.nl\/de\/#\/schema\/logo\/image\/\",\"url\":\"https:\/\/www.eliassen.nl\/wp-content\/uploads\/2024\/01\/logo_4nd.jpg\",\"contentUrl\":\"https:\/\/www.eliassen.nl\/wp-content\/uploads\/2024\/01\/logo_4nd.jpg\",\"width\":500,\"height\":500,\"caption\":\"Eliassen Home & Garden Pleasure\"},\"image\":{\"@id\":\"https:\/\/dev.eliassen.nl\/de\/#\/schema\/logo\/image\/\"},\"sameAs\":[\"https:\/\/www.facebook.com\/TuincentrumEliassenAmmerzoden\",\"https:\/\/www.instagram.com\/eliassenhomeandgarden\/\",\"https:\/\/nl.pinterest.com\/eliassenhomeandgarden\/\",\"https:\/\/www.youtube.com\/@eliassenhomegardenpleasure4558\"]}]}<\/script>\n<!-- \/ Yoast SEO plugin. -->","yoast_head_json":{"title":"3-D-Malerei Metall | Radfahrer 100x100cm | Eliassen.nl","description":"Ein wundersch\u00f6nes sportliches 3D-Metallgem\u00e4lde einer Gruppe von Radfahrern, komplett von Hand gefertigt. Auch von Hand bemalt.","robots":{"index":"noindex","follow":"follow","max-snippet":"max-snippet:-1","max-image-preview":"max-image-preview:large","max-video-preview":"max-video-preview:-1"},"og_locale":"de_DE","og_type":"article","og_title":"3-D-Malerei Metall | Radfahrer 100x100cm | Eliassen.nl","og_description":"Ein wundersch\u00f6nes sportliches 3D-Metallgem\u00e4lde einer Gruppe von Radfahrern, komplett von Hand gefertigt. Auch von Hand bemalt.","og_url":"https:\/\/dev.eliassen.nl\/de\/product\/3-d-gemalde-radfahrer-100x100cm\/","og_site_name":"Eliassen.nl","article_publisher":"https:\/\/www.facebook.com\/TuincentrumEliassenAmmerzoden","article_modified_time":"2024-12-05T14:30:40+00:00","og_image":[{"width":1024,"height":1024,"url":"https:\/\/dev.eliassen.nl\/wp-content\/uploads\/2024\/01\/md000753jpg.jpg","type":"image\/jpeg"}],"twitter_card":"summary_large_image","schema":{"@context":"https:\/\/schema.org","@graph":[{"@type":"WebPage","@id":"https:\/\/dev.eliassen.nl\/de\/product\/3-d-gemalde-radfahrer-100x100cm\/","url":"https:\/\/dev.eliassen.nl\/de\/product\/3-d-gemalde-radfahrer-100x100cm\/","name":"3-D-Malerei Metall | Radfahrer 100x100cm | Eliassen.nl","isPartOf":{"@id":"https:\/\/dev.eliassen.nl\/de\/#website"},"primaryImageOfPage":{"@id":"https:\/\/dev.eliassen.nl\/de\/product\/3-d-gemalde-radfahrer-100x100cm\/#primaryimage"},"image":{"@id":"https:\/\/dev.eliassen.nl\/de\/product\/3-d-gemalde-radfahrer-100x100cm\/#primaryimage"},"thumbnailUrl":"https:\/\/dev.eliassen.nl\/wp-content\/uploads\/2024\/01\/md000753jpg.jpg","datePublished":"2019-10-28T18:17:53+00:00","dateModified":"2024-12-05T14:30:40+00:00","description":"Ein wundersch\u00f6nes sportliches 3D-Metallgem\u00e4lde einer Gruppe von Radfahrern, komplett von Hand gefertigt. Auch von Hand bemalt.","breadcrumb":{"@id":"https:\/\/dev.eliassen.nl\/de\/product\/3-d-gemalde-radfahrer-100x100cm\/#breadcrumb"},"inLanguage":"de","potentialAction":[{"@type":"ReadAction","target":["https:\/\/dev.eliassen.nl\/de\/product\/3-d-gemalde-radfahrer-100x100cm\/"]}]},{"@type":"ImageObject","inLanguage":"de","@id":"https:\/\/dev.eliassen.nl\/de\/product\/3-d-gemalde-radfahrer-100x100cm\/#primaryimage","url":"https:\/\/dev.eliassen.nl\/wp-content\/uploads\/2024\/01\/md000753jpg.jpg","contentUrl":"https:\/\/dev.eliassen.nl\/wp-content\/uploads\/2024\/01\/md000753jpg.jpg","width":1024,"height":1024,"caption":"md000753jpg"},{"@type":"BreadcrumbList","@id":"https:\/\/dev.eliassen.nl\/de\/product\/3-d-gemalde-radfahrer-100x100cm\/#breadcrumb","itemListElement":[{"@type":"ListItem","position":1,"name":"Home","item":"https:\/\/dev.eliassen.nl\/de\/"},{"@type":"ListItem","position":2,"name":"Shop","item":"https:\/\/dev.eliassen.nl\/nl\/winkel\/"},{"@type":"ListItem","position":3,"name":"Gem\u00e4lde","item":"https:\/\/dev.eliassen.nl\/de\/gemaelde\/"},{"@type":"ListItem","position":4,"name":"3D-Gem\u00e4lde aus Metall","item":"https:\/\/dev.eliassen.nl\/de\/gemaelde\/3d-gemaelde-aus-metall\/"},{"@type":"ListItem","position":5,"name":"3D-Gem\u00e4lde aus Metall im Format 100x100cm","item":"https:\/\/dev.eliassen.nl\/de\/gemaelde\/3d-gemaelde-aus-metall\/3d-gemaelde-aus-metall-im-format-100x100cm\/"},{"@type":"ListItem","position":6,"name":"3-D-Gem\u00e4lde Radfahrer 100x100cm"}]},{"@type":"WebSite","@id":"https:\/\/dev.eliassen.nl\/de\/#website","url":"https:\/\/dev.eliassen.nl\/de\/","name":"Eliassen Home & Garden Pleasure","description":"","publisher":{"@id":"https:\/\/dev.eliassen.nl\/de\/#organization"},"alternateName":"Eliassen.nl","potentialAction":[{"@type":"SearchAction","target":{"@type":"EntryPoint","urlTemplate":"https:\/\/dev.eliassen.nl\/de\/?s={search_term_string}"},"query-input":{"@type":"PropertyValueSpecification","valueRequired":true,"valueName":"search_term_string"}}],"inLanguage":"de"},{"@type":"Organization","@id":"https:\/\/dev.eliassen.nl\/de\/#organization","name":"Eliassen Home & Garden Pleasure","url":"https:\/\/dev.eliassen.nl\/de\/","logo":{"@type":"ImageObject","inLanguage":"de","@id":"https:\/\/dev.eliassen.nl\/de\/#\/schema\/logo\/image\/","url":"https:\/\/www.eliassen.nl\/wp-content\/uploads\/2024\/01\/logo_4nd.jpg","contentUrl":"https:\/\/www.eliassen.nl\/wp-content\/uploads\/2024\/01\/logo_4nd.jpg","width":500,"height":500,"caption":"Eliassen Home & Garden Pleasure"},"image":{"@id":"https:\/\/dev.eliassen.nl\/de\/#\/schema\/logo\/image\/"},"sameAs":["https:\/\/www.facebook.com\/TuincentrumEliassenAmmerzoden","https:\/\/www.instagram.com\/eliassenhomeandgarden\/","https:\/\/nl.pinterest.com\/eliassenhomeandgarden\/","https:\/\/www.youtube.com\/@eliassenhomegardenpleasure4558"]}]}},"df_price":209,"df_sale_price":"","df_regular_price":209,"df_image_link":"https:\/\/dev.eliassen.nl\/wp-content\/uploads\/2024\/01\/md000753jpg.jpg","image":"https:\/\/dev.eliassen.nl\/wp-content\/uploads\/2024\/01\/md000753jpg.jpg","price_search":"<span class=\"woocommerce-Price-amount amount\"><bdi><span class=\"woocommerce-Price-currencySymbol\">&euro;<\/span>&nbsp;209,00<\/bdi><\/span>","category":"3D-Gem\u00e4lde aus Metall","_links":{"self":[{"href":"https:\/\/dev.eliassen.nl\/de\/wp-json\/wp\/v2\/product\/19114","targetHints":{"allow":["GET"]}}],"collection":[{"href":"https:\/\/dev.eliassen.nl\/de\/wp-json\/wp\/v2\/product"}],"about":[{"href":"https:\/\/dev.eliassen.nl\/de\/wp-json\/wp\/v2\/types\/product"}],"wp:featuredmedia":[{"embeddable":true,"href":"https:\/\/dev.eliassen.nl\/de\/wp-json\/wp\/v2\/media\/19111"}],"wp:attachment":[{"href":"https:\/\/dev.eliassen.nl\/de\/wp-json\/wp\/v2\/media?parent=19114"}],"wp:term":[{"taxonomy":"product_brand","embeddable":true,"href":"https:\/\/dev.eliassen.nl\/de\/wp-json\/wp\/v2\/product_brand?post=19114"},{"taxonomy":"product_cat","embeddable":true,"href":"https:\/\/dev.eliassen.nl\/de\/wp-json\/wp\/v2\/product_cat?post=19114"},{"taxonomy":"product_tag","embeddable":true,"href":"https:\/\/dev.eliassen.nl\/de\/wp-json\/wp\/v2\/product_tag?post=19114"}],"curies":[{"name":"wp","href":"https:\/\/api.w.org\/{rel}","templated":true}]}}