{"id":19546,"date":"2019-10-28T19:25:32","date_gmt":"2019-10-28T18:25:32","guid":{"rendered":"https:\/\/www.eliassen.nl\/?product=esschert-regenmesser-aus-gusseisen"},"modified":"2024-12-05T15:31:24","modified_gmt":"2024-12-05T14:31:24","slug":"esschert-regenmesser-aus-gusseisen","status":"publish","type":"product","link":"https:\/\/dev.eliassen.nl\/de\/product\/esschert-regenmesser-aus-gusseisen\/","title":{"rendered":"Esschert Regenmesser aus Gusseisen"},"content":{"rendered":"<p>Mit diesem anmutigen Regenmesser aus Gusseisen der Marke Esschert k\u00f6nnen Sie die Regenmenge in einem bestimmten Zeitraum \u00fcberpr\u00fcfen oder verfolgen. Dank des dicken, eleganten Glasmessbechers dieses Regenmessers kann der Regen gesammelt werden, sodass Sie leicht \u00fcberpr\u00fcfen k\u00f6nnen, wie viel in einem bestimmten Zeitraum gefallen ist. Mit dem mitgelieferten Erdspie\u00df l\u00e4sst sich der Regenmesser \u00fcberall einfach in den Boden stecken.<\/p>\n<ul>\n<li>Gr\u00f6\u00dfe: 18,5 x 12 x 133 cm<\/li>\n<li>Material: Gusseisen\/Glas<\/li>\n<li>Farbe braun<\/li>\n<li>Wasser aus der Tasse bei Frost!<\/li>\n<\/ul>\n","protected":false},"excerpt":{"rendered":"<p>Mit diesem anmutigen Regenmesser aus Gusseisen der Marke Esschert k\u00f6nnen Sie die Regenmenge in einem bestimmten Zeitraum \u00fcberpr\u00fcfen oder verfolgen. Dank des dicken, eleganten Glasmessbechers dieses Regenmessers kann der Regen gesammelt werden, sodass Sie leicht \u00fcberpr\u00fcfen k\u00f6nnen, wie viel in einem bestimmten Zeitraum gefallen ist. Mit dem mitgelieferten Erdspie\u00df l\u00e4sst sich der Regenmesser \u00fcberall einfach &hellip;<\/p>\n","protected":false},"featured_media":19540,"template":"","meta":{"_acf_changed":false},"product_brand":[],"product_cat":[836,842],"product_tag":[],"class_list":{"0":"post-19546","1":"product","2":"type-product","3":"status-publish","4":"has-post-thumbnail","6":"product_cat-gartenstecker","7":"product_cat-regenmesser-aus-metall","9":"first","10":"instock","11":"taxable","12":"shipping-taxable","13":"purchasable","14":"product-type-simple"},"acf":[],"yoast_head":"<!-- This site is optimized with the Yoast SEO plugin v23.8 - https:\/\/yoast.com\/wordpress\/plugins\/seo\/ -->\n<title>Esschert Regenmesser aus Gusseisen - Eliassen.nl<\/title>\n<meta name=\"description\" content=\"Ein eleganter brauner Regenmesser aus Gusseisen der Marke Esschert. Ein sch\u00f6nes Modell f\u00fcr jeden Garten. Mitgelieferter Erdspie\u00df, daher \u00fcberall im Garten ein...\" \/>\n<meta name=\"robots\" content=\"noindex, follow, max-snippet:-1, max-image-preview:large, max-video-preview:-1\" \/>\n<meta property=\"og:locale\" content=\"de_DE\" \/>\n<meta property=\"og:type\" content=\"article\" \/>\n<meta property=\"og:title\" content=\"Esschert Regenmesser aus Gusseisen - Eliassen.nl\" \/>\n<meta property=\"og:description\" content=\"Ein eleganter brauner Regenmesser aus Gusseisen der Marke Esschert. Ein sch\u00f6nes Modell f\u00fcr jeden Garten. Mitgelieferter Erdspie\u00df, daher \u00fcberall im Garten ein...\" \/>\n<meta property=\"og:url\" content=\"https:\/\/dev.eliassen.nl\/de\/product\/esschert-regenmesser-aus-gusseisen\/\" \/>\n<meta property=\"og:site_name\" content=\"Eliassen.nl\" \/>\n<meta property=\"article:publisher\" content=\"https:\/\/www.facebook.com\/TuincentrumEliassenAmmerzoden\" \/>\n<meta property=\"article:modified_time\" content=\"2024-12-05T14:31:24+00:00\" \/>\n<meta property=\"og:image\" content=\"https:\/\/dev.eliassen.nl\/wp-content\/uploads\/2024\/01\/th3903.jpg\" \/>\n\t<meta property=\"og:image:width\" content=\"2048\" \/>\n\t<meta property=\"og:image:height\" content=\"2048\" \/>\n\t<meta property=\"og:image:type\" content=\"image\/jpeg\" \/>\n<meta name=\"twitter:card\" content=\"summary_large_image\" \/>\n<script type=\"application\/ld+json\" class=\"yoast-schema-graph\">{\"@context\":\"https:\/\/schema.org\",\"@graph\":[{\"@type\":\"WebPage\",\"@id\":\"https:\/\/dev.eliassen.nl\/de\/product\/esschert-regenmesser-aus-gusseisen\/\",\"url\":\"https:\/\/dev.eliassen.nl\/de\/product\/esschert-regenmesser-aus-gusseisen\/\",\"name\":\"Esschert Regenmesser aus Gusseisen - Eliassen.nl\",\"isPartOf\":{\"@id\":\"https:\/\/dev.eliassen.nl\/de\/#website\"},\"primaryImageOfPage\":{\"@id\":\"https:\/\/dev.eliassen.nl\/de\/product\/esschert-regenmesser-aus-gusseisen\/#primaryimage\"},\"image\":{\"@id\":\"https:\/\/dev.eliassen.nl\/de\/product\/esschert-regenmesser-aus-gusseisen\/#primaryimage\"},\"thumbnailUrl\":\"https:\/\/dev.eliassen.nl\/wp-content\/uploads\/2024\/01\/th3903.jpg\",\"datePublished\":\"2019-10-28T18:25:32+00:00\",\"dateModified\":\"2024-12-05T14:31:24+00:00\",\"description\":\"Ein eleganter brauner Regenmesser aus Gusseisen der Marke Esschert. Ein sch\u00f6nes Modell f\u00fcr jeden Garten. Mitgelieferter Erdspie\u00df, daher \u00fcberall im Garten ein...\",\"breadcrumb\":{\"@id\":\"https:\/\/dev.eliassen.nl\/de\/product\/esschert-regenmesser-aus-gusseisen\/#breadcrumb\"},\"inLanguage\":\"de\",\"potentialAction\":[{\"@type\":\"ReadAction\",\"target\":[\"https:\/\/dev.eliassen.nl\/de\/product\/esschert-regenmesser-aus-gusseisen\/\"]}]},{\"@type\":\"ImageObject\",\"inLanguage\":\"de\",\"@id\":\"https:\/\/dev.eliassen.nl\/de\/product\/esschert-regenmesser-aus-gusseisen\/#primaryimage\",\"url\":\"https:\/\/dev.eliassen.nl\/wp-content\/uploads\/2024\/01\/th3903.jpg\",\"contentUrl\":\"https:\/\/dev.eliassen.nl\/wp-content\/uploads\/2024\/01\/th3903.jpg\",\"width\":2048,\"height\":2048,\"caption\":\"th39-03\"},{\"@type\":\"BreadcrumbList\",\"@id\":\"https:\/\/dev.eliassen.nl\/de\/product\/esschert-regenmesser-aus-gusseisen\/#breadcrumb\",\"itemListElement\":[{\"@type\":\"ListItem\",\"position\":1,\"name\":\"Home\",\"item\":\"https:\/\/dev.eliassen.nl\/de\/\"},{\"@type\":\"ListItem\",\"position\":2,\"name\":\"Shop\",\"item\":\"https:\/\/dev.eliassen.nl\/nl\/winkel\/\"},{\"@type\":\"ListItem\",\"position\":3,\"name\":\"Gartenstecker\",\"item\":\"https:\/\/dev.eliassen.nl\/de\/gartenstecker\/\"},{\"@type\":\"ListItem\",\"position\":4,\"name\":\"Regenmesser aus Metall\",\"item\":\"https:\/\/dev.eliassen.nl\/de\/gartenstecker\/regenmesser-aus-metall\/\"},{\"@type\":\"ListItem\",\"position\":5,\"name\":\"Esschert Regenmesser aus Gusseisen\"}]},{\"@type\":\"WebSite\",\"@id\":\"https:\/\/dev.eliassen.nl\/de\/#website\",\"url\":\"https:\/\/dev.eliassen.nl\/de\/\",\"name\":\"Eliassen Home & Garden Pleasure\",\"description\":\"\",\"publisher\":{\"@id\":\"https:\/\/dev.eliassen.nl\/de\/#organization\"},\"alternateName\":\"Eliassen.nl\",\"potentialAction\":[{\"@type\":\"SearchAction\",\"target\":{\"@type\":\"EntryPoint\",\"urlTemplate\":\"https:\/\/dev.eliassen.nl\/de\/?s={search_term_string}\"},\"query-input\":{\"@type\":\"PropertyValueSpecification\",\"valueRequired\":true,\"valueName\":\"search_term_string\"}}],\"inLanguage\":\"de\"},{\"@type\":\"Organization\",\"@id\":\"https:\/\/dev.eliassen.nl\/de\/#organization\",\"name\":\"Eliassen Home & Garden Pleasure\",\"url\":\"https:\/\/dev.eliassen.nl\/de\/\",\"logo\":{\"@type\":\"ImageObject\",\"inLanguage\":\"de\",\"@id\":\"https:\/\/dev.eliassen.nl\/de\/#\/schema\/logo\/image\/\",\"url\":\"https:\/\/www.eliassen.nl\/wp-content\/uploads\/2024\/01\/logo_4nd.jpg\",\"contentUrl\":\"https:\/\/www.eliassen.nl\/wp-content\/uploads\/2024\/01\/logo_4nd.jpg\",\"width\":500,\"height\":500,\"caption\":\"Eliassen Home & Garden Pleasure\"},\"image\":{\"@id\":\"https:\/\/dev.eliassen.nl\/de\/#\/schema\/logo\/image\/\"},\"sameAs\":[\"https:\/\/www.facebook.com\/TuincentrumEliassenAmmerzoden\",\"https:\/\/www.instagram.com\/eliassenhomeandgarden\/\",\"https:\/\/nl.pinterest.com\/eliassenhomeandgarden\/\",\"https:\/\/www.youtube.com\/@eliassenhomegardenpleasure4558\"]}]}<\/script>\n<!-- \/ Yoast SEO plugin. -->","yoast_head_json":{"title":"Esschert Regenmesser aus Gusseisen - Eliassen.nl","description":"Ein eleganter brauner Regenmesser aus Gusseisen der Marke Esschert. Ein sch\u00f6nes Modell f\u00fcr jeden Garten. Mitgelieferter Erdspie\u00df, daher \u00fcberall im Garten ein...","robots":{"index":"noindex","follow":"follow","max-snippet":"max-snippet:-1","max-image-preview":"max-image-preview:large","max-video-preview":"max-video-preview:-1"},"og_locale":"de_DE","og_type":"article","og_title":"Esschert Regenmesser aus Gusseisen - Eliassen.nl","og_description":"Ein eleganter brauner Regenmesser aus Gusseisen der Marke Esschert. Ein sch\u00f6nes Modell f\u00fcr jeden Garten. Mitgelieferter Erdspie\u00df, daher \u00fcberall im Garten ein...","og_url":"https:\/\/dev.eliassen.nl\/de\/product\/esschert-regenmesser-aus-gusseisen\/","og_site_name":"Eliassen.nl","article_publisher":"https:\/\/www.facebook.com\/TuincentrumEliassenAmmerzoden","article_modified_time":"2024-12-05T14:31:24+00:00","og_image":[{"width":2048,"height":2048,"url":"https:\/\/dev.eliassen.nl\/wp-content\/uploads\/2024\/01\/th3903.jpg","type":"image\/jpeg"}],"twitter_card":"summary_large_image","schema":{"@context":"https:\/\/schema.org","@graph":[{"@type":"WebPage","@id":"https:\/\/dev.eliassen.nl\/de\/product\/esschert-regenmesser-aus-gusseisen\/","url":"https:\/\/dev.eliassen.nl\/de\/product\/esschert-regenmesser-aus-gusseisen\/","name":"Esschert Regenmesser aus Gusseisen - Eliassen.nl","isPartOf":{"@id":"https:\/\/dev.eliassen.nl\/de\/#website"},"primaryImageOfPage":{"@id":"https:\/\/dev.eliassen.nl\/de\/product\/esschert-regenmesser-aus-gusseisen\/#primaryimage"},"image":{"@id":"https:\/\/dev.eliassen.nl\/de\/product\/esschert-regenmesser-aus-gusseisen\/#primaryimage"},"thumbnailUrl":"https:\/\/dev.eliassen.nl\/wp-content\/uploads\/2024\/01\/th3903.jpg","datePublished":"2019-10-28T18:25:32+00:00","dateModified":"2024-12-05T14:31:24+00:00","description":"Ein eleganter brauner Regenmesser aus Gusseisen der Marke Esschert. Ein sch\u00f6nes Modell f\u00fcr jeden Garten. Mitgelieferter Erdspie\u00df, daher \u00fcberall im Garten ein...","breadcrumb":{"@id":"https:\/\/dev.eliassen.nl\/de\/product\/esschert-regenmesser-aus-gusseisen\/#breadcrumb"},"inLanguage":"de","potentialAction":[{"@type":"ReadAction","target":["https:\/\/dev.eliassen.nl\/de\/product\/esschert-regenmesser-aus-gusseisen\/"]}]},{"@type":"ImageObject","inLanguage":"de","@id":"https:\/\/dev.eliassen.nl\/de\/product\/esschert-regenmesser-aus-gusseisen\/#primaryimage","url":"https:\/\/dev.eliassen.nl\/wp-content\/uploads\/2024\/01\/th3903.jpg","contentUrl":"https:\/\/dev.eliassen.nl\/wp-content\/uploads\/2024\/01\/th3903.jpg","width":2048,"height":2048,"caption":"th39-03"},{"@type":"BreadcrumbList","@id":"https:\/\/dev.eliassen.nl\/de\/product\/esschert-regenmesser-aus-gusseisen\/#breadcrumb","itemListElement":[{"@type":"ListItem","position":1,"name":"Home","item":"https:\/\/dev.eliassen.nl\/de\/"},{"@type":"ListItem","position":2,"name":"Shop","item":"https:\/\/dev.eliassen.nl\/nl\/winkel\/"},{"@type":"ListItem","position":3,"name":"Gartenstecker","item":"https:\/\/dev.eliassen.nl\/de\/gartenstecker\/"},{"@type":"ListItem","position":4,"name":"Regenmesser aus Metall","item":"https:\/\/dev.eliassen.nl\/de\/gartenstecker\/regenmesser-aus-metall\/"},{"@type":"ListItem","position":5,"name":"Esschert Regenmesser aus Gusseisen"}]},{"@type":"WebSite","@id":"https:\/\/dev.eliassen.nl\/de\/#website","url":"https:\/\/dev.eliassen.nl\/de\/","name":"Eliassen Home & Garden Pleasure","description":"","publisher":{"@id":"https:\/\/dev.eliassen.nl\/de\/#organization"},"alternateName":"Eliassen.nl","potentialAction":[{"@type":"SearchAction","target":{"@type":"EntryPoint","urlTemplate":"https:\/\/dev.eliassen.nl\/de\/?s={search_term_string}"},"query-input":{"@type":"PropertyValueSpecification","valueRequired":true,"valueName":"search_term_string"}}],"inLanguage":"de"},{"@type":"Organization","@id":"https:\/\/dev.eliassen.nl\/de\/#organization","name":"Eliassen Home & Garden Pleasure","url":"https:\/\/dev.eliassen.nl\/de\/","logo":{"@type":"ImageObject","inLanguage":"de","@id":"https:\/\/dev.eliassen.nl\/de\/#\/schema\/logo\/image\/","url":"https:\/\/www.eliassen.nl\/wp-content\/uploads\/2024\/01\/logo_4nd.jpg","contentUrl":"https:\/\/www.eliassen.nl\/wp-content\/uploads\/2024\/01\/logo_4nd.jpg","width":500,"height":500,"caption":"Eliassen Home & Garden Pleasure"},"image":{"@id":"https:\/\/dev.eliassen.nl\/de\/#\/schema\/logo\/image\/"},"sameAs":["https:\/\/www.facebook.com\/TuincentrumEliassenAmmerzoden","https:\/\/www.instagram.com\/eliassenhomeandgarden\/","https:\/\/nl.pinterest.com\/eliassenhomeandgarden\/","https:\/\/www.youtube.com\/@eliassenhomegardenpleasure4558"]}]}},"df_price":33.5,"df_sale_price":"","df_regular_price":33.5,"df_image_link":"https:\/\/dev.eliassen.nl\/wp-content\/uploads\/2024\/01\/th3903.jpg","image":"https:\/\/dev.eliassen.nl\/wp-content\/uploads\/2024\/01\/th3903.jpg","price_search":"<span class=\"woocommerce-Price-amount amount\"><bdi><span class=\"woocommerce-Price-currencySymbol\">&euro;<\/span>&nbsp;33,50<\/bdi><\/span>","category":"Gartenstecker","_links":{"self":[{"href":"https:\/\/dev.eliassen.nl\/de\/wp-json\/wp\/v2\/product\/19546","targetHints":{"allow":["GET"]}}],"collection":[{"href":"https:\/\/dev.eliassen.nl\/de\/wp-json\/wp\/v2\/product"}],"about":[{"href":"https:\/\/dev.eliassen.nl\/de\/wp-json\/wp\/v2\/types\/product"}],"wp:featuredmedia":[{"embeddable":true,"href":"https:\/\/dev.eliassen.nl\/de\/wp-json\/wp\/v2\/media\/19540"}],"wp:attachment":[{"href":"https:\/\/dev.eliassen.nl\/de\/wp-json\/wp\/v2\/media?parent=19546"}],"wp:term":[{"taxonomy":"product_brand","embeddable":true,"href":"https:\/\/dev.eliassen.nl\/de\/wp-json\/wp\/v2\/product_brand?post=19546"},{"taxonomy":"product_cat","embeddable":true,"href":"https:\/\/dev.eliassen.nl\/de\/wp-json\/wp\/v2\/product_cat?post=19546"},{"taxonomy":"product_tag","embeddable":true,"href":"https:\/\/dev.eliassen.nl\/de\/wp-json\/wp\/v2\/product_tag?post=19546"}],"curies":[{"name":"wp","href":"https:\/\/api.w.org\/{rel}","templated":true}]}}