{"id":19579,"date":"2019-10-28T19:25:41","date_gmt":"2019-10-28T18:25:41","guid":{"rendered":"https:\/\/www.eliassen.nl\/?product=wandkaart-altes-amsterdam-copy"},"modified":"2024-12-05T15:31:25","modified_gmt":"2024-12-05T14:31:25","slug":"wandkarte-rinder-100x75cm","status":"publish","type":"product","link":"https:\/\/dev.eliassen.nl\/de\/product\/wandkarte-rinder-100x75cm\/","title":{"rendered":"Wandkarte Rinder 100x75cm"},"content":{"rendered":"<p>Diese Wandkarte mit Rindern ist eine erschwingliche Wanddekoration f\u00fcr jedes Interieur. Dieses Schulposter ist aus echtem Leinen, also kein Papier. Die Gr\u00f6\u00dfe dieser rollbaren Wanddekoration betr\u00e4gt 100x75m.<\/p>\n<p><strong>Wir haben auch fast die gesamte Kollektion dieser Serie im Laden.<\/strong><br \/><strong>Nirgendwo sonst finden Sie eine so gro\u00dfe Sammlung an Wanddekorationen. Gern geschehen.<\/strong><\/p>\n<ul>\n<li>Material: Leinen mit Holzlatten und Aufh\u00e4ngeseil.<\/li>\n<li>Gr\u00f6\u00dfe: 100 x 75 cm<\/li>\n<li>Rollbar<\/li>\n<li>Lieferung ab Lager<\/li>\n<li>Nur f\u00fcr den Innengebrauch.<\/li>\n<\/ul>\n","protected":false},"excerpt":{"rendered":"<p>Diese Wandkarte mit Rindern ist eine erschwingliche Wanddekoration f\u00fcr jedes Interieur. Dieses Schulposter ist aus echtem Leinen, also kein Papier. Die Gr\u00f6\u00dfe dieser rollbaren Wanddekoration betr\u00e4gt 100x75m. Wir haben auch fast die gesamte Kollektion dieser Serie im Laden.Nirgendwo sonst finden Sie eine so gro\u00dfe Sammlung an Wanddekorationen. Gern geschehen. Material: Leinen mit Holzlatten und Aufh\u00e4ngeseil. &hellip;<\/p>\n","protected":false},"featured_media":19576,"template":"","meta":{"_acf_changed":false},"product_brand":[6916],"product_cat":[509,530],"product_tag":[],"class_list":{"0":"post-19579","1":"product","2":"type-product","3":"status-publish","4":"has-post-thumbnail","6":"product_brand-eliassen-de","7":"product_cat-wanddekoration","8":"product_cat-wandkarten-leinwand","10":"first","11":"instock","12":"taxable","13":"shipping-taxable","14":"purchasable","15":"product-type-simple"},"acf":[],"yoast_head":"<!-- This site is optimized with the Yoast SEO plugin v23.8 - https:\/\/yoast.com\/wordpress\/plugins\/seo\/ -->\n<title>Wandkarte Rinder 100x75cm<\/title>\n<meta name=\"description\" content=\"Wandkarte von K\u00fchen in sch\u00f6nem Stil. Wir bieten verschiedene Weltkarten und St\u00e4dte an. Aus Leinen. Sehen Sie sich unsere Sammlung von Wandkarten an.\" \/>\n<meta name=\"robots\" content=\"noindex, follow, max-snippet:-1, max-image-preview:large, max-video-preview:-1\" \/>\n<meta property=\"og:locale\" content=\"de_DE\" \/>\n<meta property=\"og:type\" content=\"article\" \/>\n<meta property=\"og:title\" content=\"Wandkarte Rinder 100x75cm\" \/>\n<meta property=\"og:description\" content=\"Wandkarte von K\u00fchen in sch\u00f6nem Stil. Wir bieten verschiedene Weltkarten und St\u00e4dte an. Aus Leinen. Sehen Sie sich unsere Sammlung von Wandkarten an.\" \/>\n<meta property=\"og:url\" content=\"https:\/\/dev.eliassen.nl\/de\/product\/wandkarte-rinder-100x75cm\/\" \/>\n<meta property=\"og:site_name\" content=\"Eliassen.nl\" \/>\n<meta property=\"article:publisher\" content=\"https:\/\/www.facebook.com\/TuincentrumEliassenAmmerzoden\" \/>\n<meta property=\"article:modified_time\" content=\"2024-12-05T14:31:25+00:00\" \/>\n<meta property=\"og:image\" content=\"https:\/\/dev.eliassen.nl\/wp-content\/uploads\/2024\/01\/5wk0029.png\" \/>\n\t<meta property=\"og:image:width\" content=\"1024\" \/>\n\t<meta property=\"og:image:height\" content=\"1024\" \/>\n\t<meta property=\"og:image:type\" content=\"image\/png\" \/>\n<meta name=\"twitter:card\" content=\"summary_large_image\" \/>\n<script type=\"application\/ld+json\" class=\"yoast-schema-graph\">{\"@context\":\"https:\/\/schema.org\",\"@graph\":[{\"@type\":\"WebPage\",\"@id\":\"https:\/\/dev.eliassen.nl\/de\/product\/wandkarte-rinder-100x75cm\/\",\"url\":\"https:\/\/dev.eliassen.nl\/de\/product\/wandkarte-rinder-100x75cm\/\",\"name\":\"Wandkarte Rinder 100x75cm\",\"isPartOf\":{\"@id\":\"https:\/\/dev.eliassen.nl\/de\/#website\"},\"primaryImageOfPage\":{\"@id\":\"https:\/\/dev.eliassen.nl\/de\/product\/wandkarte-rinder-100x75cm\/#primaryimage\"},\"image\":{\"@id\":\"https:\/\/dev.eliassen.nl\/de\/product\/wandkarte-rinder-100x75cm\/#primaryimage\"},\"thumbnailUrl\":\"https:\/\/dev.eliassen.nl\/wp-content\/uploads\/2024\/01\/5wk0029.png\",\"datePublished\":\"2019-10-28T18:25:41+00:00\",\"dateModified\":\"2024-12-05T14:31:25+00:00\",\"description\":\"Wandkarte von K\u00fchen in sch\u00f6nem Stil. Wir bieten verschiedene Weltkarten und St\u00e4dte an. Aus Leinen. Sehen Sie sich unsere Sammlung von Wandkarten an.\",\"breadcrumb\":{\"@id\":\"https:\/\/dev.eliassen.nl\/de\/product\/wandkarte-rinder-100x75cm\/#breadcrumb\"},\"inLanguage\":\"de\",\"potentialAction\":[{\"@type\":\"ReadAction\",\"target\":[\"https:\/\/dev.eliassen.nl\/de\/product\/wandkarte-rinder-100x75cm\/\"]}]},{\"@type\":\"ImageObject\",\"inLanguage\":\"de\",\"@id\":\"https:\/\/dev.eliassen.nl\/de\/product\/wandkarte-rinder-100x75cm\/#primaryimage\",\"url\":\"https:\/\/dev.eliassen.nl\/wp-content\/uploads\/2024\/01\/5wk0029.png\",\"contentUrl\":\"https:\/\/dev.eliassen.nl\/wp-content\/uploads\/2024\/01\/5wk0029.png\",\"width\":1772,\"height\":1772,\"caption\":\"5wk0029\"},{\"@type\":\"BreadcrumbList\",\"@id\":\"https:\/\/dev.eliassen.nl\/de\/product\/wandkarte-rinder-100x75cm\/#breadcrumb\",\"itemListElement\":[{\"@type\":\"ListItem\",\"position\":1,\"name\":\"Home\",\"item\":\"https:\/\/dev.eliassen.nl\/de\/\"},{\"@type\":\"ListItem\",\"position\":2,\"name\":\"Shop\",\"item\":\"https:\/\/dev.eliassen.nl\/nl\/winkel\/\"},{\"@type\":\"ListItem\",\"position\":3,\"name\":\"Wanddekoration\",\"item\":\"https:\/\/dev.eliassen.nl\/de\/wanddekoration\/\"},{\"@type\":\"ListItem\",\"position\":4,\"name\":\"Wandkarten-Leinwand\",\"item\":\"https:\/\/dev.eliassen.nl\/de\/wanddekoration\/wandkarten-leinwand\/\"},{\"@type\":\"ListItem\",\"position\":5,\"name\":\"Wandkarte Rinder 100x75cm\"}]},{\"@type\":\"WebSite\",\"@id\":\"https:\/\/dev.eliassen.nl\/de\/#website\",\"url\":\"https:\/\/dev.eliassen.nl\/de\/\",\"name\":\"Eliassen Home & Garden Pleasure\",\"description\":\"\",\"publisher\":{\"@id\":\"https:\/\/dev.eliassen.nl\/de\/#organization\"},\"alternateName\":\"Eliassen.nl\",\"potentialAction\":[{\"@type\":\"SearchAction\",\"target\":{\"@type\":\"EntryPoint\",\"urlTemplate\":\"https:\/\/dev.eliassen.nl\/de\/?s={search_term_string}\"},\"query-input\":{\"@type\":\"PropertyValueSpecification\",\"valueRequired\":true,\"valueName\":\"search_term_string\"}}],\"inLanguage\":\"de\"},{\"@type\":\"Organization\",\"@id\":\"https:\/\/dev.eliassen.nl\/de\/#organization\",\"name\":\"Eliassen Home & Garden Pleasure\",\"url\":\"https:\/\/dev.eliassen.nl\/de\/\",\"logo\":{\"@type\":\"ImageObject\",\"inLanguage\":\"de\",\"@id\":\"https:\/\/dev.eliassen.nl\/de\/#\/schema\/logo\/image\/\",\"url\":\"https:\/\/www.eliassen.nl\/wp-content\/uploads\/2024\/01\/logo_4nd.jpg\",\"contentUrl\":\"https:\/\/www.eliassen.nl\/wp-content\/uploads\/2024\/01\/logo_4nd.jpg\",\"width\":500,\"height\":500,\"caption\":\"Eliassen Home & Garden Pleasure\"},\"image\":{\"@id\":\"https:\/\/dev.eliassen.nl\/de\/#\/schema\/logo\/image\/\"},\"sameAs\":[\"https:\/\/www.facebook.com\/TuincentrumEliassenAmmerzoden\",\"https:\/\/www.instagram.com\/eliassenhomeandgarden\/\",\"https:\/\/nl.pinterest.com\/eliassenhomeandgarden\/\",\"https:\/\/www.youtube.com\/@eliassenhomegardenpleasure4558\"]}]}<\/script>\n<!-- \/ Yoast SEO plugin. -->","yoast_head_json":{"title":"Wandkarte Rinder 100x75cm","description":"Wandkarte von K\u00fchen in sch\u00f6nem Stil. Wir bieten verschiedene Weltkarten und St\u00e4dte an. Aus Leinen. Sehen Sie sich unsere Sammlung von Wandkarten an.","robots":{"index":"noindex","follow":"follow","max-snippet":"max-snippet:-1","max-image-preview":"max-image-preview:large","max-video-preview":"max-video-preview:-1"},"og_locale":"de_DE","og_type":"article","og_title":"Wandkarte Rinder 100x75cm","og_description":"Wandkarte von K\u00fchen in sch\u00f6nem Stil. Wir bieten verschiedene Weltkarten und St\u00e4dte an. Aus Leinen. Sehen Sie sich unsere Sammlung von Wandkarten an.","og_url":"https:\/\/dev.eliassen.nl\/de\/product\/wandkarte-rinder-100x75cm\/","og_site_name":"Eliassen.nl","article_publisher":"https:\/\/www.facebook.com\/TuincentrumEliassenAmmerzoden","article_modified_time":"2024-12-05T14:31:25+00:00","og_image":[{"url":"https:\/\/dev.eliassen.nl\/wp-content\/uploads\/2024\/01\/5wk0029.png","width":1024,"height":1024,"type":"image\/png"}],"twitter_card":"summary_large_image","schema":{"@context":"https:\/\/schema.org","@graph":[{"@type":"WebPage","@id":"https:\/\/dev.eliassen.nl\/de\/product\/wandkarte-rinder-100x75cm\/","url":"https:\/\/dev.eliassen.nl\/de\/product\/wandkarte-rinder-100x75cm\/","name":"Wandkarte Rinder 100x75cm","isPartOf":{"@id":"https:\/\/dev.eliassen.nl\/de\/#website"},"primaryImageOfPage":{"@id":"https:\/\/dev.eliassen.nl\/de\/product\/wandkarte-rinder-100x75cm\/#primaryimage"},"image":{"@id":"https:\/\/dev.eliassen.nl\/de\/product\/wandkarte-rinder-100x75cm\/#primaryimage"},"thumbnailUrl":"https:\/\/dev.eliassen.nl\/wp-content\/uploads\/2024\/01\/5wk0029.png","datePublished":"2019-10-28T18:25:41+00:00","dateModified":"2024-12-05T14:31:25+00:00","description":"Wandkarte von K\u00fchen in sch\u00f6nem Stil. Wir bieten verschiedene Weltkarten und St\u00e4dte an. Aus Leinen. Sehen Sie sich unsere Sammlung von Wandkarten an.","breadcrumb":{"@id":"https:\/\/dev.eliassen.nl\/de\/product\/wandkarte-rinder-100x75cm\/#breadcrumb"},"inLanguage":"de","potentialAction":[{"@type":"ReadAction","target":["https:\/\/dev.eliassen.nl\/de\/product\/wandkarte-rinder-100x75cm\/"]}]},{"@type":"ImageObject","inLanguage":"de","@id":"https:\/\/dev.eliassen.nl\/de\/product\/wandkarte-rinder-100x75cm\/#primaryimage","url":"https:\/\/dev.eliassen.nl\/wp-content\/uploads\/2024\/01\/5wk0029.png","contentUrl":"https:\/\/dev.eliassen.nl\/wp-content\/uploads\/2024\/01\/5wk0029.png","width":1772,"height":1772,"caption":"5wk0029"},{"@type":"BreadcrumbList","@id":"https:\/\/dev.eliassen.nl\/de\/product\/wandkarte-rinder-100x75cm\/#breadcrumb","itemListElement":[{"@type":"ListItem","position":1,"name":"Home","item":"https:\/\/dev.eliassen.nl\/de\/"},{"@type":"ListItem","position":2,"name":"Shop","item":"https:\/\/dev.eliassen.nl\/nl\/winkel\/"},{"@type":"ListItem","position":3,"name":"Wanddekoration","item":"https:\/\/dev.eliassen.nl\/de\/wanddekoration\/"},{"@type":"ListItem","position":4,"name":"Wandkarten-Leinwand","item":"https:\/\/dev.eliassen.nl\/de\/wanddekoration\/wandkarten-leinwand\/"},{"@type":"ListItem","position":5,"name":"Wandkarte Rinder 100x75cm"}]},{"@type":"WebSite","@id":"https:\/\/dev.eliassen.nl\/de\/#website","url":"https:\/\/dev.eliassen.nl\/de\/","name":"Eliassen Home & Garden Pleasure","description":"","publisher":{"@id":"https:\/\/dev.eliassen.nl\/de\/#organization"},"alternateName":"Eliassen.nl","potentialAction":[{"@type":"SearchAction","target":{"@type":"EntryPoint","urlTemplate":"https:\/\/dev.eliassen.nl\/de\/?s={search_term_string}"},"query-input":{"@type":"PropertyValueSpecification","valueRequired":true,"valueName":"search_term_string"}}],"inLanguage":"de"},{"@type":"Organization","@id":"https:\/\/dev.eliassen.nl\/de\/#organization","name":"Eliassen Home & Garden Pleasure","url":"https:\/\/dev.eliassen.nl\/de\/","logo":{"@type":"ImageObject","inLanguage":"de","@id":"https:\/\/dev.eliassen.nl\/de\/#\/schema\/logo\/image\/","url":"https:\/\/www.eliassen.nl\/wp-content\/uploads\/2024\/01\/logo_4nd.jpg","contentUrl":"https:\/\/www.eliassen.nl\/wp-content\/uploads\/2024\/01\/logo_4nd.jpg","width":500,"height":500,"caption":"Eliassen Home & Garden Pleasure"},"image":{"@id":"https:\/\/dev.eliassen.nl\/de\/#\/schema\/logo\/image\/"},"sameAs":["https:\/\/www.facebook.com\/TuincentrumEliassenAmmerzoden","https:\/\/www.instagram.com\/eliassenhomeandgarden\/","https:\/\/nl.pinterest.com\/eliassenhomeandgarden\/","https:\/\/www.youtube.com\/@eliassenhomegardenpleasure4558"]}]}},"df_price":27.5,"df_sale_price":"","df_regular_price":27.5,"df_image_link":"https:\/\/dev.eliassen.nl\/wp-content\/uploads\/2024\/01\/5wk0029.png","image":"https:\/\/dev.eliassen.nl\/wp-content\/uploads\/2024\/01\/5wk0029.png","price_search":"<span class=\"woocommerce-Price-amount amount\"><bdi><span class=\"woocommerce-Price-currencySymbol\">&euro;<\/span>&nbsp;27,50<\/bdi><\/span>","category":"Wanddekoration","_links":{"self":[{"href":"https:\/\/dev.eliassen.nl\/de\/wp-json\/wp\/v2\/product\/19579","targetHints":{"allow":["GET"]}}],"collection":[{"href":"https:\/\/dev.eliassen.nl\/de\/wp-json\/wp\/v2\/product"}],"about":[{"href":"https:\/\/dev.eliassen.nl\/de\/wp-json\/wp\/v2\/types\/product"}],"wp:featuredmedia":[{"embeddable":true,"href":"https:\/\/dev.eliassen.nl\/de\/wp-json\/wp\/v2\/media\/19576"}],"wp:attachment":[{"href":"https:\/\/dev.eliassen.nl\/de\/wp-json\/wp\/v2\/media?parent=19579"}],"wp:term":[{"taxonomy":"product_brand","embeddable":true,"href":"https:\/\/dev.eliassen.nl\/de\/wp-json\/wp\/v2\/product_brand?post=19579"},{"taxonomy":"product_cat","embeddable":true,"href":"https:\/\/dev.eliassen.nl\/de\/wp-json\/wp\/v2\/product_cat?post=19579"},{"taxonomy":"product_tag","embeddable":true,"href":"https:\/\/dev.eliassen.nl\/de\/wp-json\/wp\/v2\/product_tag?post=19579"}],"curies":[{"name":"wp","href":"https:\/\/api.w.org\/{rel}","templated":true}]}}