{"id":19645,"date":"2019-10-28T19:27:06","date_gmt":"2019-10-28T18:27:06","guid":{"rendered":"https:\/\/www.eliassen.nl\/?product=3d-malerei-80x120cm-gitarre"},"modified":"2024-12-05T15:31:31","modified_gmt":"2024-12-05T14:31:31","slug":"3d-gemalde-80x120cm-gitarre","status":"publish","type":"product","link":"https:\/\/dev.eliassen.nl\/de\/product\/3d-gemalde-80x120cm-gitarre\/","title":{"rendered":"3D-Gem\u00e4lde 80x120cm Gitarre"},"content":{"rendered":"<p>Vollst\u00e4ndig handgefertigte 3D-Metallmalerei; eine sehr arbeitsintensive Wanddekoration!<br \/>Sieht in vielen Innenr\u00e4umen gut aus, aber nat\u00fcrlich auch in Ihrem Unternehmen oder im Freien (unter einem Unterstand).<br \/>Da es handbemalt ist, kann die Farbe leicht vom Foto abweichen, sie sind nie genau gleich.<br \/>Wir haben auch fast die gesamte Kollektion dieser Serie in unserem Gesch\u00e4ft, das in den Niederlanden einzigartig ist.<br \/>Nirgendwo sonst finden Sie eine so gro\u00dfe Sammlung. Gern geschehen.<\/p>\n<ul>\n<li>Gr\u00f6\u00dfe 80 x 120 cm.<\/li>\n<li>Einfach mit 2 Schrauben aufzuh\u00e4ngen.<\/li>\n<li>Schnell geliefert.<\/li>\n<li>Gr\u00f6\u00dfte Sammlung in den Benelux-L\u00e4ndern, die auch live betrachtet werden kann.<\/li>\n<\/ul>\n","protected":false},"excerpt":{"rendered":"<p>Vollst\u00e4ndig handgefertigte 3D-Metallmalerei; eine sehr arbeitsintensive Wanddekoration!Sieht in vielen Innenr\u00e4umen gut aus, aber nat\u00fcrlich auch in Ihrem Unternehmen oder im Freien (unter einem Unterstand).Da es handbemalt ist, kann die Farbe leicht vom Foto abweichen, sie sind nie genau gleich.Wir haben auch fast die gesamte Kollektion dieser Serie in unserem Gesch\u00e4ft, das in den Niederlanden einzigartig &hellip;<\/p>\n","protected":false},"featured_media":19642,"template":"","meta":{"_acf_changed":false},"product_brand":[],"product_cat":[419,434,410],"product_tag":[],"class_list":{"0":"post-19645","1":"product","2":"type-product","3":"status-publish","4":"has-post-thumbnail","6":"product_cat-3d-gemaelde-aus-metall","7":"product_cat-3d-gemaelde-aus-metall-im-format-80x120cm","8":"product_cat-gemaelde","10":"first","11":"instock","12":"taxable","13":"shipping-taxable","14":"purchasable","15":"product-type-simple"},"acf":[],"yoast_head":"<!-- This site is optimized with the Yoast SEO plugin v23.8 - https:\/\/yoast.com\/wordpress\/plugins\/seo\/ -->\n<title>3D-Gem\u00e4lde 80x120cm Gitarre - Eliassen<\/title>\n<meta name=\"description\" content=\"Auf der Suche nach einem Metallbild? Bestellen Sie jetzt 3D-Gem\u00e4lde Gitarre. Sie k\u00f6nnen Gem\u00e4lde ganz einfach auf unserer Website kaufen. \u2713 Breites Sortiment ...\" \/>\n<meta name=\"robots\" content=\"noindex, follow, max-snippet:-1, max-image-preview:large, max-video-preview:-1\" \/>\n<meta property=\"og:locale\" content=\"de_DE\" \/>\n<meta property=\"og:type\" content=\"article\" \/>\n<meta property=\"og:title\" content=\"3D-Gem\u00e4lde 80x120cm Gitarre - Eliassen\" \/>\n<meta property=\"og:description\" content=\"Auf der Suche nach einem Metallbild? Bestellen Sie jetzt 3D-Gem\u00e4lde Gitarre. Sie k\u00f6nnen Gem\u00e4lde ganz einfach auf unserer Website kaufen. \u2713 Breites Sortiment ...\" \/>\n<meta property=\"og:url\" content=\"https:\/\/dev.eliassen.nl\/de\/product\/3d-gemalde-80x120cm-gitarre\/\" \/>\n<meta property=\"og:site_name\" content=\"Eliassen.nl\" \/>\n<meta property=\"article:publisher\" content=\"https:\/\/www.facebook.com\/TuincentrumEliassenAmmerzoden\" \/>\n<meta property=\"article:modified_time\" content=\"2024-12-05T14:31:31+00:00\" \/>\n<meta property=\"og:image\" content=\"https:\/\/dev.eliassen.nl\/wp-content\/uploads\/2024\/01\/eliassen3dschilderij80x120cmgitaar.jpg\" \/>\n\t<meta property=\"og:image:width\" content=\"1024\" \/>\n\t<meta property=\"og:image:height\" content=\"787\" \/>\n\t<meta property=\"og:image:type\" content=\"image\/jpeg\" \/>\n<meta name=\"twitter:card\" content=\"summary_large_image\" \/>\n<script type=\"application\/ld+json\" class=\"yoast-schema-graph\">{\"@context\":\"https:\/\/schema.org\",\"@graph\":[{\"@type\":\"WebPage\",\"@id\":\"https:\/\/dev.eliassen.nl\/de\/product\/3d-gemalde-80x120cm-gitarre\/\",\"url\":\"https:\/\/dev.eliassen.nl\/de\/product\/3d-gemalde-80x120cm-gitarre\/\",\"name\":\"3D-Gem\u00e4lde 80x120cm Gitarre - Eliassen\",\"isPartOf\":{\"@id\":\"https:\/\/dev.eliassen.nl\/de\/#website\"},\"primaryImageOfPage\":{\"@id\":\"https:\/\/dev.eliassen.nl\/de\/product\/3d-gemalde-80x120cm-gitarre\/#primaryimage\"},\"image\":{\"@id\":\"https:\/\/dev.eliassen.nl\/de\/product\/3d-gemalde-80x120cm-gitarre\/#primaryimage\"},\"thumbnailUrl\":\"https:\/\/dev.eliassen.nl\/wp-content\/uploads\/2024\/01\/eliassen3dschilderij80x120cmgitaar.jpg\",\"datePublished\":\"2019-10-28T18:27:06+00:00\",\"dateModified\":\"2024-12-05T14:31:31+00:00\",\"description\":\"Auf der Suche nach einem Metallbild? Bestellen Sie jetzt 3D-Gem\u00e4lde Gitarre. Sie k\u00f6nnen Gem\u00e4lde ganz einfach auf unserer Website kaufen. \u2713 Breites Sortiment ...\",\"breadcrumb\":{\"@id\":\"https:\/\/dev.eliassen.nl\/de\/product\/3d-gemalde-80x120cm-gitarre\/#breadcrumb\"},\"inLanguage\":\"de\",\"potentialAction\":[{\"@type\":\"ReadAction\",\"target\":[\"https:\/\/dev.eliassen.nl\/de\/product\/3d-gemalde-80x120cm-gitarre\/\"]}]},{\"@type\":\"ImageObject\",\"inLanguage\":\"de\",\"@id\":\"https:\/\/dev.eliassen.nl\/de\/product\/3d-gemalde-80x120cm-gitarre\/#primaryimage\",\"url\":\"https:\/\/dev.eliassen.nl\/wp-content\/uploads\/2024\/01\/eliassen3dschilderij80x120cmgitaar.jpg\",\"contentUrl\":\"https:\/\/dev.eliassen.nl\/wp-content\/uploads\/2024\/01\/eliassen3dschilderij80x120cmgitaar.jpg\",\"width\":1024,\"height\":787,\"caption\":\"Eliassen 3d schilderij 80x120cm Gitaar\"},{\"@type\":\"BreadcrumbList\",\"@id\":\"https:\/\/dev.eliassen.nl\/de\/product\/3d-gemalde-80x120cm-gitarre\/#breadcrumb\",\"itemListElement\":[{\"@type\":\"ListItem\",\"position\":1,\"name\":\"Home\",\"item\":\"https:\/\/dev.eliassen.nl\/de\/\"},{\"@type\":\"ListItem\",\"position\":2,\"name\":\"Shop\",\"item\":\"https:\/\/dev.eliassen.nl\/nl\/winkel\/\"},{\"@type\":\"ListItem\",\"position\":3,\"name\":\"Gem\u00e4lde\",\"item\":\"https:\/\/dev.eliassen.nl\/de\/gemaelde\/\"},{\"@type\":\"ListItem\",\"position\":4,\"name\":\"3D-Gem\u00e4lde aus Metall\",\"item\":\"https:\/\/dev.eliassen.nl\/de\/gemaelde\/3d-gemaelde-aus-metall\/\"},{\"@type\":\"ListItem\",\"position\":5,\"name\":\"3D-Gem\u00e4lde aus Metall im Format 80x120cm\",\"item\":\"https:\/\/dev.eliassen.nl\/de\/gemaelde\/3d-gemaelde-aus-metall\/3d-gemaelde-aus-metall-im-format-80x120cm\/\"},{\"@type\":\"ListItem\",\"position\":6,\"name\":\"3D-Gem\u00e4lde 80x120cm Gitarre\"}]},{\"@type\":\"WebSite\",\"@id\":\"https:\/\/dev.eliassen.nl\/de\/#website\",\"url\":\"https:\/\/dev.eliassen.nl\/de\/\",\"name\":\"Eliassen Home & Garden Pleasure\",\"description\":\"\",\"publisher\":{\"@id\":\"https:\/\/dev.eliassen.nl\/de\/#organization\"},\"alternateName\":\"Eliassen.nl\",\"potentialAction\":[{\"@type\":\"SearchAction\",\"target\":{\"@type\":\"EntryPoint\",\"urlTemplate\":\"https:\/\/dev.eliassen.nl\/de\/?s={search_term_string}\"},\"query-input\":{\"@type\":\"PropertyValueSpecification\",\"valueRequired\":true,\"valueName\":\"search_term_string\"}}],\"inLanguage\":\"de\"},{\"@type\":\"Organization\",\"@id\":\"https:\/\/dev.eliassen.nl\/de\/#organization\",\"name\":\"Eliassen Home & Garden Pleasure\",\"url\":\"https:\/\/dev.eliassen.nl\/de\/\",\"logo\":{\"@type\":\"ImageObject\",\"inLanguage\":\"de\",\"@id\":\"https:\/\/dev.eliassen.nl\/de\/#\/schema\/logo\/image\/\",\"url\":\"https:\/\/www.eliassen.nl\/wp-content\/uploads\/2024\/01\/logo_4nd.jpg\",\"contentUrl\":\"https:\/\/www.eliassen.nl\/wp-content\/uploads\/2024\/01\/logo_4nd.jpg\",\"width\":500,\"height\":500,\"caption\":\"Eliassen Home & Garden Pleasure\"},\"image\":{\"@id\":\"https:\/\/dev.eliassen.nl\/de\/#\/schema\/logo\/image\/\"},\"sameAs\":[\"https:\/\/www.facebook.com\/TuincentrumEliassenAmmerzoden\",\"https:\/\/www.instagram.com\/eliassenhomeandgarden\/\",\"https:\/\/nl.pinterest.com\/eliassenhomeandgarden\/\",\"https:\/\/www.youtube.com\/@eliassenhomegardenpleasure4558\"]}]}<\/script>\n<!-- \/ Yoast SEO plugin. -->","yoast_head_json":{"title":"3D-Gem\u00e4lde 80x120cm Gitarre - Eliassen","description":"Auf der Suche nach einem Metallbild? Bestellen Sie jetzt 3D-Gem\u00e4lde Gitarre. Sie k\u00f6nnen Gem\u00e4lde ganz einfach auf unserer Website kaufen. \u2713 Breites Sortiment ...","robots":{"index":"noindex","follow":"follow","max-snippet":"max-snippet:-1","max-image-preview":"max-image-preview:large","max-video-preview":"max-video-preview:-1"},"og_locale":"de_DE","og_type":"article","og_title":"3D-Gem\u00e4lde 80x120cm Gitarre - Eliassen","og_description":"Auf der Suche nach einem Metallbild? Bestellen Sie jetzt 3D-Gem\u00e4lde Gitarre. Sie k\u00f6nnen Gem\u00e4lde ganz einfach auf unserer Website kaufen. \u2713 Breites Sortiment ...","og_url":"https:\/\/dev.eliassen.nl\/de\/product\/3d-gemalde-80x120cm-gitarre\/","og_site_name":"Eliassen.nl","article_publisher":"https:\/\/www.facebook.com\/TuincentrumEliassenAmmerzoden","article_modified_time":"2024-12-05T14:31:31+00:00","og_image":[{"width":1024,"height":787,"url":"https:\/\/dev.eliassen.nl\/wp-content\/uploads\/2024\/01\/eliassen3dschilderij80x120cmgitaar.jpg","type":"image\/jpeg"}],"twitter_card":"summary_large_image","schema":{"@context":"https:\/\/schema.org","@graph":[{"@type":"WebPage","@id":"https:\/\/dev.eliassen.nl\/de\/product\/3d-gemalde-80x120cm-gitarre\/","url":"https:\/\/dev.eliassen.nl\/de\/product\/3d-gemalde-80x120cm-gitarre\/","name":"3D-Gem\u00e4lde 80x120cm Gitarre - Eliassen","isPartOf":{"@id":"https:\/\/dev.eliassen.nl\/de\/#website"},"primaryImageOfPage":{"@id":"https:\/\/dev.eliassen.nl\/de\/product\/3d-gemalde-80x120cm-gitarre\/#primaryimage"},"image":{"@id":"https:\/\/dev.eliassen.nl\/de\/product\/3d-gemalde-80x120cm-gitarre\/#primaryimage"},"thumbnailUrl":"https:\/\/dev.eliassen.nl\/wp-content\/uploads\/2024\/01\/eliassen3dschilderij80x120cmgitaar.jpg","datePublished":"2019-10-28T18:27:06+00:00","dateModified":"2024-12-05T14:31:31+00:00","description":"Auf der Suche nach einem Metallbild? Bestellen Sie jetzt 3D-Gem\u00e4lde Gitarre. Sie k\u00f6nnen Gem\u00e4lde ganz einfach auf unserer Website kaufen. \u2713 Breites Sortiment ...","breadcrumb":{"@id":"https:\/\/dev.eliassen.nl\/de\/product\/3d-gemalde-80x120cm-gitarre\/#breadcrumb"},"inLanguage":"de","potentialAction":[{"@type":"ReadAction","target":["https:\/\/dev.eliassen.nl\/de\/product\/3d-gemalde-80x120cm-gitarre\/"]}]},{"@type":"ImageObject","inLanguage":"de","@id":"https:\/\/dev.eliassen.nl\/de\/product\/3d-gemalde-80x120cm-gitarre\/#primaryimage","url":"https:\/\/dev.eliassen.nl\/wp-content\/uploads\/2024\/01\/eliassen3dschilderij80x120cmgitaar.jpg","contentUrl":"https:\/\/dev.eliassen.nl\/wp-content\/uploads\/2024\/01\/eliassen3dschilderij80x120cmgitaar.jpg","width":1024,"height":787,"caption":"Eliassen 3d schilderij 80x120cm Gitaar"},{"@type":"BreadcrumbList","@id":"https:\/\/dev.eliassen.nl\/de\/product\/3d-gemalde-80x120cm-gitarre\/#breadcrumb","itemListElement":[{"@type":"ListItem","position":1,"name":"Home","item":"https:\/\/dev.eliassen.nl\/de\/"},{"@type":"ListItem","position":2,"name":"Shop","item":"https:\/\/dev.eliassen.nl\/nl\/winkel\/"},{"@type":"ListItem","position":3,"name":"Gem\u00e4lde","item":"https:\/\/dev.eliassen.nl\/de\/gemaelde\/"},{"@type":"ListItem","position":4,"name":"3D-Gem\u00e4lde aus Metall","item":"https:\/\/dev.eliassen.nl\/de\/gemaelde\/3d-gemaelde-aus-metall\/"},{"@type":"ListItem","position":5,"name":"3D-Gem\u00e4lde aus Metall im Format 80x120cm","item":"https:\/\/dev.eliassen.nl\/de\/gemaelde\/3d-gemaelde-aus-metall\/3d-gemaelde-aus-metall-im-format-80x120cm\/"},{"@type":"ListItem","position":6,"name":"3D-Gem\u00e4lde 80x120cm Gitarre"}]},{"@type":"WebSite","@id":"https:\/\/dev.eliassen.nl\/de\/#website","url":"https:\/\/dev.eliassen.nl\/de\/","name":"Eliassen Home & Garden Pleasure","description":"","publisher":{"@id":"https:\/\/dev.eliassen.nl\/de\/#organization"},"alternateName":"Eliassen.nl","potentialAction":[{"@type":"SearchAction","target":{"@type":"EntryPoint","urlTemplate":"https:\/\/dev.eliassen.nl\/de\/?s={search_term_string}"},"query-input":{"@type":"PropertyValueSpecification","valueRequired":true,"valueName":"search_term_string"}}],"inLanguage":"de"},{"@type":"Organization","@id":"https:\/\/dev.eliassen.nl\/de\/#organization","name":"Eliassen Home & Garden Pleasure","url":"https:\/\/dev.eliassen.nl\/de\/","logo":{"@type":"ImageObject","inLanguage":"de","@id":"https:\/\/dev.eliassen.nl\/de\/#\/schema\/logo\/image\/","url":"https:\/\/www.eliassen.nl\/wp-content\/uploads\/2024\/01\/logo_4nd.jpg","contentUrl":"https:\/\/www.eliassen.nl\/wp-content\/uploads\/2024\/01\/logo_4nd.jpg","width":500,"height":500,"caption":"Eliassen Home & Garden Pleasure"},"image":{"@id":"https:\/\/dev.eliassen.nl\/de\/#\/schema\/logo\/image\/"},"sameAs":["https:\/\/www.facebook.com\/TuincentrumEliassenAmmerzoden","https:\/\/www.instagram.com\/eliassenhomeandgarden\/","https:\/\/nl.pinterest.com\/eliassenhomeandgarden\/","https:\/\/www.youtube.com\/@eliassenhomegardenpleasure4558"]}]}},"df_price":199,"df_sale_price":"","df_regular_price":199,"df_image_link":"https:\/\/dev.eliassen.nl\/wp-content\/uploads\/2024\/01\/eliassen3dschilderij80x120cmgitaar.jpg","image":"https:\/\/dev.eliassen.nl\/wp-content\/uploads\/2024\/01\/eliassen3dschilderij80x120cmgitaar.jpg","price_search":"<span class=\"woocommerce-Price-amount amount\"><bdi><span class=\"woocommerce-Price-currencySymbol\">&euro;<\/span>&nbsp;199,00<\/bdi><\/span>","category":"3D-Gem\u00e4lde aus Metall","_links":{"self":[{"href":"https:\/\/dev.eliassen.nl\/de\/wp-json\/wp\/v2\/product\/19645","targetHints":{"allow":["GET"]}}],"collection":[{"href":"https:\/\/dev.eliassen.nl\/de\/wp-json\/wp\/v2\/product"}],"about":[{"href":"https:\/\/dev.eliassen.nl\/de\/wp-json\/wp\/v2\/types\/product"}],"wp:featuredmedia":[{"embeddable":true,"href":"https:\/\/dev.eliassen.nl\/de\/wp-json\/wp\/v2\/media\/19642"}],"wp:attachment":[{"href":"https:\/\/dev.eliassen.nl\/de\/wp-json\/wp\/v2\/media?parent=19645"}],"wp:term":[{"taxonomy":"product_brand","embeddable":true,"href":"https:\/\/dev.eliassen.nl\/de\/wp-json\/wp\/v2\/product_brand?post=19645"},{"taxonomy":"product_cat","embeddable":true,"href":"https:\/\/dev.eliassen.nl\/de\/wp-json\/wp\/v2\/product_cat?post=19645"},{"taxonomy":"product_tag","embeddable":true,"href":"https:\/\/dev.eliassen.nl\/de\/wp-json\/wp\/v2\/product_tag?post=19645"}],"curies":[{"name":"wp","href":"https:\/\/api.w.org\/{rel}","templated":true}]}}