{"id":19660,"date":"2019-10-28T19:27:12","date_gmt":"2019-10-28T18:27:12","guid":{"rendered":"https:\/\/www.eliassen.nl\/?product=innenvase-bacan-38x60cm"},"modified":"2024-12-05T15:31:32","modified_gmt":"2024-12-05T14:31:32","slug":"innenvase-bacan-38x60cm","status":"publish","type":"product","link":"https:\/\/dev.eliassen.nl\/de\/product\/innenvase-bacan-38x60cm\/","title":{"rendered":"Innenvase Bacan 38x60cm"},"content":{"rendered":"<p>Bringen Sie pure Sch\u00f6nheit in Ihr Zuhause oder Ihren Arbeitsplatz mit dieser hochmodernen Hochglanz-Serie 60cm Vase.<\/p>\n<p>Hergestellt aus sehr starkem Fiberglas, sehr pr\u00e4zise mit Bananenblattbl\u00f6cken bedeckt, wundersch\u00f6n verarbeitet mit einem superstarken und steinhart gl\u00e4nzenden klaren Epoxidharz von super Qualit\u00e4t. Fiberglas besteht aus Fiberglasmatten, gemischt mit Polyester-Epoxidharz. Dieses Modell ist ein super sch\u00f6nes und exklusives Dekorationsst\u00fcck in jedem Interieur oder Arbeitsplatz.<\/p>\n<p><strong>Diese Serie ist auch in unserem Shop zu sehen.<\/strong><\/p>\n<ul>\n<li>Gr\u00f6\u00dfe: 38x60cm hoch<\/li>\n<li>Wegen \u00dcberblasen nur f\u00fcr den Innenbereich geeignet<\/li>\n<li>Material: Polyester Fiberglas<\/li>\n<li>Eigener Bestand<\/li>\n<li>3 Jahre Garantie, ausgenommen Sch\u00e4den von au\u00dfen<\/li>\n<li>UV-best\u00e4ndig<\/li>\n<li>Eigener Bestand<\/li>\n<li>Schnell geliefert<\/li>\n<li>Verpackt in einem stabilen Karton<\/li>\n<\/ul>\n","protected":false},"excerpt":{"rendered":"<p>Bringen Sie pure Sch\u00f6nheit in Ihr Zuhause oder Ihren Arbeitsplatz mit dieser hochmodernen Hochglanz-Serie 60cm Vase. Hergestellt aus sehr starkem Fiberglas, sehr pr\u00e4zise mit Bananenblattbl\u00f6cken bedeckt, wundersch\u00f6n verarbeitet mit einem superstarken und steinhart gl\u00e4nzenden klaren Epoxidharz von super Qualit\u00e4t. Fiberglas besteht aus Fiberglasmatten, gemischt mit Polyester-Epoxidharz. Dieses Modell ist ein super sch\u00f6nes und exklusives Dekorationsst\u00fcck &hellip;<\/p>\n","protected":false},"featured_media":19657,"template":"","meta":{"_acf_changed":false},"product_brand":[],"product_cat":[722,725],"product_tag":[],"class_list":{"0":"post-19660","1":"product","2":"type-product","3":"status-publish","4":"has-post-thumbnail","6":"product_cat-blumentoepfe-und-pflanzgefaesse","7":"product_cat-vasen-und-toepfe-im-modernen-design","9":"first","10":"instock","11":"taxable","12":"shipping-taxable","13":"purchasable","14":"product-type-simple"},"acf":[],"yoast_head":"<!-- This site is optimized with the Yoast SEO plugin v23.8 - https:\/\/yoast.com\/wordpress\/plugins\/seo\/ -->\n<title>Innenvase Bacan 38x60cm - Eliassen<\/title>\n<meta name=\"description\" content=\"Auf der Suche nach einer Vase? Bestellen Sie jetzt Interior Vaas Bacan. Auf unserer Website k\u00f6nnen Sie ganz einfach einen Blumentopf kaufen. \u2713 Gro\u00dfes Sortime...\" \/>\n<meta name=\"robots\" content=\"noindex, follow, max-snippet:-1, max-image-preview:large, max-video-preview:-1\" \/>\n<meta property=\"og:locale\" content=\"de_DE\" \/>\n<meta property=\"og:type\" content=\"article\" \/>\n<meta property=\"og:title\" content=\"Innenvase Bacan 38x60cm - Eliassen\" \/>\n<meta property=\"og:description\" content=\"Auf der Suche nach einer Vase? Bestellen Sie jetzt Interior Vaas Bacan. Auf unserer Website k\u00f6nnen Sie ganz einfach einen Blumentopf kaufen. \u2713 Gro\u00dfes Sortime...\" \/>\n<meta property=\"og:url\" content=\"https:\/\/dev.eliassen.nl\/de\/product\/innenvase-bacan-38x60cm\/\" \/>\n<meta property=\"og:site_name\" content=\"Eliassen.nl\" \/>\n<meta property=\"article:publisher\" content=\"https:\/\/www.facebook.com\/TuincentrumEliassenAmmerzoden\" \/>\n<meta property=\"article:modified_time\" content=\"2024-12-05T14:31:32+00:00\" \/>\n<meta property=\"og:image\" content=\"https:\/\/dev.eliassen.nl\/wp-content\/uploads\/2024\/01\/eliasseninterieurvaasbacan38x60cm.jpg\" \/>\n\t<meta property=\"og:image:width\" content=\"352\" \/>\n\t<meta property=\"og:image:height\" content=\"575\" \/>\n\t<meta property=\"og:image:type\" content=\"image\/jpeg\" \/>\n<meta name=\"twitter:card\" content=\"summary_large_image\" \/>\n<script type=\"application\/ld+json\" class=\"yoast-schema-graph\">{\"@context\":\"https:\/\/schema.org\",\"@graph\":[{\"@type\":\"WebPage\",\"@id\":\"https:\/\/dev.eliassen.nl\/de\/product\/innenvase-bacan-38x60cm\/\",\"url\":\"https:\/\/dev.eliassen.nl\/de\/product\/innenvase-bacan-38x60cm\/\",\"name\":\"Innenvase Bacan 38x60cm - Eliassen\",\"isPartOf\":{\"@id\":\"https:\/\/dev.eliassen.nl\/de\/#website\"},\"primaryImageOfPage\":{\"@id\":\"https:\/\/dev.eliassen.nl\/de\/product\/innenvase-bacan-38x60cm\/#primaryimage\"},\"image\":{\"@id\":\"https:\/\/dev.eliassen.nl\/de\/product\/innenvase-bacan-38x60cm\/#primaryimage\"},\"thumbnailUrl\":\"https:\/\/dev.eliassen.nl\/wp-content\/uploads\/2024\/01\/eliasseninterieurvaasbacan38x60cm.jpg\",\"datePublished\":\"2019-10-28T18:27:12+00:00\",\"dateModified\":\"2024-12-05T14:31:32+00:00\",\"description\":\"Auf der Suche nach einer Vase? Bestellen Sie jetzt Interior Vaas Bacan. Auf unserer Website k\u00f6nnen Sie ganz einfach einen Blumentopf kaufen. \u2713 Gro\u00dfes Sortime...\",\"breadcrumb\":{\"@id\":\"https:\/\/dev.eliassen.nl\/de\/product\/innenvase-bacan-38x60cm\/#breadcrumb\"},\"inLanguage\":\"de\",\"potentialAction\":[{\"@type\":\"ReadAction\",\"target\":[\"https:\/\/dev.eliassen.nl\/de\/product\/innenvase-bacan-38x60cm\/\"]}]},{\"@type\":\"ImageObject\",\"inLanguage\":\"de\",\"@id\":\"https:\/\/dev.eliassen.nl\/de\/product\/innenvase-bacan-38x60cm\/#primaryimage\",\"url\":\"https:\/\/dev.eliassen.nl\/wp-content\/uploads\/2024\/01\/eliasseninterieurvaasbacan38x60cm.jpg\",\"contentUrl\":\"https:\/\/dev.eliassen.nl\/wp-content\/uploads\/2024\/01\/eliasseninterieurvaasbacan38x60cm.jpg\",\"width\":352,\"height\":575,\"caption\":\"Eliassen Interieur Vaas Bacan 38x60cm\"},{\"@type\":\"BreadcrumbList\",\"@id\":\"https:\/\/dev.eliassen.nl\/de\/product\/innenvase-bacan-38x60cm\/#breadcrumb\",\"itemListElement\":[{\"@type\":\"ListItem\",\"position\":1,\"name\":\"Home\",\"item\":\"https:\/\/dev.eliassen.nl\/de\/\"},{\"@type\":\"ListItem\",\"position\":2,\"name\":\"Shop\",\"item\":\"https:\/\/dev.eliassen.nl\/nl\/winkel\/\"},{\"@type\":\"ListItem\",\"position\":3,\"name\":\"Blument\u00f6pfe und Pflanzgef\u00e4\u00dfe\",\"item\":\"https:\/\/dev.eliassen.nl\/de\/blumentoepfe-und-pflanzgefaesse\/\"},{\"@type\":\"ListItem\",\"position\":4,\"name\":\"Vasen und T\u00f6pfe im modernen Design\",\"item\":\"https:\/\/dev.eliassen.nl\/de\/blumentoepfe-und-pflanzgefaesse\/vasen-und-toepfe-im-modernen-design\/\"},{\"@type\":\"ListItem\",\"position\":5,\"name\":\"Innenvase Bacan 38x60cm\"}]},{\"@type\":\"WebSite\",\"@id\":\"https:\/\/dev.eliassen.nl\/de\/#website\",\"url\":\"https:\/\/dev.eliassen.nl\/de\/\",\"name\":\"Eliassen Home & Garden Pleasure\",\"description\":\"\",\"publisher\":{\"@id\":\"https:\/\/dev.eliassen.nl\/de\/#organization\"},\"alternateName\":\"Eliassen.nl\",\"potentialAction\":[{\"@type\":\"SearchAction\",\"target\":{\"@type\":\"EntryPoint\",\"urlTemplate\":\"https:\/\/dev.eliassen.nl\/de\/?s={search_term_string}\"},\"query-input\":{\"@type\":\"PropertyValueSpecification\",\"valueRequired\":true,\"valueName\":\"search_term_string\"}}],\"inLanguage\":\"de\"},{\"@type\":\"Organization\",\"@id\":\"https:\/\/dev.eliassen.nl\/de\/#organization\",\"name\":\"Eliassen Home & Garden Pleasure\",\"url\":\"https:\/\/dev.eliassen.nl\/de\/\",\"logo\":{\"@type\":\"ImageObject\",\"inLanguage\":\"de\",\"@id\":\"https:\/\/dev.eliassen.nl\/de\/#\/schema\/logo\/image\/\",\"url\":\"https:\/\/www.eliassen.nl\/wp-content\/uploads\/2024\/01\/logo_4nd.jpg\",\"contentUrl\":\"https:\/\/www.eliassen.nl\/wp-content\/uploads\/2024\/01\/logo_4nd.jpg\",\"width\":500,\"height\":500,\"caption\":\"Eliassen Home & Garden Pleasure\"},\"image\":{\"@id\":\"https:\/\/dev.eliassen.nl\/de\/#\/schema\/logo\/image\/\"},\"sameAs\":[\"https:\/\/www.facebook.com\/TuincentrumEliassenAmmerzoden\",\"https:\/\/www.instagram.com\/eliassenhomeandgarden\/\",\"https:\/\/nl.pinterest.com\/eliassenhomeandgarden\/\",\"https:\/\/www.youtube.com\/@eliassenhomegardenpleasure4558\"]}]}<\/script>\n<!-- \/ Yoast SEO plugin. -->","yoast_head_json":{"title":"Innenvase Bacan 38x60cm - Eliassen","description":"Auf der Suche nach einer Vase? Bestellen Sie jetzt Interior Vaas Bacan. Auf unserer Website k\u00f6nnen Sie ganz einfach einen Blumentopf kaufen. \u2713 Gro\u00dfes Sortime...","robots":{"index":"noindex","follow":"follow","max-snippet":"max-snippet:-1","max-image-preview":"max-image-preview:large","max-video-preview":"max-video-preview:-1"},"og_locale":"de_DE","og_type":"article","og_title":"Innenvase Bacan 38x60cm - Eliassen","og_description":"Auf der Suche nach einer Vase? Bestellen Sie jetzt Interior Vaas Bacan. Auf unserer Website k\u00f6nnen Sie ganz einfach einen Blumentopf kaufen. \u2713 Gro\u00dfes Sortime...","og_url":"https:\/\/dev.eliassen.nl\/de\/product\/innenvase-bacan-38x60cm\/","og_site_name":"Eliassen.nl","article_publisher":"https:\/\/www.facebook.com\/TuincentrumEliassenAmmerzoden","article_modified_time":"2024-12-05T14:31:32+00:00","og_image":[{"width":352,"height":575,"url":"https:\/\/dev.eliassen.nl\/wp-content\/uploads\/2024\/01\/eliasseninterieurvaasbacan38x60cm.jpg","type":"image\/jpeg"}],"twitter_card":"summary_large_image","schema":{"@context":"https:\/\/schema.org","@graph":[{"@type":"WebPage","@id":"https:\/\/dev.eliassen.nl\/de\/product\/innenvase-bacan-38x60cm\/","url":"https:\/\/dev.eliassen.nl\/de\/product\/innenvase-bacan-38x60cm\/","name":"Innenvase Bacan 38x60cm - Eliassen","isPartOf":{"@id":"https:\/\/dev.eliassen.nl\/de\/#website"},"primaryImageOfPage":{"@id":"https:\/\/dev.eliassen.nl\/de\/product\/innenvase-bacan-38x60cm\/#primaryimage"},"image":{"@id":"https:\/\/dev.eliassen.nl\/de\/product\/innenvase-bacan-38x60cm\/#primaryimage"},"thumbnailUrl":"https:\/\/dev.eliassen.nl\/wp-content\/uploads\/2024\/01\/eliasseninterieurvaasbacan38x60cm.jpg","datePublished":"2019-10-28T18:27:12+00:00","dateModified":"2024-12-05T14:31:32+00:00","description":"Auf der Suche nach einer Vase? Bestellen Sie jetzt Interior Vaas Bacan. Auf unserer Website k\u00f6nnen Sie ganz einfach einen Blumentopf kaufen. \u2713 Gro\u00dfes Sortime...","breadcrumb":{"@id":"https:\/\/dev.eliassen.nl\/de\/product\/innenvase-bacan-38x60cm\/#breadcrumb"},"inLanguage":"de","potentialAction":[{"@type":"ReadAction","target":["https:\/\/dev.eliassen.nl\/de\/product\/innenvase-bacan-38x60cm\/"]}]},{"@type":"ImageObject","inLanguage":"de","@id":"https:\/\/dev.eliassen.nl\/de\/product\/innenvase-bacan-38x60cm\/#primaryimage","url":"https:\/\/dev.eliassen.nl\/wp-content\/uploads\/2024\/01\/eliasseninterieurvaasbacan38x60cm.jpg","contentUrl":"https:\/\/dev.eliassen.nl\/wp-content\/uploads\/2024\/01\/eliasseninterieurvaasbacan38x60cm.jpg","width":352,"height":575,"caption":"Eliassen Interieur Vaas Bacan 38x60cm"},{"@type":"BreadcrumbList","@id":"https:\/\/dev.eliassen.nl\/de\/product\/innenvase-bacan-38x60cm\/#breadcrumb","itemListElement":[{"@type":"ListItem","position":1,"name":"Home","item":"https:\/\/dev.eliassen.nl\/de\/"},{"@type":"ListItem","position":2,"name":"Shop","item":"https:\/\/dev.eliassen.nl\/nl\/winkel\/"},{"@type":"ListItem","position":3,"name":"Blument\u00f6pfe und Pflanzgef\u00e4\u00dfe","item":"https:\/\/dev.eliassen.nl\/de\/blumentoepfe-und-pflanzgefaesse\/"},{"@type":"ListItem","position":4,"name":"Vasen und T\u00f6pfe im modernen Design","item":"https:\/\/dev.eliassen.nl\/de\/blumentoepfe-und-pflanzgefaesse\/vasen-und-toepfe-im-modernen-design\/"},{"@type":"ListItem","position":5,"name":"Innenvase Bacan 38x60cm"}]},{"@type":"WebSite","@id":"https:\/\/dev.eliassen.nl\/de\/#website","url":"https:\/\/dev.eliassen.nl\/de\/","name":"Eliassen Home & Garden Pleasure","description":"","publisher":{"@id":"https:\/\/dev.eliassen.nl\/de\/#organization"},"alternateName":"Eliassen.nl","potentialAction":[{"@type":"SearchAction","target":{"@type":"EntryPoint","urlTemplate":"https:\/\/dev.eliassen.nl\/de\/?s={search_term_string}"},"query-input":{"@type":"PropertyValueSpecification","valueRequired":true,"valueName":"search_term_string"}}],"inLanguage":"de"},{"@type":"Organization","@id":"https:\/\/dev.eliassen.nl\/de\/#organization","name":"Eliassen Home & Garden Pleasure","url":"https:\/\/dev.eliassen.nl\/de\/","logo":{"@type":"ImageObject","inLanguage":"de","@id":"https:\/\/dev.eliassen.nl\/de\/#\/schema\/logo\/image\/","url":"https:\/\/www.eliassen.nl\/wp-content\/uploads\/2024\/01\/logo_4nd.jpg","contentUrl":"https:\/\/www.eliassen.nl\/wp-content\/uploads\/2024\/01\/logo_4nd.jpg","width":500,"height":500,"caption":"Eliassen Home & Garden Pleasure"},"image":{"@id":"https:\/\/dev.eliassen.nl\/de\/#\/schema\/logo\/image\/"},"sameAs":["https:\/\/www.facebook.com\/TuincentrumEliassenAmmerzoden","https:\/\/www.instagram.com\/eliassenhomeandgarden\/","https:\/\/nl.pinterest.com\/eliassenhomeandgarden\/","https:\/\/www.youtube.com\/@eliassenhomegardenpleasure4558"]}]}},"df_price":295,"df_sale_price":"","df_regular_price":295,"df_image_link":"https:\/\/dev.eliassen.nl\/wp-content\/uploads\/2024\/01\/eliasseninterieurvaasbacan38x60cm.jpg","image":"https:\/\/dev.eliassen.nl\/wp-content\/uploads\/2024\/01\/eliasseninterieurvaasbacan38x60cm.jpg","price_search":"<span class=\"woocommerce-Price-amount amount\"><bdi><span class=\"woocommerce-Price-currencySymbol\">&euro;<\/span>&nbsp;295,00<\/bdi><\/span>","category":"Blument\u00f6pfe und Pflanzgef\u00e4\u00dfe","_links":{"self":[{"href":"https:\/\/dev.eliassen.nl\/de\/wp-json\/wp\/v2\/product\/19660","targetHints":{"allow":["GET"]}}],"collection":[{"href":"https:\/\/dev.eliassen.nl\/de\/wp-json\/wp\/v2\/product"}],"about":[{"href":"https:\/\/dev.eliassen.nl\/de\/wp-json\/wp\/v2\/types\/product"}],"wp:featuredmedia":[{"embeddable":true,"href":"https:\/\/dev.eliassen.nl\/de\/wp-json\/wp\/v2\/media\/19657"}],"wp:attachment":[{"href":"https:\/\/dev.eliassen.nl\/de\/wp-json\/wp\/v2\/media?parent=19660"}],"wp:term":[{"taxonomy":"product_brand","embeddable":true,"href":"https:\/\/dev.eliassen.nl\/de\/wp-json\/wp\/v2\/product_brand?post=19660"},{"taxonomy":"product_cat","embeddable":true,"href":"https:\/\/dev.eliassen.nl\/de\/wp-json\/wp\/v2\/product_cat?post=19660"},{"taxonomy":"product_tag","embeddable":true,"href":"https:\/\/dev.eliassen.nl\/de\/wp-json\/wp\/v2\/product_tag?post=19660"}],"curies":[{"name":"wp","href":"https:\/\/api.w.org\/{rel}","templated":true}]}}