{"id":19768,"date":"2019-10-28T19:31:15","date_gmt":"2019-10-28T18:31:15","guid":{"rendered":"https:\/\/www.eliassen.nl\/?product=der-bosch-leinwand-gemaelde-80x120cm"},"modified":"2024-12-05T15:31:46","modified_gmt":"2024-12-05T14:31:46","slug":"leinwandbild-den-bosch-80x120cm","status":"publish","type":"product","link":"https:\/\/dev.eliassen.nl\/de\/product\/leinwandbild-den-bosch-80x120cm\/","title":{"rendered":"Leinwandbild Den Bosch 80x120cm"},"content":{"rendered":"<p>Speziell f\u00fcr Sie gekauft, diese Bereicherung f\u00fcr Ihr Zuhause, diese Wanddekoration mit einem gestochen scharfen Foto der Kathedrale St. Johannes in Den Bosch, das sehr fein auf starke Leinwand gedruckt ist. Das Foto setzt sich auch \u00fcber die Seiten fort. Leinwand ist auf einen starken, 4 cm dicken Holzrahmen gespannt, mit Verst\u00e4rkungen, die es der Vergangenheit angeh\u00f6ren lassen. Einfach mit einer Schraube aufzuh\u00e4ngen.<br \/>Wir haben auch fast die gesamte Kollektion dieses Shops im Laden, ungef\u00e4hr 1200 Modelle, also z\u00f6gern Sie nicht, diese Kollektion bei uns anzusehen.<\/p>\n<ul>\n<li>Gr\u00f6\u00dfe: 120 x 80 cm.<\/li>\n<li>Dicker Holzrahmen.<\/li>\n<li>Schnell geliefert.<\/li>\n<li>Nur f\u00fcr den Innengebrauch.<\/li>\n<li>Nirgendwo zu verkaufen<\/li>\n<li>Ein einzigartiges St\u00fcck Wanddekoration.<\/li>\n<\/ul>\n","protected":false},"excerpt":{"rendered":"<p>Speziell f\u00fcr Sie gekauft, diese Bereicherung f\u00fcr Ihr Zuhause, diese Wanddekoration mit einem gestochen scharfen Foto der Kathedrale St. Johannes in Den Bosch, das sehr fein auf starke Leinwand gedruckt ist. Das Foto setzt sich auch \u00fcber die Seiten fort. Leinwand ist auf einen starken, 4 cm dicken Holzrahmen gespannt, mit Verst\u00e4rkungen, die es der &hellip;<\/p>\n","protected":false},"featured_media":19765,"template":"","meta":{"_acf_changed":false},"product_brand":[],"product_cat":[410,476,413],"product_tag":[],"class_list":{"0":"post-19768","1":"product","2":"type-product","3":"status-publish","4":"has-post-thumbnail","6":"product_cat-gemaelde","7":"product_cat-gemaelde-auf-leinwand","8":"product_cat-gemaelde-outlet","10":"first","11":"instock","12":"sale","13":"taxable","14":"shipping-taxable","15":"purchasable","16":"product-type-simple"},"acf":[],"yoast_head":"<!-- This site is optimized with the Yoast SEO plugin v23.8 - https:\/\/yoast.com\/wordpress\/plugins\/seo\/ -->\n<title>Leinwandbild Den Bosch 80x120cm | Eliassen<\/title>\n<meta name=\"description\" content=\"Bei Eliassen k\u00f6nnen Sie das Leinwandbild Den Bosch 80x120cm online kaufen oder live im Showroom ansehen. Direkt online bestellen.\" \/>\n<meta name=\"robots\" content=\"noindex, follow, max-snippet:-1, max-image-preview:large, max-video-preview:-1\" \/>\n<meta property=\"og:locale\" content=\"de_DE\" \/>\n<meta property=\"og:type\" content=\"article\" \/>\n<meta property=\"og:title\" content=\"Leinwandbild Den Bosch 80x120cm | Eliassen\" \/>\n<meta property=\"og:description\" content=\"Bei Eliassen k\u00f6nnen Sie das Leinwandbild Den Bosch 80x120cm online kaufen oder live im Showroom ansehen. Direkt online bestellen.\" \/>\n<meta property=\"og:url\" content=\"https:\/\/dev.eliassen.nl\/de\/product\/leinwandbild-den-bosch-80x120cm\/\" \/>\n<meta property=\"og:site_name\" content=\"Eliassen.nl\" \/>\n<meta property=\"article:publisher\" content=\"https:\/\/www.facebook.com\/TuincentrumEliassenAmmerzoden\" \/>\n<meta property=\"article:modified_time\" content=\"2024-12-05T14:31:46+00:00\" \/>\n<meta property=\"og:image\" content=\"https:\/\/dev.eliassen.nl\/wp-content\/uploads\/2024\/01\/shutterstock547428736.jpg\" \/>\n\t<meta property=\"og:image:width\" content=\"1024\" \/>\n\t<meta property=\"og:image:height\" content=\"682\" \/>\n\t<meta property=\"og:image:type\" content=\"image\/jpeg\" \/>\n<meta name=\"twitter:card\" content=\"summary_large_image\" \/>\n<script type=\"application\/ld+json\" class=\"yoast-schema-graph\">{\"@context\":\"https:\/\/schema.org\",\"@graph\":[{\"@type\":\"WebPage\",\"@id\":\"https:\/\/dev.eliassen.nl\/de\/product\/leinwandbild-den-bosch-80x120cm\/\",\"url\":\"https:\/\/dev.eliassen.nl\/de\/product\/leinwandbild-den-bosch-80x120cm\/\",\"name\":\"Leinwandbild Den Bosch 80x120cm | Eliassen\",\"isPartOf\":{\"@id\":\"https:\/\/dev.eliassen.nl\/de\/#website\"},\"primaryImageOfPage\":{\"@id\":\"https:\/\/dev.eliassen.nl\/de\/product\/leinwandbild-den-bosch-80x120cm\/#primaryimage\"},\"image\":{\"@id\":\"https:\/\/dev.eliassen.nl\/de\/product\/leinwandbild-den-bosch-80x120cm\/#primaryimage\"},\"thumbnailUrl\":\"https:\/\/dev.eliassen.nl\/wp-content\/uploads\/2024\/01\/shutterstock547428736.jpg\",\"datePublished\":\"2019-10-28T18:31:15+00:00\",\"dateModified\":\"2024-12-05T14:31:46+00:00\",\"description\":\"Bei Eliassen k\u00f6nnen Sie das Leinwandbild Den Bosch 80x120cm online kaufen oder live im Showroom ansehen. Direkt online bestellen.\",\"breadcrumb\":{\"@id\":\"https:\/\/dev.eliassen.nl\/de\/product\/leinwandbild-den-bosch-80x120cm\/#breadcrumb\"},\"inLanguage\":\"de\",\"potentialAction\":[{\"@type\":\"ReadAction\",\"target\":[\"https:\/\/dev.eliassen.nl\/de\/product\/leinwandbild-den-bosch-80x120cm\/\"]}]},{\"@type\":\"ImageObject\",\"inLanguage\":\"de\",\"@id\":\"https:\/\/dev.eliassen.nl\/de\/product\/leinwandbild-den-bosch-80x120cm\/#primaryimage\",\"url\":\"https:\/\/dev.eliassen.nl\/wp-content\/uploads\/2024\/01\/shutterstock547428736.jpg\",\"contentUrl\":\"https:\/\/dev.eliassen.nl\/wp-content\/uploads\/2024\/01\/shutterstock547428736.jpg\",\"width\":1024,\"height\":682,\"caption\":\"shutterstock-547428736\"},{\"@type\":\"BreadcrumbList\",\"@id\":\"https:\/\/dev.eliassen.nl\/de\/product\/leinwandbild-den-bosch-80x120cm\/#breadcrumb\",\"itemListElement\":[{\"@type\":\"ListItem\",\"position\":1,\"name\":\"Home\",\"item\":\"https:\/\/dev.eliassen.nl\/de\/\"},{\"@type\":\"ListItem\",\"position\":2,\"name\":\"Shop\",\"item\":\"https:\/\/dev.eliassen.nl\/nl\/winkel\/\"},{\"@type\":\"ListItem\",\"position\":3,\"name\":\"Gem\u00e4lde\",\"item\":\"https:\/\/dev.eliassen.nl\/de\/gemaelde\/\"},{\"@type\":\"ListItem\",\"position\":4,\"name\":\"Gem\u00e4lde auf Leinwand\",\"item\":\"https:\/\/dev.eliassen.nl\/de\/gemaelde\/gemaelde-auf-leinwand\/\"},{\"@type\":\"ListItem\",\"position\":5,\"name\":\"Leinwandbild Den Bosch 80x120cm\"}]},{\"@type\":\"WebSite\",\"@id\":\"https:\/\/dev.eliassen.nl\/de\/#website\",\"url\":\"https:\/\/dev.eliassen.nl\/de\/\",\"name\":\"Eliassen Home & Garden Pleasure\",\"description\":\"\",\"publisher\":{\"@id\":\"https:\/\/dev.eliassen.nl\/de\/#organization\"},\"alternateName\":\"Eliassen.nl\",\"potentialAction\":[{\"@type\":\"SearchAction\",\"target\":{\"@type\":\"EntryPoint\",\"urlTemplate\":\"https:\/\/dev.eliassen.nl\/de\/?s={search_term_string}\"},\"query-input\":{\"@type\":\"PropertyValueSpecification\",\"valueRequired\":true,\"valueName\":\"search_term_string\"}}],\"inLanguage\":\"de\"},{\"@type\":\"Organization\",\"@id\":\"https:\/\/dev.eliassen.nl\/de\/#organization\",\"name\":\"Eliassen Home & Garden Pleasure\",\"url\":\"https:\/\/dev.eliassen.nl\/de\/\",\"logo\":{\"@type\":\"ImageObject\",\"inLanguage\":\"de\",\"@id\":\"https:\/\/dev.eliassen.nl\/de\/#\/schema\/logo\/image\/\",\"url\":\"https:\/\/www.eliassen.nl\/wp-content\/uploads\/2024\/01\/logo_4nd.jpg\",\"contentUrl\":\"https:\/\/www.eliassen.nl\/wp-content\/uploads\/2024\/01\/logo_4nd.jpg\",\"width\":500,\"height\":500,\"caption\":\"Eliassen Home & Garden Pleasure\"},\"image\":{\"@id\":\"https:\/\/dev.eliassen.nl\/de\/#\/schema\/logo\/image\/\"},\"sameAs\":[\"https:\/\/www.facebook.com\/TuincentrumEliassenAmmerzoden\",\"https:\/\/www.instagram.com\/eliassenhomeandgarden\/\",\"https:\/\/nl.pinterest.com\/eliassenhomeandgarden\/\",\"https:\/\/www.youtube.com\/@eliassenhomegardenpleasure4558\"]}]}<\/script>\n<!-- \/ Yoast SEO plugin. -->","yoast_head_json":{"title":"Leinwandbild Den Bosch 80x120cm | Eliassen","description":"Bei Eliassen k\u00f6nnen Sie das Leinwandbild Den Bosch 80x120cm online kaufen oder live im Showroom ansehen. Direkt online bestellen.","robots":{"index":"noindex","follow":"follow","max-snippet":"max-snippet:-1","max-image-preview":"max-image-preview:large","max-video-preview":"max-video-preview:-1"},"og_locale":"de_DE","og_type":"article","og_title":"Leinwandbild Den Bosch 80x120cm | Eliassen","og_description":"Bei Eliassen k\u00f6nnen Sie das Leinwandbild Den Bosch 80x120cm online kaufen oder live im Showroom ansehen. Direkt online bestellen.","og_url":"https:\/\/dev.eliassen.nl\/de\/product\/leinwandbild-den-bosch-80x120cm\/","og_site_name":"Eliassen.nl","article_publisher":"https:\/\/www.facebook.com\/TuincentrumEliassenAmmerzoden","article_modified_time":"2024-12-05T14:31:46+00:00","og_image":[{"width":1024,"height":682,"url":"https:\/\/dev.eliassen.nl\/wp-content\/uploads\/2024\/01\/shutterstock547428736.jpg","type":"image\/jpeg"}],"twitter_card":"summary_large_image","schema":{"@context":"https:\/\/schema.org","@graph":[{"@type":"WebPage","@id":"https:\/\/dev.eliassen.nl\/de\/product\/leinwandbild-den-bosch-80x120cm\/","url":"https:\/\/dev.eliassen.nl\/de\/product\/leinwandbild-den-bosch-80x120cm\/","name":"Leinwandbild Den Bosch 80x120cm | Eliassen","isPartOf":{"@id":"https:\/\/dev.eliassen.nl\/de\/#website"},"primaryImageOfPage":{"@id":"https:\/\/dev.eliassen.nl\/de\/product\/leinwandbild-den-bosch-80x120cm\/#primaryimage"},"image":{"@id":"https:\/\/dev.eliassen.nl\/de\/product\/leinwandbild-den-bosch-80x120cm\/#primaryimage"},"thumbnailUrl":"https:\/\/dev.eliassen.nl\/wp-content\/uploads\/2024\/01\/shutterstock547428736.jpg","datePublished":"2019-10-28T18:31:15+00:00","dateModified":"2024-12-05T14:31:46+00:00","description":"Bei Eliassen k\u00f6nnen Sie das Leinwandbild Den Bosch 80x120cm online kaufen oder live im Showroom ansehen. Direkt online bestellen.","breadcrumb":{"@id":"https:\/\/dev.eliassen.nl\/de\/product\/leinwandbild-den-bosch-80x120cm\/#breadcrumb"},"inLanguage":"de","potentialAction":[{"@type":"ReadAction","target":["https:\/\/dev.eliassen.nl\/de\/product\/leinwandbild-den-bosch-80x120cm\/"]}]},{"@type":"ImageObject","inLanguage":"de","@id":"https:\/\/dev.eliassen.nl\/de\/product\/leinwandbild-den-bosch-80x120cm\/#primaryimage","url":"https:\/\/dev.eliassen.nl\/wp-content\/uploads\/2024\/01\/shutterstock547428736.jpg","contentUrl":"https:\/\/dev.eliassen.nl\/wp-content\/uploads\/2024\/01\/shutterstock547428736.jpg","width":1024,"height":682,"caption":"shutterstock-547428736"},{"@type":"BreadcrumbList","@id":"https:\/\/dev.eliassen.nl\/de\/product\/leinwandbild-den-bosch-80x120cm\/#breadcrumb","itemListElement":[{"@type":"ListItem","position":1,"name":"Home","item":"https:\/\/dev.eliassen.nl\/de\/"},{"@type":"ListItem","position":2,"name":"Shop","item":"https:\/\/dev.eliassen.nl\/nl\/winkel\/"},{"@type":"ListItem","position":3,"name":"Gem\u00e4lde","item":"https:\/\/dev.eliassen.nl\/de\/gemaelde\/"},{"@type":"ListItem","position":4,"name":"Gem\u00e4lde auf Leinwand","item":"https:\/\/dev.eliassen.nl\/de\/gemaelde\/gemaelde-auf-leinwand\/"},{"@type":"ListItem","position":5,"name":"Leinwandbild Den Bosch 80x120cm"}]},{"@type":"WebSite","@id":"https:\/\/dev.eliassen.nl\/de\/#website","url":"https:\/\/dev.eliassen.nl\/de\/","name":"Eliassen Home & Garden Pleasure","description":"","publisher":{"@id":"https:\/\/dev.eliassen.nl\/de\/#organization"},"alternateName":"Eliassen.nl","potentialAction":[{"@type":"SearchAction","target":{"@type":"EntryPoint","urlTemplate":"https:\/\/dev.eliassen.nl\/de\/?s={search_term_string}"},"query-input":{"@type":"PropertyValueSpecification","valueRequired":true,"valueName":"search_term_string"}}],"inLanguage":"de"},{"@type":"Organization","@id":"https:\/\/dev.eliassen.nl\/de\/#organization","name":"Eliassen Home & Garden Pleasure","url":"https:\/\/dev.eliassen.nl\/de\/","logo":{"@type":"ImageObject","inLanguage":"de","@id":"https:\/\/dev.eliassen.nl\/de\/#\/schema\/logo\/image\/","url":"https:\/\/www.eliassen.nl\/wp-content\/uploads\/2024\/01\/logo_4nd.jpg","contentUrl":"https:\/\/www.eliassen.nl\/wp-content\/uploads\/2024\/01\/logo_4nd.jpg","width":500,"height":500,"caption":"Eliassen Home & Garden Pleasure"},"image":{"@id":"https:\/\/dev.eliassen.nl\/de\/#\/schema\/logo\/image\/"},"sameAs":["https:\/\/www.facebook.com\/TuincentrumEliassenAmmerzoden","https:\/\/www.instagram.com\/eliassenhomeandgarden\/","https:\/\/nl.pinterest.com\/eliassenhomeandgarden\/","https:\/\/www.youtube.com\/@eliassenhomegardenpleasure4558"]}]}},"df_price":58,"df_sale_price":58,"df_regular_price":72.5,"df_image_link":"https:\/\/dev.eliassen.nl\/wp-content\/uploads\/2024\/01\/shutterstock547428736.jpg","image":"https:\/\/dev.eliassen.nl\/wp-content\/uploads\/2024\/01\/shutterstock547428736.jpg","price_search":"<span class=\"woocommerce-Price-amount amount\"><bdi><span class=\"woocommerce-Price-currencySymbol\">&euro;<\/span>&nbsp;58,00<\/bdi><\/span>","category":"Gem\u00e4lde","_links":{"self":[{"href":"https:\/\/dev.eliassen.nl\/de\/wp-json\/wp\/v2\/product\/19768","targetHints":{"allow":["GET"]}}],"collection":[{"href":"https:\/\/dev.eliassen.nl\/de\/wp-json\/wp\/v2\/product"}],"about":[{"href":"https:\/\/dev.eliassen.nl\/de\/wp-json\/wp\/v2\/types\/product"}],"wp:featuredmedia":[{"embeddable":true,"href":"https:\/\/dev.eliassen.nl\/de\/wp-json\/wp\/v2\/media\/19765"}],"wp:attachment":[{"href":"https:\/\/dev.eliassen.nl\/de\/wp-json\/wp\/v2\/media?parent=19768"}],"wp:term":[{"taxonomy":"product_brand","embeddable":true,"href":"https:\/\/dev.eliassen.nl\/de\/wp-json\/wp\/v2\/product_brand?post=19768"},{"taxonomy":"product_cat","embeddable":true,"href":"https:\/\/dev.eliassen.nl\/de\/wp-json\/wp\/v2\/product_cat?post=19768"},{"taxonomy":"product_tag","embeddable":true,"href":"https:\/\/dev.eliassen.nl\/de\/wp-json\/wp\/v2\/product_tag?post=19768"}],"curies":[{"name":"wp","href":"https:\/\/api.w.org\/{rel}","templated":true}]}}