{"id":19843,"date":"2019-10-28T19:32:10","date_gmt":"2019-10-28T18:32:10","guid":{"rendered":"https:\/\/www.eliassen.nl\/?product=bild-fussballer-henri-studio"},"modified":"2024-12-05T15:31:53","modified_gmt":"2024-12-05T14:31:53","slug":"bild-fussballer-henri-studio","status":"publish","type":"product","link":"https:\/\/dev.eliassen.nl\/de\/product\/bild-fussballer-henri-studio\/","title":{"rendered":"Bild Fu\u00dfballer Henri Studio"},"content":{"rendered":"<p>Eine lustig geformte Steinstatue f\u00fcr den Innen- oder Au\u00dfenbereich eines jungen Fu\u00dfballspielers. Dies ist eine amerikanische Statue mit Modellschutz der Studiomarke Henri aus Amerika. Die Statue ist komplett aus bestem Kunststein gefertigt, ein Garant f\u00fcr jahrelange Freude.<\/p>\n<ul>\n<li>Gr\u00f6\u00dfe: 53 cm hoch, Fu\u00dfdurchmesser 23 cm<\/li>\n<li>Marke: Henri Studio<\/li>\n<li>Garantie: 5 Jahre<\/li>\n<li><strong>Auch in unserem Fall zu sehen<\/strong> .<\/li>\n<\/ul>\n","protected":false},"excerpt":{"rendered":"<p>Eine lustig geformte Steinstatue f\u00fcr den Innen- oder Au\u00dfenbereich eines jungen Fu\u00dfballspielers. Dies ist eine amerikanische Statue mit Modellschutz der Studiomarke Henri aus Amerika. Die Statue ist komplett aus bestem Kunststein gefertigt, ein Garant f\u00fcr jahrelange Freude. Gr\u00f6\u00dfe: 53 cm hoch, Fu\u00dfdurchmesser 23 cm Marke: Henri Studio Garantie: 5 Jahre Auch in unserem Fall zu &hellip;<\/p>\n","protected":false},"featured_media":19831,"template":"","meta":{"_acf_changed":false},"product_brand":[6924],"product_cat":[704,677,1355,7076],"product_tag":[],"class_list":{"0":"post-19843","1":"product","2":"type-product","3":"status-publish","4":"has-post-thumbnail","6":"product_brand-henri-studio-de","7":"product_cat-andere-modelle-gartenstatuen","8":"product_cat-betonstatuen","9":"product_cat-sportdekoration","10":"product_cat-statues-figures","12":"first","13":"instock","14":"taxable","15":"shipping-taxable","16":"purchasable","17":"product-type-simple"},"acf":[],"yoast_head":"<!-- This site is optimized with the Yoast SEO plugin v23.8 - https:\/\/yoast.com\/wordpress\/plugins\/seo\/ -->\n<title>Steinstatue Fu\u00dfballspieler aus Kunststein - Eliassen.nl<\/title>\n<meta name=\"description\" content=\"Steinstatue Fu\u00dfballspieler aus Gussstein der Marke Henri Studio. Sehen Sie sich unsere gro\u00dfe Sammlung von Steinstatuen in unserem Webshop an.\" \/>\n<meta name=\"robots\" content=\"noindex, follow, max-snippet:-1, max-image-preview:large, max-video-preview:-1\" \/>\n<meta property=\"og:locale\" content=\"de_DE\" \/>\n<meta property=\"og:type\" content=\"article\" \/>\n<meta property=\"og:title\" content=\"Steinstatue Fu\u00dfballspieler aus Kunststein - Eliassen.nl\" \/>\n<meta property=\"og:description\" content=\"Steinstatue Fu\u00dfballspieler aus Gussstein der Marke Henri Studio. Sehen Sie sich unsere gro\u00dfe Sammlung von Steinstatuen in unserem Webshop an.\" \/>\n<meta property=\"og:url\" content=\"https:\/\/dev.eliassen.nl\/de\/product\/bild-fussballer-henri-studio\/\" \/>\n<meta property=\"og:site_name\" content=\"Eliassen.nl\" \/>\n<meta property=\"article:publisher\" content=\"https:\/\/www.facebook.com\/TuincentrumEliassenAmmerzoden\" \/>\n<meta property=\"article:modified_time\" content=\"2024-12-05T14:31:53+00:00\" \/>\n<meta property=\"og:image\" content=\"https:\/\/dev.eliassen.nl\/wp-content\/uploads\/2024\/01\/henristudiobeeldvoetballerhenristudioeliasse.png\" \/>\n\t<meta property=\"og:image:width\" content=\"490\" \/>\n\t<meta property=\"og:image:height\" content=\"967\" \/>\n\t<meta property=\"og:image:type\" content=\"image\/png\" \/>\n<meta name=\"twitter:card\" content=\"summary_large_image\" \/>\n<script type=\"application\/ld+json\" class=\"yoast-schema-graph\">{\"@context\":\"https:\/\/schema.org\",\"@graph\":[{\"@type\":\"WebPage\",\"@id\":\"https:\/\/dev.eliassen.nl\/de\/product\/bild-fussballer-henri-studio\/\",\"url\":\"https:\/\/dev.eliassen.nl\/de\/product\/bild-fussballer-henri-studio\/\",\"name\":\"Steinstatue Fu\u00dfballspieler aus Kunststein - Eliassen.nl\",\"isPartOf\":{\"@id\":\"https:\/\/dev.eliassen.nl\/de\/#website\"},\"primaryImageOfPage\":{\"@id\":\"https:\/\/dev.eliassen.nl\/de\/product\/bild-fussballer-henri-studio\/#primaryimage\"},\"image\":{\"@id\":\"https:\/\/dev.eliassen.nl\/de\/product\/bild-fussballer-henri-studio\/#primaryimage\"},\"thumbnailUrl\":\"https:\/\/dev.eliassen.nl\/wp-content\/uploads\/2024\/01\/henristudiobeeldvoetballerhenristudioeliasse.png\",\"datePublished\":\"2019-10-28T18:32:10+00:00\",\"dateModified\":\"2024-12-05T14:31:53+00:00\",\"description\":\"Steinstatue Fu\u00dfballspieler aus Gussstein der Marke Henri Studio. Sehen Sie sich unsere gro\u00dfe Sammlung von Steinstatuen in unserem Webshop an.\",\"breadcrumb\":{\"@id\":\"https:\/\/dev.eliassen.nl\/de\/product\/bild-fussballer-henri-studio\/#breadcrumb\"},\"inLanguage\":\"de\",\"potentialAction\":[{\"@type\":\"ReadAction\",\"target\":[\"https:\/\/dev.eliassen.nl\/de\/product\/bild-fussballer-henri-studio\/\"]}]},{\"@type\":\"ImageObject\",\"inLanguage\":\"de\",\"@id\":\"https:\/\/dev.eliassen.nl\/de\/product\/bild-fussballer-henri-studio\/#primaryimage\",\"url\":\"https:\/\/dev.eliassen.nl\/wp-content\/uploads\/2024\/01\/henristudiobeeldvoetballerhenristudioeliasse.png\",\"contentUrl\":\"https:\/\/dev.eliassen.nl\/wp-content\/uploads\/2024\/01\/henristudiobeeldvoetballerhenristudioeliasse.png\",\"width\":490,\"height\":967,\"caption\":\"Henri Studio Beeld Voetballer Henri Studio eliassen.nl\"},{\"@type\":\"BreadcrumbList\",\"@id\":\"https:\/\/dev.eliassen.nl\/de\/product\/bild-fussballer-henri-studio\/#breadcrumb\",\"itemListElement\":[{\"@type\":\"ListItem\",\"position\":1,\"name\":\"Home\",\"item\":\"https:\/\/dev.eliassen.nl\/de\/\"},{\"@type\":\"ListItem\",\"position\":2,\"name\":\"Shop\",\"item\":\"https:\/\/dev.eliassen.nl\/nl\/winkel\/\"},{\"@type\":\"ListItem\",\"position\":3,\"name\":\"Statuen-Skulpturen\",\"item\":\"https:\/\/dev.eliassen.nl\/de\/statuen-skulpturen\/\"},{\"@type\":\"ListItem\",\"position\":4,\"name\":\"Betonstatuen\",\"item\":\"https:\/\/dev.eliassen.nl\/de\/bilder\/betonstatuen\/\"},{\"@type\":\"ListItem\",\"position\":5,\"name\":\"Andere Modelle Gartenstatuen\",\"item\":\"https:\/\/dev.eliassen.nl\/de\/bilder\/betonstatuen\/andere-modelle-gartenstatuen\/\"},{\"@type\":\"ListItem\",\"position\":6,\"name\":\"Bild Fu\u00dfballer Henri Studio\"}]},{\"@type\":\"WebSite\",\"@id\":\"https:\/\/dev.eliassen.nl\/de\/#website\",\"url\":\"https:\/\/dev.eliassen.nl\/de\/\",\"name\":\"Eliassen Home & Garden Pleasure\",\"description\":\"\",\"publisher\":{\"@id\":\"https:\/\/dev.eliassen.nl\/de\/#organization\"},\"alternateName\":\"Eliassen.nl\",\"potentialAction\":[{\"@type\":\"SearchAction\",\"target\":{\"@type\":\"EntryPoint\",\"urlTemplate\":\"https:\/\/dev.eliassen.nl\/de\/?s={search_term_string}\"},\"query-input\":{\"@type\":\"PropertyValueSpecification\",\"valueRequired\":true,\"valueName\":\"search_term_string\"}}],\"inLanguage\":\"de\"},{\"@type\":\"Organization\",\"@id\":\"https:\/\/dev.eliassen.nl\/de\/#organization\",\"name\":\"Eliassen Home & Garden Pleasure\",\"url\":\"https:\/\/dev.eliassen.nl\/de\/\",\"logo\":{\"@type\":\"ImageObject\",\"inLanguage\":\"de\",\"@id\":\"https:\/\/dev.eliassen.nl\/de\/#\/schema\/logo\/image\/\",\"url\":\"https:\/\/www.eliassen.nl\/wp-content\/uploads\/2024\/01\/logo_4nd.jpg\",\"contentUrl\":\"https:\/\/www.eliassen.nl\/wp-content\/uploads\/2024\/01\/logo_4nd.jpg\",\"width\":500,\"height\":500,\"caption\":\"Eliassen Home & Garden Pleasure\"},\"image\":{\"@id\":\"https:\/\/dev.eliassen.nl\/de\/#\/schema\/logo\/image\/\"},\"sameAs\":[\"https:\/\/www.facebook.com\/TuincentrumEliassenAmmerzoden\",\"https:\/\/www.instagram.com\/eliassenhomeandgarden\/\",\"https:\/\/nl.pinterest.com\/eliassenhomeandgarden\/\",\"https:\/\/www.youtube.com\/@eliassenhomegardenpleasure4558\"]}]}<\/script>\n<!-- \/ Yoast SEO plugin. -->","yoast_head_json":{"title":"Steinstatue Fu\u00dfballspieler aus Kunststein - Eliassen.nl","description":"Steinstatue Fu\u00dfballspieler aus Gussstein der Marke Henri Studio. Sehen Sie sich unsere gro\u00dfe Sammlung von Steinstatuen in unserem Webshop an.","robots":{"index":"noindex","follow":"follow","max-snippet":"max-snippet:-1","max-image-preview":"max-image-preview:large","max-video-preview":"max-video-preview:-1"},"og_locale":"de_DE","og_type":"article","og_title":"Steinstatue Fu\u00dfballspieler aus Kunststein - Eliassen.nl","og_description":"Steinstatue Fu\u00dfballspieler aus Gussstein der Marke Henri Studio. Sehen Sie sich unsere gro\u00dfe Sammlung von Steinstatuen in unserem Webshop an.","og_url":"https:\/\/dev.eliassen.nl\/de\/product\/bild-fussballer-henri-studio\/","og_site_name":"Eliassen.nl","article_publisher":"https:\/\/www.facebook.com\/TuincentrumEliassenAmmerzoden","article_modified_time":"2024-12-05T14:31:53+00:00","og_image":[{"width":490,"height":967,"url":"https:\/\/dev.eliassen.nl\/wp-content\/uploads\/2024\/01\/henristudiobeeldvoetballerhenristudioeliasse.png","type":"image\/png"}],"twitter_card":"summary_large_image","schema":{"@context":"https:\/\/schema.org","@graph":[{"@type":"WebPage","@id":"https:\/\/dev.eliassen.nl\/de\/product\/bild-fussballer-henri-studio\/","url":"https:\/\/dev.eliassen.nl\/de\/product\/bild-fussballer-henri-studio\/","name":"Steinstatue Fu\u00dfballspieler aus Kunststein - Eliassen.nl","isPartOf":{"@id":"https:\/\/dev.eliassen.nl\/de\/#website"},"primaryImageOfPage":{"@id":"https:\/\/dev.eliassen.nl\/de\/product\/bild-fussballer-henri-studio\/#primaryimage"},"image":{"@id":"https:\/\/dev.eliassen.nl\/de\/product\/bild-fussballer-henri-studio\/#primaryimage"},"thumbnailUrl":"https:\/\/dev.eliassen.nl\/wp-content\/uploads\/2024\/01\/henristudiobeeldvoetballerhenristudioeliasse.png","datePublished":"2019-10-28T18:32:10+00:00","dateModified":"2024-12-05T14:31:53+00:00","description":"Steinstatue Fu\u00dfballspieler aus Gussstein der Marke Henri Studio. Sehen Sie sich unsere gro\u00dfe Sammlung von Steinstatuen in unserem Webshop an.","breadcrumb":{"@id":"https:\/\/dev.eliassen.nl\/de\/product\/bild-fussballer-henri-studio\/#breadcrumb"},"inLanguage":"de","potentialAction":[{"@type":"ReadAction","target":["https:\/\/dev.eliassen.nl\/de\/product\/bild-fussballer-henri-studio\/"]}]},{"@type":"ImageObject","inLanguage":"de","@id":"https:\/\/dev.eliassen.nl\/de\/product\/bild-fussballer-henri-studio\/#primaryimage","url":"https:\/\/dev.eliassen.nl\/wp-content\/uploads\/2024\/01\/henristudiobeeldvoetballerhenristudioeliasse.png","contentUrl":"https:\/\/dev.eliassen.nl\/wp-content\/uploads\/2024\/01\/henristudiobeeldvoetballerhenristudioeliasse.png","width":490,"height":967,"caption":"Henri Studio Beeld Voetballer Henri Studio eliassen.nl"},{"@type":"BreadcrumbList","@id":"https:\/\/dev.eliassen.nl\/de\/product\/bild-fussballer-henri-studio\/#breadcrumb","itemListElement":[{"@type":"ListItem","position":1,"name":"Home","item":"https:\/\/dev.eliassen.nl\/de\/"},{"@type":"ListItem","position":2,"name":"Shop","item":"https:\/\/dev.eliassen.nl\/nl\/winkel\/"},{"@type":"ListItem","position":3,"name":"Statuen-Skulpturen","item":"https:\/\/dev.eliassen.nl\/de\/statuen-skulpturen\/"},{"@type":"ListItem","position":4,"name":"Betonstatuen","item":"https:\/\/dev.eliassen.nl\/de\/bilder\/betonstatuen\/"},{"@type":"ListItem","position":5,"name":"Andere Modelle Gartenstatuen","item":"https:\/\/dev.eliassen.nl\/de\/bilder\/betonstatuen\/andere-modelle-gartenstatuen\/"},{"@type":"ListItem","position":6,"name":"Bild Fu\u00dfballer Henri Studio"}]},{"@type":"WebSite","@id":"https:\/\/dev.eliassen.nl\/de\/#website","url":"https:\/\/dev.eliassen.nl\/de\/","name":"Eliassen Home & Garden Pleasure","description":"","publisher":{"@id":"https:\/\/dev.eliassen.nl\/de\/#organization"},"alternateName":"Eliassen.nl","potentialAction":[{"@type":"SearchAction","target":{"@type":"EntryPoint","urlTemplate":"https:\/\/dev.eliassen.nl\/de\/?s={search_term_string}"},"query-input":{"@type":"PropertyValueSpecification","valueRequired":true,"valueName":"search_term_string"}}],"inLanguage":"de"},{"@type":"Organization","@id":"https:\/\/dev.eliassen.nl\/de\/#organization","name":"Eliassen Home & Garden Pleasure","url":"https:\/\/dev.eliassen.nl\/de\/","logo":{"@type":"ImageObject","inLanguage":"de","@id":"https:\/\/dev.eliassen.nl\/de\/#\/schema\/logo\/image\/","url":"https:\/\/www.eliassen.nl\/wp-content\/uploads\/2024\/01\/logo_4nd.jpg","contentUrl":"https:\/\/www.eliassen.nl\/wp-content\/uploads\/2024\/01\/logo_4nd.jpg","width":500,"height":500,"caption":"Eliassen Home & Garden Pleasure"},"image":{"@id":"https:\/\/dev.eliassen.nl\/de\/#\/schema\/logo\/image\/"},"sameAs":["https:\/\/www.facebook.com\/TuincentrumEliassenAmmerzoden","https:\/\/www.instagram.com\/eliassenhomeandgarden\/","https:\/\/nl.pinterest.com\/eliassenhomeandgarden\/","https:\/\/www.youtube.com\/@eliassenhomegardenpleasure4558"]}]}},"df_price":125,"df_sale_price":"","df_regular_price":125,"df_image_link":"https:\/\/dev.eliassen.nl\/wp-content\/uploads\/2024\/01\/henristudiobeeldvoetballerhenristudioeliasse.png","image":"https:\/\/dev.eliassen.nl\/wp-content\/uploads\/2024\/01\/henristudiobeeldvoetballerhenristudioeliasse.png","price_search":"<span class=\"woocommerce-Price-amount amount\"><bdi><span class=\"woocommerce-Price-currencySymbol\">&euro;<\/span>&nbsp;125,00<\/bdi><\/span>","category":"Andere Modelle Gartenstatuen","_links":{"self":[{"href":"https:\/\/dev.eliassen.nl\/de\/wp-json\/wp\/v2\/product\/19843","targetHints":{"allow":["GET"]}}],"collection":[{"href":"https:\/\/dev.eliassen.nl\/de\/wp-json\/wp\/v2\/product"}],"about":[{"href":"https:\/\/dev.eliassen.nl\/de\/wp-json\/wp\/v2\/types\/product"}],"wp:featuredmedia":[{"embeddable":true,"href":"https:\/\/dev.eliassen.nl\/de\/wp-json\/wp\/v2\/media\/19831"}],"wp:attachment":[{"href":"https:\/\/dev.eliassen.nl\/de\/wp-json\/wp\/v2\/media?parent=19843"}],"wp:term":[{"taxonomy":"product_brand","embeddable":true,"href":"https:\/\/dev.eliassen.nl\/de\/wp-json\/wp\/v2\/product_brand?post=19843"},{"taxonomy":"product_cat","embeddable":true,"href":"https:\/\/dev.eliassen.nl\/de\/wp-json\/wp\/v2\/product_cat?post=19843"},{"taxonomy":"product_tag","embeddable":true,"href":"https:\/\/dev.eliassen.nl\/de\/wp-json\/wp\/v2\/product_tag?post=19843"}],"curies":[{"name":"wp","href":"https:\/\/api.w.org\/{rel}","templated":true}]}}