{"id":20068,"date":"2019-10-28T19:41:57","date_gmt":"2019-10-28T18:41:57","guid":{"rendered":"https:\/\/www.eliassen.nl\/?product=metallwanddekoration-grosse-sonne"},"modified":"2024-12-05T15:32:16","modified_gmt":"2024-12-05T14:32:16","slug":"metallwanddekoration-sonne-gross","status":"publish","type":"product","link":"https:\/\/dev.eliassen.nl\/de\/product\/metallwanddekoration-sonne-gross\/","title":{"rendered":"Metallwanddekoration Sonne gro\u00df"},"content":{"rendered":"<p>Diese dreidimensionale Metallwanddekoration passt wunderbar zu jedem modernen Interieur oder Arbeitsplatz. Dieses Modell mit gro\u00dfer Sonne wird ein attraktives und zeitloses St\u00fcck Wanddekoration und ein echter Hingucker sein.<br \/>Da es sich um menschliche Arbeit handelt, kann das Foto in Bezug auf die Farbe geringf\u00fcgig von der tats\u00e4chlichen Kopie abweichen.<\/p>\n<p><strong>Wir haben auch fast die gesamte Kollektion dieser Serie im Laden, die in den Niederlanden einzigartig ist.<\/strong><br \/><strong>Nirgendwo sonst finden Sie eine so gro\u00dfe Sammlung. Bitte.<\/strong><\/p>\n<ul>\n<li>Gr\u00f6\u00dfe: Durchmesser 92cm<\/li>\n<li>Material: Metall<\/li>\n<li>Einfach mit 1 oder 2 Schrauben aufzuh\u00e4ngen<\/li>\n<li>Schnell geliefert<\/li>\n<li>Gr\u00f6\u00dfte Sammlung in den Benelux-L\u00e4ndern, die auch live angesehen werden kann.<\/li>\n<\/ul>\n","protected":false},"excerpt":{"rendered":"<p>Diese dreidimensionale Metallwanddekoration passt wunderbar zu jedem modernen Interieur oder Arbeitsplatz. Dieses Modell mit gro\u00dfer Sonne wird ein attraktives und zeitloses St\u00fcck Wanddekoration und ein echter Hingucker sein.Da es sich um menschliche Arbeit handelt, kann das Foto in Bezug auf die Farbe geringf\u00fcgig von der tats\u00e4chlichen Kopie abweichen. Wir haben auch fast die gesamte Kollektion &hellip;<\/p>\n","protected":false},"featured_media":20065,"template":"","meta":{"_acf_changed":false},"product_brand":[],"product_cat":[512,509],"product_tag":[],"class_list":{"0":"post-20068","1":"product","2":"type-product","3":"status-publish","4":"has-post-thumbnail","6":"product_cat-3d-wanddekoration-ohne-rahmen","7":"product_cat-wanddekoration","9":"first","10":"instock","11":"taxable","12":"shipping-taxable","13":"purchasable","14":"product-type-simple"},"acf":[],"yoast_head":"<!-- This site is optimized with the Yoast SEO plugin v23.8 - https:\/\/yoast.com\/wordpress\/plugins\/seo\/ -->\n<title>Metallwanddekoration Sonne gro\u00df - Eliassen<\/title>\n<meta name=\"description\" content=\"Auf der Suche nach einer Wanddekoration? Jetzt bestellen Metallwanddekoration Sonne gro\u00df. Sie k\u00f6nnen leicht Wanddekoration auf unserer Website kaufen. \u2713 Gro\u00df...\" \/>\n<meta name=\"robots\" content=\"noindex, follow, max-snippet:-1, max-image-preview:large, max-video-preview:-1\" \/>\n<meta property=\"og:locale\" content=\"de_DE\" \/>\n<meta property=\"og:type\" content=\"article\" \/>\n<meta property=\"og:title\" content=\"Metallwanddekoration Sonne gro\u00df - Eliassen\" \/>\n<meta property=\"og:description\" content=\"Auf der Suche nach einer Wanddekoration? Jetzt bestellen Metallwanddekoration Sonne gro\u00df. Sie k\u00f6nnen leicht Wanddekoration auf unserer Website kaufen. \u2713 Gro\u00df...\" \/>\n<meta property=\"og:url\" content=\"https:\/\/dev.eliassen.nl\/de\/product\/metallwanddekoration-sonne-gross\/\" \/>\n<meta property=\"og:site_name\" content=\"Eliassen.nl\" \/>\n<meta property=\"article:publisher\" content=\"https:\/\/www.facebook.com\/TuincentrumEliassenAmmerzoden\" \/>\n<meta property=\"article:modified_time\" content=\"2024-12-05T14:32:16+00:00\" \/>\n<meta property=\"og:image\" content=\"https:\/\/dev.eliassen.nl\/wp-content\/uploads\/2024\/01\/eliassenmetalenmuurdecoratiezongroot.jpg\" \/>\n\t<meta property=\"og:image:width\" content=\"1000\" \/>\n\t<meta property=\"og:image:height\" content=\"750\" \/>\n\t<meta property=\"og:image:type\" content=\"image\/jpeg\" \/>\n<meta name=\"twitter:card\" content=\"summary_large_image\" \/>\n<script type=\"application\/ld+json\" class=\"yoast-schema-graph\">{\"@context\":\"https:\/\/schema.org\",\"@graph\":[{\"@type\":\"WebPage\",\"@id\":\"https:\/\/dev.eliassen.nl\/de\/product\/metallwanddekoration-sonne-gross\/\",\"url\":\"https:\/\/dev.eliassen.nl\/de\/product\/metallwanddekoration-sonne-gross\/\",\"name\":\"Metallwanddekoration Sonne gro\u00df - Eliassen\",\"isPartOf\":{\"@id\":\"https:\/\/dev.eliassen.nl\/de\/#website\"},\"primaryImageOfPage\":{\"@id\":\"https:\/\/dev.eliassen.nl\/de\/product\/metallwanddekoration-sonne-gross\/#primaryimage\"},\"image\":{\"@id\":\"https:\/\/dev.eliassen.nl\/de\/product\/metallwanddekoration-sonne-gross\/#primaryimage\"},\"thumbnailUrl\":\"https:\/\/dev.eliassen.nl\/wp-content\/uploads\/2024\/01\/eliassenmetalenmuurdecoratiezongroot.jpg\",\"datePublished\":\"2019-10-28T18:41:57+00:00\",\"dateModified\":\"2024-12-05T14:32:16+00:00\",\"description\":\"Auf der Suche nach einer Wanddekoration? Jetzt bestellen Metallwanddekoration Sonne gro\u00df. Sie k\u00f6nnen leicht Wanddekoration auf unserer Website kaufen. \u2713 Gro\u00df...\",\"breadcrumb\":{\"@id\":\"https:\/\/dev.eliassen.nl\/de\/product\/metallwanddekoration-sonne-gross\/#breadcrumb\"},\"inLanguage\":\"de\",\"potentialAction\":[{\"@type\":\"ReadAction\",\"target\":[\"https:\/\/dev.eliassen.nl\/de\/product\/metallwanddekoration-sonne-gross\/\"]}]},{\"@type\":\"ImageObject\",\"inLanguage\":\"de\",\"@id\":\"https:\/\/dev.eliassen.nl\/de\/product\/metallwanddekoration-sonne-gross\/#primaryimage\",\"url\":\"https:\/\/dev.eliassen.nl\/wp-content\/uploads\/2024\/01\/eliassenmetalenmuurdecoratiezongroot.jpg\",\"contentUrl\":\"https:\/\/dev.eliassen.nl\/wp-content\/uploads\/2024\/01\/eliassenmetalenmuurdecoratiezongroot.jpg\",\"width\":1000,\"height\":750,\"caption\":\"Eliassen Metalen muurdecoratie Zon groot\"},{\"@type\":\"BreadcrumbList\",\"@id\":\"https:\/\/dev.eliassen.nl\/de\/product\/metallwanddekoration-sonne-gross\/#breadcrumb\",\"itemListElement\":[{\"@type\":\"ListItem\",\"position\":1,\"name\":\"Home\",\"item\":\"https:\/\/dev.eliassen.nl\/de\/\"},{\"@type\":\"ListItem\",\"position\":2,\"name\":\"Shop\",\"item\":\"https:\/\/dev.eliassen.nl\/nl\/winkel\/\"},{\"@type\":\"ListItem\",\"position\":3,\"name\":\"Wanddekoration\",\"item\":\"https:\/\/dev.eliassen.nl\/de\/wanddekoration\/\"},{\"@type\":\"ListItem\",\"position\":4,\"name\":\"3D-Wanddekoration ohne Rahmen\",\"item\":\"https:\/\/dev.eliassen.nl\/de\/wanddekoration\/3d-wanddekoration-ohne-rahmen\/\"},{\"@type\":\"ListItem\",\"position\":5,\"name\":\"Metallwanddekoration Sonne gro\u00df\"}]},{\"@type\":\"WebSite\",\"@id\":\"https:\/\/dev.eliassen.nl\/de\/#website\",\"url\":\"https:\/\/dev.eliassen.nl\/de\/\",\"name\":\"Eliassen Home & Garden Pleasure\",\"description\":\"\",\"publisher\":{\"@id\":\"https:\/\/dev.eliassen.nl\/de\/#organization\"},\"alternateName\":\"Eliassen.nl\",\"potentialAction\":[{\"@type\":\"SearchAction\",\"target\":{\"@type\":\"EntryPoint\",\"urlTemplate\":\"https:\/\/dev.eliassen.nl\/de\/?s={search_term_string}\"},\"query-input\":{\"@type\":\"PropertyValueSpecification\",\"valueRequired\":true,\"valueName\":\"search_term_string\"}}],\"inLanguage\":\"de\"},{\"@type\":\"Organization\",\"@id\":\"https:\/\/dev.eliassen.nl\/de\/#organization\",\"name\":\"Eliassen Home & Garden Pleasure\",\"url\":\"https:\/\/dev.eliassen.nl\/de\/\",\"logo\":{\"@type\":\"ImageObject\",\"inLanguage\":\"de\",\"@id\":\"https:\/\/dev.eliassen.nl\/de\/#\/schema\/logo\/image\/\",\"url\":\"https:\/\/www.eliassen.nl\/wp-content\/uploads\/2024\/01\/logo_4nd.jpg\",\"contentUrl\":\"https:\/\/www.eliassen.nl\/wp-content\/uploads\/2024\/01\/logo_4nd.jpg\",\"width\":500,\"height\":500,\"caption\":\"Eliassen Home & Garden Pleasure\"},\"image\":{\"@id\":\"https:\/\/dev.eliassen.nl\/de\/#\/schema\/logo\/image\/\"},\"sameAs\":[\"https:\/\/www.facebook.com\/TuincentrumEliassenAmmerzoden\",\"https:\/\/www.instagram.com\/eliassenhomeandgarden\/\",\"https:\/\/nl.pinterest.com\/eliassenhomeandgarden\/\",\"https:\/\/www.youtube.com\/@eliassenhomegardenpleasure4558\"]}]}<\/script>\n<!-- \/ Yoast SEO plugin. -->","yoast_head_json":{"title":"Metallwanddekoration Sonne gro\u00df - Eliassen","description":"Auf der Suche nach einer Wanddekoration? Jetzt bestellen Metallwanddekoration Sonne gro\u00df. Sie k\u00f6nnen leicht Wanddekoration auf unserer Website kaufen. \u2713 Gro\u00df...","robots":{"index":"noindex","follow":"follow","max-snippet":"max-snippet:-1","max-image-preview":"max-image-preview:large","max-video-preview":"max-video-preview:-1"},"og_locale":"de_DE","og_type":"article","og_title":"Metallwanddekoration Sonne gro\u00df - Eliassen","og_description":"Auf der Suche nach einer Wanddekoration? Jetzt bestellen Metallwanddekoration Sonne gro\u00df. Sie k\u00f6nnen leicht Wanddekoration auf unserer Website kaufen. \u2713 Gro\u00df...","og_url":"https:\/\/dev.eliassen.nl\/de\/product\/metallwanddekoration-sonne-gross\/","og_site_name":"Eliassen.nl","article_publisher":"https:\/\/www.facebook.com\/TuincentrumEliassenAmmerzoden","article_modified_time":"2024-12-05T14:32:16+00:00","og_image":[{"width":1000,"height":750,"url":"https:\/\/dev.eliassen.nl\/wp-content\/uploads\/2024\/01\/eliassenmetalenmuurdecoratiezongroot.jpg","type":"image\/jpeg"}],"twitter_card":"summary_large_image","schema":{"@context":"https:\/\/schema.org","@graph":[{"@type":"WebPage","@id":"https:\/\/dev.eliassen.nl\/de\/product\/metallwanddekoration-sonne-gross\/","url":"https:\/\/dev.eliassen.nl\/de\/product\/metallwanddekoration-sonne-gross\/","name":"Metallwanddekoration Sonne gro\u00df - Eliassen","isPartOf":{"@id":"https:\/\/dev.eliassen.nl\/de\/#website"},"primaryImageOfPage":{"@id":"https:\/\/dev.eliassen.nl\/de\/product\/metallwanddekoration-sonne-gross\/#primaryimage"},"image":{"@id":"https:\/\/dev.eliassen.nl\/de\/product\/metallwanddekoration-sonne-gross\/#primaryimage"},"thumbnailUrl":"https:\/\/dev.eliassen.nl\/wp-content\/uploads\/2024\/01\/eliassenmetalenmuurdecoratiezongroot.jpg","datePublished":"2019-10-28T18:41:57+00:00","dateModified":"2024-12-05T14:32:16+00:00","description":"Auf der Suche nach einer Wanddekoration? Jetzt bestellen Metallwanddekoration Sonne gro\u00df. Sie k\u00f6nnen leicht Wanddekoration auf unserer Website kaufen. \u2713 Gro\u00df...","breadcrumb":{"@id":"https:\/\/dev.eliassen.nl\/de\/product\/metallwanddekoration-sonne-gross\/#breadcrumb"},"inLanguage":"de","potentialAction":[{"@type":"ReadAction","target":["https:\/\/dev.eliassen.nl\/de\/product\/metallwanddekoration-sonne-gross\/"]}]},{"@type":"ImageObject","inLanguage":"de","@id":"https:\/\/dev.eliassen.nl\/de\/product\/metallwanddekoration-sonne-gross\/#primaryimage","url":"https:\/\/dev.eliassen.nl\/wp-content\/uploads\/2024\/01\/eliassenmetalenmuurdecoratiezongroot.jpg","contentUrl":"https:\/\/dev.eliassen.nl\/wp-content\/uploads\/2024\/01\/eliassenmetalenmuurdecoratiezongroot.jpg","width":1000,"height":750,"caption":"Eliassen Metalen muurdecoratie Zon groot"},{"@type":"BreadcrumbList","@id":"https:\/\/dev.eliassen.nl\/de\/product\/metallwanddekoration-sonne-gross\/#breadcrumb","itemListElement":[{"@type":"ListItem","position":1,"name":"Home","item":"https:\/\/dev.eliassen.nl\/de\/"},{"@type":"ListItem","position":2,"name":"Shop","item":"https:\/\/dev.eliassen.nl\/nl\/winkel\/"},{"@type":"ListItem","position":3,"name":"Wanddekoration","item":"https:\/\/dev.eliassen.nl\/de\/wanddekoration\/"},{"@type":"ListItem","position":4,"name":"3D-Wanddekoration ohne Rahmen","item":"https:\/\/dev.eliassen.nl\/de\/wanddekoration\/3d-wanddekoration-ohne-rahmen\/"},{"@type":"ListItem","position":5,"name":"Metallwanddekoration Sonne gro\u00df"}]},{"@type":"WebSite","@id":"https:\/\/dev.eliassen.nl\/de\/#website","url":"https:\/\/dev.eliassen.nl\/de\/","name":"Eliassen Home & Garden Pleasure","description":"","publisher":{"@id":"https:\/\/dev.eliassen.nl\/de\/#organization"},"alternateName":"Eliassen.nl","potentialAction":[{"@type":"SearchAction","target":{"@type":"EntryPoint","urlTemplate":"https:\/\/dev.eliassen.nl\/de\/?s={search_term_string}"},"query-input":{"@type":"PropertyValueSpecification","valueRequired":true,"valueName":"search_term_string"}}],"inLanguage":"de"},{"@type":"Organization","@id":"https:\/\/dev.eliassen.nl\/de\/#organization","name":"Eliassen Home & Garden Pleasure","url":"https:\/\/dev.eliassen.nl\/de\/","logo":{"@type":"ImageObject","inLanguage":"de","@id":"https:\/\/dev.eliassen.nl\/de\/#\/schema\/logo\/image\/","url":"https:\/\/www.eliassen.nl\/wp-content\/uploads\/2024\/01\/logo_4nd.jpg","contentUrl":"https:\/\/www.eliassen.nl\/wp-content\/uploads\/2024\/01\/logo_4nd.jpg","width":500,"height":500,"caption":"Eliassen Home & Garden Pleasure"},"image":{"@id":"https:\/\/dev.eliassen.nl\/de\/#\/schema\/logo\/image\/"},"sameAs":["https:\/\/www.facebook.com\/TuincentrumEliassenAmmerzoden","https:\/\/www.instagram.com\/eliassenhomeandgarden\/","https:\/\/nl.pinterest.com\/eliassenhomeandgarden\/","https:\/\/www.youtube.com\/@eliassenhomegardenpleasure4558"]}]}},"df_price":69.5,"df_sale_price":"","df_regular_price":69.5,"df_image_link":"https:\/\/dev.eliassen.nl\/wp-content\/uploads\/2024\/01\/eliassenmetalenmuurdecoratiezongroot.jpg","image":"https:\/\/dev.eliassen.nl\/wp-content\/uploads\/2024\/01\/eliassenmetalenmuurdecoratiezongroot.jpg","price_search":"<span class=\"woocommerce-Price-amount amount\"><bdi><span class=\"woocommerce-Price-currencySymbol\">&euro;<\/span>&nbsp;69,50<\/bdi><\/span>","category":"3D-Wanddekoration ohne Rahmen","_links":{"self":[{"href":"https:\/\/dev.eliassen.nl\/de\/wp-json\/wp\/v2\/product\/20068","targetHints":{"allow":["GET"]}}],"collection":[{"href":"https:\/\/dev.eliassen.nl\/de\/wp-json\/wp\/v2\/product"}],"about":[{"href":"https:\/\/dev.eliassen.nl\/de\/wp-json\/wp\/v2\/types\/product"}],"wp:featuredmedia":[{"embeddable":true,"href":"https:\/\/dev.eliassen.nl\/de\/wp-json\/wp\/v2\/media\/20065"}],"wp:attachment":[{"href":"https:\/\/dev.eliassen.nl\/de\/wp-json\/wp\/v2\/media?parent=20068"}],"wp:term":[{"taxonomy":"product_brand","embeddable":true,"href":"https:\/\/dev.eliassen.nl\/de\/wp-json\/wp\/v2\/product_brand?post=20068"},{"taxonomy":"product_cat","embeddable":true,"href":"https:\/\/dev.eliassen.nl\/de\/wp-json\/wp\/v2\/product_cat?post=20068"},{"taxonomy":"product_tag","embeddable":true,"href":"https:\/\/dev.eliassen.nl\/de\/wp-json\/wp\/v2\/product_tag?post=20068"}],"curies":[{"name":"wp","href":"https:\/\/api.w.org\/{rel}","templated":true}]}}