{"id":20263,"date":"2019-10-28T19:45:27","date_gmt":"2019-10-28T18:45:27","guid":{"rendered":"https:\/\/www.eliassen.nl\/?product=malerei-dibond-edelstahl-elegant-98x48cm-copy"},"modified":"2024-12-05T15:32:28","modified_gmt":"2024-12-05T14:32:28","slug":"lackierung-dibond-edelstahl-heavy-98x48cm","status":"publish","type":"product","link":"https:\/\/dev.eliassen.nl\/de\/product\/lackierung-dibond-edelstahl-heavy-98x48cm\/","title":{"rendered":"Lackierung Dibond Edelstahl Heavy 98x48cm"},"content":{"rendered":"<p>Dieses Wandkraft-Fotomalerei, super scharf und klar gedruckt auf einer geschliffenen leeren Dibond-Platte mit einer Dicke von 3 mm, ist definitiv etwas f\u00fcr Sie, wenn Sie einen matten, metallischen Look und ein super scharfes Fotomalerei in einer modernen Atmosph\u00e4re w\u00fcnschen. Dieses Gem\u00e4lde, das eine industrielle Umgebung darstellt, wird ein sch\u00f6nes St\u00fcck Wanddekoration in jedem modernen Interieur sein. <strong>Wir haben auch fast die gesamte Kollektion dieser Serie im Laden, die in den Niederlanden einzigartig ist. Nirgendwo sonst finden Sie eine so gro\u00dfe Sammlung. Bitte.<\/strong><\/p>\n<ul>\n<li>Gr\u00f6\u00dfe 98&#215;48 cm<\/li>\n<li>Leicht<\/li>\n<li>Material: blankgeschliffene Aluminium-Dibond-Platte 3 mm.<\/li>\n<li>Einfach mit 2 Schrauben mit Kunststoffhaken aufzuh\u00e4ngen<\/li>\n<li>Schnell geliefert<\/li>\n<li>1 Jahr Garantie<\/li>\n<\/ul>\n","protected":false},"excerpt":{"rendered":"<p>Dieses Wandkraft-Fotomalerei, super scharf und klar gedruckt auf einer geschliffenen leeren Dibond-Platte mit einer Dicke von 3 mm, ist definitiv etwas f\u00fcr Sie, wenn Sie einen matten, metallischen Look und ein super scharfes Fotomalerei in einer modernen Atmosph\u00e4re w\u00fcnschen. Dieses Gem\u00e4lde, das eine industrielle Umgebung darstellt, wird ein sch\u00f6nes St\u00fcck Wanddekoration in jedem modernen Interieur &hellip;<\/p>\n","protected":false},"featured_media":20245,"template":"","meta":{"_acf_changed":false},"product_brand":[6926],"product_cat":[479,410,413,482],"product_tag":[],"class_list":{"0":"post-20263","1":"product","2":"type-product","3":"status-publish","4":"has-post-thumbnail","6":"product_brand-wandkraft-de","7":"product_cat-dibond-gemaelde-aus-aluminium","8":"product_cat-gemaelde","9":"product_cat-gemaelde-outlet","10":"product_cat-wandkraft-gemaelde","12":"first","13":"instock","14":"sale","15":"taxable","16":"shipping-taxable","17":"purchasable","18":"product-type-simple"},"acf":[],"yoast_head":"<!-- This site is optimized with the Yoast SEO plugin v23.8 - https:\/\/yoast.com\/wordpress\/plugins\/seo\/ -->\n<title>Lackierung Dibond Edelstahl Heavy 98x48cm - Eliassen<\/title>\n<meta name=\"description\" content=\"Auf der Suche nach einem Gem\u00e4lde? Bestellen Sie jetzt Wandkraft Painting Dibond Edelstahl Heavy. Sie k\u00f6nnen ganz einfach ein Gem\u00e4lde auf unserer Website kauf...\" \/>\n<meta name=\"robots\" content=\"noindex, follow, max-snippet:-1, max-image-preview:large, max-video-preview:-1\" \/>\n<meta property=\"og:locale\" content=\"de_DE\" \/>\n<meta property=\"og:type\" content=\"article\" \/>\n<meta property=\"og:title\" content=\"Lackierung Dibond Edelstahl Heavy 98x48cm - Eliassen\" \/>\n<meta property=\"og:description\" content=\"Auf der Suche nach einem Gem\u00e4lde? Bestellen Sie jetzt Wandkraft Painting Dibond Edelstahl Heavy. Sie k\u00f6nnen ganz einfach ein Gem\u00e4lde auf unserer Website kauf...\" \/>\n<meta property=\"og:url\" content=\"https:\/\/dev.eliassen.nl\/de\/product\/lackierung-dibond-edelstahl-heavy-98x48cm\/\" \/>\n<meta property=\"og:site_name\" content=\"Eliassen.nl\" \/>\n<meta property=\"article:publisher\" content=\"https:\/\/www.facebook.com\/TuincentrumEliassenAmmerzoden\" \/>\n<meta property=\"article:modified_time\" content=\"2024-12-05T14:32:28+00:00\" \/>\n<meta property=\"og:image\" content=\"https:\/\/dev.eliassen.nl\/wp-content\/uploads\/2024\/01\/eliassenwandkraftschilderijdibondrvsheavy98x.jpg\" \/>\n\t<meta property=\"og:image:width\" content=\"504\" \/>\n\t<meta property=\"og:image:height\" content=\"1024\" \/>\n\t<meta property=\"og:image:type\" content=\"image\/jpeg\" \/>\n<meta name=\"twitter:card\" content=\"summary_large_image\" \/>\n<script type=\"application\/ld+json\" class=\"yoast-schema-graph\">{\"@context\":\"https:\/\/schema.org\",\"@graph\":[{\"@type\":\"WebPage\",\"@id\":\"https:\/\/dev.eliassen.nl\/de\/product\/lackierung-dibond-edelstahl-heavy-98x48cm\/\",\"url\":\"https:\/\/dev.eliassen.nl\/de\/product\/lackierung-dibond-edelstahl-heavy-98x48cm\/\",\"name\":\"Lackierung Dibond Edelstahl Heavy 98x48cm - Eliassen\",\"isPartOf\":{\"@id\":\"https:\/\/dev.eliassen.nl\/de\/#website\"},\"primaryImageOfPage\":{\"@id\":\"https:\/\/dev.eliassen.nl\/de\/product\/lackierung-dibond-edelstahl-heavy-98x48cm\/#primaryimage\"},\"image\":{\"@id\":\"https:\/\/dev.eliassen.nl\/de\/product\/lackierung-dibond-edelstahl-heavy-98x48cm\/#primaryimage\"},\"thumbnailUrl\":\"https:\/\/dev.eliassen.nl\/wp-content\/uploads\/2024\/01\/eliassenwandkraftschilderijdibondrvsheavy98x.jpg\",\"datePublished\":\"2019-10-28T18:45:27+00:00\",\"dateModified\":\"2024-12-05T14:32:28+00:00\",\"description\":\"Auf der Suche nach einem Gem\u00e4lde? Bestellen Sie jetzt Wandkraft Painting Dibond Edelstahl Heavy. Sie k\u00f6nnen ganz einfach ein Gem\u00e4lde auf unserer Website kauf...\",\"breadcrumb\":{\"@id\":\"https:\/\/dev.eliassen.nl\/de\/product\/lackierung-dibond-edelstahl-heavy-98x48cm\/#breadcrumb\"},\"inLanguage\":\"de\",\"potentialAction\":[{\"@type\":\"ReadAction\",\"target\":[\"https:\/\/dev.eliassen.nl\/de\/product\/lackierung-dibond-edelstahl-heavy-98x48cm\/\"]}]},{\"@type\":\"ImageObject\",\"inLanguage\":\"de\",\"@id\":\"https:\/\/dev.eliassen.nl\/de\/product\/lackierung-dibond-edelstahl-heavy-98x48cm\/#primaryimage\",\"url\":\"https:\/\/dev.eliassen.nl\/wp-content\/uploads\/2024\/01\/eliassenwandkraftschilderijdibondrvsheavy98x.jpg\",\"contentUrl\":\"https:\/\/dev.eliassen.nl\/wp-content\/uploads\/2024\/01\/eliassenwandkraftschilderijdibondrvsheavy98x.jpg\",\"width\":504,\"height\":1024,\"caption\":\"Eliassen Wandkraft Schilderij dibond rvs Heavy 98x48cm\"},{\"@type\":\"BreadcrumbList\",\"@id\":\"https:\/\/dev.eliassen.nl\/de\/product\/lackierung-dibond-edelstahl-heavy-98x48cm\/#breadcrumb\",\"itemListElement\":[{\"@type\":\"ListItem\",\"position\":1,\"name\":\"Home\",\"item\":\"https:\/\/dev.eliassen.nl\/de\/\"},{\"@type\":\"ListItem\",\"position\":2,\"name\":\"Shop\",\"item\":\"https:\/\/dev.eliassen.nl\/nl\/winkel\/\"},{\"@type\":\"ListItem\",\"position\":3,\"name\":\"Gem\u00e4lde\",\"item\":\"https:\/\/dev.eliassen.nl\/de\/gemaelde\/\"},{\"@type\":\"ListItem\",\"position\":4,\"name\":\"Dibond-Gem\u00e4lde aus Aluminium\",\"item\":\"https:\/\/dev.eliassen.nl\/de\/gemaelde\/dibond-gemaelde-aus-aluminium\/\"},{\"@type\":\"ListItem\",\"position\":5,\"name\":\"Lackierung Dibond Edelstahl Heavy 98x48cm\"}]},{\"@type\":\"WebSite\",\"@id\":\"https:\/\/dev.eliassen.nl\/de\/#website\",\"url\":\"https:\/\/dev.eliassen.nl\/de\/\",\"name\":\"Eliassen Home & Garden Pleasure\",\"description\":\"\",\"publisher\":{\"@id\":\"https:\/\/dev.eliassen.nl\/de\/#organization\"},\"alternateName\":\"Eliassen.nl\",\"potentialAction\":[{\"@type\":\"SearchAction\",\"target\":{\"@type\":\"EntryPoint\",\"urlTemplate\":\"https:\/\/dev.eliassen.nl\/de\/?s={search_term_string}\"},\"query-input\":{\"@type\":\"PropertyValueSpecification\",\"valueRequired\":true,\"valueName\":\"search_term_string\"}}],\"inLanguage\":\"de\"},{\"@type\":\"Organization\",\"@id\":\"https:\/\/dev.eliassen.nl\/de\/#organization\",\"name\":\"Eliassen Home & Garden Pleasure\",\"url\":\"https:\/\/dev.eliassen.nl\/de\/\",\"logo\":{\"@type\":\"ImageObject\",\"inLanguage\":\"de\",\"@id\":\"https:\/\/dev.eliassen.nl\/de\/#\/schema\/logo\/image\/\",\"url\":\"https:\/\/www.eliassen.nl\/wp-content\/uploads\/2024\/01\/logo_4nd.jpg\",\"contentUrl\":\"https:\/\/www.eliassen.nl\/wp-content\/uploads\/2024\/01\/logo_4nd.jpg\",\"width\":500,\"height\":500,\"caption\":\"Eliassen Home & Garden Pleasure\"},\"image\":{\"@id\":\"https:\/\/dev.eliassen.nl\/de\/#\/schema\/logo\/image\/\"},\"sameAs\":[\"https:\/\/www.facebook.com\/TuincentrumEliassenAmmerzoden\",\"https:\/\/www.instagram.com\/eliassenhomeandgarden\/\",\"https:\/\/nl.pinterest.com\/eliassenhomeandgarden\/\",\"https:\/\/www.youtube.com\/@eliassenhomegardenpleasure4558\"]}]}<\/script>\n<!-- \/ Yoast SEO plugin. -->","yoast_head_json":{"title":"Lackierung Dibond Edelstahl Heavy 98x48cm - Eliassen","description":"Auf der Suche nach einem Gem\u00e4lde? Bestellen Sie jetzt Wandkraft Painting Dibond Edelstahl Heavy. Sie k\u00f6nnen ganz einfach ein Gem\u00e4lde auf unserer Website kauf...","robots":{"index":"noindex","follow":"follow","max-snippet":"max-snippet:-1","max-image-preview":"max-image-preview:large","max-video-preview":"max-video-preview:-1"},"og_locale":"de_DE","og_type":"article","og_title":"Lackierung Dibond Edelstahl Heavy 98x48cm - Eliassen","og_description":"Auf der Suche nach einem Gem\u00e4lde? Bestellen Sie jetzt Wandkraft Painting Dibond Edelstahl Heavy. Sie k\u00f6nnen ganz einfach ein Gem\u00e4lde auf unserer Website kauf...","og_url":"https:\/\/dev.eliassen.nl\/de\/product\/lackierung-dibond-edelstahl-heavy-98x48cm\/","og_site_name":"Eliassen.nl","article_publisher":"https:\/\/www.facebook.com\/TuincentrumEliassenAmmerzoden","article_modified_time":"2024-12-05T14:32:28+00:00","og_image":[{"width":504,"height":1024,"url":"https:\/\/dev.eliassen.nl\/wp-content\/uploads\/2024\/01\/eliassenwandkraftschilderijdibondrvsheavy98x.jpg","type":"image\/jpeg"}],"twitter_card":"summary_large_image","schema":{"@context":"https:\/\/schema.org","@graph":[{"@type":"WebPage","@id":"https:\/\/dev.eliassen.nl\/de\/product\/lackierung-dibond-edelstahl-heavy-98x48cm\/","url":"https:\/\/dev.eliassen.nl\/de\/product\/lackierung-dibond-edelstahl-heavy-98x48cm\/","name":"Lackierung Dibond Edelstahl Heavy 98x48cm - Eliassen","isPartOf":{"@id":"https:\/\/dev.eliassen.nl\/de\/#website"},"primaryImageOfPage":{"@id":"https:\/\/dev.eliassen.nl\/de\/product\/lackierung-dibond-edelstahl-heavy-98x48cm\/#primaryimage"},"image":{"@id":"https:\/\/dev.eliassen.nl\/de\/product\/lackierung-dibond-edelstahl-heavy-98x48cm\/#primaryimage"},"thumbnailUrl":"https:\/\/dev.eliassen.nl\/wp-content\/uploads\/2024\/01\/eliassenwandkraftschilderijdibondrvsheavy98x.jpg","datePublished":"2019-10-28T18:45:27+00:00","dateModified":"2024-12-05T14:32:28+00:00","description":"Auf der Suche nach einem Gem\u00e4lde? Bestellen Sie jetzt Wandkraft Painting Dibond Edelstahl Heavy. Sie k\u00f6nnen ganz einfach ein Gem\u00e4lde auf unserer Website kauf...","breadcrumb":{"@id":"https:\/\/dev.eliassen.nl\/de\/product\/lackierung-dibond-edelstahl-heavy-98x48cm\/#breadcrumb"},"inLanguage":"de","potentialAction":[{"@type":"ReadAction","target":["https:\/\/dev.eliassen.nl\/de\/product\/lackierung-dibond-edelstahl-heavy-98x48cm\/"]}]},{"@type":"ImageObject","inLanguage":"de","@id":"https:\/\/dev.eliassen.nl\/de\/product\/lackierung-dibond-edelstahl-heavy-98x48cm\/#primaryimage","url":"https:\/\/dev.eliassen.nl\/wp-content\/uploads\/2024\/01\/eliassenwandkraftschilderijdibondrvsheavy98x.jpg","contentUrl":"https:\/\/dev.eliassen.nl\/wp-content\/uploads\/2024\/01\/eliassenwandkraftschilderijdibondrvsheavy98x.jpg","width":504,"height":1024,"caption":"Eliassen Wandkraft Schilderij dibond rvs Heavy 98x48cm"},{"@type":"BreadcrumbList","@id":"https:\/\/dev.eliassen.nl\/de\/product\/lackierung-dibond-edelstahl-heavy-98x48cm\/#breadcrumb","itemListElement":[{"@type":"ListItem","position":1,"name":"Home","item":"https:\/\/dev.eliassen.nl\/de\/"},{"@type":"ListItem","position":2,"name":"Shop","item":"https:\/\/dev.eliassen.nl\/nl\/winkel\/"},{"@type":"ListItem","position":3,"name":"Gem\u00e4lde","item":"https:\/\/dev.eliassen.nl\/de\/gemaelde\/"},{"@type":"ListItem","position":4,"name":"Dibond-Gem\u00e4lde aus Aluminium","item":"https:\/\/dev.eliassen.nl\/de\/gemaelde\/dibond-gemaelde-aus-aluminium\/"},{"@type":"ListItem","position":5,"name":"Lackierung Dibond Edelstahl Heavy 98x48cm"}]},{"@type":"WebSite","@id":"https:\/\/dev.eliassen.nl\/de\/#website","url":"https:\/\/dev.eliassen.nl\/de\/","name":"Eliassen Home & Garden Pleasure","description":"","publisher":{"@id":"https:\/\/dev.eliassen.nl\/de\/#organization"},"alternateName":"Eliassen.nl","potentialAction":[{"@type":"SearchAction","target":{"@type":"EntryPoint","urlTemplate":"https:\/\/dev.eliassen.nl\/de\/?s={search_term_string}"},"query-input":{"@type":"PropertyValueSpecification","valueRequired":true,"valueName":"search_term_string"}}],"inLanguage":"de"},{"@type":"Organization","@id":"https:\/\/dev.eliassen.nl\/de\/#organization","name":"Eliassen Home & Garden Pleasure","url":"https:\/\/dev.eliassen.nl\/de\/","logo":{"@type":"ImageObject","inLanguage":"de","@id":"https:\/\/dev.eliassen.nl\/de\/#\/schema\/logo\/image\/","url":"https:\/\/www.eliassen.nl\/wp-content\/uploads\/2024\/01\/logo_4nd.jpg","contentUrl":"https:\/\/www.eliassen.nl\/wp-content\/uploads\/2024\/01\/logo_4nd.jpg","width":500,"height":500,"caption":"Eliassen Home & Garden Pleasure"},"image":{"@id":"https:\/\/dev.eliassen.nl\/de\/#\/schema\/logo\/image\/"},"sameAs":["https:\/\/www.facebook.com\/TuincentrumEliassenAmmerzoden","https:\/\/www.instagram.com\/eliassenhomeandgarden\/","https:\/\/nl.pinterest.com\/eliassenhomeandgarden\/","https:\/\/www.youtube.com\/@eliassenhomegardenpleasure4558"]}]}},"df_price":39.6,"df_sale_price":39.6,"df_regular_price":99,"df_image_link":"https:\/\/dev.eliassen.nl\/wp-content\/uploads\/2024\/01\/eliassenwandkraftschilderijdibondrvsheavy98x.jpg","image":"https:\/\/dev.eliassen.nl\/wp-content\/uploads\/2024\/01\/eliassenwandkraftschilderijdibondrvsheavy98x.jpg","price_search":"<span class=\"woocommerce-Price-amount amount\"><bdi><span class=\"woocommerce-Price-currencySymbol\">&euro;<\/span>&nbsp;39,60<\/bdi><\/span>","category":"Dibond-Gem\u00e4lde aus Aluminium","_links":{"self":[{"href":"https:\/\/dev.eliassen.nl\/de\/wp-json\/wp\/v2\/product\/20263","targetHints":{"allow":["GET"]}}],"collection":[{"href":"https:\/\/dev.eliassen.nl\/de\/wp-json\/wp\/v2\/product"}],"about":[{"href":"https:\/\/dev.eliassen.nl\/de\/wp-json\/wp\/v2\/types\/product"}],"wp:featuredmedia":[{"embeddable":true,"href":"https:\/\/dev.eliassen.nl\/de\/wp-json\/wp\/v2\/media\/20245"}],"wp:attachment":[{"href":"https:\/\/dev.eliassen.nl\/de\/wp-json\/wp\/v2\/media?parent=20263"}],"wp:term":[{"taxonomy":"product_brand","embeddable":true,"href":"https:\/\/dev.eliassen.nl\/de\/wp-json\/wp\/v2\/product_brand?post=20263"},{"taxonomy":"product_cat","embeddable":true,"href":"https:\/\/dev.eliassen.nl\/de\/wp-json\/wp\/v2\/product_cat?post=20263"},{"taxonomy":"product_tag","embeddable":true,"href":"https:\/\/dev.eliassen.nl\/de\/wp-json\/wp\/v2\/product_tag?post=20263"}],"curies":[{"name":"wp","href":"https:\/\/api.w.org\/{rel}","templated":true}]}}