{"id":20338,"date":"2019-12-04T12:16:34","date_gmt":"2019-12-04T11:16:34","guid":{"rendered":"https:\/\/www.eliassen.nl\/?product=metaal-figuur-afrikaanse-danseres"},"modified":"2024-12-05T15:32:33","modified_gmt":"2024-12-05T14:32:33","slug":"metallfigur-afrikanischer-tanzer","status":"publish","type":"product","link":"https:\/\/dev.eliassen.nl\/de\/product\/metallfigur-afrikanischer-tanzer\/","title":{"rendered":"Metallfigur afrikanischer T\u00e4nzer"},"content":{"rendered":"<div class=\"product-tabs row\">\n<div class=\"tabsPages\">\n<div class=\"page info active\">\n<p>Eine sehr sch\u00f6ne handgefertigte Metallstatue einer tanzenden Frau. Komplett von Hand gefertigt. Sieht gut aus in Ihrem Interieur oder Ihrer Firma. Es ist besser, diese 3D-Figur wegen Rostbildung nicht drau\u00dfen zu platzieren, oder sie muss sich unter einem Schutz befinden. Da es sich um eine handgefertigte Figur handelt, kann sie sich in Bezug auf Design und Farbe immer geringf\u00fcgig vom Foto unterscheiden.<\/p>\n<ul>\n<li>Gr\u00f6\u00dfe 78 x 24 x 20 cm.<\/li>\n<li>komplett aus Metall gefertigt.<\/li>\n<li>Einzigartiges Design.<\/li>\n<li><strong>Fast alle dieser Serien sind auch in unserem Shop zu sehen.<\/strong><\/li>\n<li>Schnell geliefert.<\/li>\n<\/ul>\n<\/div>\n<\/div>\n<\/div>\n<div class=\"product-actions row\">\n<div class=\"social-media col-xs-12 col-md-4\">\n<div class=\"social-block social-block-facebook\">\n<div id=\"fb-root\" class=\" fb_reset\">\n<div>\u00a0<\/div>\n<\/div>\n<\/div>\n<\/div>\n<\/div>\n","protected":false},"excerpt":{"rendered":"<p>Eine sehr sch\u00f6ne handgefertigte Metallstatue einer tanzenden Frau. Komplett von Hand gefertigt. Sieht gut aus in Ihrem Interieur oder Ihrer Firma. Es ist besser, diese 3D-Figur wegen Rostbildung nicht drau\u00dfen zu platzieren, oder sie muss sich unter einem Schutz befinden. Da es sich um eine handgefertigte Figur handelt, kann sie sich in Bezug auf Design &hellip;<\/p>\n","protected":false},"featured_media":20335,"template":"","meta":{"_acf_changed":false},"product_brand":[6930],"product_cat":[659,662],"product_tag":[],"class_list":{"0":"post-20338","1":"product","2":"type-product","3":"status-publish","4":"has-post-thumbnail","6":"product_brand-primus-de","7":"product_cat-dekoration-aus-metall","8":"product_cat-gartenstatuen-aus-metall","10":"first","11":"instock","12":"taxable","13":"shipping-taxable","14":"purchasable","15":"product-type-simple"},"acf":[],"yoast_head":"<!-- This site is optimized with the Yoast SEO plugin v23.8 - https:\/\/yoast.com\/wordpress\/plugins\/seo\/ -->\n<title>Metallfigur afrikanischer T\u00e4nzer - Eliassen<\/title>\n<meta name=\"description\" content=\"Auf der Suche nach einer Figur? Bestellen Sie jetzt die afrikanische T\u00e4nzerin Primus Metal. Auf unserer Website k\u00f6nnen Sie ganz einfach eine Metallfigur kauf...\" \/>\n<meta name=\"robots\" content=\"noindex, follow, max-snippet:-1, max-image-preview:large, max-video-preview:-1\" \/>\n<meta property=\"og:locale\" content=\"de_DE\" \/>\n<meta property=\"og:type\" content=\"article\" \/>\n<meta property=\"og:title\" content=\"Metallfigur afrikanischer T\u00e4nzer - Eliassen\" \/>\n<meta property=\"og:description\" content=\"Auf der Suche nach einer Figur? Bestellen Sie jetzt die afrikanische T\u00e4nzerin Primus Metal. Auf unserer Website k\u00f6nnen Sie ganz einfach eine Metallfigur kauf...\" \/>\n<meta property=\"og:url\" content=\"https:\/\/dev.eliassen.nl\/de\/product\/metallfigur-afrikanischer-tanzer\/\" \/>\n<meta property=\"og:site_name\" content=\"Eliassen.nl\" \/>\n<meta property=\"article:publisher\" content=\"https:\/\/www.facebook.com\/TuincentrumEliassenAmmerzoden\" \/>\n<meta property=\"article:modified_time\" content=\"2024-12-05T14:32:33+00:00\" \/>\n<meta property=\"og:image\" content=\"https:\/\/dev.eliassen.nl\/wp-content\/uploads\/2024\/01\/eliassenprimusmetaalfiguurafrikaansedanseres.jpg\" \/>\n\t<meta property=\"og:image:width\" content=\"650\" \/>\n\t<meta property=\"og:image:height\" content=\"650\" \/>\n\t<meta property=\"og:image:type\" content=\"image\/jpeg\" \/>\n<meta name=\"twitter:card\" content=\"summary_large_image\" \/>\n<script type=\"application\/ld+json\" class=\"yoast-schema-graph\">{\"@context\":\"https:\/\/schema.org\",\"@graph\":[{\"@type\":\"WebPage\",\"@id\":\"https:\/\/dev.eliassen.nl\/de\/product\/metallfigur-afrikanischer-tanzer\/\",\"url\":\"https:\/\/dev.eliassen.nl\/de\/product\/metallfigur-afrikanischer-tanzer\/\",\"name\":\"Metallfigur afrikanischer T\u00e4nzer - Eliassen\",\"isPartOf\":{\"@id\":\"https:\/\/dev.eliassen.nl\/de\/#website\"},\"primaryImageOfPage\":{\"@id\":\"https:\/\/dev.eliassen.nl\/de\/product\/metallfigur-afrikanischer-tanzer\/#primaryimage\"},\"image\":{\"@id\":\"https:\/\/dev.eliassen.nl\/de\/product\/metallfigur-afrikanischer-tanzer\/#primaryimage\"},\"thumbnailUrl\":\"https:\/\/dev.eliassen.nl\/wp-content\/uploads\/2024\/01\/eliassenprimusmetaalfiguurafrikaansedanseres.jpg\",\"datePublished\":\"2019-12-04T11:16:34+00:00\",\"dateModified\":\"2024-12-05T14:32:33+00:00\",\"description\":\"Auf der Suche nach einer Figur? Bestellen Sie jetzt die afrikanische T\u00e4nzerin Primus Metal. Auf unserer Website k\u00f6nnen Sie ganz einfach eine Metallfigur kauf...\",\"breadcrumb\":{\"@id\":\"https:\/\/dev.eliassen.nl\/de\/product\/metallfigur-afrikanischer-tanzer\/#breadcrumb\"},\"inLanguage\":\"de\",\"potentialAction\":[{\"@type\":\"ReadAction\",\"target\":[\"https:\/\/dev.eliassen.nl\/de\/product\/metallfigur-afrikanischer-tanzer\/\"]}]},{\"@type\":\"ImageObject\",\"inLanguage\":\"de\",\"@id\":\"https:\/\/dev.eliassen.nl\/de\/product\/metallfigur-afrikanischer-tanzer\/#primaryimage\",\"url\":\"https:\/\/dev.eliassen.nl\/wp-content\/uploads\/2024\/01\/eliassenprimusmetaalfiguurafrikaansedanseres.jpg\",\"contentUrl\":\"https:\/\/dev.eliassen.nl\/wp-content\/uploads\/2024\/01\/eliassenprimusmetaalfiguurafrikaansedanseres.jpg\",\"width\":650,\"height\":650,\"caption\":\"eliassen-primus-metaal-figuur-afrikaanse-danseres\"},{\"@type\":\"BreadcrumbList\",\"@id\":\"https:\/\/dev.eliassen.nl\/de\/product\/metallfigur-afrikanischer-tanzer\/#breadcrumb\",\"itemListElement\":[{\"@type\":\"ListItem\",\"position\":1,\"name\":\"Home\",\"item\":\"https:\/\/dev.eliassen.nl\/de\/\"},{\"@type\":\"ListItem\",\"position\":2,\"name\":\"Shop\",\"item\":\"https:\/\/dev.eliassen.nl\/nl\/winkel\/\"},{\"@type\":\"ListItem\",\"position\":3,\"name\":\"Dekoration aus Metall\",\"item\":\"https:\/\/dev.eliassen.nl\/de\/dekoration-aus-metall\/\"},{\"@type\":\"ListItem\",\"position\":4,\"name\":\"Gartenstatuen aus Metall\",\"item\":\"https:\/\/dev.eliassen.nl\/de\/dekoration-aus-metall\/gartenstatuen-aus-metall\/\"},{\"@type\":\"ListItem\",\"position\":5,\"name\":\"Metallfigur afrikanischer T\u00e4nzer\"}]},{\"@type\":\"WebSite\",\"@id\":\"https:\/\/dev.eliassen.nl\/de\/#website\",\"url\":\"https:\/\/dev.eliassen.nl\/de\/\",\"name\":\"Eliassen Home & Garden Pleasure\",\"description\":\"\",\"publisher\":{\"@id\":\"https:\/\/dev.eliassen.nl\/de\/#organization\"},\"alternateName\":\"Eliassen.nl\",\"potentialAction\":[{\"@type\":\"SearchAction\",\"target\":{\"@type\":\"EntryPoint\",\"urlTemplate\":\"https:\/\/dev.eliassen.nl\/de\/?s={search_term_string}\"},\"query-input\":{\"@type\":\"PropertyValueSpecification\",\"valueRequired\":true,\"valueName\":\"search_term_string\"}}],\"inLanguage\":\"de\"},{\"@type\":\"Organization\",\"@id\":\"https:\/\/dev.eliassen.nl\/de\/#organization\",\"name\":\"Eliassen Home & Garden Pleasure\",\"url\":\"https:\/\/dev.eliassen.nl\/de\/\",\"logo\":{\"@type\":\"ImageObject\",\"inLanguage\":\"de\",\"@id\":\"https:\/\/dev.eliassen.nl\/de\/#\/schema\/logo\/image\/\",\"url\":\"https:\/\/www.eliassen.nl\/wp-content\/uploads\/2024\/01\/logo_4nd.jpg\",\"contentUrl\":\"https:\/\/www.eliassen.nl\/wp-content\/uploads\/2024\/01\/logo_4nd.jpg\",\"width\":500,\"height\":500,\"caption\":\"Eliassen Home & Garden Pleasure\"},\"image\":{\"@id\":\"https:\/\/dev.eliassen.nl\/de\/#\/schema\/logo\/image\/\"},\"sameAs\":[\"https:\/\/www.facebook.com\/TuincentrumEliassenAmmerzoden\",\"https:\/\/www.instagram.com\/eliassenhomeandgarden\/\",\"https:\/\/nl.pinterest.com\/eliassenhomeandgarden\/\",\"https:\/\/www.youtube.com\/@eliassenhomegardenpleasure4558\"]}]}<\/script>\n<!-- \/ Yoast SEO plugin. -->","yoast_head_json":{"title":"Metallfigur afrikanischer T\u00e4nzer - Eliassen","description":"Auf der Suche nach einer Figur? Bestellen Sie jetzt die afrikanische T\u00e4nzerin Primus Metal. Auf unserer Website k\u00f6nnen Sie ganz einfach eine Metallfigur kauf...","robots":{"index":"noindex","follow":"follow","max-snippet":"max-snippet:-1","max-image-preview":"max-image-preview:large","max-video-preview":"max-video-preview:-1"},"og_locale":"de_DE","og_type":"article","og_title":"Metallfigur afrikanischer T\u00e4nzer - Eliassen","og_description":"Auf der Suche nach einer Figur? Bestellen Sie jetzt die afrikanische T\u00e4nzerin Primus Metal. Auf unserer Website k\u00f6nnen Sie ganz einfach eine Metallfigur kauf...","og_url":"https:\/\/dev.eliassen.nl\/de\/product\/metallfigur-afrikanischer-tanzer\/","og_site_name":"Eliassen.nl","article_publisher":"https:\/\/www.facebook.com\/TuincentrumEliassenAmmerzoden","article_modified_time":"2024-12-05T14:32:33+00:00","og_image":[{"width":650,"height":650,"url":"https:\/\/dev.eliassen.nl\/wp-content\/uploads\/2024\/01\/eliassenprimusmetaalfiguurafrikaansedanseres.jpg","type":"image\/jpeg"}],"twitter_card":"summary_large_image","schema":{"@context":"https:\/\/schema.org","@graph":[{"@type":"WebPage","@id":"https:\/\/dev.eliassen.nl\/de\/product\/metallfigur-afrikanischer-tanzer\/","url":"https:\/\/dev.eliassen.nl\/de\/product\/metallfigur-afrikanischer-tanzer\/","name":"Metallfigur afrikanischer T\u00e4nzer - Eliassen","isPartOf":{"@id":"https:\/\/dev.eliassen.nl\/de\/#website"},"primaryImageOfPage":{"@id":"https:\/\/dev.eliassen.nl\/de\/product\/metallfigur-afrikanischer-tanzer\/#primaryimage"},"image":{"@id":"https:\/\/dev.eliassen.nl\/de\/product\/metallfigur-afrikanischer-tanzer\/#primaryimage"},"thumbnailUrl":"https:\/\/dev.eliassen.nl\/wp-content\/uploads\/2024\/01\/eliassenprimusmetaalfiguurafrikaansedanseres.jpg","datePublished":"2019-12-04T11:16:34+00:00","dateModified":"2024-12-05T14:32:33+00:00","description":"Auf der Suche nach einer Figur? Bestellen Sie jetzt die afrikanische T\u00e4nzerin Primus Metal. Auf unserer Website k\u00f6nnen Sie ganz einfach eine Metallfigur kauf...","breadcrumb":{"@id":"https:\/\/dev.eliassen.nl\/de\/product\/metallfigur-afrikanischer-tanzer\/#breadcrumb"},"inLanguage":"de","potentialAction":[{"@type":"ReadAction","target":["https:\/\/dev.eliassen.nl\/de\/product\/metallfigur-afrikanischer-tanzer\/"]}]},{"@type":"ImageObject","inLanguage":"de","@id":"https:\/\/dev.eliassen.nl\/de\/product\/metallfigur-afrikanischer-tanzer\/#primaryimage","url":"https:\/\/dev.eliassen.nl\/wp-content\/uploads\/2024\/01\/eliassenprimusmetaalfiguurafrikaansedanseres.jpg","contentUrl":"https:\/\/dev.eliassen.nl\/wp-content\/uploads\/2024\/01\/eliassenprimusmetaalfiguurafrikaansedanseres.jpg","width":650,"height":650,"caption":"eliassen-primus-metaal-figuur-afrikaanse-danseres"},{"@type":"BreadcrumbList","@id":"https:\/\/dev.eliassen.nl\/de\/product\/metallfigur-afrikanischer-tanzer\/#breadcrumb","itemListElement":[{"@type":"ListItem","position":1,"name":"Home","item":"https:\/\/dev.eliassen.nl\/de\/"},{"@type":"ListItem","position":2,"name":"Shop","item":"https:\/\/dev.eliassen.nl\/nl\/winkel\/"},{"@type":"ListItem","position":3,"name":"Dekoration aus Metall","item":"https:\/\/dev.eliassen.nl\/de\/dekoration-aus-metall\/"},{"@type":"ListItem","position":4,"name":"Gartenstatuen aus Metall","item":"https:\/\/dev.eliassen.nl\/de\/dekoration-aus-metall\/gartenstatuen-aus-metall\/"},{"@type":"ListItem","position":5,"name":"Metallfigur afrikanischer T\u00e4nzer"}]},{"@type":"WebSite","@id":"https:\/\/dev.eliassen.nl\/de\/#website","url":"https:\/\/dev.eliassen.nl\/de\/","name":"Eliassen Home & Garden Pleasure","description":"","publisher":{"@id":"https:\/\/dev.eliassen.nl\/de\/#organization"},"alternateName":"Eliassen.nl","potentialAction":[{"@type":"SearchAction","target":{"@type":"EntryPoint","urlTemplate":"https:\/\/dev.eliassen.nl\/de\/?s={search_term_string}"},"query-input":{"@type":"PropertyValueSpecification","valueRequired":true,"valueName":"search_term_string"}}],"inLanguage":"de"},{"@type":"Organization","@id":"https:\/\/dev.eliassen.nl\/de\/#organization","name":"Eliassen Home & Garden Pleasure","url":"https:\/\/dev.eliassen.nl\/de\/","logo":{"@type":"ImageObject","inLanguage":"de","@id":"https:\/\/dev.eliassen.nl\/de\/#\/schema\/logo\/image\/","url":"https:\/\/www.eliassen.nl\/wp-content\/uploads\/2024\/01\/logo_4nd.jpg","contentUrl":"https:\/\/www.eliassen.nl\/wp-content\/uploads\/2024\/01\/logo_4nd.jpg","width":500,"height":500,"caption":"Eliassen Home & Garden Pleasure"},"image":{"@id":"https:\/\/dev.eliassen.nl\/de\/#\/schema\/logo\/image\/"},"sameAs":["https:\/\/www.facebook.com\/TuincentrumEliassenAmmerzoden","https:\/\/www.instagram.com\/eliassenhomeandgarden\/","https:\/\/nl.pinterest.com\/eliassenhomeandgarden\/","https:\/\/www.youtube.com\/@eliassenhomegardenpleasure4558"]}]}},"df_price":129,"df_sale_price":"","df_regular_price":129,"df_image_link":"https:\/\/dev.eliassen.nl\/wp-content\/uploads\/2024\/01\/eliassenprimusmetaalfiguurafrikaansedanseres.jpg","image":"https:\/\/dev.eliassen.nl\/wp-content\/uploads\/2024\/01\/eliassenprimusmetaalfiguurafrikaansedanseres.jpg","price_search":"<span class=\"woocommerce-Price-amount amount\"><bdi><span class=\"woocommerce-Price-currencySymbol\">&euro;<\/span>&nbsp;129,00<\/bdi><\/span>","category":"Dekoration aus Metall","_links":{"self":[{"href":"https:\/\/dev.eliassen.nl\/de\/wp-json\/wp\/v2\/product\/20338","targetHints":{"allow":["GET"]}}],"collection":[{"href":"https:\/\/dev.eliassen.nl\/de\/wp-json\/wp\/v2\/product"}],"about":[{"href":"https:\/\/dev.eliassen.nl\/de\/wp-json\/wp\/v2\/types\/product"}],"wp:featuredmedia":[{"embeddable":true,"href":"https:\/\/dev.eliassen.nl\/de\/wp-json\/wp\/v2\/media\/20335"}],"wp:attachment":[{"href":"https:\/\/dev.eliassen.nl\/de\/wp-json\/wp\/v2\/media?parent=20338"}],"wp:term":[{"taxonomy":"product_brand","embeddable":true,"href":"https:\/\/dev.eliassen.nl\/de\/wp-json\/wp\/v2\/product_brand?post=20338"},{"taxonomy":"product_cat","embeddable":true,"href":"https:\/\/dev.eliassen.nl\/de\/wp-json\/wp\/v2\/product_cat?post=20338"},{"taxonomy":"product_tag","embeddable":true,"href":"https:\/\/dev.eliassen.nl\/de\/wp-json\/wp\/v2\/product_tag?post=20338"}],"curies":[{"name":"wp","href":"https:\/\/api.w.org\/{rel}","templated":true}]}}