{"id":20350,"date":"2019-12-04T12:17:40","date_gmt":"2019-12-04T11:17:40","guid":{"rendered":"https:\/\/www.eliassen.nl\/?product=metalen-schilderij-3d-60x120cm-zeilboot"},"modified":"2024-12-05T15:32:34","modified_gmt":"2024-12-05T14:32:34","slug":"metallmalerei-3d-60x120cm-segelboot","status":"publish","type":"product","link":"https:\/\/dev.eliassen.nl\/de\/product\/metallmalerei-3d-60x120cm-segelboot\/","title":{"rendered":"Metallmalerei 3D 60x120cm Segelboot"},"content":{"rendered":"<div class=\"product-tabs row\">\n<div class=\"tabsPages\">\n<div class=\"page info active\">\n<p>Ihr Haus, Gesch\u00e4ft oder Veranda (drau\u00dfen unter einem Baldachin) wird mit einem 3D-Gem\u00e4lde sch\u00f6n sein. Dieses Modell mit einem Segelboot wird komplett von Hand gefertigt. Alles ist aus Metall, also Hintergrund und Figur. Da es handgemalt ist, kann die Farbe geringf\u00fcgig vom Foto abweichen, sie sind nie genau gleich.<br \/>Wir haben auch fast die gesamte Kollektion dieser Serie im Laden, die in den Niederlanden einzigartig ist.<br \/>Nirgendwo sonst finden Sie eine so gro\u00dfe Sammlung. Bitte.<\/p>\n<ul>\n<li>Gr\u00f6\u00dfe 60 x 120 cm.<\/li>\n<li>Einfach mit 2 Schrauben aufzuh\u00e4ngen.<\/li>\n<li>Schnell geliefert.<\/li>\n<li>Gr\u00f6\u00dfte Sammlung in den Benelux-L\u00e4ndern, die auch live angesehen werden kann.<\/li>\n<\/ul>\n<\/div>\n<\/div>\n<\/div>\n","protected":false},"excerpt":{"rendered":"<p>Ihr Haus, Gesch\u00e4ft oder Veranda (drau\u00dfen unter einem Baldachin) wird mit einem 3D-Gem\u00e4lde sch\u00f6n sein. Dieses Modell mit einem Segelboot wird komplett von Hand gefertigt. Alles ist aus Metall, also Hintergrund und Figur. Da es handgemalt ist, kann die Farbe geringf\u00fcgig vom Foto abweichen, sie sind nie genau gleich.Wir haben auch fast die gesamte Kollektion &hellip;<\/p>\n","protected":false},"featured_media":20347,"template":"","meta":{"_acf_changed":false},"product_brand":[],"product_cat":[419,431,410,1355],"product_tag":[],"class_list":{"0":"post-20350","1":"product","2":"type-product","3":"status-publish","4":"has-post-thumbnail","6":"product_cat-3d-gemaelde-aus-metall","7":"product_cat-3d-metallbilder-im-format-60x120cm","8":"product_cat-gemaelde","9":"product_cat-sportdekoration","11":"first","12":"instock","13":"sale","14":"taxable","15":"shipping-taxable","16":"purchasable","17":"product-type-simple"},"acf":[],"yoast_head":"<!-- This site is optimized with the Yoast SEO plugin v23.8 - https:\/\/yoast.com\/wordpress\/plugins\/seo\/ -->\n<title>Metallmalerei 3D 60x120cm Segelboot - Eliassen<\/title>\n<meta name=\"description\" content=\"Auf der Suche nach einem Metallgem\u00e4lde? Bestellen Sie jetzt Metallmalerei 3D Segelboot. Sie k\u00f6nnen ganz einfach ein Gem\u00e4lde auf unserer Website kaufen. \u2713 Gro...\" \/>\n<meta name=\"robots\" content=\"noindex, follow, max-snippet:-1, max-image-preview:large, max-video-preview:-1\" \/>\n<meta property=\"og:locale\" content=\"de_DE\" \/>\n<meta property=\"og:type\" content=\"article\" \/>\n<meta property=\"og:title\" content=\"Metallmalerei 3D 60x120cm Segelboot - Eliassen\" \/>\n<meta property=\"og:description\" content=\"Auf der Suche nach einem Metallgem\u00e4lde? Bestellen Sie jetzt Metallmalerei 3D Segelboot. Sie k\u00f6nnen ganz einfach ein Gem\u00e4lde auf unserer Website kaufen. \u2713 Gro...\" \/>\n<meta property=\"og:url\" content=\"https:\/\/dev.eliassen.nl\/de\/product\/metallmalerei-3d-60x120cm-segelboot\/\" \/>\n<meta property=\"og:site_name\" content=\"Eliassen.nl\" \/>\n<meta property=\"article:publisher\" content=\"https:\/\/www.facebook.com\/TuincentrumEliassenAmmerzoden\" \/>\n<meta property=\"article:modified_time\" content=\"2024-12-05T14:32:34+00:00\" \/>\n<meta property=\"og:image\" content=\"https:\/\/dev.eliassen.nl\/wp-content\/uploads\/2024\/01\/eliassenmetalenschilderij3d60x120cmzeilboot.jpg\" \/>\n\t<meta property=\"og:image:width\" content=\"240\" \/>\n\t<meta property=\"og:image:height\" content=\"240\" \/>\n\t<meta property=\"og:image:type\" content=\"image\/jpeg\" \/>\n<meta name=\"twitter:card\" content=\"summary_large_image\" \/>\n<script type=\"application\/ld+json\" class=\"yoast-schema-graph\">{\"@context\":\"https:\/\/schema.org\",\"@graph\":[{\"@type\":\"WebPage\",\"@id\":\"https:\/\/dev.eliassen.nl\/de\/product\/metallmalerei-3d-60x120cm-segelboot\/\",\"url\":\"https:\/\/dev.eliassen.nl\/de\/product\/metallmalerei-3d-60x120cm-segelboot\/\",\"name\":\"Metallmalerei 3D 60x120cm Segelboot - Eliassen\",\"isPartOf\":{\"@id\":\"https:\/\/dev.eliassen.nl\/de\/#website\"},\"primaryImageOfPage\":{\"@id\":\"https:\/\/dev.eliassen.nl\/de\/product\/metallmalerei-3d-60x120cm-segelboot\/#primaryimage\"},\"image\":{\"@id\":\"https:\/\/dev.eliassen.nl\/de\/product\/metallmalerei-3d-60x120cm-segelboot\/#primaryimage\"},\"thumbnailUrl\":\"https:\/\/dev.eliassen.nl\/wp-content\/uploads\/2024\/01\/eliassenmetalenschilderij3d60x120cmzeilboot.jpg\",\"datePublished\":\"2019-12-04T11:17:40+00:00\",\"dateModified\":\"2024-12-05T14:32:34+00:00\",\"description\":\"Auf der Suche nach einem Metallgem\u00e4lde? Bestellen Sie jetzt Metallmalerei 3D Segelboot. Sie k\u00f6nnen ganz einfach ein Gem\u00e4lde auf unserer Website kaufen. \u2713 Gro...\",\"breadcrumb\":{\"@id\":\"https:\/\/dev.eliassen.nl\/de\/product\/metallmalerei-3d-60x120cm-segelboot\/#breadcrumb\"},\"inLanguage\":\"de\",\"potentialAction\":[{\"@type\":\"ReadAction\",\"target\":[\"https:\/\/dev.eliassen.nl\/de\/product\/metallmalerei-3d-60x120cm-segelboot\/\"]}]},{\"@type\":\"ImageObject\",\"inLanguage\":\"de\",\"@id\":\"https:\/\/dev.eliassen.nl\/de\/product\/metallmalerei-3d-60x120cm-segelboot\/#primaryimage\",\"url\":\"https:\/\/dev.eliassen.nl\/wp-content\/uploads\/2024\/01\/eliassenmetalenschilderij3d60x120cmzeilboot.jpg\",\"contentUrl\":\"https:\/\/dev.eliassen.nl\/wp-content\/uploads\/2024\/01\/eliassenmetalenschilderij3d60x120cmzeilboot.jpg\",\"width\":240,\"height\":240,\"caption\":\"Eliassen Metalen schilderij 3D 60x120cm Zeilboot\"},{\"@type\":\"BreadcrumbList\",\"@id\":\"https:\/\/dev.eliassen.nl\/de\/product\/metallmalerei-3d-60x120cm-segelboot\/#breadcrumb\",\"itemListElement\":[{\"@type\":\"ListItem\",\"position\":1,\"name\":\"Home\",\"item\":\"https:\/\/dev.eliassen.nl\/de\/\"},{\"@type\":\"ListItem\",\"position\":2,\"name\":\"Shop\",\"item\":\"https:\/\/dev.eliassen.nl\/nl\/winkel\/\"},{\"@type\":\"ListItem\",\"position\":3,\"name\":\"Gem\u00e4lde\",\"item\":\"https:\/\/dev.eliassen.nl\/de\/gemaelde\/\"},{\"@type\":\"ListItem\",\"position\":4,\"name\":\"3D-Gem\u00e4lde aus Metall\",\"item\":\"https:\/\/dev.eliassen.nl\/de\/gemaelde\/3d-gemaelde-aus-metall\/\"},{\"@type\":\"ListItem\",\"position\":5,\"name\":\"3D-Metallbilder im Format 60x120cm\",\"item\":\"https:\/\/dev.eliassen.nl\/de\/gemaelde\/3d-gemaelde-aus-metall\/3d-metallbilder-im-format-60x120cm\/\"},{\"@type\":\"ListItem\",\"position\":6,\"name\":\"Metallmalerei 3D 60x120cm Segelboot\"}]},{\"@type\":\"WebSite\",\"@id\":\"https:\/\/dev.eliassen.nl\/de\/#website\",\"url\":\"https:\/\/dev.eliassen.nl\/de\/\",\"name\":\"Eliassen Home & Garden Pleasure\",\"description\":\"\",\"publisher\":{\"@id\":\"https:\/\/dev.eliassen.nl\/de\/#organization\"},\"alternateName\":\"Eliassen.nl\",\"potentialAction\":[{\"@type\":\"SearchAction\",\"target\":{\"@type\":\"EntryPoint\",\"urlTemplate\":\"https:\/\/dev.eliassen.nl\/de\/?s={search_term_string}\"},\"query-input\":{\"@type\":\"PropertyValueSpecification\",\"valueRequired\":true,\"valueName\":\"search_term_string\"}}],\"inLanguage\":\"de\"},{\"@type\":\"Organization\",\"@id\":\"https:\/\/dev.eliassen.nl\/de\/#organization\",\"name\":\"Eliassen Home & Garden Pleasure\",\"url\":\"https:\/\/dev.eliassen.nl\/de\/\",\"logo\":{\"@type\":\"ImageObject\",\"inLanguage\":\"de\",\"@id\":\"https:\/\/dev.eliassen.nl\/de\/#\/schema\/logo\/image\/\",\"url\":\"https:\/\/www.eliassen.nl\/wp-content\/uploads\/2024\/01\/logo_4nd.jpg\",\"contentUrl\":\"https:\/\/www.eliassen.nl\/wp-content\/uploads\/2024\/01\/logo_4nd.jpg\",\"width\":500,\"height\":500,\"caption\":\"Eliassen Home & Garden Pleasure\"},\"image\":{\"@id\":\"https:\/\/dev.eliassen.nl\/de\/#\/schema\/logo\/image\/\"},\"sameAs\":[\"https:\/\/www.facebook.com\/TuincentrumEliassenAmmerzoden\",\"https:\/\/www.instagram.com\/eliassenhomeandgarden\/\",\"https:\/\/nl.pinterest.com\/eliassenhomeandgarden\/\",\"https:\/\/www.youtube.com\/@eliassenhomegardenpleasure4558\"]}]}<\/script>\n<!-- \/ Yoast SEO plugin. -->","yoast_head_json":{"title":"Metallmalerei 3D 60x120cm Segelboot - Eliassen","description":"Auf der Suche nach einem Metallgem\u00e4lde? Bestellen Sie jetzt Metallmalerei 3D Segelboot. Sie k\u00f6nnen ganz einfach ein Gem\u00e4lde auf unserer Website kaufen. \u2713 Gro...","robots":{"index":"noindex","follow":"follow","max-snippet":"max-snippet:-1","max-image-preview":"max-image-preview:large","max-video-preview":"max-video-preview:-1"},"og_locale":"de_DE","og_type":"article","og_title":"Metallmalerei 3D 60x120cm Segelboot - Eliassen","og_description":"Auf der Suche nach einem Metallgem\u00e4lde? Bestellen Sie jetzt Metallmalerei 3D Segelboot. Sie k\u00f6nnen ganz einfach ein Gem\u00e4lde auf unserer Website kaufen. \u2713 Gro...","og_url":"https:\/\/dev.eliassen.nl\/de\/product\/metallmalerei-3d-60x120cm-segelboot\/","og_site_name":"Eliassen.nl","article_publisher":"https:\/\/www.facebook.com\/TuincentrumEliassenAmmerzoden","article_modified_time":"2024-12-05T14:32:34+00:00","og_image":[{"width":240,"height":240,"url":"https:\/\/dev.eliassen.nl\/wp-content\/uploads\/2024\/01\/eliassenmetalenschilderij3d60x120cmzeilboot.jpg","type":"image\/jpeg"}],"twitter_card":"summary_large_image","schema":{"@context":"https:\/\/schema.org","@graph":[{"@type":"WebPage","@id":"https:\/\/dev.eliassen.nl\/de\/product\/metallmalerei-3d-60x120cm-segelboot\/","url":"https:\/\/dev.eliassen.nl\/de\/product\/metallmalerei-3d-60x120cm-segelboot\/","name":"Metallmalerei 3D 60x120cm Segelboot - Eliassen","isPartOf":{"@id":"https:\/\/dev.eliassen.nl\/de\/#website"},"primaryImageOfPage":{"@id":"https:\/\/dev.eliassen.nl\/de\/product\/metallmalerei-3d-60x120cm-segelboot\/#primaryimage"},"image":{"@id":"https:\/\/dev.eliassen.nl\/de\/product\/metallmalerei-3d-60x120cm-segelboot\/#primaryimage"},"thumbnailUrl":"https:\/\/dev.eliassen.nl\/wp-content\/uploads\/2024\/01\/eliassenmetalenschilderij3d60x120cmzeilboot.jpg","datePublished":"2019-12-04T11:17:40+00:00","dateModified":"2024-12-05T14:32:34+00:00","description":"Auf der Suche nach einem Metallgem\u00e4lde? Bestellen Sie jetzt Metallmalerei 3D Segelboot. Sie k\u00f6nnen ganz einfach ein Gem\u00e4lde auf unserer Website kaufen. \u2713 Gro...","breadcrumb":{"@id":"https:\/\/dev.eliassen.nl\/de\/product\/metallmalerei-3d-60x120cm-segelboot\/#breadcrumb"},"inLanguage":"de","potentialAction":[{"@type":"ReadAction","target":["https:\/\/dev.eliassen.nl\/de\/product\/metallmalerei-3d-60x120cm-segelboot\/"]}]},{"@type":"ImageObject","inLanguage":"de","@id":"https:\/\/dev.eliassen.nl\/de\/product\/metallmalerei-3d-60x120cm-segelboot\/#primaryimage","url":"https:\/\/dev.eliassen.nl\/wp-content\/uploads\/2024\/01\/eliassenmetalenschilderij3d60x120cmzeilboot.jpg","contentUrl":"https:\/\/dev.eliassen.nl\/wp-content\/uploads\/2024\/01\/eliassenmetalenschilderij3d60x120cmzeilboot.jpg","width":240,"height":240,"caption":"Eliassen Metalen schilderij 3D 60x120cm Zeilboot"},{"@type":"BreadcrumbList","@id":"https:\/\/dev.eliassen.nl\/de\/product\/metallmalerei-3d-60x120cm-segelboot\/#breadcrumb","itemListElement":[{"@type":"ListItem","position":1,"name":"Home","item":"https:\/\/dev.eliassen.nl\/de\/"},{"@type":"ListItem","position":2,"name":"Shop","item":"https:\/\/dev.eliassen.nl\/nl\/winkel\/"},{"@type":"ListItem","position":3,"name":"Gem\u00e4lde","item":"https:\/\/dev.eliassen.nl\/de\/gemaelde\/"},{"@type":"ListItem","position":4,"name":"3D-Gem\u00e4lde aus Metall","item":"https:\/\/dev.eliassen.nl\/de\/gemaelde\/3d-gemaelde-aus-metall\/"},{"@type":"ListItem","position":5,"name":"3D-Metallbilder im Format 60x120cm","item":"https:\/\/dev.eliassen.nl\/de\/gemaelde\/3d-gemaelde-aus-metall\/3d-metallbilder-im-format-60x120cm\/"},{"@type":"ListItem","position":6,"name":"Metallmalerei 3D 60x120cm Segelboot"}]},{"@type":"WebSite","@id":"https:\/\/dev.eliassen.nl\/de\/#website","url":"https:\/\/dev.eliassen.nl\/de\/","name":"Eliassen Home & Garden Pleasure","description":"","publisher":{"@id":"https:\/\/dev.eliassen.nl\/de\/#organization"},"alternateName":"Eliassen.nl","potentialAction":[{"@type":"SearchAction","target":{"@type":"EntryPoint","urlTemplate":"https:\/\/dev.eliassen.nl\/de\/?s={search_term_string}"},"query-input":{"@type":"PropertyValueSpecification","valueRequired":true,"valueName":"search_term_string"}}],"inLanguage":"de"},{"@type":"Organization","@id":"https:\/\/dev.eliassen.nl\/de\/#organization","name":"Eliassen Home & Garden Pleasure","url":"https:\/\/dev.eliassen.nl\/de\/","logo":{"@type":"ImageObject","inLanguage":"de","@id":"https:\/\/dev.eliassen.nl\/de\/#\/schema\/logo\/image\/","url":"https:\/\/www.eliassen.nl\/wp-content\/uploads\/2024\/01\/logo_4nd.jpg","contentUrl":"https:\/\/www.eliassen.nl\/wp-content\/uploads\/2024\/01\/logo_4nd.jpg","width":500,"height":500,"caption":"Eliassen Home & Garden Pleasure"},"image":{"@id":"https:\/\/dev.eliassen.nl\/de\/#\/schema\/logo\/image\/"},"sameAs":["https:\/\/www.facebook.com\/TuincentrumEliassenAmmerzoden","https:\/\/www.instagram.com\/eliassenhomeandgarden\/","https:\/\/nl.pinterest.com\/eliassenhomeandgarden\/","https:\/\/www.youtube.com\/@eliassenhomegardenpleasure4558"]}]}},"df_price":50,"df_sale_price":50,"df_regular_price":199,"df_image_link":"https:\/\/dev.eliassen.nl\/wp-content\/uploads\/2024\/01\/eliassenmetalenschilderij3d60x120cmzeilboot.jpg","image":"https:\/\/dev.eliassen.nl\/wp-content\/uploads\/2024\/01\/eliassenmetalenschilderij3d60x120cmzeilboot.jpg","price_search":"<span class=\"woocommerce-Price-amount amount\"><bdi><span class=\"woocommerce-Price-currencySymbol\">&euro;<\/span>&nbsp;50,00<\/bdi><\/span>","category":"3D-Gem\u00e4lde aus Metall","_links":{"self":[{"href":"https:\/\/dev.eliassen.nl\/de\/wp-json\/wp\/v2\/product\/20350","targetHints":{"allow":["GET"]}}],"collection":[{"href":"https:\/\/dev.eliassen.nl\/de\/wp-json\/wp\/v2\/product"}],"about":[{"href":"https:\/\/dev.eliassen.nl\/de\/wp-json\/wp\/v2\/types\/product"}],"wp:featuredmedia":[{"embeddable":true,"href":"https:\/\/dev.eliassen.nl\/de\/wp-json\/wp\/v2\/media\/20347"}],"wp:attachment":[{"href":"https:\/\/dev.eliassen.nl\/de\/wp-json\/wp\/v2\/media?parent=20350"}],"wp:term":[{"taxonomy":"product_brand","embeddable":true,"href":"https:\/\/dev.eliassen.nl\/de\/wp-json\/wp\/v2\/product_brand?post=20350"},{"taxonomy":"product_cat","embeddable":true,"href":"https:\/\/dev.eliassen.nl\/de\/wp-json\/wp\/v2\/product_cat?post=20350"},{"taxonomy":"product_tag","embeddable":true,"href":"https:\/\/dev.eliassen.nl\/de\/wp-json\/wp\/v2\/product_tag?post=20350"}],"curies":[{"name":"wp","href":"https:\/\/api.w.org\/{rel}","templated":true}]}}