{"id":20446,"date":"2019-12-04T12:32:08","date_gmt":"2019-12-04T11:32:08","guid":{"rendered":"https:\/\/www.eliassen.nl\/?product=bronzen-beeld-jonge-uil"},"modified":"2024-12-05T15:32:49","modified_gmt":"2024-12-05T14:32:49","slug":"bronzeskulptur-junge-eule","status":"publish","type":"product","link":"https:\/\/dev.eliassen.nl\/de\/product\/bronzeskulptur-junge-eule\/","title":{"rendered":"Bronzeskulptur Junge Eule"},"content":{"rendered":"<div class=\"product-tabs row\">\n<div class=\"tabsPages\">\n<div class=\"page info active\">\n<p>Wundersch\u00f6n gestaltete Skulptur einer Eule aus 100 % Bronze mit einem Kupfergehalt von mindestens 75 %.<\/p>\n<p>Sch\u00f6n, um Ihr Zuhause oder Gesch\u00e4ft zu versch\u00f6nern, aber auch ein sch\u00f6nes Geschenk f\u00fcr ein Jubil\u00e4um oder einen Geburtstag.<\/p>\n<p>Vergessen Sie nicht, unseren Laden zu besuchen, wir haben die gr\u00f6\u00dfte Sammlung von Bronzestatuen in den Niederlanden!<\/p>\n<ul>\n<li>Gr\u00f6\u00dfe: 25 x 12 x 12 cm.<\/li>\n<li>Garantie: 20 Jahre.<\/li>\n<li>Schnelle Lieferung.<\/li>\n<li>Ausstellungsraum mit mindestens 400 Bronzegegenst\u00e4nden.<\/li>\n<\/ul>\n<\/div>\n<\/div>\n<\/div>\n<div class=\"product-actions row\">\n<div class=\"social-media col-xs-12 col-md-4\">\n<div class=\"social-block social-block-facebook\">\u00a0<\/div>\n<\/div>\n<\/div>\n","protected":false},"excerpt":{"rendered":"<p>Wundersch\u00f6n gestaltete Skulptur einer Eule aus 100 % Bronze mit einem Kupfergehalt von mindestens 75 %. Sch\u00f6n, um Ihr Zuhause oder Gesch\u00e4ft zu versch\u00f6nern, aber auch ein sch\u00f6nes Geschenk f\u00fcr ein Jubil\u00e4um oder einen Geburtstag. Vergessen Sie nicht, unseren Laden zu besuchen, wir haben die gr\u00f6\u00dfte Sammlung von Bronzestatuen in den Niederlanden! Gr\u00f6\u00dfe: 25 x &hellip;<\/p>\n","protected":false},"featured_media":20443,"template":"","meta":{"_acf_changed":false},"product_brand":[],"product_cat":[613,635,7239],"product_tag":[],"class_list":{"0":"post-20446","1":"product","2":"type-product","3":"status-publish","4":"has-post-thumbnail","6":"product_cat-bronzestatuen","7":"product_cat-tierstatuen-aus-bronze","8":"product_cat-statuen-skulpturen","10":"first","11":"instock","12":"taxable","13":"shipping-taxable","14":"purchasable","15":"product-type-simple"},"acf":[],"yoast_head":"<!-- This site is optimized with the Yoast SEO plugin v23.8 - https:\/\/yoast.com\/wordpress\/plugins\/seo\/ -->\n<title>Bronzeskulptur Junge Eule - Eliassen<\/title>\n<meta name=\"description\" content=\"Suchen Sie ein Bild? Bestellen Sie jetzt Bronzestatue einer jungen Eule. Auf unserer Website k\u00f6nnen Sie ganz einfach eine Bronzestatue kaufen. \u2713 Breites Sort...\" \/>\n<meta name=\"robots\" content=\"noindex, follow, max-snippet:-1, max-image-preview:large, max-video-preview:-1\" \/>\n<meta property=\"og:locale\" content=\"de_DE\" \/>\n<meta property=\"og:type\" content=\"article\" \/>\n<meta property=\"og:title\" content=\"Bronzeskulptur Junge Eule - Eliassen\" \/>\n<meta property=\"og:description\" content=\"Suchen Sie ein Bild? Bestellen Sie jetzt Bronzestatue einer jungen Eule. Auf unserer Website k\u00f6nnen Sie ganz einfach eine Bronzestatue kaufen. \u2713 Breites Sort...\" \/>\n<meta property=\"og:url\" content=\"https:\/\/dev.eliassen.nl\/de\/product\/bronzeskulptur-junge-eule\/\" \/>\n<meta property=\"og:site_name\" content=\"Eliassen.nl\" \/>\n<meta property=\"article:publisher\" content=\"https:\/\/www.facebook.com\/TuincentrumEliassenAmmerzoden\" \/>\n<meta property=\"article:modified_time\" content=\"2024-12-05T14:32:49+00:00\" \/>\n<meta property=\"og:image\" content=\"https:\/\/dev.eliassen.nl\/wp-content\/uploads\/2024\/01\/eliassenbronzenbeeldjongeuil.jpg\" \/>\n\t<meta property=\"og:image:width\" content=\"300\" \/>\n\t<meta property=\"og:image:height\" content=\"300\" \/>\n\t<meta property=\"og:image:type\" content=\"image\/jpeg\" \/>\n<meta name=\"twitter:card\" content=\"summary_large_image\" \/>\n<script type=\"application\/ld+json\" class=\"yoast-schema-graph\">{\"@context\":\"https:\/\/schema.org\",\"@graph\":[{\"@type\":\"WebPage\",\"@id\":\"https:\/\/dev.eliassen.nl\/de\/product\/bronzeskulptur-junge-eule\/\",\"url\":\"https:\/\/dev.eliassen.nl\/de\/product\/bronzeskulptur-junge-eule\/\",\"name\":\"Bronzeskulptur Junge Eule - Eliassen\",\"isPartOf\":{\"@id\":\"https:\/\/dev.eliassen.nl\/de\/#website\"},\"primaryImageOfPage\":{\"@id\":\"https:\/\/dev.eliassen.nl\/de\/product\/bronzeskulptur-junge-eule\/#primaryimage\"},\"image\":{\"@id\":\"https:\/\/dev.eliassen.nl\/de\/product\/bronzeskulptur-junge-eule\/#primaryimage\"},\"thumbnailUrl\":\"https:\/\/dev.eliassen.nl\/wp-content\/uploads\/2024\/01\/eliassenbronzenbeeldjongeuil.jpg\",\"datePublished\":\"2019-12-04T11:32:08+00:00\",\"dateModified\":\"2024-12-05T14:32:49+00:00\",\"description\":\"Suchen Sie ein Bild? Bestellen Sie jetzt Bronzestatue einer jungen Eule. Auf unserer Website k\u00f6nnen Sie ganz einfach eine Bronzestatue kaufen. \u2713 Breites Sort...\",\"breadcrumb\":{\"@id\":\"https:\/\/dev.eliassen.nl\/de\/product\/bronzeskulptur-junge-eule\/#breadcrumb\"},\"inLanguage\":\"de\",\"potentialAction\":[{\"@type\":\"ReadAction\",\"target\":[\"https:\/\/dev.eliassen.nl\/de\/product\/bronzeskulptur-junge-eule\/\"]}]},{\"@type\":\"ImageObject\",\"inLanguage\":\"de\",\"@id\":\"https:\/\/dev.eliassen.nl\/de\/product\/bronzeskulptur-junge-eule\/#primaryimage\",\"url\":\"https:\/\/dev.eliassen.nl\/wp-content\/uploads\/2024\/01\/eliassenbronzenbeeldjongeuil.jpg\",\"contentUrl\":\"https:\/\/dev.eliassen.nl\/wp-content\/uploads\/2024\/01\/eliassenbronzenbeeldjongeuil.jpg\",\"width\":300,\"height\":300,\"caption\":\"Eliassen Bronzen beeld jonge uil\"},{\"@type\":\"BreadcrumbList\",\"@id\":\"https:\/\/dev.eliassen.nl\/de\/product\/bronzeskulptur-junge-eule\/#breadcrumb\",\"itemListElement\":[{\"@type\":\"ListItem\",\"position\":1,\"name\":\"Home\",\"item\":\"https:\/\/dev.eliassen.nl\/de\/\"},{\"@type\":\"ListItem\",\"position\":2,\"name\":\"Shop\",\"item\":\"https:\/\/dev.eliassen.nl\/nl\/winkel\/\"},{\"@type\":\"ListItem\",\"position\":3,\"name\":\"Bronzestatuen\",\"item\":\"https:\/\/dev.eliassen.nl\/de\/bilder\/bronzestatuen\/\"},{\"@type\":\"ListItem\",\"position\":4,\"name\":\"Tierstatuen aus Bronze\",\"item\":\"https:\/\/dev.eliassen.nl\/de\/bilder\/bronzestatuen\/tierstatuen-aus-bronze\/\"},{\"@type\":\"ListItem\",\"position\":5,\"name\":\"Bronzeskulptur Junge Eule\"}]},{\"@type\":\"WebSite\",\"@id\":\"https:\/\/dev.eliassen.nl\/de\/#website\",\"url\":\"https:\/\/dev.eliassen.nl\/de\/\",\"name\":\"Eliassen Home & Garden Pleasure\",\"description\":\"\",\"publisher\":{\"@id\":\"https:\/\/dev.eliassen.nl\/de\/#organization\"},\"alternateName\":\"Eliassen.nl\",\"potentialAction\":[{\"@type\":\"SearchAction\",\"target\":{\"@type\":\"EntryPoint\",\"urlTemplate\":\"https:\/\/dev.eliassen.nl\/de\/?s={search_term_string}\"},\"query-input\":{\"@type\":\"PropertyValueSpecification\",\"valueRequired\":true,\"valueName\":\"search_term_string\"}}],\"inLanguage\":\"de\"},{\"@type\":\"Organization\",\"@id\":\"https:\/\/dev.eliassen.nl\/de\/#organization\",\"name\":\"Eliassen Home & Garden Pleasure\",\"url\":\"https:\/\/dev.eliassen.nl\/de\/\",\"logo\":{\"@type\":\"ImageObject\",\"inLanguage\":\"de\",\"@id\":\"https:\/\/dev.eliassen.nl\/de\/#\/schema\/logo\/image\/\",\"url\":\"https:\/\/www.eliassen.nl\/wp-content\/uploads\/2024\/01\/logo_4nd.jpg\",\"contentUrl\":\"https:\/\/www.eliassen.nl\/wp-content\/uploads\/2024\/01\/logo_4nd.jpg\",\"width\":500,\"height\":500,\"caption\":\"Eliassen Home & Garden Pleasure\"},\"image\":{\"@id\":\"https:\/\/dev.eliassen.nl\/de\/#\/schema\/logo\/image\/\"},\"sameAs\":[\"https:\/\/www.facebook.com\/TuincentrumEliassenAmmerzoden\",\"https:\/\/www.instagram.com\/eliassenhomeandgarden\/\",\"https:\/\/nl.pinterest.com\/eliassenhomeandgarden\/\",\"https:\/\/www.youtube.com\/@eliassenhomegardenpleasure4558\"]}]}<\/script>\n<!-- \/ Yoast SEO plugin. -->","yoast_head_json":{"title":"Bronzeskulptur Junge Eule - Eliassen","description":"Suchen Sie ein Bild? Bestellen Sie jetzt Bronzestatue einer jungen Eule. Auf unserer Website k\u00f6nnen Sie ganz einfach eine Bronzestatue kaufen. \u2713 Breites Sort...","robots":{"index":"noindex","follow":"follow","max-snippet":"max-snippet:-1","max-image-preview":"max-image-preview:large","max-video-preview":"max-video-preview:-1"},"og_locale":"de_DE","og_type":"article","og_title":"Bronzeskulptur Junge Eule - Eliassen","og_description":"Suchen Sie ein Bild? Bestellen Sie jetzt Bronzestatue einer jungen Eule. Auf unserer Website k\u00f6nnen Sie ganz einfach eine Bronzestatue kaufen. \u2713 Breites Sort...","og_url":"https:\/\/dev.eliassen.nl\/de\/product\/bronzeskulptur-junge-eule\/","og_site_name":"Eliassen.nl","article_publisher":"https:\/\/www.facebook.com\/TuincentrumEliassenAmmerzoden","article_modified_time":"2024-12-05T14:32:49+00:00","og_image":[{"width":300,"height":300,"url":"https:\/\/dev.eliassen.nl\/wp-content\/uploads\/2024\/01\/eliassenbronzenbeeldjongeuil.jpg","type":"image\/jpeg"}],"twitter_card":"summary_large_image","schema":{"@context":"https:\/\/schema.org","@graph":[{"@type":"WebPage","@id":"https:\/\/dev.eliassen.nl\/de\/product\/bronzeskulptur-junge-eule\/","url":"https:\/\/dev.eliassen.nl\/de\/product\/bronzeskulptur-junge-eule\/","name":"Bronzeskulptur Junge Eule - Eliassen","isPartOf":{"@id":"https:\/\/dev.eliassen.nl\/de\/#website"},"primaryImageOfPage":{"@id":"https:\/\/dev.eliassen.nl\/de\/product\/bronzeskulptur-junge-eule\/#primaryimage"},"image":{"@id":"https:\/\/dev.eliassen.nl\/de\/product\/bronzeskulptur-junge-eule\/#primaryimage"},"thumbnailUrl":"https:\/\/dev.eliassen.nl\/wp-content\/uploads\/2024\/01\/eliassenbronzenbeeldjongeuil.jpg","datePublished":"2019-12-04T11:32:08+00:00","dateModified":"2024-12-05T14:32:49+00:00","description":"Suchen Sie ein Bild? Bestellen Sie jetzt Bronzestatue einer jungen Eule. Auf unserer Website k\u00f6nnen Sie ganz einfach eine Bronzestatue kaufen. \u2713 Breites Sort...","breadcrumb":{"@id":"https:\/\/dev.eliassen.nl\/de\/product\/bronzeskulptur-junge-eule\/#breadcrumb"},"inLanguage":"de","potentialAction":[{"@type":"ReadAction","target":["https:\/\/dev.eliassen.nl\/de\/product\/bronzeskulptur-junge-eule\/"]}]},{"@type":"ImageObject","inLanguage":"de","@id":"https:\/\/dev.eliassen.nl\/de\/product\/bronzeskulptur-junge-eule\/#primaryimage","url":"https:\/\/dev.eliassen.nl\/wp-content\/uploads\/2024\/01\/eliassenbronzenbeeldjongeuil.jpg","contentUrl":"https:\/\/dev.eliassen.nl\/wp-content\/uploads\/2024\/01\/eliassenbronzenbeeldjongeuil.jpg","width":300,"height":300,"caption":"Eliassen Bronzen beeld jonge uil"},{"@type":"BreadcrumbList","@id":"https:\/\/dev.eliassen.nl\/de\/product\/bronzeskulptur-junge-eule\/#breadcrumb","itemListElement":[{"@type":"ListItem","position":1,"name":"Home","item":"https:\/\/dev.eliassen.nl\/de\/"},{"@type":"ListItem","position":2,"name":"Shop","item":"https:\/\/dev.eliassen.nl\/nl\/winkel\/"},{"@type":"ListItem","position":3,"name":"Bronzestatuen","item":"https:\/\/dev.eliassen.nl\/de\/bilder\/bronzestatuen\/"},{"@type":"ListItem","position":4,"name":"Tierstatuen aus Bronze","item":"https:\/\/dev.eliassen.nl\/de\/bilder\/bronzestatuen\/tierstatuen-aus-bronze\/"},{"@type":"ListItem","position":5,"name":"Bronzeskulptur Junge Eule"}]},{"@type":"WebSite","@id":"https:\/\/dev.eliassen.nl\/de\/#website","url":"https:\/\/dev.eliassen.nl\/de\/","name":"Eliassen Home & Garden Pleasure","description":"","publisher":{"@id":"https:\/\/dev.eliassen.nl\/de\/#organization"},"alternateName":"Eliassen.nl","potentialAction":[{"@type":"SearchAction","target":{"@type":"EntryPoint","urlTemplate":"https:\/\/dev.eliassen.nl\/de\/?s={search_term_string}"},"query-input":{"@type":"PropertyValueSpecification","valueRequired":true,"valueName":"search_term_string"}}],"inLanguage":"de"},{"@type":"Organization","@id":"https:\/\/dev.eliassen.nl\/de\/#organization","name":"Eliassen Home & Garden Pleasure","url":"https:\/\/dev.eliassen.nl\/de\/","logo":{"@type":"ImageObject","inLanguage":"de","@id":"https:\/\/dev.eliassen.nl\/de\/#\/schema\/logo\/image\/","url":"https:\/\/www.eliassen.nl\/wp-content\/uploads\/2024\/01\/logo_4nd.jpg","contentUrl":"https:\/\/www.eliassen.nl\/wp-content\/uploads\/2024\/01\/logo_4nd.jpg","width":500,"height":500,"caption":"Eliassen Home & Garden Pleasure"},"image":{"@id":"https:\/\/dev.eliassen.nl\/de\/#\/schema\/logo\/image\/"},"sameAs":["https:\/\/www.facebook.com\/TuincentrumEliassenAmmerzoden","https:\/\/www.instagram.com\/eliassenhomeandgarden\/","https:\/\/nl.pinterest.com\/eliassenhomeandgarden\/","https:\/\/www.youtube.com\/@eliassenhomegardenpleasure4558"]}]}},"df_price":115,"df_sale_price":"","df_regular_price":115,"df_image_link":"https:\/\/dev.eliassen.nl\/wp-content\/uploads\/2024\/01\/eliassenbronzenbeeldjongeuil.jpg","image":"https:\/\/dev.eliassen.nl\/wp-content\/uploads\/2024\/01\/eliassenbronzenbeeldjongeuil.jpg","price_search":"<span class=\"woocommerce-Price-amount amount\"><bdi><span class=\"woocommerce-Price-currencySymbol\">&euro;<\/span>&nbsp;115,00<\/bdi><\/span>","category":"Bronzestatuen","_links":{"self":[{"href":"https:\/\/dev.eliassen.nl\/de\/wp-json\/wp\/v2\/product\/20446","targetHints":{"allow":["GET"]}}],"collection":[{"href":"https:\/\/dev.eliassen.nl\/de\/wp-json\/wp\/v2\/product"}],"about":[{"href":"https:\/\/dev.eliassen.nl\/de\/wp-json\/wp\/v2\/types\/product"}],"wp:featuredmedia":[{"embeddable":true,"href":"https:\/\/dev.eliassen.nl\/de\/wp-json\/wp\/v2\/media\/20443"}],"wp:attachment":[{"href":"https:\/\/dev.eliassen.nl\/de\/wp-json\/wp\/v2\/media?parent=20446"}],"wp:term":[{"taxonomy":"product_brand","embeddable":true,"href":"https:\/\/dev.eliassen.nl\/de\/wp-json\/wp\/v2\/product_brand?post=20446"},{"taxonomy":"product_cat","embeddable":true,"href":"https:\/\/dev.eliassen.nl\/de\/wp-json\/wp\/v2\/product_cat?post=20446"},{"taxonomy":"product_tag","embeddable":true,"href":"https:\/\/dev.eliassen.nl\/de\/wp-json\/wp\/v2\/product_tag?post=20446"}],"curies":[{"name":"wp","href":"https:\/\/api.w.org\/{rel}","templated":true}]}}