{"id":20470,"date":"2019-12-04T12:32:47","date_gmt":"2019-12-04T11:32:47","guid":{"rendered":"https:\/\/www.eliassen.nl\/?product=muranostijl-glazen-beeld-pelikaan"},"modified":"2024-12-05T15:32:51","modified_gmt":"2024-12-05T14:32:51","slug":"glaspelikanskulptur-im-murano-stil","status":"publish","type":"product","link":"https:\/\/dev.eliassen.nl\/de\/product\/glaspelikanskulptur-im-murano-stil\/","title":{"rendered":"Glaspelikanskulptur im Murano-Stil"},"content":{"rendered":"<div class=\"product-tabs row\">\n<div class=\"tabsPages\">\n<div class=\"page info active\">\n<div class=\"product-tabs row\">\n<div class=\"tabsPages\">\n<div class=\"page info active\">\n<p>Dieses einzigartige Glasdekorationsobjekt in Form eines Pelikans ist ein wundersch\u00f6nes Dekorationsst\u00fcck f\u00fcr Ihr Zuhause oder zum Verschenken. Dieser Glaspelikan wird auf die gleiche Weise hergestellt wie das alte und ber\u00fchmte Murano-Glas aus Italien. Authentisch mundgeblasen aus verschiedenen Glasfarben, die miteinander verschmolzen sind.<\/p>\n<p>Da dieses St\u00fcck Glasdekoration handgefertigt ist, ist jedes St\u00fcck dieser Serie in Form und Farbe einzigartig, sodass Ihre Glasdekoration vom Foto abweichen kann.<\/p>\n<p>Sie k\u00f6nnen diese Serie von Glaskunst auch in unserem Shop ansehen.<\/p>\n<p>Handgemacht nach der alten Murano-Methode<br \/>Aus massivem Glas<br \/>Gr\u00f6\u00dfe: 25x10x14cm<\/p>\n<\/div>\n<\/div>\n<\/div>\n<\/div>\n<\/div>\n<\/div>\n","protected":false},"excerpt":{"rendered":"<p>Dieses einzigartige Glasdekorationsobjekt in Form eines Pelikans ist ein wundersch\u00f6nes Dekorationsst\u00fcck f\u00fcr Ihr Zuhause oder zum Verschenken. Dieser Glaspelikan wird auf die gleiche Weise hergestellt wie das alte und ber\u00fchmte Murano-Glas aus Italien. Authentisch mundgeblasen aus verschiedenen Glasfarben, die miteinander verschmolzen sind. Da dieses St\u00fcck Glasdekoration handgefertigt ist, ist jedes St\u00fcck dieser Serie in Form &hellip;<\/p>\n","protected":false},"featured_media":20461,"template":"","meta":{"_acf_changed":false},"product_brand":[],"product_cat":[800,824],"product_tag":[],"class_list":{"0":"post-20470","1":"product","2":"type-product","3":"status-publish","4":"has-post-thumbnail","6":"product_cat-glaskunst","7":"product_cat-tierfiguren-aus-glas","9":"first","10":"instock","11":"taxable","12":"shipping-taxable","13":"purchasable","14":"product-type-simple"},"acf":[],"yoast_head":"<!-- This site is optimized with the Yoast SEO plugin v23.8 - https:\/\/yoast.com\/wordpress\/plugins\/seo\/ -->\n<title>Glasskulptur Pelikan im Murano-Stil - Eliassen<\/title>\n<meta name=\"description\" content=\"Auf der Suche nach einer Glasskulptur? Bestellen Sie jetzt Glaspelikanskulpturen im Murano-Stil. Auf unserer Website k\u00f6nnen Sie ganz einfach Glaskunst kaufen...\" \/>\n<meta name=\"robots\" content=\"noindex, follow, max-snippet:-1, max-image-preview:large, max-video-preview:-1\" \/>\n<meta property=\"og:locale\" content=\"de_DE\" \/>\n<meta property=\"og:type\" content=\"article\" \/>\n<meta property=\"og:title\" content=\"Glasskulptur Pelikan im Murano-Stil - Eliassen\" \/>\n<meta property=\"og:description\" content=\"Auf der Suche nach einer Glasskulptur? Bestellen Sie jetzt Glaspelikanskulpturen im Murano-Stil. Auf unserer Website k\u00f6nnen Sie ganz einfach Glaskunst kaufen...\" \/>\n<meta property=\"og:url\" content=\"https:\/\/dev.eliassen.nl\/de\/product\/glaspelikanskulptur-im-murano-stil\/\" \/>\n<meta property=\"og:site_name\" content=\"Eliassen.nl\" \/>\n<meta property=\"article:publisher\" content=\"https:\/\/www.facebook.com\/TuincentrumEliassenAmmerzoden\" \/>\n<meta property=\"article:modified_time\" content=\"2024-12-05T14:32:51+00:00\" \/>\n<meta property=\"og:image\" content=\"https:\/\/dev.eliassen.nl\/wp-content\/uploads\/2024\/01\/eliassenmuranostijlglazenbeeldpelikaan.jpg\" \/>\n\t<meta property=\"og:image:width\" content=\"1806\" \/>\n\t<meta property=\"og:image:height\" content=\"2048\" \/>\n\t<meta property=\"og:image:type\" content=\"image\/jpeg\" \/>\n<meta name=\"twitter:card\" content=\"summary_large_image\" \/>\n<script type=\"application\/ld+json\" class=\"yoast-schema-graph\">{\"@context\":\"https:\/\/schema.org\",\"@graph\":[{\"@type\":\"WebPage\",\"@id\":\"https:\/\/dev.eliassen.nl\/de\/product\/glaspelikanskulptur-im-murano-stil\/\",\"url\":\"https:\/\/dev.eliassen.nl\/de\/product\/glaspelikanskulptur-im-murano-stil\/\",\"name\":\"Glasskulptur Pelikan im Murano-Stil - Eliassen\",\"isPartOf\":{\"@id\":\"https:\/\/dev.eliassen.nl\/de\/#website\"},\"primaryImageOfPage\":{\"@id\":\"https:\/\/dev.eliassen.nl\/de\/product\/glaspelikanskulptur-im-murano-stil\/#primaryimage\"},\"image\":{\"@id\":\"https:\/\/dev.eliassen.nl\/de\/product\/glaspelikanskulptur-im-murano-stil\/#primaryimage\"},\"thumbnailUrl\":\"https:\/\/dev.eliassen.nl\/wp-content\/uploads\/2024\/01\/eliassenmuranostijlglazenbeeldpelikaan.jpg\",\"datePublished\":\"2019-12-04T11:32:47+00:00\",\"dateModified\":\"2024-12-05T14:32:51+00:00\",\"description\":\"Auf der Suche nach einer Glasskulptur? Bestellen Sie jetzt Glaspelikanskulpturen im Murano-Stil. Auf unserer Website k\u00f6nnen Sie ganz einfach Glaskunst kaufen...\",\"breadcrumb\":{\"@id\":\"https:\/\/dev.eliassen.nl\/de\/product\/glaspelikanskulptur-im-murano-stil\/#breadcrumb\"},\"inLanguage\":\"de\",\"potentialAction\":[{\"@type\":\"ReadAction\",\"target\":[\"https:\/\/dev.eliassen.nl\/de\/product\/glaspelikanskulptur-im-murano-stil\/\"]}]},{\"@type\":\"ImageObject\",\"inLanguage\":\"de\",\"@id\":\"https:\/\/dev.eliassen.nl\/de\/product\/glaspelikanskulptur-im-murano-stil\/#primaryimage\",\"url\":\"https:\/\/dev.eliassen.nl\/wp-content\/uploads\/2024\/01\/eliassenmuranostijlglazenbeeldpelikaan.jpg\",\"contentUrl\":\"https:\/\/dev.eliassen.nl\/wp-content\/uploads\/2024\/01\/eliassenmuranostijlglazenbeeldpelikaan.jpg\",\"width\":1806,\"height\":2048,\"caption\":\"Eliassen Muranostijl glazen beeld pelikaan\"},{\"@type\":\"BreadcrumbList\",\"@id\":\"https:\/\/dev.eliassen.nl\/de\/product\/glaspelikanskulptur-im-murano-stil\/#breadcrumb\",\"itemListElement\":[{\"@type\":\"ListItem\",\"position\":1,\"name\":\"Home\",\"item\":\"https:\/\/dev.eliassen.nl\/de\/\"},{\"@type\":\"ListItem\",\"position\":2,\"name\":\"Shop\",\"item\":\"https:\/\/dev.eliassen.nl\/nl\/winkel\/\"},{\"@type\":\"ListItem\",\"position\":3,\"name\":\"Glaskunst\",\"item\":\"https:\/\/dev.eliassen.nl\/de\/glaskunst\/\"},{\"@type\":\"ListItem\",\"position\":4,\"name\":\"Tierfiguren aus Glas\",\"item\":\"https:\/\/dev.eliassen.nl\/de\/glaskunst\/tierfiguren-aus-glas\/\"},{\"@type\":\"ListItem\",\"position\":5,\"name\":\"Glaspelikanskulptur im Murano-Stil\"}]},{\"@type\":\"WebSite\",\"@id\":\"https:\/\/dev.eliassen.nl\/de\/#website\",\"url\":\"https:\/\/dev.eliassen.nl\/de\/\",\"name\":\"Eliassen Home & Garden Pleasure\",\"description\":\"\",\"publisher\":{\"@id\":\"https:\/\/dev.eliassen.nl\/de\/#organization\"},\"alternateName\":\"Eliassen.nl\",\"potentialAction\":[{\"@type\":\"SearchAction\",\"target\":{\"@type\":\"EntryPoint\",\"urlTemplate\":\"https:\/\/dev.eliassen.nl\/de\/?s={search_term_string}\"},\"query-input\":{\"@type\":\"PropertyValueSpecification\",\"valueRequired\":true,\"valueName\":\"search_term_string\"}}],\"inLanguage\":\"de\"},{\"@type\":\"Organization\",\"@id\":\"https:\/\/dev.eliassen.nl\/de\/#organization\",\"name\":\"Eliassen Home & Garden Pleasure\",\"url\":\"https:\/\/dev.eliassen.nl\/de\/\",\"logo\":{\"@type\":\"ImageObject\",\"inLanguage\":\"de\",\"@id\":\"https:\/\/dev.eliassen.nl\/de\/#\/schema\/logo\/image\/\",\"url\":\"https:\/\/www.eliassen.nl\/wp-content\/uploads\/2024\/01\/logo_4nd.jpg\",\"contentUrl\":\"https:\/\/www.eliassen.nl\/wp-content\/uploads\/2024\/01\/logo_4nd.jpg\",\"width\":500,\"height\":500,\"caption\":\"Eliassen Home & Garden Pleasure\"},\"image\":{\"@id\":\"https:\/\/dev.eliassen.nl\/de\/#\/schema\/logo\/image\/\"},\"sameAs\":[\"https:\/\/www.facebook.com\/TuincentrumEliassenAmmerzoden\",\"https:\/\/www.instagram.com\/eliassenhomeandgarden\/\",\"https:\/\/nl.pinterest.com\/eliassenhomeandgarden\/\",\"https:\/\/www.youtube.com\/@eliassenhomegardenpleasure4558\"]}]}<\/script>\n<!-- \/ Yoast SEO plugin. -->","yoast_head_json":{"title":"Glasskulptur Pelikan im Murano-Stil - Eliassen","description":"Auf der Suche nach einer Glasskulptur? Bestellen Sie jetzt Glaspelikanskulpturen im Murano-Stil. Auf unserer Website k\u00f6nnen Sie ganz einfach Glaskunst kaufen...","robots":{"index":"noindex","follow":"follow","max-snippet":"max-snippet:-1","max-image-preview":"max-image-preview:large","max-video-preview":"max-video-preview:-1"},"og_locale":"de_DE","og_type":"article","og_title":"Glasskulptur Pelikan im Murano-Stil - Eliassen","og_description":"Auf der Suche nach einer Glasskulptur? Bestellen Sie jetzt Glaspelikanskulpturen im Murano-Stil. Auf unserer Website k\u00f6nnen Sie ganz einfach Glaskunst kaufen...","og_url":"https:\/\/dev.eliassen.nl\/de\/product\/glaspelikanskulptur-im-murano-stil\/","og_site_name":"Eliassen.nl","article_publisher":"https:\/\/www.facebook.com\/TuincentrumEliassenAmmerzoden","article_modified_time":"2024-12-05T14:32:51+00:00","og_image":[{"width":1806,"height":2048,"url":"https:\/\/dev.eliassen.nl\/wp-content\/uploads\/2024\/01\/eliassenmuranostijlglazenbeeldpelikaan.jpg","type":"image\/jpeg"}],"twitter_card":"summary_large_image","schema":{"@context":"https:\/\/schema.org","@graph":[{"@type":"WebPage","@id":"https:\/\/dev.eliassen.nl\/de\/product\/glaspelikanskulptur-im-murano-stil\/","url":"https:\/\/dev.eliassen.nl\/de\/product\/glaspelikanskulptur-im-murano-stil\/","name":"Glasskulptur Pelikan im Murano-Stil - Eliassen","isPartOf":{"@id":"https:\/\/dev.eliassen.nl\/de\/#website"},"primaryImageOfPage":{"@id":"https:\/\/dev.eliassen.nl\/de\/product\/glaspelikanskulptur-im-murano-stil\/#primaryimage"},"image":{"@id":"https:\/\/dev.eliassen.nl\/de\/product\/glaspelikanskulptur-im-murano-stil\/#primaryimage"},"thumbnailUrl":"https:\/\/dev.eliassen.nl\/wp-content\/uploads\/2024\/01\/eliassenmuranostijlglazenbeeldpelikaan.jpg","datePublished":"2019-12-04T11:32:47+00:00","dateModified":"2024-12-05T14:32:51+00:00","description":"Auf der Suche nach einer Glasskulptur? Bestellen Sie jetzt Glaspelikanskulpturen im Murano-Stil. Auf unserer Website k\u00f6nnen Sie ganz einfach Glaskunst kaufen...","breadcrumb":{"@id":"https:\/\/dev.eliassen.nl\/de\/product\/glaspelikanskulptur-im-murano-stil\/#breadcrumb"},"inLanguage":"de","potentialAction":[{"@type":"ReadAction","target":["https:\/\/dev.eliassen.nl\/de\/product\/glaspelikanskulptur-im-murano-stil\/"]}]},{"@type":"ImageObject","inLanguage":"de","@id":"https:\/\/dev.eliassen.nl\/de\/product\/glaspelikanskulptur-im-murano-stil\/#primaryimage","url":"https:\/\/dev.eliassen.nl\/wp-content\/uploads\/2024\/01\/eliassenmuranostijlglazenbeeldpelikaan.jpg","contentUrl":"https:\/\/dev.eliassen.nl\/wp-content\/uploads\/2024\/01\/eliassenmuranostijlglazenbeeldpelikaan.jpg","width":1806,"height":2048,"caption":"Eliassen Muranostijl glazen beeld pelikaan"},{"@type":"BreadcrumbList","@id":"https:\/\/dev.eliassen.nl\/de\/product\/glaspelikanskulptur-im-murano-stil\/#breadcrumb","itemListElement":[{"@type":"ListItem","position":1,"name":"Home","item":"https:\/\/dev.eliassen.nl\/de\/"},{"@type":"ListItem","position":2,"name":"Shop","item":"https:\/\/dev.eliassen.nl\/nl\/winkel\/"},{"@type":"ListItem","position":3,"name":"Glaskunst","item":"https:\/\/dev.eliassen.nl\/de\/glaskunst\/"},{"@type":"ListItem","position":4,"name":"Tierfiguren aus Glas","item":"https:\/\/dev.eliassen.nl\/de\/glaskunst\/tierfiguren-aus-glas\/"},{"@type":"ListItem","position":5,"name":"Glaspelikanskulptur im Murano-Stil"}]},{"@type":"WebSite","@id":"https:\/\/dev.eliassen.nl\/de\/#website","url":"https:\/\/dev.eliassen.nl\/de\/","name":"Eliassen Home & Garden Pleasure","description":"","publisher":{"@id":"https:\/\/dev.eliassen.nl\/de\/#organization"},"alternateName":"Eliassen.nl","potentialAction":[{"@type":"SearchAction","target":{"@type":"EntryPoint","urlTemplate":"https:\/\/dev.eliassen.nl\/de\/?s={search_term_string}"},"query-input":{"@type":"PropertyValueSpecification","valueRequired":true,"valueName":"search_term_string"}}],"inLanguage":"de"},{"@type":"Organization","@id":"https:\/\/dev.eliassen.nl\/de\/#organization","name":"Eliassen Home & Garden Pleasure","url":"https:\/\/dev.eliassen.nl\/de\/","logo":{"@type":"ImageObject","inLanguage":"de","@id":"https:\/\/dev.eliassen.nl\/de\/#\/schema\/logo\/image\/","url":"https:\/\/www.eliassen.nl\/wp-content\/uploads\/2024\/01\/logo_4nd.jpg","contentUrl":"https:\/\/www.eliassen.nl\/wp-content\/uploads\/2024\/01\/logo_4nd.jpg","width":500,"height":500,"caption":"Eliassen Home & Garden Pleasure"},"image":{"@id":"https:\/\/dev.eliassen.nl\/de\/#\/schema\/logo\/image\/"},"sameAs":["https:\/\/www.facebook.com\/TuincentrumEliassenAmmerzoden","https:\/\/www.instagram.com\/eliassenhomeandgarden\/","https:\/\/nl.pinterest.com\/eliassenhomeandgarden\/","https:\/\/www.youtube.com\/@eliassenhomegardenpleasure4558"]}]}},"df_price":48.5,"df_sale_price":"","df_regular_price":48.5,"df_image_link":"https:\/\/dev.eliassen.nl\/wp-content\/uploads\/2024\/01\/eliassenmuranostijlglazenbeeldpelikaan.jpg","image":"https:\/\/dev.eliassen.nl\/wp-content\/uploads\/2024\/01\/eliassenmuranostijlglazenbeeldpelikaan.jpg","price_search":"<span class=\"woocommerce-Price-amount amount\"><bdi><span class=\"woocommerce-Price-currencySymbol\">&euro;<\/span>&nbsp;48,50<\/bdi><\/span>","category":"Glaskunst","_links":{"self":[{"href":"https:\/\/dev.eliassen.nl\/de\/wp-json\/wp\/v2\/product\/20470","targetHints":{"allow":["GET"]}}],"collection":[{"href":"https:\/\/dev.eliassen.nl\/de\/wp-json\/wp\/v2\/product"}],"about":[{"href":"https:\/\/dev.eliassen.nl\/de\/wp-json\/wp\/v2\/types\/product"}],"wp:featuredmedia":[{"embeddable":true,"href":"https:\/\/dev.eliassen.nl\/de\/wp-json\/wp\/v2\/media\/20461"}],"wp:attachment":[{"href":"https:\/\/dev.eliassen.nl\/de\/wp-json\/wp\/v2\/media?parent=20470"}],"wp:term":[{"taxonomy":"product_brand","embeddable":true,"href":"https:\/\/dev.eliassen.nl\/de\/wp-json\/wp\/v2\/product_brand?post=20470"},{"taxonomy":"product_cat","embeddable":true,"href":"https:\/\/dev.eliassen.nl\/de\/wp-json\/wp\/v2\/product_cat?post=20470"},{"taxonomy":"product_tag","embeddable":true,"href":"https:\/\/dev.eliassen.nl\/de\/wp-json\/wp\/v2\/product_tag?post=20470"}],"curies":[{"name":"wp","href":"https:\/\/api.w.org\/{rel}","templated":true}]}}