{"id":20506,"date":"2019-12-09T16:17:09","date_gmt":"2019-12-09T15:17:09","guid":{"rendered":"https:\/\/www.eliassen.nl\/?product=abstract-beeld-brons-endlessklein"},"modified":"2024-12-05T15:32:57","modified_gmt":"2024-12-05T14:32:57","slug":"abstrakte-bronzeskulptur-endlos-klein","status":"publish","type":"product","link":"https:\/\/dev.eliassen.nl\/de\/product\/abstrakte-bronzeskulptur-endlos-klein\/","title":{"rendered":"Abstrakte Bronzeskulptur Endlos klein"},"content":{"rendered":"<p>Diese wundersch\u00f6n gestaltete gro\u00dfe Bronze-Zusammenfassung, die vollst\u00e4ndig aus Bronze besteht, ist eine Bereicherung f\u00fcr Ihren Garten, aber nat\u00fcrlich auch drinnen oder in oder in Ihrem Unternehmen. Die f\u00fcr diese Skulptur verwendete Bronze hat einen Kupfergehalt von mindestens 75%, wodurch Oxidation oder andere seltsame Stellen verhindert werden. Ausgestattet mit M8-Schraubengewinde an der Unterseite, mit dem dieser Bronzegegenstand festgezogen werden kann.<\/p>\n<ul>\n<li>Gr\u00f6\u00dfe: 13x13x45cm<\/li>\n<li>Kommt mit Zertifikat.<\/li>\n<li>Schnell geliefert.<\/li>\n<li>30 Jahre Garantie.<\/li>\n<li>Viele Bronzeskulpturen aus dieser Serie k\u00f6nnen auch live in unserem Shop besichtigt werden.<\/li>\n<\/ul>\n","protected":false},"excerpt":{"rendered":"<p>Diese wundersch\u00f6n gestaltete gro\u00dfe Bronze-Zusammenfassung, die vollst\u00e4ndig aus Bronze besteht, ist eine Bereicherung f\u00fcr Ihren Garten, aber nat\u00fcrlich auch drinnen oder in oder in Ihrem Unternehmen. Die f\u00fcr diese Skulptur verwendete Bronze hat einen Kupfergehalt von mindestens 75%, wodurch Oxidation oder andere seltsame Stellen verhindert werden. Ausgestattet mit M8-Schraubengewinde an der Unterseite, mit dem dieser &hellip;<\/p>\n","protected":false},"featured_media":20503,"template":"","meta":{"_acf_changed":false},"product_brand":[],"product_cat":[803,613,620,7239],"product_tag":[],"class_list":{"0":"post-20506","1":"product","2":"type-product","3":"status-publish","4":"has-post-thumbnail","6":"product_cat-abstrakte-statuen-aus-bronze","7":"product_cat-bronzestatuen","8":"product_cat-moderne-bronzestatuen","9":"product_cat-statuen-skulpturen","11":"first","12":"instock","13":"taxable","14":"shipping-taxable","15":"purchasable","16":"product-type-simple"},"acf":[],"yoast_head":"<!-- This site is optimized with the Yoast SEO plugin v23.8 - https:\/\/yoast.com\/wordpress\/plugins\/seo\/ -->\n<title>Abstrakte Bronzeskulptur Endlos klein - Eliassen<\/title>\n<meta name=\"description\" content=\"Auf der Suche nach einem Bild? Jetzt bestellen Abstrakte Bronzeskulptur Endlos klein. Auf unserer Website k\u00f6nnen Sie ganz einfach Bronzestatuen kaufen. \u2713 Gro...\" \/>\n<meta name=\"robots\" content=\"noindex, follow, max-snippet:-1, max-image-preview:large, max-video-preview:-1\" \/>\n<meta property=\"og:locale\" content=\"de_DE\" \/>\n<meta property=\"og:type\" content=\"article\" \/>\n<meta property=\"og:title\" content=\"Abstrakte Bronzeskulptur Endlos klein - Eliassen\" \/>\n<meta property=\"og:description\" content=\"Auf der Suche nach einem Bild? Jetzt bestellen Abstrakte Bronzeskulptur Endlos klein. Auf unserer Website k\u00f6nnen Sie ganz einfach Bronzestatuen kaufen. \u2713 Gro...\" \/>\n<meta property=\"og:url\" content=\"https:\/\/dev.eliassen.nl\/de\/product\/abstrakte-bronzeskulptur-endlos-klein\/\" \/>\n<meta property=\"og:site_name\" content=\"Eliassen.nl\" \/>\n<meta property=\"article:publisher\" content=\"https:\/\/www.facebook.com\/TuincentrumEliassenAmmerzoden\" \/>\n<meta property=\"article:modified_time\" content=\"2024-12-05T14:32:57+00:00\" \/>\n<meta property=\"og:image\" content=\"https:\/\/dev.eliassen.nl\/wp-content\/uploads\/2024\/01\/eliassenabstractbeeldbronsendlessklein.jpg\" \/>\n\t<meta property=\"og:image:width\" content=\"240\" \/>\n\t<meta property=\"og:image:height\" content=\"240\" \/>\n\t<meta property=\"og:image:type\" content=\"image\/jpeg\" \/>\n<meta name=\"twitter:card\" content=\"summary_large_image\" \/>\n<script type=\"application\/ld+json\" class=\"yoast-schema-graph\">{\"@context\":\"https:\/\/schema.org\",\"@graph\":[{\"@type\":\"WebPage\",\"@id\":\"https:\/\/dev.eliassen.nl\/de\/product\/abstrakte-bronzeskulptur-endlos-klein\/\",\"url\":\"https:\/\/dev.eliassen.nl\/de\/product\/abstrakte-bronzeskulptur-endlos-klein\/\",\"name\":\"Abstrakte Bronzeskulptur Endlos klein - Eliassen\",\"isPartOf\":{\"@id\":\"https:\/\/dev.eliassen.nl\/de\/#website\"},\"primaryImageOfPage\":{\"@id\":\"https:\/\/dev.eliassen.nl\/de\/product\/abstrakte-bronzeskulptur-endlos-klein\/#primaryimage\"},\"image\":{\"@id\":\"https:\/\/dev.eliassen.nl\/de\/product\/abstrakte-bronzeskulptur-endlos-klein\/#primaryimage\"},\"thumbnailUrl\":\"https:\/\/dev.eliassen.nl\/wp-content\/uploads\/2024\/01\/eliassenabstractbeeldbronsendlessklein.jpg\",\"datePublished\":\"2019-12-09T15:17:09+00:00\",\"dateModified\":\"2024-12-05T14:32:57+00:00\",\"description\":\"Auf der Suche nach einem Bild? Jetzt bestellen Abstrakte Bronzeskulptur Endlos klein. Auf unserer Website k\u00f6nnen Sie ganz einfach Bronzestatuen kaufen. \u2713 Gro...\",\"breadcrumb\":{\"@id\":\"https:\/\/dev.eliassen.nl\/de\/product\/abstrakte-bronzeskulptur-endlos-klein\/#breadcrumb\"},\"inLanguage\":\"de\",\"potentialAction\":[{\"@type\":\"ReadAction\",\"target\":[\"https:\/\/dev.eliassen.nl\/de\/product\/abstrakte-bronzeskulptur-endlos-klein\/\"]}]},{\"@type\":\"ImageObject\",\"inLanguage\":\"de\",\"@id\":\"https:\/\/dev.eliassen.nl\/de\/product\/abstrakte-bronzeskulptur-endlos-klein\/#primaryimage\",\"url\":\"https:\/\/dev.eliassen.nl\/wp-content\/uploads\/2024\/01\/eliassenabstractbeeldbronsendlessklein.jpg\",\"contentUrl\":\"https:\/\/dev.eliassen.nl\/wp-content\/uploads\/2024\/01\/eliassenabstractbeeldbronsendlessklein.jpg\",\"width\":240,\"height\":240,\"caption\":\"Eliassen Abstract beeld brons Endless klein\"},{\"@type\":\"BreadcrumbList\",\"@id\":\"https:\/\/dev.eliassen.nl\/de\/product\/abstrakte-bronzeskulptur-endlos-klein\/#breadcrumb\",\"itemListElement\":[{\"@type\":\"ListItem\",\"position\":1,\"name\":\"Home\",\"item\":\"https:\/\/dev.eliassen.nl\/de\/\"},{\"@type\":\"ListItem\",\"position\":2,\"name\":\"Shop\",\"item\":\"https:\/\/dev.eliassen.nl\/nl\/winkel\/\"},{\"@type\":\"ListItem\",\"position\":3,\"name\":\"Bronzestatuen\",\"item\":\"https:\/\/dev.eliassen.nl\/de\/bilder\/bronzestatuen\/\"},{\"@type\":\"ListItem\",\"position\":4,\"name\":\"Abstrakte Statuen aus Bronze\",\"item\":\"https:\/\/dev.eliassen.nl\/de\/bilder\/bronzestatuen\/abstrakte-statuen-aus-bronze\/\"},{\"@type\":\"ListItem\",\"position\":5,\"name\":\"Abstrakte Bronzeskulptur Endlos klein\"}]},{\"@type\":\"WebSite\",\"@id\":\"https:\/\/dev.eliassen.nl\/de\/#website\",\"url\":\"https:\/\/dev.eliassen.nl\/de\/\",\"name\":\"Eliassen Home & Garden Pleasure\",\"description\":\"\",\"publisher\":{\"@id\":\"https:\/\/dev.eliassen.nl\/de\/#organization\"},\"alternateName\":\"Eliassen.nl\",\"potentialAction\":[{\"@type\":\"SearchAction\",\"target\":{\"@type\":\"EntryPoint\",\"urlTemplate\":\"https:\/\/dev.eliassen.nl\/de\/?s={search_term_string}\"},\"query-input\":{\"@type\":\"PropertyValueSpecification\",\"valueRequired\":true,\"valueName\":\"search_term_string\"}}],\"inLanguage\":\"de\"},{\"@type\":\"Organization\",\"@id\":\"https:\/\/dev.eliassen.nl\/de\/#organization\",\"name\":\"Eliassen Home & Garden Pleasure\",\"url\":\"https:\/\/dev.eliassen.nl\/de\/\",\"logo\":{\"@type\":\"ImageObject\",\"inLanguage\":\"de\",\"@id\":\"https:\/\/dev.eliassen.nl\/de\/#\/schema\/logo\/image\/\",\"url\":\"https:\/\/www.eliassen.nl\/wp-content\/uploads\/2024\/01\/logo_4nd.jpg\",\"contentUrl\":\"https:\/\/www.eliassen.nl\/wp-content\/uploads\/2024\/01\/logo_4nd.jpg\",\"width\":500,\"height\":500,\"caption\":\"Eliassen Home & Garden Pleasure\"},\"image\":{\"@id\":\"https:\/\/dev.eliassen.nl\/de\/#\/schema\/logo\/image\/\"},\"sameAs\":[\"https:\/\/www.facebook.com\/TuincentrumEliassenAmmerzoden\",\"https:\/\/www.instagram.com\/eliassenhomeandgarden\/\",\"https:\/\/nl.pinterest.com\/eliassenhomeandgarden\/\",\"https:\/\/www.youtube.com\/@eliassenhomegardenpleasure4558\"]}]}<\/script>\n<!-- \/ Yoast SEO plugin. -->","yoast_head_json":{"title":"Abstrakte Bronzeskulptur Endlos klein - Eliassen","description":"Auf der Suche nach einem Bild? Jetzt bestellen Abstrakte Bronzeskulptur Endlos klein. Auf unserer Website k\u00f6nnen Sie ganz einfach Bronzestatuen kaufen. \u2713 Gro...","robots":{"index":"noindex","follow":"follow","max-snippet":"max-snippet:-1","max-image-preview":"max-image-preview:large","max-video-preview":"max-video-preview:-1"},"og_locale":"de_DE","og_type":"article","og_title":"Abstrakte Bronzeskulptur Endlos klein - Eliassen","og_description":"Auf der Suche nach einem Bild? Jetzt bestellen Abstrakte Bronzeskulptur Endlos klein. Auf unserer Website k\u00f6nnen Sie ganz einfach Bronzestatuen kaufen. \u2713 Gro...","og_url":"https:\/\/dev.eliassen.nl\/de\/product\/abstrakte-bronzeskulptur-endlos-klein\/","og_site_name":"Eliassen.nl","article_publisher":"https:\/\/www.facebook.com\/TuincentrumEliassenAmmerzoden","article_modified_time":"2024-12-05T14:32:57+00:00","og_image":[{"width":240,"height":240,"url":"https:\/\/dev.eliassen.nl\/wp-content\/uploads\/2024\/01\/eliassenabstractbeeldbronsendlessklein.jpg","type":"image\/jpeg"}],"twitter_card":"summary_large_image","schema":{"@context":"https:\/\/schema.org","@graph":[{"@type":"WebPage","@id":"https:\/\/dev.eliassen.nl\/de\/product\/abstrakte-bronzeskulptur-endlos-klein\/","url":"https:\/\/dev.eliassen.nl\/de\/product\/abstrakte-bronzeskulptur-endlos-klein\/","name":"Abstrakte Bronzeskulptur Endlos klein - Eliassen","isPartOf":{"@id":"https:\/\/dev.eliassen.nl\/de\/#website"},"primaryImageOfPage":{"@id":"https:\/\/dev.eliassen.nl\/de\/product\/abstrakte-bronzeskulptur-endlos-klein\/#primaryimage"},"image":{"@id":"https:\/\/dev.eliassen.nl\/de\/product\/abstrakte-bronzeskulptur-endlos-klein\/#primaryimage"},"thumbnailUrl":"https:\/\/dev.eliassen.nl\/wp-content\/uploads\/2024\/01\/eliassenabstractbeeldbronsendlessklein.jpg","datePublished":"2019-12-09T15:17:09+00:00","dateModified":"2024-12-05T14:32:57+00:00","description":"Auf der Suche nach einem Bild? Jetzt bestellen Abstrakte Bronzeskulptur Endlos klein. Auf unserer Website k\u00f6nnen Sie ganz einfach Bronzestatuen kaufen. \u2713 Gro...","breadcrumb":{"@id":"https:\/\/dev.eliassen.nl\/de\/product\/abstrakte-bronzeskulptur-endlos-klein\/#breadcrumb"},"inLanguage":"de","potentialAction":[{"@type":"ReadAction","target":["https:\/\/dev.eliassen.nl\/de\/product\/abstrakte-bronzeskulptur-endlos-klein\/"]}]},{"@type":"ImageObject","inLanguage":"de","@id":"https:\/\/dev.eliassen.nl\/de\/product\/abstrakte-bronzeskulptur-endlos-klein\/#primaryimage","url":"https:\/\/dev.eliassen.nl\/wp-content\/uploads\/2024\/01\/eliassenabstractbeeldbronsendlessklein.jpg","contentUrl":"https:\/\/dev.eliassen.nl\/wp-content\/uploads\/2024\/01\/eliassenabstractbeeldbronsendlessklein.jpg","width":240,"height":240,"caption":"Eliassen Abstract beeld brons Endless klein"},{"@type":"BreadcrumbList","@id":"https:\/\/dev.eliassen.nl\/de\/product\/abstrakte-bronzeskulptur-endlos-klein\/#breadcrumb","itemListElement":[{"@type":"ListItem","position":1,"name":"Home","item":"https:\/\/dev.eliassen.nl\/de\/"},{"@type":"ListItem","position":2,"name":"Shop","item":"https:\/\/dev.eliassen.nl\/nl\/winkel\/"},{"@type":"ListItem","position":3,"name":"Bronzestatuen","item":"https:\/\/dev.eliassen.nl\/de\/bilder\/bronzestatuen\/"},{"@type":"ListItem","position":4,"name":"Abstrakte Statuen aus Bronze","item":"https:\/\/dev.eliassen.nl\/de\/bilder\/bronzestatuen\/abstrakte-statuen-aus-bronze\/"},{"@type":"ListItem","position":5,"name":"Abstrakte Bronzeskulptur Endlos klein"}]},{"@type":"WebSite","@id":"https:\/\/dev.eliassen.nl\/de\/#website","url":"https:\/\/dev.eliassen.nl\/de\/","name":"Eliassen Home & Garden Pleasure","description":"","publisher":{"@id":"https:\/\/dev.eliassen.nl\/de\/#organization"},"alternateName":"Eliassen.nl","potentialAction":[{"@type":"SearchAction","target":{"@type":"EntryPoint","urlTemplate":"https:\/\/dev.eliassen.nl\/de\/?s={search_term_string}"},"query-input":{"@type":"PropertyValueSpecification","valueRequired":true,"valueName":"search_term_string"}}],"inLanguage":"de"},{"@type":"Organization","@id":"https:\/\/dev.eliassen.nl\/de\/#organization","name":"Eliassen Home & Garden Pleasure","url":"https:\/\/dev.eliassen.nl\/de\/","logo":{"@type":"ImageObject","inLanguage":"de","@id":"https:\/\/dev.eliassen.nl\/de\/#\/schema\/logo\/image\/","url":"https:\/\/www.eliassen.nl\/wp-content\/uploads\/2024\/01\/logo_4nd.jpg","contentUrl":"https:\/\/www.eliassen.nl\/wp-content\/uploads\/2024\/01\/logo_4nd.jpg","width":500,"height":500,"caption":"Eliassen Home & Garden Pleasure"},"image":{"@id":"https:\/\/dev.eliassen.nl\/de\/#\/schema\/logo\/image\/"},"sameAs":["https:\/\/www.facebook.com\/TuincentrumEliassenAmmerzoden","https:\/\/www.instagram.com\/eliassenhomeandgarden\/","https:\/\/nl.pinterest.com\/eliassenhomeandgarden\/","https:\/\/www.youtube.com\/@eliassenhomegardenpleasure4558"]}]}},"df_price":339,"df_sale_price":"","df_regular_price":339,"df_image_link":"https:\/\/dev.eliassen.nl\/wp-content\/uploads\/2024\/01\/eliassenabstractbeeldbronsendlessklein.jpg","image":"https:\/\/dev.eliassen.nl\/wp-content\/uploads\/2024\/01\/eliassenabstractbeeldbronsendlessklein.jpg","price_search":"<span class=\"woocommerce-Price-amount amount\"><bdi><span class=\"woocommerce-Price-currencySymbol\">&euro;<\/span>&nbsp;339,00<\/bdi><\/span>","category":"Abstrakte Statuen aus Bronze","_links":{"self":[{"href":"https:\/\/dev.eliassen.nl\/de\/wp-json\/wp\/v2\/product\/20506","targetHints":{"allow":["GET"]}}],"collection":[{"href":"https:\/\/dev.eliassen.nl\/de\/wp-json\/wp\/v2\/product"}],"about":[{"href":"https:\/\/dev.eliassen.nl\/de\/wp-json\/wp\/v2\/types\/product"}],"wp:featuredmedia":[{"embeddable":true,"href":"https:\/\/dev.eliassen.nl\/de\/wp-json\/wp\/v2\/media\/20503"}],"wp:attachment":[{"href":"https:\/\/dev.eliassen.nl\/de\/wp-json\/wp\/v2\/media?parent=20506"}],"wp:term":[{"taxonomy":"product_brand","embeddable":true,"href":"https:\/\/dev.eliassen.nl\/de\/wp-json\/wp\/v2\/product_brand?post=20506"},{"taxonomy":"product_cat","embeddable":true,"href":"https:\/\/dev.eliassen.nl\/de\/wp-json\/wp\/v2\/product_cat?post=20506"},{"taxonomy":"product_tag","embeddable":true,"href":"https:\/\/dev.eliassen.nl\/de\/wp-json\/wp\/v2\/product_tag?post=20506"}],"curies":[{"name":"wp","href":"https:\/\/api.w.org\/{rel}","templated":true}]}}