{"id":20563,"date":"2020-01-09T13:44:44","date_gmt":"2020-01-09T12:44:44","guid":{"rendered":"https:\/\/www.eliassen.nl\/?product=wanddecoratie-reiger-30x90cm"},"modified":"2024-12-05T15:33:07","modified_gmt":"2024-12-05T14:33:07","slug":"wanddekoration-heron-30x90cm","status":"publish","type":"product","link":"https:\/\/dev.eliassen.nl\/de\/product\/wanddekoration-heron-30x90cm\/","title":{"rendered":"Wanddekoration Heron 30x90cm"},"content":{"rendered":"<p>V\u00f6llig handgefertigte Metallwanddekoration, mit Rahmen, Modell mit Reiher. Eine wunderbare Erg\u00e4nzung zu Ihrem Zuhause oder drau\u00dfen unter einer Veranda. Da es handbemalt ist, ist jedes Objekt ein Unikat und die Form oder Farbe kann geringf\u00fcgig vom Foto abweichen.<br \/>Wir haben auch fast die gesamte Kollektion dieser Serie im Laden, die in den Niederlanden einzigartig ist.<br \/>Nirgendwo sonst finden Sie eine so gro\u00dfe Sammlung. Bitte.<\/p>\n<ul>\n<li>Gr\u00f6\u00dfe: 30&#215;90 cm, 5 cm dick<\/li>\n<li>Material: Metall.<\/li>\n<li>Farbe: Verschiedene.<\/li>\n<li>Einfach mit 2 Schrauben aufzuh\u00e4ngen.<\/li>\n<li>Schnell geliefert.<\/li>\n<li>Gr\u00f6\u00dfte Sammlung in den Benelux-L\u00e4ndern, die auch live angesehen werden kann.<\/li>\n<li>1 Jahr Garantie.<\/li>\n<\/ul>\n","protected":false},"excerpt":{"rendered":"<p>V\u00f6llig handgefertigte Metallwanddekoration, mit Rahmen, Modell mit Reiher. Eine wunderbare Erg\u00e4nzung zu Ihrem Zuhause oder drau\u00dfen unter einer Veranda. Da es handbemalt ist, ist jedes Objekt ein Unikat und die Form oder Farbe kann geringf\u00fcgig vom Foto abweichen.Wir haben auch fast die gesamte Kollektion dieser Serie im Laden, die in den Niederlanden einzigartig ist.Nirgendwo sonst &hellip;<\/p>\n","protected":false},"featured_media":20560,"template":"","meta":{"_acf_changed":false},"product_brand":[],"product_cat":[515,509],"product_tag":[],"class_list":{"0":"post-20563","1":"product","2":"type-product","3":"status-publish","4":"has-post-thumbnail","6":"product_cat-3d-wanddekoration-mit-rahmen","7":"product_cat-wanddekoration","9":"first","10":"instock","11":"taxable","12":"shipping-taxable","13":"purchasable","14":"product-type-simple"},"acf":[],"yoast_head":"<!-- This site is optimized with the Yoast SEO plugin v23.8 - https:\/\/yoast.com\/wordpress\/plugins\/seo\/ -->\n<title>Wanddekoration Heron 30x90cm - Eliassen<\/title>\n<meta name=\"description\" content=\"Auf der Suche nach einer Wanddekoration? Bestellen Sie jetzt Wall Decoration Heron. Sie k\u00f6nnen leicht Wanddekoration auf unserer Website kaufen. \u2713 Gro\u00dfe Ausw...\" \/>\n<meta name=\"robots\" content=\"noindex, follow, max-snippet:-1, max-image-preview:large, max-video-preview:-1\" \/>\n<meta property=\"og:locale\" content=\"de_DE\" \/>\n<meta property=\"og:type\" content=\"article\" \/>\n<meta property=\"og:title\" content=\"Wanddekoration Heron 30x90cm - Eliassen\" \/>\n<meta property=\"og:description\" content=\"Auf der Suche nach einer Wanddekoration? Bestellen Sie jetzt Wall Decoration Heron. Sie k\u00f6nnen leicht Wanddekoration auf unserer Website kaufen. \u2713 Gro\u00dfe Ausw...\" \/>\n<meta property=\"og:url\" content=\"https:\/\/dev.eliassen.nl\/de\/product\/wanddekoration-heron-30x90cm\/\" \/>\n<meta property=\"og:site_name\" content=\"Eliassen.nl\" \/>\n<meta property=\"article:publisher\" content=\"https:\/\/www.facebook.com\/TuincentrumEliassenAmmerzoden\" \/>\n<meta property=\"article:modified_time\" content=\"2024-12-05T14:33:07+00:00\" \/>\n<meta property=\"og:image\" content=\"https:\/\/dev.eliassen.nl\/wp-content\/uploads\/2024\/01\/eliassenwanddecoratiereiger30x90cm.jpg\" \/>\n\t<meta property=\"og:image:width\" content=\"2048\" \/>\n\t<meta property=\"og:image:height\" content=\"1365\" \/>\n\t<meta property=\"og:image:type\" content=\"image\/jpeg\" \/>\n<meta name=\"twitter:card\" content=\"summary_large_image\" \/>\n<script type=\"application\/ld+json\" class=\"yoast-schema-graph\">{\"@context\":\"https:\/\/schema.org\",\"@graph\":[{\"@type\":\"WebPage\",\"@id\":\"https:\/\/dev.eliassen.nl\/de\/product\/wanddekoration-heron-30x90cm\/\",\"url\":\"https:\/\/dev.eliassen.nl\/de\/product\/wanddekoration-heron-30x90cm\/\",\"name\":\"Wanddekoration Heron 30x90cm - Eliassen\",\"isPartOf\":{\"@id\":\"https:\/\/dev.eliassen.nl\/de\/#website\"},\"primaryImageOfPage\":{\"@id\":\"https:\/\/dev.eliassen.nl\/de\/product\/wanddekoration-heron-30x90cm\/#primaryimage\"},\"image\":{\"@id\":\"https:\/\/dev.eliassen.nl\/de\/product\/wanddekoration-heron-30x90cm\/#primaryimage\"},\"thumbnailUrl\":\"https:\/\/dev.eliassen.nl\/wp-content\/uploads\/2024\/01\/eliassenwanddecoratiereiger30x90cm.jpg\",\"datePublished\":\"2020-01-09T12:44:44+00:00\",\"dateModified\":\"2024-12-05T14:33:07+00:00\",\"description\":\"Auf der Suche nach einer Wanddekoration? Bestellen Sie jetzt Wall Decoration Heron. Sie k\u00f6nnen leicht Wanddekoration auf unserer Website kaufen. \u2713 Gro\u00dfe Ausw...\",\"breadcrumb\":{\"@id\":\"https:\/\/dev.eliassen.nl\/de\/product\/wanddekoration-heron-30x90cm\/#breadcrumb\"},\"inLanguage\":\"de\",\"potentialAction\":[{\"@type\":\"ReadAction\",\"target\":[\"https:\/\/dev.eliassen.nl\/de\/product\/wanddekoration-heron-30x90cm\/\"]}]},{\"@type\":\"ImageObject\",\"inLanguage\":\"de\",\"@id\":\"https:\/\/dev.eliassen.nl\/de\/product\/wanddekoration-heron-30x90cm\/#primaryimage\",\"url\":\"https:\/\/dev.eliassen.nl\/wp-content\/uploads\/2024\/01\/eliassenwanddecoratiereiger30x90cm.jpg\",\"contentUrl\":\"https:\/\/dev.eliassen.nl\/wp-content\/uploads\/2024\/01\/eliassenwanddecoratiereiger30x90cm.jpg\",\"width\":2048,\"height\":1365,\"caption\":\"Eliassen Wanddecoratie Reiger 30x90cm\"},{\"@type\":\"BreadcrumbList\",\"@id\":\"https:\/\/dev.eliassen.nl\/de\/product\/wanddekoration-heron-30x90cm\/#breadcrumb\",\"itemListElement\":[{\"@type\":\"ListItem\",\"position\":1,\"name\":\"Home\",\"item\":\"https:\/\/dev.eliassen.nl\/de\/\"},{\"@type\":\"ListItem\",\"position\":2,\"name\":\"Shop\",\"item\":\"https:\/\/dev.eliassen.nl\/nl\/winkel\/\"},{\"@type\":\"ListItem\",\"position\":3,\"name\":\"Wanddekoration\",\"item\":\"https:\/\/dev.eliassen.nl\/de\/wanddekoration\/\"},{\"@type\":\"ListItem\",\"position\":4,\"name\":\"3D-Wanddekoration mit Rahmen\",\"item\":\"https:\/\/dev.eliassen.nl\/de\/wanddekoration\/3d-wanddekoration-mit-rahmen\/\"},{\"@type\":\"ListItem\",\"position\":5,\"name\":\"Wanddekoration Heron 30x90cm\"}]},{\"@type\":\"WebSite\",\"@id\":\"https:\/\/dev.eliassen.nl\/de\/#website\",\"url\":\"https:\/\/dev.eliassen.nl\/de\/\",\"name\":\"Eliassen Home & Garden Pleasure\",\"description\":\"\",\"publisher\":{\"@id\":\"https:\/\/dev.eliassen.nl\/de\/#organization\"},\"alternateName\":\"Eliassen.nl\",\"potentialAction\":[{\"@type\":\"SearchAction\",\"target\":{\"@type\":\"EntryPoint\",\"urlTemplate\":\"https:\/\/dev.eliassen.nl\/de\/?s={search_term_string}\"},\"query-input\":{\"@type\":\"PropertyValueSpecification\",\"valueRequired\":true,\"valueName\":\"search_term_string\"}}],\"inLanguage\":\"de\"},{\"@type\":\"Organization\",\"@id\":\"https:\/\/dev.eliassen.nl\/de\/#organization\",\"name\":\"Eliassen Home & Garden Pleasure\",\"url\":\"https:\/\/dev.eliassen.nl\/de\/\",\"logo\":{\"@type\":\"ImageObject\",\"inLanguage\":\"de\",\"@id\":\"https:\/\/dev.eliassen.nl\/de\/#\/schema\/logo\/image\/\",\"url\":\"https:\/\/www.eliassen.nl\/wp-content\/uploads\/2024\/01\/logo_4nd.jpg\",\"contentUrl\":\"https:\/\/www.eliassen.nl\/wp-content\/uploads\/2024\/01\/logo_4nd.jpg\",\"width\":500,\"height\":500,\"caption\":\"Eliassen Home & Garden Pleasure\"},\"image\":{\"@id\":\"https:\/\/dev.eliassen.nl\/de\/#\/schema\/logo\/image\/\"},\"sameAs\":[\"https:\/\/www.facebook.com\/TuincentrumEliassenAmmerzoden\",\"https:\/\/www.instagram.com\/eliassenhomeandgarden\/\",\"https:\/\/nl.pinterest.com\/eliassenhomeandgarden\/\",\"https:\/\/www.youtube.com\/@eliassenhomegardenpleasure4558\"]}]}<\/script>\n<!-- \/ Yoast SEO plugin. -->","yoast_head_json":{"title":"Wanddekoration Heron 30x90cm - Eliassen","description":"Auf der Suche nach einer Wanddekoration? Bestellen Sie jetzt Wall Decoration Heron. Sie k\u00f6nnen leicht Wanddekoration auf unserer Website kaufen. \u2713 Gro\u00dfe Ausw...","robots":{"index":"noindex","follow":"follow","max-snippet":"max-snippet:-1","max-image-preview":"max-image-preview:large","max-video-preview":"max-video-preview:-1"},"og_locale":"de_DE","og_type":"article","og_title":"Wanddekoration Heron 30x90cm - Eliassen","og_description":"Auf der Suche nach einer Wanddekoration? Bestellen Sie jetzt Wall Decoration Heron. Sie k\u00f6nnen leicht Wanddekoration auf unserer Website kaufen. \u2713 Gro\u00dfe Ausw...","og_url":"https:\/\/dev.eliassen.nl\/de\/product\/wanddekoration-heron-30x90cm\/","og_site_name":"Eliassen.nl","article_publisher":"https:\/\/www.facebook.com\/TuincentrumEliassenAmmerzoden","article_modified_time":"2024-12-05T14:33:07+00:00","og_image":[{"width":2048,"height":1365,"url":"https:\/\/dev.eliassen.nl\/wp-content\/uploads\/2024\/01\/eliassenwanddecoratiereiger30x90cm.jpg","type":"image\/jpeg"}],"twitter_card":"summary_large_image","schema":{"@context":"https:\/\/schema.org","@graph":[{"@type":"WebPage","@id":"https:\/\/dev.eliassen.nl\/de\/product\/wanddekoration-heron-30x90cm\/","url":"https:\/\/dev.eliassen.nl\/de\/product\/wanddekoration-heron-30x90cm\/","name":"Wanddekoration Heron 30x90cm - Eliassen","isPartOf":{"@id":"https:\/\/dev.eliassen.nl\/de\/#website"},"primaryImageOfPage":{"@id":"https:\/\/dev.eliassen.nl\/de\/product\/wanddekoration-heron-30x90cm\/#primaryimage"},"image":{"@id":"https:\/\/dev.eliassen.nl\/de\/product\/wanddekoration-heron-30x90cm\/#primaryimage"},"thumbnailUrl":"https:\/\/dev.eliassen.nl\/wp-content\/uploads\/2024\/01\/eliassenwanddecoratiereiger30x90cm.jpg","datePublished":"2020-01-09T12:44:44+00:00","dateModified":"2024-12-05T14:33:07+00:00","description":"Auf der Suche nach einer Wanddekoration? Bestellen Sie jetzt Wall Decoration Heron. Sie k\u00f6nnen leicht Wanddekoration auf unserer Website kaufen. \u2713 Gro\u00dfe Ausw...","breadcrumb":{"@id":"https:\/\/dev.eliassen.nl\/de\/product\/wanddekoration-heron-30x90cm\/#breadcrumb"},"inLanguage":"de","potentialAction":[{"@type":"ReadAction","target":["https:\/\/dev.eliassen.nl\/de\/product\/wanddekoration-heron-30x90cm\/"]}]},{"@type":"ImageObject","inLanguage":"de","@id":"https:\/\/dev.eliassen.nl\/de\/product\/wanddekoration-heron-30x90cm\/#primaryimage","url":"https:\/\/dev.eliassen.nl\/wp-content\/uploads\/2024\/01\/eliassenwanddecoratiereiger30x90cm.jpg","contentUrl":"https:\/\/dev.eliassen.nl\/wp-content\/uploads\/2024\/01\/eliassenwanddecoratiereiger30x90cm.jpg","width":2048,"height":1365,"caption":"Eliassen Wanddecoratie Reiger 30x90cm"},{"@type":"BreadcrumbList","@id":"https:\/\/dev.eliassen.nl\/de\/product\/wanddekoration-heron-30x90cm\/#breadcrumb","itemListElement":[{"@type":"ListItem","position":1,"name":"Home","item":"https:\/\/dev.eliassen.nl\/de\/"},{"@type":"ListItem","position":2,"name":"Shop","item":"https:\/\/dev.eliassen.nl\/nl\/winkel\/"},{"@type":"ListItem","position":3,"name":"Wanddekoration","item":"https:\/\/dev.eliassen.nl\/de\/wanddekoration\/"},{"@type":"ListItem","position":4,"name":"3D-Wanddekoration mit Rahmen","item":"https:\/\/dev.eliassen.nl\/de\/wanddekoration\/3d-wanddekoration-mit-rahmen\/"},{"@type":"ListItem","position":5,"name":"Wanddekoration Heron 30x90cm"}]},{"@type":"WebSite","@id":"https:\/\/dev.eliassen.nl\/de\/#website","url":"https:\/\/dev.eliassen.nl\/de\/","name":"Eliassen Home & Garden Pleasure","description":"","publisher":{"@id":"https:\/\/dev.eliassen.nl\/de\/#organization"},"alternateName":"Eliassen.nl","potentialAction":[{"@type":"SearchAction","target":{"@type":"EntryPoint","urlTemplate":"https:\/\/dev.eliassen.nl\/de\/?s={search_term_string}"},"query-input":{"@type":"PropertyValueSpecification","valueRequired":true,"valueName":"search_term_string"}}],"inLanguage":"de"},{"@type":"Organization","@id":"https:\/\/dev.eliassen.nl\/de\/#organization","name":"Eliassen Home & Garden Pleasure","url":"https:\/\/dev.eliassen.nl\/de\/","logo":{"@type":"ImageObject","inLanguage":"de","@id":"https:\/\/dev.eliassen.nl\/de\/#\/schema\/logo\/image\/","url":"https:\/\/www.eliassen.nl\/wp-content\/uploads\/2024\/01\/logo_4nd.jpg","contentUrl":"https:\/\/www.eliassen.nl\/wp-content\/uploads\/2024\/01\/logo_4nd.jpg","width":500,"height":500,"caption":"Eliassen Home & Garden Pleasure"},"image":{"@id":"https:\/\/dev.eliassen.nl\/de\/#\/schema\/logo\/image\/"},"sameAs":["https:\/\/www.facebook.com\/TuincentrumEliassenAmmerzoden","https:\/\/www.instagram.com\/eliassenhomeandgarden\/","https:\/\/nl.pinterest.com\/eliassenhomeandgarden\/","https:\/\/www.youtube.com\/@eliassenhomegardenpleasure4558"]}]}},"df_price":44.5,"df_sale_price":"","df_regular_price":44.5,"df_image_link":"https:\/\/dev.eliassen.nl\/wp-content\/uploads\/2024\/01\/eliassenwanddecoratiereiger30x90cm.jpg","image":"https:\/\/dev.eliassen.nl\/wp-content\/uploads\/2024\/01\/eliassenwanddecoratiereiger30x90cm.jpg","price_search":"<span class=\"woocommerce-Price-amount amount\"><bdi><span class=\"woocommerce-Price-currencySymbol\">&euro;<\/span>&nbsp;44,50<\/bdi><\/span>","category":"3D-Wanddekoration mit Rahmen","_links":{"self":[{"href":"https:\/\/dev.eliassen.nl\/de\/wp-json\/wp\/v2\/product\/20563","targetHints":{"allow":["GET"]}}],"collection":[{"href":"https:\/\/dev.eliassen.nl\/de\/wp-json\/wp\/v2\/product"}],"about":[{"href":"https:\/\/dev.eliassen.nl\/de\/wp-json\/wp\/v2\/types\/product"}],"wp:featuredmedia":[{"embeddable":true,"href":"https:\/\/dev.eliassen.nl\/de\/wp-json\/wp\/v2\/media\/20560"}],"wp:attachment":[{"href":"https:\/\/dev.eliassen.nl\/de\/wp-json\/wp\/v2\/media?parent=20563"}],"wp:term":[{"taxonomy":"product_brand","embeddable":true,"href":"https:\/\/dev.eliassen.nl\/de\/wp-json\/wp\/v2\/product_brand?post=20563"},{"taxonomy":"product_cat","embeddable":true,"href":"https:\/\/dev.eliassen.nl\/de\/wp-json\/wp\/v2\/product_cat?post=20563"},{"taxonomy":"product_tag","embeddable":true,"href":"https:\/\/dev.eliassen.nl\/de\/wp-json\/wp\/v2\/product_tag?post=20563"}],"curies":[{"name":"wp","href":"https:\/\/api.w.org\/{rel}","templated":true}]}}