{"id":20611,"date":"2020-01-24T13:32:20","date_gmt":"2020-01-24T12:32:20","guid":{"rendered":"https:\/\/www.eliassen.nl\/?product=wand-deco-3d-tropische-vissen"},"modified":"2024-12-05T15:33:15","modified_gmt":"2024-12-05T14:33:15","slug":"3d-metall-wanddekoration-tropischer-fisch","status":"publish","type":"product","link":"https:\/\/dev.eliassen.nl\/de\/product\/3d-metall-wanddekoration-tropischer-fisch\/","title":{"rendered":"3D Metall Wanddekoration Tropischer Fisch"},"content":{"rendered":"<p>Diese 3D-Metallwanddekoration mit tropischen Fischen ist eine sch\u00f6ne Erg\u00e4nzung f\u00fcr jedes moderne Interieur oder jeden Arbeitsplatz. Dieses Modell mit tropischen Fischen wird eine stimmungsvolle und zeitlose Wanddekoration und ein echter Hingucker. Kann auch vertikal aufgeh\u00e4ngt werden.<br \/>Da es sich um menschliche Arbeit handelt, kann das Foto farblich leicht von der echten Kopie abweichen.<\/p>\n<p><span style=\"font-weight: 400;\">Das Schwimmen in Fischschw\u00e4rmen ist ein Beispiel f\u00fcr Selbstorganisation. Ein Individuum versucht immer, den gleichen Abstand zu seinen Mitmenschen zu halten. Er wei\u00df nicht, wo er selbst ist. Hering ist ein bekannter Fisch, der in Schulen schwimmt. Unsere 3D-Wanddekoration Tropical Fish zeigt, wie es ist, in Fischschw\u00e4rmen zu schwimmen. Das Kunstwerk ist komplett von Hand aus hochwertigem Metall und mit sch\u00f6nen, lebendigen Farben gefertigt. Dies macht jedes Exemplar zu einem Unikat und kann manchmal leicht von den Fotos auf unserer Website abweichen.<\/span><\/p>\n<p>Wir haben auch fast die gesamte Kollektion dieser Serie in unserem Laden, was in den Niederlanden einzigartig ist.<br \/>Sie werden nirgendwo anders eine so gro\u00dfe Sammlung finden. Gern geschehen.<\/p>\n<ul>\n<li>Material: Metall, Klarlack fertig<\/li>\n<li>Gr\u00f6\u00dfe: 6x115x45 cm hoch<\/li>\n<li>Farbe: Verschiedene<\/li>\n<li>Einfach mit 2 Schrauben aufzuh\u00e4ngen<\/li>\n<li>Schnell geliefert<\/li>\n<li><strong>Gr\u00f6\u00dfte Sammlung in den Benelux-L\u00e4ndern, die auch live zu sehen ist.<\/strong><\/li>\n<\/ul>\n","protected":false},"excerpt":{"rendered":"<p>Diese 3D-Metallwanddekoration mit tropischen Fischen ist eine sch\u00f6ne Erg\u00e4nzung f\u00fcr jedes moderne Interieur oder jeden Arbeitsplatz. Dieses Modell mit tropischen Fischen wird eine stimmungsvolle und zeitlose Wanddekoration und ein echter Hingucker. Kann auch vertikal aufgeh\u00e4ngt werden.Da es sich um menschliche Arbeit handelt, kann das Foto farblich leicht von der echten Kopie abweichen. Das Schwimmen in &hellip;<\/p>\n","protected":false},"featured_media":20608,"template":"","meta":{"_acf_changed":false},"product_brand":[],"product_cat":[512,509],"product_tag":[],"class_list":{"0":"post-20611","1":"product","2":"type-product","3":"status-publish","4":"has-post-thumbnail","6":"product_cat-3d-wanddekoration-ohne-rahmen","7":"product_cat-wanddekoration","9":"first","10":"instock","11":"taxable","12":"shipping-taxable","13":"purchasable","14":"product-type-simple"},"acf":[],"yoast_head":"<!-- This site is optimized with the Yoast SEO plugin v23.8 - https:\/\/yoast.com\/wordpress\/plugins\/seo\/ -->\n<title>Tropischer Fisch der Wanddeko 3d - Eliassen<\/title>\n<meta name=\"description\" content=\"Auf der Suche nach einer Wanddekoration? Bestellen Sie jetzt Wall Deco 3d Tropical Fish. Sie k\u00f6nnen leicht Wanddekoration auf unserer Website kaufen. \u2713 Gro\u00dfe...\" \/>\n<meta name=\"robots\" content=\"noindex, follow, max-snippet:-1, max-image-preview:large, max-video-preview:-1\" \/>\n<meta property=\"og:locale\" content=\"de_DE\" \/>\n<meta property=\"og:type\" content=\"article\" \/>\n<meta property=\"og:title\" content=\"Tropischer Fisch der Wanddeko 3d - Eliassen\" \/>\n<meta property=\"og:description\" content=\"Auf der Suche nach einer Wanddekoration? Bestellen Sie jetzt Wall Deco 3d Tropical Fish. Sie k\u00f6nnen leicht Wanddekoration auf unserer Website kaufen. \u2713 Gro\u00dfe...\" \/>\n<meta property=\"og:url\" content=\"https:\/\/dev.eliassen.nl\/de\/product\/3d-metall-wanddekoration-tropischer-fisch\/\" \/>\n<meta property=\"og:site_name\" content=\"Eliassen.nl\" \/>\n<meta property=\"article:publisher\" content=\"https:\/\/www.facebook.com\/TuincentrumEliassenAmmerzoden\" \/>\n<meta property=\"article:modified_time\" content=\"2024-12-05T14:33:15+00:00\" \/>\n<meta property=\"og:image\" content=\"https:\/\/dev.eliassen.nl\/wp-content\/uploads\/2024\/01\/3dmetalenwanddecoratietropischevissen.jpg\" \/>\n\t<meta property=\"og:image:width\" content=\"2048\" \/>\n\t<meta property=\"og:image:height\" content=\"919\" \/>\n\t<meta property=\"og:image:type\" content=\"image\/jpeg\" \/>\n<meta name=\"twitter:card\" content=\"summary_large_image\" \/>\n<script type=\"application\/ld+json\" class=\"yoast-schema-graph\">{\"@context\":\"https:\/\/schema.org\",\"@graph\":[{\"@type\":\"WebPage\",\"@id\":\"https:\/\/dev.eliassen.nl\/de\/product\/3d-metall-wanddekoration-tropischer-fisch\/\",\"url\":\"https:\/\/dev.eliassen.nl\/de\/product\/3d-metall-wanddekoration-tropischer-fisch\/\",\"name\":\"Tropischer Fisch der Wanddeko 3d - Eliassen\",\"isPartOf\":{\"@id\":\"https:\/\/dev.eliassen.nl\/de\/#website\"},\"primaryImageOfPage\":{\"@id\":\"https:\/\/dev.eliassen.nl\/de\/product\/3d-metall-wanddekoration-tropischer-fisch\/#primaryimage\"},\"image\":{\"@id\":\"https:\/\/dev.eliassen.nl\/de\/product\/3d-metall-wanddekoration-tropischer-fisch\/#primaryimage\"},\"thumbnailUrl\":\"https:\/\/dev.eliassen.nl\/wp-content\/uploads\/2024\/01\/3dmetalenwanddecoratietropischevissen.jpg\",\"datePublished\":\"2020-01-24T12:32:20+00:00\",\"dateModified\":\"2024-12-05T14:33:15+00:00\",\"description\":\"Auf der Suche nach einer Wanddekoration? Bestellen Sie jetzt Wall Deco 3d Tropical Fish. Sie k\u00f6nnen leicht Wanddekoration auf unserer Website kaufen. \u2713 Gro\u00dfe...\",\"breadcrumb\":{\"@id\":\"https:\/\/dev.eliassen.nl\/de\/product\/3d-metall-wanddekoration-tropischer-fisch\/#breadcrumb\"},\"inLanguage\":\"de\",\"potentialAction\":[{\"@type\":\"ReadAction\",\"target\":[\"https:\/\/dev.eliassen.nl\/de\/product\/3d-metall-wanddekoration-tropischer-fisch\/\"]}]},{\"@type\":\"ImageObject\",\"inLanguage\":\"de\",\"@id\":\"https:\/\/dev.eliassen.nl\/de\/product\/3d-metall-wanddekoration-tropischer-fisch\/#primaryimage\",\"url\":\"https:\/\/dev.eliassen.nl\/wp-content\/uploads\/2024\/01\/3dmetalenwanddecoratietropischevissen.jpg\",\"contentUrl\":\"https:\/\/dev.eliassen.nl\/wp-content\/uploads\/2024\/01\/3dmetalenwanddecoratietropischevissen.jpg\",\"width\":2048,\"height\":919,\"caption\":\"3D metalen wanddecoratie Tropische Vissen\"},{\"@type\":\"BreadcrumbList\",\"@id\":\"https:\/\/dev.eliassen.nl\/de\/product\/3d-metall-wanddekoration-tropischer-fisch\/#breadcrumb\",\"itemListElement\":[{\"@type\":\"ListItem\",\"position\":1,\"name\":\"Home\",\"item\":\"https:\/\/dev.eliassen.nl\/de\/\"},{\"@type\":\"ListItem\",\"position\":2,\"name\":\"Shop\",\"item\":\"https:\/\/dev.eliassen.nl\/nl\/winkel\/\"},{\"@type\":\"ListItem\",\"position\":3,\"name\":\"Wanddekoration\",\"item\":\"https:\/\/dev.eliassen.nl\/de\/wanddekoration\/\"},{\"@type\":\"ListItem\",\"position\":4,\"name\":\"3D-Wanddekoration ohne Rahmen\",\"item\":\"https:\/\/dev.eliassen.nl\/de\/wanddekoration\/3d-wanddekoration-ohne-rahmen\/\"},{\"@type\":\"ListItem\",\"position\":5,\"name\":\"3D Metall Wanddekoration Tropischer Fisch\"}]},{\"@type\":\"WebSite\",\"@id\":\"https:\/\/dev.eliassen.nl\/de\/#website\",\"url\":\"https:\/\/dev.eliassen.nl\/de\/\",\"name\":\"Eliassen Home & Garden Pleasure\",\"description\":\"\",\"publisher\":{\"@id\":\"https:\/\/dev.eliassen.nl\/de\/#organization\"},\"alternateName\":\"Eliassen.nl\",\"potentialAction\":[{\"@type\":\"SearchAction\",\"target\":{\"@type\":\"EntryPoint\",\"urlTemplate\":\"https:\/\/dev.eliassen.nl\/de\/?s={search_term_string}\"},\"query-input\":{\"@type\":\"PropertyValueSpecification\",\"valueRequired\":true,\"valueName\":\"search_term_string\"}}],\"inLanguage\":\"de\"},{\"@type\":\"Organization\",\"@id\":\"https:\/\/dev.eliassen.nl\/de\/#organization\",\"name\":\"Eliassen Home & Garden Pleasure\",\"url\":\"https:\/\/dev.eliassen.nl\/de\/\",\"logo\":{\"@type\":\"ImageObject\",\"inLanguage\":\"de\",\"@id\":\"https:\/\/dev.eliassen.nl\/de\/#\/schema\/logo\/image\/\",\"url\":\"https:\/\/www.eliassen.nl\/wp-content\/uploads\/2024\/01\/logo_4nd.jpg\",\"contentUrl\":\"https:\/\/www.eliassen.nl\/wp-content\/uploads\/2024\/01\/logo_4nd.jpg\",\"width\":500,\"height\":500,\"caption\":\"Eliassen Home & Garden Pleasure\"},\"image\":{\"@id\":\"https:\/\/dev.eliassen.nl\/de\/#\/schema\/logo\/image\/\"},\"sameAs\":[\"https:\/\/www.facebook.com\/TuincentrumEliassenAmmerzoden\",\"https:\/\/www.instagram.com\/eliassenhomeandgarden\/\",\"https:\/\/nl.pinterest.com\/eliassenhomeandgarden\/\",\"https:\/\/www.youtube.com\/@eliassenhomegardenpleasure4558\"]}]}<\/script>\n<!-- \/ Yoast SEO plugin. -->","yoast_head_json":{"title":"Tropischer Fisch der Wanddeko 3d - Eliassen","description":"Auf der Suche nach einer Wanddekoration? Bestellen Sie jetzt Wall Deco 3d Tropical Fish. Sie k\u00f6nnen leicht Wanddekoration auf unserer Website kaufen. \u2713 Gro\u00dfe...","robots":{"index":"noindex","follow":"follow","max-snippet":"max-snippet:-1","max-image-preview":"max-image-preview:large","max-video-preview":"max-video-preview:-1"},"og_locale":"de_DE","og_type":"article","og_title":"Tropischer Fisch der Wanddeko 3d - Eliassen","og_description":"Auf der Suche nach einer Wanddekoration? Bestellen Sie jetzt Wall Deco 3d Tropical Fish. Sie k\u00f6nnen leicht Wanddekoration auf unserer Website kaufen. \u2713 Gro\u00dfe...","og_url":"https:\/\/dev.eliassen.nl\/de\/product\/3d-metall-wanddekoration-tropischer-fisch\/","og_site_name":"Eliassen.nl","article_publisher":"https:\/\/www.facebook.com\/TuincentrumEliassenAmmerzoden","article_modified_time":"2024-12-05T14:33:15+00:00","og_image":[{"width":2048,"height":919,"url":"https:\/\/dev.eliassen.nl\/wp-content\/uploads\/2024\/01\/3dmetalenwanddecoratietropischevissen.jpg","type":"image\/jpeg"}],"twitter_card":"summary_large_image","schema":{"@context":"https:\/\/schema.org","@graph":[{"@type":"WebPage","@id":"https:\/\/dev.eliassen.nl\/de\/product\/3d-metall-wanddekoration-tropischer-fisch\/","url":"https:\/\/dev.eliassen.nl\/de\/product\/3d-metall-wanddekoration-tropischer-fisch\/","name":"Tropischer Fisch der Wanddeko 3d - Eliassen","isPartOf":{"@id":"https:\/\/dev.eliassen.nl\/de\/#website"},"primaryImageOfPage":{"@id":"https:\/\/dev.eliassen.nl\/de\/product\/3d-metall-wanddekoration-tropischer-fisch\/#primaryimage"},"image":{"@id":"https:\/\/dev.eliassen.nl\/de\/product\/3d-metall-wanddekoration-tropischer-fisch\/#primaryimage"},"thumbnailUrl":"https:\/\/dev.eliassen.nl\/wp-content\/uploads\/2024\/01\/3dmetalenwanddecoratietropischevissen.jpg","datePublished":"2020-01-24T12:32:20+00:00","dateModified":"2024-12-05T14:33:15+00:00","description":"Auf der Suche nach einer Wanddekoration? Bestellen Sie jetzt Wall Deco 3d Tropical Fish. Sie k\u00f6nnen leicht Wanddekoration auf unserer Website kaufen. \u2713 Gro\u00dfe...","breadcrumb":{"@id":"https:\/\/dev.eliassen.nl\/de\/product\/3d-metall-wanddekoration-tropischer-fisch\/#breadcrumb"},"inLanguage":"de","potentialAction":[{"@type":"ReadAction","target":["https:\/\/dev.eliassen.nl\/de\/product\/3d-metall-wanddekoration-tropischer-fisch\/"]}]},{"@type":"ImageObject","inLanguage":"de","@id":"https:\/\/dev.eliassen.nl\/de\/product\/3d-metall-wanddekoration-tropischer-fisch\/#primaryimage","url":"https:\/\/dev.eliassen.nl\/wp-content\/uploads\/2024\/01\/3dmetalenwanddecoratietropischevissen.jpg","contentUrl":"https:\/\/dev.eliassen.nl\/wp-content\/uploads\/2024\/01\/3dmetalenwanddecoratietropischevissen.jpg","width":2048,"height":919,"caption":"3D metalen wanddecoratie Tropische Vissen"},{"@type":"BreadcrumbList","@id":"https:\/\/dev.eliassen.nl\/de\/product\/3d-metall-wanddekoration-tropischer-fisch\/#breadcrumb","itemListElement":[{"@type":"ListItem","position":1,"name":"Home","item":"https:\/\/dev.eliassen.nl\/de\/"},{"@type":"ListItem","position":2,"name":"Shop","item":"https:\/\/dev.eliassen.nl\/nl\/winkel\/"},{"@type":"ListItem","position":3,"name":"Wanddekoration","item":"https:\/\/dev.eliassen.nl\/de\/wanddekoration\/"},{"@type":"ListItem","position":4,"name":"3D-Wanddekoration ohne Rahmen","item":"https:\/\/dev.eliassen.nl\/de\/wanddekoration\/3d-wanddekoration-ohne-rahmen\/"},{"@type":"ListItem","position":5,"name":"3D Metall Wanddekoration Tropischer Fisch"}]},{"@type":"WebSite","@id":"https:\/\/dev.eliassen.nl\/de\/#website","url":"https:\/\/dev.eliassen.nl\/de\/","name":"Eliassen Home & Garden Pleasure","description":"","publisher":{"@id":"https:\/\/dev.eliassen.nl\/de\/#organization"},"alternateName":"Eliassen.nl","potentialAction":[{"@type":"SearchAction","target":{"@type":"EntryPoint","urlTemplate":"https:\/\/dev.eliassen.nl\/de\/?s={search_term_string}"},"query-input":{"@type":"PropertyValueSpecification","valueRequired":true,"valueName":"search_term_string"}}],"inLanguage":"de"},{"@type":"Organization","@id":"https:\/\/dev.eliassen.nl\/de\/#organization","name":"Eliassen Home & Garden Pleasure","url":"https:\/\/dev.eliassen.nl\/de\/","logo":{"@type":"ImageObject","inLanguage":"de","@id":"https:\/\/dev.eliassen.nl\/de\/#\/schema\/logo\/image\/","url":"https:\/\/www.eliassen.nl\/wp-content\/uploads\/2024\/01\/logo_4nd.jpg","contentUrl":"https:\/\/www.eliassen.nl\/wp-content\/uploads\/2024\/01\/logo_4nd.jpg","width":500,"height":500,"caption":"Eliassen Home & Garden Pleasure"},"image":{"@id":"https:\/\/dev.eliassen.nl\/de\/#\/schema\/logo\/image\/"},"sameAs":["https:\/\/www.facebook.com\/TuincentrumEliassenAmmerzoden","https:\/\/www.instagram.com\/eliassenhomeandgarden\/","https:\/\/nl.pinterest.com\/eliassenhomeandgarden\/","https:\/\/www.youtube.com\/@eliassenhomegardenpleasure4558"]}]}},"df_price":92.5,"df_sale_price":"","df_regular_price":92.5,"df_image_link":"https:\/\/dev.eliassen.nl\/wp-content\/uploads\/2024\/01\/3dmetalenwanddecoratietropischevissen.jpg","image":"https:\/\/dev.eliassen.nl\/wp-content\/uploads\/2024\/01\/3dmetalenwanddecoratietropischevissen.jpg","price_search":"<span class=\"woocommerce-Price-amount amount\"><bdi><span class=\"woocommerce-Price-currencySymbol\">&euro;<\/span>&nbsp;92,50<\/bdi><\/span>","category":"3D-Wanddekoration ohne Rahmen","_links":{"self":[{"href":"https:\/\/dev.eliassen.nl\/de\/wp-json\/wp\/v2\/product\/20611","targetHints":{"allow":["GET"]}}],"collection":[{"href":"https:\/\/dev.eliassen.nl\/de\/wp-json\/wp\/v2\/product"}],"about":[{"href":"https:\/\/dev.eliassen.nl\/de\/wp-json\/wp\/v2\/types\/product"}],"wp:featuredmedia":[{"embeddable":true,"href":"https:\/\/dev.eliassen.nl\/de\/wp-json\/wp\/v2\/media\/20608"}],"wp:attachment":[{"href":"https:\/\/dev.eliassen.nl\/de\/wp-json\/wp\/v2\/media?parent=20611"}],"wp:term":[{"taxonomy":"product_brand","embeddable":true,"href":"https:\/\/dev.eliassen.nl\/de\/wp-json\/wp\/v2\/product_brand?post=20611"},{"taxonomy":"product_cat","embeddable":true,"href":"https:\/\/dev.eliassen.nl\/de\/wp-json\/wp\/v2\/product_cat?post=20611"},{"taxonomy":"product_tag","embeddable":true,"href":"https:\/\/dev.eliassen.nl\/de\/wp-json\/wp\/v2\/product_tag?post=20611"}],"curies":[{"name":"wp","href":"https:\/\/api.w.org\/{rel}","templated":true}]}}