{"id":20617,"date":"2020-01-24T13:35:50","date_gmt":"2020-01-24T12:35:50","guid":{"rendered":"https:\/\/www.eliassen.nl\/?product=muurdeco-3d-9-vlinders"},"modified":"2024-12-05T15:33:16","modified_gmt":"2024-12-05T14:33:16","slug":"wanddekoration-3d-6-schmetterlinge","status":"publish","type":"product","link":"https:\/\/dev.eliassen.nl\/de\/product\/wanddekoration-3d-6-schmetterlinge\/","title":{"rendered":"Wanddekoration 3d 6 Schmetterlinge"},"content":{"rendered":"<p>Diese 3D-Metallwanddekoration kleidet jedes moderne Interieur oder jeden Arbeitsplatz wundersch\u00f6n. Dieses Modell mit 9 Schmetterlingen in verschiedenen Gr\u00f6\u00dfen wird ein attraktives und zeitloses St\u00fcck Wanddekoration und ein echter Hingucker sein.<br \/>Da es sich um menschliche Arbeit handelt, kann das Foto in Bezug auf die Farbe geringf\u00fcgig von der tats\u00e4chlichen Kopie abweichen.<\/p>\n<p>Wir haben auch fast die gesamte Kollektion dieser Serie im Laden, die in den Niederlanden einzigartig ist.<br \/>Nirgendwo sonst finden Sie eine so gro\u00dfe Sammlung. Bitte.<\/p>\n<ul>\n<li>Material: Metall, mit Klarlack versehen<\/li>\n<li>Gr\u00f6\u00dfe: 8x102x52 cm hoch<\/li>\n<li>Farbe: Verschiedene<\/li>\n<li>Einfach mit 2 Schrauben aufzuh\u00e4ngen<\/li>\n<li>Schnell geliefert<\/li>\n<li><strong>Gr\u00f6\u00dfte Sammlung in den Benelux-L\u00e4ndern, die auch live angesehen werden kann.<\/strong><\/li>\n<\/ul>\n","protected":false},"excerpt":{"rendered":"<p>Diese 3D-Metallwanddekoration kleidet jedes moderne Interieur oder jeden Arbeitsplatz wundersch\u00f6n. Dieses Modell mit 9 Schmetterlingen in verschiedenen Gr\u00f6\u00dfen wird ein attraktives und zeitloses St\u00fcck Wanddekoration und ein echter Hingucker sein.Da es sich um menschliche Arbeit handelt, kann das Foto in Bezug auf die Farbe geringf\u00fcgig von der tats\u00e4chlichen Kopie abweichen. Wir haben auch fast die &hellip;<\/p>\n","protected":false},"featured_media":20614,"template":"","meta":{"_acf_changed":false},"product_brand":[],"product_cat":[512,509],"product_tag":[],"class_list":{"0":"post-20617","1":"product","2":"type-product","3":"status-publish","4":"has-post-thumbnail","6":"product_cat-3d-wanddekoration-ohne-rahmen","7":"product_cat-wanddekoration","9":"first","10":"instock","11":"taxable","12":"shipping-taxable","13":"purchasable","14":"product-type-simple"},"acf":[],"yoast_head":"<!-- This site is optimized with the Yoast SEO plugin v23.8 - https:\/\/yoast.com\/wordpress\/plugins\/seo\/ -->\n<title>Wanddekoration 3d 9 Schmetterlinge - Eliassen<\/title>\n<meta name=\"description\" content=\"Auf der Suche nach einer Wanddekoration? Bestellen Sie jetzt Wall Deco 3d 6 Butterflies. Sie k\u00f6nnen leicht Wanddekoration auf unserer Website kaufen. \u2713 Gro\u00dfe...\" \/>\n<meta name=\"robots\" content=\"noindex, follow, max-snippet:-1, max-image-preview:large, max-video-preview:-1\" \/>\n<meta property=\"og:locale\" content=\"de_DE\" \/>\n<meta property=\"og:type\" content=\"article\" \/>\n<meta property=\"og:title\" content=\"Wanddekoration 3d 9 Schmetterlinge - Eliassen\" \/>\n<meta property=\"og:description\" content=\"Auf der Suche nach einer Wanddekoration? Bestellen Sie jetzt Wall Deco 3d 6 Butterflies. Sie k\u00f6nnen leicht Wanddekoration auf unserer Website kaufen. \u2713 Gro\u00dfe...\" \/>\n<meta property=\"og:url\" content=\"https:\/\/dev.eliassen.nl\/de\/product\/wanddekoration-3d-6-schmetterlinge\/\" \/>\n<meta property=\"og:site_name\" content=\"Eliassen.nl\" \/>\n<meta property=\"article:publisher\" content=\"https:\/\/www.facebook.com\/TuincentrumEliassenAmmerzoden\" \/>\n<meta property=\"article:modified_time\" content=\"2024-12-05T14:33:16+00:00\" \/>\n<meta property=\"og:image\" content=\"https:\/\/dev.eliassen.nl\/wp-content\/uploads\/2024\/01\/eliassenmuurdeco3d6vlinders.jpg\" \/>\n\t<meta property=\"og:image:width\" content=\"2048\" \/>\n\t<meta property=\"og:image:height\" content=\"1583\" \/>\n\t<meta property=\"og:image:type\" content=\"image\/jpeg\" \/>\n<meta name=\"twitter:card\" content=\"summary_large_image\" \/>\n<script type=\"application\/ld+json\" class=\"yoast-schema-graph\">{\"@context\":\"https:\/\/schema.org\",\"@graph\":[{\"@type\":\"WebPage\",\"@id\":\"https:\/\/dev.eliassen.nl\/de\/product\/wanddekoration-3d-6-schmetterlinge\/\",\"url\":\"https:\/\/dev.eliassen.nl\/de\/product\/wanddekoration-3d-6-schmetterlinge\/\",\"name\":\"Wanddekoration 3d 9 Schmetterlinge - Eliassen\",\"isPartOf\":{\"@id\":\"https:\/\/dev.eliassen.nl\/de\/#website\"},\"primaryImageOfPage\":{\"@id\":\"https:\/\/dev.eliassen.nl\/de\/product\/wanddekoration-3d-6-schmetterlinge\/#primaryimage\"},\"image\":{\"@id\":\"https:\/\/dev.eliassen.nl\/de\/product\/wanddekoration-3d-6-schmetterlinge\/#primaryimage\"},\"thumbnailUrl\":\"https:\/\/dev.eliassen.nl\/wp-content\/uploads\/2024\/01\/eliassenmuurdeco3d6vlinders.jpg\",\"datePublished\":\"2020-01-24T12:35:50+00:00\",\"dateModified\":\"2024-12-05T14:33:16+00:00\",\"description\":\"Auf der Suche nach einer Wanddekoration? Bestellen Sie jetzt Wall Deco 3d 6 Butterflies. Sie k\u00f6nnen leicht Wanddekoration auf unserer Website kaufen. \u2713 Gro\u00dfe...\",\"breadcrumb\":{\"@id\":\"https:\/\/dev.eliassen.nl\/de\/product\/wanddekoration-3d-6-schmetterlinge\/#breadcrumb\"},\"inLanguage\":\"de\",\"potentialAction\":[{\"@type\":\"ReadAction\",\"target\":[\"https:\/\/dev.eliassen.nl\/de\/product\/wanddekoration-3d-6-schmetterlinge\/\"]}]},{\"@type\":\"ImageObject\",\"inLanguage\":\"de\",\"@id\":\"https:\/\/dev.eliassen.nl\/de\/product\/wanddekoration-3d-6-schmetterlinge\/#primaryimage\",\"url\":\"https:\/\/dev.eliassen.nl\/wp-content\/uploads\/2024\/01\/eliassenmuurdeco3d6vlinders.jpg\",\"contentUrl\":\"https:\/\/dev.eliassen.nl\/wp-content\/uploads\/2024\/01\/eliassenmuurdeco3d6vlinders.jpg\",\"width\":2048,\"height\":1583,\"caption\":\"Eliassen Muurdeco 3d 6 Vlinders\"},{\"@type\":\"BreadcrumbList\",\"@id\":\"https:\/\/dev.eliassen.nl\/de\/product\/wanddekoration-3d-6-schmetterlinge\/#breadcrumb\",\"itemListElement\":[{\"@type\":\"ListItem\",\"position\":1,\"name\":\"Home\",\"item\":\"https:\/\/dev.eliassen.nl\/de\/\"},{\"@type\":\"ListItem\",\"position\":2,\"name\":\"Shop\",\"item\":\"https:\/\/dev.eliassen.nl\/nl\/winkel\/\"},{\"@type\":\"ListItem\",\"position\":3,\"name\":\"Wanddekoration\",\"item\":\"https:\/\/dev.eliassen.nl\/de\/wanddekoration\/\"},{\"@type\":\"ListItem\",\"position\":4,\"name\":\"3D-Wanddekoration ohne Rahmen\",\"item\":\"https:\/\/dev.eliassen.nl\/de\/wanddekoration\/3d-wanddekoration-ohne-rahmen\/\"},{\"@type\":\"ListItem\",\"position\":5,\"name\":\"Wanddekoration 3d 6 Schmetterlinge\"}]},{\"@type\":\"WebSite\",\"@id\":\"https:\/\/dev.eliassen.nl\/de\/#website\",\"url\":\"https:\/\/dev.eliassen.nl\/de\/\",\"name\":\"Eliassen Home & Garden Pleasure\",\"description\":\"\",\"publisher\":{\"@id\":\"https:\/\/dev.eliassen.nl\/de\/#organization\"},\"alternateName\":\"Eliassen.nl\",\"potentialAction\":[{\"@type\":\"SearchAction\",\"target\":{\"@type\":\"EntryPoint\",\"urlTemplate\":\"https:\/\/dev.eliassen.nl\/de\/?s={search_term_string}\"},\"query-input\":{\"@type\":\"PropertyValueSpecification\",\"valueRequired\":true,\"valueName\":\"search_term_string\"}}],\"inLanguage\":\"de\"},{\"@type\":\"Organization\",\"@id\":\"https:\/\/dev.eliassen.nl\/de\/#organization\",\"name\":\"Eliassen Home & Garden Pleasure\",\"url\":\"https:\/\/dev.eliassen.nl\/de\/\",\"logo\":{\"@type\":\"ImageObject\",\"inLanguage\":\"de\",\"@id\":\"https:\/\/dev.eliassen.nl\/de\/#\/schema\/logo\/image\/\",\"url\":\"https:\/\/www.eliassen.nl\/wp-content\/uploads\/2024\/01\/logo_4nd.jpg\",\"contentUrl\":\"https:\/\/www.eliassen.nl\/wp-content\/uploads\/2024\/01\/logo_4nd.jpg\",\"width\":500,\"height\":500,\"caption\":\"Eliassen Home & Garden Pleasure\"},\"image\":{\"@id\":\"https:\/\/dev.eliassen.nl\/de\/#\/schema\/logo\/image\/\"},\"sameAs\":[\"https:\/\/www.facebook.com\/TuincentrumEliassenAmmerzoden\",\"https:\/\/www.instagram.com\/eliassenhomeandgarden\/\",\"https:\/\/nl.pinterest.com\/eliassenhomeandgarden\/\",\"https:\/\/www.youtube.com\/@eliassenhomegardenpleasure4558\"]}]}<\/script>\n<!-- \/ Yoast SEO plugin. -->","yoast_head_json":{"title":"Wanddekoration 3d 9 Schmetterlinge - Eliassen","description":"Auf der Suche nach einer Wanddekoration? Bestellen Sie jetzt Wall Deco 3d 6 Butterflies. Sie k\u00f6nnen leicht Wanddekoration auf unserer Website kaufen. \u2713 Gro\u00dfe...","robots":{"index":"noindex","follow":"follow","max-snippet":"max-snippet:-1","max-image-preview":"max-image-preview:large","max-video-preview":"max-video-preview:-1"},"og_locale":"de_DE","og_type":"article","og_title":"Wanddekoration 3d 9 Schmetterlinge - Eliassen","og_description":"Auf der Suche nach einer Wanddekoration? Bestellen Sie jetzt Wall Deco 3d 6 Butterflies. Sie k\u00f6nnen leicht Wanddekoration auf unserer Website kaufen. \u2713 Gro\u00dfe...","og_url":"https:\/\/dev.eliassen.nl\/de\/product\/wanddekoration-3d-6-schmetterlinge\/","og_site_name":"Eliassen.nl","article_publisher":"https:\/\/www.facebook.com\/TuincentrumEliassenAmmerzoden","article_modified_time":"2024-12-05T14:33:16+00:00","og_image":[{"width":2048,"height":1583,"url":"https:\/\/dev.eliassen.nl\/wp-content\/uploads\/2024\/01\/eliassenmuurdeco3d6vlinders.jpg","type":"image\/jpeg"}],"twitter_card":"summary_large_image","schema":{"@context":"https:\/\/schema.org","@graph":[{"@type":"WebPage","@id":"https:\/\/dev.eliassen.nl\/de\/product\/wanddekoration-3d-6-schmetterlinge\/","url":"https:\/\/dev.eliassen.nl\/de\/product\/wanddekoration-3d-6-schmetterlinge\/","name":"Wanddekoration 3d 9 Schmetterlinge - Eliassen","isPartOf":{"@id":"https:\/\/dev.eliassen.nl\/de\/#website"},"primaryImageOfPage":{"@id":"https:\/\/dev.eliassen.nl\/de\/product\/wanddekoration-3d-6-schmetterlinge\/#primaryimage"},"image":{"@id":"https:\/\/dev.eliassen.nl\/de\/product\/wanddekoration-3d-6-schmetterlinge\/#primaryimage"},"thumbnailUrl":"https:\/\/dev.eliassen.nl\/wp-content\/uploads\/2024\/01\/eliassenmuurdeco3d6vlinders.jpg","datePublished":"2020-01-24T12:35:50+00:00","dateModified":"2024-12-05T14:33:16+00:00","description":"Auf der Suche nach einer Wanddekoration? Bestellen Sie jetzt Wall Deco 3d 6 Butterflies. Sie k\u00f6nnen leicht Wanddekoration auf unserer Website kaufen. \u2713 Gro\u00dfe...","breadcrumb":{"@id":"https:\/\/dev.eliassen.nl\/de\/product\/wanddekoration-3d-6-schmetterlinge\/#breadcrumb"},"inLanguage":"de","potentialAction":[{"@type":"ReadAction","target":["https:\/\/dev.eliassen.nl\/de\/product\/wanddekoration-3d-6-schmetterlinge\/"]}]},{"@type":"ImageObject","inLanguage":"de","@id":"https:\/\/dev.eliassen.nl\/de\/product\/wanddekoration-3d-6-schmetterlinge\/#primaryimage","url":"https:\/\/dev.eliassen.nl\/wp-content\/uploads\/2024\/01\/eliassenmuurdeco3d6vlinders.jpg","contentUrl":"https:\/\/dev.eliassen.nl\/wp-content\/uploads\/2024\/01\/eliassenmuurdeco3d6vlinders.jpg","width":2048,"height":1583,"caption":"Eliassen Muurdeco 3d 6 Vlinders"},{"@type":"BreadcrumbList","@id":"https:\/\/dev.eliassen.nl\/de\/product\/wanddekoration-3d-6-schmetterlinge\/#breadcrumb","itemListElement":[{"@type":"ListItem","position":1,"name":"Home","item":"https:\/\/dev.eliassen.nl\/de\/"},{"@type":"ListItem","position":2,"name":"Shop","item":"https:\/\/dev.eliassen.nl\/nl\/winkel\/"},{"@type":"ListItem","position":3,"name":"Wanddekoration","item":"https:\/\/dev.eliassen.nl\/de\/wanddekoration\/"},{"@type":"ListItem","position":4,"name":"3D-Wanddekoration ohne Rahmen","item":"https:\/\/dev.eliassen.nl\/de\/wanddekoration\/3d-wanddekoration-ohne-rahmen\/"},{"@type":"ListItem","position":5,"name":"Wanddekoration 3d 6 Schmetterlinge"}]},{"@type":"WebSite","@id":"https:\/\/dev.eliassen.nl\/de\/#website","url":"https:\/\/dev.eliassen.nl\/de\/","name":"Eliassen Home & Garden Pleasure","description":"","publisher":{"@id":"https:\/\/dev.eliassen.nl\/de\/#organization"},"alternateName":"Eliassen.nl","potentialAction":[{"@type":"SearchAction","target":{"@type":"EntryPoint","urlTemplate":"https:\/\/dev.eliassen.nl\/de\/?s={search_term_string}"},"query-input":{"@type":"PropertyValueSpecification","valueRequired":true,"valueName":"search_term_string"}}],"inLanguage":"de"},{"@type":"Organization","@id":"https:\/\/dev.eliassen.nl\/de\/#organization","name":"Eliassen Home & Garden Pleasure","url":"https:\/\/dev.eliassen.nl\/de\/","logo":{"@type":"ImageObject","inLanguage":"de","@id":"https:\/\/dev.eliassen.nl\/de\/#\/schema\/logo\/image\/","url":"https:\/\/www.eliassen.nl\/wp-content\/uploads\/2024\/01\/logo_4nd.jpg","contentUrl":"https:\/\/www.eliassen.nl\/wp-content\/uploads\/2024\/01\/logo_4nd.jpg","width":500,"height":500,"caption":"Eliassen Home & Garden Pleasure"},"image":{"@id":"https:\/\/dev.eliassen.nl\/de\/#\/schema\/logo\/image\/"},"sameAs":["https:\/\/www.facebook.com\/TuincentrumEliassenAmmerzoden","https:\/\/www.instagram.com\/eliassenhomeandgarden\/","https:\/\/nl.pinterest.com\/eliassenhomeandgarden\/","https:\/\/www.youtube.com\/@eliassenhomegardenpleasure4558"]}]}},"df_price":79.5,"df_sale_price":"","df_regular_price":79.5,"df_image_link":"https:\/\/dev.eliassen.nl\/wp-content\/uploads\/2024\/01\/eliassenmuurdeco3d6vlinders.jpg","image":"https:\/\/dev.eliassen.nl\/wp-content\/uploads\/2024\/01\/eliassenmuurdeco3d6vlinders.jpg","price_search":"<span class=\"woocommerce-Price-amount amount\"><bdi><span class=\"woocommerce-Price-currencySymbol\">&euro;<\/span>&nbsp;79,50<\/bdi><\/span>","category":"3D-Wanddekoration ohne Rahmen","_links":{"self":[{"href":"https:\/\/dev.eliassen.nl\/de\/wp-json\/wp\/v2\/product\/20617","targetHints":{"allow":["GET"]}}],"collection":[{"href":"https:\/\/dev.eliassen.nl\/de\/wp-json\/wp\/v2\/product"}],"about":[{"href":"https:\/\/dev.eliassen.nl\/de\/wp-json\/wp\/v2\/types\/product"}],"wp:featuredmedia":[{"embeddable":true,"href":"https:\/\/dev.eliassen.nl\/de\/wp-json\/wp\/v2\/media\/20614"}],"wp:attachment":[{"href":"https:\/\/dev.eliassen.nl\/de\/wp-json\/wp\/v2\/media?parent=20617"}],"wp:term":[{"taxonomy":"product_brand","embeddable":true,"href":"https:\/\/dev.eliassen.nl\/de\/wp-json\/wp\/v2\/product_brand?post=20617"},{"taxonomy":"product_cat","embeddable":true,"href":"https:\/\/dev.eliassen.nl\/de\/wp-json\/wp\/v2\/product_cat?post=20617"},{"taxonomy":"product_tag","embeddable":true,"href":"https:\/\/dev.eliassen.nl\/de\/wp-json\/wp\/v2\/product_tag?post=20617"}],"curies":[{"name":"wp","href":"https:\/\/api.w.org\/{rel}","templated":true}]}}