{"id":20755,"date":"2020-02-03T14:05:55","date_gmt":"2020-02-03T13:05:55","guid":{"rendered":"https:\/\/www.eliassen.nl\/?product=tuinbank-basaltsteen-bas"},"modified":"2024-12-05T15:33:26","modified_gmt":"2024-12-05T14:33:26","slug":"gartenbank-basaltstein-bas","status":"publish","type":"product","link":"https:\/\/dev.eliassen.nl\/de\/product\/gartenbank-basaltstein-bas\/","title":{"rendered":"Gartenbank Basaltstein Bas"},"content":{"rendered":"<p>Wenn Sie Gartenm\u00f6bel oder eine Gartenbank suchen, die ein Leben lang halten und eine einzigartige Form haben, dann ist diese Modell-Gartenbank aus Basaltstein genau das Richtige f\u00fcr Sie. Dieses Outdoor-M\u00f6belst\u00fcck ist bei normalem Gebrauch unverw\u00fcstlich. Diese Bank hat eine verspielte Form, da sie aus einem Basaltsteinblock besteht, der direkt aus der Felswand gehauen wurde.Eine Bank, die ein Leben lang h\u00e4lt und in einen \u00fcppigen Garten \u00fcbergeht!!<\/p>\n<p>Da es sich um ein Naturprodukt handelt, kann das Foto in Farbe und Form vom Sofa abweichen.<\/p>\n<p>Diese Gartenbank wird als 3-teiliges Set geliefert.<\/p>\n<ul>\n<li>Gr\u00f6\u00dfe: ca. 120 cm breit, 35 cm tief und 45 cm hoch (ungef\u00e4hr)<\/li>\n<li>Material: Basaltstein<\/li>\n<li>Oberseite poliert<\/li>\n<li>Klingenst\u00e4rke 6 cm<\/li>\n<li>Verpackt in Holzkiste.<\/li>\n<li>Nirgendwo sonst zu verkaufen.<\/li>\n<\/ul>\n","protected":false},"excerpt":{"rendered":"<p>Wenn Sie Gartenm\u00f6bel oder eine Gartenbank suchen, die ein Leben lang halten und eine einzigartige Form haben, dann ist diese Modell-Gartenbank aus Basaltstein genau das Richtige f\u00fcr Sie. Dieses Outdoor-M\u00f6belst\u00fcck ist bei normalem Gebrauch unverw\u00fcstlich. Diese Bank hat eine verspielte Form, da sie aus einem Basaltsteinblock besteht, der direkt aus der Felswand gehauen wurde.Eine Bank, &hellip;<\/p>\n","protected":false},"featured_media":20743,"template":"","meta":{"_acf_changed":false},"product_brand":[],"product_cat":[806,761,752],"product_tag":[],"class_list":{"0":"post-20755","1":"product","2":"type-product","3":"status-publish","4":"has-post-thumbnail","6":"product_cat-gartenbaenke","7":"product_cat-gartenmoebel","8":"product_cat-weitere-artikel","10":"first","11":"instock","12":"taxable","13":"shipping-taxable","14":"purchasable","15":"product-type-simple"},"acf":[],"yoast_head":"<!-- This site is optimized with the Yoast SEO plugin v23.8 - https:\/\/yoast.com\/wordpress\/plugins\/seo\/ -->\n<title>Gartenbank aus Basaltstein Bas - Eliassen<\/title>\n<meta name=\"description\" content=\"Auf der Suche nach einer Gartenbank? Jetzt Gartenbank Basaltstein Bas bestellen. Bei uns k\u00f6nnen Sie ganz einfach Gartenm\u00f6bel kaufen. \u2713 Breites Sortiment \u2713 Sc...\" \/>\n<meta name=\"robots\" content=\"noindex, follow, max-snippet:-1, max-image-preview:large, max-video-preview:-1\" \/>\n<meta property=\"og:locale\" content=\"de_DE\" \/>\n<meta property=\"og:type\" content=\"article\" \/>\n<meta property=\"og:title\" content=\"Gartenbank aus Basaltstein Bas - Eliassen\" \/>\n<meta property=\"og:description\" content=\"Auf der Suche nach einer Gartenbank? Jetzt Gartenbank Basaltstein Bas bestellen. Bei uns k\u00f6nnen Sie ganz einfach Gartenm\u00f6bel kaufen. \u2713 Breites Sortiment \u2713 Sc...\" \/>\n<meta property=\"og:url\" content=\"https:\/\/dev.eliassen.nl\/de\/product\/gartenbank-basaltstein-bas\/\" \/>\n<meta property=\"og:site_name\" content=\"Eliassen.nl\" \/>\n<meta property=\"article:publisher\" content=\"https:\/\/www.facebook.com\/TuincentrumEliassenAmmerzoden\" \/>\n<meta property=\"article:modified_time\" content=\"2024-12-05T14:33:26+00:00\" \/>\n<meta property=\"og:image\" content=\"https:\/\/dev.eliassen.nl\/wp-content\/uploads\/2024\/01\/mijnproject_87nd.png\" \/>\n\t<meta property=\"og:image:width\" content=\"1280\" \/>\n\t<meta property=\"og:image:height\" content=\"960\" \/>\n\t<meta property=\"og:image:type\" content=\"image\/png\" \/>\n<meta name=\"twitter:card\" content=\"summary_large_image\" \/>\n<script type=\"application\/ld+json\" class=\"yoast-schema-graph\">{\"@context\":\"https:\/\/schema.org\",\"@graph\":[{\"@type\":\"WebPage\",\"@id\":\"https:\/\/dev.eliassen.nl\/de\/product\/gartenbank-basaltstein-bas\/\",\"url\":\"https:\/\/dev.eliassen.nl\/de\/product\/gartenbank-basaltstein-bas\/\",\"name\":\"Gartenbank aus Basaltstein Bas - Eliassen\",\"isPartOf\":{\"@id\":\"https:\/\/dev.eliassen.nl\/de\/#website\"},\"primaryImageOfPage\":{\"@id\":\"https:\/\/dev.eliassen.nl\/de\/product\/gartenbank-basaltstein-bas\/#primaryimage\"},\"image\":{\"@id\":\"https:\/\/dev.eliassen.nl\/de\/product\/gartenbank-basaltstein-bas\/#primaryimage\"},\"thumbnailUrl\":\"https:\/\/dev.eliassen.nl\/wp-content\/uploads\/2024\/01\/mijnproject_87nd.png\",\"datePublished\":\"2020-02-03T13:05:55+00:00\",\"dateModified\":\"2024-12-05T14:33:26+00:00\",\"description\":\"Auf der Suche nach einer Gartenbank? Jetzt Gartenbank Basaltstein Bas bestellen. Bei uns k\u00f6nnen Sie ganz einfach Gartenm\u00f6bel kaufen. \u2713 Breites Sortiment \u2713 Sc...\",\"breadcrumb\":{\"@id\":\"https:\/\/dev.eliassen.nl\/de\/product\/gartenbank-basaltstein-bas\/#breadcrumb\"},\"inLanguage\":\"de\",\"potentialAction\":[{\"@type\":\"ReadAction\",\"target\":[\"https:\/\/dev.eliassen.nl\/de\/product\/gartenbank-basaltstein-bas\/\"]}]},{\"@type\":\"ImageObject\",\"inLanguage\":\"de\",\"@id\":\"https:\/\/dev.eliassen.nl\/de\/product\/gartenbank-basaltstein-bas\/#primaryimage\",\"url\":\"https:\/\/dev.eliassen.nl\/wp-content\/uploads\/2024\/01\/mijnproject_87nd.png\",\"contentUrl\":\"https:\/\/dev.eliassen.nl\/wp-content\/uploads\/2024\/01\/mijnproject_87nd.png\",\"width\":1280,\"height\":960,\"caption\":\"Mijn project\"},{\"@type\":\"BreadcrumbList\",\"@id\":\"https:\/\/dev.eliassen.nl\/de\/product\/gartenbank-basaltstein-bas\/#breadcrumb\",\"itemListElement\":[{\"@type\":\"ListItem\",\"position\":1,\"name\":\"Home\",\"item\":\"https:\/\/dev.eliassen.nl\/de\/\"},{\"@type\":\"ListItem\",\"position\":2,\"name\":\"Shop\",\"item\":\"https:\/\/dev.eliassen.nl\/nl\/winkel\/\"},{\"@type\":\"ListItem\",\"position\":3,\"name\":\"Weitere Artikel\",\"item\":\"https:\/\/dev.eliassen.nl\/de\/weitere-artikel\/\"},{\"@type\":\"ListItem\",\"position\":4,\"name\":\"Gartenm\u00f6bel\",\"item\":\"https:\/\/dev.eliassen.nl\/de\/garten-andere\/gartenmoebel\/\"},{\"@type\":\"ListItem\",\"position\":5,\"name\":\"Gartenbank Basaltstein Bas\"}]},{\"@type\":\"WebSite\",\"@id\":\"https:\/\/dev.eliassen.nl\/de\/#website\",\"url\":\"https:\/\/dev.eliassen.nl\/de\/\",\"name\":\"Eliassen Home & Garden Pleasure\",\"description\":\"\",\"publisher\":{\"@id\":\"https:\/\/dev.eliassen.nl\/de\/#organization\"},\"alternateName\":\"Eliassen.nl\",\"potentialAction\":[{\"@type\":\"SearchAction\",\"target\":{\"@type\":\"EntryPoint\",\"urlTemplate\":\"https:\/\/dev.eliassen.nl\/de\/?s={search_term_string}\"},\"query-input\":{\"@type\":\"PropertyValueSpecification\",\"valueRequired\":true,\"valueName\":\"search_term_string\"}}],\"inLanguage\":\"de\"},{\"@type\":\"Organization\",\"@id\":\"https:\/\/dev.eliassen.nl\/de\/#organization\",\"name\":\"Eliassen Home & Garden Pleasure\",\"url\":\"https:\/\/dev.eliassen.nl\/de\/\",\"logo\":{\"@type\":\"ImageObject\",\"inLanguage\":\"de\",\"@id\":\"https:\/\/dev.eliassen.nl\/de\/#\/schema\/logo\/image\/\",\"url\":\"https:\/\/www.eliassen.nl\/wp-content\/uploads\/2024\/01\/logo_4nd.jpg\",\"contentUrl\":\"https:\/\/www.eliassen.nl\/wp-content\/uploads\/2024\/01\/logo_4nd.jpg\",\"width\":500,\"height\":500,\"caption\":\"Eliassen Home & Garden Pleasure\"},\"image\":{\"@id\":\"https:\/\/dev.eliassen.nl\/de\/#\/schema\/logo\/image\/\"},\"sameAs\":[\"https:\/\/www.facebook.com\/TuincentrumEliassenAmmerzoden\",\"https:\/\/www.instagram.com\/eliassenhomeandgarden\/\",\"https:\/\/nl.pinterest.com\/eliassenhomeandgarden\/\",\"https:\/\/www.youtube.com\/@eliassenhomegardenpleasure4558\"]}]}<\/script>\n<!-- \/ Yoast SEO plugin. -->","yoast_head_json":{"title":"Gartenbank aus Basaltstein Bas - Eliassen","description":"Auf der Suche nach einer Gartenbank? Jetzt Gartenbank Basaltstein Bas bestellen. Bei uns k\u00f6nnen Sie ganz einfach Gartenm\u00f6bel kaufen. \u2713 Breites Sortiment \u2713 Sc...","robots":{"index":"noindex","follow":"follow","max-snippet":"max-snippet:-1","max-image-preview":"max-image-preview:large","max-video-preview":"max-video-preview:-1"},"og_locale":"de_DE","og_type":"article","og_title":"Gartenbank aus Basaltstein Bas - Eliassen","og_description":"Auf der Suche nach einer Gartenbank? Jetzt Gartenbank Basaltstein Bas bestellen. Bei uns k\u00f6nnen Sie ganz einfach Gartenm\u00f6bel kaufen. \u2713 Breites Sortiment \u2713 Sc...","og_url":"https:\/\/dev.eliassen.nl\/de\/product\/gartenbank-basaltstein-bas\/","og_site_name":"Eliassen.nl","article_publisher":"https:\/\/www.facebook.com\/TuincentrumEliassenAmmerzoden","article_modified_time":"2024-12-05T14:33:26+00:00","og_image":[{"width":1280,"height":960,"url":"https:\/\/dev.eliassen.nl\/wp-content\/uploads\/2024\/01\/mijnproject_87nd.png","type":"image\/png"}],"twitter_card":"summary_large_image","schema":{"@context":"https:\/\/schema.org","@graph":[{"@type":"WebPage","@id":"https:\/\/dev.eliassen.nl\/de\/product\/gartenbank-basaltstein-bas\/","url":"https:\/\/dev.eliassen.nl\/de\/product\/gartenbank-basaltstein-bas\/","name":"Gartenbank aus Basaltstein Bas - Eliassen","isPartOf":{"@id":"https:\/\/dev.eliassen.nl\/de\/#website"},"primaryImageOfPage":{"@id":"https:\/\/dev.eliassen.nl\/de\/product\/gartenbank-basaltstein-bas\/#primaryimage"},"image":{"@id":"https:\/\/dev.eliassen.nl\/de\/product\/gartenbank-basaltstein-bas\/#primaryimage"},"thumbnailUrl":"https:\/\/dev.eliassen.nl\/wp-content\/uploads\/2024\/01\/mijnproject_87nd.png","datePublished":"2020-02-03T13:05:55+00:00","dateModified":"2024-12-05T14:33:26+00:00","description":"Auf der Suche nach einer Gartenbank? Jetzt Gartenbank Basaltstein Bas bestellen. Bei uns k\u00f6nnen Sie ganz einfach Gartenm\u00f6bel kaufen. \u2713 Breites Sortiment \u2713 Sc...","breadcrumb":{"@id":"https:\/\/dev.eliassen.nl\/de\/product\/gartenbank-basaltstein-bas\/#breadcrumb"},"inLanguage":"de","potentialAction":[{"@type":"ReadAction","target":["https:\/\/dev.eliassen.nl\/de\/product\/gartenbank-basaltstein-bas\/"]}]},{"@type":"ImageObject","inLanguage":"de","@id":"https:\/\/dev.eliassen.nl\/de\/product\/gartenbank-basaltstein-bas\/#primaryimage","url":"https:\/\/dev.eliassen.nl\/wp-content\/uploads\/2024\/01\/mijnproject_87nd.png","contentUrl":"https:\/\/dev.eliassen.nl\/wp-content\/uploads\/2024\/01\/mijnproject_87nd.png","width":1280,"height":960,"caption":"Mijn project"},{"@type":"BreadcrumbList","@id":"https:\/\/dev.eliassen.nl\/de\/product\/gartenbank-basaltstein-bas\/#breadcrumb","itemListElement":[{"@type":"ListItem","position":1,"name":"Home","item":"https:\/\/dev.eliassen.nl\/de\/"},{"@type":"ListItem","position":2,"name":"Shop","item":"https:\/\/dev.eliassen.nl\/nl\/winkel\/"},{"@type":"ListItem","position":3,"name":"Weitere Artikel","item":"https:\/\/dev.eliassen.nl\/de\/weitere-artikel\/"},{"@type":"ListItem","position":4,"name":"Gartenm\u00f6bel","item":"https:\/\/dev.eliassen.nl\/de\/garten-andere\/gartenmoebel\/"},{"@type":"ListItem","position":5,"name":"Gartenbank Basaltstein Bas"}]},{"@type":"WebSite","@id":"https:\/\/dev.eliassen.nl\/de\/#website","url":"https:\/\/dev.eliassen.nl\/de\/","name":"Eliassen Home & Garden Pleasure","description":"","publisher":{"@id":"https:\/\/dev.eliassen.nl\/de\/#organization"},"alternateName":"Eliassen.nl","potentialAction":[{"@type":"SearchAction","target":{"@type":"EntryPoint","urlTemplate":"https:\/\/dev.eliassen.nl\/de\/?s={search_term_string}"},"query-input":{"@type":"PropertyValueSpecification","valueRequired":true,"valueName":"search_term_string"}}],"inLanguage":"de"},{"@type":"Organization","@id":"https:\/\/dev.eliassen.nl\/de\/#organization","name":"Eliassen Home & Garden Pleasure","url":"https:\/\/dev.eliassen.nl\/de\/","logo":{"@type":"ImageObject","inLanguage":"de","@id":"https:\/\/dev.eliassen.nl\/de\/#\/schema\/logo\/image\/","url":"https:\/\/www.eliassen.nl\/wp-content\/uploads\/2024\/01\/logo_4nd.jpg","contentUrl":"https:\/\/www.eliassen.nl\/wp-content\/uploads\/2024\/01\/logo_4nd.jpg","width":500,"height":500,"caption":"Eliassen Home & Garden Pleasure"},"image":{"@id":"https:\/\/dev.eliassen.nl\/de\/#\/schema\/logo\/image\/"},"sameAs":["https:\/\/www.facebook.com\/TuincentrumEliassenAmmerzoden","https:\/\/www.instagram.com\/eliassenhomeandgarden\/","https:\/\/nl.pinterest.com\/eliassenhomeandgarden\/","https:\/\/www.youtube.com\/@eliassenhomegardenpleasure4558"]}]}},"df_price":350,"df_sale_price":"","df_regular_price":350,"df_image_link":"https:\/\/dev.eliassen.nl\/wp-content\/uploads\/2024\/01\/mijnproject_87nd.png","image":"https:\/\/dev.eliassen.nl\/wp-content\/uploads\/2024\/01\/mijnproject_87nd.png","price_search":"<span class=\"woocommerce-Price-amount amount\"><bdi><span class=\"woocommerce-Price-currencySymbol\">&euro;<\/span>&nbsp;350,00<\/bdi><\/span>","category":"Gartenb\u00e4nke","_links":{"self":[{"href":"https:\/\/dev.eliassen.nl\/de\/wp-json\/wp\/v2\/product\/20755","targetHints":{"allow":["GET"]}}],"collection":[{"href":"https:\/\/dev.eliassen.nl\/de\/wp-json\/wp\/v2\/product"}],"about":[{"href":"https:\/\/dev.eliassen.nl\/de\/wp-json\/wp\/v2\/types\/product"}],"wp:featuredmedia":[{"embeddable":true,"href":"https:\/\/dev.eliassen.nl\/de\/wp-json\/wp\/v2\/media\/20743"}],"wp:attachment":[{"href":"https:\/\/dev.eliassen.nl\/de\/wp-json\/wp\/v2\/media?parent=20755"}],"wp:term":[{"taxonomy":"product_brand","embeddable":true,"href":"https:\/\/dev.eliassen.nl\/de\/wp-json\/wp\/v2\/product_brand?post=20755"},{"taxonomy":"product_cat","embeddable":true,"href":"https:\/\/dev.eliassen.nl\/de\/wp-json\/wp\/v2\/product_cat?post=20755"},{"taxonomy":"product_tag","embeddable":true,"href":"https:\/\/dev.eliassen.nl\/de\/wp-json\/wp\/v2\/product_tag?post=20755"}],"curies":[{"name":"wp","href":"https:\/\/api.w.org\/{rel}","templated":true}]}}