{"id":20878,"date":"2020-02-04T09:23:50","date_gmt":"2020-02-04T08:23:50","guid":{"rendered":"https:\/\/www.eliassen.nl\/?product=vogeldrinkschaal-basalt-ijsvogel"},"modified":"2024-12-05T15:33:34","modified_gmt":"2024-12-05T14:33:34","slug":"vogeltrinkschussel-basalt-eisvogel","status":"publish","type":"product","link":"https:\/\/dev.eliassen.nl\/de\/product\/vogeltrinkschussel-basalt-eisvogel\/","title":{"rendered":"Vogeltrinksch\u00fcssel Basalt Eisvogel"},"content":{"rendered":"<p>Sch\u00f6n im Garten zu sehen; Baden und Trinken von V\u00f6geln &#8230; Ein Vogeltrinkbad ist ein Geschenk des Himmels und auch ein Juwel in Ihrem Garten. Dieses Modell h\u00e4lt ein Leben lang, da es aus Basaltstein besteht. Diese Vogelschale hat eine verspielte Form, da sie aus einem Basaltsteinblock besteht, der aus der Felswand geschnitzt ist.<\/p>\n<p>Da es sich um ein Naturprodukt handelt, kann sich das Foto in Farbe und Form der Trinkschale unterscheiden.<\/p>\n<ul>\n<li>Gr\u00f6\u00dfe: ca. 35 cm breit und 50 cm hoch (ungef\u00e4hr)<\/li>\n<li>Material: Basaltstein<\/li>\n<li>Poliertes Oberteil<\/li>\n<li>Dieses massive Design<\/li>\n<li>Nirgendwo sonst zu verkaufen.<\/li>\n<\/ul>\n","protected":false},"excerpt":{"rendered":"<p>Sch\u00f6n im Garten zu sehen; Baden und Trinken von V\u00f6geln &#8230; Ein Vogeltrinkbad ist ein Geschenk des Himmels und auch ein Juwel in Ihrem Garten. Dieses Modell h\u00e4lt ein Leben lang, da es aus Basaltstein besteht. Diese Vogelschale hat eine verspielte Form, da sie aus einem Basaltsteinblock besteht, der aus der Felswand geschnitzt ist. Da &hellip;<\/p>\n","protected":false},"featured_media":20872,"template":"","meta":{"_acf_changed":false},"product_brand":[],"product_cat":[707],"product_tag":[],"class_list":{"0":"post-20878","1":"product","2":"type-product","3":"status-publish","4":"has-post-thumbnail","6":"product_cat-vogeltraenken","8":"first","9":"instock","10":"taxable","11":"shipping-taxable","12":"purchasable","13":"product-type-simple"},"acf":[],"yoast_head":"<!-- This site is optimized with the Yoast SEO plugin v23.8 - https:\/\/yoast.com\/wordpress\/plugins\/seo\/ -->\n<title>Vogeltrinksch\u00fcssel Basalt Eisvogel - Eliassen<\/title>\n<meta name=\"description\" content=\"Auf der Suche nach einer Vogeltrinksch\u00fcssel? Bestellen Sie jetzt Vogeltrinksch\u00fcssel Basalt Eisvogel. Auf unserer Website k\u00f6nnen Sie ganz einfach ein Vogelbad...\" \/>\n<meta name=\"robots\" content=\"noindex, follow, max-snippet:-1, max-image-preview:large, max-video-preview:-1\" \/>\n<meta property=\"og:locale\" content=\"de_DE\" \/>\n<meta property=\"og:type\" content=\"article\" \/>\n<meta property=\"og:title\" content=\"Vogeltrinksch\u00fcssel Basalt Eisvogel - Eliassen\" \/>\n<meta property=\"og:description\" content=\"Auf der Suche nach einer Vogeltrinksch\u00fcssel? Bestellen Sie jetzt Vogeltrinksch\u00fcssel Basalt Eisvogel. Auf unserer Website k\u00f6nnen Sie ganz einfach ein Vogelbad...\" \/>\n<meta property=\"og:url\" content=\"https:\/\/dev.eliassen.nl\/de\/product\/vogeltrinkschussel-basalt-eisvogel\/\" \/>\n<meta property=\"og:site_name\" content=\"Eliassen.nl\" \/>\n<meta property=\"article:publisher\" content=\"https:\/\/www.facebook.com\/TuincentrumEliassenAmmerzoden\" \/>\n<meta property=\"article:modified_time\" content=\"2024-12-05T14:33:34+00:00\" \/>\n<meta property=\"og:image\" content=\"https:\/\/dev.eliassen.nl\/wp-content\/uploads\/2024\/01\/eliassenvogeldrinkschaalbasaltijsvogel.jpg\" \/>\n\t<meta property=\"og:image:width\" content=\"178\" \/>\n\t<meta property=\"og:image:height\" content=\"178\" \/>\n\t<meta property=\"og:image:type\" content=\"image\/jpeg\" \/>\n<meta name=\"twitter:card\" content=\"summary_large_image\" \/>\n<script type=\"application\/ld+json\" class=\"yoast-schema-graph\">{\"@context\":\"https:\/\/schema.org\",\"@graph\":[{\"@type\":\"WebPage\",\"@id\":\"https:\/\/dev.eliassen.nl\/de\/product\/vogeltrinkschussel-basalt-eisvogel\/\",\"url\":\"https:\/\/dev.eliassen.nl\/de\/product\/vogeltrinkschussel-basalt-eisvogel\/\",\"name\":\"Vogeltrinksch\u00fcssel Basalt Eisvogel - Eliassen\",\"isPartOf\":{\"@id\":\"https:\/\/dev.eliassen.nl\/de\/#website\"},\"primaryImageOfPage\":{\"@id\":\"https:\/\/dev.eliassen.nl\/de\/product\/vogeltrinkschussel-basalt-eisvogel\/#primaryimage\"},\"image\":{\"@id\":\"https:\/\/dev.eliassen.nl\/de\/product\/vogeltrinkschussel-basalt-eisvogel\/#primaryimage\"},\"thumbnailUrl\":\"https:\/\/dev.eliassen.nl\/wp-content\/uploads\/2024\/01\/eliassenvogeldrinkschaalbasaltijsvogel.jpg\",\"datePublished\":\"2020-02-04T08:23:50+00:00\",\"dateModified\":\"2024-12-05T14:33:34+00:00\",\"description\":\"Auf der Suche nach einer Vogeltrinksch\u00fcssel? Bestellen Sie jetzt Vogeltrinksch\u00fcssel Basalt Eisvogel. Auf unserer Website k\u00f6nnen Sie ganz einfach ein Vogelbad...\",\"breadcrumb\":{\"@id\":\"https:\/\/dev.eliassen.nl\/de\/product\/vogeltrinkschussel-basalt-eisvogel\/#breadcrumb\"},\"inLanguage\":\"de\",\"potentialAction\":[{\"@type\":\"ReadAction\",\"target\":[\"https:\/\/dev.eliassen.nl\/de\/product\/vogeltrinkschussel-basalt-eisvogel\/\"]}]},{\"@type\":\"ImageObject\",\"inLanguage\":\"de\",\"@id\":\"https:\/\/dev.eliassen.nl\/de\/product\/vogeltrinkschussel-basalt-eisvogel\/#primaryimage\",\"url\":\"https:\/\/dev.eliassen.nl\/wp-content\/uploads\/2024\/01\/eliassenvogeldrinkschaalbasaltijsvogel.jpg\",\"contentUrl\":\"https:\/\/dev.eliassen.nl\/wp-content\/uploads\/2024\/01\/eliassenvogeldrinkschaalbasaltijsvogel.jpg\",\"width\":178,\"height\":178,\"caption\":\"eliassen-vogeldrinkschaal-basalt-ijsvogel\"},{\"@type\":\"BreadcrumbList\",\"@id\":\"https:\/\/dev.eliassen.nl\/de\/product\/vogeltrinkschussel-basalt-eisvogel\/#breadcrumb\",\"itemListElement\":[{\"@type\":\"ListItem\",\"position\":1,\"name\":\"Home\",\"item\":\"https:\/\/dev.eliassen.nl\/de\/\"},{\"@type\":\"ListItem\",\"position\":2,\"name\":\"Shop\",\"item\":\"https:\/\/dev.eliassen.nl\/nl\/winkel\/\"},{\"@type\":\"ListItem\",\"position\":3,\"name\":\"Vogeltr\u00e4nken\",\"item\":\"https:\/\/dev.eliassen.nl\/de\/vogeltraenken\/\"},{\"@type\":\"ListItem\",\"position\":4,\"name\":\"Vogeltrinksch\u00fcssel Basalt Eisvogel\"}]},{\"@type\":\"WebSite\",\"@id\":\"https:\/\/dev.eliassen.nl\/de\/#website\",\"url\":\"https:\/\/dev.eliassen.nl\/de\/\",\"name\":\"Eliassen Home & Garden Pleasure\",\"description\":\"\",\"publisher\":{\"@id\":\"https:\/\/dev.eliassen.nl\/de\/#organization\"},\"alternateName\":\"Eliassen.nl\",\"potentialAction\":[{\"@type\":\"SearchAction\",\"target\":{\"@type\":\"EntryPoint\",\"urlTemplate\":\"https:\/\/dev.eliassen.nl\/de\/?s={search_term_string}\"},\"query-input\":{\"@type\":\"PropertyValueSpecification\",\"valueRequired\":true,\"valueName\":\"search_term_string\"}}],\"inLanguage\":\"de\"},{\"@type\":\"Organization\",\"@id\":\"https:\/\/dev.eliassen.nl\/de\/#organization\",\"name\":\"Eliassen Home & Garden Pleasure\",\"url\":\"https:\/\/dev.eliassen.nl\/de\/\",\"logo\":{\"@type\":\"ImageObject\",\"inLanguage\":\"de\",\"@id\":\"https:\/\/dev.eliassen.nl\/de\/#\/schema\/logo\/image\/\",\"url\":\"https:\/\/www.eliassen.nl\/wp-content\/uploads\/2024\/01\/logo_4nd.jpg\",\"contentUrl\":\"https:\/\/www.eliassen.nl\/wp-content\/uploads\/2024\/01\/logo_4nd.jpg\",\"width\":500,\"height\":500,\"caption\":\"Eliassen Home & Garden Pleasure\"},\"image\":{\"@id\":\"https:\/\/dev.eliassen.nl\/de\/#\/schema\/logo\/image\/\"},\"sameAs\":[\"https:\/\/www.facebook.com\/TuincentrumEliassenAmmerzoden\",\"https:\/\/www.instagram.com\/eliassenhomeandgarden\/\",\"https:\/\/nl.pinterest.com\/eliassenhomeandgarden\/\",\"https:\/\/www.youtube.com\/@eliassenhomegardenpleasure4558\"]}]}<\/script>\n<!-- \/ Yoast SEO plugin. -->","yoast_head_json":{"title":"Vogeltrinksch\u00fcssel Basalt Eisvogel - Eliassen","description":"Auf der Suche nach einer Vogeltrinksch\u00fcssel? Bestellen Sie jetzt Vogeltrinksch\u00fcssel Basalt Eisvogel. Auf unserer Website k\u00f6nnen Sie ganz einfach ein Vogelbad...","robots":{"index":"noindex","follow":"follow","max-snippet":"max-snippet:-1","max-image-preview":"max-image-preview:large","max-video-preview":"max-video-preview:-1"},"og_locale":"de_DE","og_type":"article","og_title":"Vogeltrinksch\u00fcssel Basalt Eisvogel - Eliassen","og_description":"Auf der Suche nach einer Vogeltrinksch\u00fcssel? Bestellen Sie jetzt Vogeltrinksch\u00fcssel Basalt Eisvogel. Auf unserer Website k\u00f6nnen Sie ganz einfach ein Vogelbad...","og_url":"https:\/\/dev.eliassen.nl\/de\/product\/vogeltrinkschussel-basalt-eisvogel\/","og_site_name":"Eliassen.nl","article_publisher":"https:\/\/www.facebook.com\/TuincentrumEliassenAmmerzoden","article_modified_time":"2024-12-05T14:33:34+00:00","og_image":[{"width":178,"height":178,"url":"https:\/\/dev.eliassen.nl\/wp-content\/uploads\/2024\/01\/eliassenvogeldrinkschaalbasaltijsvogel.jpg","type":"image\/jpeg"}],"twitter_card":"summary_large_image","schema":{"@context":"https:\/\/schema.org","@graph":[{"@type":"WebPage","@id":"https:\/\/dev.eliassen.nl\/de\/product\/vogeltrinkschussel-basalt-eisvogel\/","url":"https:\/\/dev.eliassen.nl\/de\/product\/vogeltrinkschussel-basalt-eisvogel\/","name":"Vogeltrinksch\u00fcssel Basalt Eisvogel - Eliassen","isPartOf":{"@id":"https:\/\/dev.eliassen.nl\/de\/#website"},"primaryImageOfPage":{"@id":"https:\/\/dev.eliassen.nl\/de\/product\/vogeltrinkschussel-basalt-eisvogel\/#primaryimage"},"image":{"@id":"https:\/\/dev.eliassen.nl\/de\/product\/vogeltrinkschussel-basalt-eisvogel\/#primaryimage"},"thumbnailUrl":"https:\/\/dev.eliassen.nl\/wp-content\/uploads\/2024\/01\/eliassenvogeldrinkschaalbasaltijsvogel.jpg","datePublished":"2020-02-04T08:23:50+00:00","dateModified":"2024-12-05T14:33:34+00:00","description":"Auf der Suche nach einer Vogeltrinksch\u00fcssel? Bestellen Sie jetzt Vogeltrinksch\u00fcssel Basalt Eisvogel. Auf unserer Website k\u00f6nnen Sie ganz einfach ein Vogelbad...","breadcrumb":{"@id":"https:\/\/dev.eliassen.nl\/de\/product\/vogeltrinkschussel-basalt-eisvogel\/#breadcrumb"},"inLanguage":"de","potentialAction":[{"@type":"ReadAction","target":["https:\/\/dev.eliassen.nl\/de\/product\/vogeltrinkschussel-basalt-eisvogel\/"]}]},{"@type":"ImageObject","inLanguage":"de","@id":"https:\/\/dev.eliassen.nl\/de\/product\/vogeltrinkschussel-basalt-eisvogel\/#primaryimage","url":"https:\/\/dev.eliassen.nl\/wp-content\/uploads\/2024\/01\/eliassenvogeldrinkschaalbasaltijsvogel.jpg","contentUrl":"https:\/\/dev.eliassen.nl\/wp-content\/uploads\/2024\/01\/eliassenvogeldrinkschaalbasaltijsvogel.jpg","width":178,"height":178,"caption":"eliassen-vogeldrinkschaal-basalt-ijsvogel"},{"@type":"BreadcrumbList","@id":"https:\/\/dev.eliassen.nl\/de\/product\/vogeltrinkschussel-basalt-eisvogel\/#breadcrumb","itemListElement":[{"@type":"ListItem","position":1,"name":"Home","item":"https:\/\/dev.eliassen.nl\/de\/"},{"@type":"ListItem","position":2,"name":"Shop","item":"https:\/\/dev.eliassen.nl\/nl\/winkel\/"},{"@type":"ListItem","position":3,"name":"Vogeltr\u00e4nken","item":"https:\/\/dev.eliassen.nl\/de\/vogeltraenken\/"},{"@type":"ListItem","position":4,"name":"Vogeltrinksch\u00fcssel Basalt Eisvogel"}]},{"@type":"WebSite","@id":"https:\/\/dev.eliassen.nl\/de\/#website","url":"https:\/\/dev.eliassen.nl\/de\/","name":"Eliassen Home & Garden Pleasure","description":"","publisher":{"@id":"https:\/\/dev.eliassen.nl\/de\/#organization"},"alternateName":"Eliassen.nl","potentialAction":[{"@type":"SearchAction","target":{"@type":"EntryPoint","urlTemplate":"https:\/\/dev.eliassen.nl\/de\/?s={search_term_string}"},"query-input":{"@type":"PropertyValueSpecification","valueRequired":true,"valueName":"search_term_string"}}],"inLanguage":"de"},{"@type":"Organization","@id":"https:\/\/dev.eliassen.nl\/de\/#organization","name":"Eliassen Home & Garden Pleasure","url":"https:\/\/dev.eliassen.nl\/de\/","logo":{"@type":"ImageObject","inLanguage":"de","@id":"https:\/\/dev.eliassen.nl\/de\/#\/schema\/logo\/image\/","url":"https:\/\/www.eliassen.nl\/wp-content\/uploads\/2024\/01\/logo_4nd.jpg","contentUrl":"https:\/\/www.eliassen.nl\/wp-content\/uploads\/2024\/01\/logo_4nd.jpg","width":500,"height":500,"caption":"Eliassen Home & Garden Pleasure"},"image":{"@id":"https:\/\/dev.eliassen.nl\/de\/#\/schema\/logo\/image\/"},"sameAs":["https:\/\/www.facebook.com\/TuincentrumEliassenAmmerzoden","https:\/\/www.instagram.com\/eliassenhomeandgarden\/","https:\/\/nl.pinterest.com\/eliassenhomeandgarden\/","https:\/\/www.youtube.com\/@eliassenhomegardenpleasure4558"]}]}},"df_price":149,"df_sale_price":"","df_regular_price":149,"df_image_link":"https:\/\/dev.eliassen.nl\/wp-content\/uploads\/2024\/01\/eliassenvogeldrinkschaalbasaltijsvogel.jpg","image":"https:\/\/dev.eliassen.nl\/wp-content\/uploads\/2024\/01\/eliassenvogeldrinkschaalbasaltijsvogel.jpg","price_search":"<span class=\"woocommerce-Price-amount amount\"><bdi><span class=\"woocommerce-Price-currencySymbol\">&euro;<\/span>&nbsp;149,00<\/bdi><\/span>","category":"Vogeltr\u00e4nken","_links":{"self":[{"href":"https:\/\/dev.eliassen.nl\/de\/wp-json\/wp\/v2\/product\/20878","targetHints":{"allow":["GET"]}}],"collection":[{"href":"https:\/\/dev.eliassen.nl\/de\/wp-json\/wp\/v2\/product"}],"about":[{"href":"https:\/\/dev.eliassen.nl\/de\/wp-json\/wp\/v2\/types\/product"}],"wp:featuredmedia":[{"embeddable":true,"href":"https:\/\/dev.eliassen.nl\/de\/wp-json\/wp\/v2\/media\/20872"}],"wp:attachment":[{"href":"https:\/\/dev.eliassen.nl\/de\/wp-json\/wp\/v2\/media?parent=20878"}],"wp:term":[{"taxonomy":"product_brand","embeddable":true,"href":"https:\/\/dev.eliassen.nl\/de\/wp-json\/wp\/v2\/product_brand?post=20878"},{"taxonomy":"product_cat","embeddable":true,"href":"https:\/\/dev.eliassen.nl\/de\/wp-json\/wp\/v2\/product_cat?post=20878"},{"taxonomy":"product_tag","embeddable":true,"href":"https:\/\/dev.eliassen.nl\/de\/wp-json\/wp\/v2\/product_tag?post=20878"}],"curies":[{"name":"wp","href":"https:\/\/api.w.org\/{rel}","templated":true}]}}