{"id":21043,"date":"2020-02-05T16:45:54","date_gmt":"2020-02-05T15:45:54","guid":{"rendered":"https:\/\/www.eliassen.nl\/?product=terras-fontein-forts"},"modified":"2023-10-19T16:18:38","modified_gmt":"2023-10-19T16:18:38","slug":"3-teiliger-terrassenbrunnen-mit-beleuchtung-forts","status":"publish","type":"product","link":"https:\/\/dev.eliassen.nl\/de\/product\/3-teiliger-terrassenbrunnen-mit-beleuchtung-forts\/","title":{"rendered":"3-teiliger Terrassenbrunnen mit Beleuchtung. Festungen mit kostenloser Wasserpflege"},"content":{"rendered":"<p>Ein wundersch\u00f6ner, eleganter Terrassenbrunnen f\u00fcr Ihren Garten oder auf der Terrasse, der von uns selbst entwickelt wurde und nirgendwo anders erh\u00e4ltlich ist. Der Wassertank besteht aus glattem, pechschwarz poliertem Granit, die Wassers\u00e4ulen aus rundum ges\u00e4gtem grauem Granit mit glatten Oberfl\u00e4chen, was besonders im Dunkeln bei gerichtetem Strahler ein sehr sch\u00f6nes Glitzern auf dem Relief ergibt daran.<\/p>\n<p>Bei diesem Modell ist kein Graben erforderlich, da sich die Wasserversorgung im Beh\u00e4lter befindet. F\u00fcr einen einfachen Zugang zur Pumpe wurde in der Bodenplatte ein gro\u00dfes Loch mit einer Edelstahlabdeckung angebracht. Wird komplett mit Pumpe, Schlauch, Wasserverteiler, LEDs, Gebrauchsanweisung und schwarzen Abschlusssteinen geliefert. F\u00fcr den vollst\u00e4ndigen Betrieb ben\u00f6tigen Sie 2 Steckdosen.<\/p>\n<p><strong>Vergessen Sie nicht, unser Ausstellungsgel\u00e4nde mit 300 Models zu besuchen, wo Sie auch eine gute Beratung erhalten! Bessere Fotos folgen.<\/strong><\/p>\n<ul>\n<li>Gr\u00f6\u00dfe 70x70x100cm hoch<\/li>\n<li>Material: Granit poliert\/ges\u00e4gt, schwarz\/grau<\/li>\n<li>inkl. Pumpe, Schlauch, Verteiler, LEDs, Anleitung und schwarze Abschlusssteine<\/li>\n<li>Kabell\u00e4nge Pumpe 10 m, LEDs 7,5 m<\/li>\n<li><strong>Mit Wasserstandsanzeige<\/strong><\/li>\n<li>Mit Ablassschraube<\/li>\n<li>Garantie 1 Jahr (Trockenlaufsch\u00e4den an der Pumpe und Frostsch\u00e4den ausgenommen)<\/li>\n<li>Verpackt in Holzkiste<\/li>\n<li>Schnell geliefert<\/li>\n<li>Nirgendwo anders zu verkaufen<\/li>\n<\/ul>\n","protected":false},"excerpt":{"rendered":"<p>Ein wundersch\u00f6ner, eleganter Terrassenbrunnen f\u00fcr Ihren Garten oder auf der Terrasse, der von uns selbst entwickelt wurde und nirgendwo anders erh\u00e4ltlich ist. Der Wassertank besteht aus glattem, pechschwarz poliertem Granit, die Wassers\u00e4ulen aus rundum ges\u00e4gtem grauem Granit mit glatten Oberfl\u00e4chen, was besonders im Dunkeln bei gerichtetem Strahler ein sehr sch\u00f6nes Glitzern auf dem Relief ergibt &hellip;<\/p>\n","protected":false},"featured_media":21025,"template":"","meta":{"_acf_changed":false},"product_brand":[],"product_cat":[539,548,536],"product_tag":[],"class_list":{"0":"post-21043","1":"product","2":"type-product","3":"status-publish","4":"has-post-thumbnail","6":"product_cat-einzigartige-eigene-modelle-von-losen-wasserspiele","7":"product_cat-terrassenbrunnen","8":"product_cat-wassereigenschaften","10":"first","11":"instock","12":"taxable","13":"shipping-taxable","14":"purchasable","15":"product-type-simple"},"acf":[],"yoast_head":"<!-- This site is optimized with the Yoast SEO plugin v23.8 - https:\/\/yoast.com\/wordpress\/plugins\/seo\/ -->\n<title>3-teiliger Terrassenbrunnen mit Beleuchtung Forts | Eliassen.nl<\/title>\n<meta name=\"description\" content=\"3-teiliger Terrassenbrunnen mit Beleuchtung f\u00fcr den Garten. Dies ist ein EINZIGARTIGER Terrassenbrunnen, den es sonst nirgendwo gibt. Sehen Sie sich alle Ter...\" \/>\n<meta name=\"robots\" content=\"noindex, follow, max-snippet:-1, max-image-preview:large, max-video-preview:-1\" \/>\n<meta property=\"og:locale\" content=\"de_DE\" \/>\n<meta property=\"og:type\" content=\"article\" \/>\n<meta property=\"og:title\" content=\"3-teiliger Terrassenbrunnen mit Beleuchtung Forts | Eliassen.nl\" \/>\n<meta property=\"og:description\" content=\"3-teiliger Terrassenbrunnen mit Beleuchtung f\u00fcr den Garten. Dies ist ein EINZIGARTIGER Terrassenbrunnen, den es sonst nirgendwo gibt. Sehen Sie sich alle Ter...\" \/>\n<meta property=\"og:url\" content=\"https:\/\/dev.eliassen.nl\/de\/product\/3-teiliger-terrassenbrunnen-mit-beleuchtung-forts\/\" \/>\n<meta property=\"og:site_name\" content=\"Eliassen.nl\" \/>\n<meta property=\"article:publisher\" content=\"https:\/\/www.facebook.com\/TuincentrumEliassenAmmerzoden\" \/>\n<meta property=\"article:modified_time\" content=\"2023-10-19T16:18:38+00:00\" \/>\n<meta property=\"og:image\" content=\"https:\/\/dev.eliassen.nl\/wp-content\/uploads\/2024\/01\/3deligeterrasfonteinmetverlichtingfortselia.jpg\" \/>\n\t<meta property=\"og:image:width\" content=\"359\" \/>\n\t<meta property=\"og:image:height\" content=\"562\" \/>\n\t<meta property=\"og:image:type\" content=\"image\/jpeg\" \/>\n<meta name=\"twitter:card\" content=\"summary_large_image\" \/>\n<script type=\"application\/ld+json\" class=\"yoast-schema-graph\">{\"@context\":\"https:\/\/schema.org\",\"@graph\":[{\"@type\":\"WebPage\",\"@id\":\"https:\/\/dev.eliassen.nl\/de\/product\/3-teiliger-terrassenbrunnen-mit-beleuchtung-forts\/\",\"url\":\"https:\/\/dev.eliassen.nl\/de\/product\/3-teiliger-terrassenbrunnen-mit-beleuchtung-forts\/\",\"name\":\"3-teiliger Terrassenbrunnen mit Beleuchtung Forts | Eliassen.nl\",\"isPartOf\":{\"@id\":\"https:\/\/dev.eliassen.nl\/de\/#website\"},\"primaryImageOfPage\":{\"@id\":\"https:\/\/dev.eliassen.nl\/de\/product\/3-teiliger-terrassenbrunnen-mit-beleuchtung-forts\/#primaryimage\"},\"image\":{\"@id\":\"https:\/\/dev.eliassen.nl\/de\/product\/3-teiliger-terrassenbrunnen-mit-beleuchtung-forts\/#primaryimage\"},\"thumbnailUrl\":\"https:\/\/dev.eliassen.nl\/wp-content\/uploads\/2024\/01\/3deligeterrasfonteinmetverlichtingfortselia.jpg\",\"datePublished\":\"2020-02-05T15:45:54+00:00\",\"dateModified\":\"2023-10-19T16:18:38+00:00\",\"description\":\"3-teiliger Terrassenbrunnen mit Beleuchtung f\u00fcr den Garten. Dies ist ein EINZIGARTIGER Terrassenbrunnen, den es sonst nirgendwo gibt. Sehen Sie sich alle Ter...\",\"breadcrumb\":{\"@id\":\"https:\/\/dev.eliassen.nl\/de\/product\/3-teiliger-terrassenbrunnen-mit-beleuchtung-forts\/#breadcrumb\"},\"inLanguage\":\"de\",\"potentialAction\":[{\"@type\":\"ReadAction\",\"target\":[\"https:\/\/dev.eliassen.nl\/de\/product\/3-teiliger-terrassenbrunnen-mit-beleuchtung-forts\/\"]}]},{\"@type\":\"ImageObject\",\"inLanguage\":\"de\",\"@id\":\"https:\/\/dev.eliassen.nl\/de\/product\/3-teiliger-terrassenbrunnen-mit-beleuchtung-forts\/#primaryimage\",\"url\":\"https:\/\/dev.eliassen.nl\/wp-content\/uploads\/2024\/01\/3deligeterrasfonteinmetverlichtingfortselia.jpg\",\"contentUrl\":\"https:\/\/dev.eliassen.nl\/wp-content\/uploads\/2024\/01\/3deligeterrasfonteinmetverlichtingfortselia.jpg\",\"width\":359,\"height\":562,\"caption\":\"3-delige Terras fontein met verlichting Forts | Eliassen.nl\"},{\"@type\":\"BreadcrumbList\",\"@id\":\"https:\/\/dev.eliassen.nl\/de\/product\/3-teiliger-terrassenbrunnen-mit-beleuchtung-forts\/#breadcrumb\",\"itemListElement\":[{\"@type\":\"ListItem\",\"position\":1,\"name\":\"Home\",\"item\":\"https:\/\/dev.eliassen.nl\/de\/\"},{\"@type\":\"ListItem\",\"position\":2,\"name\":\"Shop\",\"item\":\"https:\/\/dev.eliassen.nl\/nl\/winkel\/\"},{\"@type\":\"ListItem\",\"position\":3,\"name\":\"Wasserspiele\",\"item\":\"https:\/\/dev.eliassen.nl\/de\/wassereigenschaften\/\"},{\"@type\":\"ListItem\",\"position\":4,\"name\":\"Einzigartige eigene Modelle von losen Wasserspielen\",\"item\":\"https:\/\/dev.eliassen.nl\/de\/wassereigenschaften\/einzigartige-eigene-modelle-von-losen-wasserspiele\/\"},{\"@type\":\"ListItem\",\"position\":5,\"name\":\"3-teiliger Terrassenbrunnen mit Beleuchtung. Festungen mit kostenloser Wasserpflege\"}]},{\"@type\":\"WebSite\",\"@id\":\"https:\/\/dev.eliassen.nl\/de\/#website\",\"url\":\"https:\/\/dev.eliassen.nl\/de\/\",\"name\":\"Eliassen Home & Garden Pleasure\",\"description\":\"\",\"publisher\":{\"@id\":\"https:\/\/dev.eliassen.nl\/de\/#organization\"},\"alternateName\":\"Eliassen.nl\",\"potentialAction\":[{\"@type\":\"SearchAction\",\"target\":{\"@type\":\"EntryPoint\",\"urlTemplate\":\"https:\/\/dev.eliassen.nl\/de\/?s={search_term_string}\"},\"query-input\":{\"@type\":\"PropertyValueSpecification\",\"valueRequired\":true,\"valueName\":\"search_term_string\"}}],\"inLanguage\":\"de\"},{\"@type\":\"Organization\",\"@id\":\"https:\/\/dev.eliassen.nl\/de\/#organization\",\"name\":\"Eliassen Home & Garden Pleasure\",\"url\":\"https:\/\/dev.eliassen.nl\/de\/\",\"logo\":{\"@type\":\"ImageObject\",\"inLanguage\":\"de\",\"@id\":\"https:\/\/dev.eliassen.nl\/de\/#\/schema\/logo\/image\/\",\"url\":\"https:\/\/www.eliassen.nl\/wp-content\/uploads\/2024\/01\/logo_4nd.jpg\",\"contentUrl\":\"https:\/\/www.eliassen.nl\/wp-content\/uploads\/2024\/01\/logo_4nd.jpg\",\"width\":500,\"height\":500,\"caption\":\"Eliassen Home & Garden Pleasure\"},\"image\":{\"@id\":\"https:\/\/dev.eliassen.nl\/de\/#\/schema\/logo\/image\/\"},\"sameAs\":[\"https:\/\/www.facebook.com\/TuincentrumEliassenAmmerzoden\",\"https:\/\/www.instagram.com\/eliassenhomeandgarden\/\",\"https:\/\/nl.pinterest.com\/eliassenhomeandgarden\/\",\"https:\/\/www.youtube.com\/@eliassenhomegardenpleasure4558\"]}]}<\/script>\n<!-- \/ Yoast SEO plugin. -->","yoast_head_json":{"title":"3-teiliger Terrassenbrunnen mit Beleuchtung Forts | Eliassen.nl","description":"3-teiliger Terrassenbrunnen mit Beleuchtung f\u00fcr den Garten. Dies ist ein EINZIGARTIGER Terrassenbrunnen, den es sonst nirgendwo gibt. Sehen Sie sich alle Ter...","robots":{"index":"noindex","follow":"follow","max-snippet":"max-snippet:-1","max-image-preview":"max-image-preview:large","max-video-preview":"max-video-preview:-1"},"og_locale":"de_DE","og_type":"article","og_title":"3-teiliger Terrassenbrunnen mit Beleuchtung Forts | Eliassen.nl","og_description":"3-teiliger Terrassenbrunnen mit Beleuchtung f\u00fcr den Garten. Dies ist ein EINZIGARTIGER Terrassenbrunnen, den es sonst nirgendwo gibt. Sehen Sie sich alle Ter...","og_url":"https:\/\/dev.eliassen.nl\/de\/product\/3-teiliger-terrassenbrunnen-mit-beleuchtung-forts\/","og_site_name":"Eliassen.nl","article_publisher":"https:\/\/www.facebook.com\/TuincentrumEliassenAmmerzoden","article_modified_time":"2023-10-19T16:18:38+00:00","og_image":[{"width":359,"height":562,"url":"https:\/\/dev.eliassen.nl\/wp-content\/uploads\/2024\/01\/3deligeterrasfonteinmetverlichtingfortselia.jpg","type":"image\/jpeg"}],"twitter_card":"summary_large_image","schema":{"@context":"https:\/\/schema.org","@graph":[{"@type":"WebPage","@id":"https:\/\/dev.eliassen.nl\/de\/product\/3-teiliger-terrassenbrunnen-mit-beleuchtung-forts\/","url":"https:\/\/dev.eliassen.nl\/de\/product\/3-teiliger-terrassenbrunnen-mit-beleuchtung-forts\/","name":"3-teiliger Terrassenbrunnen mit Beleuchtung Forts | Eliassen.nl","isPartOf":{"@id":"https:\/\/dev.eliassen.nl\/de\/#website"},"primaryImageOfPage":{"@id":"https:\/\/dev.eliassen.nl\/de\/product\/3-teiliger-terrassenbrunnen-mit-beleuchtung-forts\/#primaryimage"},"image":{"@id":"https:\/\/dev.eliassen.nl\/de\/product\/3-teiliger-terrassenbrunnen-mit-beleuchtung-forts\/#primaryimage"},"thumbnailUrl":"https:\/\/dev.eliassen.nl\/wp-content\/uploads\/2024\/01\/3deligeterrasfonteinmetverlichtingfortselia.jpg","datePublished":"2020-02-05T15:45:54+00:00","dateModified":"2023-10-19T16:18:38+00:00","description":"3-teiliger Terrassenbrunnen mit Beleuchtung f\u00fcr den Garten. Dies ist ein EINZIGARTIGER Terrassenbrunnen, den es sonst nirgendwo gibt. Sehen Sie sich alle Ter...","breadcrumb":{"@id":"https:\/\/dev.eliassen.nl\/de\/product\/3-teiliger-terrassenbrunnen-mit-beleuchtung-forts\/#breadcrumb"},"inLanguage":"de","potentialAction":[{"@type":"ReadAction","target":["https:\/\/dev.eliassen.nl\/de\/product\/3-teiliger-terrassenbrunnen-mit-beleuchtung-forts\/"]}]},{"@type":"ImageObject","inLanguage":"de","@id":"https:\/\/dev.eliassen.nl\/de\/product\/3-teiliger-terrassenbrunnen-mit-beleuchtung-forts\/#primaryimage","url":"https:\/\/dev.eliassen.nl\/wp-content\/uploads\/2024\/01\/3deligeterrasfonteinmetverlichtingfortselia.jpg","contentUrl":"https:\/\/dev.eliassen.nl\/wp-content\/uploads\/2024\/01\/3deligeterrasfonteinmetverlichtingfortselia.jpg","width":359,"height":562,"caption":"3-delige Terras fontein met verlichting Forts | Eliassen.nl"},{"@type":"BreadcrumbList","@id":"https:\/\/dev.eliassen.nl\/de\/product\/3-teiliger-terrassenbrunnen-mit-beleuchtung-forts\/#breadcrumb","itemListElement":[{"@type":"ListItem","position":1,"name":"Home","item":"https:\/\/dev.eliassen.nl\/de\/"},{"@type":"ListItem","position":2,"name":"Shop","item":"https:\/\/dev.eliassen.nl\/nl\/winkel\/"},{"@type":"ListItem","position":3,"name":"Wasserspiele","item":"https:\/\/dev.eliassen.nl\/de\/wassereigenschaften\/"},{"@type":"ListItem","position":4,"name":"Einzigartige eigene Modelle von losen Wasserspielen","item":"https:\/\/dev.eliassen.nl\/de\/wassereigenschaften\/einzigartige-eigene-modelle-von-losen-wasserspiele\/"},{"@type":"ListItem","position":5,"name":"3-teiliger Terrassenbrunnen mit Beleuchtung. Festungen mit kostenloser Wasserpflege"}]},{"@type":"WebSite","@id":"https:\/\/dev.eliassen.nl\/de\/#website","url":"https:\/\/dev.eliassen.nl\/de\/","name":"Eliassen Home & Garden Pleasure","description":"","publisher":{"@id":"https:\/\/dev.eliassen.nl\/de\/#organization"},"alternateName":"Eliassen.nl","potentialAction":[{"@type":"SearchAction","target":{"@type":"EntryPoint","urlTemplate":"https:\/\/dev.eliassen.nl\/de\/?s={search_term_string}"},"query-input":{"@type":"PropertyValueSpecification","valueRequired":true,"valueName":"search_term_string"}}],"inLanguage":"de"},{"@type":"Organization","@id":"https:\/\/dev.eliassen.nl\/de\/#organization","name":"Eliassen Home & Garden Pleasure","url":"https:\/\/dev.eliassen.nl\/de\/","logo":{"@type":"ImageObject","inLanguage":"de","@id":"https:\/\/dev.eliassen.nl\/de\/#\/schema\/logo\/image\/","url":"https:\/\/www.eliassen.nl\/wp-content\/uploads\/2024\/01\/logo_4nd.jpg","contentUrl":"https:\/\/www.eliassen.nl\/wp-content\/uploads\/2024\/01\/logo_4nd.jpg","width":500,"height":500,"caption":"Eliassen Home & Garden Pleasure"},"image":{"@id":"https:\/\/dev.eliassen.nl\/de\/#\/schema\/logo\/image\/"},"sameAs":["https:\/\/www.facebook.com\/TuincentrumEliassenAmmerzoden","https:\/\/www.instagram.com\/eliassenhomeandgarden\/","https:\/\/nl.pinterest.com\/eliassenhomeandgarden\/","https:\/\/www.youtube.com\/@eliassenhomegardenpleasure4558"]}]}},"df_price":650,"df_sale_price":"","df_regular_price":650,"df_image_link":"https:\/\/dev.eliassen.nl\/wp-content\/uploads\/2024\/01\/3deligeterrasfonteinmetverlichtingfortselia.jpg","image":"https:\/\/dev.eliassen.nl\/wp-content\/uploads\/2024\/01\/3deligeterrasfonteinmetverlichtingfortselia.jpg","price_search":"<span class=\"woocommerce-Price-amount amount\"><bdi><span class=\"woocommerce-Price-currencySymbol\">&euro;<\/span>&nbsp;650,00<\/bdi><\/span>","category":"Einzigartige eigene Modelle von losen Wasserspielen","_links":{"self":[{"href":"https:\/\/dev.eliassen.nl\/de\/wp-json\/wp\/v2\/product\/21043","targetHints":{"allow":["GET"]}}],"collection":[{"href":"https:\/\/dev.eliassen.nl\/de\/wp-json\/wp\/v2\/product"}],"about":[{"href":"https:\/\/dev.eliassen.nl\/de\/wp-json\/wp\/v2\/types\/product"}],"wp:featuredmedia":[{"embeddable":true,"href":"https:\/\/dev.eliassen.nl\/de\/wp-json\/wp\/v2\/media\/21025"}],"wp:attachment":[{"href":"https:\/\/dev.eliassen.nl\/de\/wp-json\/wp\/v2\/media?parent=21043"}],"wp:term":[{"taxonomy":"product_brand","embeddable":true,"href":"https:\/\/dev.eliassen.nl\/de\/wp-json\/wp\/v2\/product_brand?post=21043"},{"taxonomy":"product_cat","embeddable":true,"href":"https:\/\/dev.eliassen.nl\/de\/wp-json\/wp\/v2\/product_cat?post=21043"},{"taxonomy":"product_tag","embeddable":true,"href":"https:\/\/dev.eliassen.nl\/de\/wp-json\/wp\/v2\/product_tag?post=21043"}],"curies":[{"name":"wp","href":"https:\/\/api.w.org\/{rel}","templated":true}]}}