{"id":21058,"date":"2020-02-05T16:50:23","date_gmt":"2020-02-05T15:50:23","guid":{"rendered":"https:\/\/www.eliassen.nl\/?product=terrasfontein-graniet-crumbo"},"modified":"2024-12-05T15:33:44","modified_gmt":"2024-12-05T14:33:44","slug":"terrassenbrunnen-crumbo-aus-granit-mit-led-beleuchtung","status":"publish","type":"product","link":"https:\/\/dev.eliassen.nl\/de\/product\/terrassenbrunnen-crumbo-aus-granit-mit-led-beleuchtung\/","title":{"rendered":"Terrassenbrunnen Crumbo aus Granit mit LED-Beleuchtung"},"content":{"rendered":"<p>Ein wundersch\u00f6n schlichter Brunnen f\u00fcr Ihren Garten oder auf der Terrasse, selbst entwickelt und nirgendwo anders erh\u00e4ltlich. Das Wasserbecken besteht aus glattem, pechschwarzem, poliertem Granit, in den Ecken im 45-Grad-Winkel ges\u00e4gt, die Wassers\u00e4ule aus grauem, poliertem Granit, der teilweise ges\u00e4gt ist, f\u00fcr ein sehr sch\u00f6nes Funkeln des Reliefs, besonders im Dunkeln bei Scheinwerferlicht ist darauf ausgerichtet.<\/p>\n<p>Das Wasser flie\u00dft durch die Glaskugeln, was einen sehr sch\u00f6nen spielerischen Effekt ergibt. Die Glaskugeln sind 15 und 12 cm gro\u00df. Dieses Modell zeigt den Wasserlauf auf 4 Seiten. Bei diesem Modell ist kein Graben erforderlich, da sich die Wasserversorgung im Eimer befindet. In der Bodenplatte wurde ein gro\u00dfes Loch mit einer Edelstahlabdeckung angebracht, um den Zugang zur Pumpe zu erleichtern. Wird komplett mit Pumpe, Schlauch, Wasserverteiler, LEDs, Anleitung und schwarzen Abschlusssteinen geliefert. F\u00fcr den kompletten Betrieb ben\u00f6tigen Sie 2 Steckdosen.<\/p>\n<p><strong>Vergessen Sie nicht, unseren Showroom mit 300 Modellen zu besuchen, wo Sie auch gut beraten werden!<\/strong><\/p>\n<p>Suchen Sie einen Brunnen f\u00fcr Ihren Garten? Dieser Terrassenbrunnen aus Granit namens Crumbo bietet Ihnen die sch\u00f6ne Optik in einem Komplettpaket. Wasserspiele sind in verschiedenen Formen und Gr\u00f6\u00dfen erh\u00e4ltlich. Dieses Modell ist ein Terrassenbrunnen, sodass Sie nicht in Ihrem Garten graben m\u00fcssen.<\/p>\n<ul>\n<li>Gr\u00f6\u00dfe 52x52x110cm hoch<\/li>\n<li>Material: Granit poliert\/ges\u00e4gt, schwarz\/grau<\/li>\n<li>Inklusive Pumpe, Schlauch, Verteiler, LEDs, Anleitung und schwarzen Abschlusssteinen<\/li>\n<li>Pumpenkabell\u00e4nge 10 mtr, LEDs 7,5 mtr<\/li>\n<li><strong>Mit Wasserstandsanzeige<\/strong><\/li>\n<li>Mit Ablassschraube<\/li>\n<li>Gew\u00e4hrleistung 1 Jahr (Trockenlaufsch\u00e4den der Pumpe und Frostsch\u00e4den ausgenommen)<\/li>\n<li>Verpackt in Holzkiste<\/li>\n<li>Schnell geliefert<\/li>\n<li>Nirgendwo sonst zu verkaufen<\/li>\n<\/ul>\n","protected":false},"excerpt":{"rendered":"<p>Ein wundersch\u00f6n schlichter Brunnen f\u00fcr Ihren Garten oder auf der Terrasse, selbst entwickelt und nirgendwo anders erh\u00e4ltlich. Das Wasserbecken besteht aus glattem, pechschwarzem, poliertem Granit, in den Ecken im 45-Grad-Winkel ges\u00e4gt, die Wassers\u00e4ule aus grauem, poliertem Granit, der teilweise ges\u00e4gt ist, f\u00fcr ein sehr sch\u00f6nes Funkeln des Reliefs, besonders im Dunkeln bei Scheinwerferlicht ist darauf &hellip;<\/p>\n","protected":false},"featured_media":21046,"template":"","meta":{"_acf_changed":false},"product_brand":[],"product_cat":[539,548,536],"product_tag":[],"class_list":{"0":"post-21058","1":"product","2":"type-product","3":"status-publish","4":"has-post-thumbnail","6":"product_cat-einzigartige-eigene-modelle-von-losen-wasserspiele","7":"product_cat-terrassenbrunnen","8":"product_cat-wassereigenschaften","10":"first","11":"outofstock","12":"taxable","13":"shipping-taxable","14":"purchasable","15":"product-type-simple"},"acf":[],"yoast_head":"<!-- This site is optimized with the Yoast SEO plugin v23.8 - https:\/\/yoast.com\/wordpress\/plugins\/seo\/ -->\n<title>Terrassenbrunnen aus Granit mit LED-Beleuchtung | Eliassen.nl<\/title>\n<meta name=\"description\" content=\"Sie m\u00f6chten einen Terrassenbrunnen aus Granit mit LED-Beleuchtung f\u00fcr den Garten kaufen? Sehen Sie sich unsere Sammlung von gro\u00dfen und kleinen Terrassenbrunn...\" \/>\n<meta name=\"robots\" content=\"noindex, follow, max-snippet:-1, max-image-preview:large, max-video-preview:-1\" \/>\n<meta property=\"og:locale\" content=\"de_DE\" \/>\n<meta property=\"og:type\" content=\"article\" \/>\n<meta property=\"og:title\" content=\"Terrassenbrunnen aus Granit mit LED-Beleuchtung | Eliassen.nl\" \/>\n<meta property=\"og:description\" content=\"Sie m\u00f6chten einen Terrassenbrunnen aus Granit mit LED-Beleuchtung f\u00fcr den Garten kaufen? Sehen Sie sich unsere Sammlung von gro\u00dfen und kleinen Terrassenbrunn...\" \/>\n<meta property=\"og:url\" content=\"https:\/\/dev.eliassen.nl\/de\/product\/terrassenbrunnen-crumbo-aus-granit-mit-led-beleuchtung\/\" \/>\n<meta property=\"og:site_name\" content=\"Eliassen.nl\" \/>\n<meta property=\"article:publisher\" content=\"https:\/\/www.facebook.com\/TuincentrumEliassenAmmerzoden\" \/>\n<meta property=\"article:modified_time\" content=\"2024-12-05T14:33:44+00:00\" \/>\n<meta property=\"og:image\" content=\"https:\/\/dev.eliassen.nl\/wp-content\/uploads\/2024\/01\/terrasfonteingranietcrumbometledverlichtingel.jpg\" \/>\n\t<meta property=\"og:image:width\" content=\"321\" \/>\n\t<meta property=\"og:image:height\" content=\"577\" \/>\n\t<meta property=\"og:image:type\" content=\"image\/jpeg\" \/>\n<meta name=\"twitter:card\" content=\"summary_large_image\" \/>\n<script type=\"application\/ld+json\" class=\"yoast-schema-graph\">{\"@context\":\"https:\/\/schema.org\",\"@graph\":[{\"@type\":\"WebPage\",\"@id\":\"https:\/\/dev.eliassen.nl\/de\/product\/terrassenbrunnen-crumbo-aus-granit-mit-led-beleuchtung\/\",\"url\":\"https:\/\/dev.eliassen.nl\/de\/product\/terrassenbrunnen-crumbo-aus-granit-mit-led-beleuchtung\/\",\"name\":\"Terrassenbrunnen aus Granit mit LED-Beleuchtung | Eliassen.nl\",\"isPartOf\":{\"@id\":\"https:\/\/dev.eliassen.nl\/de\/#website\"},\"primaryImageOfPage\":{\"@id\":\"https:\/\/dev.eliassen.nl\/de\/product\/terrassenbrunnen-crumbo-aus-granit-mit-led-beleuchtung\/#primaryimage\"},\"image\":{\"@id\":\"https:\/\/dev.eliassen.nl\/de\/product\/terrassenbrunnen-crumbo-aus-granit-mit-led-beleuchtung\/#primaryimage\"},\"thumbnailUrl\":\"https:\/\/dev.eliassen.nl\/wp-content\/uploads\/2024\/01\/terrasfonteingranietcrumbometledverlichtingel.jpg\",\"datePublished\":\"2020-02-05T15:50:23+00:00\",\"dateModified\":\"2024-12-05T14:33:44+00:00\",\"description\":\"Sie m\u00f6chten einen Terrassenbrunnen aus Granit mit LED-Beleuchtung f\u00fcr den Garten kaufen? Sehen Sie sich unsere Sammlung von gro\u00dfen und kleinen Terrassenbrunn...\",\"breadcrumb\":{\"@id\":\"https:\/\/dev.eliassen.nl\/de\/product\/terrassenbrunnen-crumbo-aus-granit-mit-led-beleuchtung\/#breadcrumb\"},\"inLanguage\":\"de\",\"potentialAction\":[{\"@type\":\"ReadAction\",\"target\":[\"https:\/\/dev.eliassen.nl\/de\/product\/terrassenbrunnen-crumbo-aus-granit-mit-led-beleuchtung\/\"]}]},{\"@type\":\"ImageObject\",\"inLanguage\":\"de\",\"@id\":\"https:\/\/dev.eliassen.nl\/de\/product\/terrassenbrunnen-crumbo-aus-granit-mit-led-beleuchtung\/#primaryimage\",\"url\":\"https:\/\/dev.eliassen.nl\/wp-content\/uploads\/2024\/01\/terrasfonteingranietcrumbometledverlichtingel.jpg\",\"contentUrl\":\"https:\/\/dev.eliassen.nl\/wp-content\/uploads\/2024\/01\/terrasfonteingranietcrumbometledverlichtingel.jpg\",\"width\":321,\"height\":577,\"caption\":\"Terrasfontein graniet Crumbo met ledverlichting | Eliassen.nl\"},{\"@type\":\"BreadcrumbList\",\"@id\":\"https:\/\/dev.eliassen.nl\/de\/product\/terrassenbrunnen-crumbo-aus-granit-mit-led-beleuchtung\/#breadcrumb\",\"itemListElement\":[{\"@type\":\"ListItem\",\"position\":1,\"name\":\"Home\",\"item\":\"https:\/\/dev.eliassen.nl\/de\/\"},{\"@type\":\"ListItem\",\"position\":2,\"name\":\"Shop\",\"item\":\"https:\/\/dev.eliassen.nl\/nl\/winkel\/\"},{\"@type\":\"ListItem\",\"position\":3,\"name\":\"Wasserspiele\",\"item\":\"https:\/\/dev.eliassen.nl\/de\/wassereigenschaften\/\"},{\"@type\":\"ListItem\",\"position\":4,\"name\":\"Einzigartige eigene Modelle von losen Wasserspielen\",\"item\":\"https:\/\/dev.eliassen.nl\/de\/wassereigenschaften\/einzigartige-eigene-modelle-von-losen-wasserspiele\/\"},{\"@type\":\"ListItem\",\"position\":5,\"name\":\"Terrassenbrunnen Crumbo aus Granit mit LED-Beleuchtung\"}]},{\"@type\":\"WebSite\",\"@id\":\"https:\/\/dev.eliassen.nl\/de\/#website\",\"url\":\"https:\/\/dev.eliassen.nl\/de\/\",\"name\":\"Eliassen Home & Garden Pleasure\",\"description\":\"\",\"publisher\":{\"@id\":\"https:\/\/dev.eliassen.nl\/de\/#organization\"},\"alternateName\":\"Eliassen.nl\",\"potentialAction\":[{\"@type\":\"SearchAction\",\"target\":{\"@type\":\"EntryPoint\",\"urlTemplate\":\"https:\/\/dev.eliassen.nl\/de\/?s={search_term_string}\"},\"query-input\":{\"@type\":\"PropertyValueSpecification\",\"valueRequired\":true,\"valueName\":\"search_term_string\"}}],\"inLanguage\":\"de\"},{\"@type\":\"Organization\",\"@id\":\"https:\/\/dev.eliassen.nl\/de\/#organization\",\"name\":\"Eliassen Home & Garden Pleasure\",\"url\":\"https:\/\/dev.eliassen.nl\/de\/\",\"logo\":{\"@type\":\"ImageObject\",\"inLanguage\":\"de\",\"@id\":\"https:\/\/dev.eliassen.nl\/de\/#\/schema\/logo\/image\/\",\"url\":\"https:\/\/www.eliassen.nl\/wp-content\/uploads\/2024\/01\/logo_4nd.jpg\",\"contentUrl\":\"https:\/\/www.eliassen.nl\/wp-content\/uploads\/2024\/01\/logo_4nd.jpg\",\"width\":500,\"height\":500,\"caption\":\"Eliassen Home & Garden Pleasure\"},\"image\":{\"@id\":\"https:\/\/dev.eliassen.nl\/de\/#\/schema\/logo\/image\/\"},\"sameAs\":[\"https:\/\/www.facebook.com\/TuincentrumEliassenAmmerzoden\",\"https:\/\/www.instagram.com\/eliassenhomeandgarden\/\",\"https:\/\/nl.pinterest.com\/eliassenhomeandgarden\/\",\"https:\/\/www.youtube.com\/@eliassenhomegardenpleasure4558\"]}]}<\/script>\n<!-- \/ Yoast SEO plugin. -->","yoast_head_json":{"title":"Terrassenbrunnen aus Granit mit LED-Beleuchtung | Eliassen.nl","description":"Sie m\u00f6chten einen Terrassenbrunnen aus Granit mit LED-Beleuchtung f\u00fcr den Garten kaufen? Sehen Sie sich unsere Sammlung von gro\u00dfen und kleinen Terrassenbrunn...","robots":{"index":"noindex","follow":"follow","max-snippet":"max-snippet:-1","max-image-preview":"max-image-preview:large","max-video-preview":"max-video-preview:-1"},"og_locale":"de_DE","og_type":"article","og_title":"Terrassenbrunnen aus Granit mit LED-Beleuchtung | Eliassen.nl","og_description":"Sie m\u00f6chten einen Terrassenbrunnen aus Granit mit LED-Beleuchtung f\u00fcr den Garten kaufen? Sehen Sie sich unsere Sammlung von gro\u00dfen und kleinen Terrassenbrunn...","og_url":"https:\/\/dev.eliassen.nl\/de\/product\/terrassenbrunnen-crumbo-aus-granit-mit-led-beleuchtung\/","og_site_name":"Eliassen.nl","article_publisher":"https:\/\/www.facebook.com\/TuincentrumEliassenAmmerzoden","article_modified_time":"2024-12-05T14:33:44+00:00","og_image":[{"width":321,"height":577,"url":"https:\/\/dev.eliassen.nl\/wp-content\/uploads\/2024\/01\/terrasfonteingranietcrumbometledverlichtingel.jpg","type":"image\/jpeg"}],"twitter_card":"summary_large_image","schema":{"@context":"https:\/\/schema.org","@graph":[{"@type":"WebPage","@id":"https:\/\/dev.eliassen.nl\/de\/product\/terrassenbrunnen-crumbo-aus-granit-mit-led-beleuchtung\/","url":"https:\/\/dev.eliassen.nl\/de\/product\/terrassenbrunnen-crumbo-aus-granit-mit-led-beleuchtung\/","name":"Terrassenbrunnen aus Granit mit LED-Beleuchtung | Eliassen.nl","isPartOf":{"@id":"https:\/\/dev.eliassen.nl\/de\/#website"},"primaryImageOfPage":{"@id":"https:\/\/dev.eliassen.nl\/de\/product\/terrassenbrunnen-crumbo-aus-granit-mit-led-beleuchtung\/#primaryimage"},"image":{"@id":"https:\/\/dev.eliassen.nl\/de\/product\/terrassenbrunnen-crumbo-aus-granit-mit-led-beleuchtung\/#primaryimage"},"thumbnailUrl":"https:\/\/dev.eliassen.nl\/wp-content\/uploads\/2024\/01\/terrasfonteingranietcrumbometledverlichtingel.jpg","datePublished":"2020-02-05T15:50:23+00:00","dateModified":"2024-12-05T14:33:44+00:00","description":"Sie m\u00f6chten einen Terrassenbrunnen aus Granit mit LED-Beleuchtung f\u00fcr den Garten kaufen? Sehen Sie sich unsere Sammlung von gro\u00dfen und kleinen Terrassenbrunn...","breadcrumb":{"@id":"https:\/\/dev.eliassen.nl\/de\/product\/terrassenbrunnen-crumbo-aus-granit-mit-led-beleuchtung\/#breadcrumb"},"inLanguage":"de","potentialAction":[{"@type":"ReadAction","target":["https:\/\/dev.eliassen.nl\/de\/product\/terrassenbrunnen-crumbo-aus-granit-mit-led-beleuchtung\/"]}]},{"@type":"ImageObject","inLanguage":"de","@id":"https:\/\/dev.eliassen.nl\/de\/product\/terrassenbrunnen-crumbo-aus-granit-mit-led-beleuchtung\/#primaryimage","url":"https:\/\/dev.eliassen.nl\/wp-content\/uploads\/2024\/01\/terrasfonteingranietcrumbometledverlichtingel.jpg","contentUrl":"https:\/\/dev.eliassen.nl\/wp-content\/uploads\/2024\/01\/terrasfonteingranietcrumbometledverlichtingel.jpg","width":321,"height":577,"caption":"Terrasfontein graniet Crumbo met ledverlichting | Eliassen.nl"},{"@type":"BreadcrumbList","@id":"https:\/\/dev.eliassen.nl\/de\/product\/terrassenbrunnen-crumbo-aus-granit-mit-led-beleuchtung\/#breadcrumb","itemListElement":[{"@type":"ListItem","position":1,"name":"Home","item":"https:\/\/dev.eliassen.nl\/de\/"},{"@type":"ListItem","position":2,"name":"Shop","item":"https:\/\/dev.eliassen.nl\/nl\/winkel\/"},{"@type":"ListItem","position":3,"name":"Wasserspiele","item":"https:\/\/dev.eliassen.nl\/de\/wassereigenschaften\/"},{"@type":"ListItem","position":4,"name":"Einzigartige eigene Modelle von losen Wasserspielen","item":"https:\/\/dev.eliassen.nl\/de\/wassereigenschaften\/einzigartige-eigene-modelle-von-losen-wasserspiele\/"},{"@type":"ListItem","position":5,"name":"Terrassenbrunnen Crumbo aus Granit mit LED-Beleuchtung"}]},{"@type":"WebSite","@id":"https:\/\/dev.eliassen.nl\/de\/#website","url":"https:\/\/dev.eliassen.nl\/de\/","name":"Eliassen Home & Garden Pleasure","description":"","publisher":{"@id":"https:\/\/dev.eliassen.nl\/de\/#organization"},"alternateName":"Eliassen.nl","potentialAction":[{"@type":"SearchAction","target":{"@type":"EntryPoint","urlTemplate":"https:\/\/dev.eliassen.nl\/de\/?s={search_term_string}"},"query-input":{"@type":"PropertyValueSpecification","valueRequired":true,"valueName":"search_term_string"}}],"inLanguage":"de"},{"@type":"Organization","@id":"https:\/\/dev.eliassen.nl\/de\/#organization","name":"Eliassen Home & Garden Pleasure","url":"https:\/\/dev.eliassen.nl\/de\/","logo":{"@type":"ImageObject","inLanguage":"de","@id":"https:\/\/dev.eliassen.nl\/de\/#\/schema\/logo\/image\/","url":"https:\/\/www.eliassen.nl\/wp-content\/uploads\/2024\/01\/logo_4nd.jpg","contentUrl":"https:\/\/www.eliassen.nl\/wp-content\/uploads\/2024\/01\/logo_4nd.jpg","width":500,"height":500,"caption":"Eliassen Home & Garden Pleasure"},"image":{"@id":"https:\/\/dev.eliassen.nl\/de\/#\/schema\/logo\/image\/"},"sameAs":["https:\/\/www.facebook.com\/TuincentrumEliassenAmmerzoden","https:\/\/www.instagram.com\/eliassenhomeandgarden\/","https:\/\/nl.pinterest.com\/eliassenhomeandgarden\/","https:\/\/www.youtube.com\/@eliassenhomegardenpleasure4558"]}]}},"df_price":650,"df_sale_price":"","df_regular_price":650,"df_image_link":"https:\/\/dev.eliassen.nl\/wp-content\/uploads\/2024\/01\/terrasfonteingranietcrumbometledverlichtingel.jpg","image":"https:\/\/dev.eliassen.nl\/wp-content\/uploads\/2024\/01\/terrasfonteingranietcrumbometledverlichtingel.jpg","price_search":"<span class=\"woocommerce-Price-amount amount\"><bdi><span class=\"woocommerce-Price-currencySymbol\">&euro;<\/span>&nbsp;650,00<\/bdi><\/span>","category":"Einzigartige eigene Modelle von losen Wasserspielen","_links":{"self":[{"href":"https:\/\/dev.eliassen.nl\/de\/wp-json\/wp\/v2\/product\/21058","targetHints":{"allow":["GET"]}}],"collection":[{"href":"https:\/\/dev.eliassen.nl\/de\/wp-json\/wp\/v2\/product"}],"about":[{"href":"https:\/\/dev.eliassen.nl\/de\/wp-json\/wp\/v2\/types\/product"}],"wp:featuredmedia":[{"embeddable":true,"href":"https:\/\/dev.eliassen.nl\/de\/wp-json\/wp\/v2\/media\/21046"}],"wp:attachment":[{"href":"https:\/\/dev.eliassen.nl\/de\/wp-json\/wp\/v2\/media?parent=21058"}],"wp:term":[{"taxonomy":"product_brand","embeddable":true,"href":"https:\/\/dev.eliassen.nl\/de\/wp-json\/wp\/v2\/product_brand?post=21058"},{"taxonomy":"product_cat","embeddable":true,"href":"https:\/\/dev.eliassen.nl\/de\/wp-json\/wp\/v2\/product_cat?post=21058"},{"taxonomy":"product_tag","embeddable":true,"href":"https:\/\/dev.eliassen.nl\/de\/wp-json\/wp\/v2\/product_tag?post=21058"}],"curies":[{"name":"wp","href":"https:\/\/api.w.org\/{rel}","templated":true}]}}