{"id":21085,"date":"2020-02-05T16:53:37","date_gmt":"2020-02-05T15:53:37","guid":{"rendered":"https:\/\/www.eliassen.nl\/?product=terrasfontein-graniet-peter"},"modified":"2024-12-05T15:33:47","modified_gmt":"2024-12-05T14:33:47","slug":"moderner-schwarzer-terrassenbrunnen-aus-granit-peter","status":"publish","type":"product","link":"https:\/\/dev.eliassen.nl\/de\/product\/moderner-schwarzer-terrassenbrunnen-aus-granit-peter\/","title":{"rendered":"Moderner schwarzer Terrassenbrunnen aus Granit Peter"},"content":{"rendered":"<p><strong><video controls=\"controls\" width=\"300\" height=\"150\"><source src=\"https:\/\/cdn.webshopapp.com\/shops\/289658\/files\/408206127\/opname-ornament-peter.mp4\" type=\"video\/mp4\" \/><\/video><\/strong><\/p>\n<p>Ein wundersch\u00f6ner, eleganter Brunnen f\u00fcr Ihren Garten oder auf der Terrasse, der von uns selbst entwickelt wurde und nirgendwo anders erh\u00e4ltlich ist. Der Wassertank besteht aus glattem, pechschwarz poliertem Granit, die Wassers\u00e4ulen aus rundum ges\u00e4gtem grauem Granit, was besonders im Dunkeln, wenn ein Scheinwerfer darauf gerichtet ist, ein sehr sch\u00f6nes Glitzern auf dem Relief ergibt.<\/p>\n<p>Bei diesem Modell ist kein Graben erforderlich, da sich die Wasserversorgung im Beh\u00e4lter befindet. F\u00fcr einen einfachen Zugang zur Pumpe wurde in der Bodenplatte ein gro\u00dfes Loch mit einer Edelstahlabdeckung angebracht. Wird komplett mit Pumpe, Schlauch, Wasserverteiler, LEDs, Gebrauchsanweisung und schwarzen Abschlusssteinen geliefert. F\u00fcr den vollst\u00e4ndigen Betrieb ben\u00f6tigen Sie 2 Steckdosen.<\/p>\n<p><strong>Fontein funktioniert m\u00f6glicherweise auch ohne Glasflaschen.<\/strong><\/p>\n<p><strong>Vergessen Sie nicht, unseren Showroom mit 300 Modellen zu besuchen, wo Sie auch eine gute Beratung erhalten!<\/strong><\/p>\n<ul>\n<li>Gr\u00f6\u00dfe 55x55x85cm hoch<\/li>\n<li>Material: Granit poliert\/ges\u00e4gt, schwarz\/grau<\/li>\n<li>Inklusive Pumpe, Schlauch, Verteiler, LEDs, Gebrauchsanweisung und schwarzen Abschlusssteinen<\/li>\n<li>Die Kabell\u00e4nge f\u00fcr die Pumpe betr\u00e4gt 10 Meter und die LEDs sind 7,5 Meter lang<\/li>\n<li><strong>Mit Wasserstandsanzeige<\/strong><\/li>\n<li>Mit Ablassschraube<\/li>\n<li>Garantie 1 Jahr (Trockenlaufsch\u00e4den an der Pumpe und Frostsch\u00e4den ausgenommen)<\/li>\n<li>Verpackt in Holzkiste<\/li>\n<li>Schnell geliefert<\/li>\n<li>Nirgendwo anders zu verkaufen.<\/li>\n<\/ul>\n","protected":false},"excerpt":{"rendered":"<p>Ein wundersch\u00f6ner, eleganter Brunnen f\u00fcr Ihren Garten oder auf der Terrasse, der von uns selbst entwickelt wurde und nirgendwo anders erh\u00e4ltlich ist. Der Wassertank besteht aus glattem, pechschwarz poliertem Granit, die Wassers\u00e4ulen aus rundum ges\u00e4gtem grauem Granit, was besonders im Dunkeln, wenn ein Scheinwerfer darauf gerichtet ist, ein sehr sch\u00f6nes Glitzern auf dem Relief ergibt. &hellip;<\/p>\n","protected":false},"featured_media":21061,"template":"","meta":{"_acf_changed":false},"product_brand":[],"product_cat":[539,548,536],"product_tag":[],"class_list":{"0":"post-21085","1":"product","2":"type-product","3":"status-publish","4":"has-post-thumbnail","6":"product_cat-einzigartige-eigene-modelle-von-losen-wasserspiele","7":"product_cat-terrassenbrunnen","8":"product_cat-wassereigenschaften","10":"first","11":"instock","12":"taxable","13":"shipping-taxable","14":"purchasable","15":"product-type-simple"},"acf":[],"yoast_head":"<!-- This site is optimized with the Yoast SEO plugin v23.8 - https:\/\/yoast.com\/wordpress\/plugins\/seo\/ -->\n<title>Moderner schwarzer Terrassenbrunnen aus Granit Peter | Eliassen.nl<\/title>\n<meta name=\"description\" content=\"M\u00f6chten Sie einen modernen schwarzen Terrassenbrunnen kaufen? Dieses Modell ist nirgendwo anders erh\u00e4ltlich! Eigens entwickelt. F\u00fcr mehrere Terrassenbrunnen ...\" \/>\n<meta name=\"robots\" content=\"noindex, follow, max-snippet:-1, max-image-preview:large, max-video-preview:-1\" \/>\n<meta property=\"og:locale\" content=\"de_DE\" \/>\n<meta property=\"og:type\" content=\"article\" \/>\n<meta property=\"og:title\" content=\"Moderner schwarzer Terrassenbrunnen aus Granit Peter | Eliassen.nl\" \/>\n<meta property=\"og:description\" content=\"M\u00f6chten Sie einen modernen schwarzen Terrassenbrunnen kaufen? Dieses Modell ist nirgendwo anders erh\u00e4ltlich! Eigens entwickelt. F\u00fcr mehrere Terrassenbrunnen ...\" \/>\n<meta property=\"og:url\" content=\"https:\/\/dev.eliassen.nl\/de\/product\/moderner-schwarzer-terrassenbrunnen-aus-granit-peter\/\" \/>\n<meta property=\"og:site_name\" content=\"Eliassen.nl\" \/>\n<meta property=\"article:publisher\" content=\"https:\/\/www.facebook.com\/TuincentrumEliassenAmmerzoden\" \/>\n<meta property=\"article:modified_time\" content=\"2024-12-05T14:33:47+00:00\" \/>\n<meta property=\"og:image\" content=\"https:\/\/dev.eliassen.nl\/wp-content\/uploads\/2024\/01\/modernezwarteterrasfonteingranietpetereliasse.jpg\" \/>\n\t<meta property=\"og:image:width\" content=\"356\" \/>\n\t<meta property=\"og:image:height\" content=\"512\" \/>\n\t<meta property=\"og:image:type\" content=\"image\/jpeg\" \/>\n<meta name=\"twitter:card\" content=\"summary_large_image\" \/>\n<script type=\"application\/ld+json\" class=\"yoast-schema-graph\">{\"@context\":\"https:\/\/schema.org\",\"@graph\":[{\"@type\":\"WebPage\",\"@id\":\"https:\/\/dev.eliassen.nl\/de\/product\/moderner-schwarzer-terrassenbrunnen-aus-granit-peter\/\",\"url\":\"https:\/\/dev.eliassen.nl\/de\/product\/moderner-schwarzer-terrassenbrunnen-aus-granit-peter\/\",\"name\":\"Moderner schwarzer Terrassenbrunnen aus Granit Peter | Eliassen.nl\",\"isPartOf\":{\"@id\":\"https:\/\/dev.eliassen.nl\/de\/#website\"},\"primaryImageOfPage\":{\"@id\":\"https:\/\/dev.eliassen.nl\/de\/product\/moderner-schwarzer-terrassenbrunnen-aus-granit-peter\/#primaryimage\"},\"image\":{\"@id\":\"https:\/\/dev.eliassen.nl\/de\/product\/moderner-schwarzer-terrassenbrunnen-aus-granit-peter\/#primaryimage\"},\"thumbnailUrl\":\"https:\/\/dev.eliassen.nl\/wp-content\/uploads\/2024\/01\/modernezwarteterrasfonteingranietpetereliasse.jpg\",\"datePublished\":\"2020-02-05T15:53:37+00:00\",\"dateModified\":\"2024-12-05T14:33:47+00:00\",\"description\":\"M\u00f6chten Sie einen modernen schwarzen Terrassenbrunnen kaufen? Dieses Modell ist nirgendwo anders erh\u00e4ltlich! Eigens entwickelt. F\u00fcr mehrere Terrassenbrunnen ...\",\"breadcrumb\":{\"@id\":\"https:\/\/dev.eliassen.nl\/de\/product\/moderner-schwarzer-terrassenbrunnen-aus-granit-peter\/#breadcrumb\"},\"inLanguage\":\"de\",\"potentialAction\":[{\"@type\":\"ReadAction\",\"target\":[\"https:\/\/dev.eliassen.nl\/de\/product\/moderner-schwarzer-terrassenbrunnen-aus-granit-peter\/\"]}]},{\"@type\":\"ImageObject\",\"inLanguage\":\"de\",\"@id\":\"https:\/\/dev.eliassen.nl\/de\/product\/moderner-schwarzer-terrassenbrunnen-aus-granit-peter\/#primaryimage\",\"url\":\"https:\/\/dev.eliassen.nl\/wp-content\/uploads\/2024\/01\/modernezwarteterrasfonteingranietpetereliasse.jpg\",\"contentUrl\":\"https:\/\/dev.eliassen.nl\/wp-content\/uploads\/2024\/01\/modernezwarteterrasfonteingranietpetereliasse.jpg\",\"width\":356,\"height\":512,\"caption\":\"Moderne zwarte Terrasfontein graniet Peter | Eliassen.nl\"},{\"@type\":\"BreadcrumbList\",\"@id\":\"https:\/\/dev.eliassen.nl\/de\/product\/moderner-schwarzer-terrassenbrunnen-aus-granit-peter\/#breadcrumb\",\"itemListElement\":[{\"@type\":\"ListItem\",\"position\":1,\"name\":\"Home\",\"item\":\"https:\/\/dev.eliassen.nl\/de\/\"},{\"@type\":\"ListItem\",\"position\":2,\"name\":\"Shop\",\"item\":\"https:\/\/dev.eliassen.nl\/nl\/winkel\/\"},{\"@type\":\"ListItem\",\"position\":3,\"name\":\"Wasserspiele\",\"item\":\"https:\/\/dev.eliassen.nl\/de\/wassereigenschaften\/\"},{\"@type\":\"ListItem\",\"position\":4,\"name\":\"Einzigartige eigene Modelle von losen Wasserspielen\",\"item\":\"https:\/\/dev.eliassen.nl\/de\/wassereigenschaften\/einzigartige-eigene-modelle-von-losen-wasserspiele\/\"},{\"@type\":\"ListItem\",\"position\":5,\"name\":\"Moderner schwarzer Terrassenbrunnen aus Granit Peter\"}]},{\"@type\":\"WebSite\",\"@id\":\"https:\/\/dev.eliassen.nl\/de\/#website\",\"url\":\"https:\/\/dev.eliassen.nl\/de\/\",\"name\":\"Eliassen Home & Garden Pleasure\",\"description\":\"\",\"publisher\":{\"@id\":\"https:\/\/dev.eliassen.nl\/de\/#organization\"},\"alternateName\":\"Eliassen.nl\",\"potentialAction\":[{\"@type\":\"SearchAction\",\"target\":{\"@type\":\"EntryPoint\",\"urlTemplate\":\"https:\/\/dev.eliassen.nl\/de\/?s={search_term_string}\"},\"query-input\":{\"@type\":\"PropertyValueSpecification\",\"valueRequired\":true,\"valueName\":\"search_term_string\"}}],\"inLanguage\":\"de\"},{\"@type\":\"Organization\",\"@id\":\"https:\/\/dev.eliassen.nl\/de\/#organization\",\"name\":\"Eliassen Home & Garden Pleasure\",\"url\":\"https:\/\/dev.eliassen.nl\/de\/\",\"logo\":{\"@type\":\"ImageObject\",\"inLanguage\":\"de\",\"@id\":\"https:\/\/dev.eliassen.nl\/de\/#\/schema\/logo\/image\/\",\"url\":\"https:\/\/www.eliassen.nl\/wp-content\/uploads\/2024\/01\/logo_4nd.jpg\",\"contentUrl\":\"https:\/\/www.eliassen.nl\/wp-content\/uploads\/2024\/01\/logo_4nd.jpg\",\"width\":500,\"height\":500,\"caption\":\"Eliassen Home & Garden Pleasure\"},\"image\":{\"@id\":\"https:\/\/dev.eliassen.nl\/de\/#\/schema\/logo\/image\/\"},\"sameAs\":[\"https:\/\/www.facebook.com\/TuincentrumEliassenAmmerzoden\",\"https:\/\/www.instagram.com\/eliassenhomeandgarden\/\",\"https:\/\/nl.pinterest.com\/eliassenhomeandgarden\/\",\"https:\/\/www.youtube.com\/@eliassenhomegardenpleasure4558\"]}]}<\/script>\n<!-- \/ Yoast SEO plugin. -->","yoast_head_json":{"title":"Moderner schwarzer Terrassenbrunnen aus Granit Peter | Eliassen.nl","description":"M\u00f6chten Sie einen modernen schwarzen Terrassenbrunnen kaufen? Dieses Modell ist nirgendwo anders erh\u00e4ltlich! Eigens entwickelt. F\u00fcr mehrere Terrassenbrunnen ...","robots":{"index":"noindex","follow":"follow","max-snippet":"max-snippet:-1","max-image-preview":"max-image-preview:large","max-video-preview":"max-video-preview:-1"},"og_locale":"de_DE","og_type":"article","og_title":"Moderner schwarzer Terrassenbrunnen aus Granit Peter | Eliassen.nl","og_description":"M\u00f6chten Sie einen modernen schwarzen Terrassenbrunnen kaufen? Dieses Modell ist nirgendwo anders erh\u00e4ltlich! Eigens entwickelt. F\u00fcr mehrere Terrassenbrunnen ...","og_url":"https:\/\/dev.eliassen.nl\/de\/product\/moderner-schwarzer-terrassenbrunnen-aus-granit-peter\/","og_site_name":"Eliassen.nl","article_publisher":"https:\/\/www.facebook.com\/TuincentrumEliassenAmmerzoden","article_modified_time":"2024-12-05T14:33:47+00:00","og_image":[{"width":356,"height":512,"url":"https:\/\/dev.eliassen.nl\/wp-content\/uploads\/2024\/01\/modernezwarteterrasfonteingranietpetereliasse.jpg","type":"image\/jpeg"}],"twitter_card":"summary_large_image","schema":{"@context":"https:\/\/schema.org","@graph":[{"@type":"WebPage","@id":"https:\/\/dev.eliassen.nl\/de\/product\/moderner-schwarzer-terrassenbrunnen-aus-granit-peter\/","url":"https:\/\/dev.eliassen.nl\/de\/product\/moderner-schwarzer-terrassenbrunnen-aus-granit-peter\/","name":"Moderner schwarzer Terrassenbrunnen aus Granit Peter | Eliassen.nl","isPartOf":{"@id":"https:\/\/dev.eliassen.nl\/de\/#website"},"primaryImageOfPage":{"@id":"https:\/\/dev.eliassen.nl\/de\/product\/moderner-schwarzer-terrassenbrunnen-aus-granit-peter\/#primaryimage"},"image":{"@id":"https:\/\/dev.eliassen.nl\/de\/product\/moderner-schwarzer-terrassenbrunnen-aus-granit-peter\/#primaryimage"},"thumbnailUrl":"https:\/\/dev.eliassen.nl\/wp-content\/uploads\/2024\/01\/modernezwarteterrasfonteingranietpetereliasse.jpg","datePublished":"2020-02-05T15:53:37+00:00","dateModified":"2024-12-05T14:33:47+00:00","description":"M\u00f6chten Sie einen modernen schwarzen Terrassenbrunnen kaufen? Dieses Modell ist nirgendwo anders erh\u00e4ltlich! Eigens entwickelt. F\u00fcr mehrere Terrassenbrunnen ...","breadcrumb":{"@id":"https:\/\/dev.eliassen.nl\/de\/product\/moderner-schwarzer-terrassenbrunnen-aus-granit-peter\/#breadcrumb"},"inLanguage":"de","potentialAction":[{"@type":"ReadAction","target":["https:\/\/dev.eliassen.nl\/de\/product\/moderner-schwarzer-terrassenbrunnen-aus-granit-peter\/"]}]},{"@type":"ImageObject","inLanguage":"de","@id":"https:\/\/dev.eliassen.nl\/de\/product\/moderner-schwarzer-terrassenbrunnen-aus-granit-peter\/#primaryimage","url":"https:\/\/dev.eliassen.nl\/wp-content\/uploads\/2024\/01\/modernezwarteterrasfonteingranietpetereliasse.jpg","contentUrl":"https:\/\/dev.eliassen.nl\/wp-content\/uploads\/2024\/01\/modernezwarteterrasfonteingranietpetereliasse.jpg","width":356,"height":512,"caption":"Moderne zwarte Terrasfontein graniet Peter | Eliassen.nl"},{"@type":"BreadcrumbList","@id":"https:\/\/dev.eliassen.nl\/de\/product\/moderner-schwarzer-terrassenbrunnen-aus-granit-peter\/#breadcrumb","itemListElement":[{"@type":"ListItem","position":1,"name":"Home","item":"https:\/\/dev.eliassen.nl\/de\/"},{"@type":"ListItem","position":2,"name":"Shop","item":"https:\/\/dev.eliassen.nl\/nl\/winkel\/"},{"@type":"ListItem","position":3,"name":"Wasserspiele","item":"https:\/\/dev.eliassen.nl\/de\/wassereigenschaften\/"},{"@type":"ListItem","position":4,"name":"Einzigartige eigene Modelle von losen Wasserspielen","item":"https:\/\/dev.eliassen.nl\/de\/wassereigenschaften\/einzigartige-eigene-modelle-von-losen-wasserspiele\/"},{"@type":"ListItem","position":5,"name":"Moderner schwarzer Terrassenbrunnen aus Granit Peter"}]},{"@type":"WebSite","@id":"https:\/\/dev.eliassen.nl\/de\/#website","url":"https:\/\/dev.eliassen.nl\/de\/","name":"Eliassen Home & Garden Pleasure","description":"","publisher":{"@id":"https:\/\/dev.eliassen.nl\/de\/#organization"},"alternateName":"Eliassen.nl","potentialAction":[{"@type":"SearchAction","target":{"@type":"EntryPoint","urlTemplate":"https:\/\/dev.eliassen.nl\/de\/?s={search_term_string}"},"query-input":{"@type":"PropertyValueSpecification","valueRequired":true,"valueName":"search_term_string"}}],"inLanguage":"de"},{"@type":"Organization","@id":"https:\/\/dev.eliassen.nl\/de\/#organization","name":"Eliassen Home & Garden Pleasure","url":"https:\/\/dev.eliassen.nl\/de\/","logo":{"@type":"ImageObject","inLanguage":"de","@id":"https:\/\/dev.eliassen.nl\/de\/#\/schema\/logo\/image\/","url":"https:\/\/www.eliassen.nl\/wp-content\/uploads\/2024\/01\/logo_4nd.jpg","contentUrl":"https:\/\/www.eliassen.nl\/wp-content\/uploads\/2024\/01\/logo_4nd.jpg","width":500,"height":500,"caption":"Eliassen Home & Garden Pleasure"},"image":{"@id":"https:\/\/dev.eliassen.nl\/de\/#\/schema\/logo\/image\/"},"sameAs":["https:\/\/www.facebook.com\/TuincentrumEliassenAmmerzoden","https:\/\/www.instagram.com\/eliassenhomeandgarden\/","https:\/\/nl.pinterest.com\/eliassenhomeandgarden\/","https:\/\/www.youtube.com\/@eliassenhomegardenpleasure4558"]}]}},"df_price":499,"df_sale_price":"","df_regular_price":499,"df_image_link":"https:\/\/dev.eliassen.nl\/wp-content\/uploads\/2024\/01\/modernezwarteterrasfonteingranietpetereliasse.jpg","image":"https:\/\/dev.eliassen.nl\/wp-content\/uploads\/2024\/01\/modernezwarteterrasfonteingranietpetereliasse.jpg","price_search":"<span class=\"woocommerce-Price-amount amount\"><bdi><span class=\"woocommerce-Price-currencySymbol\">&euro;<\/span>&nbsp;499,00<\/bdi><\/span>","category":"Einzigartige eigene Modelle von losen Wasserspielen","_links":{"self":[{"href":"https:\/\/dev.eliassen.nl\/de\/wp-json\/wp\/v2\/product\/21085","targetHints":{"allow":["GET"]}}],"collection":[{"href":"https:\/\/dev.eliassen.nl\/de\/wp-json\/wp\/v2\/product"}],"about":[{"href":"https:\/\/dev.eliassen.nl\/de\/wp-json\/wp\/v2\/types\/product"}],"wp:featuredmedia":[{"embeddable":true,"href":"https:\/\/dev.eliassen.nl\/de\/wp-json\/wp\/v2\/media\/21061"}],"wp:attachment":[{"href":"https:\/\/dev.eliassen.nl\/de\/wp-json\/wp\/v2\/media?parent=21085"}],"wp:term":[{"taxonomy":"product_brand","embeddable":true,"href":"https:\/\/dev.eliassen.nl\/de\/wp-json\/wp\/v2\/product_brand?post=21085"},{"taxonomy":"product_cat","embeddable":true,"href":"https:\/\/dev.eliassen.nl\/de\/wp-json\/wp\/v2\/product_cat?post=21085"},{"taxonomy":"product_tag","embeddable":true,"href":"https:\/\/dev.eliassen.nl\/de\/wp-json\/wp\/v2\/product_tag?post=21085"}],"curies":[{"name":"wp","href":"https:\/\/api.w.org\/{rel}","templated":true}]}}