{"id":21151,"date":"2020-02-06T17:54:54","date_gmt":"2020-02-06T16:54:54","guid":{"rendered":"https:\/\/www.eliassen.nl\/?product=g"},"modified":"2024-12-05T15:33:49","modified_gmt":"2024-12-05T14:33:49","slug":"glasmalerei-lowenkopf-120x80cm-2","status":"publish","type":"product","link":"https:\/\/dev.eliassen.nl\/de\/product\/glasmalerei-lowenkopf-120x80cm-2\/","title":{"rendered":"Glasmalerei L\u00f6wenkopf 120x80cm"},"content":{"rendered":"<p>Dieses Gem\u00e4lde aus geh\u00e4rtetem Glas mit der Gr\u00f6\u00dfe 80 x 120 cm ist eine sehr sch\u00f6ne Wanddekoration f\u00fcr jedes moderne Interieur zu Hause oder in Ihrem Unternehmen. Dieses Modell mit dem Bild eines L\u00f6wen ist sehr scharf. Da das Foto auf der R\u00fcckseite auf das 4 mm dicke Glas eingebrannt ist, verleiht diese Wanddekoration einen sch\u00f6nen Glanz.<br \/>Die Kanten sind sch\u00f6n abgerundet.<br \/><strong>Wir haben fast die gesamte Kollektion dieses Webshops in unserem Gesch\u00e4ft auf Lager, was in den Niederlanden einzigartig ist!!<\/strong><\/p>\n<ul>\n<li>Gr\u00f6\u00dfe 80 x 120 cm.<\/li>\n<li>Schnell geliefert.<\/li>\n<li>Nahezu unzerbrechlich.<\/li>\n<li>Superscharfes Bild.<\/li>\n<li>4 mm dickes geh\u00e4rtetes Glas.<\/li>\n<li>Nahezu unempfindlich gegen Kratzer.<\/li>\n<li>Einfach aufzuh\u00e4ngen mit 2 Haken.<\/li>\n<\/ul>\n","protected":false},"excerpt":{"rendered":"<p>Dieses Gem\u00e4lde aus geh\u00e4rtetem Glas mit der Gr\u00f6\u00dfe 80 x 120 cm ist eine sehr sch\u00f6ne Wanddekoration f\u00fcr jedes moderne Interieur zu Hause oder in Ihrem Unternehmen. Dieses Modell mit dem Bild eines L\u00f6wen ist sehr scharf. Da das Foto auf der R\u00fcckseite auf das 4 mm dicke Glas eingebrannt ist, verleiht diese Wanddekoration einen &hellip;<\/p>\n","protected":false},"featured_media":21148,"template":"","meta":{"_acf_changed":false},"product_brand":[],"product_cat":[410,455,443],"product_tag":[],"class_list":{"0":"post-21151","1":"product","2":"type-product","3":"status-publish","4":"has-post-thumbnail","6":"product_cat-gemaelde","7":"product_cat-glasmalerei-im-format-80x120cm","8":"product_cat-glasmalereien","10":"first","11":"instock","12":"sale","13":"taxable","14":"shipping-taxable","15":"purchasable","16":"product-type-simple"},"acf":[],"yoast_head":"<!-- This site is optimized with the Yoast SEO plugin v23.8 - https:\/\/yoast.com\/wordpress\/plugins\/seo\/ -->\n<title>Glasmalerei L\u00f6wenkopf 120x80cm | Eliassen<\/title>\n<meta name=\"description\" content=\"Bei Eliassen k\u00f6nnen Sie Glasmalerei L\u00f6wenkopf 120x80cm online kaufen oder live im Showroom ansehen. Direkt online bestellen.\" \/>\n<meta name=\"robots\" content=\"noindex, follow, max-snippet:-1, max-image-preview:large, max-video-preview:-1\" \/>\n<meta property=\"og:locale\" content=\"de_DE\" \/>\n<meta property=\"og:type\" content=\"article\" \/>\n<meta property=\"og:title\" content=\"Glasmalerei L\u00f6wenkopf 120x80cm | Eliassen\" \/>\n<meta property=\"og:description\" content=\"Bei Eliassen k\u00f6nnen Sie Glasmalerei L\u00f6wenkopf 120x80cm online kaufen oder live im Showroom ansehen. Direkt online bestellen.\" \/>\n<meta property=\"og:url\" content=\"https:\/\/dev.eliassen.nl\/de\/product\/glasmalerei-lowenkopf-120x80cm-2\/\" \/>\n<meta property=\"og:site_name\" content=\"Eliassen.nl\" \/>\n<meta property=\"article:publisher\" content=\"https:\/\/www.facebook.com\/TuincentrumEliassenAmmerzoden\" \/>\n<meta property=\"article:modified_time\" content=\"2024-12-05T14:33:49+00:00\" \/>\n<meta property=\"og:image\" content=\"https:\/\/dev.eliassen.nl\/wp-content\/uploads\/2024\/01\/eliassenglasschilderijleeuwenkop120x80cm.jpg\" \/>\n\t<meta property=\"og:image:width\" content=\"1417\" \/>\n\t<meta property=\"og:image:height\" content=\"945\" \/>\n\t<meta property=\"og:image:type\" content=\"image\/jpeg\" \/>\n<meta name=\"twitter:card\" content=\"summary_large_image\" \/>\n<script type=\"application\/ld+json\" class=\"yoast-schema-graph\">{\"@context\":\"https:\/\/schema.org\",\"@graph\":[{\"@type\":\"WebPage\",\"@id\":\"https:\/\/dev.eliassen.nl\/de\/product\/glasmalerei-lowenkopf-120x80cm-2\/\",\"url\":\"https:\/\/dev.eliassen.nl\/de\/product\/glasmalerei-lowenkopf-120x80cm-2\/\",\"name\":\"Glasmalerei L\u00f6wenkopf 120x80cm | Eliassen\",\"isPartOf\":{\"@id\":\"https:\/\/dev.eliassen.nl\/de\/#website\"},\"primaryImageOfPage\":{\"@id\":\"https:\/\/dev.eliassen.nl\/de\/product\/glasmalerei-lowenkopf-120x80cm-2\/#primaryimage\"},\"image\":{\"@id\":\"https:\/\/dev.eliassen.nl\/de\/product\/glasmalerei-lowenkopf-120x80cm-2\/#primaryimage\"},\"thumbnailUrl\":\"https:\/\/dev.eliassen.nl\/wp-content\/uploads\/2024\/01\/eliassenglasschilderijleeuwenkop120x80cm.jpg\",\"datePublished\":\"2020-02-06T16:54:54+00:00\",\"dateModified\":\"2024-12-05T14:33:49+00:00\",\"description\":\"Bei Eliassen k\u00f6nnen Sie Glasmalerei L\u00f6wenkopf 120x80cm online kaufen oder live im Showroom ansehen. Direkt online bestellen.\",\"breadcrumb\":{\"@id\":\"https:\/\/dev.eliassen.nl\/de\/product\/glasmalerei-lowenkopf-120x80cm-2\/#breadcrumb\"},\"inLanguage\":\"de\",\"potentialAction\":[{\"@type\":\"ReadAction\",\"target\":[\"https:\/\/dev.eliassen.nl\/de\/product\/glasmalerei-lowenkopf-120x80cm-2\/\"]}]},{\"@type\":\"ImageObject\",\"inLanguage\":\"de\",\"@id\":\"https:\/\/dev.eliassen.nl\/de\/product\/glasmalerei-lowenkopf-120x80cm-2\/#primaryimage\",\"url\":\"https:\/\/dev.eliassen.nl\/wp-content\/uploads\/2024\/01\/eliassenglasschilderijleeuwenkop120x80cm.jpg\",\"contentUrl\":\"https:\/\/dev.eliassen.nl\/wp-content\/uploads\/2024\/01\/eliassenglasschilderijleeuwenkop120x80cm.jpg\",\"width\":1417,\"height\":945,\"caption\":\"Eliassen Glasschilderij Leeuwen kop 120x80cm\"},{\"@type\":\"BreadcrumbList\",\"@id\":\"https:\/\/dev.eliassen.nl\/de\/product\/glasmalerei-lowenkopf-120x80cm-2\/#breadcrumb\",\"itemListElement\":[{\"@type\":\"ListItem\",\"position\":1,\"name\":\"Home\",\"item\":\"https:\/\/dev.eliassen.nl\/de\/\"},{\"@type\":\"ListItem\",\"position\":2,\"name\":\"Shop\",\"item\":\"https:\/\/dev.eliassen.nl\/nl\/winkel\/\"},{\"@type\":\"ListItem\",\"position\":3,\"name\":\"Glasmalereien\",\"item\":\"https:\/\/dev.eliassen.nl\/de\/gemaelde\/glasmalereien\/\"},{\"@type\":\"ListItem\",\"position\":4,\"name\":\"Glasmalerei im Format 80x120cm\",\"item\":\"https:\/\/dev.eliassen.nl\/de\/gemaelde\/glasmalereien\/glasmalerei-im-format-80x120cm\/\"},{\"@type\":\"ListItem\",\"position\":5,\"name\":\"Glasmalerei L\u00f6wenkopf 120x80cm\"}]},{\"@type\":\"WebSite\",\"@id\":\"https:\/\/dev.eliassen.nl\/de\/#website\",\"url\":\"https:\/\/dev.eliassen.nl\/de\/\",\"name\":\"Eliassen Home & Garden Pleasure\",\"description\":\"\",\"publisher\":{\"@id\":\"https:\/\/dev.eliassen.nl\/de\/#organization\"},\"alternateName\":\"Eliassen.nl\",\"potentialAction\":[{\"@type\":\"SearchAction\",\"target\":{\"@type\":\"EntryPoint\",\"urlTemplate\":\"https:\/\/dev.eliassen.nl\/de\/?s={search_term_string}\"},\"query-input\":{\"@type\":\"PropertyValueSpecification\",\"valueRequired\":true,\"valueName\":\"search_term_string\"}}],\"inLanguage\":\"de\"},{\"@type\":\"Organization\",\"@id\":\"https:\/\/dev.eliassen.nl\/de\/#organization\",\"name\":\"Eliassen Home & Garden Pleasure\",\"url\":\"https:\/\/dev.eliassen.nl\/de\/\",\"logo\":{\"@type\":\"ImageObject\",\"inLanguage\":\"de\",\"@id\":\"https:\/\/dev.eliassen.nl\/de\/#\/schema\/logo\/image\/\",\"url\":\"https:\/\/www.eliassen.nl\/wp-content\/uploads\/2024\/01\/logo_4nd.jpg\",\"contentUrl\":\"https:\/\/www.eliassen.nl\/wp-content\/uploads\/2024\/01\/logo_4nd.jpg\",\"width\":500,\"height\":500,\"caption\":\"Eliassen Home & Garden Pleasure\"},\"image\":{\"@id\":\"https:\/\/dev.eliassen.nl\/de\/#\/schema\/logo\/image\/\"},\"sameAs\":[\"https:\/\/www.facebook.com\/TuincentrumEliassenAmmerzoden\",\"https:\/\/www.instagram.com\/eliassenhomeandgarden\/\",\"https:\/\/nl.pinterest.com\/eliassenhomeandgarden\/\",\"https:\/\/www.youtube.com\/@eliassenhomegardenpleasure4558\"]}]}<\/script>\n<!-- \/ Yoast SEO plugin. -->","yoast_head_json":{"title":"Glasmalerei L\u00f6wenkopf 120x80cm | Eliassen","description":"Bei Eliassen k\u00f6nnen Sie Glasmalerei L\u00f6wenkopf 120x80cm online kaufen oder live im Showroom ansehen. Direkt online bestellen.","robots":{"index":"noindex","follow":"follow","max-snippet":"max-snippet:-1","max-image-preview":"max-image-preview:large","max-video-preview":"max-video-preview:-1"},"og_locale":"de_DE","og_type":"article","og_title":"Glasmalerei L\u00f6wenkopf 120x80cm | Eliassen","og_description":"Bei Eliassen k\u00f6nnen Sie Glasmalerei L\u00f6wenkopf 120x80cm online kaufen oder live im Showroom ansehen. Direkt online bestellen.","og_url":"https:\/\/dev.eliassen.nl\/de\/product\/glasmalerei-lowenkopf-120x80cm-2\/","og_site_name":"Eliassen.nl","article_publisher":"https:\/\/www.facebook.com\/TuincentrumEliassenAmmerzoden","article_modified_time":"2024-12-05T14:33:49+00:00","og_image":[{"width":1417,"height":945,"url":"https:\/\/dev.eliassen.nl\/wp-content\/uploads\/2024\/01\/eliassenglasschilderijleeuwenkop120x80cm.jpg","type":"image\/jpeg"}],"twitter_card":"summary_large_image","schema":{"@context":"https:\/\/schema.org","@graph":[{"@type":"WebPage","@id":"https:\/\/dev.eliassen.nl\/de\/product\/glasmalerei-lowenkopf-120x80cm-2\/","url":"https:\/\/dev.eliassen.nl\/de\/product\/glasmalerei-lowenkopf-120x80cm-2\/","name":"Glasmalerei L\u00f6wenkopf 120x80cm | Eliassen","isPartOf":{"@id":"https:\/\/dev.eliassen.nl\/de\/#website"},"primaryImageOfPage":{"@id":"https:\/\/dev.eliassen.nl\/de\/product\/glasmalerei-lowenkopf-120x80cm-2\/#primaryimage"},"image":{"@id":"https:\/\/dev.eliassen.nl\/de\/product\/glasmalerei-lowenkopf-120x80cm-2\/#primaryimage"},"thumbnailUrl":"https:\/\/dev.eliassen.nl\/wp-content\/uploads\/2024\/01\/eliassenglasschilderijleeuwenkop120x80cm.jpg","datePublished":"2020-02-06T16:54:54+00:00","dateModified":"2024-12-05T14:33:49+00:00","description":"Bei Eliassen k\u00f6nnen Sie Glasmalerei L\u00f6wenkopf 120x80cm online kaufen oder live im Showroom ansehen. Direkt online bestellen.","breadcrumb":{"@id":"https:\/\/dev.eliassen.nl\/de\/product\/glasmalerei-lowenkopf-120x80cm-2\/#breadcrumb"},"inLanguage":"de","potentialAction":[{"@type":"ReadAction","target":["https:\/\/dev.eliassen.nl\/de\/product\/glasmalerei-lowenkopf-120x80cm-2\/"]}]},{"@type":"ImageObject","inLanguage":"de","@id":"https:\/\/dev.eliassen.nl\/de\/product\/glasmalerei-lowenkopf-120x80cm-2\/#primaryimage","url":"https:\/\/dev.eliassen.nl\/wp-content\/uploads\/2024\/01\/eliassenglasschilderijleeuwenkop120x80cm.jpg","contentUrl":"https:\/\/dev.eliassen.nl\/wp-content\/uploads\/2024\/01\/eliassenglasschilderijleeuwenkop120x80cm.jpg","width":1417,"height":945,"caption":"Eliassen Glasschilderij Leeuwen kop 120x80cm"},{"@type":"BreadcrumbList","@id":"https:\/\/dev.eliassen.nl\/de\/product\/glasmalerei-lowenkopf-120x80cm-2\/#breadcrumb","itemListElement":[{"@type":"ListItem","position":1,"name":"Home","item":"https:\/\/dev.eliassen.nl\/de\/"},{"@type":"ListItem","position":2,"name":"Shop","item":"https:\/\/dev.eliassen.nl\/nl\/winkel\/"},{"@type":"ListItem","position":3,"name":"Glasmalereien","item":"https:\/\/dev.eliassen.nl\/de\/gemaelde\/glasmalereien\/"},{"@type":"ListItem","position":4,"name":"Glasmalerei im Format 80x120cm","item":"https:\/\/dev.eliassen.nl\/de\/gemaelde\/glasmalereien\/glasmalerei-im-format-80x120cm\/"},{"@type":"ListItem","position":5,"name":"Glasmalerei L\u00f6wenkopf 120x80cm"}]},{"@type":"WebSite","@id":"https:\/\/dev.eliassen.nl\/de\/#website","url":"https:\/\/dev.eliassen.nl\/de\/","name":"Eliassen Home & Garden Pleasure","description":"","publisher":{"@id":"https:\/\/dev.eliassen.nl\/de\/#organization"},"alternateName":"Eliassen.nl","potentialAction":[{"@type":"SearchAction","target":{"@type":"EntryPoint","urlTemplate":"https:\/\/dev.eliassen.nl\/de\/?s={search_term_string}"},"query-input":{"@type":"PropertyValueSpecification","valueRequired":true,"valueName":"search_term_string"}}],"inLanguage":"de"},{"@type":"Organization","@id":"https:\/\/dev.eliassen.nl\/de\/#organization","name":"Eliassen Home & Garden Pleasure","url":"https:\/\/dev.eliassen.nl\/de\/","logo":{"@type":"ImageObject","inLanguage":"de","@id":"https:\/\/dev.eliassen.nl\/de\/#\/schema\/logo\/image\/","url":"https:\/\/www.eliassen.nl\/wp-content\/uploads\/2024\/01\/logo_4nd.jpg","contentUrl":"https:\/\/www.eliassen.nl\/wp-content\/uploads\/2024\/01\/logo_4nd.jpg","width":500,"height":500,"caption":"Eliassen Home & Garden Pleasure"},"image":{"@id":"https:\/\/dev.eliassen.nl\/de\/#\/schema\/logo\/image\/"},"sameAs":["https:\/\/www.facebook.com\/TuincentrumEliassenAmmerzoden","https:\/\/www.instagram.com\/eliassenhomeandgarden\/","https:\/\/nl.pinterest.com\/eliassenhomeandgarden\/","https:\/\/www.youtube.com\/@eliassenhomegardenpleasure4558"]}]}},"df_price":109,"df_sale_price":109,"df_regular_price":139,"df_image_link":"https:\/\/dev.eliassen.nl\/wp-content\/uploads\/2024\/01\/eliassenglasschilderijleeuwenkop120x80cm.jpg","image":"https:\/\/dev.eliassen.nl\/wp-content\/uploads\/2024\/01\/eliassenglasschilderijleeuwenkop120x80cm.jpg","price_search":"<span class=\"woocommerce-Price-amount amount\"><bdi><span class=\"woocommerce-Price-currencySymbol\">&euro;<\/span>&nbsp;109,00<\/bdi><\/span>","category":"Gem\u00e4lde","_links":{"self":[{"href":"https:\/\/dev.eliassen.nl\/de\/wp-json\/wp\/v2\/product\/21151","targetHints":{"allow":["GET"]}}],"collection":[{"href":"https:\/\/dev.eliassen.nl\/de\/wp-json\/wp\/v2\/product"}],"about":[{"href":"https:\/\/dev.eliassen.nl\/de\/wp-json\/wp\/v2\/types\/product"}],"wp:featuredmedia":[{"embeddable":true,"href":"https:\/\/dev.eliassen.nl\/de\/wp-json\/wp\/v2\/media\/21148"}],"wp:attachment":[{"href":"https:\/\/dev.eliassen.nl\/de\/wp-json\/wp\/v2\/media?parent=21151"}],"wp:term":[{"taxonomy":"product_brand","embeddable":true,"href":"https:\/\/dev.eliassen.nl\/de\/wp-json\/wp\/v2\/product_brand?post=21151"},{"taxonomy":"product_cat","embeddable":true,"href":"https:\/\/dev.eliassen.nl\/de\/wp-json\/wp\/v2\/product_cat?post=21151"},{"taxonomy":"product_tag","embeddable":true,"href":"https:\/\/dev.eliassen.nl\/de\/wp-json\/wp\/v2\/product_tag?post=21151"}],"curies":[{"name":"wp","href":"https:\/\/api.w.org\/{rel}","templated":true}]}}