{"id":21160,"date":"2020-02-06T18:04:27","date_gmt":"2020-02-06T17:04:27","guid":{"rendered":"https:\/\/www.eliassen.nl\/?product=glasschilderij-panter-voor-spiegel-160x110cm"},"modified":"2024-12-05T15:33:50","modified_gmt":"2024-12-05T14:33:50","slug":"glasmalerei-panther-lauft-160x110cm","status":"publish","type":"product","link":"https:\/\/dev.eliassen.nl\/de\/product\/glasmalerei-panther-lauft-160x110cm\/","title":{"rendered":"Glasmalerei Panther l\u00e4uft 160x110cm"},"content":{"rendered":"<p>Dieses Glasgem\u00e4lde aus geh\u00e4rtetem Glas mit einer Gr\u00f6\u00dfe von 110 x 160 cm ist eine sehr sch\u00f6ne Wanddekoration f\u00fcr jedes moderne Interieur in Ihrem Zuhause oder Ihrer Firma. Dieses Modell mit dem Bild eines Panthers vor einem Spiegel ist sehr scharf. Da das Foto auf der R\u00fcckseite auf dem 4 mm dicken Glas gebrannt ist, verleiht diese Wanddekoration einen sch\u00f6nen Glanz.<br \/>Die Kanten sind sch\u00f6n gerundet.<br \/><strong>Wir haben fast die gesamte Kollektion dieses Webshops auf Lager in unserem Shop, der in den Niederlanden sehr einzigartig ist !!<\/strong><\/p>\n<ul>\n<li>Gr\u00f6\u00dfe 110x160cm.<\/li>\n<li>Schnell geliefert.<\/li>\n<li>Praktisch unzerbrechlich.<\/li>\n<li>Super scharfes Bild.<\/li>\n<li>4 mm dickes geh\u00e4rtetes Glas.<\/li>\n<li>Praktisch unempfindlich gegen Kratzer.<\/li>\n<li>Einfach mit 2 Haken aufzuh\u00e4ngen.<\/li>\n<\/ul>\n","protected":false},"excerpt":{"rendered":"<p>Dieses Glasgem\u00e4lde aus geh\u00e4rtetem Glas mit einer Gr\u00f6\u00dfe von 110 x 160 cm ist eine sehr sch\u00f6ne Wanddekoration f\u00fcr jedes moderne Interieur in Ihrem Zuhause oder Ihrer Firma. Dieses Modell mit dem Bild eines Panthers vor einem Spiegel ist sehr scharf. Da das Foto auf der R\u00fcckseite auf dem 4 mm dicken Glas gebrannt ist, &hellip;<\/p>\n","protected":false},"featured_media":21154,"template":"","meta":{"_acf_changed":false},"product_brand":[],"product_cat":[410,464,443],"product_tag":[7167],"class_list":{"0":"post-21160","1":"product","2":"type-product","3":"status-publish","4":"has-post-thumbnail","6":"product_cat-gemaelde","7":"product_cat-glasmalerei-im-format-110x160cm","8":"product_cat-glasmalereien","9":"product_tag-110x160cm-gemalde","11":"first","12":"outofstock","13":"sale","14":"taxable","15":"shipping-taxable","16":"purchasable","17":"product-type-simple"},"acf":[],"yoast_head":"<!-- This site is optimized with the Yoast SEO plugin v23.8 - https:\/\/yoast.com\/wordpress\/plugins\/seo\/ -->\n<title>Glasmalerei Panther vor Spiegel 160x110cm - Eliassen<\/title>\n<meta name=\"description\" content=\"Auf der Suche nach einem Glasgem\u00e4lde? Jetzt bestellen Glasmalerei Panther Walking 160x110cm. Sie k\u00f6nnen ganz einfach ein Gem\u00e4lde auf unserer Website kaufen. ...\" \/>\n<meta name=\"robots\" content=\"noindex, follow, max-snippet:-1, max-image-preview:large, max-video-preview:-1\" \/>\n<meta property=\"og:locale\" content=\"de_DE\" \/>\n<meta property=\"og:type\" content=\"article\" \/>\n<meta property=\"og:title\" content=\"Glasmalerei Panther vor Spiegel 160x110cm - Eliassen\" \/>\n<meta property=\"og:description\" content=\"Auf der Suche nach einem Glasgem\u00e4lde? Jetzt bestellen Glasmalerei Panther Walking 160x110cm. Sie k\u00f6nnen ganz einfach ein Gem\u00e4lde auf unserer Website kaufen. ...\" \/>\n<meta property=\"og:url\" content=\"https:\/\/dev.eliassen.nl\/de\/product\/glasmalerei-panther-lauft-160x110cm\/\" \/>\n<meta property=\"og:site_name\" content=\"Eliassen.nl\" \/>\n<meta property=\"article:publisher\" content=\"https:\/\/www.facebook.com\/TuincentrumEliassenAmmerzoden\" \/>\n<meta property=\"article:modified_time\" content=\"2024-12-05T14:33:50+00:00\" \/>\n<meta property=\"og:image\" content=\"https:\/\/dev.eliassen.nl\/wp-content\/uploads\/2024\/01\/glasschilderijpanterlopend160x110cmeliassenn.jpg\" \/>\n\t<meta property=\"og:image:width\" content=\"800\" \/>\n\t<meta property=\"og:image:height\" content=\"1200\" \/>\n\t<meta property=\"og:image:type\" content=\"image\/jpeg\" \/>\n<meta name=\"twitter:card\" content=\"summary_large_image\" \/>\n<script type=\"application\/ld+json\" class=\"yoast-schema-graph\">{\"@context\":\"https:\/\/schema.org\",\"@graph\":[{\"@type\":\"WebPage\",\"@id\":\"https:\/\/dev.eliassen.nl\/de\/product\/glasmalerei-panther-lauft-160x110cm\/\",\"url\":\"https:\/\/dev.eliassen.nl\/de\/product\/glasmalerei-panther-lauft-160x110cm\/\",\"name\":\"Glasmalerei Panther vor Spiegel 160x110cm - Eliassen\",\"isPartOf\":{\"@id\":\"https:\/\/dev.eliassen.nl\/de\/#website\"},\"primaryImageOfPage\":{\"@id\":\"https:\/\/dev.eliassen.nl\/de\/product\/glasmalerei-panther-lauft-160x110cm\/#primaryimage\"},\"image\":{\"@id\":\"https:\/\/dev.eliassen.nl\/de\/product\/glasmalerei-panther-lauft-160x110cm\/#primaryimage\"},\"thumbnailUrl\":\"https:\/\/dev.eliassen.nl\/wp-content\/uploads\/2024\/01\/glasschilderijpanterlopend160x110cmeliassenn.jpg\",\"datePublished\":\"2020-02-06T17:04:27+00:00\",\"dateModified\":\"2024-12-05T14:33:50+00:00\",\"description\":\"Auf der Suche nach einem Glasgem\u00e4lde? Jetzt bestellen Glasmalerei Panther Walking 160x110cm. Sie k\u00f6nnen ganz einfach ein Gem\u00e4lde auf unserer Website kaufen. ...\",\"breadcrumb\":{\"@id\":\"https:\/\/dev.eliassen.nl\/de\/product\/glasmalerei-panther-lauft-160x110cm\/#breadcrumb\"},\"inLanguage\":\"de\",\"potentialAction\":[{\"@type\":\"ReadAction\",\"target\":[\"https:\/\/dev.eliassen.nl\/de\/product\/glasmalerei-panther-lauft-160x110cm\/\"]}]},{\"@type\":\"ImageObject\",\"inLanguage\":\"de\",\"@id\":\"https:\/\/dev.eliassen.nl\/de\/product\/glasmalerei-panther-lauft-160x110cm\/#primaryimage\",\"url\":\"https:\/\/dev.eliassen.nl\/wp-content\/uploads\/2024\/01\/glasschilderijpanterlopend160x110cmeliassenn.jpg\",\"contentUrl\":\"https:\/\/dev.eliassen.nl\/wp-content\/uploads\/2024\/01\/glasschilderijpanterlopend160x110cmeliassenn.jpg\",\"width\":800,\"height\":1200,\"caption\":\"Glasschilderij Panter lopend 160x110cm - Eliassen.nl\"},{\"@type\":\"BreadcrumbList\",\"@id\":\"https:\/\/dev.eliassen.nl\/de\/product\/glasmalerei-panther-lauft-160x110cm\/#breadcrumb\",\"itemListElement\":[{\"@type\":\"ListItem\",\"position\":1,\"name\":\"Home\",\"item\":\"https:\/\/dev.eliassen.nl\/de\/\"},{\"@type\":\"ListItem\",\"position\":2,\"name\":\"Shop\",\"item\":\"https:\/\/dev.eliassen.nl\/nl\/winkel\/\"},{\"@type\":\"ListItem\",\"position\":3,\"name\":\"Glasmalereien\",\"item\":\"https:\/\/dev.eliassen.nl\/de\/gemaelde\/glasmalereien\/\"},{\"@type\":\"ListItem\",\"position\":4,\"name\":\"Glasmalerei im Format 110x160cm\",\"item\":\"https:\/\/dev.eliassen.nl\/de\/gemaelde\/glasmalereien\/glasmalerei-im-format-110x160cm\/\"},{\"@type\":\"ListItem\",\"position\":5,\"name\":\"Glasmalerei Panther l\u00e4uft 160x110cm\"}]},{\"@type\":\"WebSite\",\"@id\":\"https:\/\/dev.eliassen.nl\/de\/#website\",\"url\":\"https:\/\/dev.eliassen.nl\/de\/\",\"name\":\"Eliassen Home & Garden Pleasure\",\"description\":\"\",\"publisher\":{\"@id\":\"https:\/\/dev.eliassen.nl\/de\/#organization\"},\"alternateName\":\"Eliassen.nl\",\"potentialAction\":[{\"@type\":\"SearchAction\",\"target\":{\"@type\":\"EntryPoint\",\"urlTemplate\":\"https:\/\/dev.eliassen.nl\/de\/?s={search_term_string}\"},\"query-input\":{\"@type\":\"PropertyValueSpecification\",\"valueRequired\":true,\"valueName\":\"search_term_string\"}}],\"inLanguage\":\"de\"},{\"@type\":\"Organization\",\"@id\":\"https:\/\/dev.eliassen.nl\/de\/#organization\",\"name\":\"Eliassen Home & Garden Pleasure\",\"url\":\"https:\/\/dev.eliassen.nl\/de\/\",\"logo\":{\"@type\":\"ImageObject\",\"inLanguage\":\"de\",\"@id\":\"https:\/\/dev.eliassen.nl\/de\/#\/schema\/logo\/image\/\",\"url\":\"https:\/\/www.eliassen.nl\/wp-content\/uploads\/2024\/01\/logo_4nd.jpg\",\"contentUrl\":\"https:\/\/www.eliassen.nl\/wp-content\/uploads\/2024\/01\/logo_4nd.jpg\",\"width\":500,\"height\":500,\"caption\":\"Eliassen Home & Garden Pleasure\"},\"image\":{\"@id\":\"https:\/\/dev.eliassen.nl\/de\/#\/schema\/logo\/image\/\"},\"sameAs\":[\"https:\/\/www.facebook.com\/TuincentrumEliassenAmmerzoden\",\"https:\/\/www.instagram.com\/eliassenhomeandgarden\/\",\"https:\/\/nl.pinterest.com\/eliassenhomeandgarden\/\",\"https:\/\/www.youtube.com\/@eliassenhomegardenpleasure4558\"]}]}<\/script>\n<!-- \/ Yoast SEO plugin. -->","yoast_head_json":{"title":"Glasmalerei Panther vor Spiegel 160x110cm - Eliassen","description":"Auf der Suche nach einem Glasgem\u00e4lde? Jetzt bestellen Glasmalerei Panther Walking 160x110cm. Sie k\u00f6nnen ganz einfach ein Gem\u00e4lde auf unserer Website kaufen. ...","robots":{"index":"noindex","follow":"follow","max-snippet":"max-snippet:-1","max-image-preview":"max-image-preview:large","max-video-preview":"max-video-preview:-1"},"og_locale":"de_DE","og_type":"article","og_title":"Glasmalerei Panther vor Spiegel 160x110cm - Eliassen","og_description":"Auf der Suche nach einem Glasgem\u00e4lde? Jetzt bestellen Glasmalerei Panther Walking 160x110cm. Sie k\u00f6nnen ganz einfach ein Gem\u00e4lde auf unserer Website kaufen. ...","og_url":"https:\/\/dev.eliassen.nl\/de\/product\/glasmalerei-panther-lauft-160x110cm\/","og_site_name":"Eliassen.nl","article_publisher":"https:\/\/www.facebook.com\/TuincentrumEliassenAmmerzoden","article_modified_time":"2024-12-05T14:33:50+00:00","og_image":[{"width":800,"height":1200,"url":"https:\/\/dev.eliassen.nl\/wp-content\/uploads\/2024\/01\/glasschilderijpanterlopend160x110cmeliassenn.jpg","type":"image\/jpeg"}],"twitter_card":"summary_large_image","schema":{"@context":"https:\/\/schema.org","@graph":[{"@type":"WebPage","@id":"https:\/\/dev.eliassen.nl\/de\/product\/glasmalerei-panther-lauft-160x110cm\/","url":"https:\/\/dev.eliassen.nl\/de\/product\/glasmalerei-panther-lauft-160x110cm\/","name":"Glasmalerei Panther vor Spiegel 160x110cm - Eliassen","isPartOf":{"@id":"https:\/\/dev.eliassen.nl\/de\/#website"},"primaryImageOfPage":{"@id":"https:\/\/dev.eliassen.nl\/de\/product\/glasmalerei-panther-lauft-160x110cm\/#primaryimage"},"image":{"@id":"https:\/\/dev.eliassen.nl\/de\/product\/glasmalerei-panther-lauft-160x110cm\/#primaryimage"},"thumbnailUrl":"https:\/\/dev.eliassen.nl\/wp-content\/uploads\/2024\/01\/glasschilderijpanterlopend160x110cmeliassenn.jpg","datePublished":"2020-02-06T17:04:27+00:00","dateModified":"2024-12-05T14:33:50+00:00","description":"Auf der Suche nach einem Glasgem\u00e4lde? Jetzt bestellen Glasmalerei Panther Walking 160x110cm. Sie k\u00f6nnen ganz einfach ein Gem\u00e4lde auf unserer Website kaufen. ...","breadcrumb":{"@id":"https:\/\/dev.eliassen.nl\/de\/product\/glasmalerei-panther-lauft-160x110cm\/#breadcrumb"},"inLanguage":"de","potentialAction":[{"@type":"ReadAction","target":["https:\/\/dev.eliassen.nl\/de\/product\/glasmalerei-panther-lauft-160x110cm\/"]}]},{"@type":"ImageObject","inLanguage":"de","@id":"https:\/\/dev.eliassen.nl\/de\/product\/glasmalerei-panther-lauft-160x110cm\/#primaryimage","url":"https:\/\/dev.eliassen.nl\/wp-content\/uploads\/2024\/01\/glasschilderijpanterlopend160x110cmeliassenn.jpg","contentUrl":"https:\/\/dev.eliassen.nl\/wp-content\/uploads\/2024\/01\/glasschilderijpanterlopend160x110cmeliassenn.jpg","width":800,"height":1200,"caption":"Glasschilderij Panter lopend 160x110cm - Eliassen.nl"},{"@type":"BreadcrumbList","@id":"https:\/\/dev.eliassen.nl\/de\/product\/glasmalerei-panther-lauft-160x110cm\/#breadcrumb","itemListElement":[{"@type":"ListItem","position":1,"name":"Home","item":"https:\/\/dev.eliassen.nl\/de\/"},{"@type":"ListItem","position":2,"name":"Shop","item":"https:\/\/dev.eliassen.nl\/nl\/winkel\/"},{"@type":"ListItem","position":3,"name":"Glasmalereien","item":"https:\/\/dev.eliassen.nl\/de\/gemaelde\/glasmalereien\/"},{"@type":"ListItem","position":4,"name":"Glasmalerei im Format 110x160cm","item":"https:\/\/dev.eliassen.nl\/de\/gemaelde\/glasmalereien\/glasmalerei-im-format-110x160cm\/"},{"@type":"ListItem","position":5,"name":"Glasmalerei Panther l\u00e4uft 160x110cm"}]},{"@type":"WebSite","@id":"https:\/\/dev.eliassen.nl\/de\/#website","url":"https:\/\/dev.eliassen.nl\/de\/","name":"Eliassen Home & Garden Pleasure","description":"","publisher":{"@id":"https:\/\/dev.eliassen.nl\/de\/#organization"},"alternateName":"Eliassen.nl","potentialAction":[{"@type":"SearchAction","target":{"@type":"EntryPoint","urlTemplate":"https:\/\/dev.eliassen.nl\/de\/?s={search_term_string}"},"query-input":{"@type":"PropertyValueSpecification","valueRequired":true,"valueName":"search_term_string"}}],"inLanguage":"de"},{"@type":"Organization","@id":"https:\/\/dev.eliassen.nl\/de\/#organization","name":"Eliassen Home & Garden Pleasure","url":"https:\/\/dev.eliassen.nl\/de\/","logo":{"@type":"ImageObject","inLanguage":"de","@id":"https:\/\/dev.eliassen.nl\/de\/#\/schema\/logo\/image\/","url":"https:\/\/www.eliassen.nl\/wp-content\/uploads\/2024\/01\/logo_4nd.jpg","contentUrl":"https:\/\/www.eliassen.nl\/wp-content\/uploads\/2024\/01\/logo_4nd.jpg","width":500,"height":500,"caption":"Eliassen Home & Garden Pleasure"},"image":{"@id":"https:\/\/dev.eliassen.nl\/de\/#\/schema\/logo\/image\/"},"sameAs":["https:\/\/www.facebook.com\/TuincentrumEliassenAmmerzoden","https:\/\/www.instagram.com\/eliassenhomeandgarden\/","https:\/\/nl.pinterest.com\/eliassenhomeandgarden\/","https:\/\/www.youtube.com\/@eliassenhomegardenpleasure4558"]}]}},"df_price":200,"df_sale_price":200,"df_regular_price":279,"df_image_link":"https:\/\/dev.eliassen.nl\/wp-content\/uploads\/2024\/01\/glasschilderijpanterlopend160x110cmeliassenn.jpg","image":"https:\/\/dev.eliassen.nl\/wp-content\/uploads\/2024\/01\/glasschilderijpanterlopend160x110cmeliassenn.jpg","price_search":"<span class=\"woocommerce-Price-amount amount\"><bdi><span class=\"woocommerce-Price-currencySymbol\">&euro;<\/span>&nbsp;200,00<\/bdi><\/span>","category":"Gem\u00e4lde","_links":{"self":[{"href":"https:\/\/dev.eliassen.nl\/de\/wp-json\/wp\/v2\/product\/21160","targetHints":{"allow":["GET"]}}],"collection":[{"href":"https:\/\/dev.eliassen.nl\/de\/wp-json\/wp\/v2\/product"}],"about":[{"href":"https:\/\/dev.eliassen.nl\/de\/wp-json\/wp\/v2\/types\/product"}],"wp:featuredmedia":[{"embeddable":true,"href":"https:\/\/dev.eliassen.nl\/de\/wp-json\/wp\/v2\/media\/21154"}],"wp:attachment":[{"href":"https:\/\/dev.eliassen.nl\/de\/wp-json\/wp\/v2\/media?parent=21160"}],"wp:term":[{"taxonomy":"product_brand","embeddable":true,"href":"https:\/\/dev.eliassen.nl\/de\/wp-json\/wp\/v2\/product_brand?post=21160"},{"taxonomy":"product_cat","embeddable":true,"href":"https:\/\/dev.eliassen.nl\/de\/wp-json\/wp\/v2\/product_cat?post=21160"},{"taxonomy":"product_tag","embeddable":true,"href":"https:\/\/dev.eliassen.nl\/de\/wp-json\/wp\/v2\/product_tag?post=21160"}],"curies":[{"name":"wp","href":"https:\/\/api.w.org\/{rel}","templated":true}]}}