{"id":22570,"date":"2020-03-05T10:24:56","date_gmt":"2020-03-05T09:24:56","guid":{"rendered":"https:\/\/www.eliassen.nl\/?product=glazen-presse-papier-disc-multi-2-9cm"},"modified":"2024-12-05T15:36:39","modified_gmt":"2024-12-05T14:36:39","slug":"briefbeschwerer-aus-kristallglas-scheibe-mehrfarbig-2-stuck-9-cm-2","status":"publish","type":"product","link":"https:\/\/dev.eliassen.nl\/de\/product\/briefbeschwerer-aus-kristallglas-scheibe-mehrfarbig-2-stuck-9-cm-2\/","title":{"rendered":"Briefbeschwerer aus Kristallglas, Scheibe, mehrfarbig, 2 St\u00fcck, 9 cm"},"content":{"rendered":"<p>Dieser einzigartige Briefbeschwerer aus Glas ist ein wundersch\u00f6nes Dekorationsst\u00fcck f\u00fcr Ihr Zuhause oder B\u00fcro. Die Qualit\u00e4t dieses Briefbeschwerers ist gut. Dies wurde von einem handwerklichen Glasbl\u00e4ser aus dem ber\u00fchmten B\u00f6hmen, der europ\u00e4ischen Glasregion schlechthin, hergestellt.<\/p>\n<p>Da diese Glasdekoration nach traditionellen Methoden hergestellt wird, ist jedes St\u00fcck dieser Serie in Form und Farbe einzigartig, sodass Ihre Glasdekoration vom Foto abweichen kann.<\/p>\n<p>Sie k\u00f6nnen diese Glaskunstserie auch in unserem Shop besichtigen.<\/p>\n<p>Marke: Loranto<br \/>Aus massivem Glas<br \/>1 Jahr Garantie<br \/>Europ\u00e4ische Qualit\u00e4t, mundgeblasenes, massives Glas<br \/>Schnell geliefert<\/p>\n","protected":false},"excerpt":{"rendered":"<p>Funktioneller und dekorativer Briefbeschwerer in Scheibenform mit einer H\u00f6he von 9 cm.<\/p>\n","protected":false},"featured_media":22564,"template":"","meta":{"_acf_changed":false},"product_brand":[],"product_cat":[830,800,815],"product_tag":[],"class_list":{"0":"post-22570","1":"product","2":"type-product","3":"status-publish","4":"has-post-thumbnail","6":"product_cat-briefbeschwerer","7":"product_cat-glaskunst","8":"product_cat-kristallglas","10":"first","11":"instock","12":"taxable","13":"shipping-taxable","14":"purchasable","15":"product-type-simple"},"acf":[],"yoast_head":"<!-- This site is optimized with the Yoast SEO plugin v23.8 - https:\/\/yoast.com\/wordpress\/plugins\/seo\/ -->\n<title>Briefbeschwerer aus Kristallglas Disc multi 2 9cm | Eliassen<\/title>\n<meta name=\"description\" content=\"Bei Eliassen k\u00f6nnen Sie den Briefbeschwerer Disc multi 2 9cm aus Kristallglas online kaufen oder ihn live im Showroom besichtigen. Bestellen Sie direkt online.\" \/>\n<meta name=\"robots\" content=\"noindex, follow, max-snippet:-1, max-image-preview:large, max-video-preview:-1\" \/>\n<meta property=\"og:locale\" content=\"de_DE\" \/>\n<meta property=\"og:type\" content=\"article\" \/>\n<meta property=\"og:title\" content=\"Briefbeschwerer aus Kristallglas Disc multi 2 9cm | Eliassen\" \/>\n<meta property=\"og:description\" content=\"Bei Eliassen k\u00f6nnen Sie den Briefbeschwerer Disc multi 2 9cm aus Kristallglas online kaufen oder ihn live im Showroom besichtigen. Bestellen Sie direkt online.\" \/>\n<meta property=\"og:url\" content=\"https:\/\/dev.eliassen.nl\/de\/product\/briefbeschwerer-aus-kristallglas-scheibe-mehrfarbig-2-stuck-9-cm-2\/\" \/>\n<meta property=\"og:site_name\" content=\"Eliassen.nl\" \/>\n<meta property=\"article:publisher\" content=\"https:\/\/www.facebook.com\/TuincentrumEliassenAmmerzoden\" \/>\n<meta property=\"article:modified_time\" content=\"2024-12-05T14:36:39+00:00\" \/>\n<meta property=\"og:image\" content=\"https:\/\/dev.eliassen.nl\/wp-content\/uploads\/2024\/01\/glaskunstkristalglaspressepapierdiscmulti29.jpg\" \/>\n\t<meta property=\"og:image:width\" content=\"1644\" \/>\n\t<meta property=\"og:image:height\" content=\"1779\" \/>\n\t<meta property=\"og:image:type\" content=\"image\/jpeg\" \/>\n<meta name=\"twitter:card\" content=\"summary_large_image\" \/>\n<script type=\"application\/ld+json\" class=\"yoast-schema-graph\">{\"@context\":\"https:\/\/schema.org\",\"@graph\":[{\"@type\":\"WebPage\",\"@id\":\"https:\/\/dev.eliassen.nl\/de\/product\/briefbeschwerer-aus-kristallglas-scheibe-mehrfarbig-2-stuck-9-cm-2\/\",\"url\":\"https:\/\/dev.eliassen.nl\/de\/product\/briefbeschwerer-aus-kristallglas-scheibe-mehrfarbig-2-stuck-9-cm-2\/\",\"name\":\"Briefbeschwerer aus Kristallglas Disc multi 2 9cm | Eliassen\",\"isPartOf\":{\"@id\":\"https:\/\/dev.eliassen.nl\/de\/#website\"},\"primaryImageOfPage\":{\"@id\":\"https:\/\/dev.eliassen.nl\/de\/product\/briefbeschwerer-aus-kristallglas-scheibe-mehrfarbig-2-stuck-9-cm-2\/#primaryimage\"},\"image\":{\"@id\":\"https:\/\/dev.eliassen.nl\/de\/product\/briefbeschwerer-aus-kristallglas-scheibe-mehrfarbig-2-stuck-9-cm-2\/#primaryimage\"},\"thumbnailUrl\":\"https:\/\/dev.eliassen.nl\/wp-content\/uploads\/2024\/01\/glaskunstkristalglaspressepapierdiscmulti29.jpg\",\"datePublished\":\"2020-03-05T09:24:56+00:00\",\"dateModified\":\"2024-12-05T14:36:39+00:00\",\"description\":\"Bei Eliassen k\u00f6nnen Sie den Briefbeschwerer Disc multi 2 9cm aus Kristallglas online kaufen oder ihn live im Showroom besichtigen. Bestellen Sie direkt online.\",\"breadcrumb\":{\"@id\":\"https:\/\/dev.eliassen.nl\/de\/product\/briefbeschwerer-aus-kristallglas-scheibe-mehrfarbig-2-stuck-9-cm-2\/#breadcrumb\"},\"inLanguage\":\"de\",\"potentialAction\":[{\"@type\":\"ReadAction\",\"target\":[\"https:\/\/dev.eliassen.nl\/de\/product\/briefbeschwerer-aus-kristallglas-scheibe-mehrfarbig-2-stuck-9-cm-2\/\"]}]},{\"@type\":\"ImageObject\",\"inLanguage\":\"de\",\"@id\":\"https:\/\/dev.eliassen.nl\/de\/product\/briefbeschwerer-aus-kristallglas-scheibe-mehrfarbig-2-stuck-9-cm-2\/#primaryimage\",\"url\":\"https:\/\/dev.eliassen.nl\/wp-content\/uploads\/2024\/01\/glaskunstkristalglaspressepapierdiscmulti29.jpg\",\"contentUrl\":\"https:\/\/dev.eliassen.nl\/wp-content\/uploads\/2024\/01\/glaskunstkristalglaspressepapierdiscmulti29.jpg\",\"width\":1644,\"height\":1779,\"caption\":\"glaskunst-kristalglas-presse-papier-disc-multi-2-9\"},{\"@type\":\"BreadcrumbList\",\"@id\":\"https:\/\/dev.eliassen.nl\/de\/product\/briefbeschwerer-aus-kristallglas-scheibe-mehrfarbig-2-stuck-9-cm-2\/#breadcrumb\",\"itemListElement\":[{\"@type\":\"ListItem\",\"position\":1,\"name\":\"Home\",\"item\":\"https:\/\/dev.eliassen.nl\/de\/\"},{\"@type\":\"ListItem\",\"position\":2,\"name\":\"Shop\",\"item\":\"https:\/\/dev.eliassen.nl\/nl\/winkel\/\"},{\"@type\":\"ListItem\",\"position\":3,\"name\":\"Glaskunst\",\"item\":\"https:\/\/dev.eliassen.nl\/de\/glaskunst\/\"},{\"@type\":\"ListItem\",\"position\":4,\"name\":\"Briefbeschwerer\",\"item\":\"https:\/\/dev.eliassen.nl\/de\/glaskunst\/briefbeschwerer\/\"},{\"@type\":\"ListItem\",\"position\":5,\"name\":\"Briefbeschwerer aus Kristallglas, Scheibe, mehrfarbig, 2 St\u00fcck, 9 cm\"}]},{\"@type\":\"WebSite\",\"@id\":\"https:\/\/dev.eliassen.nl\/de\/#website\",\"url\":\"https:\/\/dev.eliassen.nl\/de\/\",\"name\":\"Eliassen Home & Garden Pleasure\",\"description\":\"\",\"publisher\":{\"@id\":\"https:\/\/dev.eliassen.nl\/de\/#organization\"},\"alternateName\":\"Eliassen.nl\",\"potentialAction\":[{\"@type\":\"SearchAction\",\"target\":{\"@type\":\"EntryPoint\",\"urlTemplate\":\"https:\/\/dev.eliassen.nl\/de\/?s={search_term_string}\"},\"query-input\":{\"@type\":\"PropertyValueSpecification\",\"valueRequired\":true,\"valueName\":\"search_term_string\"}}],\"inLanguage\":\"de\"},{\"@type\":\"Organization\",\"@id\":\"https:\/\/dev.eliassen.nl\/de\/#organization\",\"name\":\"Eliassen Home & Garden Pleasure\",\"url\":\"https:\/\/dev.eliassen.nl\/de\/\",\"logo\":{\"@type\":\"ImageObject\",\"inLanguage\":\"de\",\"@id\":\"https:\/\/dev.eliassen.nl\/de\/#\/schema\/logo\/image\/\",\"url\":\"https:\/\/www.eliassen.nl\/wp-content\/uploads\/2024\/01\/logo_4nd.jpg\",\"contentUrl\":\"https:\/\/www.eliassen.nl\/wp-content\/uploads\/2024\/01\/logo_4nd.jpg\",\"width\":500,\"height\":500,\"caption\":\"Eliassen Home & Garden Pleasure\"},\"image\":{\"@id\":\"https:\/\/dev.eliassen.nl\/de\/#\/schema\/logo\/image\/\"},\"sameAs\":[\"https:\/\/www.facebook.com\/TuincentrumEliassenAmmerzoden\",\"https:\/\/www.instagram.com\/eliassenhomeandgarden\/\",\"https:\/\/nl.pinterest.com\/eliassenhomeandgarden\/\",\"https:\/\/www.youtube.com\/@eliassenhomegardenpleasure4558\"]}]}<\/script>\n<!-- \/ Yoast SEO plugin. -->","yoast_head_json":{"title":"Briefbeschwerer aus Kristallglas Disc multi 2 9cm | Eliassen","description":"Bei Eliassen k\u00f6nnen Sie den Briefbeschwerer Disc multi 2 9cm aus Kristallglas online kaufen oder ihn live im Showroom besichtigen. Bestellen Sie direkt online.","robots":{"index":"noindex","follow":"follow","max-snippet":"max-snippet:-1","max-image-preview":"max-image-preview:large","max-video-preview":"max-video-preview:-1"},"og_locale":"de_DE","og_type":"article","og_title":"Briefbeschwerer aus Kristallglas Disc multi 2 9cm | Eliassen","og_description":"Bei Eliassen k\u00f6nnen Sie den Briefbeschwerer Disc multi 2 9cm aus Kristallglas online kaufen oder ihn live im Showroom besichtigen. Bestellen Sie direkt online.","og_url":"https:\/\/dev.eliassen.nl\/de\/product\/briefbeschwerer-aus-kristallglas-scheibe-mehrfarbig-2-stuck-9-cm-2\/","og_site_name":"Eliassen.nl","article_publisher":"https:\/\/www.facebook.com\/TuincentrumEliassenAmmerzoden","article_modified_time":"2024-12-05T14:36:39+00:00","og_image":[{"width":1644,"height":1779,"url":"https:\/\/dev.eliassen.nl\/wp-content\/uploads\/2024\/01\/glaskunstkristalglaspressepapierdiscmulti29.jpg","type":"image\/jpeg"}],"twitter_card":"summary_large_image","schema":{"@context":"https:\/\/schema.org","@graph":[{"@type":"WebPage","@id":"https:\/\/dev.eliassen.nl\/de\/product\/briefbeschwerer-aus-kristallglas-scheibe-mehrfarbig-2-stuck-9-cm-2\/","url":"https:\/\/dev.eliassen.nl\/de\/product\/briefbeschwerer-aus-kristallglas-scheibe-mehrfarbig-2-stuck-9-cm-2\/","name":"Briefbeschwerer aus Kristallglas Disc multi 2 9cm | Eliassen","isPartOf":{"@id":"https:\/\/dev.eliassen.nl\/de\/#website"},"primaryImageOfPage":{"@id":"https:\/\/dev.eliassen.nl\/de\/product\/briefbeschwerer-aus-kristallglas-scheibe-mehrfarbig-2-stuck-9-cm-2\/#primaryimage"},"image":{"@id":"https:\/\/dev.eliassen.nl\/de\/product\/briefbeschwerer-aus-kristallglas-scheibe-mehrfarbig-2-stuck-9-cm-2\/#primaryimage"},"thumbnailUrl":"https:\/\/dev.eliassen.nl\/wp-content\/uploads\/2024\/01\/glaskunstkristalglaspressepapierdiscmulti29.jpg","datePublished":"2020-03-05T09:24:56+00:00","dateModified":"2024-12-05T14:36:39+00:00","description":"Bei Eliassen k\u00f6nnen Sie den Briefbeschwerer Disc multi 2 9cm aus Kristallglas online kaufen oder ihn live im Showroom besichtigen. Bestellen Sie direkt online.","breadcrumb":{"@id":"https:\/\/dev.eliassen.nl\/de\/product\/briefbeschwerer-aus-kristallglas-scheibe-mehrfarbig-2-stuck-9-cm-2\/#breadcrumb"},"inLanguage":"de","potentialAction":[{"@type":"ReadAction","target":["https:\/\/dev.eliassen.nl\/de\/product\/briefbeschwerer-aus-kristallglas-scheibe-mehrfarbig-2-stuck-9-cm-2\/"]}]},{"@type":"ImageObject","inLanguage":"de","@id":"https:\/\/dev.eliassen.nl\/de\/product\/briefbeschwerer-aus-kristallglas-scheibe-mehrfarbig-2-stuck-9-cm-2\/#primaryimage","url":"https:\/\/dev.eliassen.nl\/wp-content\/uploads\/2024\/01\/glaskunstkristalglaspressepapierdiscmulti29.jpg","contentUrl":"https:\/\/dev.eliassen.nl\/wp-content\/uploads\/2024\/01\/glaskunstkristalglaspressepapierdiscmulti29.jpg","width":1644,"height":1779,"caption":"glaskunst-kristalglas-presse-papier-disc-multi-2-9"},{"@type":"BreadcrumbList","@id":"https:\/\/dev.eliassen.nl\/de\/product\/briefbeschwerer-aus-kristallglas-scheibe-mehrfarbig-2-stuck-9-cm-2\/#breadcrumb","itemListElement":[{"@type":"ListItem","position":1,"name":"Home","item":"https:\/\/dev.eliassen.nl\/de\/"},{"@type":"ListItem","position":2,"name":"Shop","item":"https:\/\/dev.eliassen.nl\/nl\/winkel\/"},{"@type":"ListItem","position":3,"name":"Glaskunst","item":"https:\/\/dev.eliassen.nl\/de\/glaskunst\/"},{"@type":"ListItem","position":4,"name":"Briefbeschwerer","item":"https:\/\/dev.eliassen.nl\/de\/glaskunst\/briefbeschwerer\/"},{"@type":"ListItem","position":5,"name":"Briefbeschwerer aus Kristallglas, Scheibe, mehrfarbig, 2 St\u00fcck, 9 cm"}]},{"@type":"WebSite","@id":"https:\/\/dev.eliassen.nl\/de\/#website","url":"https:\/\/dev.eliassen.nl\/de\/","name":"Eliassen Home & Garden Pleasure","description":"","publisher":{"@id":"https:\/\/dev.eliassen.nl\/de\/#organization"},"alternateName":"Eliassen.nl","potentialAction":[{"@type":"SearchAction","target":{"@type":"EntryPoint","urlTemplate":"https:\/\/dev.eliassen.nl\/de\/?s={search_term_string}"},"query-input":{"@type":"PropertyValueSpecification","valueRequired":true,"valueName":"search_term_string"}}],"inLanguage":"de"},{"@type":"Organization","@id":"https:\/\/dev.eliassen.nl\/de\/#organization","name":"Eliassen Home & Garden Pleasure","url":"https:\/\/dev.eliassen.nl\/de\/","logo":{"@type":"ImageObject","inLanguage":"de","@id":"https:\/\/dev.eliassen.nl\/de\/#\/schema\/logo\/image\/","url":"https:\/\/www.eliassen.nl\/wp-content\/uploads\/2024\/01\/logo_4nd.jpg","contentUrl":"https:\/\/www.eliassen.nl\/wp-content\/uploads\/2024\/01\/logo_4nd.jpg","width":500,"height":500,"caption":"Eliassen Home & Garden Pleasure"},"image":{"@id":"https:\/\/dev.eliassen.nl\/de\/#\/schema\/logo\/image\/"},"sameAs":["https:\/\/www.facebook.com\/TuincentrumEliassenAmmerzoden","https:\/\/www.instagram.com\/eliassenhomeandgarden\/","https:\/\/nl.pinterest.com\/eliassenhomeandgarden\/","https:\/\/www.youtube.com\/@eliassenhomegardenpleasure4558"]}]}},"df_price":29.5,"df_sale_price":"","df_regular_price":29.5,"df_image_link":"https:\/\/dev.eliassen.nl\/wp-content\/uploads\/2024\/01\/glaskunstkristalglaspressepapierdiscmulti29.jpg","image":"https:\/\/dev.eliassen.nl\/wp-content\/uploads\/2024\/01\/glaskunstkristalglaspressepapierdiscmulti29.jpg","price_search":"<span class=\"woocommerce-Price-amount amount\"><bdi><span class=\"woocommerce-Price-currencySymbol\">&euro;<\/span>&nbsp;29,50<\/bdi><\/span>","category":"Briefbeschwerer","_links":{"self":[{"href":"https:\/\/dev.eliassen.nl\/de\/wp-json\/wp\/v2\/product\/22570","targetHints":{"allow":["GET"]}}],"collection":[{"href":"https:\/\/dev.eliassen.nl\/de\/wp-json\/wp\/v2\/product"}],"about":[{"href":"https:\/\/dev.eliassen.nl\/de\/wp-json\/wp\/v2\/types\/product"}],"wp:featuredmedia":[{"embeddable":true,"href":"https:\/\/dev.eliassen.nl\/de\/wp-json\/wp\/v2\/media\/22564"}],"wp:attachment":[{"href":"https:\/\/dev.eliassen.nl\/de\/wp-json\/wp\/v2\/media?parent=22570"}],"wp:term":[{"taxonomy":"product_brand","embeddable":true,"href":"https:\/\/dev.eliassen.nl\/de\/wp-json\/wp\/v2\/product_brand?post=22570"},{"taxonomy":"product_cat","embeddable":true,"href":"https:\/\/dev.eliassen.nl\/de\/wp-json\/wp\/v2\/product_cat?post=22570"},{"taxonomy":"product_tag","embeddable":true,"href":"https:\/\/dev.eliassen.nl\/de\/wp-json\/wp\/v2\/product_tag?post=22570"}],"curies":[{"name":"wp","href":"https:\/\/api.w.org\/{rel}","templated":true}]}}