{"id":22714,"date":"2020-03-10T10:39:27","date_gmt":"2020-03-10T09:39:27","guid":{"rendered":"https:\/\/www.eliassen.nl\/?product=fonteinset-kikkerkoning-heinrich"},"modified":"2024-12-05T15:36:54","modified_gmt":"2024-12-05T14:36:54","slug":"brunnen-set-frosch-heinrich-entspannen","status":"publish","type":"product","link":"https:\/\/dev.eliassen.nl\/de\/product\/brunnen-set-frosch-heinrich-entspannen\/","title":{"rendered":"Brunnen Set Frosch Heinrich entspannen"},"content":{"rendered":"<p>Komplettes Springbrunnen-Set, damit Sie dieses Wasserspiel jahrelang in Ihrem Garten genie\u00dfen k\u00f6nnen. Stein ist aus Granit, mit einem echten Bronzefrosch, der tr\u00e4ge auf dem Stein sitzt. V\u00f6gel werden dieses Wasserobjekt im Garten sicherlich genie\u00dfen.<\/p>\n<p>Farbe und Form des Steins weichen immer vom Foto ab, da es sich um ein Naturprodukt handelt.<\/p>\n<p><strong>Dieses Modell kann auch in unserem Shop angesehen werden.<\/strong><\/p>\n<ul>\n<li>Gr\u00f6\u00dfe der Verzierung (ca.) Ca. 30x25x25cm hoch<\/li>\n<li>Inklusive Wasserschale, Deckel, Pumpe und Abschlusssteinen.<\/li>\n<li>Frostbest\u00e4ndige Version<\/li>\n<li>Echter Bronzefrosch<\/li>\n<li>Lieferung ab Lager<\/li>\n<\/ul>\n","protected":false},"excerpt":{"rendered":"<p>Komplettes Springbrunnen-Set, damit Sie dieses Wasserspiel jahrelang in Ihrem Garten genie\u00dfen k\u00f6nnen. Stein ist aus Granit, mit einem echten Bronzefrosch, der tr\u00e4ge auf dem Stein sitzt. V\u00f6gel werden dieses Wasserobjekt im Garten sicherlich genie\u00dfen. Farbe und Form des Steins weichen immer vom Foto ab, da es sich um ein Naturprodukt handelt. Dieses Modell kann auch &hellip;<\/p>\n","protected":false},"featured_media":22708,"template":"","meta":{"_acf_changed":false},"product_brand":[],"product_cat":[599,554,536],"product_tag":[],"class_list":{"0":"post-22714","1":"product","2":"type-product","3":"status-publish","4":"has-post-thumbnail","6":"product_cat-guenstige-wasserspiele","7":"product_cat-wasserspiel-mit-grabbecken","8":"product_cat-wassereigenschaften","10":"first","11":"instock","12":"taxable","13":"shipping-taxable","14":"purchasable","15":"product-type-simple"},"acf":[],"yoast_head":"<!-- This site is optimized with the Yoast SEO plugin v23.8 - https:\/\/yoast.com\/wordpress\/plugins\/seo\/ -->\n<title>Brunnen Set Froschk\u00f6nig Heinrich - Eliassen<\/title>\n<meta name=\"description\" content=\"Auf der Suche nach einem Springbrunnen? Jetzt bestellen Brunnen-Set Frosch Heinrich entspannen. Sie k\u00f6nnen ganz einfach ein Wasserspiel auf unserer Website k...\" \/>\n<meta name=\"robots\" content=\"noindex, follow, max-snippet:-1, max-image-preview:large, max-video-preview:-1\" \/>\n<meta property=\"og:locale\" content=\"de_DE\" \/>\n<meta property=\"og:type\" content=\"article\" \/>\n<meta property=\"og:title\" content=\"Brunnen Set Froschk\u00f6nig Heinrich - Eliassen\" \/>\n<meta property=\"og:description\" content=\"Auf der Suche nach einem Springbrunnen? Jetzt bestellen Brunnen-Set Frosch Heinrich entspannen. Sie k\u00f6nnen ganz einfach ein Wasserspiel auf unserer Website k...\" \/>\n<meta property=\"og:url\" content=\"https:\/\/dev.eliassen.nl\/de\/product\/brunnen-set-frosch-heinrich-entspannen\/\" \/>\n<meta property=\"og:site_name\" content=\"Eliassen.nl\" \/>\n<meta property=\"article:publisher\" content=\"https:\/\/www.facebook.com\/TuincentrumEliassenAmmerzoden\" \/>\n<meta property=\"article:modified_time\" content=\"2024-12-05T14:36:54+00:00\" \/>\n<meta property=\"og:image\" content=\"https:\/\/dev.eliassen.nl\/wp-content\/uploads\/2024\/01\/eliassenfonteinsetkikkerheinrichrelax.jpg\" \/>\n\t<meta property=\"og:image:width\" content=\"2048\" \/>\n\t<meta property=\"og:image:height\" content=\"1577\" \/>\n\t<meta property=\"og:image:type\" content=\"image\/jpeg\" \/>\n<meta name=\"twitter:card\" content=\"summary_large_image\" \/>\n<script type=\"application\/ld+json\" class=\"yoast-schema-graph\">{\"@context\":\"https:\/\/schema.org\",\"@graph\":[{\"@type\":\"WebPage\",\"@id\":\"https:\/\/dev.eliassen.nl\/de\/product\/brunnen-set-frosch-heinrich-entspannen\/\",\"url\":\"https:\/\/dev.eliassen.nl\/de\/product\/brunnen-set-frosch-heinrich-entspannen\/\",\"name\":\"Brunnen Set Froschk\u00f6nig Heinrich - Eliassen\",\"isPartOf\":{\"@id\":\"https:\/\/dev.eliassen.nl\/de\/#website\"},\"primaryImageOfPage\":{\"@id\":\"https:\/\/dev.eliassen.nl\/de\/product\/brunnen-set-frosch-heinrich-entspannen\/#primaryimage\"},\"image\":{\"@id\":\"https:\/\/dev.eliassen.nl\/de\/product\/brunnen-set-frosch-heinrich-entspannen\/#primaryimage\"},\"thumbnailUrl\":\"https:\/\/dev.eliassen.nl\/wp-content\/uploads\/2024\/01\/eliassenfonteinsetkikkerheinrichrelax.jpg\",\"datePublished\":\"2020-03-10T09:39:27+00:00\",\"dateModified\":\"2024-12-05T14:36:54+00:00\",\"description\":\"Auf der Suche nach einem Springbrunnen? Jetzt bestellen Brunnen-Set Frosch Heinrich entspannen. Sie k\u00f6nnen ganz einfach ein Wasserspiel auf unserer Website k...\",\"breadcrumb\":{\"@id\":\"https:\/\/dev.eliassen.nl\/de\/product\/brunnen-set-frosch-heinrich-entspannen\/#breadcrumb\"},\"inLanguage\":\"de\",\"potentialAction\":[{\"@type\":\"ReadAction\",\"target\":[\"https:\/\/dev.eliassen.nl\/de\/product\/brunnen-set-frosch-heinrich-entspannen\/\"]}]},{\"@type\":\"ImageObject\",\"inLanguage\":\"de\",\"@id\":\"https:\/\/dev.eliassen.nl\/de\/product\/brunnen-set-frosch-heinrich-entspannen\/#primaryimage\",\"url\":\"https:\/\/dev.eliassen.nl\/wp-content\/uploads\/2024\/01\/eliassenfonteinsetkikkerheinrichrelax.jpg\",\"contentUrl\":\"https:\/\/dev.eliassen.nl\/wp-content\/uploads\/2024\/01\/eliassenfonteinsetkikkerheinrichrelax.jpg\",\"width\":2048,\"height\":1577,\"caption\":\"Eliassen Fonteinset Kikker Heinrich relax\"},{\"@type\":\"BreadcrumbList\",\"@id\":\"https:\/\/dev.eliassen.nl\/de\/product\/brunnen-set-frosch-heinrich-entspannen\/#breadcrumb\",\"itemListElement\":[{\"@type\":\"ListItem\",\"position\":1,\"name\":\"Home\",\"item\":\"https:\/\/dev.eliassen.nl\/de\/\"},{\"@type\":\"ListItem\",\"position\":2,\"name\":\"Shop\",\"item\":\"https:\/\/dev.eliassen.nl\/nl\/winkel\/\"},{\"@type\":\"ListItem\",\"position\":3,\"name\":\"Wasserspiele\",\"item\":\"https:\/\/dev.eliassen.nl\/de\/wassereigenschaften\/\"},{\"@type\":\"ListItem\",\"position\":4,\"name\":\"G\u00fcnstige wasserspiele\",\"item\":\"https:\/\/dev.eliassen.nl\/de\/wassereigenschaften\/guenstige-wasserspiele\/\"},{\"@type\":\"ListItem\",\"position\":5,\"name\":\"Brunnen Set Frosch Heinrich entspannen\"}]},{\"@type\":\"WebSite\",\"@id\":\"https:\/\/dev.eliassen.nl\/de\/#website\",\"url\":\"https:\/\/dev.eliassen.nl\/de\/\",\"name\":\"Eliassen Home & Garden Pleasure\",\"description\":\"\",\"publisher\":{\"@id\":\"https:\/\/dev.eliassen.nl\/de\/#organization\"},\"alternateName\":\"Eliassen.nl\",\"potentialAction\":[{\"@type\":\"SearchAction\",\"target\":{\"@type\":\"EntryPoint\",\"urlTemplate\":\"https:\/\/dev.eliassen.nl\/de\/?s={search_term_string}\"},\"query-input\":{\"@type\":\"PropertyValueSpecification\",\"valueRequired\":true,\"valueName\":\"search_term_string\"}}],\"inLanguage\":\"de\"},{\"@type\":\"Organization\",\"@id\":\"https:\/\/dev.eliassen.nl\/de\/#organization\",\"name\":\"Eliassen Home & Garden Pleasure\",\"url\":\"https:\/\/dev.eliassen.nl\/de\/\",\"logo\":{\"@type\":\"ImageObject\",\"inLanguage\":\"de\",\"@id\":\"https:\/\/dev.eliassen.nl\/de\/#\/schema\/logo\/image\/\",\"url\":\"https:\/\/www.eliassen.nl\/wp-content\/uploads\/2024\/01\/logo_4nd.jpg\",\"contentUrl\":\"https:\/\/www.eliassen.nl\/wp-content\/uploads\/2024\/01\/logo_4nd.jpg\",\"width\":500,\"height\":500,\"caption\":\"Eliassen Home & Garden Pleasure\"},\"image\":{\"@id\":\"https:\/\/dev.eliassen.nl\/de\/#\/schema\/logo\/image\/\"},\"sameAs\":[\"https:\/\/www.facebook.com\/TuincentrumEliassenAmmerzoden\",\"https:\/\/www.instagram.com\/eliassenhomeandgarden\/\",\"https:\/\/nl.pinterest.com\/eliassenhomeandgarden\/\",\"https:\/\/www.youtube.com\/@eliassenhomegardenpleasure4558\"]}]}<\/script>\n<!-- \/ Yoast SEO plugin. -->","yoast_head_json":{"title":"Brunnen Set Froschk\u00f6nig Heinrich - Eliassen","description":"Auf der Suche nach einem Springbrunnen? Jetzt bestellen Brunnen-Set Frosch Heinrich entspannen. Sie k\u00f6nnen ganz einfach ein Wasserspiel auf unserer Website k...","robots":{"index":"noindex","follow":"follow","max-snippet":"max-snippet:-1","max-image-preview":"max-image-preview:large","max-video-preview":"max-video-preview:-1"},"og_locale":"de_DE","og_type":"article","og_title":"Brunnen Set Froschk\u00f6nig Heinrich - Eliassen","og_description":"Auf der Suche nach einem Springbrunnen? Jetzt bestellen Brunnen-Set Frosch Heinrich entspannen. Sie k\u00f6nnen ganz einfach ein Wasserspiel auf unserer Website k...","og_url":"https:\/\/dev.eliassen.nl\/de\/product\/brunnen-set-frosch-heinrich-entspannen\/","og_site_name":"Eliassen.nl","article_publisher":"https:\/\/www.facebook.com\/TuincentrumEliassenAmmerzoden","article_modified_time":"2024-12-05T14:36:54+00:00","og_image":[{"width":2048,"height":1577,"url":"https:\/\/dev.eliassen.nl\/wp-content\/uploads\/2024\/01\/eliassenfonteinsetkikkerheinrichrelax.jpg","type":"image\/jpeg"}],"twitter_card":"summary_large_image","schema":{"@context":"https:\/\/schema.org","@graph":[{"@type":"WebPage","@id":"https:\/\/dev.eliassen.nl\/de\/product\/brunnen-set-frosch-heinrich-entspannen\/","url":"https:\/\/dev.eliassen.nl\/de\/product\/brunnen-set-frosch-heinrich-entspannen\/","name":"Brunnen Set Froschk\u00f6nig Heinrich - Eliassen","isPartOf":{"@id":"https:\/\/dev.eliassen.nl\/de\/#website"},"primaryImageOfPage":{"@id":"https:\/\/dev.eliassen.nl\/de\/product\/brunnen-set-frosch-heinrich-entspannen\/#primaryimage"},"image":{"@id":"https:\/\/dev.eliassen.nl\/de\/product\/brunnen-set-frosch-heinrich-entspannen\/#primaryimage"},"thumbnailUrl":"https:\/\/dev.eliassen.nl\/wp-content\/uploads\/2024\/01\/eliassenfonteinsetkikkerheinrichrelax.jpg","datePublished":"2020-03-10T09:39:27+00:00","dateModified":"2024-12-05T14:36:54+00:00","description":"Auf der Suche nach einem Springbrunnen? Jetzt bestellen Brunnen-Set Frosch Heinrich entspannen. Sie k\u00f6nnen ganz einfach ein Wasserspiel auf unserer Website k...","breadcrumb":{"@id":"https:\/\/dev.eliassen.nl\/de\/product\/brunnen-set-frosch-heinrich-entspannen\/#breadcrumb"},"inLanguage":"de","potentialAction":[{"@type":"ReadAction","target":["https:\/\/dev.eliassen.nl\/de\/product\/brunnen-set-frosch-heinrich-entspannen\/"]}]},{"@type":"ImageObject","inLanguage":"de","@id":"https:\/\/dev.eliassen.nl\/de\/product\/brunnen-set-frosch-heinrich-entspannen\/#primaryimage","url":"https:\/\/dev.eliassen.nl\/wp-content\/uploads\/2024\/01\/eliassenfonteinsetkikkerheinrichrelax.jpg","contentUrl":"https:\/\/dev.eliassen.nl\/wp-content\/uploads\/2024\/01\/eliassenfonteinsetkikkerheinrichrelax.jpg","width":2048,"height":1577,"caption":"Eliassen Fonteinset Kikker Heinrich relax"},{"@type":"BreadcrumbList","@id":"https:\/\/dev.eliassen.nl\/de\/product\/brunnen-set-frosch-heinrich-entspannen\/#breadcrumb","itemListElement":[{"@type":"ListItem","position":1,"name":"Home","item":"https:\/\/dev.eliassen.nl\/de\/"},{"@type":"ListItem","position":2,"name":"Shop","item":"https:\/\/dev.eliassen.nl\/nl\/winkel\/"},{"@type":"ListItem","position":3,"name":"Wasserspiele","item":"https:\/\/dev.eliassen.nl\/de\/wassereigenschaften\/"},{"@type":"ListItem","position":4,"name":"G\u00fcnstige wasserspiele","item":"https:\/\/dev.eliassen.nl\/de\/wassereigenschaften\/guenstige-wasserspiele\/"},{"@type":"ListItem","position":5,"name":"Brunnen Set Frosch Heinrich entspannen"}]},{"@type":"WebSite","@id":"https:\/\/dev.eliassen.nl\/de\/#website","url":"https:\/\/dev.eliassen.nl\/de\/","name":"Eliassen Home & Garden Pleasure","description":"","publisher":{"@id":"https:\/\/dev.eliassen.nl\/de\/#organization"},"alternateName":"Eliassen.nl","potentialAction":[{"@type":"SearchAction","target":{"@type":"EntryPoint","urlTemplate":"https:\/\/dev.eliassen.nl\/de\/?s={search_term_string}"},"query-input":{"@type":"PropertyValueSpecification","valueRequired":true,"valueName":"search_term_string"}}],"inLanguage":"de"},{"@type":"Organization","@id":"https:\/\/dev.eliassen.nl\/de\/#organization","name":"Eliassen Home & Garden Pleasure","url":"https:\/\/dev.eliassen.nl\/de\/","logo":{"@type":"ImageObject","inLanguage":"de","@id":"https:\/\/dev.eliassen.nl\/de\/#\/schema\/logo\/image\/","url":"https:\/\/www.eliassen.nl\/wp-content\/uploads\/2024\/01\/logo_4nd.jpg","contentUrl":"https:\/\/www.eliassen.nl\/wp-content\/uploads\/2024\/01\/logo_4nd.jpg","width":500,"height":500,"caption":"Eliassen Home & Garden Pleasure"},"image":{"@id":"https:\/\/dev.eliassen.nl\/de\/#\/schema\/logo\/image\/"},"sameAs":["https:\/\/www.facebook.com\/TuincentrumEliassenAmmerzoden","https:\/\/www.instagram.com\/eliassenhomeandgarden\/","https:\/\/nl.pinterest.com\/eliassenhomeandgarden\/","https:\/\/www.youtube.com\/@eliassenhomegardenpleasure4558"]}]}},"df_price":189,"df_sale_price":"","df_regular_price":189,"df_image_link":"https:\/\/dev.eliassen.nl\/wp-content\/uploads\/2024\/01\/eliassenfonteinsetkikkerheinrichrelax.jpg","image":"https:\/\/dev.eliassen.nl\/wp-content\/uploads\/2024\/01\/eliassenfonteinsetkikkerheinrichrelax.jpg","price_search":"<span class=\"woocommerce-Price-amount amount\"><bdi><span class=\"woocommerce-Price-currencySymbol\">&euro;<\/span>&nbsp;189,00<\/bdi><\/span>","category":"G\u00fcnstige wasserspiele","_links":{"self":[{"href":"https:\/\/dev.eliassen.nl\/de\/wp-json\/wp\/v2\/product\/22714","targetHints":{"allow":["GET"]}}],"collection":[{"href":"https:\/\/dev.eliassen.nl\/de\/wp-json\/wp\/v2\/product"}],"about":[{"href":"https:\/\/dev.eliassen.nl\/de\/wp-json\/wp\/v2\/types\/product"}],"wp:featuredmedia":[{"embeddable":true,"href":"https:\/\/dev.eliassen.nl\/de\/wp-json\/wp\/v2\/media\/22708"}],"wp:attachment":[{"href":"https:\/\/dev.eliassen.nl\/de\/wp-json\/wp\/v2\/media?parent=22714"}],"wp:term":[{"taxonomy":"product_brand","embeddable":true,"href":"https:\/\/dev.eliassen.nl\/de\/wp-json\/wp\/v2\/product_brand?post=22714"},{"taxonomy":"product_cat","embeddable":true,"href":"https:\/\/dev.eliassen.nl\/de\/wp-json\/wp\/v2\/product_cat?post=22714"},{"taxonomy":"product_tag","embeddable":true,"href":"https:\/\/dev.eliassen.nl\/de\/wp-json\/wp\/v2\/product_tag?post=22714"}],"curies":[{"name":"wp","href":"https:\/\/api.w.org\/{rel}","templated":true}]}}