{"id":22723,"date":"2020-03-10T10:41:36","date_gmt":"2020-03-10T09:41:36","guid":{"rendered":"https:\/\/www.eliassen.nl\/?product=fonteinset-draak-met-noot"},"modified":"2024-12-05T15:36:55","modified_gmt":"2024-12-05T14:36:55","slug":"drachenbrunnen-set","status":"publish","type":"product","link":"https:\/\/dev.eliassen.nl\/de\/product\/drachenbrunnen-set\/","title":{"rendered":"Drachenbrunnen-Set"},"content":{"rendered":"<p>Komplettes Springbrunnen-Set, damit Sie dieses Wasserspiel in Ihrem Garten viele Jahre lang genie\u00dfen k\u00f6nnen. Der Stein besteht aus Granit mit einem dezent sprudelnden Drachen aus echter Bronze auf der Oberseite. V\u00f6gel werden dieses Wasserobjekt im Garten sicherlich genie\u00dfen.<\/p>\n<p>Die Farbe und Form des Steins weicht immer vom Foto ab, da es sich um ein Naturprodukt handelt.<\/p>\n<p><strong>Dieses Modell kann auch in unserem Shop besichtigt werden.<\/strong><\/p>\n<ul>\n<li>Gr\u00f6\u00dfe des Ornaments (ungef\u00e4hr): ca. 30 x 30 x 40 cm hoch<\/li>\n<li>Komplettset mit Wassertank, Deckel, Pumpe und Finishing-Steinen.<\/li>\n<li>Frostsichere Ausf\u00fchrung<\/li>\n<li>Echter Bronzedrache<\/li>\n<li>Lieferung ab Lager<\/li>\n<\/ul>\n<h2 id=\"springaa8\" class=\"article-h2\">Drachen<\/h2>\n<p>Wir alle kennen Drachen \u2013 nur wissen wir nicht genau, woher sie kommen. Diese riesigen, schlangen\u00e4hnlichen, gefl\u00fcgelten Monster sind in der mythologischen \u00dcberlieferung der Welt so allgegenw\u00e4rtig, dass einige Kulturen glauben, dass sie wie Dinosaurier einst eine echte Spezies waren, aber ausgestorben sind. Ein Drache kann alles sein, von der Bewachung oder dem Schutz seines Herrn oder seiner Stadt mit der F\u00e4higkeit, Feuer zu spucken, bis hin zur Vermittlung von Weisheit und dem L\u00f6sen von R\u00e4tseln.<\/p>\n<p>Es ist interessant zu sehen, wie sich ein Fabelwesen in der europ\u00e4ischen Folklore und in der chinesischen Mythologie so \u00e4hnlich entwickelte.<\/p>\n","protected":false},"excerpt":{"rendered":"<p>Komplettes Springbrunnen-Set, damit Sie dieses Wasserspiel in Ihrem Garten viele Jahre lang genie\u00dfen k\u00f6nnen. Der Stein besteht aus Granit mit einem dezent sprudelnden Drachen aus echter Bronze auf der Oberseite. V\u00f6gel werden dieses Wasserobjekt im Garten sicherlich genie\u00dfen. Die Farbe und Form des Steins weicht immer vom Foto ab, da es sich um ein Naturprodukt &hellip;<\/p>\n","protected":false},"featured_media":22717,"template":"","meta":{"_acf_changed":false},"product_brand":[],"product_cat":[599,554,536],"product_tag":[],"class_list":{"0":"post-22723","1":"product","2":"type-product","3":"status-publish","4":"has-post-thumbnail","6":"product_cat-guenstige-wasserspiele","7":"product_cat-wasserspiel-mit-grabbecken","8":"product_cat-wassereigenschaften","10":"first","11":"instock","12":"taxable","13":"shipping-taxable","14":"purchasable","15":"product-type-simple"},"acf":[],"yoast_head":"<!-- This site is optimized with the Yoast SEO plugin v23.8 - https:\/\/yoast.com\/wordpress\/plugins\/seo\/ -->\n<title>Drachenbrunnen-Set | Eliassen<\/title>\n<meta name=\"description\" content=\"Bei Eliassen k\u00f6nnen Sie Fonteinset Draak online kaufen oder live im Ausstellungsraum besichtigen. Wir haben die sch\u00f6nsten Wasserspiele, Wasserspiele mit verg...\" \/>\n<meta name=\"robots\" content=\"noindex, follow, max-snippet:-1, max-image-preview:large, max-video-preview:-1\" \/>\n<meta property=\"og:locale\" content=\"de_DE\" \/>\n<meta property=\"og:type\" content=\"article\" \/>\n<meta property=\"og:title\" content=\"Drachenbrunnen-Set | Eliassen\" \/>\n<meta property=\"og:description\" content=\"Bei Eliassen k\u00f6nnen Sie Fonteinset Draak online kaufen oder live im Ausstellungsraum besichtigen. Wir haben die sch\u00f6nsten Wasserspiele, Wasserspiele mit verg...\" \/>\n<meta property=\"og:url\" content=\"https:\/\/dev.eliassen.nl\/de\/product\/drachenbrunnen-set\/\" \/>\n<meta property=\"og:site_name\" content=\"Eliassen.nl\" \/>\n<meta property=\"article:publisher\" content=\"https:\/\/www.facebook.com\/TuincentrumEliassenAmmerzoden\" \/>\n<meta property=\"article:modified_time\" content=\"2024-12-05T14:36:55+00:00\" \/>\n<meta property=\"og:image\" content=\"https:\/\/dev.eliassen.nl\/wp-content\/uploads\/2024\/01\/eliassenfonteinsetdraak.jpg\" \/>\n\t<meta property=\"og:image:width\" content=\"1536\" \/>\n\t<meta property=\"og:image:height\" content=\"2048\" \/>\n\t<meta property=\"og:image:type\" content=\"image\/jpeg\" \/>\n<meta name=\"twitter:card\" content=\"summary_large_image\" \/>\n<script type=\"application\/ld+json\" class=\"yoast-schema-graph\">{\"@context\":\"https:\/\/schema.org\",\"@graph\":[{\"@type\":\"WebPage\",\"@id\":\"https:\/\/dev.eliassen.nl\/de\/product\/drachenbrunnen-set\/\",\"url\":\"https:\/\/dev.eliassen.nl\/de\/product\/drachenbrunnen-set\/\",\"name\":\"Drachenbrunnen-Set | Eliassen\",\"isPartOf\":{\"@id\":\"https:\/\/dev.eliassen.nl\/de\/#website\"},\"primaryImageOfPage\":{\"@id\":\"https:\/\/dev.eliassen.nl\/de\/product\/drachenbrunnen-set\/#primaryimage\"},\"image\":{\"@id\":\"https:\/\/dev.eliassen.nl\/de\/product\/drachenbrunnen-set\/#primaryimage\"},\"thumbnailUrl\":\"https:\/\/dev.eliassen.nl\/wp-content\/uploads\/2024\/01\/eliassenfonteinsetdraak.jpg\",\"datePublished\":\"2020-03-10T09:41:36+00:00\",\"dateModified\":\"2024-12-05T14:36:55+00:00\",\"description\":\"Bei Eliassen k\u00f6nnen Sie Fonteinset Draak online kaufen oder live im Ausstellungsraum besichtigen. Wir haben die sch\u00f6nsten Wasserspiele, Wasserspiele mit verg...\",\"breadcrumb\":{\"@id\":\"https:\/\/dev.eliassen.nl\/de\/product\/drachenbrunnen-set\/#breadcrumb\"},\"inLanguage\":\"de\",\"potentialAction\":[{\"@type\":\"ReadAction\",\"target\":[\"https:\/\/dev.eliassen.nl\/de\/product\/drachenbrunnen-set\/\"]}]},{\"@type\":\"ImageObject\",\"inLanguage\":\"de\",\"@id\":\"https:\/\/dev.eliassen.nl\/de\/product\/drachenbrunnen-set\/#primaryimage\",\"url\":\"https:\/\/dev.eliassen.nl\/wp-content\/uploads\/2024\/01\/eliassenfonteinsetdraak.jpg\",\"contentUrl\":\"https:\/\/dev.eliassen.nl\/wp-content\/uploads\/2024\/01\/eliassenfonteinsetdraak.jpg\",\"width\":1536,\"height\":2048,\"caption\":\"Eliassen Fonteinset Draak\"},{\"@type\":\"BreadcrumbList\",\"@id\":\"https:\/\/dev.eliassen.nl\/de\/product\/drachenbrunnen-set\/#breadcrumb\",\"itemListElement\":[{\"@type\":\"ListItem\",\"position\":1,\"name\":\"Home\",\"item\":\"https:\/\/dev.eliassen.nl\/de\/\"},{\"@type\":\"ListItem\",\"position\":2,\"name\":\"Shop\",\"item\":\"https:\/\/dev.eliassen.nl\/nl\/winkel\/\"},{\"@type\":\"ListItem\",\"position\":3,\"name\":\"Wasserspiele\",\"item\":\"https:\/\/dev.eliassen.nl\/de\/wassereigenschaften\/\"},{\"@type\":\"ListItem\",\"position\":4,\"name\":\"G\u00fcnstige wasserspiele\",\"item\":\"https:\/\/dev.eliassen.nl\/de\/wassereigenschaften\/guenstige-wasserspiele\/\"},{\"@type\":\"ListItem\",\"position\":5,\"name\":\"Drachenbrunnen-Set\"}]},{\"@type\":\"WebSite\",\"@id\":\"https:\/\/dev.eliassen.nl\/de\/#website\",\"url\":\"https:\/\/dev.eliassen.nl\/de\/\",\"name\":\"Eliassen Home & Garden Pleasure\",\"description\":\"\",\"publisher\":{\"@id\":\"https:\/\/dev.eliassen.nl\/de\/#organization\"},\"alternateName\":\"Eliassen.nl\",\"potentialAction\":[{\"@type\":\"SearchAction\",\"target\":{\"@type\":\"EntryPoint\",\"urlTemplate\":\"https:\/\/dev.eliassen.nl\/de\/?s={search_term_string}\"},\"query-input\":{\"@type\":\"PropertyValueSpecification\",\"valueRequired\":true,\"valueName\":\"search_term_string\"}}],\"inLanguage\":\"de\"},{\"@type\":\"Organization\",\"@id\":\"https:\/\/dev.eliassen.nl\/de\/#organization\",\"name\":\"Eliassen Home & Garden Pleasure\",\"url\":\"https:\/\/dev.eliassen.nl\/de\/\",\"logo\":{\"@type\":\"ImageObject\",\"inLanguage\":\"de\",\"@id\":\"https:\/\/dev.eliassen.nl\/de\/#\/schema\/logo\/image\/\",\"url\":\"https:\/\/www.eliassen.nl\/wp-content\/uploads\/2024\/01\/logo_4nd.jpg\",\"contentUrl\":\"https:\/\/www.eliassen.nl\/wp-content\/uploads\/2024\/01\/logo_4nd.jpg\",\"width\":500,\"height\":500,\"caption\":\"Eliassen Home & Garden Pleasure\"},\"image\":{\"@id\":\"https:\/\/dev.eliassen.nl\/de\/#\/schema\/logo\/image\/\"},\"sameAs\":[\"https:\/\/www.facebook.com\/TuincentrumEliassenAmmerzoden\",\"https:\/\/www.instagram.com\/eliassenhomeandgarden\/\",\"https:\/\/nl.pinterest.com\/eliassenhomeandgarden\/\",\"https:\/\/www.youtube.com\/@eliassenhomegardenpleasure4558\"]}]}<\/script>\n<!-- \/ Yoast SEO plugin. -->","yoast_head_json":{"title":"Drachenbrunnen-Set | Eliassen","description":"Bei Eliassen k\u00f6nnen Sie Fonteinset Draak online kaufen oder live im Ausstellungsraum besichtigen. Wir haben die sch\u00f6nsten Wasserspiele, Wasserspiele mit verg...","robots":{"index":"noindex","follow":"follow","max-snippet":"max-snippet:-1","max-image-preview":"max-image-preview:large","max-video-preview":"max-video-preview:-1"},"og_locale":"de_DE","og_type":"article","og_title":"Drachenbrunnen-Set | Eliassen","og_description":"Bei Eliassen k\u00f6nnen Sie Fonteinset Draak online kaufen oder live im Ausstellungsraum besichtigen. Wir haben die sch\u00f6nsten Wasserspiele, Wasserspiele mit verg...","og_url":"https:\/\/dev.eliassen.nl\/de\/product\/drachenbrunnen-set\/","og_site_name":"Eliassen.nl","article_publisher":"https:\/\/www.facebook.com\/TuincentrumEliassenAmmerzoden","article_modified_time":"2024-12-05T14:36:55+00:00","og_image":[{"width":1536,"height":2048,"url":"https:\/\/dev.eliassen.nl\/wp-content\/uploads\/2024\/01\/eliassenfonteinsetdraak.jpg","type":"image\/jpeg"}],"twitter_card":"summary_large_image","schema":{"@context":"https:\/\/schema.org","@graph":[{"@type":"WebPage","@id":"https:\/\/dev.eliassen.nl\/de\/product\/drachenbrunnen-set\/","url":"https:\/\/dev.eliassen.nl\/de\/product\/drachenbrunnen-set\/","name":"Drachenbrunnen-Set | Eliassen","isPartOf":{"@id":"https:\/\/dev.eliassen.nl\/de\/#website"},"primaryImageOfPage":{"@id":"https:\/\/dev.eliassen.nl\/de\/product\/drachenbrunnen-set\/#primaryimage"},"image":{"@id":"https:\/\/dev.eliassen.nl\/de\/product\/drachenbrunnen-set\/#primaryimage"},"thumbnailUrl":"https:\/\/dev.eliassen.nl\/wp-content\/uploads\/2024\/01\/eliassenfonteinsetdraak.jpg","datePublished":"2020-03-10T09:41:36+00:00","dateModified":"2024-12-05T14:36:55+00:00","description":"Bei Eliassen k\u00f6nnen Sie Fonteinset Draak online kaufen oder live im Ausstellungsraum besichtigen. Wir haben die sch\u00f6nsten Wasserspiele, Wasserspiele mit verg...","breadcrumb":{"@id":"https:\/\/dev.eliassen.nl\/de\/product\/drachenbrunnen-set\/#breadcrumb"},"inLanguage":"de","potentialAction":[{"@type":"ReadAction","target":["https:\/\/dev.eliassen.nl\/de\/product\/drachenbrunnen-set\/"]}]},{"@type":"ImageObject","inLanguage":"de","@id":"https:\/\/dev.eliassen.nl\/de\/product\/drachenbrunnen-set\/#primaryimage","url":"https:\/\/dev.eliassen.nl\/wp-content\/uploads\/2024\/01\/eliassenfonteinsetdraak.jpg","contentUrl":"https:\/\/dev.eliassen.nl\/wp-content\/uploads\/2024\/01\/eliassenfonteinsetdraak.jpg","width":1536,"height":2048,"caption":"Eliassen Fonteinset Draak"},{"@type":"BreadcrumbList","@id":"https:\/\/dev.eliassen.nl\/de\/product\/drachenbrunnen-set\/#breadcrumb","itemListElement":[{"@type":"ListItem","position":1,"name":"Home","item":"https:\/\/dev.eliassen.nl\/de\/"},{"@type":"ListItem","position":2,"name":"Shop","item":"https:\/\/dev.eliassen.nl\/nl\/winkel\/"},{"@type":"ListItem","position":3,"name":"Wasserspiele","item":"https:\/\/dev.eliassen.nl\/de\/wassereigenschaften\/"},{"@type":"ListItem","position":4,"name":"G\u00fcnstige wasserspiele","item":"https:\/\/dev.eliassen.nl\/de\/wassereigenschaften\/guenstige-wasserspiele\/"},{"@type":"ListItem","position":5,"name":"Drachenbrunnen-Set"}]},{"@type":"WebSite","@id":"https:\/\/dev.eliassen.nl\/de\/#website","url":"https:\/\/dev.eliassen.nl\/de\/","name":"Eliassen Home & Garden Pleasure","description":"","publisher":{"@id":"https:\/\/dev.eliassen.nl\/de\/#organization"},"alternateName":"Eliassen.nl","potentialAction":[{"@type":"SearchAction","target":{"@type":"EntryPoint","urlTemplate":"https:\/\/dev.eliassen.nl\/de\/?s={search_term_string}"},"query-input":{"@type":"PropertyValueSpecification","valueRequired":true,"valueName":"search_term_string"}}],"inLanguage":"de"},{"@type":"Organization","@id":"https:\/\/dev.eliassen.nl\/de\/#organization","name":"Eliassen Home & Garden Pleasure","url":"https:\/\/dev.eliassen.nl\/de\/","logo":{"@type":"ImageObject","inLanguage":"de","@id":"https:\/\/dev.eliassen.nl\/de\/#\/schema\/logo\/image\/","url":"https:\/\/www.eliassen.nl\/wp-content\/uploads\/2024\/01\/logo_4nd.jpg","contentUrl":"https:\/\/www.eliassen.nl\/wp-content\/uploads\/2024\/01\/logo_4nd.jpg","width":500,"height":500,"caption":"Eliassen Home & Garden Pleasure"},"image":{"@id":"https:\/\/dev.eliassen.nl\/de\/#\/schema\/logo\/image\/"},"sameAs":["https:\/\/www.facebook.com\/TuincentrumEliassenAmmerzoden","https:\/\/www.instagram.com\/eliassenhomeandgarden\/","https:\/\/nl.pinterest.com\/eliassenhomeandgarden\/","https:\/\/www.youtube.com\/@eliassenhomegardenpleasure4558"]}]}},"df_price":295,"df_sale_price":"","df_regular_price":295,"df_image_link":"https:\/\/dev.eliassen.nl\/wp-content\/uploads\/2024\/01\/eliassenfonteinsetdraak.jpg","image":"https:\/\/dev.eliassen.nl\/wp-content\/uploads\/2024\/01\/eliassenfonteinsetdraak.jpg","price_search":"<span class=\"woocommerce-Price-amount amount\"><bdi><span class=\"woocommerce-Price-currencySymbol\">&euro;<\/span>&nbsp;295,00<\/bdi><\/span>","category":"G\u00fcnstige wasserspiele","_links":{"self":[{"href":"https:\/\/dev.eliassen.nl\/de\/wp-json\/wp\/v2\/product\/22723","targetHints":{"allow":["GET"]}}],"collection":[{"href":"https:\/\/dev.eliassen.nl\/de\/wp-json\/wp\/v2\/product"}],"about":[{"href":"https:\/\/dev.eliassen.nl\/de\/wp-json\/wp\/v2\/types\/product"}],"wp:featuredmedia":[{"embeddable":true,"href":"https:\/\/dev.eliassen.nl\/de\/wp-json\/wp\/v2\/media\/22717"}],"wp:attachment":[{"href":"https:\/\/dev.eliassen.nl\/de\/wp-json\/wp\/v2\/media?parent=22723"}],"wp:term":[{"taxonomy":"product_brand","embeddable":true,"href":"https:\/\/dev.eliassen.nl\/de\/wp-json\/wp\/v2\/product_brand?post=22723"},{"taxonomy":"product_cat","embeddable":true,"href":"https:\/\/dev.eliassen.nl\/de\/wp-json\/wp\/v2\/product_cat?post=22723"},{"taxonomy":"product_tag","embeddable":true,"href":"https:\/\/dev.eliassen.nl\/de\/wp-json\/wp\/v2\/product_tag?post=22723"}],"curies":[{"name":"wp","href":"https:\/\/api.w.org\/{rel}","templated":true}]}}