{"id":22747,"date":"2020-03-10T10:56:40","date_gmt":"2020-03-10T09:56:40","guid":{"rendered":"https:\/\/www.eliassen.nl\/?product=fonteinset-koningskikker"},"modified":"2024-12-05T15:37:01","modified_gmt":"2024-12-05T14:37:01","slug":"brunnen-set-konig-frosch","status":"publish","type":"product","link":"https:\/\/dev.eliassen.nl\/de\/product\/brunnen-set-konig-frosch\/","title":{"rendered":"Brunnen Set K\u00f6nig Frosch"},"content":{"rendered":"<p>Komplettes Springbrunnen-Set, damit Sie dieses Wasserspiel jahrelang in Ihrem Garten genie\u00dfen k\u00f6nnen. Der Stein besteht aus Granit, auf dem ein subtiler gro\u00dfer K\u00f6nigsfrosch aus echter Bronze spritzt. V\u00f6gel werden dieses Wasserobjekt im Garten sicherlich genie\u00dfen.<\/p>\n<p>Farbe und Form des Steins weichen immer vom Foto ab, da es sich um ein Naturprodukt handelt.<\/p>\n<p><strong>Dieses Modell kann auch in unserem Shop angesehen werden.<\/strong><\/p>\n<ul>\n<li>Gr\u00f6\u00dfe der Verzierung (ca.) Insgesamt ca. 30x30x45cm hoch<\/li>\n<li>Komplettset mit Bronzefrosch, Wasserschale, Deckel, Pumpe und Abschlusssteinen.<\/li>\n<li>Frostbest\u00e4ndige Version<\/li>\n<li>Echter Bronzefrosch<\/li>\n<li>Lieferung ab Lager<\/li>\n<\/ul>\n","protected":false},"excerpt":{"rendered":"<p>Komplettes Springbrunnen-Set, damit Sie dieses Wasserspiel jahrelang in Ihrem Garten genie\u00dfen k\u00f6nnen. Der Stein besteht aus Granit, auf dem ein subtiler gro\u00dfer K\u00f6nigsfrosch aus echter Bronze spritzt. V\u00f6gel werden dieses Wasserobjekt im Garten sicherlich genie\u00dfen. Farbe und Form des Steins weichen immer vom Foto ab, da es sich um ein Naturprodukt handelt. Dieses Modell kann &hellip;<\/p>\n","protected":false},"featured_media":22741,"template":"","meta":{"_acf_changed":false},"product_brand":[],"product_cat":[599,554,536],"product_tag":[],"class_list":{"0":"post-22747","1":"product","2":"type-product","3":"status-publish","4":"has-post-thumbnail","6":"product_cat-guenstige-wasserspiele","7":"product_cat-wasserspiel-mit-grabbecken","8":"product_cat-wassereigenschaften","10":"first","11":"instock","12":"taxable","13":"shipping-taxable","14":"purchasable","15":"product-type-simple"},"acf":[],"yoast_head":"<!-- This site is optimized with the Yoast SEO plugin v23.8 - https:\/\/yoast.com\/wordpress\/plugins\/seo\/ -->\n<title>Brunnen Set K\u00f6nig Frosch - Eliassen<\/title>\n<meta name=\"description\" content=\"Auf der Suche nach einem Springbrunnen? Bestellen Sie jetzt Brunnen Set K\u00f6nig Frosch. Sie k\u00f6nnen ganz einfach ein Wasserspiel auf unserer Website kaufen. \u2713 G...\" \/>\n<meta name=\"robots\" content=\"noindex, follow, max-snippet:-1, max-image-preview:large, max-video-preview:-1\" \/>\n<meta property=\"og:locale\" content=\"de_DE\" \/>\n<meta property=\"og:type\" content=\"article\" \/>\n<meta property=\"og:title\" content=\"Brunnen Set K\u00f6nig Frosch - Eliassen\" \/>\n<meta property=\"og:description\" content=\"Auf der Suche nach einem Springbrunnen? Bestellen Sie jetzt Brunnen Set K\u00f6nig Frosch. Sie k\u00f6nnen ganz einfach ein Wasserspiel auf unserer Website kaufen. \u2713 G...\" \/>\n<meta property=\"og:url\" content=\"https:\/\/dev.eliassen.nl\/de\/product\/brunnen-set-konig-frosch\/\" \/>\n<meta property=\"og:site_name\" content=\"Eliassen.nl\" \/>\n<meta property=\"article:publisher\" content=\"https:\/\/www.facebook.com\/TuincentrumEliassenAmmerzoden\" \/>\n<meta property=\"article:modified_time\" content=\"2024-12-05T14:37:01+00:00\" \/>\n<meta property=\"og:image\" content=\"https:\/\/dev.eliassen.nl\/wp-content\/uploads\/2024\/01\/eliassenfonteinsetkoningskikker.jpg\" \/>\n\t<meta property=\"og:image:width\" content=\"800\" \/>\n\t<meta property=\"og:image:height\" content=\"800\" \/>\n\t<meta property=\"og:image:type\" content=\"image\/jpeg\" \/>\n<meta name=\"twitter:card\" content=\"summary_large_image\" \/>\n<script type=\"application\/ld+json\" class=\"yoast-schema-graph\">{\"@context\":\"https:\/\/schema.org\",\"@graph\":[{\"@type\":\"WebPage\",\"@id\":\"https:\/\/dev.eliassen.nl\/de\/product\/brunnen-set-konig-frosch\/\",\"url\":\"https:\/\/dev.eliassen.nl\/de\/product\/brunnen-set-konig-frosch\/\",\"name\":\"Brunnen Set K\u00f6nig Frosch - Eliassen\",\"isPartOf\":{\"@id\":\"https:\/\/dev.eliassen.nl\/de\/#website\"},\"primaryImageOfPage\":{\"@id\":\"https:\/\/dev.eliassen.nl\/de\/product\/brunnen-set-konig-frosch\/#primaryimage\"},\"image\":{\"@id\":\"https:\/\/dev.eliassen.nl\/de\/product\/brunnen-set-konig-frosch\/#primaryimage\"},\"thumbnailUrl\":\"https:\/\/dev.eliassen.nl\/wp-content\/uploads\/2024\/01\/eliassenfonteinsetkoningskikker.jpg\",\"datePublished\":\"2020-03-10T09:56:40+00:00\",\"dateModified\":\"2024-12-05T14:37:01+00:00\",\"description\":\"Auf der Suche nach einem Springbrunnen? Bestellen Sie jetzt Brunnen Set K\u00f6nig Frosch. Sie k\u00f6nnen ganz einfach ein Wasserspiel auf unserer Website kaufen. \u2713 G...\",\"breadcrumb\":{\"@id\":\"https:\/\/dev.eliassen.nl\/de\/product\/brunnen-set-konig-frosch\/#breadcrumb\"},\"inLanguage\":\"de\",\"potentialAction\":[{\"@type\":\"ReadAction\",\"target\":[\"https:\/\/dev.eliassen.nl\/de\/product\/brunnen-set-konig-frosch\/\"]}]},{\"@type\":\"ImageObject\",\"inLanguage\":\"de\",\"@id\":\"https:\/\/dev.eliassen.nl\/de\/product\/brunnen-set-konig-frosch\/#primaryimage\",\"url\":\"https:\/\/dev.eliassen.nl\/wp-content\/uploads\/2024\/01\/eliassenfonteinsetkoningskikker.jpg\",\"contentUrl\":\"https:\/\/dev.eliassen.nl\/wp-content\/uploads\/2024\/01\/eliassenfonteinsetkoningskikker.jpg\",\"width\":800,\"height\":800,\"caption\":\"Eliassen Fonteinset Koningskikker\"},{\"@type\":\"BreadcrumbList\",\"@id\":\"https:\/\/dev.eliassen.nl\/de\/product\/brunnen-set-konig-frosch\/#breadcrumb\",\"itemListElement\":[{\"@type\":\"ListItem\",\"position\":1,\"name\":\"Home\",\"item\":\"https:\/\/dev.eliassen.nl\/de\/\"},{\"@type\":\"ListItem\",\"position\":2,\"name\":\"Shop\",\"item\":\"https:\/\/dev.eliassen.nl\/nl\/winkel\/\"},{\"@type\":\"ListItem\",\"position\":3,\"name\":\"Wasserspiele\",\"item\":\"https:\/\/dev.eliassen.nl\/de\/wassereigenschaften\/\"},{\"@type\":\"ListItem\",\"position\":4,\"name\":\"G\u00fcnstige wasserspiele\",\"item\":\"https:\/\/dev.eliassen.nl\/de\/wassereigenschaften\/guenstige-wasserspiele\/\"},{\"@type\":\"ListItem\",\"position\":5,\"name\":\"Brunnen Set K\u00f6nig Frosch\"}]},{\"@type\":\"WebSite\",\"@id\":\"https:\/\/dev.eliassen.nl\/de\/#website\",\"url\":\"https:\/\/dev.eliassen.nl\/de\/\",\"name\":\"Eliassen Home & Garden Pleasure\",\"description\":\"\",\"publisher\":{\"@id\":\"https:\/\/dev.eliassen.nl\/de\/#organization\"},\"alternateName\":\"Eliassen.nl\",\"potentialAction\":[{\"@type\":\"SearchAction\",\"target\":{\"@type\":\"EntryPoint\",\"urlTemplate\":\"https:\/\/dev.eliassen.nl\/de\/?s={search_term_string}\"},\"query-input\":{\"@type\":\"PropertyValueSpecification\",\"valueRequired\":true,\"valueName\":\"search_term_string\"}}],\"inLanguage\":\"de\"},{\"@type\":\"Organization\",\"@id\":\"https:\/\/dev.eliassen.nl\/de\/#organization\",\"name\":\"Eliassen Home & Garden Pleasure\",\"url\":\"https:\/\/dev.eliassen.nl\/de\/\",\"logo\":{\"@type\":\"ImageObject\",\"inLanguage\":\"de\",\"@id\":\"https:\/\/dev.eliassen.nl\/de\/#\/schema\/logo\/image\/\",\"url\":\"https:\/\/www.eliassen.nl\/wp-content\/uploads\/2024\/01\/logo_4nd.jpg\",\"contentUrl\":\"https:\/\/www.eliassen.nl\/wp-content\/uploads\/2024\/01\/logo_4nd.jpg\",\"width\":500,\"height\":500,\"caption\":\"Eliassen Home & Garden Pleasure\"},\"image\":{\"@id\":\"https:\/\/dev.eliassen.nl\/de\/#\/schema\/logo\/image\/\"},\"sameAs\":[\"https:\/\/www.facebook.com\/TuincentrumEliassenAmmerzoden\",\"https:\/\/www.instagram.com\/eliassenhomeandgarden\/\",\"https:\/\/nl.pinterest.com\/eliassenhomeandgarden\/\",\"https:\/\/www.youtube.com\/@eliassenhomegardenpleasure4558\"]}]}<\/script>\n<!-- \/ Yoast SEO plugin. -->","yoast_head_json":{"title":"Brunnen Set K\u00f6nig Frosch - Eliassen","description":"Auf der Suche nach einem Springbrunnen? Bestellen Sie jetzt Brunnen Set K\u00f6nig Frosch. Sie k\u00f6nnen ganz einfach ein Wasserspiel auf unserer Website kaufen. \u2713 G...","robots":{"index":"noindex","follow":"follow","max-snippet":"max-snippet:-1","max-image-preview":"max-image-preview:large","max-video-preview":"max-video-preview:-1"},"og_locale":"de_DE","og_type":"article","og_title":"Brunnen Set K\u00f6nig Frosch - Eliassen","og_description":"Auf der Suche nach einem Springbrunnen? Bestellen Sie jetzt Brunnen Set K\u00f6nig Frosch. Sie k\u00f6nnen ganz einfach ein Wasserspiel auf unserer Website kaufen. \u2713 G...","og_url":"https:\/\/dev.eliassen.nl\/de\/product\/brunnen-set-konig-frosch\/","og_site_name":"Eliassen.nl","article_publisher":"https:\/\/www.facebook.com\/TuincentrumEliassenAmmerzoden","article_modified_time":"2024-12-05T14:37:01+00:00","og_image":[{"width":800,"height":800,"url":"https:\/\/dev.eliassen.nl\/wp-content\/uploads\/2024\/01\/eliassenfonteinsetkoningskikker.jpg","type":"image\/jpeg"}],"twitter_card":"summary_large_image","schema":{"@context":"https:\/\/schema.org","@graph":[{"@type":"WebPage","@id":"https:\/\/dev.eliassen.nl\/de\/product\/brunnen-set-konig-frosch\/","url":"https:\/\/dev.eliassen.nl\/de\/product\/brunnen-set-konig-frosch\/","name":"Brunnen Set K\u00f6nig Frosch - Eliassen","isPartOf":{"@id":"https:\/\/dev.eliassen.nl\/de\/#website"},"primaryImageOfPage":{"@id":"https:\/\/dev.eliassen.nl\/de\/product\/brunnen-set-konig-frosch\/#primaryimage"},"image":{"@id":"https:\/\/dev.eliassen.nl\/de\/product\/brunnen-set-konig-frosch\/#primaryimage"},"thumbnailUrl":"https:\/\/dev.eliassen.nl\/wp-content\/uploads\/2024\/01\/eliassenfonteinsetkoningskikker.jpg","datePublished":"2020-03-10T09:56:40+00:00","dateModified":"2024-12-05T14:37:01+00:00","description":"Auf der Suche nach einem Springbrunnen? Bestellen Sie jetzt Brunnen Set K\u00f6nig Frosch. Sie k\u00f6nnen ganz einfach ein Wasserspiel auf unserer Website kaufen. \u2713 G...","breadcrumb":{"@id":"https:\/\/dev.eliassen.nl\/de\/product\/brunnen-set-konig-frosch\/#breadcrumb"},"inLanguage":"de","potentialAction":[{"@type":"ReadAction","target":["https:\/\/dev.eliassen.nl\/de\/product\/brunnen-set-konig-frosch\/"]}]},{"@type":"ImageObject","inLanguage":"de","@id":"https:\/\/dev.eliassen.nl\/de\/product\/brunnen-set-konig-frosch\/#primaryimage","url":"https:\/\/dev.eliassen.nl\/wp-content\/uploads\/2024\/01\/eliassenfonteinsetkoningskikker.jpg","contentUrl":"https:\/\/dev.eliassen.nl\/wp-content\/uploads\/2024\/01\/eliassenfonteinsetkoningskikker.jpg","width":800,"height":800,"caption":"Eliassen Fonteinset Koningskikker"},{"@type":"BreadcrumbList","@id":"https:\/\/dev.eliassen.nl\/de\/product\/brunnen-set-konig-frosch\/#breadcrumb","itemListElement":[{"@type":"ListItem","position":1,"name":"Home","item":"https:\/\/dev.eliassen.nl\/de\/"},{"@type":"ListItem","position":2,"name":"Shop","item":"https:\/\/dev.eliassen.nl\/nl\/winkel\/"},{"@type":"ListItem","position":3,"name":"Wasserspiele","item":"https:\/\/dev.eliassen.nl\/de\/wassereigenschaften\/"},{"@type":"ListItem","position":4,"name":"G\u00fcnstige wasserspiele","item":"https:\/\/dev.eliassen.nl\/de\/wassereigenschaften\/guenstige-wasserspiele\/"},{"@type":"ListItem","position":5,"name":"Brunnen Set K\u00f6nig Frosch"}]},{"@type":"WebSite","@id":"https:\/\/dev.eliassen.nl\/de\/#website","url":"https:\/\/dev.eliassen.nl\/de\/","name":"Eliassen Home & Garden Pleasure","description":"","publisher":{"@id":"https:\/\/dev.eliassen.nl\/de\/#organization"},"alternateName":"Eliassen.nl","potentialAction":[{"@type":"SearchAction","target":{"@type":"EntryPoint","urlTemplate":"https:\/\/dev.eliassen.nl\/de\/?s={search_term_string}"},"query-input":{"@type":"PropertyValueSpecification","valueRequired":true,"valueName":"search_term_string"}}],"inLanguage":"de"},{"@type":"Organization","@id":"https:\/\/dev.eliassen.nl\/de\/#organization","name":"Eliassen Home & Garden Pleasure","url":"https:\/\/dev.eliassen.nl\/de\/","logo":{"@type":"ImageObject","inLanguage":"de","@id":"https:\/\/dev.eliassen.nl\/de\/#\/schema\/logo\/image\/","url":"https:\/\/www.eliassen.nl\/wp-content\/uploads\/2024\/01\/logo_4nd.jpg","contentUrl":"https:\/\/www.eliassen.nl\/wp-content\/uploads\/2024\/01\/logo_4nd.jpg","width":500,"height":500,"caption":"Eliassen Home & Garden Pleasure"},"image":{"@id":"https:\/\/dev.eliassen.nl\/de\/#\/schema\/logo\/image\/"},"sameAs":["https:\/\/www.facebook.com\/TuincentrumEliassenAmmerzoden","https:\/\/www.instagram.com\/eliassenhomeandgarden\/","https:\/\/nl.pinterest.com\/eliassenhomeandgarden\/","https:\/\/www.youtube.com\/@eliassenhomegardenpleasure4558"]}]}},"df_price":215,"df_sale_price":"","df_regular_price":215,"df_image_link":"https:\/\/dev.eliassen.nl\/wp-content\/uploads\/2024\/01\/eliassenfonteinsetkoningskikker.jpg","image":"https:\/\/dev.eliassen.nl\/wp-content\/uploads\/2024\/01\/eliassenfonteinsetkoningskikker.jpg","price_search":"<span class=\"woocommerce-Price-amount amount\"><bdi><span class=\"woocommerce-Price-currencySymbol\">&euro;<\/span>&nbsp;215,00<\/bdi><\/span>","category":"G\u00fcnstige wasserspiele","_links":{"self":[{"href":"https:\/\/dev.eliassen.nl\/de\/wp-json\/wp\/v2\/product\/22747","targetHints":{"allow":["GET"]}}],"collection":[{"href":"https:\/\/dev.eliassen.nl\/de\/wp-json\/wp\/v2\/product"}],"about":[{"href":"https:\/\/dev.eliassen.nl\/de\/wp-json\/wp\/v2\/types\/product"}],"wp:featuredmedia":[{"embeddable":true,"href":"https:\/\/dev.eliassen.nl\/de\/wp-json\/wp\/v2\/media\/22741"}],"wp:attachment":[{"href":"https:\/\/dev.eliassen.nl\/de\/wp-json\/wp\/v2\/media?parent=22747"}],"wp:term":[{"taxonomy":"product_brand","embeddable":true,"href":"https:\/\/dev.eliassen.nl\/de\/wp-json\/wp\/v2\/product_brand?post=22747"},{"taxonomy":"product_cat","embeddable":true,"href":"https:\/\/dev.eliassen.nl\/de\/wp-json\/wp\/v2\/product_cat?post=22747"},{"taxonomy":"product_tag","embeddable":true,"href":"https:\/\/dev.eliassen.nl\/de\/wp-json\/wp\/v2\/product_tag?post=22747"}],"curies":[{"name":"wp","href":"https:\/\/api.w.org\/{rel}","templated":true}]}}