{"id":22828,"date":"2020-03-10T13:40:41","date_gmt":"2020-03-10T12:40:41","guid":{"rendered":"https:\/\/www.eliassen.nl\/?product=insecten-drinkplaats-met-bronzen-vlinder"},"modified":"2024-12-05T15:37:06","modified_gmt":"2024-12-05T14:37:06","slug":"insekten-wasserstelle-mit-bronze-schmetterling","status":"publish","type":"product","link":"https:\/\/dev.eliassen.nl\/de\/product\/insekten-wasserstelle-mit-bronze-schmetterling\/","title":{"rendered":"Insekten-Wasserstelle mit Bronze-Schmetterling"},"content":{"rendered":"<p>Vogelschale aus grauem Granit, damit Sie viele Jahre lang V\u00f6gel in Ihrem Garten baden und trinken k\u00f6nnen. Die Schale besteht aus Granit mit einem Schmetterling und Fl\u00fcgeln aus echter Bronze. V\u00f6gel werden dieses Vogelbad im Garten sicherlich genie\u00dfen.<\/p>\n<p>Farbe und Form des Steins weichen immer vom Foto ab, da es sich um ein Naturprodukt handelt.<\/p>\n<p><strong>Dieses Modell kann auch in unserem Shop angesehen werden.<\/strong><\/p>\n<ul>\n<li>Gr\u00f6\u00dfe der Verzierung (ca.) Ca. 20x20x10cm hoch<\/li>\n<li>Sehr robuste Version aus millionen Jahre altem Material.<\/li>\n<li>Frostbest\u00e4ndige Version<\/li>\n<li>Schmetterling ist wirklich Bronze<\/li>\n<li>Lieferung ab Lager<\/li>\n<\/ul>\n","protected":false},"excerpt":{"rendered":"<p>Insektenwasserstelle mit Bruder<\/p>\n","protected":false},"featured_media":22825,"template":"","meta":{"_acf_changed":false},"product_brand":[],"product_cat":[707],"product_tag":[],"class_list":{"0":"post-22828","1":"product","2":"type-product","3":"status-publish","4":"has-post-thumbnail","6":"product_cat-vogeltraenken","8":"first","9":"instock","10":"taxable","11":"shipping-taxable","12":"purchasable","13":"product-type-simple"},"acf":[],"yoast_head":"<!-- This site is optimized with the Yoast SEO plugin v23.8 - https:\/\/yoast.com\/wordpress\/plugins\/seo\/ -->\n<title>Insektentrinkplatz mit Bronzeschmetterling - Eliassen<\/title>\n<meta name=\"description\" content=\"Auf der Suche nach einer Vogeltrinksch\u00fcssel? Jetzt bestellen Insekten-Tr\u00e4nke mit Bronze-Schmetterling. Auf unserer Website k\u00f6nnen Sie ganz einfach ein Vogelb...\" \/>\n<meta name=\"robots\" content=\"noindex, follow, max-snippet:-1, max-image-preview:large, max-video-preview:-1\" \/>\n<meta property=\"og:locale\" content=\"de_DE\" \/>\n<meta property=\"og:type\" content=\"article\" \/>\n<meta property=\"og:title\" content=\"Insektentrinkplatz mit Bronzeschmetterling - Eliassen\" \/>\n<meta property=\"og:description\" content=\"Auf der Suche nach einer Vogeltrinksch\u00fcssel? Jetzt bestellen Insekten-Tr\u00e4nke mit Bronze-Schmetterling. Auf unserer Website k\u00f6nnen Sie ganz einfach ein Vogelb...\" \/>\n<meta property=\"og:url\" content=\"https:\/\/dev.eliassen.nl\/de\/product\/insekten-wasserstelle-mit-bronze-schmetterling\/\" \/>\n<meta property=\"og:site_name\" content=\"Eliassen.nl\" \/>\n<meta property=\"article:publisher\" content=\"https:\/\/www.facebook.com\/TuincentrumEliassenAmmerzoden\" \/>\n<meta property=\"article:modified_time\" content=\"2024-12-05T14:37:06+00:00\" \/>\n<meta property=\"og:image\" content=\"https:\/\/dev.eliassen.nl\/wp-content\/uploads\/2024\/01\/eliasseninsectendrinkplaatsmetbronzenvlinder.jpg\" \/>\n\t<meta property=\"og:image:width\" content=\"2048\" \/>\n\t<meta property=\"og:image:height\" content=\"1536\" \/>\n\t<meta property=\"og:image:type\" content=\"image\/jpeg\" \/>\n<meta name=\"twitter:card\" content=\"summary_large_image\" \/>\n<script type=\"application\/ld+json\" class=\"yoast-schema-graph\">{\"@context\":\"https:\/\/schema.org\",\"@graph\":[{\"@type\":\"WebPage\",\"@id\":\"https:\/\/dev.eliassen.nl\/de\/product\/insekten-wasserstelle-mit-bronze-schmetterling\/\",\"url\":\"https:\/\/dev.eliassen.nl\/de\/product\/insekten-wasserstelle-mit-bronze-schmetterling\/\",\"name\":\"Insektentrinkplatz mit Bronzeschmetterling - Eliassen\",\"isPartOf\":{\"@id\":\"https:\/\/dev.eliassen.nl\/de\/#website\"},\"primaryImageOfPage\":{\"@id\":\"https:\/\/dev.eliassen.nl\/de\/product\/insekten-wasserstelle-mit-bronze-schmetterling\/#primaryimage\"},\"image\":{\"@id\":\"https:\/\/dev.eliassen.nl\/de\/product\/insekten-wasserstelle-mit-bronze-schmetterling\/#primaryimage\"},\"thumbnailUrl\":\"https:\/\/dev.eliassen.nl\/wp-content\/uploads\/2024\/01\/eliasseninsectendrinkplaatsmetbronzenvlinder.jpg\",\"datePublished\":\"2020-03-10T12:40:41+00:00\",\"dateModified\":\"2024-12-05T14:37:06+00:00\",\"description\":\"Auf der Suche nach einer Vogeltrinksch\u00fcssel? Jetzt bestellen Insekten-Tr\u00e4nke mit Bronze-Schmetterling. Auf unserer Website k\u00f6nnen Sie ganz einfach ein Vogelb...\",\"breadcrumb\":{\"@id\":\"https:\/\/dev.eliassen.nl\/de\/product\/insekten-wasserstelle-mit-bronze-schmetterling\/#breadcrumb\"},\"inLanguage\":\"de\",\"potentialAction\":[{\"@type\":\"ReadAction\",\"target\":[\"https:\/\/dev.eliassen.nl\/de\/product\/insekten-wasserstelle-mit-bronze-schmetterling\/\"]}]},{\"@type\":\"ImageObject\",\"inLanguage\":\"de\",\"@id\":\"https:\/\/dev.eliassen.nl\/de\/product\/insekten-wasserstelle-mit-bronze-schmetterling\/#primaryimage\",\"url\":\"https:\/\/dev.eliassen.nl\/wp-content\/uploads\/2024\/01\/eliasseninsectendrinkplaatsmetbronzenvlinder.jpg\",\"contentUrl\":\"https:\/\/dev.eliassen.nl\/wp-content\/uploads\/2024\/01\/eliasseninsectendrinkplaatsmetbronzenvlinder.jpg\",\"width\":2048,\"height\":1536,\"caption\":\"Eliassen Insecten drinkplaats met bronzen vlinder\"},{\"@type\":\"BreadcrumbList\",\"@id\":\"https:\/\/dev.eliassen.nl\/de\/product\/insekten-wasserstelle-mit-bronze-schmetterling\/#breadcrumb\",\"itemListElement\":[{\"@type\":\"ListItem\",\"position\":1,\"name\":\"Home\",\"item\":\"https:\/\/dev.eliassen.nl\/de\/\"},{\"@type\":\"ListItem\",\"position\":2,\"name\":\"Shop\",\"item\":\"https:\/\/dev.eliassen.nl\/nl\/winkel\/\"},{\"@type\":\"ListItem\",\"position\":3,\"name\":\"Vogeltr\u00e4nken\",\"item\":\"https:\/\/dev.eliassen.nl\/de\/vogeltraenken\/\"},{\"@type\":\"ListItem\",\"position\":4,\"name\":\"Insekten-Wasserstelle mit Bronze-Schmetterling\"}]},{\"@type\":\"WebSite\",\"@id\":\"https:\/\/dev.eliassen.nl\/de\/#website\",\"url\":\"https:\/\/dev.eliassen.nl\/de\/\",\"name\":\"Eliassen Home & Garden Pleasure\",\"description\":\"\",\"publisher\":{\"@id\":\"https:\/\/dev.eliassen.nl\/de\/#organization\"},\"alternateName\":\"Eliassen.nl\",\"potentialAction\":[{\"@type\":\"SearchAction\",\"target\":{\"@type\":\"EntryPoint\",\"urlTemplate\":\"https:\/\/dev.eliassen.nl\/de\/?s={search_term_string}\"},\"query-input\":{\"@type\":\"PropertyValueSpecification\",\"valueRequired\":true,\"valueName\":\"search_term_string\"}}],\"inLanguage\":\"de\"},{\"@type\":\"Organization\",\"@id\":\"https:\/\/dev.eliassen.nl\/de\/#organization\",\"name\":\"Eliassen Home & Garden Pleasure\",\"url\":\"https:\/\/dev.eliassen.nl\/de\/\",\"logo\":{\"@type\":\"ImageObject\",\"inLanguage\":\"de\",\"@id\":\"https:\/\/dev.eliassen.nl\/de\/#\/schema\/logo\/image\/\",\"url\":\"https:\/\/www.eliassen.nl\/wp-content\/uploads\/2024\/01\/logo_4nd.jpg\",\"contentUrl\":\"https:\/\/www.eliassen.nl\/wp-content\/uploads\/2024\/01\/logo_4nd.jpg\",\"width\":500,\"height\":500,\"caption\":\"Eliassen Home & Garden Pleasure\"},\"image\":{\"@id\":\"https:\/\/dev.eliassen.nl\/de\/#\/schema\/logo\/image\/\"},\"sameAs\":[\"https:\/\/www.facebook.com\/TuincentrumEliassenAmmerzoden\",\"https:\/\/www.instagram.com\/eliassenhomeandgarden\/\",\"https:\/\/nl.pinterest.com\/eliassenhomeandgarden\/\",\"https:\/\/www.youtube.com\/@eliassenhomegardenpleasure4558\"]}]}<\/script>\n<!-- \/ Yoast SEO plugin. -->","yoast_head_json":{"title":"Insektentrinkplatz mit Bronzeschmetterling - Eliassen","description":"Auf der Suche nach einer Vogeltrinksch\u00fcssel? Jetzt bestellen Insekten-Tr\u00e4nke mit Bronze-Schmetterling. Auf unserer Website k\u00f6nnen Sie ganz einfach ein Vogelb...","robots":{"index":"noindex","follow":"follow","max-snippet":"max-snippet:-1","max-image-preview":"max-image-preview:large","max-video-preview":"max-video-preview:-1"},"og_locale":"de_DE","og_type":"article","og_title":"Insektentrinkplatz mit Bronzeschmetterling - Eliassen","og_description":"Auf der Suche nach einer Vogeltrinksch\u00fcssel? Jetzt bestellen Insekten-Tr\u00e4nke mit Bronze-Schmetterling. Auf unserer Website k\u00f6nnen Sie ganz einfach ein Vogelb...","og_url":"https:\/\/dev.eliassen.nl\/de\/product\/insekten-wasserstelle-mit-bronze-schmetterling\/","og_site_name":"Eliassen.nl","article_publisher":"https:\/\/www.facebook.com\/TuincentrumEliassenAmmerzoden","article_modified_time":"2024-12-05T14:37:06+00:00","og_image":[{"width":2048,"height":1536,"url":"https:\/\/dev.eliassen.nl\/wp-content\/uploads\/2024\/01\/eliasseninsectendrinkplaatsmetbronzenvlinder.jpg","type":"image\/jpeg"}],"twitter_card":"summary_large_image","schema":{"@context":"https:\/\/schema.org","@graph":[{"@type":"WebPage","@id":"https:\/\/dev.eliassen.nl\/de\/product\/insekten-wasserstelle-mit-bronze-schmetterling\/","url":"https:\/\/dev.eliassen.nl\/de\/product\/insekten-wasserstelle-mit-bronze-schmetterling\/","name":"Insektentrinkplatz mit Bronzeschmetterling - Eliassen","isPartOf":{"@id":"https:\/\/dev.eliassen.nl\/de\/#website"},"primaryImageOfPage":{"@id":"https:\/\/dev.eliassen.nl\/de\/product\/insekten-wasserstelle-mit-bronze-schmetterling\/#primaryimage"},"image":{"@id":"https:\/\/dev.eliassen.nl\/de\/product\/insekten-wasserstelle-mit-bronze-schmetterling\/#primaryimage"},"thumbnailUrl":"https:\/\/dev.eliassen.nl\/wp-content\/uploads\/2024\/01\/eliasseninsectendrinkplaatsmetbronzenvlinder.jpg","datePublished":"2020-03-10T12:40:41+00:00","dateModified":"2024-12-05T14:37:06+00:00","description":"Auf der Suche nach einer Vogeltrinksch\u00fcssel? Jetzt bestellen Insekten-Tr\u00e4nke mit Bronze-Schmetterling. Auf unserer Website k\u00f6nnen Sie ganz einfach ein Vogelb...","breadcrumb":{"@id":"https:\/\/dev.eliassen.nl\/de\/product\/insekten-wasserstelle-mit-bronze-schmetterling\/#breadcrumb"},"inLanguage":"de","potentialAction":[{"@type":"ReadAction","target":["https:\/\/dev.eliassen.nl\/de\/product\/insekten-wasserstelle-mit-bronze-schmetterling\/"]}]},{"@type":"ImageObject","inLanguage":"de","@id":"https:\/\/dev.eliassen.nl\/de\/product\/insekten-wasserstelle-mit-bronze-schmetterling\/#primaryimage","url":"https:\/\/dev.eliassen.nl\/wp-content\/uploads\/2024\/01\/eliasseninsectendrinkplaatsmetbronzenvlinder.jpg","contentUrl":"https:\/\/dev.eliassen.nl\/wp-content\/uploads\/2024\/01\/eliasseninsectendrinkplaatsmetbronzenvlinder.jpg","width":2048,"height":1536,"caption":"Eliassen Insecten drinkplaats met bronzen vlinder"},{"@type":"BreadcrumbList","@id":"https:\/\/dev.eliassen.nl\/de\/product\/insekten-wasserstelle-mit-bronze-schmetterling\/#breadcrumb","itemListElement":[{"@type":"ListItem","position":1,"name":"Home","item":"https:\/\/dev.eliassen.nl\/de\/"},{"@type":"ListItem","position":2,"name":"Shop","item":"https:\/\/dev.eliassen.nl\/nl\/winkel\/"},{"@type":"ListItem","position":3,"name":"Vogeltr\u00e4nken","item":"https:\/\/dev.eliassen.nl\/de\/vogeltraenken\/"},{"@type":"ListItem","position":4,"name":"Insekten-Wasserstelle mit Bronze-Schmetterling"}]},{"@type":"WebSite","@id":"https:\/\/dev.eliassen.nl\/de\/#website","url":"https:\/\/dev.eliassen.nl\/de\/","name":"Eliassen Home & Garden Pleasure","description":"","publisher":{"@id":"https:\/\/dev.eliassen.nl\/de\/#organization"},"alternateName":"Eliassen.nl","potentialAction":[{"@type":"SearchAction","target":{"@type":"EntryPoint","urlTemplate":"https:\/\/dev.eliassen.nl\/de\/?s={search_term_string}"},"query-input":{"@type":"PropertyValueSpecification","valueRequired":true,"valueName":"search_term_string"}}],"inLanguage":"de"},{"@type":"Organization","@id":"https:\/\/dev.eliassen.nl\/de\/#organization","name":"Eliassen Home & Garden Pleasure","url":"https:\/\/dev.eliassen.nl\/de\/","logo":{"@type":"ImageObject","inLanguage":"de","@id":"https:\/\/dev.eliassen.nl\/de\/#\/schema\/logo\/image\/","url":"https:\/\/www.eliassen.nl\/wp-content\/uploads\/2024\/01\/logo_4nd.jpg","contentUrl":"https:\/\/www.eliassen.nl\/wp-content\/uploads\/2024\/01\/logo_4nd.jpg","width":500,"height":500,"caption":"Eliassen Home & Garden Pleasure"},"image":{"@id":"https:\/\/dev.eliassen.nl\/de\/#\/schema\/logo\/image\/"},"sameAs":["https:\/\/www.facebook.com\/TuincentrumEliassenAmmerzoden","https:\/\/www.instagram.com\/eliassenhomeandgarden\/","https:\/\/nl.pinterest.com\/eliassenhomeandgarden\/","https:\/\/www.youtube.com\/@eliassenhomegardenpleasure4558"]}]}},"df_price":49.5,"df_sale_price":"","df_regular_price":49.5,"df_image_link":"https:\/\/dev.eliassen.nl\/wp-content\/uploads\/2024\/01\/eliasseninsectendrinkplaatsmetbronzenvlinder.jpg","image":"https:\/\/dev.eliassen.nl\/wp-content\/uploads\/2024\/01\/eliasseninsectendrinkplaatsmetbronzenvlinder.jpg","price_search":"<span class=\"woocommerce-Price-amount amount\"><bdi><span class=\"woocommerce-Price-currencySymbol\">&euro;<\/span>&nbsp;49,50<\/bdi><\/span>","category":"Vogeltr\u00e4nken","_links":{"self":[{"href":"https:\/\/dev.eliassen.nl\/de\/wp-json\/wp\/v2\/product\/22828","targetHints":{"allow":["GET"]}}],"collection":[{"href":"https:\/\/dev.eliassen.nl\/de\/wp-json\/wp\/v2\/product"}],"about":[{"href":"https:\/\/dev.eliassen.nl\/de\/wp-json\/wp\/v2\/types\/product"}],"wp:featuredmedia":[{"embeddable":true,"href":"https:\/\/dev.eliassen.nl\/de\/wp-json\/wp\/v2\/media\/22825"}],"wp:attachment":[{"href":"https:\/\/dev.eliassen.nl\/de\/wp-json\/wp\/v2\/media?parent=22828"}],"wp:term":[{"taxonomy":"product_brand","embeddable":true,"href":"https:\/\/dev.eliassen.nl\/de\/wp-json\/wp\/v2\/product_brand?post=22828"},{"taxonomy":"product_cat","embeddable":true,"href":"https:\/\/dev.eliassen.nl\/de\/wp-json\/wp\/v2\/product_cat?post=22828"},{"taxonomy":"product_tag","embeddable":true,"href":"https:\/\/dev.eliassen.nl\/de\/wp-json\/wp\/v2\/product_tag?post=22828"}],"curies":[{"name":"wp","href":"https:\/\/api.w.org\/{rel}","templated":true}]}}