{"id":23137,"date":"2020-03-13T09:30:05","date_gmt":"2020-03-13T08:30:05","guid":{"rendered":"https:\/\/www.eliassen.nl\/?product=luna-led-9-lamps"},"modified":"2024-12-05T15:37:35","modified_gmt":"2024-12-05T14:37:35","slug":"luna-fuhrte-9-lampen-gross","status":"publish","type":"product","link":"https:\/\/dev.eliassen.nl\/de\/product\/luna-fuhrte-9-lampen-gross\/","title":{"rendered":"Luna f\u00fchrte 9 Lampen gro\u00df"},"content":{"rendered":"<ul>\n<li>Mit 6 resp. 9 kaltwei\u00dfe Leuchtdioden.<\/li>\n<li>Geeignet f\u00fcr den Einsatz \u00fcber und unter Wasser.<\/li>\n<li>Hochwertige Edelstahlhaube, mit der das Wasserdurchflussvolumen reguliert werden kann.<\/li>\n<li>Lampe f\u00fcr Dauereinsatz unter Wasser dank Schutzart IP 68 (Anschluss IP 44).<\/li>\n<li>Durchmesser 30 mm bzw. 50 mm.<\/li>\n<li>Halber Streuwinkel der LEDs: 72 \u00b0.<\/li>\n<li>Inkl. Niederspannungs-Stecktransformator.<\/li>\n<li>Einfache Installation durch den innovativen Schlauchanschluss.<\/li>\n<\/ul>\n","protected":false},"excerpt":{"rendered":"<p>Mit 6 resp. 9 kaltwei\u00dfe Leuchtdioden. Geeignet f\u00fcr den Einsatz \u00fcber und unter Wasser. Hochwertige Edelstahlhaube, mit der das Wasserdurchflussvolumen reguliert werden kann. Lampe f\u00fcr Dauereinsatz unter Wasser dank Schutzart IP 68 (Anschluss IP 44). Durchmesser 30 mm bzw. 50 mm. Halber Streuwinkel der LEDs: 72 \u00b0. Inkl. Niederspannungs-Stecktransformator. Einfache Installation durch den innovativen Schlauchanschluss.<\/p>\n","protected":false},"featured_media":23104,"template":"","meta":{"_acf_changed":false},"product_brand":[6932],"product_cat":[545,536],"product_tag":[],"class_list":{"0":"post-23137","1":"product","2":"type-product","3":"status-publish","4":"has-post-thumbnail","6":"product_brand-oase-de","7":"product_cat-teile-wasserspiele","8":"product_cat-wassereigenschaften","10":"first","11":"instock","12":"taxable","13":"shipping-taxable","14":"purchasable","15":"product-type-simple"},"acf":[],"yoast_head":"<!-- This site is optimized with the Yoast SEO plugin v23.8 - https:\/\/yoast.com\/wordpress\/plugins\/seo\/ -->\n<title>Luna f\u00fchrte 9 Lampen - Eliassen<\/title>\n<meta name=\"description\" content=\"Auf der Suche nach einem Wasserspielteil? Bestellen Sie Luna f\u00fchrte jetzt 9 Lampen gro\u00df. Sie k\u00f6nnen ganz einfach eine Lampe auf unserer Website kaufen. \u2713 Gro...\" \/>\n<meta name=\"robots\" content=\"noindex, follow, max-snippet:-1, max-image-preview:large, max-video-preview:-1\" \/>\n<meta property=\"og:locale\" content=\"de_DE\" \/>\n<meta property=\"og:type\" content=\"article\" \/>\n<meta property=\"og:title\" content=\"Luna f\u00fchrte 9 Lampen - Eliassen\" \/>\n<meta property=\"og:description\" content=\"Auf der Suche nach einem Wasserspielteil? Bestellen Sie Luna f\u00fchrte jetzt 9 Lampen gro\u00df. Sie k\u00f6nnen ganz einfach eine Lampe auf unserer Website kaufen. \u2713 Gro...\" \/>\n<meta property=\"og:url\" content=\"https:\/\/dev.eliassen.nl\/de\/product\/luna-fuhrte-9-lampen-gross\/\" \/>\n<meta property=\"og:site_name\" content=\"Eliassen.nl\" \/>\n<meta property=\"article:publisher\" content=\"https:\/\/www.facebook.com\/TuincentrumEliassenAmmerzoden\" \/>\n<meta property=\"article:modified_time\" content=\"2024-12-05T14:37:35+00:00\" \/>\n<meta property=\"og:image\" content=\"https:\/\/dev.eliassen.nl\/wp-content\/uploads\/2024\/01\/oase109432lunaled9s.jpg\" \/>\n\t<meta property=\"og:image:width\" content=\"360\" \/>\n\t<meta property=\"og:image:height\" content=\"309\" \/>\n\t<meta property=\"og:image:type\" content=\"image\/jpeg\" \/>\n<meta name=\"twitter:card\" content=\"summary_large_image\" \/>\n<script type=\"application\/ld+json\" class=\"yoast-schema-graph\">{\"@context\":\"https:\/\/schema.org\",\"@graph\":[{\"@type\":\"WebPage\",\"@id\":\"https:\/\/dev.eliassen.nl\/de\/product\/luna-fuhrte-9-lampen-gross\/\",\"url\":\"https:\/\/dev.eliassen.nl\/de\/product\/luna-fuhrte-9-lampen-gross\/\",\"name\":\"Luna f\u00fchrte 9 Lampen - Eliassen\",\"isPartOf\":{\"@id\":\"https:\/\/dev.eliassen.nl\/de\/#website\"},\"primaryImageOfPage\":{\"@id\":\"https:\/\/dev.eliassen.nl\/de\/product\/luna-fuhrte-9-lampen-gross\/#primaryimage\"},\"image\":{\"@id\":\"https:\/\/dev.eliassen.nl\/de\/product\/luna-fuhrte-9-lampen-gross\/#primaryimage\"},\"thumbnailUrl\":\"https:\/\/dev.eliassen.nl\/wp-content\/uploads\/2024\/01\/oase109432lunaled9s.jpg\",\"datePublished\":\"2020-03-13T08:30:05+00:00\",\"dateModified\":\"2024-12-05T14:37:35+00:00\",\"description\":\"Auf der Suche nach einem Wasserspielteil? Bestellen Sie Luna f\u00fchrte jetzt 9 Lampen gro\u00df. Sie k\u00f6nnen ganz einfach eine Lampe auf unserer Website kaufen. \u2713 Gro...\",\"breadcrumb\":{\"@id\":\"https:\/\/dev.eliassen.nl\/de\/product\/luna-fuhrte-9-lampen-gross\/#breadcrumb\"},\"inLanguage\":\"de\",\"potentialAction\":[{\"@type\":\"ReadAction\",\"target\":[\"https:\/\/dev.eliassen.nl\/de\/product\/luna-fuhrte-9-lampen-gross\/\"]}]},{\"@type\":\"ImageObject\",\"inLanguage\":\"de\",\"@id\":\"https:\/\/dev.eliassen.nl\/de\/product\/luna-fuhrte-9-lampen-gross\/#primaryimage\",\"url\":\"https:\/\/dev.eliassen.nl\/wp-content\/uploads\/2024\/01\/oase109432lunaled9s.jpg\",\"contentUrl\":\"https:\/\/dev.eliassen.nl\/wp-content\/uploads\/2024\/01\/oase109432lunaled9s.jpg\",\"width\":360,\"height\":309,\"caption\":\"OASE109432-LunaLed9s\"},{\"@type\":\"BreadcrumbList\",\"@id\":\"https:\/\/dev.eliassen.nl\/de\/product\/luna-fuhrte-9-lampen-gross\/#breadcrumb\",\"itemListElement\":[{\"@type\":\"ListItem\",\"position\":1,\"name\":\"Home\",\"item\":\"https:\/\/dev.eliassen.nl\/de\/\"},{\"@type\":\"ListItem\",\"position\":2,\"name\":\"Shop\",\"item\":\"https:\/\/dev.eliassen.nl\/nl\/winkel\/\"},{\"@type\":\"ListItem\",\"position\":3,\"name\":\"Wasserspiele\",\"item\":\"https:\/\/dev.eliassen.nl\/de\/wassereigenschaften\/\"},{\"@type\":\"ListItem\",\"position\":4,\"name\":\"Teile Wasserspiele\",\"item\":\"https:\/\/dev.eliassen.nl\/de\/wassereigenschaften\/teile-wasserspiele\/\"},{\"@type\":\"ListItem\",\"position\":5,\"name\":\"Luna f\u00fchrte 9 Lampen gro\u00df\"}]},{\"@type\":\"WebSite\",\"@id\":\"https:\/\/dev.eliassen.nl\/de\/#website\",\"url\":\"https:\/\/dev.eliassen.nl\/de\/\",\"name\":\"Eliassen Home & Garden Pleasure\",\"description\":\"\",\"publisher\":{\"@id\":\"https:\/\/dev.eliassen.nl\/de\/#organization\"},\"alternateName\":\"Eliassen.nl\",\"potentialAction\":[{\"@type\":\"SearchAction\",\"target\":{\"@type\":\"EntryPoint\",\"urlTemplate\":\"https:\/\/dev.eliassen.nl\/de\/?s={search_term_string}\"},\"query-input\":{\"@type\":\"PropertyValueSpecification\",\"valueRequired\":true,\"valueName\":\"search_term_string\"}}],\"inLanguage\":\"de\"},{\"@type\":\"Organization\",\"@id\":\"https:\/\/dev.eliassen.nl\/de\/#organization\",\"name\":\"Eliassen Home & Garden Pleasure\",\"url\":\"https:\/\/dev.eliassen.nl\/de\/\",\"logo\":{\"@type\":\"ImageObject\",\"inLanguage\":\"de\",\"@id\":\"https:\/\/dev.eliassen.nl\/de\/#\/schema\/logo\/image\/\",\"url\":\"https:\/\/www.eliassen.nl\/wp-content\/uploads\/2024\/01\/logo_4nd.jpg\",\"contentUrl\":\"https:\/\/www.eliassen.nl\/wp-content\/uploads\/2024\/01\/logo_4nd.jpg\",\"width\":500,\"height\":500,\"caption\":\"Eliassen Home & Garden Pleasure\"},\"image\":{\"@id\":\"https:\/\/dev.eliassen.nl\/de\/#\/schema\/logo\/image\/\"},\"sameAs\":[\"https:\/\/www.facebook.com\/TuincentrumEliassenAmmerzoden\",\"https:\/\/www.instagram.com\/eliassenhomeandgarden\/\",\"https:\/\/nl.pinterest.com\/eliassenhomeandgarden\/\",\"https:\/\/www.youtube.com\/@eliassenhomegardenpleasure4558\"]}]}<\/script>\n<!-- \/ Yoast SEO plugin. -->","yoast_head_json":{"title":"Luna f\u00fchrte 9 Lampen - Eliassen","description":"Auf der Suche nach einem Wasserspielteil? Bestellen Sie Luna f\u00fchrte jetzt 9 Lampen gro\u00df. Sie k\u00f6nnen ganz einfach eine Lampe auf unserer Website kaufen. \u2713 Gro...","robots":{"index":"noindex","follow":"follow","max-snippet":"max-snippet:-1","max-image-preview":"max-image-preview:large","max-video-preview":"max-video-preview:-1"},"og_locale":"de_DE","og_type":"article","og_title":"Luna f\u00fchrte 9 Lampen - Eliassen","og_description":"Auf der Suche nach einem Wasserspielteil? Bestellen Sie Luna f\u00fchrte jetzt 9 Lampen gro\u00df. Sie k\u00f6nnen ganz einfach eine Lampe auf unserer Website kaufen. \u2713 Gro...","og_url":"https:\/\/dev.eliassen.nl\/de\/product\/luna-fuhrte-9-lampen-gross\/","og_site_name":"Eliassen.nl","article_publisher":"https:\/\/www.facebook.com\/TuincentrumEliassenAmmerzoden","article_modified_time":"2024-12-05T14:37:35+00:00","og_image":[{"width":360,"height":309,"url":"https:\/\/dev.eliassen.nl\/wp-content\/uploads\/2024\/01\/oase109432lunaled9s.jpg","type":"image\/jpeg"}],"twitter_card":"summary_large_image","schema":{"@context":"https:\/\/schema.org","@graph":[{"@type":"WebPage","@id":"https:\/\/dev.eliassen.nl\/de\/product\/luna-fuhrte-9-lampen-gross\/","url":"https:\/\/dev.eliassen.nl\/de\/product\/luna-fuhrte-9-lampen-gross\/","name":"Luna f\u00fchrte 9 Lampen - Eliassen","isPartOf":{"@id":"https:\/\/dev.eliassen.nl\/de\/#website"},"primaryImageOfPage":{"@id":"https:\/\/dev.eliassen.nl\/de\/product\/luna-fuhrte-9-lampen-gross\/#primaryimage"},"image":{"@id":"https:\/\/dev.eliassen.nl\/de\/product\/luna-fuhrte-9-lampen-gross\/#primaryimage"},"thumbnailUrl":"https:\/\/dev.eliassen.nl\/wp-content\/uploads\/2024\/01\/oase109432lunaled9s.jpg","datePublished":"2020-03-13T08:30:05+00:00","dateModified":"2024-12-05T14:37:35+00:00","description":"Auf der Suche nach einem Wasserspielteil? Bestellen Sie Luna f\u00fchrte jetzt 9 Lampen gro\u00df. Sie k\u00f6nnen ganz einfach eine Lampe auf unserer Website kaufen. \u2713 Gro...","breadcrumb":{"@id":"https:\/\/dev.eliassen.nl\/de\/product\/luna-fuhrte-9-lampen-gross\/#breadcrumb"},"inLanguage":"de","potentialAction":[{"@type":"ReadAction","target":["https:\/\/dev.eliassen.nl\/de\/product\/luna-fuhrte-9-lampen-gross\/"]}]},{"@type":"ImageObject","inLanguage":"de","@id":"https:\/\/dev.eliassen.nl\/de\/product\/luna-fuhrte-9-lampen-gross\/#primaryimage","url":"https:\/\/dev.eliassen.nl\/wp-content\/uploads\/2024\/01\/oase109432lunaled9s.jpg","contentUrl":"https:\/\/dev.eliassen.nl\/wp-content\/uploads\/2024\/01\/oase109432lunaled9s.jpg","width":360,"height":309,"caption":"OASE109432-LunaLed9s"},{"@type":"BreadcrumbList","@id":"https:\/\/dev.eliassen.nl\/de\/product\/luna-fuhrte-9-lampen-gross\/#breadcrumb","itemListElement":[{"@type":"ListItem","position":1,"name":"Home","item":"https:\/\/dev.eliassen.nl\/de\/"},{"@type":"ListItem","position":2,"name":"Shop","item":"https:\/\/dev.eliassen.nl\/nl\/winkel\/"},{"@type":"ListItem","position":3,"name":"Wasserspiele","item":"https:\/\/dev.eliassen.nl\/de\/wassereigenschaften\/"},{"@type":"ListItem","position":4,"name":"Teile Wasserspiele","item":"https:\/\/dev.eliassen.nl\/de\/wassereigenschaften\/teile-wasserspiele\/"},{"@type":"ListItem","position":5,"name":"Luna f\u00fchrte 9 Lampen gro\u00df"}]},{"@type":"WebSite","@id":"https:\/\/dev.eliassen.nl\/de\/#website","url":"https:\/\/dev.eliassen.nl\/de\/","name":"Eliassen Home & Garden Pleasure","description":"","publisher":{"@id":"https:\/\/dev.eliassen.nl\/de\/#organization"},"alternateName":"Eliassen.nl","potentialAction":[{"@type":"SearchAction","target":{"@type":"EntryPoint","urlTemplate":"https:\/\/dev.eliassen.nl\/de\/?s={search_term_string}"},"query-input":{"@type":"PropertyValueSpecification","valueRequired":true,"valueName":"search_term_string"}}],"inLanguage":"de"},{"@type":"Organization","@id":"https:\/\/dev.eliassen.nl\/de\/#organization","name":"Eliassen Home & Garden Pleasure","url":"https:\/\/dev.eliassen.nl\/de\/","logo":{"@type":"ImageObject","inLanguage":"de","@id":"https:\/\/dev.eliassen.nl\/de\/#\/schema\/logo\/image\/","url":"https:\/\/www.eliassen.nl\/wp-content\/uploads\/2024\/01\/logo_4nd.jpg","contentUrl":"https:\/\/www.eliassen.nl\/wp-content\/uploads\/2024\/01\/logo_4nd.jpg","width":500,"height":500,"caption":"Eliassen Home & Garden Pleasure"},"image":{"@id":"https:\/\/dev.eliassen.nl\/de\/#\/schema\/logo\/image\/"},"sameAs":["https:\/\/www.facebook.com\/TuincentrumEliassenAmmerzoden","https:\/\/www.instagram.com\/eliassenhomeandgarden\/","https:\/\/nl.pinterest.com\/eliassenhomeandgarden\/","https:\/\/www.youtube.com\/@eliassenhomegardenpleasure4558"]}]}},"df_price":78.5,"df_sale_price":"","df_regular_price":78.5,"df_image_link":"https:\/\/dev.eliassen.nl\/wp-content\/uploads\/2024\/01\/oase109432lunaled9s.jpg","image":"https:\/\/dev.eliassen.nl\/wp-content\/uploads\/2024\/01\/oase109432lunaled9s.jpg","price_search":"<span class=\"woocommerce-Price-amount amount\"><bdi><span class=\"woocommerce-Price-currencySymbol\">&euro;<\/span>&nbsp;78,50<\/bdi><\/span>","category":"Teile Wasserspiele","_links":{"self":[{"href":"https:\/\/dev.eliassen.nl\/de\/wp-json\/wp\/v2\/product\/23137","targetHints":{"allow":["GET"]}}],"collection":[{"href":"https:\/\/dev.eliassen.nl\/de\/wp-json\/wp\/v2\/product"}],"about":[{"href":"https:\/\/dev.eliassen.nl\/de\/wp-json\/wp\/v2\/types\/product"}],"wp:featuredmedia":[{"embeddable":true,"href":"https:\/\/dev.eliassen.nl\/de\/wp-json\/wp\/v2\/media\/23104"}],"wp:attachment":[{"href":"https:\/\/dev.eliassen.nl\/de\/wp-json\/wp\/v2\/media?parent=23137"}],"wp:term":[{"taxonomy":"product_brand","embeddable":true,"href":"https:\/\/dev.eliassen.nl\/de\/wp-json\/wp\/v2\/product_brand?post=23137"},{"taxonomy":"product_cat","embeddable":true,"href":"https:\/\/dev.eliassen.nl\/de\/wp-json\/wp\/v2\/product_cat?post=23137"},{"taxonomy":"product_tag","embeddable":true,"href":"https:\/\/dev.eliassen.nl\/de\/wp-json\/wp\/v2\/product_tag?post=23137"}],"curies":[{"name":"wp","href":"https:\/\/api.w.org\/{rel}","templated":true}]}}