{"id":23203,"date":"2020-04-07T16:03:18","date_gmt":"2020-04-07T14:03:18","guid":{"rendered":"https:\/\/www.eliassen.nl\/?product=poes-kat-met-lange-staart-wit-mat"},"modified":"2024-12-05T15:37:37","modified_gmt":"2024-12-05T14:37:37","slug":"katze-mit-langem-schwanz-weiss-matt","status":"publish","type":"product","link":"https:\/\/dev.eliassen.nl\/de\/product\/katze-mit-langem-schwanz-weiss-matt\/","title":{"rendered":"Katze mit langem Schwanz wei\u00df matt"},"content":{"rendered":"<p>Bringen Sie pure Sch\u00f6nheit in Ihr Haus oder Ihren Garten mit dieser gro\u00dfen, modernen Katze in mattem Wei\u00df.<\/p>\n<p>Hergestellt aus starkem Faserstein, wundersch\u00f6n verarbeitet mit einem superstarken, hochwertigen Mattlack, vergleichbar mit Autolack. Faserstein besteht aus gemahlenem Naturstein, der mit Polyester-Epoxidharz gemischt und mit Glasfasermatten verst\u00e4rkt ist. Diese &#8220;Stein&#8221; -Skulpturkatze ist f\u00fcr den Innen- und Au\u00dfenbereich geeignet.<\/p>\n<p>Langer Schwanz h\u00e4ngt sch\u00f6n runter.<\/p>\n<ul>\n<li>Ma\u00dfe: 18 cm breit, 34 cm tief und insgesamt 80 cm hoch mit Schwanz<br \/>Farbe: wei\u00df matt<br \/>Sehr stilvoll in eleganten, modernen Innenr\u00e4umen und G\u00e4rten<br \/>Frostbest\u00e4ndig: ja<br \/>Material: Polyesterfaserstein<br \/>3 Jahre Garantie, ausgenommen Sch\u00e4den von au\u00dfen<br \/>UV-best\u00e4ndig<br \/>Eigener Import und Inventar<\/li>\n<\/ul>\n","protected":false},"excerpt":{"rendered":"<p>Bringen Sie pure Sch\u00f6nheit in Ihr Haus oder Ihren Garten mit dieser gro\u00dfen, modernen Katze in mattem Wei\u00df. Hergestellt aus starkem Faserstein, wundersch\u00f6n verarbeitet mit einem superstarken, hochwertigen Mattlack, vergleichbar mit Autolack. Faserstein besteht aus gemahlenem Naturstein, der mit Polyester-Epoxidharz gemischt und mit Glasfasermatten verst\u00e4rkt ist. Diese &#8220;Stein&#8221; -Skulpturkatze ist f\u00fcr den Innen- und Au\u00dfenbereich &hellip;<\/p>\n","protected":false},"featured_media":23191,"template":"","meta":{"_acf_changed":false},"product_brand":[],"product_cat":[1379,7076],"product_tag":[],"class_list":{"0":"post-23203","1":"product","2":"type-product","3":"status-publish","4":"has-post-thumbnail","6":"product_cat-polyresin-bilder","7":"product_cat-statues-figures","9":"first","10":"instock","11":"sale","12":"taxable","13":"shipping-taxable","14":"purchasable","15":"product-type-simple"},"acf":[],"yoast_head":"<!-- This site is optimized with the Yoast SEO plugin v23.8 - https:\/\/yoast.com\/wordpress\/plugins\/seo\/ -->\n<title>Katze mit langem Schwanz wei\u00df matt - Eliassen<\/title>\n<meta name=\"description\" content=\"Auf der Suche nach einer Tierstatue? Bestellen Sie jetzt Katze Katze mit langem Schwanz wei\u00dfe Matte. Auf unserer Website k\u00f6nnen Sie ganz einfach eine Steinst...\" \/>\n<meta name=\"robots\" content=\"noindex, follow, max-snippet:-1, max-image-preview:large, max-video-preview:-1\" \/>\n<meta property=\"og:locale\" content=\"de_DE\" \/>\n<meta property=\"og:type\" content=\"article\" \/>\n<meta property=\"og:title\" content=\"Katze mit langem Schwanz wei\u00df matt - Eliassen\" \/>\n<meta property=\"og:description\" content=\"Auf der Suche nach einer Tierstatue? Bestellen Sie jetzt Katze Katze mit langem Schwanz wei\u00dfe Matte. Auf unserer Website k\u00f6nnen Sie ganz einfach eine Steinst...\" \/>\n<meta property=\"og:url\" content=\"https:\/\/dev.eliassen.nl\/de\/product\/katze-mit-langem-schwanz-weiss-matt\/\" \/>\n<meta property=\"og:site_name\" content=\"Eliassen.nl\" \/>\n<meta property=\"article:publisher\" content=\"https:\/\/www.facebook.com\/TuincentrumEliassenAmmerzoden\" \/>\n<meta property=\"article:modified_time\" content=\"2024-12-05T14:37:37+00:00\" \/>\n<meta property=\"og:image\" content=\"https:\/\/dev.eliassen.nl\/wp-content\/uploads\/2024\/01\/img0701.jpg\" \/>\n\t<meta property=\"og:image:width\" content=\"2048\" \/>\n\t<meta property=\"og:image:height\" content=\"2048\" \/>\n\t<meta property=\"og:image:type\" content=\"image\/jpeg\" \/>\n<meta name=\"twitter:card\" content=\"summary_large_image\" \/>\n<script type=\"application\/ld+json\" class=\"yoast-schema-graph\">{\"@context\":\"https:\/\/schema.org\",\"@graph\":[{\"@type\":\"WebPage\",\"@id\":\"https:\/\/dev.eliassen.nl\/de\/product\/katze-mit-langem-schwanz-weiss-matt\/\",\"url\":\"https:\/\/dev.eliassen.nl\/de\/product\/katze-mit-langem-schwanz-weiss-matt\/\",\"name\":\"Katze mit langem Schwanz wei\u00df matt - Eliassen\",\"isPartOf\":{\"@id\":\"https:\/\/dev.eliassen.nl\/de\/#website\"},\"primaryImageOfPage\":{\"@id\":\"https:\/\/dev.eliassen.nl\/de\/product\/katze-mit-langem-schwanz-weiss-matt\/#primaryimage\"},\"image\":{\"@id\":\"https:\/\/dev.eliassen.nl\/de\/product\/katze-mit-langem-schwanz-weiss-matt\/#primaryimage\"},\"thumbnailUrl\":\"https:\/\/dev.eliassen.nl\/wp-content\/uploads\/2024\/01\/img0701.jpg\",\"datePublished\":\"2020-04-07T14:03:18+00:00\",\"dateModified\":\"2024-12-05T14:37:37+00:00\",\"description\":\"Auf der Suche nach einer Tierstatue? Bestellen Sie jetzt Katze Katze mit langem Schwanz wei\u00dfe Matte. Auf unserer Website k\u00f6nnen Sie ganz einfach eine Steinst...\",\"breadcrumb\":{\"@id\":\"https:\/\/dev.eliassen.nl\/de\/product\/katze-mit-langem-schwanz-weiss-matt\/#breadcrumb\"},\"inLanguage\":\"de\",\"potentialAction\":[{\"@type\":\"ReadAction\",\"target\":[\"https:\/\/dev.eliassen.nl\/de\/product\/katze-mit-langem-schwanz-weiss-matt\/\"]}]},{\"@type\":\"ImageObject\",\"inLanguage\":\"de\",\"@id\":\"https:\/\/dev.eliassen.nl\/de\/product\/katze-mit-langem-schwanz-weiss-matt\/#primaryimage\",\"url\":\"https:\/\/dev.eliassen.nl\/wp-content\/uploads\/2024\/01\/img0701.jpg\",\"contentUrl\":\"https:\/\/dev.eliassen.nl\/wp-content\/uploads\/2024\/01\/img0701.jpg\",\"width\":2048,\"height\":2048,\"caption\":\"IMG_07.01\"},{\"@type\":\"BreadcrumbList\",\"@id\":\"https:\/\/dev.eliassen.nl\/de\/product\/katze-mit-langem-schwanz-weiss-matt\/#breadcrumb\",\"itemListElement\":[{\"@type\":\"ListItem\",\"position\":1,\"name\":\"Home\",\"item\":\"https:\/\/dev.eliassen.nl\/de\/\"},{\"@type\":\"ListItem\",\"position\":2,\"name\":\"Shop\",\"item\":\"https:\/\/dev.eliassen.nl\/nl\/winkel\/\"},{\"@type\":\"ListItem\",\"position\":3,\"name\":\"Statuen-Skulpturen\",\"item\":\"https:\/\/dev.eliassen.nl\/de\/statuen-skulpturen\/\"},{\"@type\":\"ListItem\",\"position\":4,\"name\":\"Polyresin-Bilder\",\"item\":\"https:\/\/dev.eliassen.nl\/de\/bilder\/polyresin-bilder\/\"},{\"@type\":\"ListItem\",\"position\":5,\"name\":\"Katze mit langem Schwanz wei\u00df matt\"}]},{\"@type\":\"WebSite\",\"@id\":\"https:\/\/dev.eliassen.nl\/de\/#website\",\"url\":\"https:\/\/dev.eliassen.nl\/de\/\",\"name\":\"Eliassen Home & Garden Pleasure\",\"description\":\"\",\"publisher\":{\"@id\":\"https:\/\/dev.eliassen.nl\/de\/#organization\"},\"alternateName\":\"Eliassen.nl\",\"potentialAction\":[{\"@type\":\"SearchAction\",\"target\":{\"@type\":\"EntryPoint\",\"urlTemplate\":\"https:\/\/dev.eliassen.nl\/de\/?s={search_term_string}\"},\"query-input\":{\"@type\":\"PropertyValueSpecification\",\"valueRequired\":true,\"valueName\":\"search_term_string\"}}],\"inLanguage\":\"de\"},{\"@type\":\"Organization\",\"@id\":\"https:\/\/dev.eliassen.nl\/de\/#organization\",\"name\":\"Eliassen Home & Garden Pleasure\",\"url\":\"https:\/\/dev.eliassen.nl\/de\/\",\"logo\":{\"@type\":\"ImageObject\",\"inLanguage\":\"de\",\"@id\":\"https:\/\/dev.eliassen.nl\/de\/#\/schema\/logo\/image\/\",\"url\":\"https:\/\/www.eliassen.nl\/wp-content\/uploads\/2024\/01\/logo_4nd.jpg\",\"contentUrl\":\"https:\/\/www.eliassen.nl\/wp-content\/uploads\/2024\/01\/logo_4nd.jpg\",\"width\":500,\"height\":500,\"caption\":\"Eliassen Home & Garden Pleasure\"},\"image\":{\"@id\":\"https:\/\/dev.eliassen.nl\/de\/#\/schema\/logo\/image\/\"},\"sameAs\":[\"https:\/\/www.facebook.com\/TuincentrumEliassenAmmerzoden\",\"https:\/\/www.instagram.com\/eliassenhomeandgarden\/\",\"https:\/\/nl.pinterest.com\/eliassenhomeandgarden\/\",\"https:\/\/www.youtube.com\/@eliassenhomegardenpleasure4558\"]}]}<\/script>\n<!-- \/ Yoast SEO plugin. -->","yoast_head_json":{"title":"Katze mit langem Schwanz wei\u00df matt - Eliassen","description":"Auf der Suche nach einer Tierstatue? Bestellen Sie jetzt Katze Katze mit langem Schwanz wei\u00dfe Matte. Auf unserer Website k\u00f6nnen Sie ganz einfach eine Steinst...","robots":{"index":"noindex","follow":"follow","max-snippet":"max-snippet:-1","max-image-preview":"max-image-preview:large","max-video-preview":"max-video-preview:-1"},"og_locale":"de_DE","og_type":"article","og_title":"Katze mit langem Schwanz wei\u00df matt - Eliassen","og_description":"Auf der Suche nach einer Tierstatue? Bestellen Sie jetzt Katze Katze mit langem Schwanz wei\u00dfe Matte. Auf unserer Website k\u00f6nnen Sie ganz einfach eine Steinst...","og_url":"https:\/\/dev.eliassen.nl\/de\/product\/katze-mit-langem-schwanz-weiss-matt\/","og_site_name":"Eliassen.nl","article_publisher":"https:\/\/www.facebook.com\/TuincentrumEliassenAmmerzoden","article_modified_time":"2024-12-05T14:37:37+00:00","og_image":[{"width":2048,"height":2048,"url":"https:\/\/dev.eliassen.nl\/wp-content\/uploads\/2024\/01\/img0701.jpg","type":"image\/jpeg"}],"twitter_card":"summary_large_image","schema":{"@context":"https:\/\/schema.org","@graph":[{"@type":"WebPage","@id":"https:\/\/dev.eliassen.nl\/de\/product\/katze-mit-langem-schwanz-weiss-matt\/","url":"https:\/\/dev.eliassen.nl\/de\/product\/katze-mit-langem-schwanz-weiss-matt\/","name":"Katze mit langem Schwanz wei\u00df matt - Eliassen","isPartOf":{"@id":"https:\/\/dev.eliassen.nl\/de\/#website"},"primaryImageOfPage":{"@id":"https:\/\/dev.eliassen.nl\/de\/product\/katze-mit-langem-schwanz-weiss-matt\/#primaryimage"},"image":{"@id":"https:\/\/dev.eliassen.nl\/de\/product\/katze-mit-langem-schwanz-weiss-matt\/#primaryimage"},"thumbnailUrl":"https:\/\/dev.eliassen.nl\/wp-content\/uploads\/2024\/01\/img0701.jpg","datePublished":"2020-04-07T14:03:18+00:00","dateModified":"2024-12-05T14:37:37+00:00","description":"Auf der Suche nach einer Tierstatue? Bestellen Sie jetzt Katze Katze mit langem Schwanz wei\u00dfe Matte. Auf unserer Website k\u00f6nnen Sie ganz einfach eine Steinst...","breadcrumb":{"@id":"https:\/\/dev.eliassen.nl\/de\/product\/katze-mit-langem-schwanz-weiss-matt\/#breadcrumb"},"inLanguage":"de","potentialAction":[{"@type":"ReadAction","target":["https:\/\/dev.eliassen.nl\/de\/product\/katze-mit-langem-schwanz-weiss-matt\/"]}]},{"@type":"ImageObject","inLanguage":"de","@id":"https:\/\/dev.eliassen.nl\/de\/product\/katze-mit-langem-schwanz-weiss-matt\/#primaryimage","url":"https:\/\/dev.eliassen.nl\/wp-content\/uploads\/2024\/01\/img0701.jpg","contentUrl":"https:\/\/dev.eliassen.nl\/wp-content\/uploads\/2024\/01\/img0701.jpg","width":2048,"height":2048,"caption":"IMG_07.01"},{"@type":"BreadcrumbList","@id":"https:\/\/dev.eliassen.nl\/de\/product\/katze-mit-langem-schwanz-weiss-matt\/#breadcrumb","itemListElement":[{"@type":"ListItem","position":1,"name":"Home","item":"https:\/\/dev.eliassen.nl\/de\/"},{"@type":"ListItem","position":2,"name":"Shop","item":"https:\/\/dev.eliassen.nl\/nl\/winkel\/"},{"@type":"ListItem","position":3,"name":"Statuen-Skulpturen","item":"https:\/\/dev.eliassen.nl\/de\/statuen-skulpturen\/"},{"@type":"ListItem","position":4,"name":"Polyresin-Bilder","item":"https:\/\/dev.eliassen.nl\/de\/bilder\/polyresin-bilder\/"},{"@type":"ListItem","position":5,"name":"Katze mit langem Schwanz wei\u00df matt"}]},{"@type":"WebSite","@id":"https:\/\/dev.eliassen.nl\/de\/#website","url":"https:\/\/dev.eliassen.nl\/de\/","name":"Eliassen Home & Garden Pleasure","description":"","publisher":{"@id":"https:\/\/dev.eliassen.nl\/de\/#organization"},"alternateName":"Eliassen.nl","potentialAction":[{"@type":"SearchAction","target":{"@type":"EntryPoint","urlTemplate":"https:\/\/dev.eliassen.nl\/de\/?s={search_term_string}"},"query-input":{"@type":"PropertyValueSpecification","valueRequired":true,"valueName":"search_term_string"}}],"inLanguage":"de"},{"@type":"Organization","@id":"https:\/\/dev.eliassen.nl\/de\/#organization","name":"Eliassen Home & Garden Pleasure","url":"https:\/\/dev.eliassen.nl\/de\/","logo":{"@type":"ImageObject","inLanguage":"de","@id":"https:\/\/dev.eliassen.nl\/de\/#\/schema\/logo\/image\/","url":"https:\/\/www.eliassen.nl\/wp-content\/uploads\/2024\/01\/logo_4nd.jpg","contentUrl":"https:\/\/www.eliassen.nl\/wp-content\/uploads\/2024\/01\/logo_4nd.jpg","width":500,"height":500,"caption":"Eliassen Home & Garden Pleasure"},"image":{"@id":"https:\/\/dev.eliassen.nl\/de\/#\/schema\/logo\/image\/"},"sameAs":["https:\/\/www.facebook.com\/TuincentrumEliassenAmmerzoden","https:\/\/www.instagram.com\/eliassenhomeandgarden\/","https:\/\/nl.pinterest.com\/eliassenhomeandgarden\/","https:\/\/www.youtube.com\/@eliassenhomegardenpleasure4558"]}]}},"df_price":60,"df_sale_price":60,"df_regular_price":74.5,"df_image_link":"https:\/\/dev.eliassen.nl\/wp-content\/uploads\/2024\/01\/img0701.jpg","image":"https:\/\/dev.eliassen.nl\/wp-content\/uploads\/2024\/01\/img0701.jpg","price_search":"<span class=\"woocommerce-Price-amount amount\"><bdi><span class=\"woocommerce-Price-currencySymbol\">&euro;<\/span>&nbsp;60,00<\/bdi><\/span>","category":"Polyresin-Bilder","_links":{"self":[{"href":"https:\/\/dev.eliassen.nl\/de\/wp-json\/wp\/v2\/product\/23203","targetHints":{"allow":["GET"]}}],"collection":[{"href":"https:\/\/dev.eliassen.nl\/de\/wp-json\/wp\/v2\/product"}],"about":[{"href":"https:\/\/dev.eliassen.nl\/de\/wp-json\/wp\/v2\/types\/product"}],"wp:featuredmedia":[{"embeddable":true,"href":"https:\/\/dev.eliassen.nl\/de\/wp-json\/wp\/v2\/media\/23191"}],"wp:attachment":[{"href":"https:\/\/dev.eliassen.nl\/de\/wp-json\/wp\/v2\/media?parent=23203"}],"wp:term":[{"taxonomy":"product_brand","embeddable":true,"href":"https:\/\/dev.eliassen.nl\/de\/wp-json\/wp\/v2\/product_brand?post=23203"},{"taxonomy":"product_cat","embeddable":true,"href":"https:\/\/dev.eliassen.nl\/de\/wp-json\/wp\/v2\/product_cat?post=23203"},{"taxonomy":"product_tag","embeddable":true,"href":"https:\/\/dev.eliassen.nl\/de\/wp-json\/wp\/v2\/product_tag?post=23203"}],"curies":[{"name":"wp","href":"https:\/\/api.w.org\/{rel}","templated":true}]}}