{"id":23344,"date":"2020-04-07T17:03:40","date_gmt":"2020-04-07T17:03:40","guid":{"rendered":"https:\/\/www.eliassen.nl\/?product=flying-man-grijs-mat"},"modified":"2022-12-09T15:30:13","modified_gmt":"2022-12-09T15:30:13","slug":"fliegender-mann-grau-matt-53cm","status":"publish","type":"product","link":"https:\/\/dev.eliassen.nl\/de\/product\/fliegender-mann-grau-matt-53cm\/","title":{"rendered":"Fliegender Mann grau matt 53cm"},"content":{"rendered":"<p>Bringen Sie pure Sch\u00f6nheit in Ihr Haus oder Ihren Garten mit dieser modern gestalteten Yoga-Statue in Grau.<\/p>\n<p>Diese Statue eines Yogapraktikers besteht aus dem sehr starken grauen Faserstein, der bis ins kleinste Detail wundersch\u00f6n verarbeitet ist und von h\u00f6chster Qualit\u00e4t ist. Fiberstone besteht aus gemahlenem Naturstein, der mit Polyester-Epoxidharz gemischt und mit Glasfasermatten verst\u00e4rkt ist.<\/p>\n<p>Diese Statue verdient es, auf einem Sockel, einem Schrank, einer Wand oder dergleichen aufgestellt zu werden.<\/p>\n<p><strong>Dieses Bild kann auch in unserem Fall angesehen werden.<\/strong><strong>\u00a0<\/strong><\/p>\n<ul>\n<li>Gr\u00f6\u00dfe: 53x19x20cm hoch<\/li>\n<li>Material: Polyesterfaserstein<\/li>\n<li>Farbe: Grau<\/li>\n<li>Eigener Bestand<\/li>\n<li>3 Jahre Garantie ohne \u00e4u\u00dfere Sch\u00e4den<\/li>\n<li>UV-best\u00e4ndig<\/li>\n<li>Schnell geliefert<\/li>\n<li>In einer stabilen Box verpackt<\/li>\n<\/ul>\n","protected":false},"excerpt":{"rendered":"<p>Bringen Sie pure Sch\u00f6nheit in Ihr Haus oder Ihren Garten mit dieser modern gestalteten Yoga-Statue in Grau. Diese Statue eines Yogapraktikers besteht aus dem sehr starken grauen Faserstein, der bis ins kleinste Detail wundersch\u00f6n verarbeitet ist und von h\u00f6chster Qualit\u00e4t ist. Fiberstone besteht aus gemahlenem Naturstein, der mit Polyester-Epoxidharz gemischt und mit Glasfasermatten verst\u00e4rkt ist. &hellip;<\/p>\n","protected":false},"featured_media":23335,"template":"","meta":{"_acf_changed":false},"product_brand":[],"product_cat":[612,1376],"product_tag":[],"class_list":{"0":"post-23344","1":"product","2":"type-product","3":"status-publish","4":"has-post-thumbnail","6":"product_cat-bilder","7":"product_cat-polystone-bilder","9":"first","10":"instock","11":"taxable","12":"shipping-taxable","13":"purchasable","14":"product-type-simple"},"acf":[],"yoast_head":"<!-- This site is optimized with the Yoast SEO plugin v23.8 - https:\/\/yoast.com\/wordpress\/plugins\/seo\/ -->\n<title>Fliegender Mann grau matt 53cm - Eliassen<\/title>\n<meta name=\"description\" content=\"Auf der Suche nach einem Bild? Jetzt bestellen Flying man grey matt 53cm. Auf unserer Website k\u00f6nnen Sie ganz einfach eine Steinstatue kaufen. \u2713 Gro\u00dfe Auswah...\" \/>\n<meta name=\"robots\" content=\"noindex, follow, max-snippet:-1, max-image-preview:large, max-video-preview:-1\" \/>\n<meta property=\"og:locale\" content=\"de_DE\" \/>\n<meta property=\"og:type\" content=\"article\" \/>\n<meta property=\"og:title\" content=\"Fliegender Mann grau matt 53cm - Eliassen\" \/>\n<meta property=\"og:description\" content=\"Auf der Suche nach einem Bild? Jetzt bestellen Flying man grey matt 53cm. Auf unserer Website k\u00f6nnen Sie ganz einfach eine Steinstatue kaufen. \u2713 Gro\u00dfe Auswah...\" \/>\n<meta property=\"og:url\" content=\"https:\/\/dev.eliassen.nl\/de\/product\/fliegender-mann-grau-matt-53cm\/\" \/>\n<meta property=\"og:site_name\" content=\"Eliassen.nl\" \/>\n<meta property=\"article:publisher\" content=\"https:\/\/www.facebook.com\/TuincentrumEliassenAmmerzoden\" \/>\n<meta property=\"article:modified_time\" content=\"2022-12-09T15:30:13+00:00\" \/>\n<meta property=\"og:image\" content=\"https:\/\/dev.eliassen.nl\/wp-content\/uploads\/2024\/01\/eliassenflyingmangrijsmat53cm.jpg\" \/>\n\t<meta property=\"og:image:width\" content=\"1380\" \/>\n\t<meta property=\"og:image:height\" content=\"587\" \/>\n\t<meta property=\"og:image:type\" content=\"image\/jpeg\" \/>\n<meta name=\"twitter:card\" content=\"summary_large_image\" \/>\n<script type=\"application\/ld+json\" class=\"yoast-schema-graph\">{\"@context\":\"https:\/\/schema.org\",\"@graph\":[{\"@type\":\"WebPage\",\"@id\":\"https:\/\/dev.eliassen.nl\/de\/product\/fliegender-mann-grau-matt-53cm\/\",\"url\":\"https:\/\/dev.eliassen.nl\/de\/product\/fliegender-mann-grau-matt-53cm\/\",\"name\":\"Fliegender Mann grau matt 53cm - Eliassen\",\"isPartOf\":{\"@id\":\"https:\/\/dev.eliassen.nl\/de\/#website\"},\"primaryImageOfPage\":{\"@id\":\"https:\/\/dev.eliassen.nl\/de\/product\/fliegender-mann-grau-matt-53cm\/#primaryimage\"},\"image\":{\"@id\":\"https:\/\/dev.eliassen.nl\/de\/product\/fliegender-mann-grau-matt-53cm\/#primaryimage\"},\"thumbnailUrl\":\"https:\/\/dev.eliassen.nl\/wp-content\/uploads\/2024\/01\/eliassenflyingmangrijsmat53cm.jpg\",\"datePublished\":\"2020-04-07T17:03:40+00:00\",\"dateModified\":\"2022-12-09T15:30:13+00:00\",\"description\":\"Auf der Suche nach einem Bild? Jetzt bestellen Flying man grey matt 53cm. Auf unserer Website k\u00f6nnen Sie ganz einfach eine Steinstatue kaufen. \u2713 Gro\u00dfe Auswah...\",\"breadcrumb\":{\"@id\":\"https:\/\/dev.eliassen.nl\/de\/product\/fliegender-mann-grau-matt-53cm\/#breadcrumb\"},\"inLanguage\":\"de\",\"potentialAction\":[{\"@type\":\"ReadAction\",\"target\":[\"https:\/\/dev.eliassen.nl\/de\/product\/fliegender-mann-grau-matt-53cm\/\"]}]},{\"@type\":\"ImageObject\",\"inLanguage\":\"de\",\"@id\":\"https:\/\/dev.eliassen.nl\/de\/product\/fliegender-mann-grau-matt-53cm\/#primaryimage\",\"url\":\"https:\/\/dev.eliassen.nl\/wp-content\/uploads\/2024\/01\/eliassenflyingmangrijsmat53cm.jpg\",\"contentUrl\":\"https:\/\/dev.eliassen.nl\/wp-content\/uploads\/2024\/01\/eliassenflyingmangrijsmat53cm.jpg\",\"width\":1380,\"height\":587,\"caption\":\"Eliassen Flying man grijs mat 53cm\"},{\"@type\":\"BreadcrumbList\",\"@id\":\"https:\/\/dev.eliassen.nl\/de\/product\/fliegender-mann-grau-matt-53cm\/#breadcrumb\",\"itemListElement\":[{\"@type\":\"ListItem\",\"position\":1,\"name\":\"Home\",\"item\":\"https:\/\/dev.eliassen.nl\/de\/\"},{\"@type\":\"ListItem\",\"position\":2,\"name\":\"Shop\",\"item\":\"https:\/\/dev.eliassen.nl\/nl\/winkel\/\"},{\"@type\":\"ListItem\",\"position\":3,\"name\":\"Statuen-Skulpturen\",\"item\":\"https:\/\/dev.eliassen.nl\/de\/statuen-skulpturen\/\"},{\"@type\":\"ListItem\",\"position\":4,\"name\":\"Polystone-Bilder\",\"item\":\"https:\/\/dev.eliassen.nl\/de\/bilder\/polystone-bilder\/\"},{\"@type\":\"ListItem\",\"position\":5,\"name\":\"Fliegender Mann grau matt 53cm\"}]},{\"@type\":\"WebSite\",\"@id\":\"https:\/\/dev.eliassen.nl\/de\/#website\",\"url\":\"https:\/\/dev.eliassen.nl\/de\/\",\"name\":\"Eliassen Home & Garden Pleasure\",\"description\":\"\",\"publisher\":{\"@id\":\"https:\/\/dev.eliassen.nl\/de\/#organization\"},\"alternateName\":\"Eliassen.nl\",\"potentialAction\":[{\"@type\":\"SearchAction\",\"target\":{\"@type\":\"EntryPoint\",\"urlTemplate\":\"https:\/\/dev.eliassen.nl\/de\/?s={search_term_string}\"},\"query-input\":{\"@type\":\"PropertyValueSpecification\",\"valueRequired\":true,\"valueName\":\"search_term_string\"}}],\"inLanguage\":\"de\"},{\"@type\":\"Organization\",\"@id\":\"https:\/\/dev.eliassen.nl\/de\/#organization\",\"name\":\"Eliassen Home & Garden Pleasure\",\"url\":\"https:\/\/dev.eliassen.nl\/de\/\",\"logo\":{\"@type\":\"ImageObject\",\"inLanguage\":\"de\",\"@id\":\"https:\/\/dev.eliassen.nl\/de\/#\/schema\/logo\/image\/\",\"url\":\"https:\/\/www.eliassen.nl\/wp-content\/uploads\/2024\/01\/logo_4nd.jpg\",\"contentUrl\":\"https:\/\/www.eliassen.nl\/wp-content\/uploads\/2024\/01\/logo_4nd.jpg\",\"width\":500,\"height\":500,\"caption\":\"Eliassen Home & Garden Pleasure\"},\"image\":{\"@id\":\"https:\/\/dev.eliassen.nl\/de\/#\/schema\/logo\/image\/\"},\"sameAs\":[\"https:\/\/www.facebook.com\/TuincentrumEliassenAmmerzoden\",\"https:\/\/www.instagram.com\/eliassenhomeandgarden\/\",\"https:\/\/nl.pinterest.com\/eliassenhomeandgarden\/\",\"https:\/\/www.youtube.com\/@eliassenhomegardenpleasure4558\"]}]}<\/script>\n<!-- \/ Yoast SEO plugin. -->","yoast_head_json":{"title":"Fliegender Mann grau matt 53cm - Eliassen","description":"Auf der Suche nach einem Bild? Jetzt bestellen Flying man grey matt 53cm. Auf unserer Website k\u00f6nnen Sie ganz einfach eine Steinstatue kaufen. \u2713 Gro\u00dfe Auswah...","robots":{"index":"noindex","follow":"follow","max-snippet":"max-snippet:-1","max-image-preview":"max-image-preview:large","max-video-preview":"max-video-preview:-1"},"og_locale":"de_DE","og_type":"article","og_title":"Fliegender Mann grau matt 53cm - Eliassen","og_description":"Auf der Suche nach einem Bild? Jetzt bestellen Flying man grey matt 53cm. Auf unserer Website k\u00f6nnen Sie ganz einfach eine Steinstatue kaufen. \u2713 Gro\u00dfe Auswah...","og_url":"https:\/\/dev.eliassen.nl\/de\/product\/fliegender-mann-grau-matt-53cm\/","og_site_name":"Eliassen.nl","article_publisher":"https:\/\/www.facebook.com\/TuincentrumEliassenAmmerzoden","article_modified_time":"2022-12-09T15:30:13+00:00","og_image":[{"width":1380,"height":587,"url":"https:\/\/dev.eliassen.nl\/wp-content\/uploads\/2024\/01\/eliassenflyingmangrijsmat53cm.jpg","type":"image\/jpeg"}],"twitter_card":"summary_large_image","schema":{"@context":"https:\/\/schema.org","@graph":[{"@type":"WebPage","@id":"https:\/\/dev.eliassen.nl\/de\/product\/fliegender-mann-grau-matt-53cm\/","url":"https:\/\/dev.eliassen.nl\/de\/product\/fliegender-mann-grau-matt-53cm\/","name":"Fliegender Mann grau matt 53cm - Eliassen","isPartOf":{"@id":"https:\/\/dev.eliassen.nl\/de\/#website"},"primaryImageOfPage":{"@id":"https:\/\/dev.eliassen.nl\/de\/product\/fliegender-mann-grau-matt-53cm\/#primaryimage"},"image":{"@id":"https:\/\/dev.eliassen.nl\/de\/product\/fliegender-mann-grau-matt-53cm\/#primaryimage"},"thumbnailUrl":"https:\/\/dev.eliassen.nl\/wp-content\/uploads\/2024\/01\/eliassenflyingmangrijsmat53cm.jpg","datePublished":"2020-04-07T17:03:40+00:00","dateModified":"2022-12-09T15:30:13+00:00","description":"Auf der Suche nach einem Bild? Jetzt bestellen Flying man grey matt 53cm. Auf unserer Website k\u00f6nnen Sie ganz einfach eine Steinstatue kaufen. \u2713 Gro\u00dfe Auswah...","breadcrumb":{"@id":"https:\/\/dev.eliassen.nl\/de\/product\/fliegender-mann-grau-matt-53cm\/#breadcrumb"},"inLanguage":"de","potentialAction":[{"@type":"ReadAction","target":["https:\/\/dev.eliassen.nl\/de\/product\/fliegender-mann-grau-matt-53cm\/"]}]},{"@type":"ImageObject","inLanguage":"de","@id":"https:\/\/dev.eliassen.nl\/de\/product\/fliegender-mann-grau-matt-53cm\/#primaryimage","url":"https:\/\/dev.eliassen.nl\/wp-content\/uploads\/2024\/01\/eliassenflyingmangrijsmat53cm.jpg","contentUrl":"https:\/\/dev.eliassen.nl\/wp-content\/uploads\/2024\/01\/eliassenflyingmangrijsmat53cm.jpg","width":1380,"height":587,"caption":"Eliassen Flying man grijs mat 53cm"},{"@type":"BreadcrumbList","@id":"https:\/\/dev.eliassen.nl\/de\/product\/fliegender-mann-grau-matt-53cm\/#breadcrumb","itemListElement":[{"@type":"ListItem","position":1,"name":"Home","item":"https:\/\/dev.eliassen.nl\/de\/"},{"@type":"ListItem","position":2,"name":"Shop","item":"https:\/\/dev.eliassen.nl\/nl\/winkel\/"},{"@type":"ListItem","position":3,"name":"Statuen-Skulpturen","item":"https:\/\/dev.eliassen.nl\/de\/statuen-skulpturen\/"},{"@type":"ListItem","position":4,"name":"Polystone-Bilder","item":"https:\/\/dev.eliassen.nl\/de\/bilder\/polystone-bilder\/"},{"@type":"ListItem","position":5,"name":"Fliegender Mann grau matt 53cm"}]},{"@type":"WebSite","@id":"https:\/\/dev.eliassen.nl\/de\/#website","url":"https:\/\/dev.eliassen.nl\/de\/","name":"Eliassen Home & Garden Pleasure","description":"","publisher":{"@id":"https:\/\/dev.eliassen.nl\/de\/#organization"},"alternateName":"Eliassen.nl","potentialAction":[{"@type":"SearchAction","target":{"@type":"EntryPoint","urlTemplate":"https:\/\/dev.eliassen.nl\/de\/?s={search_term_string}"},"query-input":{"@type":"PropertyValueSpecification","valueRequired":true,"valueName":"search_term_string"}}],"inLanguage":"de"},{"@type":"Organization","@id":"https:\/\/dev.eliassen.nl\/de\/#organization","name":"Eliassen Home & Garden Pleasure","url":"https:\/\/dev.eliassen.nl\/de\/","logo":{"@type":"ImageObject","inLanguage":"de","@id":"https:\/\/dev.eliassen.nl\/de\/#\/schema\/logo\/image\/","url":"https:\/\/www.eliassen.nl\/wp-content\/uploads\/2024\/01\/logo_4nd.jpg","contentUrl":"https:\/\/www.eliassen.nl\/wp-content\/uploads\/2024\/01\/logo_4nd.jpg","width":500,"height":500,"caption":"Eliassen Home & Garden Pleasure"},"image":{"@id":"https:\/\/dev.eliassen.nl\/de\/#\/schema\/logo\/image\/"},"sameAs":["https:\/\/www.facebook.com\/TuincentrumEliassenAmmerzoden","https:\/\/www.instagram.com\/eliassenhomeandgarden\/","https:\/\/nl.pinterest.com\/eliassenhomeandgarden\/","https:\/\/www.youtube.com\/@eliassenhomegardenpleasure4558"]}]}},"df_price":37.5,"df_sale_price":"","df_regular_price":37.5,"df_image_link":"https:\/\/dev.eliassen.nl\/wp-content\/uploads\/2024\/01\/eliassenflyingmangrijsmat53cm.jpg","image":"https:\/\/dev.eliassen.nl\/wp-content\/uploads\/2024\/01\/eliassenflyingmangrijsmat53cm.jpg","price_search":"<span class=\"woocommerce-Price-amount amount\"><bdi><span class=\"woocommerce-Price-currencySymbol\">&euro;<\/span>&nbsp;37,50<\/bdi><\/span>","category":"Bilder","_links":{"self":[{"href":"https:\/\/dev.eliassen.nl\/de\/wp-json\/wp\/v2\/product\/23344","targetHints":{"allow":["GET"]}}],"collection":[{"href":"https:\/\/dev.eliassen.nl\/de\/wp-json\/wp\/v2\/product"}],"about":[{"href":"https:\/\/dev.eliassen.nl\/de\/wp-json\/wp\/v2\/types\/product"}],"wp:featuredmedia":[{"embeddable":true,"href":"https:\/\/dev.eliassen.nl\/de\/wp-json\/wp\/v2\/media\/23335"}],"wp:attachment":[{"href":"https:\/\/dev.eliassen.nl\/de\/wp-json\/wp\/v2\/media?parent=23344"}],"wp:term":[{"taxonomy":"product_brand","embeddable":true,"href":"https:\/\/dev.eliassen.nl\/de\/wp-json\/wp\/v2\/product_brand?post=23344"},{"taxonomy":"product_cat","embeddable":true,"href":"https:\/\/dev.eliassen.nl\/de\/wp-json\/wp\/v2\/product_cat?post=23344"},{"taxonomy":"product_tag","embeddable":true,"href":"https:\/\/dev.eliassen.nl\/de\/wp-json\/wp\/v2\/product_tag?post=23344"}],"curies":[{"name":"wp","href":"https:\/\/api.w.org\/{rel}","templated":true}]}}