{"id":23395,"date":"2020-04-08T14:21:02","date_gmt":"2020-04-08T12:21:02","guid":{"rendered":"https:\/\/www.eliassen.nl\/?product=siervaas-rood-hoogglans"},"modified":"2024-12-05T15:37:53","modified_gmt":"2024-12-05T14:37:53","slug":"dekovase-rot-hochglanz-63cm","status":"publish","type":"product","link":"https:\/\/dev.eliassen.nl\/de\/product\/dekovase-rot-hochglanz-63cm\/","title":{"rendered":"Dekovase rot Hochglanz 63cm"},"content":{"rendered":"<p>Wundersch\u00f6ne Dekovase aus Polystone. Diese dekorative Flasche wird ein sch\u00f6nes Dekorationsst\u00fcck in Ihrem Interieur oder in Ihrem Unternehmen sein. Diese sehr gro\u00dfe Vase in hochgl\u00e4nzendem Rot l\u00e4sst sich aufgrund ihrer zeitlosen Optik mit nahezu jedem Interieur kombinieren. Polystone ist ein Material aus Steingrie\u00df\/-pulver, gemischt mit einem Kunstharz. Diese Mischung, kombiniert mit Glasfasermatten, ist ein sehr starkes Material, das f\u00fcr den Innen- und Au\u00dfenbereich geeignet ist.<\/p>\n<p><strong>Fast alle Produkte dieser Serie k\u00f6nnen Sie auch in unserem Shop besichtigen!<\/strong><\/p>\n<ul>\n<li>Gr\u00f6\u00dfe: 13x63cm<\/li>\n<li>Farbe: Rot Hochglanz<\/li>\n<li>Ausgestattet mit Filzgleitern auf der Unterseite<\/li>\n<li>Sehr stark<\/li>\n<li>Lieferung aus eigenem Lager.<\/li>\n<\/ul>\n","protected":false},"excerpt":{"rendered":"<p>13x63cm<\/p>\n","protected":false},"featured_media":23392,"template":"","meta":{"_acf_changed":false},"product_brand":[],"product_cat":[722,725],"product_tag":[],"class_list":{"0":"post-23395","1":"product","2":"type-product","3":"status-publish","4":"has-post-thumbnail","6":"product_cat-blumentoepfe-und-pflanzgefaesse","7":"product_cat-vasen-und-toepfe-im-modernen-design","9":"first","10":"instock","11":"taxable","12":"shipping-taxable","13":"purchasable","14":"product-type-simple"},"acf":[],"yoast_head":"<!-- This site is optimized with the Yoast SEO plugin v23.8 - https:\/\/yoast.com\/wordpress\/plugins\/seo\/ -->\n<title>Dekovase rot Hochglanz - Eliassen<\/title>\n<meta name=\"description\" content=\"Auf der Suche nach einer Vase? Jetzt bestellen Dekovase rot Hochglanz. Auf unserer Website k\u00f6nnen Sie ganz einfach einen Blumentopf kaufen. \u2713 Gro\u00dfe Auswahl \u2713...\" \/>\n<meta name=\"robots\" content=\"noindex, follow, max-snippet:-1, max-image-preview:large, max-video-preview:-1\" \/>\n<meta property=\"og:locale\" content=\"de_DE\" \/>\n<meta property=\"og:type\" content=\"article\" \/>\n<meta property=\"og:title\" content=\"Dekovase rot Hochglanz - Eliassen\" \/>\n<meta property=\"og:description\" content=\"Auf der Suche nach einer Vase? Jetzt bestellen Dekovase rot Hochglanz. Auf unserer Website k\u00f6nnen Sie ganz einfach einen Blumentopf kaufen. \u2713 Gro\u00dfe Auswahl \u2713...\" \/>\n<meta property=\"og:url\" content=\"https:\/\/dev.eliassen.nl\/de\/product\/dekovase-rot-hochglanz-63cm\/\" \/>\n<meta property=\"og:site_name\" content=\"Eliassen.nl\" \/>\n<meta property=\"article:publisher\" content=\"https:\/\/www.facebook.com\/TuincentrumEliassenAmmerzoden\" \/>\n<meta property=\"article:modified_time\" content=\"2024-12-05T14:37:53+00:00\" \/>\n<meta property=\"og:image\" content=\"https:\/\/dev.eliassen.nl\/wp-content\/uploads\/2024\/01\/eliassensiervaasroodhoogglans.jpg\" \/>\n\t<meta property=\"og:image:width\" content=\"957\" \/>\n\t<meta property=\"og:image:height\" content=\"1323\" \/>\n\t<meta property=\"og:image:type\" content=\"image\/jpeg\" \/>\n<meta name=\"twitter:card\" content=\"summary_large_image\" \/>\n<script type=\"application\/ld+json\" class=\"yoast-schema-graph\">{\"@context\":\"https:\/\/schema.org\",\"@graph\":[{\"@type\":\"WebPage\",\"@id\":\"https:\/\/dev.eliassen.nl\/de\/product\/dekovase-rot-hochglanz-63cm\/\",\"url\":\"https:\/\/dev.eliassen.nl\/de\/product\/dekovase-rot-hochglanz-63cm\/\",\"name\":\"Dekovase rot Hochglanz - Eliassen\",\"isPartOf\":{\"@id\":\"https:\/\/dev.eliassen.nl\/de\/#website\"},\"primaryImageOfPage\":{\"@id\":\"https:\/\/dev.eliassen.nl\/de\/product\/dekovase-rot-hochglanz-63cm\/#primaryimage\"},\"image\":{\"@id\":\"https:\/\/dev.eliassen.nl\/de\/product\/dekovase-rot-hochglanz-63cm\/#primaryimage\"},\"thumbnailUrl\":\"https:\/\/dev.eliassen.nl\/wp-content\/uploads\/2024\/01\/eliassensiervaasroodhoogglans.jpg\",\"datePublished\":\"2020-04-08T12:21:02+00:00\",\"dateModified\":\"2024-12-05T14:37:53+00:00\",\"description\":\"Auf der Suche nach einer Vase? Jetzt bestellen Dekovase rot Hochglanz. Auf unserer Website k\u00f6nnen Sie ganz einfach einen Blumentopf kaufen. \u2713 Gro\u00dfe Auswahl \u2713...\",\"breadcrumb\":{\"@id\":\"https:\/\/dev.eliassen.nl\/de\/product\/dekovase-rot-hochglanz-63cm\/#breadcrumb\"},\"inLanguage\":\"de\",\"potentialAction\":[{\"@type\":\"ReadAction\",\"target\":[\"https:\/\/dev.eliassen.nl\/de\/product\/dekovase-rot-hochglanz-63cm\/\"]}]},{\"@type\":\"ImageObject\",\"inLanguage\":\"de\",\"@id\":\"https:\/\/dev.eliassen.nl\/de\/product\/dekovase-rot-hochglanz-63cm\/#primaryimage\",\"url\":\"https:\/\/dev.eliassen.nl\/wp-content\/uploads\/2024\/01\/eliassensiervaasroodhoogglans.jpg\",\"contentUrl\":\"https:\/\/dev.eliassen.nl\/wp-content\/uploads\/2024\/01\/eliassensiervaasroodhoogglans.jpg\",\"width\":957,\"height\":1323,\"caption\":\"Eliassen Siervaas rood hoogglans\"},{\"@type\":\"BreadcrumbList\",\"@id\":\"https:\/\/dev.eliassen.nl\/de\/product\/dekovase-rot-hochglanz-63cm\/#breadcrumb\",\"itemListElement\":[{\"@type\":\"ListItem\",\"position\":1,\"name\":\"Home\",\"item\":\"https:\/\/dev.eliassen.nl\/de\/\"},{\"@type\":\"ListItem\",\"position\":2,\"name\":\"Shop\",\"item\":\"https:\/\/dev.eliassen.nl\/nl\/winkel\/\"},{\"@type\":\"ListItem\",\"position\":3,\"name\":\"Blument\u00f6pfe und Pflanzgef\u00e4\u00dfe\",\"item\":\"https:\/\/dev.eliassen.nl\/de\/blumentoepfe-und-pflanzgefaesse\/\"},{\"@type\":\"ListItem\",\"position\":4,\"name\":\"Vasen und T\u00f6pfe im modernen Design\",\"item\":\"https:\/\/dev.eliassen.nl\/de\/blumentoepfe-und-pflanzgefaesse\/vasen-und-toepfe-im-modernen-design\/\"},{\"@type\":\"ListItem\",\"position\":5,\"name\":\"Dekovase rot Hochglanz 63cm\"}]},{\"@type\":\"WebSite\",\"@id\":\"https:\/\/dev.eliassen.nl\/de\/#website\",\"url\":\"https:\/\/dev.eliassen.nl\/de\/\",\"name\":\"Eliassen Home & Garden Pleasure\",\"description\":\"\",\"publisher\":{\"@id\":\"https:\/\/dev.eliassen.nl\/de\/#organization\"},\"alternateName\":\"Eliassen.nl\",\"potentialAction\":[{\"@type\":\"SearchAction\",\"target\":{\"@type\":\"EntryPoint\",\"urlTemplate\":\"https:\/\/dev.eliassen.nl\/de\/?s={search_term_string}\"},\"query-input\":{\"@type\":\"PropertyValueSpecification\",\"valueRequired\":true,\"valueName\":\"search_term_string\"}}],\"inLanguage\":\"de\"},{\"@type\":\"Organization\",\"@id\":\"https:\/\/dev.eliassen.nl\/de\/#organization\",\"name\":\"Eliassen Home & Garden Pleasure\",\"url\":\"https:\/\/dev.eliassen.nl\/de\/\",\"logo\":{\"@type\":\"ImageObject\",\"inLanguage\":\"de\",\"@id\":\"https:\/\/dev.eliassen.nl\/de\/#\/schema\/logo\/image\/\",\"url\":\"https:\/\/www.eliassen.nl\/wp-content\/uploads\/2024\/01\/logo_4nd.jpg\",\"contentUrl\":\"https:\/\/www.eliassen.nl\/wp-content\/uploads\/2024\/01\/logo_4nd.jpg\",\"width\":500,\"height\":500,\"caption\":\"Eliassen Home & Garden Pleasure\"},\"image\":{\"@id\":\"https:\/\/dev.eliassen.nl\/de\/#\/schema\/logo\/image\/\"},\"sameAs\":[\"https:\/\/www.facebook.com\/TuincentrumEliassenAmmerzoden\",\"https:\/\/www.instagram.com\/eliassenhomeandgarden\/\",\"https:\/\/nl.pinterest.com\/eliassenhomeandgarden\/\",\"https:\/\/www.youtube.com\/@eliassenhomegardenpleasure4558\"]}]}<\/script>\n<!-- \/ Yoast SEO plugin. -->","yoast_head_json":{"title":"Dekovase rot Hochglanz - Eliassen","description":"Auf der Suche nach einer Vase? Jetzt bestellen Dekovase rot Hochglanz. Auf unserer Website k\u00f6nnen Sie ganz einfach einen Blumentopf kaufen. \u2713 Gro\u00dfe Auswahl \u2713...","robots":{"index":"noindex","follow":"follow","max-snippet":"max-snippet:-1","max-image-preview":"max-image-preview:large","max-video-preview":"max-video-preview:-1"},"og_locale":"de_DE","og_type":"article","og_title":"Dekovase rot Hochglanz - Eliassen","og_description":"Auf der Suche nach einer Vase? Jetzt bestellen Dekovase rot Hochglanz. Auf unserer Website k\u00f6nnen Sie ganz einfach einen Blumentopf kaufen. \u2713 Gro\u00dfe Auswahl \u2713...","og_url":"https:\/\/dev.eliassen.nl\/de\/product\/dekovase-rot-hochglanz-63cm\/","og_site_name":"Eliassen.nl","article_publisher":"https:\/\/www.facebook.com\/TuincentrumEliassenAmmerzoden","article_modified_time":"2024-12-05T14:37:53+00:00","og_image":[{"width":957,"height":1323,"url":"https:\/\/dev.eliassen.nl\/wp-content\/uploads\/2024\/01\/eliassensiervaasroodhoogglans.jpg","type":"image\/jpeg"}],"twitter_card":"summary_large_image","schema":{"@context":"https:\/\/schema.org","@graph":[{"@type":"WebPage","@id":"https:\/\/dev.eliassen.nl\/de\/product\/dekovase-rot-hochglanz-63cm\/","url":"https:\/\/dev.eliassen.nl\/de\/product\/dekovase-rot-hochglanz-63cm\/","name":"Dekovase rot Hochglanz - Eliassen","isPartOf":{"@id":"https:\/\/dev.eliassen.nl\/de\/#website"},"primaryImageOfPage":{"@id":"https:\/\/dev.eliassen.nl\/de\/product\/dekovase-rot-hochglanz-63cm\/#primaryimage"},"image":{"@id":"https:\/\/dev.eliassen.nl\/de\/product\/dekovase-rot-hochglanz-63cm\/#primaryimage"},"thumbnailUrl":"https:\/\/dev.eliassen.nl\/wp-content\/uploads\/2024\/01\/eliassensiervaasroodhoogglans.jpg","datePublished":"2020-04-08T12:21:02+00:00","dateModified":"2024-12-05T14:37:53+00:00","description":"Auf der Suche nach einer Vase? Jetzt bestellen Dekovase rot Hochglanz. Auf unserer Website k\u00f6nnen Sie ganz einfach einen Blumentopf kaufen. \u2713 Gro\u00dfe Auswahl \u2713...","breadcrumb":{"@id":"https:\/\/dev.eliassen.nl\/de\/product\/dekovase-rot-hochglanz-63cm\/#breadcrumb"},"inLanguage":"de","potentialAction":[{"@type":"ReadAction","target":["https:\/\/dev.eliassen.nl\/de\/product\/dekovase-rot-hochglanz-63cm\/"]}]},{"@type":"ImageObject","inLanguage":"de","@id":"https:\/\/dev.eliassen.nl\/de\/product\/dekovase-rot-hochglanz-63cm\/#primaryimage","url":"https:\/\/dev.eliassen.nl\/wp-content\/uploads\/2024\/01\/eliassensiervaasroodhoogglans.jpg","contentUrl":"https:\/\/dev.eliassen.nl\/wp-content\/uploads\/2024\/01\/eliassensiervaasroodhoogglans.jpg","width":957,"height":1323,"caption":"Eliassen Siervaas rood hoogglans"},{"@type":"BreadcrumbList","@id":"https:\/\/dev.eliassen.nl\/de\/product\/dekovase-rot-hochglanz-63cm\/#breadcrumb","itemListElement":[{"@type":"ListItem","position":1,"name":"Home","item":"https:\/\/dev.eliassen.nl\/de\/"},{"@type":"ListItem","position":2,"name":"Shop","item":"https:\/\/dev.eliassen.nl\/nl\/winkel\/"},{"@type":"ListItem","position":3,"name":"Blument\u00f6pfe und Pflanzgef\u00e4\u00dfe","item":"https:\/\/dev.eliassen.nl\/de\/blumentoepfe-und-pflanzgefaesse\/"},{"@type":"ListItem","position":4,"name":"Vasen und T\u00f6pfe im modernen Design","item":"https:\/\/dev.eliassen.nl\/de\/blumentoepfe-und-pflanzgefaesse\/vasen-und-toepfe-im-modernen-design\/"},{"@type":"ListItem","position":5,"name":"Dekovase rot Hochglanz 63cm"}]},{"@type":"WebSite","@id":"https:\/\/dev.eliassen.nl\/de\/#website","url":"https:\/\/dev.eliassen.nl\/de\/","name":"Eliassen Home & Garden Pleasure","description":"","publisher":{"@id":"https:\/\/dev.eliassen.nl\/de\/#organization"},"alternateName":"Eliassen.nl","potentialAction":[{"@type":"SearchAction","target":{"@type":"EntryPoint","urlTemplate":"https:\/\/dev.eliassen.nl\/de\/?s={search_term_string}"},"query-input":{"@type":"PropertyValueSpecification","valueRequired":true,"valueName":"search_term_string"}}],"inLanguage":"de"},{"@type":"Organization","@id":"https:\/\/dev.eliassen.nl\/de\/#organization","name":"Eliassen Home & Garden Pleasure","url":"https:\/\/dev.eliassen.nl\/de\/","logo":{"@type":"ImageObject","inLanguage":"de","@id":"https:\/\/dev.eliassen.nl\/de\/#\/schema\/logo\/image\/","url":"https:\/\/www.eliassen.nl\/wp-content\/uploads\/2024\/01\/logo_4nd.jpg","contentUrl":"https:\/\/www.eliassen.nl\/wp-content\/uploads\/2024\/01\/logo_4nd.jpg","width":500,"height":500,"caption":"Eliassen Home & Garden Pleasure"},"image":{"@id":"https:\/\/dev.eliassen.nl\/de\/#\/schema\/logo\/image\/"},"sameAs":["https:\/\/www.facebook.com\/TuincentrumEliassenAmmerzoden","https:\/\/www.instagram.com\/eliassenhomeandgarden\/","https:\/\/nl.pinterest.com\/eliassenhomeandgarden\/","https:\/\/www.youtube.com\/@eliassenhomegardenpleasure4558"]}]}},"df_price":44.95,"df_sale_price":"","df_regular_price":44.95,"df_image_link":"https:\/\/dev.eliassen.nl\/wp-content\/uploads\/2024\/01\/eliassensiervaasroodhoogglans.jpg","image":"https:\/\/dev.eliassen.nl\/wp-content\/uploads\/2024\/01\/eliassensiervaasroodhoogglans.jpg","price_search":"<span class=\"woocommerce-Price-amount amount\"><bdi><span class=\"woocommerce-Price-currencySymbol\">&euro;<\/span>&nbsp;44,95<\/bdi><\/span>","category":"Blument\u00f6pfe und Pflanzgef\u00e4\u00dfe","_links":{"self":[{"href":"https:\/\/dev.eliassen.nl\/de\/wp-json\/wp\/v2\/product\/23395","targetHints":{"allow":["GET"]}}],"collection":[{"href":"https:\/\/dev.eliassen.nl\/de\/wp-json\/wp\/v2\/product"}],"about":[{"href":"https:\/\/dev.eliassen.nl\/de\/wp-json\/wp\/v2\/types\/product"}],"wp:featuredmedia":[{"embeddable":true,"href":"https:\/\/dev.eliassen.nl\/de\/wp-json\/wp\/v2\/media\/23392"}],"wp:attachment":[{"href":"https:\/\/dev.eliassen.nl\/de\/wp-json\/wp\/v2\/media?parent=23395"}],"wp:term":[{"taxonomy":"product_brand","embeddable":true,"href":"https:\/\/dev.eliassen.nl\/de\/wp-json\/wp\/v2\/product_brand?post=23395"},{"taxonomy":"product_cat","embeddable":true,"href":"https:\/\/dev.eliassen.nl\/de\/wp-json\/wp\/v2\/product_cat?post=23395"},{"taxonomy":"product_tag","embeddable":true,"href":"https:\/\/dev.eliassen.nl\/de\/wp-json\/wp\/v2\/product_tag?post=23395"}],"curies":[{"name":"wp","href":"https:\/\/api.w.org\/{rel}","templated":true}]}}