{"id":23428,"date":"2020-04-08T15:49:39","date_gmt":"2020-04-08T13:49:39","guid":{"rendered":"https:\/\/www.eliassen.nl\/?product=siervaas-slank-wit-hoogglans-108470949"},"modified":"2024-12-05T15:38:00","modified_gmt":"2024-12-05T14:38:00","slug":"dekorative-vase-schlank-silbergrau-hochglanz-72cm","status":"publish","type":"product","link":"https:\/\/dev.eliassen.nl\/de\/product\/dekorative-vase-schlank-silbergrau-hochglanz-72cm\/","title":{"rendered":"Dekorative Vase schlank silbergrau Hochglanz 72cm"},"content":{"rendered":"<p>Sch\u00f6ne dekorative Vase aus Polystone. Diese dekorative Flasche wird ein sch\u00f6nes Dekorationsst\u00fcck in Ihrem Interieur oder in Ihrer Firma sein. Diese sehr gro\u00dfe Vase in hochgl\u00e4nzendem Silbergrau kann aufgrund ihres zeitlosen Aussehens in fast jedem Innenraum kombiniert werden. Polystone ist ein Material aus Steinkorn \/ Pulver, gemischt mit einem Kunstharz. Diese Mischung ist in Kombination mit Glasfasermatten ein sehr starkes Material, das f\u00fcr den Innen- und Au\u00dfenbereich geeignet ist.<\/p>\n<p><strong>Fast alle Produkte dieser Serie k\u00f6nnen auch in unserem Shop angesehen werden!<\/strong><\/p>\n<ul>\n<li>Gr\u00f6\u00dfe: 14x72cm<\/li>\n<li>Farbe: Silbergrau Hochglanz<\/li>\n<li>Ausgestattet mit Filzunterlagen an der Unterseite<\/li>\n<li>Sehr stark<\/li>\n<li>Lieferung ab Lager.<\/li>\n<\/ul>\n","protected":false},"excerpt":{"rendered":"<p>Sch\u00f6ne dekorative Vase aus Polystone. Diese dekorative Flasche wird ein sch\u00f6nes Dekorationsst\u00fcck in Ihrem Interieur oder in Ihrer Firma sein. Diese sehr gro\u00dfe Vase in hochgl\u00e4nzendem Silbergrau kann aufgrund ihres zeitlosen Aussehens in fast jedem Innenraum kombiniert werden. Polystone ist ein Material aus Steinkorn \/ Pulver, gemischt mit einem Kunstharz. Diese Mischung ist in Kombination &hellip;<\/p>\n","protected":false},"featured_media":23425,"template":"","meta":{"_acf_changed":false},"product_brand":[],"product_cat":[722,725],"product_tag":[],"class_list":{"0":"post-23428","1":"product","2":"type-product","3":"status-publish","4":"has-post-thumbnail","6":"product_cat-blumentoepfe-und-pflanzgefaesse","7":"product_cat-vasen-und-toepfe-im-modernen-design","9":"first","10":"instock","11":"taxable","12":"shipping-taxable","13":"purchasable","14":"product-type-simple"},"acf":[],"yoast_head":"<!-- This site is optimized with the Yoast SEO plugin v23.8 - https:\/\/yoast.com\/wordpress\/plugins\/seo\/ -->\n<title>Dekorative Vase schlank silbergrau Hochglanz 72cm - Eliassen<\/title>\n<meta name=\"description\" content=\"Auf der Suche nach einer Vase? Bestellen Sie jetzt die dekorative Vase slim 72cm. Auf unserer Website k\u00f6nnen Sie ganz einfach einen Blumentopf kaufen. \u2713 Gro\u00df...\" \/>\n<meta name=\"robots\" content=\"noindex, follow, max-snippet:-1, max-image-preview:large, max-video-preview:-1\" \/>\n<meta property=\"og:locale\" content=\"de_DE\" \/>\n<meta property=\"og:type\" content=\"article\" \/>\n<meta property=\"og:title\" content=\"Dekorative Vase schlank silbergrau Hochglanz 72cm - Eliassen\" \/>\n<meta property=\"og:description\" content=\"Auf der Suche nach einer Vase? Bestellen Sie jetzt die dekorative Vase slim 72cm. Auf unserer Website k\u00f6nnen Sie ganz einfach einen Blumentopf kaufen. \u2713 Gro\u00df...\" \/>\n<meta property=\"og:url\" content=\"https:\/\/dev.eliassen.nl\/de\/product\/dekorative-vase-schlank-silbergrau-hochglanz-72cm\/\" \/>\n<meta property=\"og:site_name\" content=\"Eliassen.nl\" \/>\n<meta property=\"article:publisher\" content=\"https:\/\/www.facebook.com\/TuincentrumEliassenAmmerzoden\" \/>\n<meta property=\"article:modified_time\" content=\"2024-12-05T14:38:00+00:00\" \/>\n<meta property=\"og:image\" content=\"https:\/\/dev.eliassen.nl\/wp-content\/uploads\/2024\/01\/eliassensiervaasslankzilvergrijshoogglans72cm.jpg\" \/>\n\t<meta property=\"og:image:width\" content=\"963\" \/>\n\t<meta property=\"og:image:height\" content=\"1261\" \/>\n\t<meta property=\"og:image:type\" content=\"image\/jpeg\" \/>\n<meta name=\"twitter:card\" content=\"summary_large_image\" \/>\n<script type=\"application\/ld+json\" class=\"yoast-schema-graph\">{\"@context\":\"https:\/\/schema.org\",\"@graph\":[{\"@type\":\"WebPage\",\"@id\":\"https:\/\/dev.eliassen.nl\/de\/product\/dekorative-vase-schlank-silbergrau-hochglanz-72cm\/\",\"url\":\"https:\/\/dev.eliassen.nl\/de\/product\/dekorative-vase-schlank-silbergrau-hochglanz-72cm\/\",\"name\":\"Dekorative Vase schlank silbergrau Hochglanz 72cm - Eliassen\",\"isPartOf\":{\"@id\":\"https:\/\/dev.eliassen.nl\/de\/#website\"},\"primaryImageOfPage\":{\"@id\":\"https:\/\/dev.eliassen.nl\/de\/product\/dekorative-vase-schlank-silbergrau-hochglanz-72cm\/#primaryimage\"},\"image\":{\"@id\":\"https:\/\/dev.eliassen.nl\/de\/product\/dekorative-vase-schlank-silbergrau-hochglanz-72cm\/#primaryimage\"},\"thumbnailUrl\":\"https:\/\/dev.eliassen.nl\/wp-content\/uploads\/2024\/01\/eliassensiervaasslankzilvergrijshoogglans72cm.jpg\",\"datePublished\":\"2020-04-08T13:49:39+00:00\",\"dateModified\":\"2024-12-05T14:38:00+00:00\",\"description\":\"Auf der Suche nach einer Vase? Bestellen Sie jetzt die dekorative Vase slim 72cm. Auf unserer Website k\u00f6nnen Sie ganz einfach einen Blumentopf kaufen. \u2713 Gro\u00df...\",\"breadcrumb\":{\"@id\":\"https:\/\/dev.eliassen.nl\/de\/product\/dekorative-vase-schlank-silbergrau-hochglanz-72cm\/#breadcrumb\"},\"inLanguage\":\"de\",\"potentialAction\":[{\"@type\":\"ReadAction\",\"target\":[\"https:\/\/dev.eliassen.nl\/de\/product\/dekorative-vase-schlank-silbergrau-hochglanz-72cm\/\"]}]},{\"@type\":\"ImageObject\",\"inLanguage\":\"de\",\"@id\":\"https:\/\/dev.eliassen.nl\/de\/product\/dekorative-vase-schlank-silbergrau-hochglanz-72cm\/#primaryimage\",\"url\":\"https:\/\/dev.eliassen.nl\/wp-content\/uploads\/2024\/01\/eliassensiervaasslankzilvergrijshoogglans72cm.jpg\",\"contentUrl\":\"https:\/\/dev.eliassen.nl\/wp-content\/uploads\/2024\/01\/eliassensiervaasslankzilvergrijshoogglans72cm.jpg\",\"width\":963,\"height\":1261,\"caption\":\"Eliassen Siervaas slank zilvergrijs hoogglans 72cm\"},{\"@type\":\"BreadcrumbList\",\"@id\":\"https:\/\/dev.eliassen.nl\/de\/product\/dekorative-vase-schlank-silbergrau-hochglanz-72cm\/#breadcrumb\",\"itemListElement\":[{\"@type\":\"ListItem\",\"position\":1,\"name\":\"Home\",\"item\":\"https:\/\/dev.eliassen.nl\/de\/\"},{\"@type\":\"ListItem\",\"position\":2,\"name\":\"Shop\",\"item\":\"https:\/\/dev.eliassen.nl\/nl\/winkel\/\"},{\"@type\":\"ListItem\",\"position\":3,\"name\":\"Blument\u00f6pfe und Pflanzgef\u00e4\u00dfe\",\"item\":\"https:\/\/dev.eliassen.nl\/de\/blumentoepfe-und-pflanzgefaesse\/\"},{\"@type\":\"ListItem\",\"position\":4,\"name\":\"Vasen und T\u00f6pfe im modernen Design\",\"item\":\"https:\/\/dev.eliassen.nl\/de\/blumentoepfe-und-pflanzgefaesse\/vasen-und-toepfe-im-modernen-design\/\"},{\"@type\":\"ListItem\",\"position\":5,\"name\":\"Dekorative Vase schlank silbergrau Hochglanz 72cm\"}]},{\"@type\":\"WebSite\",\"@id\":\"https:\/\/dev.eliassen.nl\/de\/#website\",\"url\":\"https:\/\/dev.eliassen.nl\/de\/\",\"name\":\"Eliassen Home & Garden Pleasure\",\"description\":\"\",\"publisher\":{\"@id\":\"https:\/\/dev.eliassen.nl\/de\/#organization\"},\"alternateName\":\"Eliassen.nl\",\"potentialAction\":[{\"@type\":\"SearchAction\",\"target\":{\"@type\":\"EntryPoint\",\"urlTemplate\":\"https:\/\/dev.eliassen.nl\/de\/?s={search_term_string}\"},\"query-input\":{\"@type\":\"PropertyValueSpecification\",\"valueRequired\":true,\"valueName\":\"search_term_string\"}}],\"inLanguage\":\"de\"},{\"@type\":\"Organization\",\"@id\":\"https:\/\/dev.eliassen.nl\/de\/#organization\",\"name\":\"Eliassen Home & Garden Pleasure\",\"url\":\"https:\/\/dev.eliassen.nl\/de\/\",\"logo\":{\"@type\":\"ImageObject\",\"inLanguage\":\"de\",\"@id\":\"https:\/\/dev.eliassen.nl\/de\/#\/schema\/logo\/image\/\",\"url\":\"https:\/\/www.eliassen.nl\/wp-content\/uploads\/2024\/01\/logo_4nd.jpg\",\"contentUrl\":\"https:\/\/www.eliassen.nl\/wp-content\/uploads\/2024\/01\/logo_4nd.jpg\",\"width\":500,\"height\":500,\"caption\":\"Eliassen Home & Garden Pleasure\"},\"image\":{\"@id\":\"https:\/\/dev.eliassen.nl\/de\/#\/schema\/logo\/image\/\"},\"sameAs\":[\"https:\/\/www.facebook.com\/TuincentrumEliassenAmmerzoden\",\"https:\/\/www.instagram.com\/eliassenhomeandgarden\/\",\"https:\/\/nl.pinterest.com\/eliassenhomeandgarden\/\",\"https:\/\/www.youtube.com\/@eliassenhomegardenpleasure4558\"]}]}<\/script>\n<!-- \/ Yoast SEO plugin. -->","yoast_head_json":{"title":"Dekorative Vase schlank silbergrau Hochglanz 72cm - Eliassen","description":"Auf der Suche nach einer Vase? Bestellen Sie jetzt die dekorative Vase slim 72cm. Auf unserer Website k\u00f6nnen Sie ganz einfach einen Blumentopf kaufen. \u2713 Gro\u00df...","robots":{"index":"noindex","follow":"follow","max-snippet":"max-snippet:-1","max-image-preview":"max-image-preview:large","max-video-preview":"max-video-preview:-1"},"og_locale":"de_DE","og_type":"article","og_title":"Dekorative Vase schlank silbergrau Hochglanz 72cm - Eliassen","og_description":"Auf der Suche nach einer Vase? Bestellen Sie jetzt die dekorative Vase slim 72cm. Auf unserer Website k\u00f6nnen Sie ganz einfach einen Blumentopf kaufen. \u2713 Gro\u00df...","og_url":"https:\/\/dev.eliassen.nl\/de\/product\/dekorative-vase-schlank-silbergrau-hochglanz-72cm\/","og_site_name":"Eliassen.nl","article_publisher":"https:\/\/www.facebook.com\/TuincentrumEliassenAmmerzoden","article_modified_time":"2024-12-05T14:38:00+00:00","og_image":[{"width":963,"height":1261,"url":"https:\/\/dev.eliassen.nl\/wp-content\/uploads\/2024\/01\/eliassensiervaasslankzilvergrijshoogglans72cm.jpg","type":"image\/jpeg"}],"twitter_card":"summary_large_image","schema":{"@context":"https:\/\/schema.org","@graph":[{"@type":"WebPage","@id":"https:\/\/dev.eliassen.nl\/de\/product\/dekorative-vase-schlank-silbergrau-hochglanz-72cm\/","url":"https:\/\/dev.eliassen.nl\/de\/product\/dekorative-vase-schlank-silbergrau-hochglanz-72cm\/","name":"Dekorative Vase schlank silbergrau Hochglanz 72cm - Eliassen","isPartOf":{"@id":"https:\/\/dev.eliassen.nl\/de\/#website"},"primaryImageOfPage":{"@id":"https:\/\/dev.eliassen.nl\/de\/product\/dekorative-vase-schlank-silbergrau-hochglanz-72cm\/#primaryimage"},"image":{"@id":"https:\/\/dev.eliassen.nl\/de\/product\/dekorative-vase-schlank-silbergrau-hochglanz-72cm\/#primaryimage"},"thumbnailUrl":"https:\/\/dev.eliassen.nl\/wp-content\/uploads\/2024\/01\/eliassensiervaasslankzilvergrijshoogglans72cm.jpg","datePublished":"2020-04-08T13:49:39+00:00","dateModified":"2024-12-05T14:38:00+00:00","description":"Auf der Suche nach einer Vase? Bestellen Sie jetzt die dekorative Vase slim 72cm. Auf unserer Website k\u00f6nnen Sie ganz einfach einen Blumentopf kaufen. \u2713 Gro\u00df...","breadcrumb":{"@id":"https:\/\/dev.eliassen.nl\/de\/product\/dekorative-vase-schlank-silbergrau-hochglanz-72cm\/#breadcrumb"},"inLanguage":"de","potentialAction":[{"@type":"ReadAction","target":["https:\/\/dev.eliassen.nl\/de\/product\/dekorative-vase-schlank-silbergrau-hochglanz-72cm\/"]}]},{"@type":"ImageObject","inLanguage":"de","@id":"https:\/\/dev.eliassen.nl\/de\/product\/dekorative-vase-schlank-silbergrau-hochglanz-72cm\/#primaryimage","url":"https:\/\/dev.eliassen.nl\/wp-content\/uploads\/2024\/01\/eliassensiervaasslankzilvergrijshoogglans72cm.jpg","contentUrl":"https:\/\/dev.eliassen.nl\/wp-content\/uploads\/2024\/01\/eliassensiervaasslankzilvergrijshoogglans72cm.jpg","width":963,"height":1261,"caption":"Eliassen Siervaas slank zilvergrijs hoogglans 72cm"},{"@type":"BreadcrumbList","@id":"https:\/\/dev.eliassen.nl\/de\/product\/dekorative-vase-schlank-silbergrau-hochglanz-72cm\/#breadcrumb","itemListElement":[{"@type":"ListItem","position":1,"name":"Home","item":"https:\/\/dev.eliassen.nl\/de\/"},{"@type":"ListItem","position":2,"name":"Shop","item":"https:\/\/dev.eliassen.nl\/nl\/winkel\/"},{"@type":"ListItem","position":3,"name":"Blument\u00f6pfe und Pflanzgef\u00e4\u00dfe","item":"https:\/\/dev.eliassen.nl\/de\/blumentoepfe-und-pflanzgefaesse\/"},{"@type":"ListItem","position":4,"name":"Vasen und T\u00f6pfe im modernen Design","item":"https:\/\/dev.eliassen.nl\/de\/blumentoepfe-und-pflanzgefaesse\/vasen-und-toepfe-im-modernen-design\/"},{"@type":"ListItem","position":5,"name":"Dekorative Vase schlank silbergrau Hochglanz 72cm"}]},{"@type":"WebSite","@id":"https:\/\/dev.eliassen.nl\/de\/#website","url":"https:\/\/dev.eliassen.nl\/de\/","name":"Eliassen Home & Garden Pleasure","description":"","publisher":{"@id":"https:\/\/dev.eliassen.nl\/de\/#organization"},"alternateName":"Eliassen.nl","potentialAction":[{"@type":"SearchAction","target":{"@type":"EntryPoint","urlTemplate":"https:\/\/dev.eliassen.nl\/de\/?s={search_term_string}"},"query-input":{"@type":"PropertyValueSpecification","valueRequired":true,"valueName":"search_term_string"}}],"inLanguage":"de"},{"@type":"Organization","@id":"https:\/\/dev.eliassen.nl\/de\/#organization","name":"Eliassen Home & Garden Pleasure","url":"https:\/\/dev.eliassen.nl\/de\/","logo":{"@type":"ImageObject","inLanguage":"de","@id":"https:\/\/dev.eliassen.nl\/de\/#\/schema\/logo\/image\/","url":"https:\/\/www.eliassen.nl\/wp-content\/uploads\/2024\/01\/logo_4nd.jpg","contentUrl":"https:\/\/www.eliassen.nl\/wp-content\/uploads\/2024\/01\/logo_4nd.jpg","width":500,"height":500,"caption":"Eliassen Home & Garden Pleasure"},"image":{"@id":"https:\/\/dev.eliassen.nl\/de\/#\/schema\/logo\/image\/"},"sameAs":["https:\/\/www.facebook.com\/TuincentrumEliassenAmmerzoden","https:\/\/www.instagram.com\/eliassenhomeandgarden\/","https:\/\/nl.pinterest.com\/eliassenhomeandgarden\/","https:\/\/www.youtube.com\/@eliassenhomegardenpleasure4558"]}]}},"df_price":39.95,"df_sale_price":"","df_regular_price":39.95,"df_image_link":"https:\/\/dev.eliassen.nl\/wp-content\/uploads\/2024\/01\/eliassensiervaasslankzilvergrijshoogglans72cm.jpg","image":"https:\/\/dev.eliassen.nl\/wp-content\/uploads\/2024\/01\/eliassensiervaasslankzilvergrijshoogglans72cm.jpg","price_search":"<span class=\"woocommerce-Price-amount amount\"><bdi><span class=\"woocommerce-Price-currencySymbol\">&euro;<\/span>&nbsp;39,95<\/bdi><\/span>","category":"Blument\u00f6pfe und Pflanzgef\u00e4\u00dfe","_links":{"self":[{"href":"https:\/\/dev.eliassen.nl\/de\/wp-json\/wp\/v2\/product\/23428","targetHints":{"allow":["GET"]}}],"collection":[{"href":"https:\/\/dev.eliassen.nl\/de\/wp-json\/wp\/v2\/product"}],"about":[{"href":"https:\/\/dev.eliassen.nl\/de\/wp-json\/wp\/v2\/types\/product"}],"wp:featuredmedia":[{"embeddable":true,"href":"https:\/\/dev.eliassen.nl\/de\/wp-json\/wp\/v2\/media\/23425"}],"wp:attachment":[{"href":"https:\/\/dev.eliassen.nl\/de\/wp-json\/wp\/v2\/media?parent=23428"}],"wp:term":[{"taxonomy":"product_brand","embeddable":true,"href":"https:\/\/dev.eliassen.nl\/de\/wp-json\/wp\/v2\/product_brand?post=23428"},{"taxonomy":"product_cat","embeddable":true,"href":"https:\/\/dev.eliassen.nl\/de\/wp-json\/wp\/v2\/product_cat?post=23428"},{"taxonomy":"product_tag","embeddable":true,"href":"https:\/\/dev.eliassen.nl\/de\/wp-json\/wp\/v2\/product_tag?post=23428"}],"curies":[{"name":"wp","href":"https:\/\/api.w.org\/{rel}","templated":true}]}}